{"id":4850,"date":"2025-07-18T15:05:56","date_gmt":"2025-07-18T07:05:56","guid":{"rendered":"https:\/\/bdstarpnt.com\/?post_type=product&#038;p=4850"},"modified":"2026-03-18T14:30:10","modified_gmt":"2026-03-18T06:30:10","slug":"plod260oscillateur-a-cristal-a-verrouillage-de-phase-numerique-controle-par-la-temperature","status":"publish","type":"product","link":"https:\/\/bdpnt.com\/fr\/produit\/plod260oscillateur-a-cristal-a-verrouillage-de-phase-numerique-controle-par-la-temperature\/","title":{"rendered":"PLOD260 Oscillateur thermostatique num\u00e9rique \u00e0 verrouillage de phase"},"content":{"rendered":"<p>PLOD260 \u662f\u4e00\u6b3e\u9ad8\u6027\u80fd\u9501\u76f8\u6676\u4f53\u632f\u8361\u5668\uff0c\u5177\u67093 \u8def10MHz \u4fe1\u53f7\u548c1 \u8def5MHz \u4fe1\u53f7\u8f93\u51fa\uff0c\u5317\u6597\u90a6\u6cf0\u6807\u51c6\u5916\u5f62\u8bbe\u8ba1\uff0c\u5185\u90e8\u96c6\u6210\u4e86\u9ad8\u6027\u80fd\u7684\u6052\u6e29\u6676\u4f53\u632f\u8361\u5668\u548c\u5168\u6570\u5b57\u9501\u76f8\u73af\uff0c\u63a5\u53d710MHz \u8f93\u5165\u4fe1\u53f7\uff0c\u53ef\u5b9a\u52361 \u8def\u4f4e\u76f8\u566a5MHz \u5206\u9891\u8f93\u51fa\uff0c\u5e26\u5bbd\u53ef\u901a\u8fc7RS-232 \u8bbe\u7f6e\u4e3a4MHz~512MHz\uff0c\u53ef\u7528\u6765\u4f18\u5316\u94f7\u949f\u548c\u94ef\u949f\u7684\u76f8\u4f4d\u566a\u58f0\u3001\u77ed\u7a33\u3002<\/p>","protected":false},"excerpt":{"rendered":"<p>Le PLOD260 est un oscillateur \u00e0 cristal \u00e0 verrouillage de phase de haute performance avec trois sorties 10MHz et une sortie 5MHz personnalisable \u00e0 faible bruit de phase dans le format standard Beidou Bontec. Il int\u00e8gre un cristal thermostat\u00e9 haute performance et une boucle \u00e0 verrouillage de phase enti\u00e8rement num\u00e9rique, supporte des entr\u00e9es de 10MHz et une bande passante de 4MHz~512MHz via un r\u00e9glage RS-232, ce qui convient pour optimiser le bruit de phase et la stabilit\u00e9 \u00e0 court terme des horloges au rubidium et au c\u00e9sium.<\/p>","protected":false},"featured_media":4851,"template":"","meta":{"_acf_changed":false,"site-sidebar-layout":"default","site-content-layout":"","ast-site-content-layout":"default","site-content-style":"default","site-sidebar-style":"default","ast-global-header-display":"","ast-banner-title-visibility":"","ast-main-header-display":"","ast-hfb-above-header-display":"","ast-hfb-below-header-display":"","ast-hfb-mobile-header-display":"","site-post-title":"","ast-breadcrumbs-content":"","ast-featured-img":"","footer-sml-layout":"","theme-transparent-header-meta":"default","adv-header-id-meta":"","stick-header-meta":"default","header-above-stick-meta":"","header-main-stick-meta":"","header-below-stick-meta":"","astra-migrate-meta-layouts":"set","ast-page-background-enabled":"default","ast-page-background-meta":{"desktop":{"background-color":"var(--ast-global-color-4)","background-image":"","background-repeat":"repeat","background-position":"center center","background-size":"auto","background-attachment":"scroll","background-type":"","background-media":"","overlay-type":"","overlay-color":"","overlay-opacity":"","overlay-gradient":""},"tablet":{"background-color":"","background-image":"","background-repeat":"repeat","background-position":"center center","background-size":"auto","background-attachment":"scroll","background-type":"","background-media":"","overlay-type":"","overlay-color":"","overlay-opacity":"","overlay-gradient":""},"mobile":{"background-color":"","background-image":"","background-repeat":"repeat","background-position":"center center","background-size":"auto","background-attachment":"scroll","background-type":"","background-media":"","overlay-type":"","overlay-color":"","overlay-opacity":"","overlay-gradient":""}},"ast-content-background-meta":{"desktop":{"background-color":"var(--ast-global-color-5)","background-image":"","background-repeat":"repeat","background-position":"center center","background-size":"auto","background-attachment":"scroll","background-type":"","background-media":"","overlay-type":"","overlay-color":"","overlay-opacity":"","overlay-gradient":""},"tablet":{"background-color":"var(--ast-global-color-5)","background-image":"","background-repeat":"repeat","background-position":"center center","background-size":"auto","background-attachment":"scroll","background-type":"","background-media":"","overlay-type":"","overlay-color":"","overlay-opacity":"","overlay-gradient":""},"mobile":{"background-color":"var(--ast-global-color-5)","background-image":"","background-repeat":"repeat","background-position":"center center","background-size":"auto","background-attachment":"scroll","background-type":"","background-media":"","overlay-type":"","overlay-color":"","overlay-opacity":"","overlay-gradient":""}}},"product_brand":[],"product_cat":[48],"product_tag":[],"class_list":{"0":"post-4850","1":"product","2":"type-product","3":"status-publish","4":"has-post-thumbnail","6":"product_cat-48","7":"pa_-197","8":"pa_--237","9":"pa_--0-c--70-c","10":"pa_--40c--105c","11":"pa_-military-aviation","12":"pa_-metrology-and-testing","13":"pa_---160dbc-hz1khz","14":"pa_-225","15":"pa_-10mhz-sine-wave-square-wave-output","16":"pa_-5-mhz","17":"pa_-dc-12v","18":"pa_-dc-15v","19":"desktop-align-left","20":"tablet-align-left","21":"mobile-align-left","22":"ast-product-gallery-layout-first-image-large","23":"ast-product-gallery-with-no-image","24":"ast-product-tabs-layout-horizontal","26":"first","27":"instock","28":"shipping-taxable","29":"product-type-simple"},"acf":[],"yoast_head":"<!-- This site is optimized with the Yoast SEO plugin v26.0 - https:\/\/yoast.com\/wordpress\/plugins\/seo\/ -->\n<title>PLOD260\u6570\u5b57\u9501\u76f8\u6052\u6e29\u632f\u8361\u5668 - \u5317\u6597\u90a6\u6cf0\u5b98\u7f51<\/title>\n<meta name=\"robots\" content=\"index, follow, max-snippet:-1, max-image-preview:large, max-video-preview:-1\" \/>\n<link rel=\"canonical\" href=\"https:\/\/bdpnt.com\/fr\/produit\/plod260oscillateur-a-cristal-a-verrouillage-de-phase-numerique-controle-par-la-temperature\/\" \/>\n<meta property=\"og:locale\" content=\"fr_FR\" \/>\n<meta property=\"og:type\" content=\"article\" \/>\n<meta property=\"og:title\" content=\"PLOD260\u6570\u5b57\u9501\u76f8\u6052\u6e29\u632f\u8361\u5668 - \u5317\u6597\u90a6\u6cf0\u5b98\u7f51\" \/>\n<meta property=\"og:description\" content=\"PLOD260 \u662f\u4e00\u6b3e\u9ad8\u6027\u80fd\u9501\u76f8\u6676\u4f53\u632f\u8361\u5668\uff0c\u5177\u59073\u8def10MHz\u548c1\u8def\u53ef\u5b9a\u5236\u4f4e\u76f8\u566a5MHz\u8f93\u51fa\uff0c\u91c7\u7528\u5317\u6597\u90a6\u6cf0\u6807\u51c6\u5916\u5f62\u3002\u5185\u90e8\u96c6\u6210\u9ad8\u6027\u80fd\u6052\u6e29\u6676\u632f\u4e0e\u5168\u6570\u5b57\u9501\u76f8\u73af\uff0c\u652f\u630110MHz\u8f93\u5165\uff0c\u5e76\u901a\u8fc7RS-232\u8bbe\u7f6e\u5e26\u5bbd\u8303\u56f44MHz~512MHz\uff0c\u9002\u7528\u4e8e\u4f18\u5316\u94f7\u949f\u548c\u94ef\u949f\u7684\u76f8\u4f4d\u566a\u58f0\u4e0e\u77ed\u671f\u7a33\u5b9a\u5ea6\u3002\" \/>\n<meta property=\"og:url\" content=\"https:\/\/bdpnt.com\/fr\/produit\/plod260oscillateur-a-cristal-a-verrouillage-de-phase-numerique-controle-par-la-temperature\/\" \/>\n<meta property=\"og:site_name\" content=\"\u5317\u6597\u90a6\u6cf0\u5b98\u7f51\" \/>\n<meta property=\"article:modified_time\" content=\"2026-03-18T06:30:10+00:00\" \/>\n<meta property=\"og:image\" content=\"https:\/\/bdpnt.com\/wp-content\/uploads\/2025\/07\/\u84dd\u8272\u4ea7\u54c1\u80cc\u666f\u6a21\u7248-5.png\" \/>\n\t<meta property=\"og:image:width\" content=\"960\" \/>\n\t<meta property=\"og:image:height\" content=\"480\" \/>\n\t<meta property=\"og:image:type\" content=\"image\/png\" \/>\n<meta name=\"twitter:card\" content=\"summary_large_image\" \/>\n<meta name=\"twitter:label1\" content=\"Dur\u00e9e de lecture estim\u00e9e\" \/>\n\t<meta name=\"twitter:data1\" content=\"1 minute\" \/>\n<script type=\"application\/ld+json\" class=\"yoast-schema-graph\">{\"@context\":\"https:\/\/schema.org\",\"@graph\":[{\"@type\":\"WebPage\",\"@id\":\"https:\/\/bdpnt.com\/product\/plod260digitally-phase-locked-temperature-controlled-crystal-oscillator\/\",\"url\":\"https:\/\/bdpnt.com\/product\/plod260digitally-phase-locked-temperature-controlled-crystal-oscillator\/\",\"name\":\"PLOD260\u6570\u5b57\u9501\u76f8\u6052\u6e29\u632f\u8361\u5668 - \u5317\u6597\u90a6\u6cf0\u5b98\u7f51\",\"isPartOf\":{\"@id\":\"https:\/\/www.bdpnt.com\/#website\"},\"primaryImageOfPage\":{\"@id\":\"https:\/\/bdpnt.com\/product\/plod260digitally-phase-locked-temperature-controlled-crystal-oscillator\/#primaryimage\"},\"image\":{\"@id\":\"https:\/\/bdpnt.com\/product\/plod260digitally-phase-locked-temperature-controlled-crystal-oscillator\/#primaryimage\"},\"thumbnailUrl\":\"https:\/\/bdpnt.com\/wp-content\/uploads\/2025\/07\/\u84dd\u8272\u4ea7\u54c1\u80cc\u666f\u6a21\u7248-5.png\",\"datePublished\":\"2025-07-18T07:05:56+00:00\",\"dateModified\":\"2026-03-18T06:30:10+00:00\",\"breadcrumb\":{\"@id\":\"https:\/\/bdpnt.com\/product\/plod260digitally-phase-locked-temperature-controlled-crystal-oscillator\/#breadcrumb\"},\"inLanguage\":\"fr-FR\",\"potentialAction\":[{\"@type\":\"ReadAction\",\"target\":[\"https:\/\/bdpnt.com\/product\/plod260digitally-phase-locked-temperature-controlled-crystal-oscillator\/\"]}]},{\"@type\":\"ImageObject\",\"inLanguage\":\"fr-FR\",\"@id\":\"https:\/\/bdpnt.com\/product\/plod260digitally-phase-locked-temperature-controlled-crystal-oscillator\/#primaryimage\",\"url\":\"https:\/\/bdpnt.com\/wp-content\/uploads\/2025\/07\/\u84dd\u8272\u4ea7\u54c1\u80cc\u666f\u6a21\u7248-5.png\",\"contentUrl\":\"https:\/\/bdpnt.com\/wp-content\/uploads\/2025\/07\/\u84dd\u8272\u4ea7\u54c1\u80cc\u666f\u6a21\u7248-5.png\",\"width\":960,\"height\":480},{\"@type\":\"BreadcrumbList\",\"@id\":\"https:\/\/bdpnt.com\/product\/plod260digitally-phase-locked-temperature-controlled-crystal-oscillator\/#breadcrumb\",\"itemListElement\":[{\"@type\":\"ListItem\",\"position\":1,\"name\":\"\u9996\u9875\",\"item\":\"https:\/\/www.bdpnt.com\/\"},{\"@type\":\"ListItem\",\"position\":2,\"name\":\"Shop\",\"item\":\"https:\/\/www.bdpnt.com\/shop\/\"},{\"@type\":\"ListItem\",\"position\":3,\"name\":\"\u4ea7\u54c1\",\"item\":\"https:\/\/www.bdpnt.com\/product-category\/products\/\"},{\"@type\":\"ListItem\",\"position\":4,\"name\":\"\u65f6\u95f4\u4e0e\u9891\u7387\u57fa\u51c6\u8bbe\u5907\",\"item\":\"https:\/\/www.bdpnt.com\/product-category\/products\/time-trequency-primary-standard\/\"},{\"@type\":\"ListItem\",\"position\":5,\"name\":\"\u8d85\u9ad8\u7a33\u6676\u632f\",\"item\":\"https:\/\/bdpnt.com\/fr\/categorie-produit\/produits\/temps-frequence-norme-primaire\/cristaux-a-tres-haute-stabilite\/\"},{\"@type\":\"ListItem\",\"position\":6,\"name\":\"PLOD260\u6570\u5b57\u9501\u76f8\u6052\u6e29\u632f\u8361\u5668\"}]},{\"@type\":\"WebSite\",\"@id\":\"https:\/\/www.bdpnt.com\/#website\",\"url\":\"https:\/\/www.bdpnt.com\/\",\"name\":\"\u5317\u6597\u90a6\u6cf0\u5b98\u7f51\",\"description\":\"bdstar time website\",\"publisher\":{\"@id\":\"https:\/\/www.bdpnt.com\/#organization\"},\"alternateName\":\"BDSTAR TIME\",\"potentialAction\":[{\"@type\":\"SearchAction\",\"target\":{\"@type\":\"EntryPoint\",\"urlTemplate\":\"https:\/\/www.bdpnt.com\/?s={search_term_string}\"},\"query-input\":{\"@type\":\"PropertyValueSpecification\",\"valueRequired\":true,\"valueName\":\"search_term_string\"}}],\"inLanguage\":\"fr-FR\"},{\"@type\":\"Organization\",\"@id\":\"https:\/\/www.bdpnt.com\/#organization\",\"name\":\"\u5317\u6597\u90a6\u6cf0\u5b98\u7f51\",\"alternateName\":\"BDSTAR TIME\",\"url\":\"https:\/\/www.bdpnt.com\/\",\"logo\":{\"@type\":\"ImageObject\",\"inLanguage\":\"fr-FR\",\"@id\":\"https:\/\/www.bdpnt.com\/#\/schema\/logo\/image\/\",\"url\":\"https:\/\/bdpnt.com\/wp-content\/uploads\/2025\/04\/\u5317\u6597\u90a6\u6cf0\u6700\u7ec8logo-\u6700\u7ec8\u7248\u5f69\u8272.png\",\"contentUrl\":\"https:\/\/bdpnt.com\/wp-content\/uploads\/2025\/04\/\u5317\u6597\u90a6\u6cf0\u6700\u7ec8logo-\u6700\u7ec8\u7248\u5f69\u8272.png\",\"width\":234,\"height\":76,\"caption\":\"\u5317\u6597\u90a6\u6cf0\u5b98\u7f51\"},\"image\":{\"@id\":\"https:\/\/www.bdpnt.com\/#\/schema\/logo\/image\/\"}}]}<\/script>\n<!-- \/ Yoast SEO plugin. -->","yoast_head_json":{"title":"PLOD260 Oscillateur thermostatique num\u00e9rique \u00e0 verrouillage de phase - Beidou Bangtai Official Website","robots":{"index":"index","follow":"follow","max-snippet":"max-snippet:-1","max-image-preview":"max-image-preview:large","max-video-preview":"max-video-preview:-1"},"canonical":"https:\/\/bdpnt.com\/fr\/produit\/plod260oscillateur-a-cristal-a-verrouillage-de-phase-numerique-controle-par-la-temperature\/","og_locale":"fr_FR","og_type":"article","og_title":"PLOD260\u6570\u5b57\u9501\u76f8\u6052\u6e29\u632f\u8361\u5668 - \u5317\u6597\u90a6\u6cf0\u5b98\u7f51","og_description":"PLOD260 \u662f\u4e00\u6b3e\u9ad8\u6027\u80fd\u9501\u76f8\u6676\u4f53\u632f\u8361\u5668\uff0c\u5177\u59073\u8def10MHz\u548c1\u8def\u53ef\u5b9a\u5236\u4f4e\u76f8\u566a5MHz\u8f93\u51fa\uff0c\u91c7\u7528\u5317\u6597\u90a6\u6cf0\u6807\u51c6\u5916\u5f62\u3002\u5185\u90e8\u96c6\u6210\u9ad8\u6027\u80fd\u6052\u6e29\u6676\u632f\u4e0e\u5168\u6570\u5b57\u9501\u76f8\u73af\uff0c\u652f\u630110MHz\u8f93\u5165\uff0c\u5e76\u901a\u8fc7RS-232\u8bbe\u7f6e\u5e26\u5bbd\u8303\u56f44MHz~512MHz\uff0c\u9002\u7528\u4e8e\u4f18\u5316\u94f7\u949f\u548c\u94ef\u949f\u7684\u76f8\u4f4d\u566a\u58f0\u4e0e\u77ed\u671f\u7a33\u5b9a\u5ea6\u3002","og_url":"https:\/\/bdpnt.com\/fr\/produit\/plod260oscillateur-a-cristal-a-verrouillage-de-phase-numerique-controle-par-la-temperature\/","og_site_name":"\u5317\u6597\u90a6\u6cf0\u5b98\u7f51","article_modified_time":"2026-03-18T06:30:10+00:00","og_image":[{"width":960,"height":480,"url":"https:\/\/bdpnt.com\/wp-content\/uploads\/2025\/07\/\u84dd\u8272\u4ea7\u54c1\u80cc\u666f\u6a21\u7248-5.png","type":"image\/png"}],"twitter_card":"summary_large_image","twitter_misc":{"Dur\u00e9e de lecture estim\u00e9e":"1 minute"},"schema":{"@context":"https:\/\/schema.org","@graph":[{"@type":"WebPage","@id":"https:\/\/bdpnt.com\/product\/plod260digitally-phase-locked-temperature-controlled-crystal-oscillator\/","url":"https:\/\/bdpnt.com\/product\/plod260digitally-phase-locked-temperature-controlled-crystal-oscillator\/","name":"PLOD260 Oscillateur thermostatique num\u00e9rique \u00e0 verrouillage de phase - Beidou Bangtai Official Website","isPartOf":{"@id":"https:\/\/www.bdpnt.com\/#website"},"primaryImageOfPage":{"@id":"https:\/\/bdpnt.com\/product\/plod260digitally-phase-locked-temperature-controlled-crystal-oscillator\/#primaryimage"},"image":{"@id":"https:\/\/bdpnt.com\/product\/plod260digitally-phase-locked-temperature-controlled-crystal-oscillator\/#primaryimage"},"thumbnailUrl":"https:\/\/bdpnt.com\/wp-content\/uploads\/2025\/07\/\u84dd\u8272\u4ea7\u54c1\u80cc\u666f\u6a21\u7248-5.png","datePublished":"2025-07-18T07:05:56+00:00","dateModified":"2026-03-18T06:30:10+00:00","breadcrumb":{"@id":"https:\/\/bdpnt.com\/product\/plod260digitally-phase-locked-temperature-controlled-crystal-oscillator\/#breadcrumb"},"inLanguage":"fr-FR","potentialAction":[{"@type":"ReadAction","target":["https:\/\/bdpnt.com\/product\/plod260digitally-phase-locked-temperature-controlled-crystal-oscillator\/"]}]},{"@type":"ImageObject","inLanguage":"fr-FR","@id":"https:\/\/bdpnt.com\/product\/plod260digitally-phase-locked-temperature-controlled-crystal-oscillator\/#primaryimage","url":"https:\/\/bdpnt.com\/wp-content\/uploads\/2025\/07\/\u84dd\u8272\u4ea7\u54c1\u80cc\u666f\u6a21\u7248-5.png","contentUrl":"https:\/\/bdpnt.com\/wp-content\/uploads\/2025\/07\/\u84dd\u8272\u4ea7\u54c1\u80cc\u666f\u6a21\u7248-5.png","width":960,"height":480},{"@type":"BreadcrumbList","@id":"https:\/\/bdpnt.com\/product\/plod260digitally-phase-locked-temperature-controlled-crystal-oscillator\/#breadcrumb","itemListElement":[{"@type":"ListItem","position":1,"name":"\u9996\u9875","item":"https:\/\/www.bdpnt.com\/"},{"@type":"ListItem","position":2,"name":"Shop","item":"https:\/\/www.bdpnt.com\/shop\/"},{"@type":"ListItem","position":3,"name":"\u4ea7\u54c1","item":"https:\/\/www.bdpnt.com\/product-category\/products\/"},{"@type":"ListItem","position":4,"name":"\u65f6\u95f4\u4e0e\u9891\u7387\u57fa\u51c6\u8bbe\u5907","item":"https:\/\/www.bdpnt.com\/product-category\/products\/time-trequency-primary-standard\/"},{"@type":"ListItem","position":5,"name":"\u8d85\u9ad8\u7a33\u6676\u632f","item":"https:\/\/bdpnt.com\/fr\/categorie-produit\/produits\/temps-frequence-norme-primaire\/cristaux-a-tres-haute-stabilite\/"},{"@type":"ListItem","position":6,"name":"PLOD260\u6570\u5b57\u9501\u76f8\u6052\u6e29\u632f\u8361\u5668"}]},{"@type":"WebSite","@id":"https:\/\/www.bdpnt.com\/#website","url":"https:\/\/www.bdpnt.com\/","name":"Site officiel de Beidoubangtai","description":"bdstar time website","publisher":{"@id":"https:\/\/www.bdpnt.com\/#organization"},"alternateName":"BDSTAR TIME","potentialAction":[{"@type":"SearchAction","target":{"@type":"EntryPoint","urlTemplate":"https:\/\/www.bdpnt.com\/?s={search_term_string}"},"query-input":{"@type":"PropertyValueSpecification","valueRequired":true,"valueName":"search_term_string"}}],"inLanguage":"fr-FR"},{"@type":"Organization","@id":"https:\/\/www.bdpnt.com\/#organization","name":"Site officiel de Beidoubangtai","alternateName":"BDSTAR TIME","url":"https:\/\/www.bdpnt.com\/","logo":{"@type":"ImageObject","inLanguage":"fr-FR","@id":"https:\/\/www.bdpnt.com\/#\/schema\/logo\/image\/","url":"https:\/\/bdpnt.com\/wp-content\/uploads\/2025\/04\/\u5317\u6597\u90a6\u6cf0\u6700\u7ec8logo-\u6700\u7ec8\u7248\u5f69\u8272.png","contentUrl":"https:\/\/bdpnt.com\/wp-content\/uploads\/2025\/04\/\u5317\u6597\u90a6\u6cf0\u6700\u7ec8logo-\u6700\u7ec8\u7248\u5f69\u8272.png","width":234,"height":76,"caption":"\u5317\u6597\u90a6\u6cf0\u5b98\u7f51"},"image":{"@id":"https:\/\/www.bdpnt.com\/#\/schema\/logo\/image\/"}}]}},"_links":{"self":[{"href":"https:\/\/bdpnt.com\/fr\/wp-json\/wp\/v2\/product\/4850","targetHints":{"allow":["GET"]}}],"collection":[{"href":"https:\/\/bdpnt.com\/fr\/wp-json\/wp\/v2\/product"}],"about":[{"href":"https:\/\/bdpnt.com\/fr\/wp-json\/wp\/v2\/types\/product"}],"version-history":[{"count":4,"href":"https:\/\/bdpnt.com\/fr\/wp-json\/wp\/v2\/product\/4850\/revisions"}],"predecessor-version":[{"id":17866,"href":"https:\/\/bdpnt.com\/fr\/wp-json\/wp\/v2\/product\/4850\/revisions\/17866"}],"wp:featuredmedia":[{"embeddable":true,"href":"https:\/\/bdpnt.com\/fr\/wp-json\/wp\/v2\/media\/4851"}],"wp:attachment":[{"href":"https:\/\/bdpnt.com\/fr\/wp-json\/wp\/v2\/media?parent=4850"}],"wp:term":[{"taxonomy":"product_brand","embeddable":true,"href":"https:\/\/bdpnt.com\/fr\/wp-json\/wp\/v2\/product_brand?post=4850"},{"taxonomy":"product_cat","embeddable":true,"href":"https:\/\/bdpnt.com\/fr\/wp-json\/wp\/v2\/product_cat?post=4850"},{"taxonomy":"product_tag","embeddable":true,"href":"https:\/\/bdpnt.com\/fr\/wp-json\/wp\/v2\/product_tag?post=4850"}],"curies":[{"name":"wp","href":"https:\/\/api.w.org\/{rel}","templated":true}]}}