{"id":4677,"date":"2025-07-17T11:12:43","date_gmt":"2025-07-17T03:12:43","guid":{"rendered":"https:\/\/bdstarpnt.com\/?post_type=product&#038;p=4677"},"modified":"2026-03-18T14:31:35","modified_gmt":"2026-03-18T06:31:35","slug":"amplificateur-disolation-rf-t400-lfm-2","status":"publish","type":"product","link":"https:\/\/bdpnt.com\/fr\/produit\/amplificateur-disolation-rf-t400-lfm-2\/","title":{"rendered":"T400-LFM Amplificateur d'isolation RF"},"content":{"rendered":"<p>L'amplificateur d'isolation RF T400-LFM est un amplificateur d'isolation haute performance de faible puissance \u00e0 un point cinq, isolation jusqu'\u00e0 100dB, bruit de phase suppl\u00e9mentaire et stabilit\u00e9 de fr\u00e9quence pour les performances de l'horloge \u00e0 hydrog\u00e8ne et \u00e0 c\u00e9sium, avec le bo\u00eetier standard Beidou Bontec et l'interface standard, peut \u00eatre une vari\u00e9t\u00e9 de formes de montage, y compris le montage superpos\u00e9, facile \u00e0 int\u00e9grer. Domaines d'application : radar, communication, mesure et \u00e9talonnage, astronomie, contre-mesures \u00e9lectroniques et mesures et contr\u00f4les a\u00e9rospatiaux.<\/p>","protected":false},"excerpt":{"rendered":"<p>L'amplificateur d'isolation RF T400-LFM est un dispositif \u00e0 faible consommation d'\u00e9nergie et \u00e0 haute performance, avec un degr\u00e9 d'isolation allant jusqu'\u00e0 100 dB, un excellent bruit de phase suppl\u00e9mentaire et une bonne stabilit\u00e9 de fr\u00e9quence, afin de r\u00e9pondre aux exigences de performance strictes des horloges \u00e0 hydrog\u00e8ne et \u00e0 c\u00e9sium. Le produit adopte le bo\u00eetier et l'interface standard de Beidou Bontec, et prend en charge diverses m\u00e9thodes d'installation telles que l'installation par empilement, ce qui est pratique pour l'int\u00e9gration du syst\u00e8me. Il est largement utilis\u00e9 dans les domaines du radar, de la communication, de la m\u00e9trologie et de l'\u00e9talonnage, de l'astronomie, des contre-mesures \u00e9lectroniques et de la mesure et du contr\u00f4le a\u00e9rospatiaux.<\/p>","protected":false},"featured_media":4678,"template":"","meta":{"_acf_changed":false,"site-sidebar-layout":"default","site-content-layout":"","ast-site-content-layout":"default","site-content-style":"default","site-sidebar-style":"default","ast-global-header-display":"","ast-banner-title-visibility":"","ast-main-header-display":"","ast-hfb-above-header-display":"","ast-hfb-below-header-display":"","ast-hfb-mobile-header-display":"","site-post-title":"","ast-breadcrumbs-content":"","ast-featured-img":"","footer-sml-layout":"","theme-transparent-header-meta":"default","adv-header-id-meta":"","stick-header-meta":"default","header-above-stick-meta":"","header-main-stick-meta":"","header-below-stick-meta":"","astra-migrate-meta-layouts":"set","ast-page-background-enabled":"default","ast-page-background-meta":{"desktop":{"background-color":"var(--ast-global-color-4)","background-image":"","background-repeat":"repeat","background-position":"center center","background-size":"auto","background-attachment":"scroll","background-type":"","background-media":"","overlay-type":"","overlay-color":"","overlay-opacity":"","overlay-gradient":""},"tablet":{"background-color":"","background-image":"","background-repeat":"repeat","background-position":"center center","background-size":"auto","background-attachment":"scroll","background-type":"","background-media":"","overlay-type":"","overlay-color":"","overlay-opacity":"","overlay-gradient":""},"mobile":{"background-color":"","background-image":"","background-repeat":"repeat","background-position":"center center","background-size":"auto","background-attachment":"scroll","background-type":"","background-media":"","overlay-type":"","overlay-color":"","overlay-opacity":"","overlay-gradient":""}},"ast-content-background-meta":{"desktop":{"background-color":"var(--ast-global-color-5)","background-image":"","background-repeat":"repeat","background-position":"center center","background-size":"auto","background-attachment":"scroll","background-type":"","background-media":"","overlay-type":"","overlay-color":"","overlay-opacity":"","overlay-gradient":""},"tablet":{"background-color":"var(--ast-global-color-5)","background-image":"","background-repeat":"repeat","background-position":"center center","background-size":"auto","background-attachment":"scroll","background-type":"","background-media":"","overlay-type":"","overlay-color":"","overlay-opacity":"","overlay-gradient":""},"mobile":{"background-color":"var(--ast-global-color-5)","background-image":"","background-repeat":"repeat","background-position":"center center","background-size":"auto","background-attachment":"scroll","background-type":"","background-media":"","overlay-type":"","overlay-color":"","overlay-opacity":"","overlay-gradient":""}}},"product_brand":[],"product_cat":[51],"product_tag":[],"class_list":{"0":"post-4677","1":"product","2":"type-product","3":"status-publish","4":"has-post-thumbnail","6":"product_cat-51","7":"pa_-197","8":"pa_--237","9":"pa_--0-c--70-c","10":"pa_--40c--85c","11":"pa_-military-aviation","12":"pa_-metrology-and-testing","13":"pa_-communications-infrastructure","14":"pa_---165dbc-hz1khz","15":"pa_-224","16":"pa_-10mhz-sine-wave-square-wave-output","17":"pa_-dc-12v","18":"pa_-dc-15v","19":"desktop-align-left","20":"tablet-align-left","21":"mobile-align-left","22":"ast-product-gallery-layout-first-image-large","23":"ast-product-gallery-with-no-image","24":"ast-product-tabs-layout-horizontal","26":"first","27":"instock","28":"shipping-taxable","29":"product-type-simple"},"acf":[],"yoast_head":"<!-- This site is optimized with the Yoast SEO plugin v26.0 - https:\/\/yoast.com\/wordpress\/plugins\/seo\/ -->\n<title>T400-LFM \u5c04\u9891\u9694\u79bb\u653e\u5927\u5668 - \u5317\u6597\u90a6\u6cf0\u5b98\u7f51<\/title>\n<meta name=\"robots\" content=\"index, follow, max-snippet:-1, max-image-preview:large, max-video-preview:-1\" \/>\n<link rel=\"canonical\" href=\"https:\/\/www.bdpnt.com\/ja\/product\/t400-rf\u30a2\u30a4\u30bd\u30ec\u30fc\u30b7\u30e7\u30f3\u30fb\u30a2\u30f3\u30d7\/\" \/>\n<meta property=\"og:locale\" content=\"fr_FR\" \/>\n<meta property=\"og:type\" content=\"article\" \/>\n<meta property=\"og:title\" content=\"T400-LFM \u5c04\u9891\u9694\u79bb\u653e\u5927\u5668 - \u5317\u6597\u90a6\u6cf0\u5b98\u7f51\" \/>\n<meta property=\"og:description\" content=\"T400-LFM\u5c04\u9891\u9694\u79bb\u653e\u5927\u5668\u662f\u4e00\u6b3e\u4e00\u5206\u4e94\u4f4e\u529f\u8017\u3001\u9ad8\u6027\u80fd\u8bbe\u5907\uff0c\u9694\u79bb\u5ea6\u9ad8\u8fbe100dB\uff0c\u5177\u5907\u4f18\u5f02\u7684\u9644\u52a0\u76f8\u566a\u548c\u9891\u7387\u7a33\u5b9a\u6027\uff0c\u6ee1\u8db3\u6c22\u949f\u548c\u94ef\u949f\u7684\u4e25\u82db\u6027\u80fd\u8981\u6c42\u3002\u4ea7\u54c1\u91c7\u7528\u5317\u6597\u90a6\u6cf0\u6807\u51c6\u5c01\u88c5\u548c\u63a5\u53e3\uff0c\u652f\u6301\u591a\u79cd\u5b89\u88c5\u65b9\u5f0f\u5982\u5806\u53e0\u5b89\u88c5\uff0c\u4fbf\u4e8e\u7cfb\u7edf\u96c6\u6210\uff0c\u5e7f\u6cdb\u5e94\u7528\u4e8e\u96f7\u8fbe\u3001\u901a\u4fe1\u3001\u8ba1\u91cf\u6821\u51c6\u3001\u5929\u6587\u3001\u7535\u5b50\u5bf9\u6297\u548c\u822a\u5929\u6d4b\u63a7\u7b49\u9886\u57df\u3002\" \/>\n<meta property=\"og:url\" content=\"https:\/\/www.bdpnt.com\/ja\/product\/t400-rf\u30a2\u30a4\u30bd\u30ec\u30fc\u30b7\u30e7\u30f3\u30fb\u30a2\u30f3\u30d7\/\" \/>\n<meta property=\"og:site_name\" content=\"\u5317\u6597\u90a6\u6cf0\u5b98\u7f51\" \/>\n<meta property=\"article:modified_time\" content=\"2026-03-18T06:31:35+00:00\" \/>\n<meta property=\"og:image\" content=\"https:\/\/www.bdpnt.com\/wp-content\/uploads\/2025\/07\/T400-LFM\u5c04\u9891\u9694\u79bb\u653e\u5927\u5668.png\" \/>\n\t<meta property=\"og:image:width\" content=\"960\" \/>\n\t<meta property=\"og:image:height\" content=\"480\" \/>\n\t<meta property=\"og:image:type\" content=\"image\/png\" \/>\n<meta name=\"twitter:card\" content=\"summary_large_image\" \/>\n<script type=\"application\/ld+json\" class=\"yoast-schema-graph\">{\"@context\":\"https:\/\/schema.org\",\"@graph\":[{\"@type\":\"WebPage\",\"@id\":\"https:\/\/www.bdpnt.com\/ja\/product\/t400-rf%e3%82%a2%e3%82%a4%e3%82%bd%e3%83%ac%e3%83%bc%e3%82%b7%e3%83%a7%e3%83%b3%e3%83%bb%e3%82%a2%e3%83%b3%e3%83%97\/\",\"url\":\"https:\/\/www.bdpnt.com\/ja\/product\/t400-rf%e3%82%a2%e3%82%a4%e3%82%bd%e3%83%ac%e3%83%bc%e3%82%b7%e3%83%a7%e3%83%b3%e3%83%bb%e3%82%a2%e3%83%b3%e3%83%97\/\",\"name\":\"T400-LFM \u5c04\u9891\u9694\u79bb\u653e\u5927\u5668 - \u5317\u6597\u90a6\u6cf0\u5b98\u7f51\",\"isPartOf\":{\"@id\":\"https:\/\/www.bdpnt.com\/#website\"},\"primaryImageOfPage\":{\"@id\":\"https:\/\/www.bdpnt.com\/ja\/product\/t400-rf%e3%82%a2%e3%82%a4%e3%82%bd%e3%83%ac%e3%83%bc%e3%82%b7%e3%83%a7%e3%83%b3%e3%83%bb%e3%82%a2%e3%83%b3%e3%83%97\/#primaryimage\"},\"image\":{\"@id\":\"https:\/\/www.bdpnt.com\/ja\/product\/t400-rf%e3%82%a2%e3%82%a4%e3%82%bd%e3%83%ac%e3%83%bc%e3%82%b7%e3%83%a7%e3%83%b3%e3%83%bb%e3%82%a2%e3%83%b3%e3%83%97\/#primaryimage\"},\"thumbnailUrl\":\"https:\/\/bdpnt.com\/wp-content\/uploads\/2025\/07\/T400-LFM\u5c04\u9891\u9694\u79bb\u653e\u5927\u5668.png\",\"datePublished\":\"2025-07-17T03:12:43+00:00\",\"dateModified\":\"2026-03-18T06:31:35+00:00\",\"breadcrumb\":{\"@id\":\"https:\/\/www.bdpnt.com\/ja\/product\/t400-rf%e3%82%a2%e3%82%a4%e3%82%bd%e3%83%ac%e3%83%bc%e3%82%b7%e3%83%a7%e3%83%b3%e3%83%bb%e3%82%a2%e3%83%b3%e3%83%97\/#breadcrumb\"},\"inLanguage\":\"fr-FR\",\"potentialAction\":[{\"@type\":\"ReadAction\",\"target\":[\"https:\/\/www.bdpnt.com\/ja\/product\/t400-rf%e3%82%a2%e3%82%a4%e3%82%bd%e3%83%ac%e3%83%bc%e3%82%b7%e3%83%a7%e3%83%b3%e3%83%bb%e3%82%a2%e3%83%b3%e3%83%97\/\"]}]},{\"@type\":\"ImageObject\",\"inLanguage\":\"fr-FR\",\"@id\":\"https:\/\/www.bdpnt.com\/ja\/product\/t400-rf%e3%82%a2%e3%82%a4%e3%82%bd%e3%83%ac%e3%83%bc%e3%82%b7%e3%83%a7%e3%83%b3%e3%83%bb%e3%82%a2%e3%83%b3%e3%83%97\/#primaryimage\",\"url\":\"https:\/\/bdpnt.com\/wp-content\/uploads\/2025\/07\/T400-LFM\u5c04\u9891\u9694\u79bb\u653e\u5927\u5668.png\",\"contentUrl\":\"https:\/\/bdpnt.com\/wp-content\/uploads\/2025\/07\/T400-LFM\u5c04\u9891\u9694\u79bb\u653e\u5927\u5668.png\",\"width\":960,\"height\":480},{\"@type\":\"BreadcrumbList\",\"@id\":\"https:\/\/www.bdpnt.com\/ja\/product\/t400-rf%e3%82%a2%e3%82%a4%e3%82%bd%e3%83%ac%e3%83%bc%e3%82%b7%e3%83%a7%e3%83%b3%e3%83%bb%e3%82%a2%e3%83%b3%e3%83%97\/#breadcrumb\",\"itemListElement\":[{\"@type\":\"ListItem\",\"position\":1,\"name\":\"\u9996\u9875\",\"item\":\"https:\/\/www.bdpnt.com\/\"},{\"@type\":\"ListItem\",\"position\":2,\"name\":\"Shop\",\"item\":\"https:\/\/www.bdpnt.com\/shop\/\"},{\"@type\":\"ListItem\",\"position\":3,\"name\":\"\u4ea7\u54c1\",\"item\":\"https:\/\/www.bdpnt.com\/product-category\/products\/\"},{\"@type\":\"ListItem\",\"position\":4,\"name\":\"\u65f6\u95f4\u4e0e\u9891\u7387\u5206\u914d\",\"item\":\"https:\/\/bdpnt.com\/ru\/product-category\/%d0%bf%d1%80%d0%be%d0%b4%d1%83%d0%ba%d1%86%d0%b8%d1%8f\/%d1%80%d0%b0%d1%81%d0%bf%d1%80%d0%b5%d0%b4%d0%b5%d0%bb%d0%b5%d0%bd%d0%b8%d0%b5-%d0%b2%d1%80%d0%b5%d0%bc%d0%b5%d0%bd%d0%b8-%d0%b8-%d1%87%d0%b0%d1%81%d1%82%d0%be%d1%82\/\"},{\"@type\":\"ListItem\",\"position\":5,\"name\":\"\u9891\u7387\u4fe1\u53f7\u5206\u914d\",\"item\":\"https:\/\/bdpnt.com\/ru\/product-category\/%d0%bf%d1%80%d0%be%d0%b4%d1%83%d0%ba%d1%86%d0%b8%d1%8f\/%d1%80%d0%b0%d1%81%d0%bf%d1%80%d0%b5%d0%b4%d0%b5%d0%bb%d0%b5%d0%bd%d0%b8%d0%b5-%d0%b2%d1%80%d0%b5%d0%bc%d0%b5%d0%bd%d0%b8-%d0%b8-%d1%87%d0%b0%d1%81%d1%82%d0%be%d1%82\/%d1%87%d0%b0%d1%81%d1%82%d0%be%d1%82%d0%bd%d0%be%d0%b5-%d1%80%d0%b0%d1%81%d0%bf%d1%80%d0%b5%d0%b4%d0%b5%d0%bb%d0%b5%d0%bd%d0%b8%d0%b5-%d1%81%d0%b8%d0%b3%d0%bd%d0%b0%d0%bb%d0%b0\/\"},{\"@type\":\"ListItem\",\"position\":6,\"name\":\"T400-LFM \u5c04\u9891\u9694\u79bb\u653e\u5927\u5668\"}]},{\"@type\":\"WebSite\",\"@id\":\"https:\/\/www.bdpnt.com\/#website\",\"url\":\"https:\/\/www.bdpnt.com\/\",\"name\":\"\u5317\u6597\u90a6\u6cf0\u5b98\u7f51\",\"description\":\"bdstar time website\",\"publisher\":{\"@id\":\"https:\/\/www.bdpnt.com\/#organization\"},\"alternateName\":\"BDSTAR TIME\",\"potentialAction\":[{\"@type\":\"SearchAction\",\"target\":{\"@type\":\"EntryPoint\",\"urlTemplate\":\"https:\/\/www.bdpnt.com\/?s={search_term_string}\"},\"query-input\":{\"@type\":\"PropertyValueSpecification\",\"valueRequired\":true,\"valueName\":\"search_term_string\"}}],\"inLanguage\":\"fr-FR\"},{\"@type\":\"Organization\",\"@id\":\"https:\/\/www.bdpnt.com\/#organization\",\"name\":\"\u5317\u6597\u90a6\u6cf0\u5b98\u7f51\",\"alternateName\":\"BDSTAR TIME\",\"url\":\"https:\/\/www.bdpnt.com\/\",\"logo\":{\"@type\":\"ImageObject\",\"inLanguage\":\"fr-FR\",\"@id\":\"https:\/\/www.bdpnt.com\/#\/schema\/logo\/image\/\",\"url\":\"https:\/\/bdpnt.com\/wp-content\/uploads\/2025\/04\/\u5317\u6597\u90a6\u6cf0\u6700\u7ec8logo-\u6700\u7ec8\u7248\u5f69\u8272.png\",\"contentUrl\":\"https:\/\/bdpnt.com\/wp-content\/uploads\/2025\/04\/\u5317\u6597\u90a6\u6cf0\u6700\u7ec8logo-\u6700\u7ec8\u7248\u5f69\u8272.png\",\"width\":234,\"height\":76,\"caption\":\"\u5317\u6597\u90a6\u6cf0\u5b98\u7f51\"},\"image\":{\"@id\":\"https:\/\/www.bdpnt.com\/#\/schema\/logo\/image\/\"}}]}<\/script>\n<!-- \/ Yoast SEO plugin. -->","yoast_head_json":{"title":"Amplificateur d'isolation RF T400-LFM - Beidou Bangtai Official Website","robots":{"index":"index","follow":"follow","max-snippet":"max-snippet:-1","max-image-preview":"max-image-preview:large","max-video-preview":"max-video-preview:-1"},"canonical":"https:\/\/www.bdpnt.com\/ja\/product\/t400-rf\u30a2\u30a4\u30bd\u30ec\u30fc\u30b7\u30e7\u30f3\u30fb\u30a2\u30f3\u30d7\/","og_locale":"fr_FR","og_type":"article","og_title":"T400-LFM \u5c04\u9891\u9694\u79bb\u653e\u5927\u5668 - \u5317\u6597\u90a6\u6cf0\u5b98\u7f51","og_description":"T400-LFM\u5c04\u9891\u9694\u79bb\u653e\u5927\u5668\u662f\u4e00\u6b3e\u4e00\u5206\u4e94\u4f4e\u529f\u8017\u3001\u9ad8\u6027\u80fd\u8bbe\u5907\uff0c\u9694\u79bb\u5ea6\u9ad8\u8fbe100dB\uff0c\u5177\u5907\u4f18\u5f02\u7684\u9644\u52a0\u76f8\u566a\u548c\u9891\u7387\u7a33\u5b9a\u6027\uff0c\u6ee1\u8db3\u6c22\u949f\u548c\u94ef\u949f\u7684\u4e25\u82db\u6027\u80fd\u8981\u6c42\u3002\u4ea7\u54c1\u91c7\u7528\u5317\u6597\u90a6\u6cf0\u6807\u51c6\u5c01\u88c5\u548c\u63a5\u53e3\uff0c\u652f\u6301\u591a\u79cd\u5b89\u88c5\u65b9\u5f0f\u5982\u5806\u53e0\u5b89\u88c5\uff0c\u4fbf\u4e8e\u7cfb\u7edf\u96c6\u6210\uff0c\u5e7f\u6cdb\u5e94\u7528\u4e8e\u96f7\u8fbe\u3001\u901a\u4fe1\u3001\u8ba1\u91cf\u6821\u51c6\u3001\u5929\u6587\u3001\u7535\u5b50\u5bf9\u6297\u548c\u822a\u5929\u6d4b\u63a7\u7b49\u9886\u57df\u3002","og_url":"https:\/\/www.bdpnt.com\/ja\/product\/t400-rf\u30a2\u30a4\u30bd\u30ec\u30fc\u30b7\u30e7\u30f3\u30fb\u30a2\u30f3\u30d7\/","og_site_name":"\u5317\u6597\u90a6\u6cf0\u5b98\u7f51","article_modified_time":"2026-03-18T06:31:35+00:00","og_image":[{"width":960,"height":480,"url":"https:\/\/www.bdpnt.com\/wp-content\/uploads\/2025\/07\/T400-LFM\u5c04\u9891\u9694\u79bb\u653e\u5927\u5668.png","type":"image\/png"}],"twitter_card":"summary_large_image","schema":{"@context":"https:\/\/schema.org","@graph":[{"@type":"WebPage","@id":"https:\/\/www.bdpnt.com\/ja\/product\/t400-rf%e3%82%a2%e3%82%a4%e3%82%bd%e3%83%ac%e3%83%bc%e3%82%b7%e3%83%a7%e3%83%b3%e3%83%bb%e3%82%a2%e3%83%b3%e3%83%97\/","url":"https:\/\/www.bdpnt.com\/ja\/product\/t400-rf%e3%82%a2%e3%82%a4%e3%82%bd%e3%83%ac%e3%83%bc%e3%82%b7%e3%83%a7%e3%83%b3%e3%83%bb%e3%82%a2%e3%83%b3%e3%83%97\/","name":"Amplificateur d'isolation RF T400-LFM - Beidou Bangtai Official Website","isPartOf":{"@id":"https:\/\/www.bdpnt.com\/#website"},"primaryImageOfPage":{"@id":"https:\/\/www.bdpnt.com\/ja\/product\/t400-rf%e3%82%a2%e3%82%a4%e3%82%bd%e3%83%ac%e3%83%bc%e3%82%b7%e3%83%a7%e3%83%b3%e3%83%bb%e3%82%a2%e3%83%b3%e3%83%97\/#primaryimage"},"image":{"@id":"https:\/\/www.bdpnt.com\/ja\/product\/t400-rf%e3%82%a2%e3%82%a4%e3%82%bd%e3%83%ac%e3%83%bc%e3%82%b7%e3%83%a7%e3%83%b3%e3%83%bb%e3%82%a2%e3%83%b3%e3%83%97\/#primaryimage"},"thumbnailUrl":"https:\/\/bdpnt.com\/wp-content\/uploads\/2025\/07\/T400-LFM\u5c04\u9891\u9694\u79bb\u653e\u5927\u5668.png","datePublished":"2025-07-17T03:12:43+00:00","dateModified":"2026-03-18T06:31:35+00:00","breadcrumb":{"@id":"https:\/\/www.bdpnt.com\/ja\/product\/t400-rf%e3%82%a2%e3%82%a4%e3%82%bd%e3%83%ac%e3%83%bc%e3%82%b7%e3%83%a7%e3%83%b3%e3%83%bb%e3%82%a2%e3%83%b3%e3%83%97\/#breadcrumb"},"inLanguage":"fr-FR","potentialAction":[{"@type":"ReadAction","target":["https:\/\/www.bdpnt.com\/ja\/product\/t400-rf%e3%82%a2%e3%82%a4%e3%82%bd%e3%83%ac%e3%83%bc%e3%82%b7%e3%83%a7%e3%83%b3%e3%83%bb%e3%82%a2%e3%83%b3%e3%83%97\/"]}]},{"@type":"ImageObject","inLanguage":"fr-FR","@id":"https:\/\/www.bdpnt.com\/ja\/product\/t400-rf%e3%82%a2%e3%82%a4%e3%82%bd%e3%83%ac%e3%83%bc%e3%82%b7%e3%83%a7%e3%83%b3%e3%83%bb%e3%82%a2%e3%83%b3%e3%83%97\/#primaryimage","url":"https:\/\/bdpnt.com\/wp-content\/uploads\/2025\/07\/T400-LFM\u5c04\u9891\u9694\u79bb\u653e\u5927\u5668.png","contentUrl":"https:\/\/bdpnt.com\/wp-content\/uploads\/2025\/07\/T400-LFM\u5c04\u9891\u9694\u79bb\u653e\u5927\u5668.png","width":960,"height":480},{"@type":"BreadcrumbList","@id":"https:\/\/www.bdpnt.com\/ja\/product\/t400-rf%e3%82%a2%e3%82%a4%e3%82%bd%e3%83%ac%e3%83%bc%e3%82%b7%e3%83%a7%e3%83%b3%e3%83%bb%e3%82%a2%e3%83%b3%e3%83%97\/#breadcrumb","itemListElement":[{"@type":"ListItem","position":1,"name":"\u9996\u9875","item":"https:\/\/www.bdpnt.com\/"},{"@type":"ListItem","position":2,"name":"Shop","item":"https:\/\/www.bdpnt.com\/shop\/"},{"@type":"ListItem","position":3,"name":"\u4ea7\u54c1","item":"https:\/\/www.bdpnt.com\/product-category\/products\/"},{"@type":"ListItem","position":4,"name":"\u65f6\u95f4\u4e0e\u9891\u7387\u5206\u914d","item":"https:\/\/bdpnt.com\/ru\/product-category\/%d0%bf%d1%80%d0%be%d0%b4%d1%83%d0%ba%d1%86%d0%b8%d1%8f\/%d1%80%d0%b0%d1%81%d0%bf%d1%80%d0%b5%d0%b4%d0%b5%d0%bb%d0%b5%d0%bd%d0%b8%d0%b5-%d0%b2%d1%80%d0%b5%d0%bc%d0%b5%d0%bd%d0%b8-%d0%b8-%d1%87%d0%b0%d1%81%d1%82%d0%be%d1%82\/"},{"@type":"ListItem","position":5,"name":"\u9891\u7387\u4fe1\u53f7\u5206\u914d","item":"https:\/\/bdpnt.com\/ru\/product-category\/%d0%bf%d1%80%d0%be%d0%b4%d1%83%d0%ba%d1%86%d0%b8%d1%8f\/%d1%80%d0%b0%d1%81%d0%bf%d1%80%d0%b5%d0%b4%d0%b5%d0%bb%d0%b5%d0%bd%d0%b8%d0%b5-%d0%b2%d1%80%d0%b5%d0%bc%d0%b5%d0%bd%d0%b8-%d0%b8-%d1%87%d0%b0%d1%81%d1%82%d0%be%d1%82\/%d1%87%d0%b0%d1%81%d1%82%d0%be%d1%82%d0%bd%d0%be%d0%b5-%d1%80%d0%b0%d1%81%d0%bf%d1%80%d0%b5%d0%b4%d0%b5%d0%bb%d0%b5%d0%bd%d0%b8%d0%b5-%d1%81%d0%b8%d0%b3%d0%bd%d0%b0%d0%bb%d0%b0\/"},{"@type":"ListItem","position":6,"name":"T400-LFM \u5c04\u9891\u9694\u79bb\u653e\u5927\u5668"}]},{"@type":"WebSite","@id":"https:\/\/www.bdpnt.com\/#website","url":"https:\/\/www.bdpnt.com\/","name":"Site officiel de Beidoubangtai","description":"bdstar time website","publisher":{"@id":"https:\/\/www.bdpnt.com\/#organization"},"alternateName":"BDSTAR TIME","potentialAction":[{"@type":"SearchAction","target":{"@type":"EntryPoint","urlTemplate":"https:\/\/www.bdpnt.com\/?s={search_term_string}"},"query-input":{"@type":"PropertyValueSpecification","valueRequired":true,"valueName":"search_term_string"}}],"inLanguage":"fr-FR"},{"@type":"Organization","@id":"https:\/\/www.bdpnt.com\/#organization","name":"Site officiel de Beidoubangtai","alternateName":"BDSTAR TIME","url":"https:\/\/www.bdpnt.com\/","logo":{"@type":"ImageObject","inLanguage":"fr-FR","@id":"https:\/\/www.bdpnt.com\/#\/schema\/logo\/image\/","url":"https:\/\/bdpnt.com\/wp-content\/uploads\/2025\/04\/\u5317\u6597\u90a6\u6cf0\u6700\u7ec8logo-\u6700\u7ec8\u7248\u5f69\u8272.png","contentUrl":"https:\/\/bdpnt.com\/wp-content\/uploads\/2025\/04\/\u5317\u6597\u90a6\u6cf0\u6700\u7ec8logo-\u6700\u7ec8\u7248\u5f69\u8272.png","width":234,"height":76,"caption":"\u5317\u6597\u90a6\u6cf0\u5b98\u7f51"},"image":{"@id":"https:\/\/www.bdpnt.com\/#\/schema\/logo\/image\/"}}]}},"_links":{"self":[{"href":"https:\/\/bdpnt.com\/fr\/wp-json\/wp\/v2\/product\/4677","targetHints":{"allow":["GET"]}}],"collection":[{"href":"https:\/\/bdpnt.com\/fr\/wp-json\/wp\/v2\/product"}],"about":[{"href":"https:\/\/bdpnt.com\/fr\/wp-json\/wp\/v2\/types\/product"}],"version-history":[{"count":5,"href":"https:\/\/bdpnt.com\/fr\/wp-json\/wp\/v2\/product\/4677\/revisions"}],"predecessor-version":[{"id":4765,"href":"https:\/\/bdpnt.com\/fr\/wp-json\/wp\/v2\/product\/4677\/revisions\/4765"}],"wp:featuredmedia":[{"embeddable":true,"href":"https:\/\/bdpnt.com\/fr\/wp-json\/wp\/v2\/media\/4678"}],"wp:attachment":[{"href":"https:\/\/bdpnt.com\/fr\/wp-json\/wp\/v2\/media?parent=4677"}],"wp:term":[{"taxonomy":"product_brand","embeddable":true,"href":"https:\/\/bdpnt.com\/fr\/wp-json\/wp\/v2\/product_brand?post=4677"},{"taxonomy":"product_cat","embeddable":true,"href":"https:\/\/bdpnt.com\/fr\/wp-json\/wp\/v2\/product_cat?post=4677"},{"taxonomy":"product_tag","embeddable":true,"href":"https:\/\/bdpnt.com\/fr\/wp-json\/wp\/v2\/product_tag?post=4677"}],"curies":[{"name":"wp","href":"https:\/\/api.w.org\/{rel}","templated":true}]}}