{"id":4552,"date":"2025-07-14T16:49:18","date_gmt":"2025-07-14T08:49:18","guid":{"rendered":"https:\/\/bdstarpnt.com\/?post_type=product&#038;p=4552"},"modified":"2026-03-18T14:32:30","modified_gmt":"2026-03-18T06:32:30","slug":"t-asj02-systeme-integre-antiparasite-miniaturise","status":"publish","type":"product","link":"https:\/\/bdpnt.com\/fr\/produit\/t-asj02-systeme-integre-antiparasite-miniaturise\/","title":{"rendered":"T-ASJ02 Unit\u00e9 compacte tout-en-un anti-brouillage"},"content":{"rendered":"<p class=\"p1\">La machine miniaturis\u00e9e anti-brouillage tout-en-un T-ASJ01 est une machine miniaturis\u00e9e de navigation par satellite anti-brouillage tout-en-un qui r\u00e9pond aux besoins des drones civils et des utilisateurs industriels. Elle prend en charge la r\u00e9ception de signaux ponctuels \u00e0 double fr\u00e9quence BeiDou 3 RNSS B1\/B3, la capacit\u00e9 de brouillage anti-bande B1\/B3 et r\u00e9siste \u00e0 un nombre maximal de brouillages. L'int\u00e9gration interne des r\u00e9seaux d'antennes, des composants anti-brouillage et des r\u00e9cepteurs de navigation par satellite pr\u00e9sente des caract\u00e9ristiques de miniaturisation, de l\u00e9g\u00e8ret\u00e9 et de faible co\u00fbt, entre autres, Faible co\u00fbt et autres caract\u00e9ristiques.<\/p>\n<p class=\"p1\">Domaines d'application : communications militaires, syst\u00e8mes de commandement, r\u00e9seaux de communication a\u00e9roport\u00e9s, embarqu\u00e9s et v\u00e9hiculaires, etc.<\/p>","protected":false},"excerpt":{"rendered":"<p>Le T-ASJ01 est un syst\u00e8me miniaturis\u00e9 de navigation par satellite anti-brouillage tout-en-un destin\u00e9 aux drones civils et aux applications industrielles. Il prend en charge la r\u00e9ception \u00e0 double fr\u00e9quence BeiDou 3 B1\/B3, avec une capacit\u00e9 de suppression des interf\u00e9rences \u00e0 large bande B1\/B3 et un nombre d'anti-brouillage allant jusqu'\u00e0 3. Le r\u00e9seau d'antennes int\u00e9gr\u00e9, le module anti-brouillage et le r\u00e9cepteur de navigation pr\u00e9sentent les avantages de la miniaturisation, de la l\u00e9g\u00e8ret\u00e9, du faible co\u00fbt, etc. Il convient aux communications militaires, aux syst\u00e8mes de commandement et \u00e0 diverses plates-formes de communication pour a\u00e9ronefs\/navires\/v\u00e9hicules. Il convient aux communications militaires, aux syst\u00e8mes de commandement et \u00e0 toutes sortes de plates-formes de communication pour avions\/navires\/v\u00e9hicules.<\/p>","protected":false},"featured_media":4556,"template":"","meta":{"_acf_changed":false,"site-sidebar-layout":"default","site-content-layout":"","ast-site-content-layout":"default","site-content-style":"default","site-sidebar-style":"default","ast-global-header-display":"","ast-banner-title-visibility":"","ast-main-header-display":"","ast-hfb-above-header-display":"","ast-hfb-below-header-display":"","ast-hfb-mobile-header-display":"","site-post-title":"","ast-breadcrumbs-content":"","ast-featured-img":"","footer-sml-layout":"","theme-transparent-header-meta":"default","adv-header-id-meta":"","stick-header-meta":"default","header-above-stick-meta":"","header-main-stick-meta":"","header-below-stick-meta":"","astra-migrate-meta-layouts":"set","ast-page-background-enabled":"default","ast-page-background-meta":{"desktop":{"background-color":"var(--ast-global-color-4)","background-image":"","background-repeat":"repeat","background-position":"center center","background-size":"auto","background-attachment":"scroll","background-type":"","background-media":"","overlay-type":"","overlay-color":"","overlay-opacity":"","overlay-gradient":""},"tablet":{"background-color":"","background-image":"","background-repeat":"repeat","background-position":"center center","background-size":"auto","background-attachment":"scroll","background-type":"","background-media":"","overlay-type":"","overlay-color":"","overlay-opacity":"","overlay-gradient":""},"mobile":{"background-color":"","background-image":"","background-repeat":"repeat","background-position":"center center","background-size":"auto","background-attachment":"scroll","background-type":"","background-media":"","overlay-type":"","overlay-color":"","overlay-opacity":"","overlay-gradient":""}},"ast-content-background-meta":{"desktop":{"background-color":"var(--ast-global-color-5)","background-image":"","background-repeat":"repeat","background-position":"center center","background-size":"auto","background-attachment":"scroll","background-type":"","background-media":"","overlay-type":"","overlay-color":"","overlay-opacity":"","overlay-gradient":""},"tablet":{"background-color":"var(--ast-global-color-5)","background-image":"","background-repeat":"repeat","background-position":"center center","background-size":"auto","background-attachment":"scroll","background-type":"","background-media":"","overlay-type":"","overlay-color":"","overlay-opacity":"","overlay-gradient":""},"mobile":{"background-color":"var(--ast-global-color-5)","background-image":"","background-repeat":"repeat","background-position":"center center","background-size":"auto","background-attachment":"scroll","background-type":"","background-media":"","overlay-type":"","overlay-color":"","overlay-opacity":"","overlay-gradient":""}}},"product_brand":[],"product_cat":[80],"product_tag":[],"class_list":{"0":"post-4552","1":"product","2":"type-product","3":"status-publish","4":"has-post-thumbnail","6":"product_cat-80","7":"pa_--gnssgps-beidou-galileo-glonass","8":"pa_-cpu","9":"pa_-196","10":"pa_--237","11":"pa_--40c--85c","12":"pa_-data-center-and-computing","13":"pa_-intelligent-transportation","14":"pa_-power-and-energy","15":"pa_-military-aviation","16":"pa_-communications-infrastructure","17":"pa_-financial-transactions","18":"pa_-anti-interference-deception","19":"pa_-dc-12v","20":"desktop-align-left","21":"tablet-align-left","22":"mobile-align-left","23":"ast-product-gallery-layout-first-image-large","24":"ast-product-gallery-with-no-image","25":"ast-product-tabs-layout-horizontal","27":"first","28":"instock","29":"shipping-taxable","30":"product-type-simple"},"acf":[],"yoast_head":"<!-- This site is optimized with the Yoast SEO plugin v26.0 - https:\/\/yoast.com\/wordpress\/plugins\/seo\/ -->\n<title>T-ASJ02 \u5c0f\u578b\u5316\u6297\u5e72\u6270\u4e00\u4f53\u673a - \u5317\u6597\u90a6\u6cf0\u5b98\u7f51<\/title>\n<meta name=\"robots\" content=\"index, follow, max-snippet:-1, max-image-preview:large, max-video-preview:-1\" \/>\n<link rel=\"canonical\" href=\"https:\/\/bdpnt.com\/fr\/produit\/t-asj02-systeme-integre-antiparasite-miniaturise\/\" \/>\n<meta property=\"og:locale\" content=\"fr_FR\" \/>\n<meta property=\"og:type\" content=\"article\" \/>\n<meta property=\"og:title\" content=\"T-ASJ02 \u5c0f\u578b\u5316\u6297\u5e72\u6270\u4e00\u4f53\u673a - \u5317\u6597\u90a6\u6cf0\u5b98\u7f51\" \/>\n<meta property=\"og:description\" content=\"T-ASJ01 \u662f\u4e00\u6b3e\u9762\u5411\u6c11\u7528\u65e0\u4eba\u673a\u4e0e\u884c\u4e1a\u5e94\u7528\u7684\u5c0f\u578b\u5316\u536b\u661f\u5bfc\u822a\u6297\u5e72\u6270\u4e00\u4f53\u673a\uff0c\u652f\u6301\u5317\u6597\u4e09\u53f7B1\/B3\u53cc\u9891\u63a5\u6536\uff0c\u5177\u5907B1\/B3\u5bbd\u5e26\u5e72\u6270\u6291\u5236\u80fd\u529b\uff0c\u6297\u5e72\u6270\u6570\u8fbe3\u3002\u96c6\u6210\u5929\u7ebf\u9635\u5217\u3001\u6297\u5e72\u6270\u6a21\u5757\u4e0e\u5bfc\u822a\u63a5\u6536\u673a\uff0c\u5177\u5907\u5c0f\u578b\u5316\u3001\u8f7b\u91cf\u5316\u3001\u4f4e\u6210\u672c\u7b49\u4f18\u52bf\u3002\u9002\u7528\u4e8e\u519b\u7528\u901a\u4fe1\u3001\u6307\u6325\u7cfb\u7edf\u53ca\u5404\u7c7b\u673a\/\u8230\/\u8f66\u8f7d\u901a\u4fe1\u5e73\u53f0\u3002\" \/>\n<meta property=\"og:url\" content=\"https:\/\/bdpnt.com\/fr\/produit\/t-asj02-systeme-integre-antiparasite-miniaturise\/\" \/>\n<meta property=\"og:site_name\" content=\"\u5317\u6597\u90a6\u6cf0\u5b98\u7f51\" \/>\n<meta property=\"article:modified_time\" content=\"2026-03-18T06:32:30+00:00\" \/>\n<meta property=\"og:image\" content=\"https:\/\/bdpnt.com\/wp-content\/uploads\/2025\/07\/\u6297\u5e72\u6270\u5929\u7ebf.png\" \/>\n\t<meta property=\"og:image:width\" content=\"760\" \/>\n\t<meta property=\"og:image:height\" content=\"393\" \/>\n\t<meta property=\"og:image:type\" content=\"image\/png\" \/>\n<meta name=\"twitter:card\" content=\"summary_large_image\" \/>\n<script type=\"application\/ld+json\" class=\"yoast-schema-graph\">{\"@context\":\"https:\/\/schema.org\",\"@graph\":[{\"@type\":\"WebPage\",\"@id\":\"https:\/\/bdpnt.com\/product\/t-asj02-miniaturized-anti-interference-integrated-system\/\",\"url\":\"https:\/\/bdpnt.com\/product\/t-asj02-miniaturized-anti-interference-integrated-system\/\",\"name\":\"T-ASJ02 \u5c0f\u578b\u5316\u6297\u5e72\u6270\u4e00\u4f53\u673a - \u5317\u6597\u90a6\u6cf0\u5b98\u7f51\",\"isPartOf\":{\"@id\":\"https:\/\/www.bdpnt.com\/#website\"},\"primaryImageOfPage\":{\"@id\":\"https:\/\/bdpnt.com\/product\/t-asj02-miniaturized-anti-interference-integrated-system\/#primaryimage\"},\"image\":{\"@id\":\"https:\/\/bdpnt.com\/product\/t-asj02-miniaturized-anti-interference-integrated-system\/#primaryimage\"},\"thumbnailUrl\":\"https:\/\/bdpnt.com\/wp-content\/uploads\/2025\/07\/\u6297\u5e72\u6270\u5929\u7ebf.png\",\"datePublished\":\"2025-07-14T08:49:18+00:00\",\"dateModified\":\"2026-03-18T06:32:30+00:00\",\"breadcrumb\":{\"@id\":\"https:\/\/bdpnt.com\/product\/t-asj02-miniaturized-anti-interference-integrated-system\/#breadcrumb\"},\"inLanguage\":\"fr-FR\",\"potentialAction\":[{\"@type\":\"ReadAction\",\"target\":[\"https:\/\/bdpnt.com\/product\/t-asj02-miniaturized-anti-interference-integrated-system\/\"]}]},{\"@type\":\"ImageObject\",\"inLanguage\":\"fr-FR\",\"@id\":\"https:\/\/bdpnt.com\/product\/t-asj02-miniaturized-anti-interference-integrated-system\/#primaryimage\",\"url\":\"https:\/\/bdpnt.com\/wp-content\/uploads\/2025\/07\/\u6297\u5e72\u6270\u5929\u7ebf.png\",\"contentUrl\":\"https:\/\/bdpnt.com\/wp-content\/uploads\/2025\/07\/\u6297\u5e72\u6270\u5929\u7ebf.png\",\"width\":760,\"height\":393},{\"@type\":\"BreadcrumbList\",\"@id\":\"https:\/\/bdpnt.com\/product\/t-asj02-miniaturized-anti-interference-integrated-system\/#breadcrumb\",\"itemListElement\":[{\"@type\":\"ListItem\",\"position\":1,\"name\":\"\u9996\u9875\",\"item\":\"https:\/\/www.bdpnt.com\/\"},{\"@type\":\"ListItem\",\"position\":2,\"name\":\"Shop\",\"item\":\"https:\/\/www.bdpnt.com\/shop\/\"},{\"@type\":\"ListItem\",\"position\":3,\"name\":\"\u4ea7\u54c1\",\"item\":\"https:\/\/www.bdpnt.com\/product-category\/products\/\"},{\"@type\":\"ListItem\",\"position\":4,\"name\":\"\u5e72\u6270\u68c0\u6d4b\u4e0e\u7f13\u89e3\",\"item\":\"https:\/\/bdpnt.com\/product-category\/products\/interference-detection-and-mitigation-2\/\"},{\"@type\":\"ListItem\",\"position\":5,\"name\":\"\u6297\u5e72\u6270\u5929\u7ebf\u9635\u5217\",\"item\":\"https:\/\/www.bdpnt.com\/product-category\/products\/interference-detection-and-mitigation-2\/%e6%8a%97%e5%b9%b2%e6%89%b0%e5%a4%a9%e7%ba%bf%e9%98%b5%e5%88%97\/\"},{\"@type\":\"ListItem\",\"position\":6,\"name\":\"T-ASJ02 \u5c0f\u578b\u5316\u6297\u5e72\u6270\u4e00\u4f53\u673a\"}]},{\"@type\":\"WebSite\",\"@id\":\"https:\/\/www.bdpnt.com\/#website\",\"url\":\"https:\/\/www.bdpnt.com\/\",\"name\":\"\u5317\u6597\u90a6\u6cf0\u5b98\u7f51\",\"description\":\"bdstar time website\",\"publisher\":{\"@id\":\"https:\/\/www.bdpnt.com\/#organization\"},\"alternateName\":\"BDSTAR TIME\",\"potentialAction\":[{\"@type\":\"SearchAction\",\"target\":{\"@type\":\"EntryPoint\",\"urlTemplate\":\"https:\/\/www.bdpnt.com\/?s={search_term_string}\"},\"query-input\":{\"@type\":\"PropertyValueSpecification\",\"valueRequired\":true,\"valueName\":\"search_term_string\"}}],\"inLanguage\":\"fr-FR\"},{\"@type\":\"Organization\",\"@id\":\"https:\/\/www.bdpnt.com\/#organization\",\"name\":\"\u5317\u6597\u90a6\u6cf0\u5b98\u7f51\",\"alternateName\":\"BDSTAR TIME\",\"url\":\"https:\/\/www.bdpnt.com\/\",\"logo\":{\"@type\":\"ImageObject\",\"inLanguage\":\"fr-FR\",\"@id\":\"https:\/\/www.bdpnt.com\/#\/schema\/logo\/image\/\",\"url\":\"https:\/\/bdpnt.com\/wp-content\/uploads\/2025\/04\/\u5317\u6597\u90a6\u6cf0\u6700\u7ec8logo-\u6700\u7ec8\u7248\u5f69\u8272.png\",\"contentUrl\":\"https:\/\/bdpnt.com\/wp-content\/uploads\/2025\/04\/\u5317\u6597\u90a6\u6cf0\u6700\u7ec8logo-\u6700\u7ec8\u7248\u5f69\u8272.png\",\"width\":234,\"height\":76,\"caption\":\"\u5317\u6597\u90a6\u6cf0\u5b98\u7f51\"},\"image\":{\"@id\":\"https:\/\/www.bdpnt.com\/#\/schema\/logo\/image\/\"}}]}<\/script>\n<!-- \/ Yoast SEO plugin. -->","yoast_head_json":{"title":"T-ASJ02 Compact Anti-jamming All-in-One Machine - Beidou Bangtai Official Website","robots":{"index":"index","follow":"follow","max-snippet":"max-snippet:-1","max-image-preview":"max-image-preview:large","max-video-preview":"max-video-preview:-1"},"canonical":"https:\/\/bdpnt.com\/fr\/produit\/t-asj02-systeme-integre-antiparasite-miniaturise\/","og_locale":"fr_FR","og_type":"article","og_title":"T-ASJ02 \u5c0f\u578b\u5316\u6297\u5e72\u6270\u4e00\u4f53\u673a - \u5317\u6597\u90a6\u6cf0\u5b98\u7f51","og_description":"T-ASJ01 \u662f\u4e00\u6b3e\u9762\u5411\u6c11\u7528\u65e0\u4eba\u673a\u4e0e\u884c\u4e1a\u5e94\u7528\u7684\u5c0f\u578b\u5316\u536b\u661f\u5bfc\u822a\u6297\u5e72\u6270\u4e00\u4f53\u673a\uff0c\u652f\u6301\u5317\u6597\u4e09\u53f7B1\/B3\u53cc\u9891\u63a5\u6536\uff0c\u5177\u5907B1\/B3\u5bbd\u5e26\u5e72\u6270\u6291\u5236\u80fd\u529b\uff0c\u6297\u5e72\u6270\u6570\u8fbe3\u3002\u96c6\u6210\u5929\u7ebf\u9635\u5217\u3001\u6297\u5e72\u6270\u6a21\u5757\u4e0e\u5bfc\u822a\u63a5\u6536\u673a\uff0c\u5177\u5907\u5c0f\u578b\u5316\u3001\u8f7b\u91cf\u5316\u3001\u4f4e\u6210\u672c\u7b49\u4f18\u52bf\u3002\u9002\u7528\u4e8e\u519b\u7528\u901a\u4fe1\u3001\u6307\u6325\u7cfb\u7edf\u53ca\u5404\u7c7b\u673a\/\u8230\/\u8f66\u8f7d\u901a\u4fe1\u5e73\u53f0\u3002","og_url":"https:\/\/bdpnt.com\/fr\/produit\/t-asj02-systeme-integre-antiparasite-miniaturise\/","og_site_name":"\u5317\u6597\u90a6\u6cf0\u5b98\u7f51","article_modified_time":"2026-03-18T06:32:30+00:00","og_image":[{"width":760,"height":393,"url":"https:\/\/bdpnt.com\/wp-content\/uploads\/2025\/07\/\u6297\u5e72\u6270\u5929\u7ebf.png","type":"image\/png"}],"twitter_card":"summary_large_image","schema":{"@context":"https:\/\/schema.org","@graph":[{"@type":"WebPage","@id":"https:\/\/bdpnt.com\/product\/t-asj02-miniaturized-anti-interference-integrated-system\/","url":"https:\/\/bdpnt.com\/product\/t-asj02-miniaturized-anti-interference-integrated-system\/","name":"T-ASJ02 Compact Anti-jamming All-in-One Machine - Beidou Bangtai Official Website","isPartOf":{"@id":"https:\/\/www.bdpnt.com\/#website"},"primaryImageOfPage":{"@id":"https:\/\/bdpnt.com\/product\/t-asj02-miniaturized-anti-interference-integrated-system\/#primaryimage"},"image":{"@id":"https:\/\/bdpnt.com\/product\/t-asj02-miniaturized-anti-interference-integrated-system\/#primaryimage"},"thumbnailUrl":"https:\/\/bdpnt.com\/wp-content\/uploads\/2025\/07\/\u6297\u5e72\u6270\u5929\u7ebf.png","datePublished":"2025-07-14T08:49:18+00:00","dateModified":"2026-03-18T06:32:30+00:00","breadcrumb":{"@id":"https:\/\/bdpnt.com\/product\/t-asj02-miniaturized-anti-interference-integrated-system\/#breadcrumb"},"inLanguage":"fr-FR","potentialAction":[{"@type":"ReadAction","target":["https:\/\/bdpnt.com\/product\/t-asj02-miniaturized-anti-interference-integrated-system\/"]}]},{"@type":"ImageObject","inLanguage":"fr-FR","@id":"https:\/\/bdpnt.com\/product\/t-asj02-miniaturized-anti-interference-integrated-system\/#primaryimage","url":"https:\/\/bdpnt.com\/wp-content\/uploads\/2025\/07\/\u6297\u5e72\u6270\u5929\u7ebf.png","contentUrl":"https:\/\/bdpnt.com\/wp-content\/uploads\/2025\/07\/\u6297\u5e72\u6270\u5929\u7ebf.png","width":760,"height":393},{"@type":"BreadcrumbList","@id":"https:\/\/bdpnt.com\/product\/t-asj02-miniaturized-anti-interference-integrated-system\/#breadcrumb","itemListElement":[{"@type":"ListItem","position":1,"name":"\u9996\u9875","item":"https:\/\/www.bdpnt.com\/"},{"@type":"ListItem","position":2,"name":"Shop","item":"https:\/\/www.bdpnt.com\/shop\/"},{"@type":"ListItem","position":3,"name":"\u4ea7\u54c1","item":"https:\/\/www.bdpnt.com\/product-category\/products\/"},{"@type":"ListItem","position":4,"name":"\u5e72\u6270\u68c0\u6d4b\u4e0e\u7f13\u89e3","item":"https:\/\/bdpnt.com\/product-category\/products\/interference-detection-and-mitigation-2\/"},{"@type":"ListItem","position":5,"name":"\u6297\u5e72\u6270\u5929\u7ebf\u9635\u5217","item":"https:\/\/www.bdpnt.com\/product-category\/products\/interference-detection-and-mitigation-2\/%e6%8a%97%e5%b9%b2%e6%89%b0%e5%a4%a9%e7%ba%bf%e9%98%b5%e5%88%97\/"},{"@type":"ListItem","position":6,"name":"T-ASJ02 \u5c0f\u578b\u5316\u6297\u5e72\u6270\u4e00\u4f53\u673a"}]},{"@type":"WebSite","@id":"https:\/\/www.bdpnt.com\/#website","url":"https:\/\/www.bdpnt.com\/","name":"Site officiel de Beidoubangtai","description":"bdstar time website","publisher":{"@id":"https:\/\/www.bdpnt.com\/#organization"},"alternateName":"BDSTAR TIME","potentialAction":[{"@type":"SearchAction","target":{"@type":"EntryPoint","urlTemplate":"https:\/\/www.bdpnt.com\/?s={search_term_string}"},"query-input":{"@type":"PropertyValueSpecification","valueRequired":true,"valueName":"search_term_string"}}],"inLanguage":"fr-FR"},{"@type":"Organization","@id":"https:\/\/www.bdpnt.com\/#organization","name":"Site officiel de Beidoubangtai","alternateName":"BDSTAR TIME","url":"https:\/\/www.bdpnt.com\/","logo":{"@type":"ImageObject","inLanguage":"fr-FR","@id":"https:\/\/www.bdpnt.com\/#\/schema\/logo\/image\/","url":"https:\/\/bdpnt.com\/wp-content\/uploads\/2025\/04\/\u5317\u6597\u90a6\u6cf0\u6700\u7ec8logo-\u6700\u7ec8\u7248\u5f69\u8272.png","contentUrl":"https:\/\/bdpnt.com\/wp-content\/uploads\/2025\/04\/\u5317\u6597\u90a6\u6cf0\u6700\u7ec8logo-\u6700\u7ec8\u7248\u5f69\u8272.png","width":234,"height":76,"caption":"\u5317\u6597\u90a6\u6cf0\u5b98\u7f51"},"image":{"@id":"https:\/\/www.bdpnt.com\/#\/schema\/logo\/image\/"}}]}},"_links":{"self":[{"href":"https:\/\/bdpnt.com\/fr\/wp-json\/wp\/v2\/product\/4552","targetHints":{"allow":["GET"]}}],"collection":[{"href":"https:\/\/bdpnt.com\/fr\/wp-json\/wp\/v2\/product"}],"about":[{"href":"https:\/\/bdpnt.com\/fr\/wp-json\/wp\/v2\/types\/product"}],"version-history":[{"count":4,"href":"https:\/\/bdpnt.com\/fr\/wp-json\/wp\/v2\/product\/4552\/revisions"}],"predecessor-version":[{"id":4561,"href":"https:\/\/bdpnt.com\/fr\/wp-json\/wp\/v2\/product\/4552\/revisions\/4561"}],"wp:featuredmedia":[{"embeddable":true,"href":"https:\/\/bdpnt.com\/fr\/wp-json\/wp\/v2\/media\/4556"}],"wp:attachment":[{"href":"https:\/\/bdpnt.com\/fr\/wp-json\/wp\/v2\/media?parent=4552"}],"wp:term":[{"taxonomy":"product_brand","embeddable":true,"href":"https:\/\/bdpnt.com\/fr\/wp-json\/wp\/v2\/product_brand?post=4552"},{"taxonomy":"product_cat","embeddable":true,"href":"https:\/\/bdpnt.com\/fr\/wp-json\/wp\/v2\/product_cat?post=4552"},{"taxonomy":"product_tag","embeddable":true,"href":"https:\/\/bdpnt.com\/fr\/wp-json\/wp\/v2\/product_tag?post=4552"}],"curies":[{"name":"wp","href":"https:\/\/api.w.org\/{rel}","templated":true}]}}