{"id":4462,"date":"2025-07-13T14:24:15","date_gmt":"2025-07-13T06:24:15","guid":{"rendered":"https:\/\/bdstarpnt.com\/?post_type=product&#038;p=4462"},"modified":"2026-03-18T14:33:32","modified_gmt":"2026-03-18T06:33:32","slug":"t221-c-carte-de-synchronisation-pcie-2","status":"publish","type":"product","link":"https:\/\/bdpnt.com\/fr\/produit\/t221-c-carte-de-synchronisation-pcie-2\/","title":{"rendered":"T221-C PCIe Timing Card"},"content":{"rendered":"<p class=\"p1\">La carte de synchronisation T221-C PCIe est une solution de synchronisation temporelle haute performance pour les centres de donn\u00e9es, l'automatisation industrielle et les t\u00e9l\u00e9communications. Elle permet d'obtenir une synchronisation temporelle \u00e0 la nanoseconde et des performances de maintien fiables en int\u00e9grant un r\u00e9cepteur GNSS de haute pr\u00e9cision et une horloge tr\u00e8s stable telle qu'un OCXO ou une horloge atomique. Il prend en charge plusieurs sources de r\u00e9f\u00e9rence temporelle (par exemple PPS et TOD) et fournit des signaux de synchronisation temporelle et d'interruption \u00e0 l'h\u00f4te via l'interface PCIe. Son architecture FPGA combine des noyaux IP libres et propri\u00e9taires pour permettre une personnalisation flexible et une compatibilit\u00e9 avec les protocoles de distribution du temps tels que l'IEEE 1588 (PTP). La carte de synchronisation fournit un m\u00e9canisme de s\u00e9curit\u00e9 efficace pour emp\u00eacher le brouillage GNSS et dispose d'un emplacement PCIe de conception standardis\u00e9e pour faciliter l'int\u00e9gration et le d\u00e9ploiement.<\/p>\n<p class=\"p1\">Domaines d'application : recherche scientifique et mesures, communication, \u00e9nergie \u00e9lectrique, centre de donn\u00e9es, automatisation industrielle, etc.<\/p>","protected":false},"excerpt":{"rendered":"<p>La T221-C est une carte de synchronisation PCIe haute performance avec r\u00e9cepteur GNSS int\u00e9gr\u00e9 et horloge haute stabilit\u00e9 (OCXO\/horloge atomique) pour une synchronisation temporelle \u00e0 la nanoseconde et un chronom\u00e9trage fiable. Elle prend en charge les entr\u00e9es de r\u00e9f\u00e9rence telles que PPS et TOD, et est compatible avec le protocole IEEE 1588. Bas\u00e9 sur une architecture FPGA, des fonctions personnalisables, une capacit\u00e9 anti-brouillage et une conception PCIe standard pour une int\u00e9gration et un d\u00e9ploiement faciles. Il convient \u00e0 la recherche scientifique, aux communications, \u00e0 l'\u00e9nergie \u00e9lectrique, aux centres de donn\u00e9es et \u00e0 d'autres sc\u00e9narios.<\/p>","protected":false},"featured_media":4474,"template":"","meta":{"_acf_changed":false,"site-sidebar-layout":"default","site-content-layout":"","ast-site-content-layout":"default","site-content-style":"default","site-sidebar-style":"default","ast-global-header-display":"","ast-banner-title-visibility":"","ast-main-header-display":"","ast-hfb-above-header-display":"","ast-hfb-below-header-display":"","ast-hfb-mobile-header-display":"","site-post-title":"","ast-breadcrumbs-content":"","ast-featured-img":"","footer-sml-layout":"","theme-transparent-header-meta":"default","adv-header-id-meta":"","stick-header-meta":"default","header-above-stick-meta":"","header-main-stick-meta":"","header-below-stick-meta":"","astra-migrate-meta-layouts":"set","ast-page-background-enabled":"default","ast-page-background-meta":{"desktop":{"background-color":"var(--ast-global-color-4)","background-image":"","background-repeat":"repeat","background-position":"center center","background-size":"auto","background-attachment":"scroll","background-type":"","background-media":"","overlay-type":"","overlay-color":"","overlay-opacity":"","overlay-gradient":""},"tablet":{"background-color":"","background-image":"","background-repeat":"repeat","background-position":"center center","background-size":"auto","background-attachment":"scroll","background-type":"","background-media":"","overlay-type":"","overlay-color":"","overlay-opacity":"","overlay-gradient":""},"mobile":{"background-color":"","background-image":"","background-repeat":"repeat","background-position":"center center","background-size":"auto","background-attachment":"scroll","background-type":"","background-media":"","overlay-type":"","overlay-color":"","overlay-opacity":"","overlay-gradient":""}},"ast-content-background-meta":{"desktop":{"background-color":"var(--ast-global-color-5)","background-image":"","background-repeat":"repeat","background-position":"center center","background-size":"auto","background-attachment":"scroll","background-type":"","background-media":"","overlay-type":"","overlay-color":"","overlay-opacity":"","overlay-gradient":""},"tablet":{"background-color":"var(--ast-global-color-5)","background-image":"","background-repeat":"repeat","background-position":"center center","background-size":"auto","background-attachment":"scroll","background-type":"","background-media":"","overlay-type":"","overlay-color":"","overlay-opacity":"","overlay-gradient":""},"mobile":{"background-color":"var(--ast-global-color-5)","background-image":"","background-repeat":"repeat","background-position":"center center","background-size":"auto","background-attachment":"scroll","background-type":"","background-media":"","overlay-type":"","overlay-color":"","overlay-opacity":"","overlay-gradient":""}}},"product_brand":[],"product_cat":[63],"product_tag":[],"class_list":{"0":"post-4462","1":"product","2":"type-product","3":"status-publish","4":"has-post-thumbnail","6":"product_cat-time-card","7":"pa_--gnssgps-beidou-galileo-glonass","8":"pa_--pps-todnmea-0183","9":"pa_--ptpieee-1588-v2-v2-1","10":"pa_--synceitu-t-g-8262-ssm-esmc","11":"pa_-197","12":"pa_-driver-support-domestic-os","13":"pa_--pci-pcie-pxi","14":"pa_--0-c--70-c","15":"pa_--40c--85c","16":"pa_-industrial-automation","17":"pa_-data-center-and-computing","18":"pa_-intelligent-transportation","19":"pa_-power-and-energy","20":"pa_-military-aviation","21":"pa_-metrology-and-testing","22":"pa_-communications-infrastructure","23":"pa_-financial-transactions","24":"pa_-ptpv2-1","25":"pa_--1us24h","26":"pa_-1-ppsttl-rs-422","27":"pa_-10mhz-sine-wave-square-wave-output","28":"pa_-todrs-232-nmea","29":"pa_-268","30":"desktop-align-left","31":"tablet-align-left","32":"mobile-align-left","33":"ast-product-gallery-layout-first-image-large","34":"ast-product-gallery-with-no-image","35":"ast-product-tabs-layout-horizontal","37":"first","38":"instock","39":"shipping-taxable","40":"product-type-simple"},"acf":[],"yoast_head":"<!-- This site is optimized with the Yoast SEO plugin v26.0 - https:\/\/yoast.com\/wordpress\/plugins\/seo\/ -->\n<title>T221-C PCIe\u6388\u65f6\u5361 - \u5317\u6597\u90a6\u6cf0\u5b98\u7f51<\/title>\n<meta name=\"robots\" content=\"index, follow, max-snippet:-1, max-image-preview:large, max-video-preview:-1\" \/>\n<link rel=\"canonical\" href=\"https:\/\/www.bdpnt.com\/es\/product\/t221-c-tarjeta-pcie-timing-2\/\" \/>\n<meta property=\"og:locale\" content=\"fr_FR\" \/>\n<meta property=\"og:type\" content=\"article\" \/>\n<meta property=\"og:title\" content=\"T221-C PCIe\u6388\u65f6\u5361 - \u5317\u6597\u90a6\u6cf0\u5b98\u7f51\" \/>\n<meta property=\"og:description\" content=\"T221-C \u662f\u4e00\u6b3e\u9ad8\u6027\u80fdPCIe\u6388\u65f6\u5361\uff0c\u96c6\u6210GNSS\u63a5\u6536\u673a\u4e0e\u9ad8\u7a33\u65f6\u949f\uff08OCXO\/\u539f\u5b50\u949f\uff09\uff0c\u5b9e\u73b0\u7eb3\u79d2\u7ea7\u65f6\u95f4\u540c\u6b65\u4e0e\u53ef\u9760\u5b88\u65f6\u3002\u652f\u6301PPS\u3001TOD\u7b49\u53c2\u8003\u8f93\u5165\uff0c\u517c\u5bb9IEEE 1588\u534f\u8bae\u3002\u57fa\u4e8eFPGA\u67b6\u6784\uff0c\u529f\u80fd\u53ef\u5b9a\u5236\uff0c\u5177\u5907\u6297\u5e72\u6270\u80fd\u529b\u4e0e\u6807\u51c6PCIe\u8bbe\u8ba1\uff0c\u4fbf\u4e8e\u96c6\u6210\u90e8\u7f72\u3002\u9002\u7528\u4e8e\u79d1\u7814\u3001\u901a\u4fe1\u3001\u7535\u529b\u3001\u6570\u636e\u4e2d\u5fc3\u7b49\u573a\u666f\u3002\" \/>\n<meta property=\"og:url\" content=\"https:\/\/www.bdpnt.com\/es\/product\/t221-c-tarjeta-pcie-timing-2\/\" \/>\n<meta property=\"og:site_name\" content=\"\u5317\u6597\u90a6\u6cf0\u5b98\u7f51\" \/>\n<meta property=\"article:modified_time\" content=\"2026-03-18T06:33:32+00:00\" \/>\n<meta property=\"og:image\" content=\"https:\/\/www.bdpnt.com\/wp-content\/uploads\/2025\/07\/T221-C-\u767d\u8272.png\" \/>\n\t<meta property=\"og:image:width\" content=\"1069\" \/>\n\t<meta property=\"og:image:height\" content=\"552\" \/>\n\t<meta property=\"og:image:type\" content=\"image\/png\" \/>\n<meta name=\"twitter:card\" content=\"summary_large_image\" \/>\n<meta name=\"twitter:label1\" content=\"Dur\u00e9e de lecture estim\u00e9e\" \/>\n\t<meta name=\"twitter:data1\" content=\"1 minute\" \/>\n<script type=\"application\/ld+json\" class=\"yoast-schema-graph\">{\"@context\":\"https:\/\/schema.org\",\"@graph\":[{\"@type\":\"WebPage\",\"@id\":\"https:\/\/www.bdpnt.com\/es\/product\/t221-c-tarjeta-pcie-timing-2\/\",\"url\":\"https:\/\/www.bdpnt.com\/es\/product\/t221-c-tarjeta-pcie-timing-2\/\",\"name\":\"T221-C PCIe\u6388\u65f6\u5361 - \u5317\u6597\u90a6\u6cf0\u5b98\u7f51\",\"isPartOf\":{\"@id\":\"https:\/\/www.bdpnt.com\/#website\"},\"primaryImageOfPage\":{\"@id\":\"https:\/\/www.bdpnt.com\/es\/product\/t221-c-tarjeta-pcie-timing-2\/#primaryimage\"},\"image\":{\"@id\":\"https:\/\/www.bdpnt.com\/es\/product\/t221-c-tarjeta-pcie-timing-2\/#primaryimage\"},\"thumbnailUrl\":\"https:\/\/bdpnt.com\/wp-content\/uploads\/2025\/07\/T221-C-\u767d\u8272.png\",\"datePublished\":\"2025-07-13T06:24:15+00:00\",\"dateModified\":\"2026-03-18T06:33:32+00:00\",\"breadcrumb\":{\"@id\":\"https:\/\/www.bdpnt.com\/es\/product\/t221-c-tarjeta-pcie-timing-2\/#breadcrumb\"},\"inLanguage\":\"fr-FR\",\"potentialAction\":[{\"@type\":\"ReadAction\",\"target\":[\"https:\/\/www.bdpnt.com\/es\/product\/t221-c-tarjeta-pcie-timing-2\/\"]}]},{\"@type\":\"ImageObject\",\"inLanguage\":\"fr-FR\",\"@id\":\"https:\/\/www.bdpnt.com\/es\/product\/t221-c-tarjeta-pcie-timing-2\/#primaryimage\",\"url\":\"https:\/\/bdpnt.com\/wp-content\/uploads\/2025\/07\/T221-C-\u767d\u8272.png\",\"contentUrl\":\"https:\/\/bdpnt.com\/wp-content\/uploads\/2025\/07\/T221-C-\u767d\u8272.png\",\"width\":1069,\"height\":552},{\"@type\":\"BreadcrumbList\",\"@id\":\"https:\/\/www.bdpnt.com\/es\/product\/t221-c-tarjeta-pcie-timing-2\/#breadcrumb\",\"itemListElement\":[{\"@type\":\"ListItem\",\"position\":1,\"name\":\"\u9996\u9875\",\"item\":\"https:\/\/www.bdpnt.com\/\"},{\"@type\":\"ListItem\",\"position\":2,\"name\":\"Shop\",\"item\":\"https:\/\/www.bdpnt.com\/shop\/\"},{\"@type\":\"ListItem\",\"position\":3,\"name\":\"\u4ea7\u54c1\",\"item\":\"https:\/\/www.bdpnt.com\/product-category\/products\/\"},{\"@type\":\"ListItem\",\"position\":4,\"name\":\"\u901a\u7528GNSS \u65f6\u9891\u6a21\u5757\",\"item\":\"https:\/\/www.bdpnt.com\/es\/product-category\/productos\/modulo-de-tiempo-y-frecuencia-gnss\/\"},{\"@type\":\"ListItem\",\"position\":5,\"name\":\"\u6388\u65f6\u5361\",\"item\":\"https:\/\/www.bdpnt.com\/es\/product-category\/productos\/modulo-de-tiempo-y-frecuencia-gnss\/tarjeta-de-tiempo\/\"},{\"@type\":\"ListItem\",\"position\":6,\"name\":\"T221-C PCIe\u6388\u65f6\u5361\"}]},{\"@type\":\"WebSite\",\"@id\":\"https:\/\/www.bdpnt.com\/#website\",\"url\":\"https:\/\/www.bdpnt.com\/\",\"name\":\"\u5317\u6597\u90a6\u6cf0\u5b98\u7f51\",\"description\":\"bdstar time website\",\"publisher\":{\"@id\":\"https:\/\/www.bdpnt.com\/#organization\"},\"alternateName\":\"BDSTAR TIME\",\"potentialAction\":[{\"@type\":\"SearchAction\",\"target\":{\"@type\":\"EntryPoint\",\"urlTemplate\":\"https:\/\/www.bdpnt.com\/?s={search_term_string}\"},\"query-input\":{\"@type\":\"PropertyValueSpecification\",\"valueRequired\":true,\"valueName\":\"search_term_string\"}}],\"inLanguage\":\"fr-FR\"},{\"@type\":\"Organization\",\"@id\":\"https:\/\/www.bdpnt.com\/#organization\",\"name\":\"\u5317\u6597\u90a6\u6cf0\u5b98\u7f51\",\"alternateName\":\"BDSTAR TIME\",\"url\":\"https:\/\/www.bdpnt.com\/\",\"logo\":{\"@type\":\"ImageObject\",\"inLanguage\":\"fr-FR\",\"@id\":\"https:\/\/www.bdpnt.com\/#\/schema\/logo\/image\/\",\"url\":\"https:\/\/bdpnt.com\/wp-content\/uploads\/2025\/04\/\u5317\u6597\u90a6\u6cf0\u6700\u7ec8logo-\u6700\u7ec8\u7248\u5f69\u8272.png\",\"contentUrl\":\"https:\/\/bdpnt.com\/wp-content\/uploads\/2025\/04\/\u5317\u6597\u90a6\u6cf0\u6700\u7ec8logo-\u6700\u7ec8\u7248\u5f69\u8272.png\",\"width\":234,\"height\":76,\"caption\":\"\u5317\u6597\u90a6\u6cf0\u5b98\u7f51\"},\"image\":{\"@id\":\"https:\/\/www.bdpnt.com\/#\/schema\/logo\/image\/\"}}]}<\/script>\n<!-- \/ Yoast SEO plugin. -->","yoast_head_json":{"title":"T221-C PCIe Timing Card - Beidou Bangtai Official Website","robots":{"index":"index","follow":"follow","max-snippet":"max-snippet:-1","max-image-preview":"max-image-preview:large","max-video-preview":"max-video-preview:-1"},"canonical":"https:\/\/www.bdpnt.com\/es\/product\/t221-c-tarjeta-pcie-timing-2\/","og_locale":"fr_FR","og_type":"article","og_title":"T221-C PCIe\u6388\u65f6\u5361 - \u5317\u6597\u90a6\u6cf0\u5b98\u7f51","og_description":"T221-C \u662f\u4e00\u6b3e\u9ad8\u6027\u80fdPCIe\u6388\u65f6\u5361\uff0c\u96c6\u6210GNSS\u63a5\u6536\u673a\u4e0e\u9ad8\u7a33\u65f6\u949f\uff08OCXO\/\u539f\u5b50\u949f\uff09\uff0c\u5b9e\u73b0\u7eb3\u79d2\u7ea7\u65f6\u95f4\u540c\u6b65\u4e0e\u53ef\u9760\u5b88\u65f6\u3002\u652f\u6301PPS\u3001TOD\u7b49\u53c2\u8003\u8f93\u5165\uff0c\u517c\u5bb9IEEE 1588\u534f\u8bae\u3002\u57fa\u4e8eFPGA\u67b6\u6784\uff0c\u529f\u80fd\u53ef\u5b9a\u5236\uff0c\u5177\u5907\u6297\u5e72\u6270\u80fd\u529b\u4e0e\u6807\u51c6PCIe\u8bbe\u8ba1\uff0c\u4fbf\u4e8e\u96c6\u6210\u90e8\u7f72\u3002\u9002\u7528\u4e8e\u79d1\u7814\u3001\u901a\u4fe1\u3001\u7535\u529b\u3001\u6570\u636e\u4e2d\u5fc3\u7b49\u573a\u666f\u3002","og_url":"https:\/\/www.bdpnt.com\/es\/product\/t221-c-tarjeta-pcie-timing-2\/","og_site_name":"\u5317\u6597\u90a6\u6cf0\u5b98\u7f51","article_modified_time":"2026-03-18T06:33:32+00:00","og_image":[{"width":1069,"height":552,"url":"https:\/\/www.bdpnt.com\/wp-content\/uploads\/2025\/07\/T221-C-\u767d\u8272.png","type":"image\/png"}],"twitter_card":"summary_large_image","twitter_misc":{"Dur\u00e9e de lecture estim\u00e9e":"1 minute"},"schema":{"@context":"https:\/\/schema.org","@graph":[{"@type":"WebPage","@id":"https:\/\/www.bdpnt.com\/es\/product\/t221-c-tarjeta-pcie-timing-2\/","url":"https:\/\/www.bdpnt.com\/es\/product\/t221-c-tarjeta-pcie-timing-2\/","name":"T221-C PCIe Timing Card - Beidou Bangtai Official Website","isPartOf":{"@id":"https:\/\/www.bdpnt.com\/#website"},"primaryImageOfPage":{"@id":"https:\/\/www.bdpnt.com\/es\/product\/t221-c-tarjeta-pcie-timing-2\/#primaryimage"},"image":{"@id":"https:\/\/www.bdpnt.com\/es\/product\/t221-c-tarjeta-pcie-timing-2\/#primaryimage"},"thumbnailUrl":"https:\/\/bdpnt.com\/wp-content\/uploads\/2025\/07\/T221-C-\u767d\u8272.png","datePublished":"2025-07-13T06:24:15+00:00","dateModified":"2026-03-18T06:33:32+00:00","breadcrumb":{"@id":"https:\/\/www.bdpnt.com\/es\/product\/t221-c-tarjeta-pcie-timing-2\/#breadcrumb"},"inLanguage":"fr-FR","potentialAction":[{"@type":"ReadAction","target":["https:\/\/www.bdpnt.com\/es\/product\/t221-c-tarjeta-pcie-timing-2\/"]}]},{"@type":"ImageObject","inLanguage":"fr-FR","@id":"https:\/\/www.bdpnt.com\/es\/product\/t221-c-tarjeta-pcie-timing-2\/#primaryimage","url":"https:\/\/bdpnt.com\/wp-content\/uploads\/2025\/07\/T221-C-\u767d\u8272.png","contentUrl":"https:\/\/bdpnt.com\/wp-content\/uploads\/2025\/07\/T221-C-\u767d\u8272.png","width":1069,"height":552},{"@type":"BreadcrumbList","@id":"https:\/\/www.bdpnt.com\/es\/product\/t221-c-tarjeta-pcie-timing-2\/#breadcrumb","itemListElement":[{"@type":"ListItem","position":1,"name":"\u9996\u9875","item":"https:\/\/www.bdpnt.com\/"},{"@type":"ListItem","position":2,"name":"Shop","item":"https:\/\/www.bdpnt.com\/shop\/"},{"@type":"ListItem","position":3,"name":"\u4ea7\u54c1","item":"https:\/\/www.bdpnt.com\/product-category\/products\/"},{"@type":"ListItem","position":4,"name":"\u901a\u7528GNSS \u65f6\u9891\u6a21\u5757","item":"https:\/\/www.bdpnt.com\/es\/product-category\/productos\/modulo-de-tiempo-y-frecuencia-gnss\/"},{"@type":"ListItem","position":5,"name":"\u6388\u65f6\u5361","item":"https:\/\/www.bdpnt.com\/es\/product-category\/productos\/modulo-de-tiempo-y-frecuencia-gnss\/tarjeta-de-tiempo\/"},{"@type":"ListItem","position":6,"name":"T221-C PCIe\u6388\u65f6\u5361"}]},{"@type":"WebSite","@id":"https:\/\/www.bdpnt.com\/#website","url":"https:\/\/www.bdpnt.com\/","name":"Site officiel de Beidoubangtai","description":"bdstar time website","publisher":{"@id":"https:\/\/www.bdpnt.com\/#organization"},"alternateName":"BDSTAR TIME","potentialAction":[{"@type":"SearchAction","target":{"@type":"EntryPoint","urlTemplate":"https:\/\/www.bdpnt.com\/?s={search_term_string}"},"query-input":{"@type":"PropertyValueSpecification","valueRequired":true,"valueName":"search_term_string"}}],"inLanguage":"fr-FR"},{"@type":"Organization","@id":"https:\/\/www.bdpnt.com\/#organization","name":"Site officiel de Beidoubangtai","alternateName":"BDSTAR TIME","url":"https:\/\/www.bdpnt.com\/","logo":{"@type":"ImageObject","inLanguage":"fr-FR","@id":"https:\/\/www.bdpnt.com\/#\/schema\/logo\/image\/","url":"https:\/\/bdpnt.com\/wp-content\/uploads\/2025\/04\/\u5317\u6597\u90a6\u6cf0\u6700\u7ec8logo-\u6700\u7ec8\u7248\u5f69\u8272.png","contentUrl":"https:\/\/bdpnt.com\/wp-content\/uploads\/2025\/04\/\u5317\u6597\u90a6\u6cf0\u6700\u7ec8logo-\u6700\u7ec8\u7248\u5f69\u8272.png","width":234,"height":76,"caption":"\u5317\u6597\u90a6\u6cf0\u5b98\u7f51"},"image":{"@id":"https:\/\/www.bdpnt.com\/#\/schema\/logo\/image\/"}}]}},"_links":{"self":[{"href":"https:\/\/bdpnt.com\/fr\/wp-json\/wp\/v2\/product\/4462","targetHints":{"allow":["GET"]}}],"collection":[{"href":"https:\/\/bdpnt.com\/fr\/wp-json\/wp\/v2\/product"}],"about":[{"href":"https:\/\/bdpnt.com\/fr\/wp-json\/wp\/v2\/types\/product"}],"version-history":[{"count":7,"href":"https:\/\/bdpnt.com\/fr\/wp-json\/wp\/v2\/product\/4462\/revisions"}],"predecessor-version":[{"id":4483,"href":"https:\/\/bdpnt.com\/fr\/wp-json\/wp\/v2\/product\/4462\/revisions\/4483"}],"wp:featuredmedia":[{"embeddable":true,"href":"https:\/\/bdpnt.com\/fr\/wp-json\/wp\/v2\/media\/4474"}],"wp:attachment":[{"href":"https:\/\/bdpnt.com\/fr\/wp-json\/wp\/v2\/media?parent=4462"}],"wp:term":[{"taxonomy":"product_brand","embeddable":true,"href":"https:\/\/bdpnt.com\/fr\/wp-json\/wp\/v2\/product_brand?post=4462"},{"taxonomy":"product_cat","embeddable":true,"href":"https:\/\/bdpnt.com\/fr\/wp-json\/wp\/v2\/product_cat?post=4462"},{"taxonomy":"product_tag","embeddable":true,"href":"https:\/\/bdpnt.com\/fr\/wp-json\/wp\/v2\/product_tag?post=4462"}],"curies":[{"name":"wp","href":"https:\/\/api.w.org\/{rel}","templated":true}]}}