{"id":4434,"date":"2025-07-13T07:48:55","date_gmt":"2025-07-12T23:48:55","guid":{"rendered":"https:\/\/bdstarpnt.com\/?post_type=product&#038;p=4434"},"modified":"2026-03-18T14:33:53","modified_gmt":"2026-03-18T06:33:53","slug":"t220-c-pcie-pci-timing-card-2","status":"publish","type":"product","link":"https:\/\/bdpnt.com\/fr\/produit\/t220-c-pcie-pci-timing-card-2\/","title":{"rendered":"T220-C Carte de synchronisation PCIe"},"content":{"rendered":"<p class=\"p1\">La carte de synchronisation PCI T220-C prend en charge le r\u00e9cepteur multimode GPS\\BD, utilise un cristal local \u00e0 temp\u00e9rature constante pour fournir des informations temporelles pr\u00e9cises \u00e0 l'ordinateur. Elle peut \u00e9galement \u00eatre utilis\u00e9e pour la synchronisation externe et prend en charge les signaux de synchronisation IEEE1588, code B, 1PPS et TOD. La carte fournit des informations temporelles et des signaux d'interruption temporelle \u00e0 l'ordinateur par l'interm\u00e9diaire de l'interface PCI, ce qui permet de synchroniser l'heure du logiciel de l'ordinateur avec celle de la carte. Le cristal haute temp\u00e9rature int\u00e9gr\u00e9, m\u00eame si la source de temps de r\u00e9f\u00e9rence est coup\u00e9e, le cristal haute stabilit\u00e9 interne de la carte peut encore maintenir une certaine pr\u00e9cision temporelle dans une certaine plage de temps de fonctionnement continu, afin de continuer \u00e0 fournir au syst\u00e8me informatique des signaux temporels plus pr\u00e9cis, ce qui am\u00e9liore consid\u00e9rablement la fiabilit\u00e9 du fonctionnement continu du produit.<\/p>\n<p class=\"p1\">Domaines d'application : recherche scientifique et mesures, communication, \u00e9nergie \u00e9lectrique, circulation, automatisation industrielle, etc.<\/p>","protected":false},"excerpt":{"rendered":"<p>T220-C est une carte de chronom\u00e9trage PCI supportant le GPS\/Beidou, qui utilise un cristal local \u00e0 temp\u00e9rature constante pour fournir \u00e0 l'ordinateur des signaux d'interruption de temps et de chronom\u00e9trage pr\u00e9cis. Elle supporte les sorties IEEE1588, code B, 1PPS et TOD. Elle prend en charge les sorties IEEE1588, B-code, 1PPS et TOD. M\u00eame si la source de r\u00e9f\u00e9rence est interrompue, elle peut toujours s'appuyer sur le cristal tr\u00e8s stable pour continuer \u00e0 chronom\u00e9trer, ce qui garantit un fonctionnement tr\u00e8s fiable du syst\u00e8me. Il convient \u00e0 la recherche scientifique, \u00e0 la communication, \u00e0 l'\u00e9nergie \u00e9lectrique, \u00e0 la circulation et \u00e0 l'automatisation industrielle.<\/p>","protected":false},"featured_media":4438,"template":"","meta":{"_acf_changed":false,"site-sidebar-layout":"default","site-content-layout":"","ast-site-content-layout":"default","site-content-style":"default","site-sidebar-style":"default","ast-global-header-display":"","ast-banner-title-visibility":"","ast-main-header-display":"","ast-hfb-above-header-display":"","ast-hfb-below-header-display":"","ast-hfb-mobile-header-display":"","site-post-title":"","ast-breadcrumbs-content":"","ast-featured-img":"","footer-sml-layout":"","theme-transparent-header-meta":"default","adv-header-id-meta":"","stick-header-meta":"default","header-above-stick-meta":"","header-main-stick-meta":"","header-below-stick-meta":"","astra-migrate-meta-layouts":"set","ast-page-background-enabled":"default","ast-page-background-meta":{"desktop":{"background-color":"var(--ast-global-color-4)","background-image":"","background-repeat":"repeat","background-position":"center center","background-size":"auto","background-attachment":"scroll","background-type":"","background-media":"","overlay-type":"","overlay-color":"","overlay-opacity":"","overlay-gradient":""},"tablet":{"background-color":"","background-image":"","background-repeat":"repeat","background-position":"center center","background-size":"auto","background-attachment":"scroll","background-type":"","background-media":"","overlay-type":"","overlay-color":"","overlay-opacity":"","overlay-gradient":""},"mobile":{"background-color":"","background-image":"","background-repeat":"repeat","background-position":"center center","background-size":"auto","background-attachment":"scroll","background-type":"","background-media":"","overlay-type":"","overlay-color":"","overlay-opacity":"","overlay-gradient":""}},"ast-content-background-meta":{"desktop":{"background-color":"var(--ast-global-color-5)","background-image":"","background-repeat":"repeat","background-position":"center center","background-size":"auto","background-attachment":"scroll","background-type":"","background-media":"","overlay-type":"","overlay-color":"","overlay-opacity":"","overlay-gradient":""},"tablet":{"background-color":"var(--ast-global-color-5)","background-image":"","background-repeat":"repeat","background-position":"center center","background-size":"auto","background-attachment":"scroll","background-type":"","background-media":"","overlay-type":"","overlay-color":"","overlay-opacity":"","overlay-gradient":""},"mobile":{"background-color":"var(--ast-global-color-5)","background-image":"","background-repeat":"repeat","background-position":"center center","background-size":"auto","background-attachment":"scroll","background-type":"","background-media":"","overlay-type":"","overlay-color":"","overlay-opacity":"","overlay-gradient":""}}},"product_brand":[],"product_cat":[63],"product_tag":[],"class_list":{"0":"post-4434","1":"product","2":"type-product","3":"status-publish","4":"has-post-thumbnail","6":"product_cat-time-card","7":"pa_--gnssgps-beidou-galileo-glonass","8":"pa_--irig-b","9":"pa_--ntp-v4rfc-5905","10":"pa_--pps-todnmea-0183","11":"pa_--ptpieee-1588-v2-v2-1","12":"pa_--synceitu-t-g-8262-ssm-esmc","13":"pa_-197","14":"pa_-driver-support-domestic-os","15":"pa_--pci-pcie-pxi","16":"pa_--0-c--70-c","17":"pa_--40c--85c","18":"pa_-industrial-automation","19":"pa_-data-center-and-computing","20":"pa_-intelligent-transportation","21":"pa_-power-and-energy","22":"pa_-military-aviation","23":"pa_-metrology-and-testing","24":"pa_-communications-infrastructure","25":"pa_-financial-transactions","26":"pa_-ntp","27":"pa_-ptpv2-1","28":"pa_--10us24h","29":"pa_---155dbc-hz1khz","30":"pa_-227","31":"pa_-225","32":"pa_-1-ppsttl-rs-422","33":"pa_-10mhz-sine-wave-square-wave-output","34":"pa_-irig-bdcls-am","35":"pa_-rj451g","36":"pa_-todrs-232-nmea","37":"pa_-268","38":"desktop-align-left","39":"tablet-align-left","40":"mobile-align-left","41":"ast-product-gallery-layout-first-image-large","42":"ast-product-gallery-with-no-image","43":"ast-product-tabs-layout-horizontal","45":"first","46":"instock","47":"shipping-taxable","48":"product-type-simple"},"acf":[],"yoast_head":"<!-- This site is optimized with the Yoast SEO plugin v26.0 - https:\/\/yoast.com\/wordpress\/plugins\/seo\/ -->\n<title>T220-C PCIe PCI \u6388\u65f6\u5361 - \u5317\u6597\u90a6\u6cf0\u5b98\u7f51<\/title>\n<meta name=\"robots\" content=\"index, follow, max-snippet:-1, max-image-preview:large, max-video-preview:-1\" \/>\n<link rel=\"canonical\" href=\"https:\/\/www.bdpnt.com\/fr\/produit\/t220-c-pcie-pci-timing-card-2\/\" \/>\n<meta property=\"og:locale\" content=\"fr_FR\" \/>\n<meta property=\"og:type\" content=\"article\" \/>\n<meta property=\"og:title\" content=\"T220-C PCIe PCI \u6388\u65f6\u5361 - \u5317\u6597\u90a6\u6cf0\u5b98\u7f51\" \/>\n<meta property=\"og:description\" content=\"T220-C \u662f\u4e00\u6b3e\u652f\u6301GPS\/\u5317\u6597\u7684PCI\u6388\u65f6\u5361\uff0c\u9a6f\u670d\u672c\u5730\u6052\u6e29\u6676\u632f\uff0c\u5411\u8ba1\u7b97\u673a\u63d0\u4f9b\u7cbe\u51c6\u65f6\u95f4\u4e0e\u5b9a\u65f6\u4e2d\u65ad\u4fe1\u53f7\u3002\u652f\u6301IEEE1588\u3001B\u7801\u30011PPS\u3001TOD\u8f93\u51fa\uff0c\u5373\u4f7f\u53c2\u8003\u6e90\u4e2d\u65ad\uff0c\u4ecd\u53ef\u4f9d\u9760\u9ad8\u7a33\u6676\u632f\u6301\u7eed\u6388\u65f6\uff0c\u786e\u4fdd\u7cfb\u7edf\u9ad8\u53ef\u9760\u8fd0\u884c\u3002\u9002\u7528\u4e8e\u79d1\u7814\u3001\u901a\u4fe1\u3001\u7535\u529b\u3001\u4ea4\u901a\u53ca\u5de5\u4e1a\u81ea\u52a8\u5316\u7b49\u9886\u57df\u3002\" \/>\n<meta property=\"og:url\" content=\"https:\/\/www.bdpnt.com\/fr\/produit\/t220-c-pcie-pci-timing-card-2\/\" \/>\n<meta property=\"og:site_name\" content=\"\u5317\u6597\u90a6\u6cf0\u5b98\u7f51\" \/>\n<meta property=\"article:modified_time\" content=\"2026-03-18T06:33:53+00:00\" \/>\n<meta property=\"og:image\" content=\"https:\/\/www.bdpnt.com\/wp-content\/uploads\/2025\/07\/T220-c\u84dd\u8272\u4ea7\u54c1\u80cc\u666f\u6a21\u7248.png\" \/>\n\t<meta property=\"og:image:width\" content=\"960\" \/>\n\t<meta property=\"og:image:height\" content=\"480\" \/>\n\t<meta property=\"og:image:type\" content=\"image\/png\" \/>\n<meta name=\"twitter:card\" content=\"summary_large_image\" \/>\n<meta name=\"twitter:label1\" content=\"Dur\u00e9e de lecture estim\u00e9e\" \/>\n\t<meta name=\"twitter:data1\" content=\"1 minute\" \/>\n<script type=\"application\/ld+json\" class=\"yoast-schema-graph\">{\"@context\":\"https:\/\/schema.org\",\"@graph\":[{\"@type\":\"WebPage\",\"@id\":\"https:\/\/www.bdpnt.com\/fr\/produit\/t220-c-pcie-pci-timing-card-2\/\",\"url\":\"https:\/\/www.bdpnt.com\/fr\/produit\/t220-c-pcie-pci-timing-card-2\/\",\"name\":\"T220-C PCIe PCI \u6388\u65f6\u5361 - \u5317\u6597\u90a6\u6cf0\u5b98\u7f51\",\"isPartOf\":{\"@id\":\"https:\/\/www.bdpnt.com\/fr\/#website\"},\"primaryImageOfPage\":{\"@id\":\"https:\/\/www.bdpnt.com\/fr\/produit\/t220-c-pcie-pci-timing-card-2\/#primaryimage\"},\"image\":{\"@id\":\"https:\/\/www.bdpnt.com\/fr\/produit\/t220-c-pcie-pci-timing-card-2\/#primaryimage\"},\"thumbnailUrl\":\"https:\/\/bdpnt.com\/wp-content\/uploads\/2025\/07\/T220-c\u84dd\u8272\u4ea7\u54c1\u80cc\u666f\u6a21\u7248.png\",\"datePublished\":\"2025-07-12T23:48:55+00:00\",\"dateModified\":\"2026-03-18T06:33:53+00:00\",\"breadcrumb\":{\"@id\":\"https:\/\/www.bdpnt.com\/fr\/produit\/t220-c-pcie-pci-timing-card-2\/#breadcrumb\"},\"inLanguage\":\"fr-FR\",\"potentialAction\":[{\"@type\":\"ReadAction\",\"target\":[\"https:\/\/www.bdpnt.com\/fr\/produit\/t220-c-pcie-pci-timing-card-2\/\"]}]},{\"@type\":\"ImageObject\",\"inLanguage\":\"fr-FR\",\"@id\":\"https:\/\/www.bdpnt.com\/fr\/produit\/t220-c-pcie-pci-timing-card-2\/#primaryimage\",\"url\":\"https:\/\/bdpnt.com\/wp-content\/uploads\/2025\/07\/T220-c\u84dd\u8272\u4ea7\u54c1\u80cc\u666f\u6a21\u7248.png\",\"contentUrl\":\"https:\/\/bdpnt.com\/wp-content\/uploads\/2025\/07\/T220-c\u84dd\u8272\u4ea7\u54c1\u80cc\u666f\u6a21\u7248.png\",\"width\":960,\"height\":480},{\"@type\":\"BreadcrumbList\",\"@id\":\"https:\/\/www.bdpnt.com\/fr\/produit\/t220-c-pcie-pci-timing-card-2\/#breadcrumb\",\"itemListElement\":[{\"@type\":\"ListItem\",\"position\":1,\"name\":\"\u9996\u9875\",\"item\":\"https:\/\/bdpnt.com\/ru\/\"},{\"@type\":\"ListItem\",\"position\":2,\"name\":\"Shop\",\"item\":\"https:\/\/bdpnt.com\/ru\/%d0%bc%d0%b0%d0%b3%d0%b0%d0%b7%d0%b8%d0%bd\/\"},{\"@type\":\"ListItem\",\"position\":3,\"name\":\"\u4ea7\u54c1\",\"item\":\"https:\/\/bdpnt.com\/ru\/product-category\/%d0%bf%d1%80%d0%be%d0%b4%d1%83%d0%ba%d1%86%d0%b8%d1%8f\/\"},{\"@type\":\"ListItem\",\"position\":4,\"name\":\"\u901a\u7528GNSS \u65f6\u9891\u6a21\u5757\",\"item\":\"https:\/\/bdpnt.com\/ru\/product-category\/%d0%bf%d1%80%d0%be%d0%b4%d1%83%d0%ba%d1%86%d0%b8%d1%8f\/%d0%bc%d0%be%d0%b4%d1%83%d0%bb%d1%8c-%d0%b2%d1%80%d0%b5%d0%bc%d0%b5%d0%bd%d0%b8-%d0%b8-%d1%87%d0%b0%d1%81%d1%82%d0%be%d1%82%d1%8b-gnss\/\"},{\"@type\":\"ListItem\",\"position\":5,\"name\":\"\u6388\u65f6\u5361\",\"item\":\"https:\/\/www.bdpnt.com\/en\/product-category\/products\/gnss-time-and-frequency-module\/time-card\/\"},{\"@type\":\"ListItem\",\"position\":6,\"name\":\"T220-C PCIe PCI \u6388\u65f6\u5361\"}]},{\"@type\":\"WebSite\",\"@id\":\"https:\/\/www.bdpnt.com\/fr\/#website\",\"url\":\"https:\/\/www.bdpnt.com\/fr\/\",\"name\":\"\u5317\u6597\u90a6\u6cf0\u5b98\u7f51\",\"description\":\"bdstar time website\",\"publisher\":{\"@id\":\"https:\/\/www.bdpnt.com\/fr\/#organization\"},\"alternateName\":\"BDSTAR TIME\",\"potentialAction\":[{\"@type\":\"SearchAction\",\"target\":{\"@type\":\"EntryPoint\",\"urlTemplate\":\"https:\/\/www.bdpnt.com\/fr\/?s={search_term_string}\"},\"query-input\":{\"@type\":\"PropertyValueSpecification\",\"valueRequired\":true,\"valueName\":\"search_term_string\"}}],\"inLanguage\":\"fr-FR\"},{\"@type\":\"Organization\",\"@id\":\"https:\/\/www.bdpnt.com\/fr\/#organization\",\"name\":\"\u5317\u6597\u90a6\u6cf0\u5b98\u7f51\",\"alternateName\":\"BDSTAR TIME\",\"url\":\"https:\/\/www.bdpnt.com\/fr\/\",\"logo\":{\"@type\":\"ImageObject\",\"inLanguage\":\"fr-FR\",\"@id\":\"https:\/\/www.bdpnt.com\/fr\/#\/schema\/logo\/image\/\",\"url\":\"https:\/\/bdpnt.com\/wp-content\/uploads\/2025\/04\/\u5317\u6597\u90a6\u6cf0\u6700\u7ec8logo-\u6700\u7ec8\u7248\u5f69\u8272.png\",\"contentUrl\":\"https:\/\/bdpnt.com\/wp-content\/uploads\/2025\/04\/\u5317\u6597\u90a6\u6cf0\u6700\u7ec8logo-\u6700\u7ec8\u7248\u5f69\u8272.png\",\"width\":234,\"height\":76,\"caption\":\"\u5317\u6597\u90a6\u6cf0\u5b98\u7f51\"},\"image\":{\"@id\":\"https:\/\/www.bdpnt.com\/fr\/#\/schema\/logo\/image\/\"}}]}<\/script>\n<!-- \/ Yoast SEO plugin. -->","yoast_head_json":{"title":"T220-C PCIe PCI Timer Card - Beidou Bontec Official Website","robots":{"index":"index","follow":"follow","max-snippet":"max-snippet:-1","max-image-preview":"max-image-preview:large","max-video-preview":"max-video-preview:-1"},"canonical":"https:\/\/www.bdpnt.com\/fr\/produit\/t220-c-pcie-pci-timing-card-2\/","og_locale":"fr_FR","og_type":"article","og_title":"T220-C PCIe PCI \u6388\u65f6\u5361 - \u5317\u6597\u90a6\u6cf0\u5b98\u7f51","og_description":"T220-C \u662f\u4e00\u6b3e\u652f\u6301GPS\/\u5317\u6597\u7684PCI\u6388\u65f6\u5361\uff0c\u9a6f\u670d\u672c\u5730\u6052\u6e29\u6676\u632f\uff0c\u5411\u8ba1\u7b97\u673a\u63d0\u4f9b\u7cbe\u51c6\u65f6\u95f4\u4e0e\u5b9a\u65f6\u4e2d\u65ad\u4fe1\u53f7\u3002\u652f\u6301IEEE1588\u3001B\u7801\u30011PPS\u3001TOD\u8f93\u51fa\uff0c\u5373\u4f7f\u53c2\u8003\u6e90\u4e2d\u65ad\uff0c\u4ecd\u53ef\u4f9d\u9760\u9ad8\u7a33\u6676\u632f\u6301\u7eed\u6388\u65f6\uff0c\u786e\u4fdd\u7cfb\u7edf\u9ad8\u53ef\u9760\u8fd0\u884c\u3002\u9002\u7528\u4e8e\u79d1\u7814\u3001\u901a\u4fe1\u3001\u7535\u529b\u3001\u4ea4\u901a\u53ca\u5de5\u4e1a\u81ea\u52a8\u5316\u7b49\u9886\u57df\u3002","og_url":"https:\/\/www.bdpnt.com\/fr\/produit\/t220-c-pcie-pci-timing-card-2\/","og_site_name":"\u5317\u6597\u90a6\u6cf0\u5b98\u7f51","article_modified_time":"2026-03-18T06:33:53+00:00","og_image":[{"width":960,"height":480,"url":"https:\/\/www.bdpnt.com\/wp-content\/uploads\/2025\/07\/T220-c\u84dd\u8272\u4ea7\u54c1\u80cc\u666f\u6a21\u7248.png","type":"image\/png"}],"twitter_card":"summary_large_image","twitter_misc":{"Dur\u00e9e de lecture estim\u00e9e":"1 minute"},"schema":{"@context":"https:\/\/schema.org","@graph":[{"@type":"WebPage","@id":"https:\/\/www.bdpnt.com\/fr\/produit\/t220-c-pcie-pci-timing-card-2\/","url":"https:\/\/www.bdpnt.com\/fr\/produit\/t220-c-pcie-pci-timing-card-2\/","name":"T220-C PCIe PCI Timer Card - Beidou Bontec Official Website","isPartOf":{"@id":"https:\/\/www.bdpnt.com\/fr\/#website"},"primaryImageOfPage":{"@id":"https:\/\/www.bdpnt.com\/fr\/produit\/t220-c-pcie-pci-timing-card-2\/#primaryimage"},"image":{"@id":"https:\/\/www.bdpnt.com\/fr\/produit\/t220-c-pcie-pci-timing-card-2\/#primaryimage"},"thumbnailUrl":"https:\/\/bdpnt.com\/wp-content\/uploads\/2025\/07\/T220-c\u84dd\u8272\u4ea7\u54c1\u80cc\u666f\u6a21\u7248.png","datePublished":"2025-07-12T23:48:55+00:00","dateModified":"2026-03-18T06:33:53+00:00","breadcrumb":{"@id":"https:\/\/www.bdpnt.com\/fr\/produit\/t220-c-pcie-pci-timing-card-2\/#breadcrumb"},"inLanguage":"fr-FR","potentialAction":[{"@type":"ReadAction","target":["https:\/\/www.bdpnt.com\/fr\/produit\/t220-c-pcie-pci-timing-card-2\/"]}]},{"@type":"ImageObject","inLanguage":"fr-FR","@id":"https:\/\/www.bdpnt.com\/fr\/produit\/t220-c-pcie-pci-timing-card-2\/#primaryimage","url":"https:\/\/bdpnt.com\/wp-content\/uploads\/2025\/07\/T220-c\u84dd\u8272\u4ea7\u54c1\u80cc\u666f\u6a21\u7248.png","contentUrl":"https:\/\/bdpnt.com\/wp-content\/uploads\/2025\/07\/T220-c\u84dd\u8272\u4ea7\u54c1\u80cc\u666f\u6a21\u7248.png","width":960,"height":480},{"@type":"BreadcrumbList","@id":"https:\/\/www.bdpnt.com\/fr\/produit\/t220-c-pcie-pci-timing-card-2\/#breadcrumb","itemListElement":[{"@type":"ListItem","position":1,"name":"\u9996\u9875","item":"https:\/\/bdpnt.com\/ru\/"},{"@type":"ListItem","position":2,"name":"Shop","item":"https:\/\/bdpnt.com\/ru\/%d0%bc%d0%b0%d0%b3%d0%b0%d0%b7%d0%b8%d0%bd\/"},{"@type":"ListItem","position":3,"name":"\u4ea7\u54c1","item":"https:\/\/bdpnt.com\/ru\/product-category\/%d0%bf%d1%80%d0%be%d0%b4%d1%83%d0%ba%d1%86%d0%b8%d1%8f\/"},{"@type":"ListItem","position":4,"name":"\u901a\u7528GNSS \u65f6\u9891\u6a21\u5757","item":"https:\/\/bdpnt.com\/ru\/product-category\/%d0%bf%d1%80%d0%be%d0%b4%d1%83%d0%ba%d1%86%d0%b8%d1%8f\/%d0%bc%d0%be%d0%b4%d1%83%d0%bb%d1%8c-%d0%b2%d1%80%d0%b5%d0%bc%d0%b5%d0%bd%d0%b8-%d0%b8-%d1%87%d0%b0%d1%81%d1%82%d0%be%d1%82%d1%8b-gnss\/"},{"@type":"ListItem","position":5,"name":"\u6388\u65f6\u5361","item":"https:\/\/www.bdpnt.com\/en\/product-category\/products\/gnss-time-and-frequency-module\/time-card\/"},{"@type":"ListItem","position":6,"name":"T220-C PCIe PCI \u6388\u65f6\u5361"}]},{"@type":"WebSite","@id":"https:\/\/www.bdpnt.com\/fr\/#website","url":"https:\/\/www.bdpnt.com\/fr\/","name":"Site officiel de Beidoubangtai","description":"bdstar time website","publisher":{"@id":"https:\/\/www.bdpnt.com\/fr\/#organization"},"alternateName":"BDSTAR TIME","potentialAction":[{"@type":"SearchAction","target":{"@type":"EntryPoint","urlTemplate":"https:\/\/www.bdpnt.com\/fr\/?s={search_term_string}"},"query-input":{"@type":"PropertyValueSpecification","valueRequired":true,"valueName":"search_term_string"}}],"inLanguage":"fr-FR"},{"@type":"Organization","@id":"https:\/\/www.bdpnt.com\/fr\/#organization","name":"Site officiel de Beidoubangtai","alternateName":"BDSTAR TIME","url":"https:\/\/www.bdpnt.com\/fr\/","logo":{"@type":"ImageObject","inLanguage":"fr-FR","@id":"https:\/\/www.bdpnt.com\/fr\/#\/schema\/logo\/image\/","url":"https:\/\/bdpnt.com\/wp-content\/uploads\/2025\/04\/\u5317\u6597\u90a6\u6cf0\u6700\u7ec8logo-\u6700\u7ec8\u7248\u5f69\u8272.png","contentUrl":"https:\/\/bdpnt.com\/wp-content\/uploads\/2025\/04\/\u5317\u6597\u90a6\u6cf0\u6700\u7ec8logo-\u6700\u7ec8\u7248\u5f69\u8272.png","width":234,"height":76,"caption":"\u5317\u6597\u90a6\u6cf0\u5b98\u7f51"},"image":{"@id":"https:\/\/www.bdpnt.com\/fr\/#\/schema\/logo\/image\/"}}]}},"_links":{"self":[{"href":"https:\/\/bdpnt.com\/fr\/wp-json\/wp\/v2\/product\/4434","targetHints":{"allow":["GET"]}}],"collection":[{"href":"https:\/\/bdpnt.com\/fr\/wp-json\/wp\/v2\/product"}],"about":[{"href":"https:\/\/bdpnt.com\/fr\/wp-json\/wp\/v2\/types\/product"}],"version-history":[{"count":5,"href":"https:\/\/bdpnt.com\/fr\/wp-json\/wp\/v2\/product\/4434\/revisions"}],"predecessor-version":[{"id":4454,"href":"https:\/\/bdpnt.com\/fr\/wp-json\/wp\/v2\/product\/4434\/revisions\/4454"}],"wp:featuredmedia":[{"embeddable":true,"href":"https:\/\/bdpnt.com\/fr\/wp-json\/wp\/v2\/media\/4438"}],"wp:attachment":[{"href":"https:\/\/bdpnt.com\/fr\/wp-json\/wp\/v2\/media?parent=4434"}],"wp:term":[{"taxonomy":"product_brand","embeddable":true,"href":"https:\/\/bdpnt.com\/fr\/wp-json\/wp\/v2\/product_brand?post=4434"},{"taxonomy":"product_cat","embeddable":true,"href":"https:\/\/bdpnt.com\/fr\/wp-json\/wp\/v2\/product_cat?post=4434"},{"taxonomy":"product_tag","embeddable":true,"href":"https:\/\/bdpnt.com\/fr\/wp-json\/wp\/v2\/product_tag?post=4434"}],"curies":[{"name":"wp","href":"https:\/\/api.w.org\/{rel}","templated":true}]}}