{"id":4390,"date":"2025-07-12T09:22:51","date_gmt":"2025-07-12T01:22:51","guid":{"rendered":"https:\/\/bdstarpnt.com\/?post_type=product&#038;p=4390"},"modified":"2026-03-18T14:34:21","modified_gmt":"2026-03-18T06:34:21","slug":"t220m-2-gnss-synchronisation-clock-module","status":"publish","type":"product","link":"http:\/\/bdpnt.com\/fr\/produit\/t220m-2-gnss-synchronisation-clock-module\/","title":{"rendered":"T220M-2 Module horloge synchronis\u00e9e GNSS"},"content":{"rendered":"<p class=\"p1\">Le module d'horloge synchrone GNSS T220M-2 est un module de temps et de fr\u00e9quence hautement int\u00e9gr\u00e9, dot\u00e9 d'un cristal de haute stabilit\u00e9 et d'une r\u00e9ception GNSS, qui peut \u00e9mettre un signal de fr\u00e9quence pr\u00e9cis et stable de 10 MHz et un signal de temps de 1PPS. Le module a un bruit de phase tr\u00e8s faible, une excellente capacit\u00e9 de chronom\u00e9trage et une large adaptabilit\u00e9 \u00e0 la temp\u00e9rature (-20\u2103 \u00e0 +70\u2103), ce qui convient aux environnements complexes tels que les environnements embarqu\u00e9s, a\u00e9riens et navals. Gr\u00e2ce \u00e0 la technologie de d\u00e9phasage de la m\u00eame fr\u00e9quence, le module am\u00e9liore la pr\u00e9cision du contr\u00f4le du cristal et peut toujours g\u00e9n\u00e9rer des signaux temps-fr\u00e9quence stables ind\u00e9pendamment lorsque le signal satellite est perdu pour assurer le fonctionnement normal du syst\u00e8me. Sa grande fiabilit\u00e9 et sa conception compacte permettent de r\u00e9pondre \u00e0 de nombreuses exigences en mati\u00e8re de synchronisation de haute pr\u00e9cision.<\/p>\n<p class=\"p1\">Domaines d'application : d\u00e9fense, communications, navigation, m\u00e9t\u00e9orologie, m\u00e9trologie, radio et t\u00e9l\u00e9vision, automatisation industrielle.<\/p>","protected":false},"excerpt":{"rendered":"<p>T220M-2 est un module d'horloge synchrone GNSS hautement int\u00e9gr\u00e9 avec cristal de haute stabilit\u00e9 et r\u00e9cepteur GNSS int\u00e9gr\u00e9s, \u00e9mettant des signaux 10MHz et 1PPS de haute pr\u00e9cision. Il pr\u00e9sente un faible bruit de phase, une forte capacit\u00e9 de maintien du temps et une large adaptabilit\u00e9 \u00e0 la temp\u00e9rature de -20\u2103 \u00e0 +70\u2103, et am\u00e9liore la pr\u00e9cision du contr\u00f4le de la stabilit\u00e9 gr\u00e2ce \u00e0 la technologie de d\u00e9phasage \u00e0 fr\u00e9quence identique, et peut toujours \u00e9mettre de mani\u00e8re stable apr\u00e8s avoir perdu le verrouillage, ce qui convient aux sc\u00e9narios de haute pr\u00e9cision dans la d\u00e9fense nationale, la communication, la navigation, la m\u00e9t\u00e9orologie, la m\u00e9trologie, et ainsi de suite.<\/p>","protected":false},"featured_media":4393,"template":"","meta":{"_acf_changed":false,"site-sidebar-layout":"default","site-content-layout":"","ast-site-content-layout":"default","site-content-style":"default","site-sidebar-style":"default","ast-global-header-display":"","ast-banner-title-visibility":"","ast-main-header-display":"","ast-hfb-above-header-display":"","ast-hfb-below-header-display":"","ast-hfb-mobile-header-display":"","site-post-title":"","ast-breadcrumbs-content":"","ast-featured-img":"","footer-sml-layout":"","theme-transparent-header-meta":"default","adv-header-id-meta":"","stick-header-meta":"default","header-above-stick-meta":"","header-main-stick-meta":"","header-below-stick-meta":"","astra-migrate-meta-layouts":"set","ast-page-background-enabled":"default","ast-page-background-meta":{"desktop":{"background-color":"var(--ast-global-color-4)","background-image":"","background-repeat":"repeat","background-position":"center center","background-size":"auto","background-attachment":"scroll","background-type":"","background-media":"","overlay-type":"","overlay-color":"","overlay-opacity":"","overlay-gradient":""},"tablet":{"background-color":"","background-image":"","background-repeat":"repeat","background-position":"center center","background-size":"auto","background-attachment":"scroll","background-type":"","background-media":"","overlay-type":"","overlay-color":"","overlay-opacity":"","overlay-gradient":""},"mobile":{"background-color":"","background-image":"","background-repeat":"repeat","background-position":"center center","background-size":"auto","background-attachment":"scroll","background-type":"","background-media":"","overlay-type":"","overlay-color":"","overlay-opacity":"","overlay-gradient":""}},"ast-content-background-meta":{"desktop":{"background-color":"var(--ast-global-color-5)","background-image":"","background-repeat":"repeat","background-position":"center center","background-size":"auto","background-attachment":"scroll","background-type":"","background-media":"","overlay-type":"","overlay-color":"","overlay-opacity":"","overlay-gradient":""},"tablet":{"background-color":"var(--ast-global-color-5)","background-image":"","background-repeat":"repeat","background-position":"center center","background-size":"auto","background-attachment":"scroll","background-type":"","background-media":"","overlay-type":"","overlay-color":"","overlay-opacity":"","overlay-gradient":""},"mobile":{"background-color":"var(--ast-global-color-5)","background-image":"","background-repeat":"repeat","background-position":"center center","background-size":"auto","background-attachment":"scroll","background-type":"","background-media":"","overlay-type":"","overlay-color":"","overlay-opacity":"","overlay-gradient":""}}},"product_brand":[],"product_cat":[62],"product_tag":[],"class_list":{"0":"post-4390","1":"product","2":"type-product","3":"status-publish","4":"has-post-thumbnail","6":"product_cat-gnss-","7":"pa_--gnssgps-beidou-galileo-glonass","8":"pa_--pps-todnmea-0183","9":"pa_-197","10":"pa_--237","11":"pa_--0-c--70-c","12":"pa_--40c--85c","13":"pa_-military-aviation","14":"pa_-communications-infrastructure","15":"pa_-gnssdo","16":"pa_--5us24h","17":"pa_---155dbc-hz1khz","18":"pa_-227","19":"pa_-1-ppsttl-rs-422","20":"pa_-10mhz-sine-wave-square-wave-output","21":"pa_-todrs-232-nmea","22":"pa_-dc-12v","23":"desktop-align-left","24":"tablet-align-left","25":"mobile-align-left","26":"ast-product-gallery-layout-first-image-large","27":"ast-product-gallery-with-no-image","28":"ast-product-tabs-layout-horizontal","30":"first","31":"instock","32":"shipping-taxable","33":"product-type-simple"},"acf":[],"yoast_head":"<!-- This site is optimized with the Yoast SEO plugin v26.0 - https:\/\/yoast.com\/wordpress\/plugins\/seo\/ -->\n<title>T220M-2 GNSS\u540c\u6b65\u65f6\u949f\u6a21\u5757 - \u5317\u6597\u90a6\u6cf0\u5b98\u7f51<\/title>\n<meta name=\"robots\" content=\"index, follow, max-snippet:-1, max-image-preview:large, max-video-preview:-1\" \/>\n<link rel=\"canonical\" href=\"https:\/\/www.bdpnt.com\/ru\/product\/t220m-2-\u043c\u043e\u0434\u0443\u043b\u044c-\u0441\u0438\u043d\u0445\u0440\u043e\u043d\u0438\u0437\u0430\u0446\u0438\u0438-gnss\/\" \/>\n<meta property=\"og:locale\" content=\"fr_FR\" \/>\n<meta property=\"og:type\" content=\"article\" \/>\n<meta property=\"og:title\" content=\"T220M-2 GNSS\u540c\u6b65\u65f6\u949f\u6a21\u5757 - \u5317\u6597\u90a6\u6cf0\u5b98\u7f51\" \/>\n<meta property=\"og:description\" content=\"T220M-2 \u662f\u4e00\u6b3e\u9ad8\u96c6\u6210GNSS\u540c\u6b65\u65f6\u949f\u6a21\u5757\uff0c\u5185\u7f6e\u9ad8\u7a33\u6676\u632f\u4e0eGNSS\u63a5\u6536\u5668\uff0c\u8f93\u51fa\u9ad8\u7cbe\u5ea610MHz\u4e0e1PPS\u4fe1\u53f7\u3002\u5177\u5907\u4f4e\u76f8\u566a\u3001\u5f3a\u5b88\u65f6\u80fd\u529b\u53ca\u201320\u2103\u81f3+70\u2103\u5bbd\u6e29\u9002\u5e94\u6027\uff0c\u901a\u8fc7\u540c\u9891\u76f8\u79fb\u6280\u672f\u63d0\u5347\u63a7\u7a33\u7cbe\u5ea6\uff0c\u5931\u9501\u540e\u4ecd\u53ef\u7a33\u5b9a\u8f93\u51fa\uff0c\u9002\u7528\u4e8e\u56fd\u9632\u3001\u901a\u4fe1\u3001\u5bfc\u822a\u3001\u6c14\u8c61\u3001\u8ba1\u91cf\u7b49\u9ad8\u7cbe\u5ea6\u573a\u666f\u3002\" \/>\n<meta property=\"og:url\" content=\"https:\/\/www.bdpnt.com\/ru\/product\/t220m-2-\u043c\u043e\u0434\u0443\u043b\u044c-\u0441\u0438\u043d\u0445\u0440\u043e\u043d\u0438\u0437\u0430\u0446\u0438\u0438-gnss\/\" \/>\n<meta property=\"og:site_name\" content=\"\u5317\u6597\u90a6\u6cf0\u5b98\u7f51\" \/>\n<meta property=\"article:modified_time\" content=\"2026-03-18T06:34:21+00:00\" \/>\n<meta property=\"og:image\" content=\"https:\/\/www.bdpnt.com\/wp-content\/uploads\/2025\/07\/T220M-2-\u84dd\u8272\u4ea7\u54c1\u80cc\u666f\u6a21\u7248.png\" \/>\n\t<meta property=\"og:image:width\" content=\"960\" \/>\n\t<meta property=\"og:image:height\" content=\"480\" \/>\n\t<meta property=\"og:image:type\" content=\"image\/png\" \/>\n<meta name=\"twitter:card\" content=\"summary_large_image\" \/>\n<script type=\"application\/ld+json\" class=\"yoast-schema-graph\">{\"@context\":\"https:\/\/schema.org\",\"@graph\":[{\"@type\":\"WebPage\",\"@id\":\"https:\/\/www.bdpnt.com\/ru\/product\/t220m-2-%d0%bc%d0%be%d0%b4%d1%83%d0%bb%d1%8c-%d1%81%d0%b8%d0%bd%d1%85%d1%80%d0%be%d0%bd%d0%b8%d0%b7%d0%b0%d1%86%d0%b8%d0%b8-gnss\/\",\"url\":\"https:\/\/www.bdpnt.com\/ru\/product\/t220m-2-%d0%bc%d0%be%d0%b4%d1%83%d0%bb%d1%8c-%d1%81%d0%b8%d0%bd%d1%85%d1%80%d0%be%d0%bd%d0%b8%d0%b7%d0%b0%d1%86%d0%b8%d0%b8-gnss\/\",\"name\":\"T220M-2 GNSS\u540c\u6b65\u65f6\u949f\u6a21\u5757 - \u5317\u6597\u90a6\u6cf0\u5b98\u7f51\",\"isPartOf\":{\"@id\":\"https:\/\/www.bdpnt.com\/ja\/#website\"},\"primaryImageOfPage\":{\"@id\":\"https:\/\/www.bdpnt.com\/ru\/product\/t220m-2-%d0%bc%d0%be%d0%b4%d1%83%d0%bb%d1%8c-%d1%81%d0%b8%d0%bd%d1%85%d1%80%d0%be%d0%bd%d0%b8%d0%b7%d0%b0%d1%86%d0%b8%d0%b8-gnss\/#primaryimage\"},\"image\":{\"@id\":\"https:\/\/www.bdpnt.com\/ru\/product\/t220m-2-%d0%bc%d0%be%d0%b4%d1%83%d0%bb%d1%8c-%d1%81%d0%b8%d0%bd%d1%85%d1%80%d0%be%d0%bd%d0%b8%d0%b7%d0%b0%d1%86%d0%b8%d0%b8-gnss\/#primaryimage\"},\"thumbnailUrl\":\"https:\/\/bdpnt.com\/wp-content\/uploads\/2025\/07\/T220M-2-\u84dd\u8272\u4ea7\u54c1\u80cc\u666f\u6a21\u7248.png\",\"datePublished\":\"2025-07-12T01:22:51+00:00\",\"dateModified\":\"2026-03-18T06:34:21+00:00\",\"breadcrumb\":{\"@id\":\"https:\/\/www.bdpnt.com\/ru\/product\/t220m-2-%d0%bc%d0%be%d0%b4%d1%83%d0%bb%d1%8c-%d1%81%d0%b8%d0%bd%d1%85%d1%80%d0%be%d0%bd%d0%b8%d0%b7%d0%b0%d1%86%d0%b8%d0%b8-gnss\/#breadcrumb\"},\"inLanguage\":\"fr-FR\",\"potentialAction\":[{\"@type\":\"ReadAction\",\"target\":[\"https:\/\/www.bdpnt.com\/ru\/product\/t220m-2-%d0%bc%d0%be%d0%b4%d1%83%d0%bb%d1%8c-%d1%81%d0%b8%d0%bd%d1%85%d1%80%d0%be%d0%bd%d0%b8%d0%b7%d0%b0%d1%86%d0%b8%d0%b8-gnss\/\"]}]},{\"@type\":\"ImageObject\",\"inLanguage\":\"fr-FR\",\"@id\":\"https:\/\/www.bdpnt.com\/ru\/product\/t220m-2-%d0%bc%d0%be%d0%b4%d1%83%d0%bb%d1%8c-%d1%81%d0%b8%d0%bd%d1%85%d1%80%d0%be%d0%bd%d0%b8%d0%b7%d0%b0%d1%86%d0%b8%d0%b8-gnss\/#primaryimage\",\"url\":\"https:\/\/bdpnt.com\/wp-content\/uploads\/2025\/07\/T220M-2-\u84dd\u8272\u4ea7\u54c1\u80cc\u666f\u6a21\u7248.png\",\"contentUrl\":\"https:\/\/bdpnt.com\/wp-content\/uploads\/2025\/07\/T220M-2-\u84dd\u8272\u4ea7\u54c1\u80cc\u666f\u6a21\u7248.png\",\"width\":960,\"height\":480},{\"@type\":\"BreadcrumbList\",\"@id\":\"https:\/\/www.bdpnt.com\/ru\/product\/t220m-2-%d0%bc%d0%be%d0%b4%d1%83%d0%bb%d1%8c-%d1%81%d0%b8%d0%bd%d1%85%d1%80%d0%be%d0%bd%d0%b8%d0%b7%d0%b0%d1%86%d0%b8%d0%b8-gnss\/#breadcrumb\",\"itemListElement\":[{\"@type\":\"ListItem\",\"position\":1,\"name\":\"\u9996\u9875\",\"item\":\"https:\/\/www.bdpnt.com\/\"},{\"@type\":\"ListItem\",\"position\":2,\"name\":\"Shop\",\"item\":\"https:\/\/www.bdpnt.com\/shop\/\"},{\"@type\":\"ListItem\",\"position\":3,\"name\":\"\u4ea7\u54c1\",\"item\":\"https:\/\/www.bdpnt.com\/product-category\/products\/\"},{\"@type\":\"ListItem\",\"position\":4,\"name\":\"\u901a\u7528GNSS \u65f6\u9891\u6a21\u5757\",\"item\":\"https:\/\/www.bdpnt.com\/fr\/categorie-produit\/produits\/module-temps-et-frequence-gnss\/\"},{\"@type\":\"ListItem\",\"position\":5,\"name\":\"GNSS \u9a6f\u670d\u6052\u6e29\u6676\u632f\",\"item\":\"https:\/\/www.bdpnt.com\/ru\/product-category\/%d0%bf%d1%80%d0%be%d0%b4%d1%83%d0%ba%d1%86%d0%b8%d1%8f\/%d0%bc%d0%be%d0%b4%d1%83%d0%bb%d1%8c-%d0%b2%d1%80%d0%b5%d0%bc%d0%b5%d0%bd%d0%b8-%d0%b8-%d1%87%d0%b0%d1%81%d1%82%d0%be%d1%82%d1%8b-gnss\/gnss-%d1%83%d0%ba%d1%80%d0%be%d1%89%d0%b5%d0%bd%d0%b8%d0%b5-%d1%82%d0%b5%d1%80%d0%bc%d0%be%d1%81%d1%82%d0%b0%d1%82%d0%b8%d1%87%d0%b5%d1%81%d0%ba%d0%b8%d1%85-%d0%ba%d1%80%d0%b8%d1%81%d1%82%d0%b0%d0%bb\/\"},{\"@type\":\"ListItem\",\"position\":6,\"name\":\"T220M-2 GNSS\u540c\u6b65\u65f6\u949f\u6a21\u5757\"}]},{\"@type\":\"WebSite\",\"@id\":\"https:\/\/www.bdpnt.com\/ja\/#website\",\"url\":\"https:\/\/www.bdpnt.com\/ja\/\",\"name\":\"\u5317\u6597\u90a6\u6cf0\u5b98\u7f51\",\"description\":\"bdstar time website\",\"publisher\":{\"@id\":\"https:\/\/www.bdpnt.com\/ja\/#organization\"},\"alternateName\":\"BDSTAR TIME\",\"potentialAction\":[{\"@type\":\"SearchAction\",\"target\":{\"@type\":\"EntryPoint\",\"urlTemplate\":\"https:\/\/www.bdpnt.com\/ja\/?s={search_term_string}\"},\"query-input\":{\"@type\":\"PropertyValueSpecification\",\"valueRequired\":true,\"valueName\":\"search_term_string\"}}],\"inLanguage\":\"fr-FR\"},{\"@type\":\"Organization\",\"@id\":\"https:\/\/www.bdpnt.com\/ja\/#organization\",\"name\":\"\u5317\u6597\u90a6\u6cf0\u5b98\u7f51\",\"alternateName\":\"BDSTAR TIME\",\"url\":\"https:\/\/www.bdpnt.com\/ja\/\",\"logo\":{\"@type\":\"ImageObject\",\"inLanguage\":\"fr-FR\",\"@id\":\"https:\/\/www.bdpnt.com\/ja\/#\/schema\/logo\/image\/\",\"url\":\"https:\/\/bdpnt.com\/wp-content\/uploads\/2025\/04\/\u5317\u6597\u90a6\u6cf0\u6700\u7ec8logo-\u6700\u7ec8\u7248\u5f69\u8272.png\",\"contentUrl\":\"https:\/\/bdpnt.com\/wp-content\/uploads\/2025\/04\/\u5317\u6597\u90a6\u6cf0\u6700\u7ec8logo-\u6700\u7ec8\u7248\u5f69\u8272.png\",\"width\":234,\"height\":76,\"caption\":\"\u5317\u6597\u90a6\u6cf0\u5b98\u7f51\"},\"image\":{\"@id\":\"https:\/\/www.bdpnt.com\/ja\/#\/schema\/logo\/image\/\"}}]}<\/script>\n<!-- \/ Yoast SEO plugin. -->","yoast_head_json":{"title":"T220M-2 GNSS Synchronous Clock Module - Beidou Bangtai Official Website","robots":{"index":"index","follow":"follow","max-snippet":"max-snippet:-1","max-image-preview":"max-image-preview:large","max-video-preview":"max-video-preview:-1"},"canonical":"https:\/\/www.bdpnt.com\/ru\/product\/t220m-2-\u043c\u043e\u0434\u0443\u043b\u044c-\u0441\u0438\u043d\u0445\u0440\u043e\u043d\u0438\u0437\u0430\u0446\u0438\u0438-gnss\/","og_locale":"fr_FR","og_type":"article","og_title":"T220M-2 GNSS\u540c\u6b65\u65f6\u949f\u6a21\u5757 - \u5317\u6597\u90a6\u6cf0\u5b98\u7f51","og_description":"T220M-2 \u662f\u4e00\u6b3e\u9ad8\u96c6\u6210GNSS\u540c\u6b65\u65f6\u949f\u6a21\u5757\uff0c\u5185\u7f6e\u9ad8\u7a33\u6676\u632f\u4e0eGNSS\u63a5\u6536\u5668\uff0c\u8f93\u51fa\u9ad8\u7cbe\u5ea610MHz\u4e0e1PPS\u4fe1\u53f7\u3002\u5177\u5907\u4f4e\u76f8\u566a\u3001\u5f3a\u5b88\u65f6\u80fd\u529b\u53ca\u201320\u2103\u81f3+70\u2103\u5bbd\u6e29\u9002\u5e94\u6027\uff0c\u901a\u8fc7\u540c\u9891\u76f8\u79fb\u6280\u672f\u63d0\u5347\u63a7\u7a33\u7cbe\u5ea6\uff0c\u5931\u9501\u540e\u4ecd\u53ef\u7a33\u5b9a\u8f93\u51fa\uff0c\u9002\u7528\u4e8e\u56fd\u9632\u3001\u901a\u4fe1\u3001\u5bfc\u822a\u3001\u6c14\u8c61\u3001\u8ba1\u91cf\u7b49\u9ad8\u7cbe\u5ea6\u573a\u666f\u3002","og_url":"https:\/\/www.bdpnt.com\/ru\/product\/t220m-2-\u043c\u043e\u0434\u0443\u043b\u044c-\u0441\u0438\u043d\u0445\u0440\u043e\u043d\u0438\u0437\u0430\u0446\u0438\u0438-gnss\/","og_site_name":"\u5317\u6597\u90a6\u6cf0\u5b98\u7f51","article_modified_time":"2026-03-18T06:34:21+00:00","og_image":[{"width":960,"height":480,"url":"https:\/\/www.bdpnt.com\/wp-content\/uploads\/2025\/07\/T220M-2-\u84dd\u8272\u4ea7\u54c1\u80cc\u666f\u6a21\u7248.png","type":"image\/png"}],"twitter_card":"summary_large_image","schema":{"@context":"https:\/\/schema.org","@graph":[{"@type":"WebPage","@id":"https:\/\/www.bdpnt.com\/ru\/product\/t220m-2-%d0%bc%d0%be%d0%b4%d1%83%d0%bb%d1%8c-%d1%81%d0%b8%d0%bd%d1%85%d1%80%d0%be%d0%bd%d0%b8%d0%b7%d0%b0%d1%86%d0%b8%d0%b8-gnss\/","url":"https:\/\/www.bdpnt.com\/ru\/product\/t220m-2-%d0%bc%d0%be%d0%b4%d1%83%d0%bb%d1%8c-%d1%81%d0%b8%d0%bd%d1%85%d1%80%d0%be%d0%bd%d0%b8%d0%b7%d0%b0%d1%86%d0%b8%d0%b8-gnss\/","name":"T220M-2 GNSS Synchronous Clock Module - Beidou Bangtai Official Website","isPartOf":{"@id":"https:\/\/www.bdpnt.com\/ja\/#website"},"primaryImageOfPage":{"@id":"https:\/\/www.bdpnt.com\/ru\/product\/t220m-2-%d0%bc%d0%be%d0%b4%d1%83%d0%bb%d1%8c-%d1%81%d0%b8%d0%bd%d1%85%d1%80%d0%be%d0%bd%d0%b8%d0%b7%d0%b0%d1%86%d0%b8%d0%b8-gnss\/#primaryimage"},"image":{"@id":"https:\/\/www.bdpnt.com\/ru\/product\/t220m-2-%d0%bc%d0%be%d0%b4%d1%83%d0%bb%d1%8c-%d1%81%d0%b8%d0%bd%d1%85%d1%80%d0%be%d0%bd%d0%b8%d0%b7%d0%b0%d1%86%d0%b8%d0%b8-gnss\/#primaryimage"},"thumbnailUrl":"https:\/\/bdpnt.com\/wp-content\/uploads\/2025\/07\/T220M-2-\u84dd\u8272\u4ea7\u54c1\u80cc\u666f\u6a21\u7248.png","datePublished":"2025-07-12T01:22:51+00:00","dateModified":"2026-03-18T06:34:21+00:00","breadcrumb":{"@id":"https:\/\/www.bdpnt.com\/ru\/product\/t220m-2-%d0%bc%d0%be%d0%b4%d1%83%d0%bb%d1%8c-%d1%81%d0%b8%d0%bd%d1%85%d1%80%d0%be%d0%bd%d0%b8%d0%b7%d0%b0%d1%86%d0%b8%d0%b8-gnss\/#breadcrumb"},"inLanguage":"fr-FR","potentialAction":[{"@type":"ReadAction","target":["https:\/\/www.bdpnt.com\/ru\/product\/t220m-2-%d0%bc%d0%be%d0%b4%d1%83%d0%bb%d1%8c-%d1%81%d0%b8%d0%bd%d1%85%d1%80%d0%be%d0%bd%d0%b8%d0%b7%d0%b0%d1%86%d0%b8%d0%b8-gnss\/"]}]},{"@type":"ImageObject","inLanguage":"fr-FR","@id":"https:\/\/www.bdpnt.com\/ru\/product\/t220m-2-%d0%bc%d0%be%d0%b4%d1%83%d0%bb%d1%8c-%d1%81%d0%b8%d0%bd%d1%85%d1%80%d0%be%d0%bd%d0%b8%d0%b7%d0%b0%d1%86%d0%b8%d0%b8-gnss\/#primaryimage","url":"https:\/\/bdpnt.com\/wp-content\/uploads\/2025\/07\/T220M-2-\u84dd\u8272\u4ea7\u54c1\u80cc\u666f\u6a21\u7248.png","contentUrl":"https:\/\/bdpnt.com\/wp-content\/uploads\/2025\/07\/T220M-2-\u84dd\u8272\u4ea7\u54c1\u80cc\u666f\u6a21\u7248.png","width":960,"height":480},{"@type":"BreadcrumbList","@id":"https:\/\/www.bdpnt.com\/ru\/product\/t220m-2-%d0%bc%d0%be%d0%b4%d1%83%d0%bb%d1%8c-%d1%81%d0%b8%d0%bd%d1%85%d1%80%d0%be%d0%bd%d0%b8%d0%b7%d0%b0%d1%86%d0%b8%d0%b8-gnss\/#breadcrumb","itemListElement":[{"@type":"ListItem","position":1,"name":"\u9996\u9875","item":"https:\/\/www.bdpnt.com\/"},{"@type":"ListItem","position":2,"name":"Shop","item":"https:\/\/www.bdpnt.com\/shop\/"},{"@type":"ListItem","position":3,"name":"\u4ea7\u54c1","item":"https:\/\/www.bdpnt.com\/product-category\/products\/"},{"@type":"ListItem","position":4,"name":"\u901a\u7528GNSS \u65f6\u9891\u6a21\u5757","item":"https:\/\/www.bdpnt.com\/fr\/categorie-produit\/produits\/module-temps-et-frequence-gnss\/"},{"@type":"ListItem","position":5,"name":"GNSS \u9a6f\u670d\u6052\u6e29\u6676\u632f","item":"https:\/\/www.bdpnt.com\/ru\/product-category\/%d0%bf%d1%80%d0%be%d0%b4%d1%83%d0%ba%d1%86%d0%b8%d1%8f\/%d0%bc%d0%be%d0%b4%d1%83%d0%bb%d1%8c-%d0%b2%d1%80%d0%b5%d0%bc%d0%b5%d0%bd%d0%b8-%d0%b8-%d1%87%d0%b0%d1%81%d1%82%d0%be%d1%82%d1%8b-gnss\/gnss-%d1%83%d0%ba%d1%80%d0%be%d1%89%d0%b5%d0%bd%d0%b8%d0%b5-%d1%82%d0%b5%d1%80%d0%bc%d0%be%d1%81%d1%82%d0%b0%d1%82%d0%b8%d1%87%d0%b5%d1%81%d0%ba%d0%b8%d1%85-%d0%ba%d1%80%d0%b8%d1%81%d1%82%d0%b0%d0%bb\/"},{"@type":"ListItem","position":6,"name":"T220M-2 GNSS\u540c\u6b65\u65f6\u949f\u6a21\u5757"}]},{"@type":"WebSite","@id":"https:\/\/www.bdpnt.com\/ja\/#website","url":"https:\/\/www.bdpnt.com\/ja\/","name":"Site officiel de Beidoubangtai","description":"bdstar time website","publisher":{"@id":"https:\/\/www.bdpnt.com\/ja\/#organization"},"alternateName":"BDSTAR TIME","potentialAction":[{"@type":"SearchAction","target":{"@type":"EntryPoint","urlTemplate":"https:\/\/www.bdpnt.com\/ja\/?s={search_term_string}"},"query-input":{"@type":"PropertyValueSpecification","valueRequired":true,"valueName":"search_term_string"}}],"inLanguage":"fr-FR"},{"@type":"Organization","@id":"https:\/\/www.bdpnt.com\/ja\/#organization","name":"Site officiel de Beidoubangtai","alternateName":"BDSTAR TIME","url":"https:\/\/www.bdpnt.com\/ja\/","logo":{"@type":"ImageObject","inLanguage":"fr-FR","@id":"https:\/\/www.bdpnt.com\/ja\/#\/schema\/logo\/image\/","url":"https:\/\/bdpnt.com\/wp-content\/uploads\/2025\/04\/\u5317\u6597\u90a6\u6cf0\u6700\u7ec8logo-\u6700\u7ec8\u7248\u5f69\u8272.png","contentUrl":"https:\/\/bdpnt.com\/wp-content\/uploads\/2025\/04\/\u5317\u6597\u90a6\u6cf0\u6700\u7ec8logo-\u6700\u7ec8\u7248\u5f69\u8272.png","width":234,"height":76,"caption":"\u5317\u6597\u90a6\u6cf0\u5b98\u7f51"},"image":{"@id":"https:\/\/www.bdpnt.com\/ja\/#\/schema\/logo\/image\/"}}]}},"_links":{"self":[{"href":"http:\/\/bdpnt.com\/fr\/wp-json\/wp\/v2\/product\/4390","targetHints":{"allow":["GET"]}}],"collection":[{"href":"http:\/\/bdpnt.com\/fr\/wp-json\/wp\/v2\/product"}],"about":[{"href":"http:\/\/bdpnt.com\/fr\/wp-json\/wp\/v2\/types\/product"}],"version-history":[{"count":7,"href":"http:\/\/bdpnt.com\/fr\/wp-json\/wp\/v2\/product\/4390\/revisions"}],"predecessor-version":[{"id":4404,"href":"http:\/\/bdpnt.com\/fr\/wp-json\/wp\/v2\/product\/4390\/revisions\/4404"}],"wp:featuredmedia":[{"embeddable":true,"href":"http:\/\/bdpnt.com\/fr\/wp-json\/wp\/v2\/media\/4393"}],"wp:attachment":[{"href":"http:\/\/bdpnt.com\/fr\/wp-json\/wp\/v2\/media?parent=4390"}],"wp:term":[{"taxonomy":"product_brand","embeddable":true,"href":"http:\/\/bdpnt.com\/fr\/wp-json\/wp\/v2\/product_brand?post=4390"},{"taxonomy":"product_cat","embeddable":true,"href":"http:\/\/bdpnt.com\/fr\/wp-json\/wp\/v2\/product_cat?post=4390"},{"taxonomy":"product_tag","embeddable":true,"href":"http:\/\/bdpnt.com\/fr\/wp-json\/wp\/v2\/product_tag?post=4390"}],"curies":[{"name":"wp","href":"https:\/\/api.w.org\/{rel}","templated":true}]}}