{"id":4355,"date":"2025-07-11T14:46:13","date_gmt":"2025-07-11T06:46:13","guid":{"rendered":"https:\/\/bdstarpnt.com\/?post_type=product&#038;p=4355"},"modified":"2026-03-18T14:34:32","modified_gmt":"2026-03-18T06:34:32","slug":"t200-gnss-synchronisation-clock-module","status":"publish","type":"product","link":"https:\/\/bdpnt.com\/fr\/produit\/t200-gnss-synchronisation-clock-module\/","title":{"rendered":"Module horloge synchronis\u00e9e GNSS T200"},"content":{"rendered":"<p class=\"p1\">Le module d'horloge synchrone GNSS T200 est un module de temps et de fr\u00e9quence hautement int\u00e9gr\u00e9 avec un cristal de haute stabilit\u00e9 int\u00e9gr\u00e9 et une r\u00e9ception GNSS, qui peut \u00e9mettre un signal de fr\u00e9quence 10MHz pr\u00e9cis et stable et un signal de temps 1PPS. Le module a un tr\u00e8s faible bruit de phase, une excellente capacit\u00e9 de chronom\u00e9trage et une large adaptabilit\u00e9 \u00e0 la temp\u00e9rature (-20\u2103 \u00e0 +70\u2103), ce qui convient aux environnements embarqu\u00e9s, a\u00e9riens, navals et autres environnements complexes. Gr\u00e2ce \u00e0 la technologie de d\u00e9phasage de la m\u00eame fr\u00e9quence, le module am\u00e9liore la pr\u00e9cision du contr\u00f4le du cristal et peut toujours g\u00e9n\u00e9rer des signaux temps-fr\u00e9quence stables ind\u00e9pendamment lorsque le signal satellite est perdu pour assurer le fonctionnement normal du syst\u00e8me. Sa grande fiabilit\u00e9 et sa conception compacte r\u00e9pondent \u00e0 de nombreuses exigences en mati\u00e8re de synchronisation de haute pr\u00e9cision.<\/p>\n<p class=\"p1\">Domaines d'application : d\u00e9fense, communications, navigation, m\u00e9t\u00e9orologie, m\u00e9trologie, radio et t\u00e9l\u00e9vision, automatisation industrielle.<\/p>","protected":false},"excerpt":{"rendered":"<p>T200 est un module d'horloge synchrone GNSS hautement int\u00e9gr\u00e9 avec un cristal de haute stabilit\u00e9 int\u00e9gr\u00e9 et un r\u00e9cepteur GNSS, \u00e9mettant des signaux 10MHz et 1PPS pr\u00e9cis. Il a un faible bruit de phase, une forte capacit\u00e9 de maintien du temps et une adaptabilit\u00e9 \u00e0 la temp\u00e9rature de -20\u2103~+70\u2103, et am\u00e9liore la pr\u00e9cision de contr\u00f4le par la technologie de d\u00e9phasage de la m\u00eame fr\u00e9quence, et peut toujours sortir de mani\u00e8re stable apr\u00e8s avoir perdu le verrouillage. Il convient aux sc\u00e9narios de synchronisation de haute pr\u00e9cision dans la d\u00e9fense nationale, la communication, la navigation, la m\u00e9t\u00e9orologie, la m\u00e9trologie, la radio et la t\u00e9l\u00e9vision.<\/p>","protected":false},"featured_media":4364,"template":"","meta":{"_acf_changed":false,"site-sidebar-layout":"default","site-content-layout":"","ast-site-content-layout":"default","site-content-style":"default","site-sidebar-style":"default","ast-global-header-display":"","ast-banner-title-visibility":"","ast-main-header-display":"","ast-hfb-above-header-display":"","ast-hfb-below-header-display":"","ast-hfb-mobile-header-display":"","site-post-title":"","ast-breadcrumbs-content":"","ast-featured-img":"","footer-sml-layout":"","theme-transparent-header-meta":"default","adv-header-id-meta":"","stick-header-meta":"default","header-above-stick-meta":"","header-main-stick-meta":"","header-below-stick-meta":"","astra-migrate-meta-layouts":"set","ast-page-background-enabled":"default","ast-page-background-meta":{"desktop":{"background-color":"var(--ast-global-color-4)","background-image":"","background-repeat":"repeat","background-position":"center center","background-size":"auto","background-attachment":"scroll","background-type":"","background-media":"","overlay-type":"","overlay-color":"","overlay-opacity":"","overlay-gradient":""},"tablet":{"background-color":"","background-image":"","background-repeat":"repeat","background-position":"center center","background-size":"auto","background-attachment":"scroll","background-type":"","background-media":"","overlay-type":"","overlay-color":"","overlay-opacity":"","overlay-gradient":""},"mobile":{"background-color":"","background-image":"","background-repeat":"repeat","background-position":"center center","background-size":"auto","background-attachment":"scroll","background-type":"","background-media":"","overlay-type":"","overlay-color":"","overlay-opacity":"","overlay-gradient":""}},"ast-content-background-meta":{"desktop":{"background-color":"var(--ast-global-color-5)","background-image":"","background-repeat":"repeat","background-position":"center center","background-size":"auto","background-attachment":"scroll","background-type":"","background-media":"","overlay-type":"","overlay-color":"","overlay-opacity":"","overlay-gradient":""},"tablet":{"background-color":"var(--ast-global-color-5)","background-image":"","background-repeat":"repeat","background-position":"center center","background-size":"auto","background-attachment":"scroll","background-type":"","background-media":"","overlay-type":"","overlay-color":"","overlay-opacity":"","overlay-gradient":""},"mobile":{"background-color":"var(--ast-global-color-5)","background-image":"","background-repeat":"repeat","background-position":"center center","background-size":"auto","background-attachment":"scroll","background-type":"","background-media":"","overlay-type":"","overlay-color":"","overlay-opacity":"","overlay-gradient":""}}},"product_brand":[],"product_cat":[62],"product_tag":[],"class_list":{"0":"post-4355","1":"product","2":"type-product","3":"status-publish","4":"has-post-thumbnail","6":"product_cat-gnss-","7":"pa_--gnssgps-beidou-galileo-glonass","8":"pa_--irig-b","9":"pa_--pps-todnmea-0183","10":"pa_-197","11":"pa_--237","12":"pa_--0-c--70-c","13":"pa_--40c--85c","14":"pa_-industrial-automation","15":"pa_-military-aviation","16":"pa_-communications-infrastructure","17":"pa_-gnssdo","18":"pa_--10us24h","19":"pa_---155dbc-hz1khz","20":"pa_-227","21":"pa_-1-ppsttl-rs-422","22":"pa_-10mhz-sine-wave-square-wave-output","23":"pa_-irig-bdcls-am","24":"pa_-todrs-232-nmea","25":"pa_-dc-12v","26":"desktop-align-left","27":"tablet-align-left","28":"mobile-align-left","29":"ast-product-gallery-layout-first-image-large","30":"ast-product-gallery-with-no-image","31":"ast-product-tabs-layout-horizontal","33":"first","34":"instock","35":"shipping-taxable","36":"product-type-simple"},"acf":[],"yoast_head":"<!-- This site is optimized with the Yoast SEO plugin v26.0 - https:\/\/yoast.com\/wordpress\/plugins\/seo\/ -->\n<title>T200 GNSS\u540c\u6b65\u65f6\u949f\u6a21\u5757 - \u5317\u6597\u90a6\u6cf0\u5b98\u7f51<\/title>\n<meta name=\"robots\" content=\"index, follow, max-snippet:-1, max-image-preview:large, max-video-preview:-1\" \/>\n<link rel=\"canonical\" href=\"http:\/\/www.bdpnt.com\/de\/product\/t200-gnss-synchronisationsuhrmodul\/\" \/>\n<meta property=\"og:locale\" content=\"fr_FR\" \/>\n<meta property=\"og:type\" content=\"article\" \/>\n<meta property=\"og:title\" content=\"T200 GNSS\u540c\u6b65\u65f6\u949f\u6a21\u5757 - \u5317\u6597\u90a6\u6cf0\u5b98\u7f51\" \/>\n<meta property=\"og:description\" content=\"T200 \u662f\u4e00\u6b3e\u9ad8\u96c6\u6210GNSS\u540c\u6b65\u65f6\u949f\u6a21\u5757\uff0c\u5185\u7f6e\u9ad8\u7a33\u6676\u632f\u4e0eGNSS\u63a5\u6536\u5668\uff0c\u8f93\u51fa\u7cbe\u51c610MHz\u548c1PPS\u4fe1\u53f7\u3002\u5177\u5907\u4f4e\u76f8\u566a\u3001\u5f3a\u5b88\u65f6\u80fd\u529b\u53ca\u201320\u2103~+70\u2103\u5bbd\u6e29\u9002\u5e94\u6027\uff0c\u901a\u8fc7\u540c\u9891\u76f8\u79fb\u6280\u672f\u63d0\u5347\u63a7\u5236\u7cbe\u5ea6\uff0c\u5931\u9501\u540e\u4ecd\u53ef\u7a33\u5b9a\u8f93\u51fa\u3002\u9002\u7528\u4e8e\u56fd\u9632\u3001\u901a\u4fe1\u3001\u5bfc\u822a\u3001\u6c14\u8c61\u3001\u8ba1\u91cf\u3001\u5e7f\u7535\u7b49\u9ad8\u7cbe\u5ea6\u6388\u65f6\u573a\u666f\u3002\" \/>\n<meta property=\"og:url\" content=\"http:\/\/www.bdpnt.com\/de\/product\/t200-gnss-synchronisationsuhrmodul\/\" \/>\n<meta property=\"og:site_name\" content=\"\u5317\u6597\u90a6\u6cf0\u5b98\u7f51\" \/>\n<meta property=\"article:modified_time\" content=\"2026-03-18T06:34:32+00:00\" \/>\n<meta property=\"og:image\" content=\"https:\/\/www.bdpnt.com\/wp-content\/uploads\/2025\/07\/T200-\u84dd\u8272\u4ea7\u54c1\u80cc\u666f\u6a21\u7248logo.png\" \/>\n\t<meta property=\"og:image:width\" content=\"960\" \/>\n\t<meta property=\"og:image:height\" content=\"480\" \/>\n\t<meta property=\"og:image:type\" content=\"image\/png\" \/>\n<meta name=\"twitter:card\" content=\"summary_large_image\" \/>\n<script type=\"application\/ld+json\" class=\"yoast-schema-graph\">{\"@context\":\"https:\/\/schema.org\",\"@graph\":[{\"@type\":\"WebPage\",\"@id\":\"http:\/\/www.bdpnt.com\/de\/product\/t200-gnss-synchronisationsuhrmodul\/\",\"url\":\"http:\/\/www.bdpnt.com\/de\/product\/t200-gnss-synchronisationsuhrmodul\/\",\"name\":\"T200 GNSS\u540c\u6b65\u65f6\u949f\u6a21\u5757 - \u5317\u6597\u90a6\u6cf0\u5b98\u7f51\",\"isPartOf\":{\"@id\":\"https:\/\/www.bdpnt.com\/fr\/#website\"},\"primaryImageOfPage\":{\"@id\":\"http:\/\/www.bdpnt.com\/de\/product\/t200-gnss-synchronisationsuhrmodul\/#primaryimage\"},\"image\":{\"@id\":\"http:\/\/www.bdpnt.com\/de\/product\/t200-gnss-synchronisationsuhrmodul\/#primaryimage\"},\"thumbnailUrl\":\"https:\/\/bdpnt.com\/wp-content\/uploads\/2025\/07\/T200-\u84dd\u8272\u4ea7\u54c1\u80cc\u666f\u6a21\u7248logo.png\",\"datePublished\":\"2025-07-11T06:46:13+00:00\",\"dateModified\":\"2026-03-18T06:34:32+00:00\",\"breadcrumb\":{\"@id\":\"http:\/\/www.bdpnt.com\/de\/product\/t200-gnss-synchronisationsuhrmodul\/#breadcrumb\"},\"inLanguage\":\"fr-FR\",\"potentialAction\":[{\"@type\":\"ReadAction\",\"target\":[\"http:\/\/www.bdpnt.com\/de\/product\/t200-gnss-synchronisationsuhrmodul\/\"]}]},{\"@type\":\"ImageObject\",\"inLanguage\":\"fr-FR\",\"@id\":\"http:\/\/www.bdpnt.com\/de\/product\/t200-gnss-synchronisationsuhrmodul\/#primaryimage\",\"url\":\"https:\/\/bdpnt.com\/wp-content\/uploads\/2025\/07\/T200-\u84dd\u8272\u4ea7\u54c1\u80cc\u666f\u6a21\u7248logo.png\",\"contentUrl\":\"https:\/\/bdpnt.com\/wp-content\/uploads\/2025\/07\/T200-\u84dd\u8272\u4ea7\u54c1\u80cc\u666f\u6a21\u7248logo.png\",\"width\":960,\"height\":480},{\"@type\":\"BreadcrumbList\",\"@id\":\"http:\/\/www.bdpnt.com\/de\/product\/t200-gnss-synchronisationsuhrmodul\/#breadcrumb\",\"itemListElement\":[{\"@type\":\"ListItem\",\"position\":1,\"name\":\"\u9996\u9875\",\"item\":\"https:\/\/bdpnt.com\/ru\/\"},{\"@type\":\"ListItem\",\"position\":2,\"name\":\"Shop\",\"item\":\"https:\/\/bdpnt.com\/ru\/%d0%bc%d0%b0%d0%b3%d0%b0%d0%b7%d0%b8%d0%bd\/\"},{\"@type\":\"ListItem\",\"position\":3,\"name\":\"\u4ea7\u54c1\",\"item\":\"https:\/\/bdpnt.com\/ru\/product-category\/%d0%bf%d1%80%d0%be%d0%b4%d1%83%d0%ba%d1%86%d0%b8%d1%8f\/\"},{\"@type\":\"ListItem\",\"position\":4,\"name\":\"\u901a\u7528GNSS \u65f6\u9891\u6a21\u5757\",\"item\":\"https:\/\/bdpnt.com\/ru\/product-category\/%d0%bf%d1%80%d0%be%d0%b4%d1%83%d0%ba%d1%86%d0%b8%d1%8f\/%d0%bc%d0%be%d0%b4%d1%83%d0%bb%d1%8c-%d0%b2%d1%80%d0%b5%d0%bc%d0%b5%d0%bd%d0%b8-%d0%b8-%d1%87%d0%b0%d1%81%d1%82%d0%be%d1%82%d1%8b-gnss\/\"},{\"@type\":\"ListItem\",\"position\":5,\"name\":\"GNSS \u9a6f\u670d\u6052\u6e29\u6676\u632f\",\"item\":\"https:\/\/bdpnt.com\/ru\/product-category\/%d0%bf%d1%80%d0%be%d0%b4%d1%83%d0%ba%d1%86%d0%b8%d1%8f\/%d0%bc%d0%be%d0%b4%d1%83%d0%bb%d1%8c-%d0%b2%d1%80%d0%b5%d0%bc%d0%b5%d0%bd%d0%b8-%d0%b8-%d1%87%d0%b0%d1%81%d1%82%d0%be%d1%82%d1%8b-gnss\/gnss-%d1%83%d0%ba%d1%80%d0%be%d1%89%d0%b5%d0%bd%d0%b8%d0%b5-%d1%82%d0%b5%d1%80%d0%bc%d0%be%d1%81%d1%82%d0%b0%d1%82%d0%b8%d1%87%d0%b5%d1%81%d0%ba%d0%b8%d1%85-%d0%ba%d1%80%d0%b8%d1%81%d1%82%d0%b0%d0%bb\/\"},{\"@type\":\"ListItem\",\"position\":6,\"name\":\"T200 GNSS\u540c\u6b65\u65f6\u949f\u6a21\u5757\"}]},{\"@type\":\"WebSite\",\"@id\":\"https:\/\/www.bdpnt.com\/fr\/#website\",\"url\":\"https:\/\/www.bdpnt.com\/fr\/\",\"name\":\"\u5317\u6597\u90a6\u6cf0\u5b98\u7f51\",\"description\":\"bdstar time website\",\"publisher\":{\"@id\":\"https:\/\/www.bdpnt.com\/fr\/#organization\"},\"alternateName\":\"BDSTAR TIME\",\"potentialAction\":[{\"@type\":\"SearchAction\",\"target\":{\"@type\":\"EntryPoint\",\"urlTemplate\":\"https:\/\/www.bdpnt.com\/fr\/?s={search_term_string}\"},\"query-input\":{\"@type\":\"PropertyValueSpecification\",\"valueRequired\":true,\"valueName\":\"search_term_string\"}}],\"inLanguage\":\"fr-FR\"},{\"@type\":\"Organization\",\"@id\":\"https:\/\/www.bdpnt.com\/fr\/#organization\",\"name\":\"\u5317\u6597\u90a6\u6cf0\u5b98\u7f51\",\"alternateName\":\"BDSTAR TIME\",\"url\":\"https:\/\/www.bdpnt.com\/fr\/\",\"logo\":{\"@type\":\"ImageObject\",\"inLanguage\":\"fr-FR\",\"@id\":\"https:\/\/www.bdpnt.com\/fr\/#\/schema\/logo\/image\/\",\"url\":\"https:\/\/bdpnt.com\/wp-content\/uploads\/2025\/04\/\u5317\u6597\u90a6\u6cf0\u6700\u7ec8logo-\u6700\u7ec8\u7248\u5f69\u8272.png\",\"contentUrl\":\"https:\/\/bdpnt.com\/wp-content\/uploads\/2025\/04\/\u5317\u6597\u90a6\u6cf0\u6700\u7ec8logo-\u6700\u7ec8\u7248\u5f69\u8272.png\",\"width\":234,\"height\":76,\"caption\":\"\u5317\u6597\u90a6\u6cf0\u5b98\u7f51\"},\"image\":{\"@id\":\"https:\/\/www.bdpnt.com\/fr\/#\/schema\/logo\/image\/\"}}]}<\/script>\n<!-- \/ Yoast SEO plugin. -->","yoast_head_json":{"title":"T200 GNSS Synchronised Clock Module - Beidou Bangtai Official Website","robots":{"index":"index","follow":"follow","max-snippet":"max-snippet:-1","max-image-preview":"max-image-preview:large","max-video-preview":"max-video-preview:-1"},"canonical":"http:\/\/www.bdpnt.com\/de\/product\/t200-gnss-synchronisationsuhrmodul\/","og_locale":"fr_FR","og_type":"article","og_title":"T200 GNSS\u540c\u6b65\u65f6\u949f\u6a21\u5757 - \u5317\u6597\u90a6\u6cf0\u5b98\u7f51","og_description":"T200 \u662f\u4e00\u6b3e\u9ad8\u96c6\u6210GNSS\u540c\u6b65\u65f6\u949f\u6a21\u5757\uff0c\u5185\u7f6e\u9ad8\u7a33\u6676\u632f\u4e0eGNSS\u63a5\u6536\u5668\uff0c\u8f93\u51fa\u7cbe\u51c610MHz\u548c1PPS\u4fe1\u53f7\u3002\u5177\u5907\u4f4e\u76f8\u566a\u3001\u5f3a\u5b88\u65f6\u80fd\u529b\u53ca\u201320\u2103~+70\u2103\u5bbd\u6e29\u9002\u5e94\u6027\uff0c\u901a\u8fc7\u540c\u9891\u76f8\u79fb\u6280\u672f\u63d0\u5347\u63a7\u5236\u7cbe\u5ea6\uff0c\u5931\u9501\u540e\u4ecd\u53ef\u7a33\u5b9a\u8f93\u51fa\u3002\u9002\u7528\u4e8e\u56fd\u9632\u3001\u901a\u4fe1\u3001\u5bfc\u822a\u3001\u6c14\u8c61\u3001\u8ba1\u91cf\u3001\u5e7f\u7535\u7b49\u9ad8\u7cbe\u5ea6\u6388\u65f6\u573a\u666f\u3002","og_url":"http:\/\/www.bdpnt.com\/de\/product\/t200-gnss-synchronisationsuhrmodul\/","og_site_name":"\u5317\u6597\u90a6\u6cf0\u5b98\u7f51","article_modified_time":"2026-03-18T06:34:32+00:00","og_image":[{"width":960,"height":480,"url":"https:\/\/www.bdpnt.com\/wp-content\/uploads\/2025\/07\/T200-\u84dd\u8272\u4ea7\u54c1\u80cc\u666f\u6a21\u7248logo.png","type":"image\/png"}],"twitter_card":"summary_large_image","schema":{"@context":"https:\/\/schema.org","@graph":[{"@type":"WebPage","@id":"http:\/\/www.bdpnt.com\/de\/product\/t200-gnss-synchronisationsuhrmodul\/","url":"http:\/\/www.bdpnt.com\/de\/product\/t200-gnss-synchronisationsuhrmodul\/","name":"T200 GNSS Synchronised Clock Module - Beidou Bangtai Official Website","isPartOf":{"@id":"https:\/\/www.bdpnt.com\/fr\/#website"},"primaryImageOfPage":{"@id":"http:\/\/www.bdpnt.com\/de\/product\/t200-gnss-synchronisationsuhrmodul\/#primaryimage"},"image":{"@id":"http:\/\/www.bdpnt.com\/de\/product\/t200-gnss-synchronisationsuhrmodul\/#primaryimage"},"thumbnailUrl":"https:\/\/bdpnt.com\/wp-content\/uploads\/2025\/07\/T200-\u84dd\u8272\u4ea7\u54c1\u80cc\u666f\u6a21\u7248logo.png","datePublished":"2025-07-11T06:46:13+00:00","dateModified":"2026-03-18T06:34:32+00:00","breadcrumb":{"@id":"http:\/\/www.bdpnt.com\/de\/product\/t200-gnss-synchronisationsuhrmodul\/#breadcrumb"},"inLanguage":"fr-FR","potentialAction":[{"@type":"ReadAction","target":["http:\/\/www.bdpnt.com\/de\/product\/t200-gnss-synchronisationsuhrmodul\/"]}]},{"@type":"ImageObject","inLanguage":"fr-FR","@id":"http:\/\/www.bdpnt.com\/de\/product\/t200-gnss-synchronisationsuhrmodul\/#primaryimage","url":"https:\/\/bdpnt.com\/wp-content\/uploads\/2025\/07\/T200-\u84dd\u8272\u4ea7\u54c1\u80cc\u666f\u6a21\u7248logo.png","contentUrl":"https:\/\/bdpnt.com\/wp-content\/uploads\/2025\/07\/T200-\u84dd\u8272\u4ea7\u54c1\u80cc\u666f\u6a21\u7248logo.png","width":960,"height":480},{"@type":"BreadcrumbList","@id":"http:\/\/www.bdpnt.com\/de\/product\/t200-gnss-synchronisationsuhrmodul\/#breadcrumb","itemListElement":[{"@type":"ListItem","position":1,"name":"\u9996\u9875","item":"https:\/\/bdpnt.com\/ru\/"},{"@type":"ListItem","position":2,"name":"Shop","item":"https:\/\/bdpnt.com\/ru\/%d0%bc%d0%b0%d0%b3%d0%b0%d0%b7%d0%b8%d0%bd\/"},{"@type":"ListItem","position":3,"name":"\u4ea7\u54c1","item":"https:\/\/bdpnt.com\/ru\/product-category\/%d0%bf%d1%80%d0%be%d0%b4%d1%83%d0%ba%d1%86%d0%b8%d1%8f\/"},{"@type":"ListItem","position":4,"name":"\u901a\u7528GNSS \u65f6\u9891\u6a21\u5757","item":"https:\/\/bdpnt.com\/ru\/product-category\/%d0%bf%d1%80%d0%be%d0%b4%d1%83%d0%ba%d1%86%d0%b8%d1%8f\/%d0%bc%d0%be%d0%b4%d1%83%d0%bb%d1%8c-%d0%b2%d1%80%d0%b5%d0%bc%d0%b5%d0%bd%d0%b8-%d0%b8-%d1%87%d0%b0%d1%81%d1%82%d0%be%d1%82%d1%8b-gnss\/"},{"@type":"ListItem","position":5,"name":"GNSS \u9a6f\u670d\u6052\u6e29\u6676\u632f","item":"https:\/\/bdpnt.com\/ru\/product-category\/%d0%bf%d1%80%d0%be%d0%b4%d1%83%d0%ba%d1%86%d0%b8%d1%8f\/%d0%bc%d0%be%d0%b4%d1%83%d0%bb%d1%8c-%d0%b2%d1%80%d0%b5%d0%bc%d0%b5%d0%bd%d0%b8-%d0%b8-%d1%87%d0%b0%d1%81%d1%82%d0%be%d1%82%d1%8b-gnss\/gnss-%d1%83%d0%ba%d1%80%d0%be%d1%89%d0%b5%d0%bd%d0%b8%d0%b5-%d1%82%d0%b5%d1%80%d0%bc%d0%be%d1%81%d1%82%d0%b0%d1%82%d0%b8%d1%87%d0%b5%d1%81%d0%ba%d0%b8%d1%85-%d0%ba%d1%80%d0%b8%d1%81%d1%82%d0%b0%d0%bb\/"},{"@type":"ListItem","position":6,"name":"T200 GNSS\u540c\u6b65\u65f6\u949f\u6a21\u5757"}]},{"@type":"WebSite","@id":"https:\/\/www.bdpnt.com\/fr\/#website","url":"https:\/\/www.bdpnt.com\/fr\/","name":"Site officiel de Beidoubangtai","description":"bdstar time website","publisher":{"@id":"https:\/\/www.bdpnt.com\/fr\/#organization"},"alternateName":"BDSTAR TIME","potentialAction":[{"@type":"SearchAction","target":{"@type":"EntryPoint","urlTemplate":"https:\/\/www.bdpnt.com\/fr\/?s={search_term_string}"},"query-input":{"@type":"PropertyValueSpecification","valueRequired":true,"valueName":"search_term_string"}}],"inLanguage":"fr-FR"},{"@type":"Organization","@id":"https:\/\/www.bdpnt.com\/fr\/#organization","name":"Site officiel de Beidoubangtai","alternateName":"BDSTAR TIME","url":"https:\/\/www.bdpnt.com\/fr\/","logo":{"@type":"ImageObject","inLanguage":"fr-FR","@id":"https:\/\/www.bdpnt.com\/fr\/#\/schema\/logo\/image\/","url":"https:\/\/bdpnt.com\/wp-content\/uploads\/2025\/04\/\u5317\u6597\u90a6\u6cf0\u6700\u7ec8logo-\u6700\u7ec8\u7248\u5f69\u8272.png","contentUrl":"https:\/\/bdpnt.com\/wp-content\/uploads\/2025\/04\/\u5317\u6597\u90a6\u6cf0\u6700\u7ec8logo-\u6700\u7ec8\u7248\u5f69\u8272.png","width":234,"height":76,"caption":"\u5317\u6597\u90a6\u6cf0\u5b98\u7f51"},"image":{"@id":"https:\/\/www.bdpnt.com\/fr\/#\/schema\/logo\/image\/"}}]}},"_links":{"self":[{"href":"https:\/\/bdpnt.com\/fr\/wp-json\/wp\/v2\/product\/4355","targetHints":{"allow":["GET"]}}],"collection":[{"href":"https:\/\/bdpnt.com\/fr\/wp-json\/wp\/v2\/product"}],"about":[{"href":"https:\/\/bdpnt.com\/fr\/wp-json\/wp\/v2\/types\/product"}],"version-history":[{"count":13,"href":"https:\/\/bdpnt.com\/fr\/wp-json\/wp\/v2\/product\/4355\/revisions"}],"predecessor-version":[{"id":4389,"href":"https:\/\/bdpnt.com\/fr\/wp-json\/wp\/v2\/product\/4355\/revisions\/4389"}],"wp:featuredmedia":[{"embeddable":true,"href":"https:\/\/bdpnt.com\/fr\/wp-json\/wp\/v2\/media\/4364"}],"wp:attachment":[{"href":"https:\/\/bdpnt.com\/fr\/wp-json\/wp\/v2\/media?parent=4355"}],"wp:term":[{"taxonomy":"product_brand","embeddable":true,"href":"https:\/\/bdpnt.com\/fr\/wp-json\/wp\/v2\/product_brand?post=4355"},{"taxonomy":"product_cat","embeddable":true,"href":"https:\/\/bdpnt.com\/fr\/wp-json\/wp\/v2\/product_cat?post=4355"},{"taxonomy":"product_tag","embeddable":true,"href":"https:\/\/bdpnt.com\/fr\/wp-json\/wp\/v2\/product_tag?post=4355"}],"curies":[{"name":"wp","href":"https:\/\/api.w.org\/{rel}","templated":true}]}}