{"id":4303,"date":"2025-07-10T10:24:16","date_gmt":"2025-07-10T02:24:16","guid":{"rendered":"https:\/\/bdstarpnt.com\/?post_type=product&#038;p=4303"},"modified":"2026-03-18T14:34:52","modified_gmt":"2026-03-18T06:34:52","slug":"t920-high-precision-satellite-common-view-receiver-2","status":"publish","type":"product","link":"https:\/\/bdpnt.com\/fr\/produit\/t920-high-precision-satellite-common-view-receiver-2\/","title":{"rendered":"T920 R\u00e9cepteur de vues simultan\u00e9es par satellite de haute pr\u00e9cision"},"content":{"rendered":"<p class=\"p1\">Le r\u00e9cepteur de co-vision par satellite de haute pr\u00e9cision T920 re\u00e7oit simultan\u00e9ment des signaux multi-syst\u00e8mes de GPS, GLONASS, BeiDou, Galileo, etc., et \u00e9met des observations de code et de phase de porteuse de haute pr\u00e9cision, conformes aux normes CCTF (2015) et CGGTTS V2E. Il prend en charge les technologies OSNMA Enhanced Signal Authentication, AIM+ Interference Suppression et APME+ Multi-path Estimation, et peut fournir plusieurs formats de donn\u00e9es tels que RINEX, BINEX, SBF, RTCM et un stockage local de 16 Go. Il peut \u00e9mettre des signaux de r\u00e9f\u00e9rence de pr\u00e9cision 1 PPS, 10 MHz, NTP et PTP, et prend \u00e9galement en charge les fonctions d'\u00e9valuation et de test de la pr\u00e9cision PPS, 10 MHz, NTP et PTP. L'interface web permet d'effectuer la surveillance et la configuration \u00e0 distance.<\/p>\n<p class=\"p1\">Domaines d'application : comparaison internationale des temps, laboratoires de m\u00e9trologie, institutions scientifiques et applications de navigation augment\u00e9e.<\/p>","protected":false},"excerpt":{"rendered":"<p>Le T920 est un r\u00e9cepteur de co-vision par satellite de haute pr\u00e9cision prenant en charge les syst\u00e8mes GPS, GLONASS, BeiDou, Galileo et autres. Il est conforme aux normes CCTF(2015) et CGGTTS V2E. Il est \u00e9quip\u00e9 de l'authentification du signal OSNMA, de la suppression des interf\u00e9rences AIM+, de l'estimation des trajets multiples APME+, etc. Il prend en charge divers formats de donn\u00e9es tels que RINEX, BINEX et un stockage local de 16 Go. Il \u00e9met des signaux 1PPS, 10MHz, NTP, PTP et prend en charge l'\u00e9valuation de la pr\u00e9cision de la synchronisation et la gestion Web \u00e0 distance. Convient aux comparaisons internationales de temps, aux laboratoires de m\u00e9trologie, aux instituts de recherche scientifique et aux applications de navigation am\u00e9lior\u00e9es.<\/p>","protected":false},"featured_media":4311,"template":"","meta":{"_acf_changed":false,"site-sidebar-layout":"default","site-content-layout":"","ast-site-content-layout":"default","site-content-style":"default","site-sidebar-style":"default","ast-global-header-display":"","ast-banner-title-visibility":"","ast-main-header-display":"","ast-hfb-above-header-display":"","ast-hfb-below-header-display":"","ast-hfb-mobile-header-display":"","site-post-title":"","ast-breadcrumbs-content":"","ast-featured-img":"","footer-sml-layout":"","theme-transparent-header-meta":"default","adv-header-id-meta":"","stick-header-meta":"default","header-above-stick-meta":"","header-main-stick-meta":"","header-below-stick-meta":"","astra-migrate-meta-layouts":"set","ast-page-background-enabled":"default","ast-page-background-meta":{"desktop":{"background-color":"var(--ast-global-color-4)","background-image":"","background-repeat":"repeat","background-position":"center center","background-size":"auto","background-attachment":"scroll","background-type":"","background-media":"","overlay-type":"","overlay-color":"","overlay-opacity":"","overlay-gradient":""},"tablet":{"background-color":"","background-image":"","background-repeat":"repeat","background-position":"center center","background-size":"auto","background-attachment":"scroll","background-type":"","background-media":"","overlay-type":"","overlay-color":"","overlay-opacity":"","overlay-gradient":""},"mobile":{"background-color":"","background-image":"","background-repeat":"repeat","background-position":"center center","background-size":"auto","background-attachment":"scroll","background-type":"","background-media":"","overlay-type":"","overlay-color":"","overlay-opacity":"","overlay-gradient":""}},"ast-content-background-meta":{"desktop":{"background-color":"var(--ast-global-color-5)","background-image":"","background-repeat":"repeat","background-position":"center center","background-size":"auto","background-attachment":"scroll","background-type":"","background-media":"","overlay-type":"","overlay-color":"","overlay-opacity":"","overlay-gradient":""},"tablet":{"background-color":"var(--ast-global-color-5)","background-image":"","background-repeat":"repeat","background-position":"center center","background-size":"auto","background-attachment":"scroll","background-type":"","background-media":"","overlay-type":"","overlay-color":"","overlay-opacity":"","overlay-gradient":""},"mobile":{"background-color":"var(--ast-global-color-5)","background-image":"","background-repeat":"repeat","background-position":"center center","background-size":"auto","background-attachment":"scroll","background-type":"","background-media":"","overlay-type":"","overlay-color":"","overlay-opacity":"","overlay-gradient":""}}},"product_brand":[],"product_cat":[57],"product_tag":[],"class_list":{"0":"post-4303","1":"product","2":"type-product","3":"status-publish","4":"has-post-thumbnail","6":"product_cat-57","7":"pa_--cggtts-v2e","8":"pa_--gnssgps-beidou-galileo-glonass","9":"pa_--pps-todnmea-0183","10":"pa_--web-snmp-syslog","11":"pa_-197","12":"pa_----2u","13":"pa_--0-c--70-c","14":"pa_-military-aviation","15":"pa_-metrology-and-testing","16":"pa_-communications-infrastructure","17":"pa_-231","18":"pa_-1-ppsttl-rs-422","19":"pa_-10mhz-sine-wave-square-wave-output","20":"pa_-rj451g","21":"pa_-todrs-232-nmea","22":"pa_-ac-220v","23":"desktop-align-left","24":"tablet-align-left","25":"mobile-align-left","26":"ast-product-gallery-layout-first-image-large","27":"ast-product-gallery-with-no-image","28":"ast-product-tabs-layout-horizontal","30":"first","31":"instock","32":"shipping-taxable","33":"product-type-simple"},"acf":[],"yoast_head":"<!-- This site is optimized with the Yoast SEO plugin v26.0 - https:\/\/yoast.com\/wordpress\/plugins\/seo\/ -->\n<title>T920 \u9ad8\u7cbe\u5ea6\u536b\u661f\u5171\u89c6\u63a5\u6536\u673a - \u5317\u6597\u90a6\u6cf0\u5b98\u7f51<\/title>\n<meta name=\"robots\" content=\"index, follow, max-snippet:-1, max-image-preview:large, max-video-preview:-1\" \/>\n<link rel=\"canonical\" href=\"https:\/\/bdpnt.com\/fr\/produit\/t920-high-precision-satellite-common-view-receiver-2\/\" \/>\n<meta property=\"og:locale\" content=\"fr_FR\" \/>\n<meta property=\"og:type\" content=\"article\" \/>\n<meta property=\"og:title\" content=\"T920 \u9ad8\u7cbe\u5ea6\u536b\u661f\u5171\u89c6\u63a5\u6536\u673a - \u5317\u6597\u90a6\u6cf0\u5b98\u7f51\" \/>\n<meta property=\"og:description\" content=\"T920 \u662f\u4e00\u6b3e\u9ad8\u7cbe\u5ea6\u536b\u661f\u5171\u89c6\u63a5\u6536\u673a\uff0c\u652f\u6301GPS\u3001GLONASS\u3001\u5317\u6597\u3001Galileo\u7b49\u7cfb\u7edf\uff0c\u7b26\u5408CCTF(2015)\u4e0eCGGTTS V2E\u6807\u51c6\u3002\u5177\u5907OSNMA\u4fe1\u53f7\u8ba4\u8bc1\u3001AIM+\u5e72\u6270\u6291\u5236\u3001APME+\u591a\u8def\u5f84\u4f30\u8ba1\u7b49\u529f\u80fd\uff0c\u652f\u6301RINEX\u3001BINEX\u7b49\u591a\u79cd\u6570\u636e\u683c\u5f0f\u53ca16GB\u672c\u5730\u5b58\u50a8\u3002\u8f93\u51fa1PPS\u300110MHz\u3001NTP\u3001PTP\u4fe1\u53f7\uff0c\u5e76\u652f\u6301\u540c\u6b65\u7cbe\u5ea6\u8bc4\u4f30\u4e0e\u8fdc\u7a0bWeb\u7ba1\u7406\u3002\u9002\u7528\u4e8e\u56fd\u9645\u65f6\u95f4\u6bd4\u5bf9\u3001\u8ba1\u91cf\u5b9e\u9a8c\u5ba4\u3001\u79d1\u7814\u673a\u6784\u4e0e\u589e\u5f3a\u5bfc\u822a\u5e94\u7528\u3002\" \/>\n<meta property=\"og:url\" content=\"https:\/\/bdpnt.com\/fr\/produit\/t920-high-precision-satellite-common-view-receiver-2\/\" \/>\n<meta property=\"og:site_name\" content=\"\u5317\u6597\u90a6\u6cf0\u5b98\u7f51\" \/>\n<meta property=\"article:modified_time\" content=\"2026-03-18T06:34:52+00:00\" \/>\n<meta property=\"og:image\" content=\"https:\/\/bdpnt.com\/wp-content\/uploads\/2025\/07\/T920_.png\" \/>\n\t<meta property=\"og:image:width\" content=\"1122\" \/>\n\t<meta property=\"og:image:height\" content=\"556\" \/>\n\t<meta property=\"og:image:type\" content=\"image\/png\" \/>\n<meta name=\"twitter:card\" content=\"summary_large_image\" \/>\n<script type=\"application\/ld+json\" class=\"yoast-schema-graph\">{\"@context\":\"https:\/\/schema.org\",\"@graph\":[{\"@type\":\"WebPage\",\"@id\":\"https:\/\/bdpnt.com\/product\/t920-high-precision-satellite-common-view-receiver-2\/\",\"url\":\"https:\/\/bdpnt.com\/product\/t920-high-precision-satellite-common-view-receiver-2\/\",\"name\":\"T920 \u9ad8\u7cbe\u5ea6\u536b\u661f\u5171\u89c6\u63a5\u6536\u673a - \u5317\u6597\u90a6\u6cf0\u5b98\u7f51\",\"isPartOf\":{\"@id\":\"https:\/\/www.bdpnt.com\/#website\"},\"primaryImageOfPage\":{\"@id\":\"https:\/\/bdpnt.com\/product\/t920-high-precision-satellite-common-view-receiver-2\/#primaryimage\"},\"image\":{\"@id\":\"https:\/\/bdpnt.com\/product\/t920-high-precision-satellite-common-view-receiver-2\/#primaryimage\"},\"thumbnailUrl\":\"https:\/\/bdpnt.com\/wp-content\/uploads\/2025\/07\/T920_.png\",\"datePublished\":\"2025-07-10T02:24:16+00:00\",\"dateModified\":\"2026-03-18T06:34:52+00:00\",\"breadcrumb\":{\"@id\":\"https:\/\/bdpnt.com\/product\/t920-high-precision-satellite-common-view-receiver-2\/#breadcrumb\"},\"inLanguage\":\"fr-FR\",\"potentialAction\":[{\"@type\":\"ReadAction\",\"target\":[\"https:\/\/bdpnt.com\/product\/t920-high-precision-satellite-common-view-receiver-2\/\"]}]},{\"@type\":\"ImageObject\",\"inLanguage\":\"fr-FR\",\"@id\":\"https:\/\/bdpnt.com\/product\/t920-high-precision-satellite-common-view-receiver-2\/#primaryimage\",\"url\":\"https:\/\/bdpnt.com\/wp-content\/uploads\/2025\/07\/T920_.png\",\"contentUrl\":\"https:\/\/bdpnt.com\/wp-content\/uploads\/2025\/07\/T920_.png\",\"width\":1122,\"height\":556},{\"@type\":\"BreadcrumbList\",\"@id\":\"https:\/\/bdpnt.com\/product\/t920-high-precision-satellite-common-view-receiver-2\/#breadcrumb\",\"itemListElement\":[{\"@type\":\"ListItem\",\"position\":1,\"name\":\"\u9996\u9875\",\"item\":\"https:\/\/www.bdpnt.com\/\"},{\"@type\":\"ListItem\",\"position\":2,\"name\":\"Shop\",\"item\":\"https:\/\/www.bdpnt.com\/shop\/\"},{\"@type\":\"ListItem\",\"position\":3,\"name\":\"\u4ea7\u54c1\",\"item\":\"https:\/\/www.bdpnt.com\/product-category\/products\/\"},{\"@type\":\"ListItem\",\"position\":4,\"name\":\"\u65f6\u95f4\u9891\u7387\u4f20\u9012\",\"item\":\"https:\/\/www.bdpnt.com\/de\/product-category\/produkte\/zeit-frequenz-ubertragung\/\"},{\"@type\":\"ListItem\",\"position\":5,\"name\":\"\u5171\u89c6\u63a5\u6536\u673a\",\"item\":\"https:\/\/www.bdpnt.com\/product-category\/products\/time-frequency-transfer\/%e5%85%b1%e8%a7%86%e6%8e%a5%e6%94%b6%e6%9c%ba\/\"},{\"@type\":\"ListItem\",\"position\":6,\"name\":\"T920 \u9ad8\u7cbe\u5ea6\u536b\u661f\u5171\u89c6\u63a5\u6536\u673a\"}]},{\"@type\":\"WebSite\",\"@id\":\"https:\/\/www.bdpnt.com\/#website\",\"url\":\"https:\/\/www.bdpnt.com\/\",\"name\":\"\u5317\u6597\u90a6\u6cf0\u5b98\u7f51\",\"description\":\"bdstar time website\",\"publisher\":{\"@id\":\"https:\/\/www.bdpnt.com\/#organization\"},\"alternateName\":\"BDSTAR TIME\",\"potentialAction\":[{\"@type\":\"SearchAction\",\"target\":{\"@type\":\"EntryPoint\",\"urlTemplate\":\"https:\/\/www.bdpnt.com\/?s={search_term_string}\"},\"query-input\":{\"@type\":\"PropertyValueSpecification\",\"valueRequired\":true,\"valueName\":\"search_term_string\"}}],\"inLanguage\":\"fr-FR\"},{\"@type\":\"Organization\",\"@id\":\"https:\/\/www.bdpnt.com\/#organization\",\"name\":\"\u5317\u6597\u90a6\u6cf0\u5b98\u7f51\",\"alternateName\":\"BDSTAR TIME\",\"url\":\"https:\/\/www.bdpnt.com\/\",\"logo\":{\"@type\":\"ImageObject\",\"inLanguage\":\"fr-FR\",\"@id\":\"https:\/\/www.bdpnt.com\/#\/schema\/logo\/image\/\",\"url\":\"https:\/\/bdpnt.com\/wp-content\/uploads\/2025\/04\/\u5317\u6597\u90a6\u6cf0\u6700\u7ec8logo-\u6700\u7ec8\u7248\u5f69\u8272.png\",\"contentUrl\":\"https:\/\/bdpnt.com\/wp-content\/uploads\/2025\/04\/\u5317\u6597\u90a6\u6cf0\u6700\u7ec8logo-\u6700\u7ec8\u7248\u5f69\u8272.png\",\"width\":234,\"height\":76,\"caption\":\"\u5317\u6597\u90a6\u6cf0\u5b98\u7f51\"},\"image\":{\"@id\":\"https:\/\/www.bdpnt.com\/#\/schema\/logo\/image\/\"}}]}<\/script>\n<!-- \/ Yoast SEO plugin. -->","yoast_head_json":{"title":"R\u00e9cepteur de vue commune par satellite de haute pr\u00e9cision T920 - Beidou Bangtai Official Website","robots":{"index":"index","follow":"follow","max-snippet":"max-snippet:-1","max-image-preview":"max-image-preview:large","max-video-preview":"max-video-preview:-1"},"canonical":"https:\/\/bdpnt.com\/fr\/produit\/t920-high-precision-satellite-common-view-receiver-2\/","og_locale":"fr_FR","og_type":"article","og_title":"T920 \u9ad8\u7cbe\u5ea6\u536b\u661f\u5171\u89c6\u63a5\u6536\u673a - \u5317\u6597\u90a6\u6cf0\u5b98\u7f51","og_description":"T920 \u662f\u4e00\u6b3e\u9ad8\u7cbe\u5ea6\u536b\u661f\u5171\u89c6\u63a5\u6536\u673a\uff0c\u652f\u6301GPS\u3001GLONASS\u3001\u5317\u6597\u3001Galileo\u7b49\u7cfb\u7edf\uff0c\u7b26\u5408CCTF(2015)\u4e0eCGGTTS V2E\u6807\u51c6\u3002\u5177\u5907OSNMA\u4fe1\u53f7\u8ba4\u8bc1\u3001AIM+\u5e72\u6270\u6291\u5236\u3001APME+\u591a\u8def\u5f84\u4f30\u8ba1\u7b49\u529f\u80fd\uff0c\u652f\u6301RINEX\u3001BINEX\u7b49\u591a\u79cd\u6570\u636e\u683c\u5f0f\u53ca16GB\u672c\u5730\u5b58\u50a8\u3002\u8f93\u51fa1PPS\u300110MHz\u3001NTP\u3001PTP\u4fe1\u53f7\uff0c\u5e76\u652f\u6301\u540c\u6b65\u7cbe\u5ea6\u8bc4\u4f30\u4e0e\u8fdc\u7a0bWeb\u7ba1\u7406\u3002\u9002\u7528\u4e8e\u56fd\u9645\u65f6\u95f4\u6bd4\u5bf9\u3001\u8ba1\u91cf\u5b9e\u9a8c\u5ba4\u3001\u79d1\u7814\u673a\u6784\u4e0e\u589e\u5f3a\u5bfc\u822a\u5e94\u7528\u3002","og_url":"https:\/\/bdpnt.com\/fr\/produit\/t920-high-precision-satellite-common-view-receiver-2\/","og_site_name":"\u5317\u6597\u90a6\u6cf0\u5b98\u7f51","article_modified_time":"2026-03-18T06:34:52+00:00","og_image":[{"width":1122,"height":556,"url":"https:\/\/bdpnt.com\/wp-content\/uploads\/2025\/07\/T920_.png","type":"image\/png"}],"twitter_card":"summary_large_image","schema":{"@context":"https:\/\/schema.org","@graph":[{"@type":"WebPage","@id":"https:\/\/bdpnt.com\/product\/t920-high-precision-satellite-common-view-receiver-2\/","url":"https:\/\/bdpnt.com\/product\/t920-high-precision-satellite-common-view-receiver-2\/","name":"R\u00e9cepteur de vue commune par satellite de haute pr\u00e9cision T920 - Beidou Bangtai Official Website","isPartOf":{"@id":"https:\/\/www.bdpnt.com\/#website"},"primaryImageOfPage":{"@id":"https:\/\/bdpnt.com\/product\/t920-high-precision-satellite-common-view-receiver-2\/#primaryimage"},"image":{"@id":"https:\/\/bdpnt.com\/product\/t920-high-precision-satellite-common-view-receiver-2\/#primaryimage"},"thumbnailUrl":"https:\/\/bdpnt.com\/wp-content\/uploads\/2025\/07\/T920_.png","datePublished":"2025-07-10T02:24:16+00:00","dateModified":"2026-03-18T06:34:52+00:00","breadcrumb":{"@id":"https:\/\/bdpnt.com\/product\/t920-high-precision-satellite-common-view-receiver-2\/#breadcrumb"},"inLanguage":"fr-FR","potentialAction":[{"@type":"ReadAction","target":["https:\/\/bdpnt.com\/product\/t920-high-precision-satellite-common-view-receiver-2\/"]}]},{"@type":"ImageObject","inLanguage":"fr-FR","@id":"https:\/\/bdpnt.com\/product\/t920-high-precision-satellite-common-view-receiver-2\/#primaryimage","url":"https:\/\/bdpnt.com\/wp-content\/uploads\/2025\/07\/T920_.png","contentUrl":"https:\/\/bdpnt.com\/wp-content\/uploads\/2025\/07\/T920_.png","width":1122,"height":556},{"@type":"BreadcrumbList","@id":"https:\/\/bdpnt.com\/product\/t920-high-precision-satellite-common-view-receiver-2\/#breadcrumb","itemListElement":[{"@type":"ListItem","position":1,"name":"\u9996\u9875","item":"https:\/\/www.bdpnt.com\/"},{"@type":"ListItem","position":2,"name":"Shop","item":"https:\/\/www.bdpnt.com\/shop\/"},{"@type":"ListItem","position":3,"name":"\u4ea7\u54c1","item":"https:\/\/www.bdpnt.com\/product-category\/products\/"},{"@type":"ListItem","position":4,"name":"\u65f6\u95f4\u9891\u7387\u4f20\u9012","item":"https:\/\/www.bdpnt.com\/de\/product-category\/produkte\/zeit-frequenz-ubertragung\/"},{"@type":"ListItem","position":5,"name":"\u5171\u89c6\u63a5\u6536\u673a","item":"https:\/\/www.bdpnt.com\/product-category\/products\/time-frequency-transfer\/%e5%85%b1%e8%a7%86%e6%8e%a5%e6%94%b6%e6%9c%ba\/"},{"@type":"ListItem","position":6,"name":"T920 \u9ad8\u7cbe\u5ea6\u536b\u661f\u5171\u89c6\u63a5\u6536\u673a"}]},{"@type":"WebSite","@id":"https:\/\/www.bdpnt.com\/#website","url":"https:\/\/www.bdpnt.com\/","name":"Site officiel de Beidoubangtai","description":"bdstar time website","publisher":{"@id":"https:\/\/www.bdpnt.com\/#organization"},"alternateName":"BDSTAR TIME","potentialAction":[{"@type":"SearchAction","target":{"@type":"EntryPoint","urlTemplate":"https:\/\/www.bdpnt.com\/?s={search_term_string}"},"query-input":{"@type":"PropertyValueSpecification","valueRequired":true,"valueName":"search_term_string"}}],"inLanguage":"fr-FR"},{"@type":"Organization","@id":"https:\/\/www.bdpnt.com\/#organization","name":"Site officiel de Beidoubangtai","alternateName":"BDSTAR TIME","url":"https:\/\/www.bdpnt.com\/","logo":{"@type":"ImageObject","inLanguage":"fr-FR","@id":"https:\/\/www.bdpnt.com\/#\/schema\/logo\/image\/","url":"https:\/\/bdpnt.com\/wp-content\/uploads\/2025\/04\/\u5317\u6597\u90a6\u6cf0\u6700\u7ec8logo-\u6700\u7ec8\u7248\u5f69\u8272.png","contentUrl":"https:\/\/bdpnt.com\/wp-content\/uploads\/2025\/04\/\u5317\u6597\u90a6\u6cf0\u6700\u7ec8logo-\u6700\u7ec8\u7248\u5f69\u8272.png","width":234,"height":76,"caption":"\u5317\u6597\u90a6\u6cf0\u5b98\u7f51"},"image":{"@id":"https:\/\/www.bdpnt.com\/#\/schema\/logo\/image\/"}}]}},"_links":{"self":[{"href":"https:\/\/bdpnt.com\/fr\/wp-json\/wp\/v2\/product\/4303","targetHints":{"allow":["GET"]}}],"collection":[{"href":"https:\/\/bdpnt.com\/fr\/wp-json\/wp\/v2\/product"}],"about":[{"href":"https:\/\/bdpnt.com\/fr\/wp-json\/wp\/v2\/types\/product"}],"version-history":[{"count":18,"href":"https:\/\/bdpnt.com\/fr\/wp-json\/wp\/v2\/product\/4303\/revisions"}],"predecessor-version":[{"id":4351,"href":"https:\/\/bdpnt.com\/fr\/wp-json\/wp\/v2\/product\/4303\/revisions\/4351"}],"wp:featuredmedia":[{"embeddable":true,"href":"https:\/\/bdpnt.com\/fr\/wp-json\/wp\/v2\/media\/4311"}],"wp:attachment":[{"href":"https:\/\/bdpnt.com\/fr\/wp-json\/wp\/v2\/media?parent=4303"}],"wp:term":[{"taxonomy":"product_brand","embeddable":true,"href":"https:\/\/bdpnt.com\/fr\/wp-json\/wp\/v2\/product_brand?post=4303"},{"taxonomy":"product_cat","embeddable":true,"href":"https:\/\/bdpnt.com\/fr\/wp-json\/wp\/v2\/product_cat?post=4303"},{"taxonomy":"product_tag","embeddable":true,"href":"https:\/\/bdpnt.com\/fr\/wp-json\/wp\/v2\/product_tag?post=4303"}],"curies":[{"name":"wp","href":"https:\/\/api.w.org\/{rel}","templated":true}]}}