{"id":4173,"date":"2025-07-07T13:15:53","date_gmt":"2025-07-07T05:15:53","guid":{"rendered":"https:\/\/bdstarpnt.com\/?post_type=product&#038;p=4173"},"modified":"2026-03-18T14:35:27","modified_gmt":"2026-03-18T06:35:27","slug":"t900-f-equipement-de-transfert-de-frequence-a-fibre-optique-de-haute-precision","status":"publish","type":"product","link":"https:\/\/bdpnt.com\/fr\/produit\/t900-f-equipement-de-transfert-de-frequence-a-fibre-optique-de-haute-precision\/","title":{"rendered":"T900-F Dispositif de transfert de fr\u00e9quence de haute pr\u00e9cision \u00e0 fibre optique"},"content":{"rendered":"<p class=\"p1 translation-block\">L'\u00e9quipement de transmission de fr\u00e9quence de haute pr\u00e9cision \u00e0 fibre optique T900-F est bas\u00e9 sur le syst\u00e8me de transmission de fr\u00e9quence de haute pr\u00e9cision du r\u00e9seau multipoint de type anneau, qui est divis\u00e9 en deux parties : la station centrale et la station terminale. La station centrale de transfert de fr\u00e9quence est principalement compos\u00e9e d'une unit\u00e9 opto\u00e9lectronique, d'une unit\u00e9 de mesure et de compensation de haute pr\u00e9cision, d'une unit\u00e9 d'interface temps-fr\u00e9quence et d'une unit\u00e9 de traitement de filtre optique de l'anneau. La station terminale de transfert de fr\u00e9quence est principalement compos\u00e9e d'une unit\u00e9 opto\u00e9lectronique, d'une unit\u00e9 de mesure et de compensation de haute pr\u00e9cision, d'une unit\u00e9 d'interface temps-fr\u00e9quence et d'une unit\u00e9 de traitement de filtre optique. La station centrale du syst\u00e8me n'a besoin que d'envoyer des signaux de fr\u00e9quence en boucle ferm\u00e9e et de compenser la fluctuation de phase de l'ensemble de la liaison, sans qu'il soit n\u00e9cessaire d'effectuer une conception de stabilisation de phase pour les n\u0153uds individuels, et n'a besoin que d'ajuster la puissance optique, qu'il y ait plus ou moins d'utilisateurs dans le r\u00e9seau, ce qui am\u00e9liore consid\u00e9rablement l'\u00e9volutivit\u00e9 du syst\u00e8me et r\u00e9duit la difficult\u00e9 de la maintenance. La fr\u00e9quence relative du signal de fr\u00e9quence reproduit est stable 3\u00d710<sup>-14<\/sup>@1S,1\u00d710<sup>-16<\/sup>@10000S.<\/p>\n<p class=\"p1\">Il peut \u00eatre appliqu\u00e9 aux sciences fondamentales, \u00e0 l'exploration de l'espace lointain, aux \u00e9quipements modernes de haute technologie et \u00e0 d'autres domaines.<\/p>","protected":false},"excerpt":{"rendered":"<p>La station centrale envoie des signaux de fr\u00e9quence et compense uniform\u00e9ment les fluctuations de phase par le biais d'une boucle ferm\u00e9e, sans qu'il soit n\u00e9cessaire de stabiliser individuellement la phase de chaque n\u0153ud, ce qui est tr\u00e8s \u00e9volutif et n\u00e9cessite peu de maintenance. La stabilit\u00e9 du signal de fr\u00e9quence reproduit atteint 3\u00d710-\u00b9\u2074@1s, 1\u00d710-\u00b9\u2076@10000s, ce qui convient \u00e0 la synchronisation de fr\u00e9quence de haute pr\u00e9cision dans les domaines de la recherche scientifique fondamentale, de l'exploration de l'espace lointain et de l'\u00e9quipement haut de gamme.<\/p>","protected":false},"featured_media":4175,"template":"","meta":{"_acf_changed":false,"site-sidebar-layout":"default","site-content-layout":"","ast-site-content-layout":"default","site-content-style":"default","site-sidebar-style":"default","ast-global-header-display":"","ast-banner-title-visibility":"","ast-main-header-display":"","ast-hfb-above-header-display":"","ast-hfb-below-header-display":"","ast-hfb-mobile-header-display":"","site-post-title":"","ast-breadcrumbs-content":"","ast-featured-img":"","footer-sml-layout":"","theme-transparent-header-meta":"default","adv-header-id-meta":"","stick-header-meta":"default","header-above-stick-meta":"","header-main-stick-meta":"","header-below-stick-meta":"","astra-migrate-meta-layouts":"set","ast-page-background-enabled":"default","ast-page-background-meta":{"desktop":{"background-color":"var(--ast-global-color-4)","background-image":"","background-repeat":"repeat","background-position":"center center","background-size":"auto","background-attachment":"scroll","background-type":"","background-media":"","overlay-type":"","overlay-color":"","overlay-opacity":"","overlay-gradient":""},"tablet":{"background-color":"","background-image":"","background-repeat":"repeat","background-position":"center center","background-size":"auto","background-attachment":"scroll","background-type":"","background-media":"","overlay-type":"","overlay-color":"","overlay-opacity":"","overlay-gradient":""},"mobile":{"background-color":"","background-image":"","background-repeat":"repeat","background-position":"center center","background-size":"auto","background-attachment":"scroll","background-type":"","background-media":"","overlay-type":"","overlay-color":"","overlay-opacity":"","overlay-gradient":""}},"ast-content-background-meta":{"desktop":{"background-color":"var(--ast-global-color-5)","background-image":"","background-repeat":"repeat","background-position":"center center","background-size":"auto","background-attachment":"scroll","background-type":"","background-media":"","overlay-type":"","overlay-color":"","overlay-opacity":"","overlay-gradient":""},"tablet":{"background-color":"var(--ast-global-color-5)","background-image":"","background-repeat":"repeat","background-position":"center center","background-size":"auto","background-attachment":"scroll","background-type":"","background-media":"","overlay-type":"","overlay-color":"","overlay-opacity":"","overlay-gradient":""},"mobile":{"background-color":"var(--ast-global-color-5)","background-image":"","background-repeat":"repeat","background-position":"center center","background-size":"auto","background-attachment":"scroll","background-type":"","background-media":"","overlay-type":"","overlay-color":"","overlay-opacity":"","overlay-gradient":""}}},"product_brand":[],"product_cat":[55],"product_tag":[],"class_list":{"0":"post-4173","1":"product","2":"type-product","3":"status-publish","4":"has-post-thumbnail","6":"product_cat-55","7":"pa_-197","8":"pa_----2u","9":"pa_--0-c--70-c","10":"pa_-communications-infrastructure","11":"pa_-military-aviation","12":"pa_-metrology-and-testing","13":"pa_-1x1010000s","14":"pa_-10mhz-sine-wave-square-wave-output","15":"pa_-100-mhz","16":"pa_-ac-220v","17":"desktop-align-left","18":"tablet-align-left","19":"mobile-align-left","20":"ast-product-gallery-layout-first-image-large","21":"ast-product-gallery-with-no-image","22":"ast-product-tabs-layout-horizontal","24":"first","25":"instock","26":"shipping-taxable","27":"product-type-simple"},"acf":[],"yoast_head":"<!-- This site is optimized with the Yoast SEO plugin v26.0 - https:\/\/yoast.com\/wordpress\/plugins\/seo\/ -->\n<title>T900-F \u5149\u7ea4\u9ad8\u7cbe\u5ea6\u9891\u7387\u4f20\u9012\u8bbe\u5907 - \u5317\u6597\u90a6\u6cf0\u5b98\u7f51<\/title>\n<meta name=\"robots\" content=\"index, follow, max-snippet:-1, max-image-preview:large, max-video-preview:-1\" \/>\n<link rel=\"canonical\" href=\"https:\/\/www.bdpnt.com\/product\/t900-f-high-precision-fiber-optic-frequency-transfer-equipment\/\" \/>\n<meta property=\"og:locale\" content=\"fr_FR\" \/>\n<meta property=\"og:type\" content=\"article\" \/>\n<meta property=\"og:title\" content=\"T900-F \u5149\u7ea4\u9ad8\u7cbe\u5ea6\u9891\u7387\u4f20\u9012\u8bbe\u5907 - \u5317\u6597\u90a6\u6cf0\u5b98\u7f51\" \/>\n<meta property=\"og:description\" content=\"T900-F\u662f\u4e00\u6b3e\u57fa\u4e8e\u73af\u7f51\u7ed3\u6784\u7684\u5149\u7ea4\u9ad8\u7cbe\u5ea6\u9891\u7387\u4f20\u9012\u8bbe\u5907\uff0c\u4e2d\u5fc3\u7ad9\u901a\u8fc7\u95ed\u5408\u73af\u8def\u53d1\u9001\u9891\u7387\u4fe1\u53f7\u5e76\u7edf\u4e00\u8865\u507f\u76f8\u4f4d\u6ce2\u52a8\uff0c\u65e0\u9700\u5bf9\u5404\u8282\u70b9\u5355\u72ec\u7a33\u76f8\uff0c\u5177\u5907\u9ad8\u6269\u5c55\u6027\u4e0e\u4f4e\u7ef4\u62a4\u6027\u3002\u590d\u73b0\u7684\u9891\u7387\u4fe1\u53f7\u7a33\u5b9a\u5ea6\u8fbe3\u00d710\u207b\u00b9\u2074@1s\uff0c1\u00d710\u207b\u00b9\u2076@10000s\uff0c\u9002\u7528\u4e8e\u57fa\u7840\u79d1\u7814\u3001\u6df1\u7a7a\u63a2\u6d4b\u53ca\u9ad8\u7aef\u88c5\u5907\u7b49\u9ad8\u7cbe\u5ea6\u9891\u7387\u540c\u6b65\u9886\u57df\u3002\" \/>\n<meta property=\"og:url\" content=\"https:\/\/www.bdpnt.com\/product\/t900-f-high-precision-fiber-optic-frequency-transfer-equipment\/\" \/>\n<meta property=\"og:site_name\" content=\"\u5317\u6597\u90a6\u6cf0\u5b98\u7f51\" \/>\n<meta property=\"article:modified_time\" content=\"2026-03-18T06:35:27+00:00\" \/>\n<meta property=\"og:image\" content=\"https:\/\/www.bdpnt.com\/wp-content\/uploads\/2025\/07\/T900-F-\u84dd\u8272\u4ea7\u54c1\u80cc\u666f\u6a21\u7248.png\" \/>\n\t<meta property=\"og:image:width\" content=\"960\" \/>\n\t<meta property=\"og:image:height\" content=\"480\" \/>\n\t<meta property=\"og:image:type\" content=\"image\/png\" \/>\n<meta name=\"twitter:card\" content=\"summary_large_image\" \/>\n<meta name=\"twitter:label1\" content=\"Dur\u00e9e de lecture estim\u00e9e\" \/>\n\t<meta name=\"twitter:data1\" content=\"1 minute\" \/>\n<script type=\"application\/ld+json\" class=\"yoast-schema-graph\">{\"@context\":\"https:\/\/schema.org\",\"@graph\":[{\"@type\":\"WebPage\",\"@id\":\"https:\/\/www.bdpnt.com\/product\/t900-f-high-precision-fiber-optic-frequency-transfer-equipment\/\",\"url\":\"https:\/\/www.bdpnt.com\/product\/t900-f-high-precision-fiber-optic-frequency-transfer-equipment\/\",\"name\":\"T900-F \u5149\u7ea4\u9ad8\u7cbe\u5ea6\u9891\u7387\u4f20\u9012\u8bbe\u5907 - \u5317\u6597\u90a6\u6cf0\u5b98\u7f51\",\"isPartOf\":{\"@id\":\"https:\/\/www.bdpnt.com\/ja\/#website\"},\"primaryImageOfPage\":{\"@id\":\"https:\/\/www.bdpnt.com\/product\/t900-f-high-precision-fiber-optic-frequency-transfer-equipment\/#primaryimage\"},\"image\":{\"@id\":\"https:\/\/www.bdpnt.com\/product\/t900-f-high-precision-fiber-optic-frequency-transfer-equipment\/#primaryimage\"},\"thumbnailUrl\":\"https:\/\/bdpnt.com\/wp-content\/uploads\/2025\/07\/T900-F-\u84dd\u8272\u4ea7\u54c1\u80cc\u666f\u6a21\u7248.png\",\"datePublished\":\"2025-07-07T05:15:53+00:00\",\"dateModified\":\"2026-03-18T06:35:27+00:00\",\"breadcrumb\":{\"@id\":\"https:\/\/www.bdpnt.com\/product\/t900-f-high-precision-fiber-optic-frequency-transfer-equipment\/#breadcrumb\"},\"inLanguage\":\"fr-FR\",\"potentialAction\":[{\"@type\":\"ReadAction\",\"target\":[\"https:\/\/www.bdpnt.com\/product\/t900-f-high-precision-fiber-optic-frequency-transfer-equipment\/\"]}]},{\"@type\":\"ImageObject\",\"inLanguage\":\"fr-FR\",\"@id\":\"https:\/\/www.bdpnt.com\/product\/t900-f-high-precision-fiber-optic-frequency-transfer-equipment\/#primaryimage\",\"url\":\"https:\/\/bdpnt.com\/wp-content\/uploads\/2025\/07\/T900-F-\u84dd\u8272\u4ea7\u54c1\u80cc\u666f\u6a21\u7248.png\",\"contentUrl\":\"https:\/\/bdpnt.com\/wp-content\/uploads\/2025\/07\/T900-F-\u84dd\u8272\u4ea7\u54c1\u80cc\u666f\u6a21\u7248.png\",\"width\":960,\"height\":480},{\"@type\":\"BreadcrumbList\",\"@id\":\"https:\/\/www.bdpnt.com\/product\/t900-f-high-precision-fiber-optic-frequency-transfer-equipment\/#breadcrumb\",\"itemListElement\":[{\"@type\":\"ListItem\",\"position\":1,\"name\":\"\u9996\u9875\",\"item\":\"https:\/\/www.bdpnt.com\/\"},{\"@type\":\"ListItem\",\"position\":2,\"name\":\"Shop\",\"item\":\"https:\/\/www.bdpnt.com\/shop\/\"},{\"@type\":\"ListItem\",\"position\":3,\"name\":\"\u4ea7\u54c1\",\"item\":\"https:\/\/www.bdpnt.com\/product-category\/products\/\"},{\"@type\":\"ListItem\",\"position\":4,\"name\":\"\u65f6\u95f4\u9891\u7387\u4f20\u9012\",\"item\":\"https:\/\/www.bdpnt.com\/ru\/product-category\/%d0%bf%d1%80%d0%be%d0%b4%d1%83%d0%ba%d1%86%d0%b8%d1%8f\/%d0%bf%d0%b5%d1%80%d0%b5%d0%b4%d0%b0%d1%87%d0%b0-%d1%87%d0%b0%d1%81%d1%82%d0%be%d1%82%d1%8b-%d0%b2%d1%80%d0%b5%d0%bc%d0%b5%d0%bd%d0%b8\/\"},{\"@type\":\"ListItem\",\"position\":5,\"name\":\"\u5149\u7ea4\u9891\u7387\u4f20\u9012\",\"item\":\"https:\/\/www.bdpnt.com\/product-category\/products\/time-frequency-transfer\/%e5%85%89%e7%ba%a4%e9%a2%91%e7%8e%87%e4%bc%a0%e9%80%92\/\"},{\"@type\":\"ListItem\",\"position\":6,\"name\":\"T900-F \u5149\u7ea4\u9ad8\u7cbe\u5ea6\u9891\u7387\u4f20\u9012\u8bbe\u5907\"}]},{\"@type\":\"WebSite\",\"@id\":\"https:\/\/www.bdpnt.com\/ja\/#website\",\"url\":\"https:\/\/www.bdpnt.com\/ja\/\",\"name\":\"\u5317\u6597\u90a6\u6cf0\u5b98\u7f51\",\"description\":\"bdstar time website\",\"publisher\":{\"@id\":\"https:\/\/www.bdpnt.com\/ja\/#organization\"},\"alternateName\":\"BDSTAR TIME\",\"potentialAction\":[{\"@type\":\"SearchAction\",\"target\":{\"@type\":\"EntryPoint\",\"urlTemplate\":\"https:\/\/www.bdpnt.com\/ja\/?s={search_term_string}\"},\"query-input\":{\"@type\":\"PropertyValueSpecification\",\"valueRequired\":true,\"valueName\":\"search_term_string\"}}],\"inLanguage\":\"fr-FR\"},{\"@type\":\"Organization\",\"@id\":\"https:\/\/www.bdpnt.com\/ja\/#organization\",\"name\":\"\u5317\u6597\u90a6\u6cf0\u5b98\u7f51\",\"alternateName\":\"BDSTAR TIME\",\"url\":\"https:\/\/www.bdpnt.com\/ja\/\",\"logo\":{\"@type\":\"ImageObject\",\"inLanguage\":\"fr-FR\",\"@id\":\"https:\/\/www.bdpnt.com\/ja\/#\/schema\/logo\/image\/\",\"url\":\"https:\/\/bdpnt.com\/wp-content\/uploads\/2025\/04\/\u5317\u6597\u90a6\u6cf0\u6700\u7ec8logo-\u6700\u7ec8\u7248\u5f69\u8272.png\",\"contentUrl\":\"https:\/\/bdpnt.com\/wp-content\/uploads\/2025\/04\/\u5317\u6597\u90a6\u6cf0\u6700\u7ec8logo-\u6700\u7ec8\u7248\u5f69\u8272.png\",\"width\":234,\"height\":76,\"caption\":\"\u5317\u6597\u90a6\u6cf0\u5b98\u7f51\"},\"image\":{\"@id\":\"https:\/\/www.bdpnt.com\/ja\/#\/schema\/logo\/image\/\"}}]}<\/script>\n<!-- \/ Yoast SEO plugin. -->","yoast_head_json":{"title":"T900-F \u00c9quipement de transfert de fr\u00e9quence de haute pr\u00e9cision \u00e0 fibre optique - Beidou Bangtai Official Website","robots":{"index":"index","follow":"follow","max-snippet":"max-snippet:-1","max-image-preview":"max-image-preview:large","max-video-preview":"max-video-preview:-1"},"canonical":"https:\/\/www.bdpnt.com\/product\/t900-f-high-precision-fiber-optic-frequency-transfer-equipment\/","og_locale":"fr_FR","og_type":"article","og_title":"T900-F \u5149\u7ea4\u9ad8\u7cbe\u5ea6\u9891\u7387\u4f20\u9012\u8bbe\u5907 - \u5317\u6597\u90a6\u6cf0\u5b98\u7f51","og_description":"T900-F\u662f\u4e00\u6b3e\u57fa\u4e8e\u73af\u7f51\u7ed3\u6784\u7684\u5149\u7ea4\u9ad8\u7cbe\u5ea6\u9891\u7387\u4f20\u9012\u8bbe\u5907\uff0c\u4e2d\u5fc3\u7ad9\u901a\u8fc7\u95ed\u5408\u73af\u8def\u53d1\u9001\u9891\u7387\u4fe1\u53f7\u5e76\u7edf\u4e00\u8865\u507f\u76f8\u4f4d\u6ce2\u52a8\uff0c\u65e0\u9700\u5bf9\u5404\u8282\u70b9\u5355\u72ec\u7a33\u76f8\uff0c\u5177\u5907\u9ad8\u6269\u5c55\u6027\u4e0e\u4f4e\u7ef4\u62a4\u6027\u3002\u590d\u73b0\u7684\u9891\u7387\u4fe1\u53f7\u7a33\u5b9a\u5ea6\u8fbe3\u00d710\u207b\u00b9\u2074@1s\uff0c1\u00d710\u207b\u00b9\u2076@10000s\uff0c\u9002\u7528\u4e8e\u57fa\u7840\u79d1\u7814\u3001\u6df1\u7a7a\u63a2\u6d4b\u53ca\u9ad8\u7aef\u88c5\u5907\u7b49\u9ad8\u7cbe\u5ea6\u9891\u7387\u540c\u6b65\u9886\u57df\u3002","og_url":"https:\/\/www.bdpnt.com\/product\/t900-f-high-precision-fiber-optic-frequency-transfer-equipment\/","og_site_name":"\u5317\u6597\u90a6\u6cf0\u5b98\u7f51","article_modified_time":"2026-03-18T06:35:27+00:00","og_image":[{"width":960,"height":480,"url":"https:\/\/www.bdpnt.com\/wp-content\/uploads\/2025\/07\/T900-F-\u84dd\u8272\u4ea7\u54c1\u80cc\u666f\u6a21\u7248.png","type":"image\/png"}],"twitter_card":"summary_large_image","twitter_misc":{"Dur\u00e9e de lecture estim\u00e9e":"1 minute"},"schema":{"@context":"https:\/\/schema.org","@graph":[{"@type":"WebPage","@id":"https:\/\/www.bdpnt.com\/product\/t900-f-high-precision-fiber-optic-frequency-transfer-equipment\/","url":"https:\/\/www.bdpnt.com\/product\/t900-f-high-precision-fiber-optic-frequency-transfer-equipment\/","name":"T900-F \u00c9quipement de transfert de fr\u00e9quence de haute pr\u00e9cision \u00e0 fibre optique - Beidou Bangtai Official Website","isPartOf":{"@id":"https:\/\/www.bdpnt.com\/ja\/#website"},"primaryImageOfPage":{"@id":"https:\/\/www.bdpnt.com\/product\/t900-f-high-precision-fiber-optic-frequency-transfer-equipment\/#primaryimage"},"image":{"@id":"https:\/\/www.bdpnt.com\/product\/t900-f-high-precision-fiber-optic-frequency-transfer-equipment\/#primaryimage"},"thumbnailUrl":"https:\/\/bdpnt.com\/wp-content\/uploads\/2025\/07\/T900-F-\u84dd\u8272\u4ea7\u54c1\u80cc\u666f\u6a21\u7248.png","datePublished":"2025-07-07T05:15:53+00:00","dateModified":"2026-03-18T06:35:27+00:00","breadcrumb":{"@id":"https:\/\/www.bdpnt.com\/product\/t900-f-high-precision-fiber-optic-frequency-transfer-equipment\/#breadcrumb"},"inLanguage":"fr-FR","potentialAction":[{"@type":"ReadAction","target":["https:\/\/www.bdpnt.com\/product\/t900-f-high-precision-fiber-optic-frequency-transfer-equipment\/"]}]},{"@type":"ImageObject","inLanguage":"fr-FR","@id":"https:\/\/www.bdpnt.com\/product\/t900-f-high-precision-fiber-optic-frequency-transfer-equipment\/#primaryimage","url":"https:\/\/bdpnt.com\/wp-content\/uploads\/2025\/07\/T900-F-\u84dd\u8272\u4ea7\u54c1\u80cc\u666f\u6a21\u7248.png","contentUrl":"https:\/\/bdpnt.com\/wp-content\/uploads\/2025\/07\/T900-F-\u84dd\u8272\u4ea7\u54c1\u80cc\u666f\u6a21\u7248.png","width":960,"height":480},{"@type":"BreadcrumbList","@id":"https:\/\/www.bdpnt.com\/product\/t900-f-high-precision-fiber-optic-frequency-transfer-equipment\/#breadcrumb","itemListElement":[{"@type":"ListItem","position":1,"name":"\u9996\u9875","item":"https:\/\/www.bdpnt.com\/"},{"@type":"ListItem","position":2,"name":"Shop","item":"https:\/\/www.bdpnt.com\/shop\/"},{"@type":"ListItem","position":3,"name":"\u4ea7\u54c1","item":"https:\/\/www.bdpnt.com\/product-category\/products\/"},{"@type":"ListItem","position":4,"name":"\u65f6\u95f4\u9891\u7387\u4f20\u9012","item":"https:\/\/www.bdpnt.com\/ru\/product-category\/%d0%bf%d1%80%d0%be%d0%b4%d1%83%d0%ba%d1%86%d0%b8%d1%8f\/%d0%bf%d0%b5%d1%80%d0%b5%d0%b4%d0%b0%d1%87%d0%b0-%d1%87%d0%b0%d1%81%d1%82%d0%be%d1%82%d1%8b-%d0%b2%d1%80%d0%b5%d0%bc%d0%b5%d0%bd%d0%b8\/"},{"@type":"ListItem","position":5,"name":"\u5149\u7ea4\u9891\u7387\u4f20\u9012","item":"https:\/\/www.bdpnt.com\/product-category\/products\/time-frequency-transfer\/%e5%85%89%e7%ba%a4%e9%a2%91%e7%8e%87%e4%bc%a0%e9%80%92\/"},{"@type":"ListItem","position":6,"name":"T900-F \u5149\u7ea4\u9ad8\u7cbe\u5ea6\u9891\u7387\u4f20\u9012\u8bbe\u5907"}]},{"@type":"WebSite","@id":"https:\/\/www.bdpnt.com\/ja\/#website","url":"https:\/\/www.bdpnt.com\/ja\/","name":"Site officiel de Beidoubangtai","description":"bdstar time website","publisher":{"@id":"https:\/\/www.bdpnt.com\/ja\/#organization"},"alternateName":"BDSTAR TIME","potentialAction":[{"@type":"SearchAction","target":{"@type":"EntryPoint","urlTemplate":"https:\/\/www.bdpnt.com\/ja\/?s={search_term_string}"},"query-input":{"@type":"PropertyValueSpecification","valueRequired":true,"valueName":"search_term_string"}}],"inLanguage":"fr-FR"},{"@type":"Organization","@id":"https:\/\/www.bdpnt.com\/ja\/#organization","name":"Site officiel de Beidoubangtai","alternateName":"BDSTAR TIME","url":"https:\/\/www.bdpnt.com\/ja\/","logo":{"@type":"ImageObject","inLanguage":"fr-FR","@id":"https:\/\/www.bdpnt.com\/ja\/#\/schema\/logo\/image\/","url":"https:\/\/bdpnt.com\/wp-content\/uploads\/2025\/04\/\u5317\u6597\u90a6\u6cf0\u6700\u7ec8logo-\u6700\u7ec8\u7248\u5f69\u8272.png","contentUrl":"https:\/\/bdpnt.com\/wp-content\/uploads\/2025\/04\/\u5317\u6597\u90a6\u6cf0\u6700\u7ec8logo-\u6700\u7ec8\u7248\u5f69\u8272.png","width":234,"height":76,"caption":"\u5317\u6597\u90a6\u6cf0\u5b98\u7f51"},"image":{"@id":"https:\/\/www.bdpnt.com\/ja\/#\/schema\/logo\/image\/"}}]}},"_links":{"self":[{"href":"https:\/\/bdpnt.com\/fr\/wp-json\/wp\/v2\/product\/4173","targetHints":{"allow":["GET"]}}],"collection":[{"href":"https:\/\/bdpnt.com\/fr\/wp-json\/wp\/v2\/product"}],"about":[{"href":"https:\/\/bdpnt.com\/fr\/wp-json\/wp\/v2\/types\/product"}],"version-history":[{"count":9,"href":"https:\/\/bdpnt.com\/fr\/wp-json\/wp\/v2\/product\/4173\/revisions"}],"predecessor-version":[{"id":14298,"href":"https:\/\/bdpnt.com\/fr\/wp-json\/wp\/v2\/product\/4173\/revisions\/14298"}],"wp:featuredmedia":[{"embeddable":true,"href":"https:\/\/bdpnt.com\/fr\/wp-json\/wp\/v2\/media\/4175"}],"wp:attachment":[{"href":"https:\/\/bdpnt.com\/fr\/wp-json\/wp\/v2\/media?parent=4173"}],"wp:term":[{"taxonomy":"product_brand","embeddable":true,"href":"https:\/\/bdpnt.com\/fr\/wp-json\/wp\/v2\/product_brand?post=4173"},{"taxonomy":"product_cat","embeddable":true,"href":"https:\/\/bdpnt.com\/fr\/wp-json\/wp\/v2\/product_cat?post=4173"},{"taxonomy":"product_tag","embeddable":true,"href":"https:\/\/bdpnt.com\/fr\/wp-json\/wp\/v2\/product_tag?post=4173"}],"curies":[{"name":"wp","href":"https:\/\/api.w.org\/{rel}","templated":true}]}}