{"id":1558,"date":"2025-05-05T20:41:56","date_gmt":"2025-05-05T12:41:56","guid":{"rendered":"https:\/\/bdstarpnt.com\/?page_id=1558&#038;currency=usd"},"modified":"2025-11-14T13:28:58","modified_gmt":"2025-11-14T05:28:58","slug":"blogs","status":"publish","type":"page","link":"https:\/\/bdpnt.com\/fr\/nouvelles-et-blogs\/blogs\/","title":{"rendered":"blog (mot d'emprunt)"},"content":{"rendered":"<div data-elementor-type=\"wp-page\" data-elementor-id=\"1558\" class=\"elementor elementor-1558\" data-elementor-post-type=\"page\">\n\t\t\t\t<div data-particle_enable=\"false\" data-particle-mobile-disabled=\"false\" class=\"elementor-element elementor-element-610acf0 e-con-full e-flex e-con e-parent\" data-id=\"610acf0\" data-element_type=\"container\">\n\t\t<div data-particle_enable=\"false\" data-particle-mobile-disabled=\"false\" class=\"elementor-element elementor-element-909e072 e-flex e-con-boxed e-con e-child\" data-id=\"909e072\" data-element_type=\"container\" data-settings=\"{&quot;background_background&quot;:&quot;classic&quot;}\">\n\t\t\t\t\t<div class=\"e-con-inner\">\n\t\t\t\t<div class=\"elementor-element elementor-element-a87712b elementor-widget elementor-widget-woocommerce-breadcrumb\" data-id=\"a87712b\" data-element_type=\"widget\" data-widget_type=\"woocommerce-breadcrumb.default\">\n\t\t\t\t\t<nav class=\"woocommerce-breadcrumb\" aria-label=\"Breadcrumb\" data-no-translation=\"\" data-trp-gettext=\"\">Accueil<\/nav>\t\t\t\t<\/div>\n\t\t\t\t\t<\/div>\n\t\t\t\t<\/div>\n\t\t\t\t<\/div>\n\t\t<div data-particle_enable=\"false\" data-particle-mobile-disabled=\"false\" class=\"elementor-element elementor-element-d457ab8 e-flex e-con-boxed e-con e-parent\" data-id=\"d457ab8\" data-element_type=\"container\" data-settings=\"{&quot;background_background&quot;:&quot;classic&quot;}\">\n\t\t\t\t\t<div class=\"e-con-inner\">\n\t\t\t\t\t<\/div>\n\t\t\t\t<\/div>\n\t\t<div data-particle_enable=\"false\" data-particle-mobile-disabled=\"false\" class=\"elementor-element elementor-element-de7c4e2 e-flex e-con-boxed e-con e-parent\" data-id=\"de7c4e2\" data-element_type=\"container\">\n\t\t\t\t\t<div class=\"e-con-inner\">\n\t\t\t\t<div class=\"elementor-element elementor-element-fae8539 elementor-widget elementor-widget-spacer\" data-id=\"fae8539\" data-element_type=\"widget\" data-widget_type=\"spacer.default\">\n\t\t\t\t\t\t\t<div class=\"elementor-spacer\">\n\t\t\t<div class=\"elementor-spacer-inner\"><\/div>\n\t\t<\/div>\n\t\t\t\t\t\t<\/div>\n\t\t\t\t<div class=\"elementor-element elementor-element-17a3886 elementor-widget elementor-widget-heading\" data-id=\"17a3886\" data-element_type=\"widget\" data-widget_type=\"heading.default\">\n\t\t\t\t\t<h3 class=\"elementor-heading-title elementor-size-default\">Analyse approfondie et recommandations exclusives sur le contenu des blogs<\/h3>\t\t\t\t<\/div>\n\t\t\t\t<div class=\"elementor-element elementor-element-73e9eb3 elementor-widget elementor-widget-text-editor\" data-id=\"73e9eb3\" data-element_type=\"widget\" data-widget_type=\"text-editor.default\">\n\t\t\t\t\t\t\t\t\t<p>Documenter chaque \u00e9tape de la croissance, diffuser des connaissances et \u00e9tablir des liens avec des personnes partageant les m\u00eames id\u00e9es par le biais du blogging.<\/p>\t\t\t\t\t\t\t\t<\/div>\n\t\t\t\t\t<\/div>\n\t\t\t\t<\/div>\n\t\t<div data-particle_enable=\"false\" data-particle-mobile-disabled=\"false\" class=\"elementor-element elementor-element-5c6a494 e-flex e-con-boxed e-con e-parent\" data-id=\"5c6a494\" data-element_type=\"container\">\n\t\t\t\t\t<div class=\"e-con-inner\">\n\t\t\t\t<div class=\"elementor-element elementor-element-0a357ea elementor-widget elementor-widget-spacer\" data-id=\"0a357ea\" data-element_type=\"widget\" data-widget_type=\"spacer.default\">\n\t\t\t\t\t\t\t<div class=\"elementor-spacer\">\n\t\t\t<div class=\"elementor-spacer-inner\"><\/div>\n\t\t<\/div>\n\t\t\t\t\t\t<\/div>\n\t\t\t\t<div class=\"elementor-element elementor-element-fd3cca2 elementor-grid-3 elementor-grid-tablet-2 elementor-grid-mobile-1 elementor-posts--thumbnail-top elementor-card-shadow-yes elementor-posts__hover-gradient load-more-align-center elementor-widget elementor-widget-posts\" data-id=\"fd3cca2\" data-element_type=\"widget\" data-settings=\"{&quot;pagination_type&quot;:&quot;load_more_on_click&quot;,&quot;cards_columns&quot;:&quot;3&quot;,&quot;cards_columns_tablet&quot;:&quot;2&quot;,&quot;cards_columns_mobile&quot;:&quot;1&quot;,&quot;cards_row_gap&quot;:{&quot;unit&quot;:&quot;px&quot;,&quot;size&quot;:35,&quot;sizes&quot;:[]},&quot;cards_row_gap_tablet&quot;:{&quot;unit&quot;:&quot;px&quot;,&quot;size&quot;:&quot;&quot;,&quot;sizes&quot;:[]},&quot;cards_row_gap_mobile&quot;:{&quot;unit&quot;:&quot;px&quot;,&quot;size&quot;:&quot;&quot;,&quot;sizes&quot;:[]},&quot;load_more_spinner&quot;:{&quot;value&quot;:&quot;fas fa-spinner&quot;,&quot;library&quot;:&quot;fa-solid&quot;}}\" data-widget_type=\"posts.cards\">\n\t\t\t\t<div class=\"elementor-widget-container\">\n\t\t\t\t\t\t\t<div class=\"elementor-posts-container elementor-posts elementor-posts--skin-cards elementor-grid\" role=\"list\">\r\n\t\t\t\t<article class=\"elementor-post elementor-grid-item post-13742 post type-post status-publish format-standard has-post-thumbnail hentry category-blogs\" role=\"listitem\">\r\n\t\t\t<div class=\"elementor-post__card\">\r\n\t\t\t\t<a class=\"elementor-post__thumbnail__link\" href=\"https:\/\/bdpnt.com\/fr\/guide-de-deploiement-de-larchitecture-du-reseau-ptp-de-haute-precision-2\/\" tabindex=\"-1\" ><div class=\"elementor-post__thumbnail\"><img fetchpriority=\"high\" decoding=\"async\" width=\"300\" height=\"208\" src=\"https:\/\/bdpnt.com\/wp-content\/uploads\/2025\/10\/\u65b9\u68481-300x208.png\" class=\"attachment-medium size-medium wp-image-13719\" alt=\"\" srcset=\"https:\/\/bdpnt.com\/wp-content\/uploads\/2025\/10\/\u65b9\u68481-300x208.png 300w, https:\/\/bdpnt.com\/wp-content\/uploads\/2025\/10\/\u65b9\u68481-768x533.png 768w, https:\/\/bdpnt.com\/wp-content\/uploads\/2025\/10\/\u65b9\u68481-18x12.png 18w, https:\/\/bdpnt.com\/wp-content\/uploads\/2025\/10\/\u65b9\u68481-600x416.png 600w, https:\/\/bdpnt.com\/wp-content\/uploads\/2025\/10\/\u65b9\u68481.png 960w\" sizes=\"(max-width: 300px) 100vw, 300px\" \/><\/div><\/a>\r\n\t\t\t\t<div class=\"elementor-post__text\">\r\n\t\t\t\t<h3 class=\"elementor-post__title\">\r\n\t\t\t<a href=\"https:\/\/bdpnt.com\/fr\/guide-de-deploiement-de-larchitecture-du-reseau-ptp-de-haute-precision-2\/\" >\r\n\t\t\t\tGuide de d\u00e9ploiement de l'architecture r\u00e9seau PTP haute pr\u00e9cision\t\t\t<\/a>\r\n\t\t<\/h3>\r\n\t\t\t\t<div class=\"elementor-post__excerpt\">\r\n\t\t\t<p>L'objectif de ce document est de fournir aux administrateurs de r\u00e9seaux et de syst\u00e8mes un macro-guide pour une architecture de r\u00e9seau PTP (Precision Time Protocol) de haute pr\u00e9cision. Nous pr\u00e9senterons un mod\u00e8le de synchronisation PTP hi\u00e9rarchique et \u00e9volutif qui consiste en trois niveaux centraux de dispositifs : l'horloge ma\u00eetre PTP (Grand ma\u00eetre), l'horloge fronti\u00e8re PTP et l'horloge esclave PTP.<\/p>\n\t\t<\/div>\r\n\t\t\r\n\t\t<a class=\"elementor-post__read-more\" href=\"https:\/\/bdpnt.com\/fr\/guide-de-deploiement-de-larchitecture-du-reseau-ptp-de-haute-precision-2\/\" aria-label=\"Read more about \u9ad8\u7cbe\u5ea6PTP\u7f51\u7edc\u67b6\u6784\u90e8\u7f72\u6307\u5357\" tabindex=\"-1\" >\r\n\t\t\tLire plus \"\t\t<\/a>\r\n\r\n\t\t\t\t<\/div>\r\n\t\t\t\t<div class=\"elementor-post__meta-data\">\r\n\t\t\t\t\t<span class=\"elementor-post-date\">\r\n\t\t\t28 octobre 2025\t\t<\/span>\r\n\t\t\t\t<\/div>\r\n\t\t\t\t\t<\/div>\r\n\t\t<\/article>\r\n\t\t\t\t<article class=\"elementor-post elementor-grid-item post-13729 post type-post status-publish format-standard has-post-thumbnail hentry category-blogs\" role=\"listitem\">\r\n\t\t\t<div class=\"elementor-post__card\">\r\n\t\t\t\t<a class=\"elementor-post__thumbnail__link\" href=\"https:\/\/bdpnt.com\/fr\/explication-du-journal-ptp\/\" tabindex=\"-1\" ><div class=\"elementor-post__thumbnail\"><img decoding=\"async\" width=\"300\" height=\"181\" src=\"https:\/\/bdpnt.com\/wp-content\/uploads\/2025\/10\/wechat_2025-10-28_155608_251-300x181.png\" class=\"attachment-medium size-medium wp-image-13730\" alt=\"\" srcset=\"https:\/\/bdpnt.com\/wp-content\/uploads\/2025\/10\/wechat_2025-10-28_155608_251-300x181.png 300w, https:\/\/bdpnt.com\/wp-content\/uploads\/2025\/10\/wechat_2025-10-28_155608_251-768x463.png 768w, https:\/\/bdpnt.com\/wp-content\/uploads\/2025\/10\/wechat_2025-10-28_155608_251-18x12.png 18w, https:\/\/bdpnt.com\/wp-content\/uploads\/2025\/10\/wechat_2025-10-28_155608_251-600x361.png 600w, https:\/\/bdpnt.com\/wp-content\/uploads\/2025\/10\/wechat_2025-10-28_155608_251.png 928w\" sizes=\"(max-width: 300px) 100vw, 300px\" \/><\/div><\/a>\r\n\t\t\t\t<div class=\"elementor-post__text\">\r\n\t\t\t\t<h3 class=\"elementor-post__title\">\r\n\t\t\t<a href=\"https:\/\/bdpnt.com\/fr\/explication-du-journal-ptp\/\" >\r\n\t\t\t\tInterpr\u00e9tation du journal PTP\t\t\t<\/a>\r\n\t\t<\/h3>\r\n\t\t\t\t<div class=\"elementor-post__excerpt\">\r\n\t\t\t<p> rms 16<br \/>\nIndique l'\"erreur moyenne de synchronisation\" en nanosecondes (ns).<br \/>\nCette valeur refl\u00e8te le niveau global de stabilit\u00e9 du d\u00e9calage temporel entre l'appareil et l'horloge ma\u00eetresse. rms 16 signifie que l'\u00e9cart moyen n'est que de 16ns, ce qui est d\u00e9j\u00e0 tr\u00e8s faible et se situe dans le domaine de la synchronisation de haute pr\u00e9cision. Plus la valeur est petite, plus la synchronisation est pr\u00e9cise.<\/p>\n\t\t<\/div>\r\n\t\t\r\n\t\t<a class=\"elementor-post__read-more\" href=\"https:\/\/bdpnt.com\/fr\/explication-du-journal-ptp\/\" aria-label=\"Read more about PTP\u65e5\u5fd7\u89e3\u91ca\" tabindex=\"-1\" >\r\n\t\t\tLire plus \"\t\t<\/a>\r\n\r\n\t\t\t\t<\/div>\r\n\t\t\t\t<div class=\"elementor-post__meta-data\">\r\n\t\t\t\t\t<span class=\"elementor-post-date\">\r\n\t\t\t28 octobre 2025\t\t<\/span>\r\n\t\t\t\t<\/div>\r\n\t\t\t\t\t<\/div>\r\n\t\t<\/article>\r\n\t\t\t\t<\/div>\r\n\t\t\t\t\t<span class=\"e-load-more-spinner\">\r\n\t\t\t\t<svg aria-hidden=\"true\" class=\"e-font-icon-svg e-fas-spinner\" viewbox=\"0 0 512 512\" xmlns=\"http:\/\/www.w3.org\/2000\/svg\"><path d=\"M304 48c0 26.51-21.49 48-48 48s-48-21.49-48-48 21.49-48 48-48 48 21.49 48 48zm-48 368c-26.51 0-48 21.49-48 48s21.49 48 48 48 48-21.49 48-48-21.49-48-48-48zm208-208c-26.51 0-48 21.49-48 48s21.49 48 48 48 48-21.49 48-48-21.49-48-48-48zM96 256c0-26.51-21.49-48-48-48S0 229.49 0 256s21.49 48 48 48 48-21.49 48-48zm12.922 99.078c-26.51 0-48 21.49-48 48s21.49 48 48 48 48-21.49 48-48c0-26.509-21.491-48-48-48zm294.156 0c-26.51 0-48 21.49-48 48s21.49 48 48 48 48-21.49 48-48c0-26.509-21.49-48-48-48zM108.922 60.922c-26.51 0-48 21.49-48 48s21.49 48 48 48 48-21.49 48-48-21.491-48-48-48z\"><\/path><\/svg>\t\t\t<\/span>\r\n\t\t\r\n\t\t\t\t\t\t<\/div>\n\t\t\t\t<\/div>\n\t\t\t\t<div class=\"elementor-element elementor-element-c9bcf93 elementor-widget elementor-widget-spacer\" data-id=\"c9bcf93\" data-element_type=\"widget\" data-widget_type=\"spacer.default\">\n\t\t\t\t\t\t\t<div class=\"elementor-spacer\">\n\t\t\t<div class=\"elementor-spacer-inner\"><\/div>\n\t\t<\/div>\n\t\t\t\t\t\t<\/div>\n\t\t\t\t\t<\/div>\n\t\t\t\t<\/div>\n\t\t\t\t<\/div>","protected":false},"excerpt":{"rendered":"<p>\u6df1\u5ea6\u5256\u6790\uff0c\u72ec\u5bb6\u535a\u5ba2\u5185\u5bb9\u63a8\u8350 \u901a\u8fc7\u535a\u5ba2\u8bb0\u5f55\u6210\u957f\u7684\u6bcf\u4e00\u6b65\uff0c\u4f20\u64ad\u77e5\u8bc6\uff0c\u8fde\u63a5\u5fd7\u540c\u9053\u5408\u7684\u670b\u53cb\u3002<\/p>","protected":false},"author":1,"featured_media":0,"parent":1480,"menu_order":0,"comment_status":"closed","ping_status":"closed","template":"","meta":{"_acf_changed":false,"site-sidebar-layout":"no-sidebar","site-content-layout":"","ast-site-content-layout":"full-width-container","site-content-style":"default","site-sidebar-style":"default","ast-global-header-display":"","ast-banner-title-visibility":"","ast-main-header-display":"","ast-hfb-above-header-display":"","ast-hfb-below-header-display":"","ast-hfb-mobile-header-display":"","site-post-title":"disabled","ast-breadcrumbs-content":"","ast-featured-img":"disabled","footer-sml-layout":"","theme-transparent-header-meta":"","adv-header-id-meta":"","stick-header-meta":"","header-above-stick-meta":"","header-main-stick-meta":"","header-below-stick-meta":"","astra-migrate-meta-layouts":"default","ast-page-background-enabled":"default","ast-page-background-meta":{"desktop":{"background-color":"var(--ast-global-color-4)","background-image":"","background-repeat":"repeat","background-position":"center center","background-size":"auto","background-attachment":"scroll","background-type":"","background-media":"","overlay-type":"","overlay-color":"","overlay-opacity":"","overlay-gradient":""},"tablet":{"background-color":"","background-image":"","background-repeat":"repeat","background-position":"center center","background-size":"auto","background-attachment":"scroll","background-type":"","background-media":"","overlay-type":"","overlay-color":"","overlay-opacity":"","overlay-gradient":""},"mobile":{"background-color":"","background-image":"","background-repeat":"repeat","background-position":"center center","background-size":"auto","background-attachment":"scroll","background-type":"","background-media":"","overlay-type":"","overlay-color":"","overlay-opacity":"","overlay-gradient":""}},"ast-content-background-meta":{"desktop":{"background-color":"var(--ast-global-color-5)","background-image":"","background-repeat":"repeat","background-position":"center center","background-size":"auto","background-attachment":"scroll","background-type":"","background-media":"","overlay-type":"","overlay-color":"","overlay-opacity":"","overlay-gradient":""},"tablet":{"background-color":"var(--ast-global-color-5)","background-image":"","background-repeat":"repeat","background-position":"center center","background-size":"auto","background-attachment":"scroll","background-type":"","background-media":"","overlay-type":"","overlay-color":"","overlay-opacity":"","overlay-gradient":""},"mobile":{"background-color":"var(--ast-global-color-5)","background-image":"","background-repeat":"repeat","background-position":"center center","background-size":"auto","background-attachment":"scroll","background-type":"","background-media":"","overlay-type":"","overlay-color":"","overlay-opacity":"","overlay-gradient":""}},"footnotes":""},"class_list":["post-1558","page","type-page","status-publish","hentry"],"acf":[],"yoast_head":"<!-- This site is optimized with the Yoast SEO plugin v26.0 - https:\/\/yoast.com\/wordpress\/plugins\/seo\/ -->\n<title>\u535a\u5ba2 - \u5317\u6597\u90a6\u6cf0\u5b98\u7f51<\/title>\n<meta name=\"description\" content=\"\u5728\u5317\u6597\u90a6\u6cf0\u8d44\u8baf\u4e2d\u5fc3\uff0c\u9605\u8bfb\u6709\u5173 NTP\uff0fPTP \u65f6\u95f4\u670d\u52a1\u5668\u3001\u5317\u6597\u6388\u65f6\u8bbe\u5907\u4e0e\u65f6\u9891\u540c\u6b65\u884c\u4e1a\u53d1\u5c55\u8d8b\u52bf\u3001\u6280\u672f\u89e3\u6790\u4e0e\u5e94\u7528\u6848\u4f8b\u7684\u6587\u7ae0\uff0c\u638c\u63e1\u5173\u952e\u884c\u4e1a\u6700\u65b0\u52a8\u6001\u3002\" \/>\n<meta name=\"robots\" content=\"index, follow, max-snippet:-1, max-image-preview:large, max-video-preview:-1\" \/>\n<link rel=\"canonical\" href=\"https:\/\/bdpnt.com\/fr\/nouvelles-et-blogs\/blogs\/\" \/>\n<meta property=\"og:locale\" content=\"fr_FR\" \/>\n<meta property=\"og:type\" content=\"article\" \/>\n<meta property=\"og:title\" content=\"\u535a\u5ba2 - \u5317\u6597\u90a6\u6cf0\u5b98\u7f51\" \/>\n<meta property=\"og:description\" content=\"\u5728\u5317\u6597\u90a6\u6cf0\u8d44\u8baf\u4e2d\u5fc3\uff0c\u9605\u8bfb\u6709\u5173 NTP\uff0fPTP \u65f6\u95f4\u670d\u52a1\u5668\u3001\u5317\u6597\u6388\u65f6\u8bbe\u5907\u4e0e\u65f6\u9891\u540c\u6b65\u884c\u4e1a\u53d1\u5c55\u8d8b\u52bf\u3001\u6280\u672f\u89e3\u6790\u4e0e\u5e94\u7528\u6848\u4f8b\u7684\u6587\u7ae0\uff0c\u638c\u63e1\u5173\u952e\u884c\u4e1a\u6700\u65b0\u52a8\u6001\u3002\" \/>\n<meta property=\"og:url\" content=\"https:\/\/bdpnt.com\/fr\/nouvelles-et-blogs\/blogs\/\" \/>\n<meta property=\"og:site_name\" content=\"\u5317\u6597\u90a6\u6cf0\u5b98\u7f51\" \/>\n<meta property=\"article:modified_time\" content=\"2025-11-14T05:28:58+00:00\" \/>\n<meta name=\"twitter:card\" content=\"summary_large_image\" \/>\n<meta name=\"twitter:label1\" content=\"Dur\u00e9e de lecture estim\u00e9e\" \/>\n\t<meta name=\"twitter:data1\" content=\"1 minute\" \/>\n<script type=\"application\/ld+json\" class=\"yoast-schema-graph\">{\"@context\":\"https:\/\/schema.org\",\"@graph\":[{\"@type\":\"Article\",\"@id\":\"https:\/\/bdpnt.com\/news-and-blogs\/blogs\/#article\",\"isPartOf\":{\"@id\":\"https:\/\/bdpnt.com\/news-and-blogs\/blogs\/\"},\"author\":{\"name\":\"corey111888@gmail.com\",\"@id\":\"https:\/\/www.bdpnt.com\/#\/schema\/person\/e8997c4b9facaa73b3701e07b7d865dd\"},\"headline\":\"\u535a\u5ba2\",\"datePublished\":\"2025-05-05T12:41:56+00:00\",\"dateModified\":\"2025-11-14T05:28:58+00:00\",\"mainEntityOfPage\":{\"@id\":\"https:\/\/bdpnt.com\/news-and-blogs\/blogs\/\"},\"wordCount\":0,\"publisher\":{\"@id\":\"https:\/\/www.bdpnt.com\/#organization\"},\"inLanguage\":\"fr-FR\"},{\"@type\":\"WebPage\",\"@id\":\"https:\/\/bdpnt.com\/news-and-blogs\/blogs\/\",\"url\":\"https:\/\/bdpnt.com\/news-and-blogs\/blogs\/\",\"name\":\"\u535a\u5ba2 - \u5317\u6597\u90a6\u6cf0\u5b98\u7f51\",\"isPartOf\":{\"@id\":\"https:\/\/www.bdpnt.com\/#website\"},\"datePublished\":\"2025-05-05T12:41:56+00:00\",\"dateModified\":\"2025-11-14T05:28:58+00:00\",\"description\":\"\u5728\u5317\u6597\u90a6\u6cf0\u8d44\u8baf\u4e2d\u5fc3\uff0c\u9605\u8bfb\u6709\u5173 NTP\uff0fPTP \u65f6\u95f4\u670d\u52a1\u5668\u3001\u5317\u6597\u6388\u65f6\u8bbe\u5907\u4e0e\u65f6\u9891\u540c\u6b65\u884c\u4e1a\u53d1\u5c55\u8d8b\u52bf\u3001\u6280\u672f\u89e3\u6790\u4e0e\u5e94\u7528\u6848\u4f8b\u7684\u6587\u7ae0\uff0c\u638c\u63e1\u5173\u952e\u884c\u4e1a\u6700\u65b0\u52a8\u6001\u3002\",\"breadcrumb\":{\"@id\":\"https:\/\/bdpnt.com\/news-and-blogs\/blogs\/#breadcrumb\"},\"inLanguage\":\"fr-FR\",\"potentialAction\":[{\"@type\":\"ReadAction\",\"target\":[\"https:\/\/bdpnt.com\/news-and-blogs\/blogs\/\"]}]},{\"@type\":\"BreadcrumbList\",\"@id\":\"https:\/\/bdpnt.com\/news-and-blogs\/blogs\/#breadcrumb\",\"itemListElement\":[{\"@type\":\"ListItem\",\"position\":1,\"name\":\"\u9996\u9875\",\"item\":\"https:\/\/www.bdpnt.com\/\"},{\"@type\":\"ListItem\",\"position\":2,\"name\":\"\u65b0\u95fb\u4e0e\u535a\u5ba2\",\"item\":\"https:\/\/www.bdpnt.com\/news-and-blogs\/\"},{\"@type\":\"ListItem\",\"position\":3,\"name\":\"\u535a\u5ba2\"}]},{\"@type\":\"WebSite\",\"@id\":\"https:\/\/www.bdpnt.com\/#website\",\"url\":\"https:\/\/www.bdpnt.com\/\",\"name\":\"\u5317\u6597\u90a6\u6cf0\u5b98\u7f51\",\"description\":\"bdstar time website\",\"publisher\":{\"@id\":\"https:\/\/www.bdpnt.com\/#organization\"},\"alternateName\":\"BDSTAR TIME\",\"potentialAction\":[{\"@type\":\"SearchAction\",\"target\":{\"@type\":\"EntryPoint\",\"urlTemplate\":\"https:\/\/www.bdpnt.com\/?s={search_term_string}\"},\"query-input\":{\"@type\":\"PropertyValueSpecification\",\"valueRequired\":true,\"valueName\":\"search_term_string\"}}],\"inLanguage\":\"fr-FR\"},{\"@type\":\"Organization\",\"@id\":\"https:\/\/www.bdpnt.com\/#organization\",\"name\":\"\u5317\u6597\u90a6\u6cf0\u5b98\u7f51\",\"alternateName\":\"BDSTAR TIME\",\"url\":\"https:\/\/www.bdpnt.com\/\",\"logo\":{\"@type\":\"ImageObject\",\"inLanguage\":\"fr-FR\",\"@id\":\"https:\/\/www.bdpnt.com\/#\/schema\/logo\/image\/\",\"url\":\"https:\/\/bdpnt.com\/wp-content\/uploads\/2025\/04\/\u5317\u6597\u90a6\u6cf0\u6700\u7ec8logo-\u6700\u7ec8\u7248\u5f69\u8272.png\",\"contentUrl\":\"https:\/\/bdpnt.com\/wp-content\/uploads\/2025\/04\/\u5317\u6597\u90a6\u6cf0\u6700\u7ec8logo-\u6700\u7ec8\u7248\u5f69\u8272.png\",\"width\":234,\"height\":76,\"caption\":\"\u5317\u6597\u90a6\u6cf0\u5b98\u7f51\"},\"image\":{\"@id\":\"https:\/\/www.bdpnt.com\/#\/schema\/logo\/image\/\"}},{\"@type\":\"Person\",\"@id\":\"https:\/\/www.bdpnt.com\/#\/schema\/person\/e8997c4b9facaa73b3701e07b7d865dd\",\"name\":\"corey111888@gmail.com\",\"image\":{\"@type\":\"ImageObject\",\"inLanguage\":\"fr-FR\",\"@id\":\"https:\/\/www.bdpnt.com\/#\/schema\/person\/image\/\",\"url\":\"https:\/\/secure.gravatar.com\/avatar\/6e21da1bfefeb285312c9263c45903b2fe94fa8cd2f8ad74af89fef99d78aeac?s=96&d=mm&r=g\",\"contentUrl\":\"https:\/\/secure.gravatar.com\/avatar\/6e21da1bfefeb285312c9263c45903b2fe94fa8cd2f8ad74af89fef99d78aeac?s=96&d=mm&r=g\",\"caption\":\"corey111888@gmail.com\"},\"sameAs\":[\"https:\/\/bdstarpnt.com\"],\"url\":\"https:\/\/bdpnt.com\/fr\/author\/corey111888gmail-com\/\"}]}<\/script>\n<!-- \/ Yoast SEO plugin. -->","yoast_head_json":{"title":"Blog - Beidoubangtai Official Website","description":"Dans le centre d'information de Beidou Bontec, lisez les articles sur le serveur de temps NTP\/PTP, l'\u00e9quipement de chronom\u00e9trage Beidou et les tendances de d\u00e9veloppement de l'industrie de la synchronisation du temps et de la fr\u00e9quence, l'analyse technique et les cas d'application, et saisissez les derni\u00e8res nouvelles des industries cl\u00e9s.","robots":{"index":"index","follow":"follow","max-snippet":"max-snippet:-1","max-image-preview":"max-image-preview:large","max-video-preview":"max-video-preview:-1"},"canonical":"https:\/\/bdpnt.com\/fr\/nouvelles-et-blogs\/blogs\/","og_locale":"fr_FR","og_type":"article","og_title":"\u535a\u5ba2 - \u5317\u6597\u90a6\u6cf0\u5b98\u7f51","og_description":"\u5728\u5317\u6597\u90a6\u6cf0\u8d44\u8baf\u4e2d\u5fc3\uff0c\u9605\u8bfb\u6709\u5173 NTP\uff0fPTP \u65f6\u95f4\u670d\u52a1\u5668\u3001\u5317\u6597\u6388\u65f6\u8bbe\u5907\u4e0e\u65f6\u9891\u540c\u6b65\u884c\u4e1a\u53d1\u5c55\u8d8b\u52bf\u3001\u6280\u672f\u89e3\u6790\u4e0e\u5e94\u7528\u6848\u4f8b\u7684\u6587\u7ae0\uff0c\u638c\u63e1\u5173\u952e\u884c\u4e1a\u6700\u65b0\u52a8\u6001\u3002","og_url":"https:\/\/bdpnt.com\/fr\/nouvelles-et-blogs\/blogs\/","og_site_name":"\u5317\u6597\u90a6\u6cf0\u5b98\u7f51","article_modified_time":"2025-11-14T05:28:58+00:00","twitter_card":"summary_large_image","twitter_misc":{"Dur\u00e9e de lecture estim\u00e9e":"1 minute"},"schema":{"@context":"https:\/\/schema.org","@graph":[{"@type":"Article","@id":"https:\/\/bdpnt.com\/news-and-blogs\/blogs\/#article","isPartOf":{"@id":"https:\/\/bdpnt.com\/news-and-blogs\/blogs\/"},"author":{"name":"corey111888@gmail.com","@id":"https:\/\/www.bdpnt.com\/#\/schema\/person\/e8997c4b9facaa73b3701e07b7d865dd"},"headline":"\u535a\u5ba2","datePublished":"2025-05-05T12:41:56+00:00","dateModified":"2025-11-14T05:28:58+00:00","mainEntityOfPage":{"@id":"https:\/\/bdpnt.com\/news-and-blogs\/blogs\/"},"wordCount":0,"publisher":{"@id":"https:\/\/www.bdpnt.com\/#organization"},"inLanguage":"fr-FR"},{"@type":"WebPage","@id":"https:\/\/bdpnt.com\/news-and-blogs\/blogs\/","url":"https:\/\/bdpnt.com\/news-and-blogs\/blogs\/","name":"Blog - Beidoubangtai Official Website","isPartOf":{"@id":"https:\/\/www.bdpnt.com\/#website"},"datePublished":"2025-05-05T12:41:56+00:00","dateModified":"2025-11-14T05:28:58+00:00","description":"Dans le centre d'information de Beidou Bontec, lisez les articles sur le serveur de temps NTP\/PTP, l'\u00e9quipement de chronom\u00e9trage Beidou et les tendances de d\u00e9veloppement de l'industrie de la synchronisation du temps et de la fr\u00e9quence, l'analyse technique et les cas d'application, et saisissez les derni\u00e8res nouvelles des industries cl\u00e9s.","breadcrumb":{"@id":"https:\/\/bdpnt.com\/news-and-blogs\/blogs\/#breadcrumb"},"inLanguage":"fr-FR","potentialAction":[{"@type":"ReadAction","target":["https:\/\/bdpnt.com\/news-and-blogs\/blogs\/"]}]},{"@type":"BreadcrumbList","@id":"https:\/\/bdpnt.com\/news-and-blogs\/blogs\/#breadcrumb","itemListElement":[{"@type":"ListItem","position":1,"name":"\u9996\u9875","item":"https:\/\/www.bdpnt.com\/"},{"@type":"ListItem","position":2,"name":"\u65b0\u95fb\u4e0e\u535a\u5ba2","item":"https:\/\/www.bdpnt.com\/news-and-blogs\/"},{"@type":"ListItem","position":3,"name":"\u535a\u5ba2"}]},{"@type":"WebSite","@id":"https:\/\/www.bdpnt.com\/#website","url":"https:\/\/www.bdpnt.com\/","name":"Site officiel de Beidoubangtai","description":"bdstar time website","publisher":{"@id":"https:\/\/www.bdpnt.com\/#organization"},"alternateName":"BDSTAR TIME","potentialAction":[{"@type":"SearchAction","target":{"@type":"EntryPoint","urlTemplate":"https:\/\/www.bdpnt.com\/?s={search_term_string}"},"query-input":{"@type":"PropertyValueSpecification","valueRequired":true,"valueName":"search_term_string"}}],"inLanguage":"fr-FR"},{"@type":"Organization","@id":"https:\/\/www.bdpnt.com\/#organization","name":"Site officiel de Beidoubangtai","alternateName":"BDSTAR TIME","url":"https:\/\/www.bdpnt.com\/","logo":{"@type":"ImageObject","inLanguage":"fr-FR","@id":"https:\/\/www.bdpnt.com\/#\/schema\/logo\/image\/","url":"https:\/\/bdpnt.com\/wp-content\/uploads\/2025\/04\/\u5317\u6597\u90a6\u6cf0\u6700\u7ec8logo-\u6700\u7ec8\u7248\u5f69\u8272.png","contentUrl":"https:\/\/bdpnt.com\/wp-content\/uploads\/2025\/04\/\u5317\u6597\u90a6\u6cf0\u6700\u7ec8logo-\u6700\u7ec8\u7248\u5f69\u8272.png","width":234,"height":76,"caption":"\u5317\u6597\u90a6\u6cf0\u5b98\u7f51"},"image":{"@id":"https:\/\/www.bdpnt.com\/#\/schema\/logo\/image\/"}},{"@type":"Person","@id":"https:\/\/www.bdpnt.com\/#\/schema\/person\/e8997c4b9facaa73b3701e07b7d865dd","name":"corey111888@gmail.com","image":{"@type":"ImageObject","inLanguage":"fr-FR","@id":"https:\/\/www.bdpnt.com\/#\/schema\/person\/image\/","url":"https:\/\/secure.gravatar.com\/avatar\/6e21da1bfefeb285312c9263c45903b2fe94fa8cd2f8ad74af89fef99d78aeac?s=96&d=mm&r=g","contentUrl":"https:\/\/secure.gravatar.com\/avatar\/6e21da1bfefeb285312c9263c45903b2fe94fa8cd2f8ad74af89fef99d78aeac?s=96&d=mm&r=g","caption":"corey111888@gmail.com"},"sameAs":["https:\/\/bdstarpnt.com"],"url":"https:\/\/bdpnt.com\/fr\/author\/corey111888gmail-com\/"}]}},"_links":{"self":[{"href":"https:\/\/bdpnt.com\/fr\/wp-json\/wp\/v2\/pages\/1558","targetHints":{"allow":["GET"]}}],"collection":[{"href":"https:\/\/bdpnt.com\/fr\/wp-json\/wp\/v2\/pages"}],"about":[{"href":"https:\/\/bdpnt.com\/fr\/wp-json\/wp\/v2\/types\/page"}],"author":[{"embeddable":true,"href":"https:\/\/bdpnt.com\/fr\/wp-json\/wp\/v2\/users\/1"}],"replies":[{"embeddable":true,"href":"https:\/\/bdpnt.com\/fr\/wp-json\/wp\/v2\/comments?post=1558"}],"version-history":[{"count":42,"href":"https:\/\/bdpnt.com\/fr\/wp-json\/wp\/v2\/pages\/1558\/revisions"}],"predecessor-version":[{"id":14677,"href":"https:\/\/bdpnt.com\/fr\/wp-json\/wp\/v2\/pages\/1558\/revisions\/14677"}],"up":[{"embeddable":true,"href":"https:\/\/bdpnt.com\/fr\/wp-json\/wp\/v2\/pages\/1480"}],"wp:attachment":[{"href":"https:\/\/bdpnt.com\/fr\/wp-json\/wp\/v2\/media?parent=1558"}],"curies":[{"name":"wp","href":"https:\/\/api.w.org\/{rel}","templated":true}]}}