{"id":4918,"date":"2025-07-21T08:55:13","date_gmt":"2025-07-21T00:55:13","guid":{"rendered":"https:\/\/bdstarpnt.com\/?post_type=product&#038;p=4918"},"modified":"2026-03-18T14:28:47","modified_gmt":"2026-03-18T06:28:47","slug":"tsa500-analizador-de-sincronizacion-de-tiempo-2","status":"publish","type":"product","link":"https:\/\/bdpnt.com\/es\/product\/tsa500-analizador-de-sincronizacion-de-tiempo-2\/","title":{"rendered":"Analizador de sincronizaci\u00f3n horaria TSA500"},"content":{"rendered":"<p class=\"translation-block\">El analizador de sincronizaci\u00f3n de tiempo TSA500 integra la prueba de c\u00f3digo de tiempo de alta precisi\u00f3n, la medici\u00f3n de estabilidad de frecuencia de alta precisi\u00f3n, el an\u00e1lisis de fuente de tiempo\/reloj, la salida de se\u00f1al de tiempo-frecuencia y otras funciones en un terminal de prueba port\u00e1til. El producto cumple con las normas ITU-I, IEEE, EIA y otras normas internacionales y de la industria china pertinentes, y se utiliza ampliamente en comunicaciones, energ\u00eda el\u00e9ctrica, transporte ferroviario, ej\u00e9rcito, institutos de investigaci\u00f3n cient\u00edfica, unidades de medici\u00f3n y otros escenarios de prueba de se\u00f1ales de tiempo y frecuencia relacionados. <br>\r\nCampo de adaptaci\u00f3n: departamento de medici\u00f3n, defensa nacional, energ\u00eda el\u00e9ctrica, institutos de investigaci\u00f3n cient\u00edfica, empresas de tiempo y frecuencia, universidades y as\u00ed sucesivamente.<\/p>","protected":false},"excerpt":{"rendered":"<p>El Analizador de Sincronizaci\u00f3n de Tiempo TSA500 es un terminal de pruebas port\u00e1til que integra pruebas de c\u00f3digos de tiempo de alta precisi\u00f3n, medici\u00f3n de estabilidad de frecuencia, an\u00e1lisis de fuente de reloj y salida de se\u00f1al de tiempo y frecuencia. El dispositivo cumple con las normas internacionales y nacionales como la UIT-I, IEEE, EIA, etc. Es ampliamente utilizado en la comunicaci\u00f3n, la energ\u00eda el\u00e9ctrica, el transporte ferroviario, la defensa nacional, institutos de investigaci\u00f3n cient\u00edfica, unidades de medici\u00f3n y otros escenarios de prueba de se\u00f1ales de tiempo y frecuencia, con alta fiabilidad y profesionalidad, y es una herramienta de prueba ideal para diversos escenarios de aplicaci\u00f3n de tiempo y frecuencia.<\/p>","protected":false},"featured_media":4922,"template":"","meta":{"_acf_changed":false,"site-sidebar-layout":"default","site-content-layout":"","ast-site-content-layout":"default","site-content-style":"default","site-sidebar-style":"default","ast-global-header-display":"","ast-banner-title-visibility":"","ast-main-header-display":"","ast-hfb-above-header-display":"","ast-hfb-below-header-display":"","ast-hfb-mobile-header-display":"","site-post-title":"","ast-breadcrumbs-content":"","ast-featured-img":"","footer-sml-layout":"","theme-transparent-header-meta":"default","adv-header-id-meta":"","stick-header-meta":"default","header-above-stick-meta":"","header-main-stick-meta":"","header-below-stick-meta":"","astra-migrate-meta-layouts":"set","ast-page-background-enabled":"default","ast-page-background-meta":{"desktop":{"background-color":"var(--ast-global-color-4)","background-image":"","background-repeat":"repeat","background-position":"center center","background-size":"auto","background-attachment":"scroll","background-type":"","background-media":"","overlay-type":"","overlay-color":"","overlay-opacity":"","overlay-gradient":""},"tablet":{"background-color":"","background-image":"","background-repeat":"repeat","background-position":"center center","background-size":"auto","background-attachment":"scroll","background-type":"","background-media":"","overlay-type":"","overlay-color":"","overlay-opacity":"","overlay-gradient":""},"mobile":{"background-color":"","background-image":"","background-repeat":"repeat","background-position":"center center","background-size":"auto","background-attachment":"scroll","background-type":"","background-media":"","overlay-type":"","overlay-color":"","overlay-opacity":"","overlay-gradient":""}},"ast-content-background-meta":{"desktop":{"background-color":"var(--ast-global-color-5)","background-image":"","background-repeat":"repeat","background-position":"center center","background-size":"auto","background-attachment":"scroll","background-type":"","background-media":"","overlay-type":"","overlay-color":"","overlay-opacity":"","overlay-gradient":""},"tablet":{"background-color":"var(--ast-global-color-5)","background-image":"","background-repeat":"repeat","background-position":"center center","background-size":"auto","background-attachment":"scroll","background-type":"","background-media":"","overlay-type":"","overlay-color":"","overlay-opacity":"","overlay-gradient":""},"mobile":{"background-color":"var(--ast-global-color-5)","background-image":"","background-repeat":"repeat","background-position":"center center","background-size":"auto","background-attachment":"scroll","background-type":"","background-media":"","overlay-type":"","overlay-color":"","overlay-opacity":"","overlay-gradient":""}}},"product_brand":[],"product_cat":[88],"product_tag":[],"class_list":{"0":"post-4918","1":"product","2":"type-product","3":"status-publish","4":"has-post-thumbnail","6":"product_cat-88","7":"pa_--cggtts-v2e","8":"pa_--g-8275-1telecom--profile","9":"pa_--g-8275-2telecom--profile","10":"pa_--gnssgps-beidou-galileo-glonass","11":"pa_--iec-ieee-61850-9-3-profile","12":"pa_--irig-b","13":"pa_--ntp-v4rfc-5905","14":"pa_--pps-todnmea-0183","15":"pa_--prtc-eprtcg-8272-g-8272-1","16":"pa_--ptpieee-1588-v2-v2-1","17":"pa_--ssh","18":"pa_--synceitu-t-g-8262-ssm-esmc","19":"pa_--tls-https","20":"pa_--tsn-gptpieee-802-1as-2020","21":"pa_--web-snmp-syslog","22":"pa_-197","23":"pa_--235","24":"pa_--0-c--70-c","25":"pa_-industrial-automation","26":"pa_-data-center-and-computing","27":"pa_-intelligent-transportation","28":"pa_-power-and-energy","29":"pa_-military-aviation","30":"pa_-metrology-and-testing","31":"pa_-communications-infrastructure","32":"pa_-financial-transactions","33":"pa_-ptpv2-1","34":"pa_-227","35":"pa_-1-ppsttl-rs-422","36":"pa_-10mhz-sine-wave-square-wave-output","37":"pa_-100-mhz","38":"pa_-2-048-mhz-e1","39":"pa_-5-mhz","40":"pa_-irig-bdcls-am","41":"pa_-rj451g","42":"pa_-sfp1g","43":"pa_-sfp-10g","44":"pa_-todrs-232-nmea","45":"pa_-ac-220v","46":"pa_-battery-backup","47":"desktop-align-left","48":"tablet-align-left","49":"mobile-align-left","50":"ast-product-gallery-layout-first-image-large","51":"ast-product-gallery-with-no-image","52":"ast-product-tabs-layout-horizontal","54":"first","55":"instock","56":"shipping-taxable","57":"product-type-simple"},"acf":[],"yoast_head":"<!-- This site is optimized with the Yoast SEO plugin v26.0 - https:\/\/yoast.com\/wordpress\/plugins\/seo\/ -->\n<title>TSA500 \u65f6\u95f4\u540c\u6b65\u5206\u6790\u4eea - \u5317\u6597\u90a6\u6cf0\u5b98\u7f51<\/title>\n<meta name=\"robots\" content=\"index, follow, max-snippet:-1, max-image-preview:large, max-video-preview:-1\" \/>\n<link rel=\"canonical\" href=\"https:\/\/www.bdpnt.com\/product\/tsa500-time-synchronization-analyzer-2\/\" \/>\n<meta property=\"og:locale\" content=\"es_ES\" \/>\n<meta property=\"og:type\" content=\"article\" \/>\n<meta property=\"og:title\" content=\"TSA500 \u65f6\u95f4\u540c\u6b65\u5206\u6790\u4eea - \u5317\u6597\u90a6\u6cf0\u5b98\u7f51\" \/>\n<meta property=\"og:description\" content=\"TSA500\u65f6\u95f4\u540c\u6b65\u5206\u6790\u4eea\u662f\u4e00\u6b3e\u96c6\u9ad8\u7cbe\u5ea6\u65f6\u7801\u6d4b\u8bd5\u3001\u9891\u7a33\u6d4b\u91cf\u3001\u65f6\u949f\u6e90\u5206\u6790\u53ca\u65f6\u9891\u4fe1\u53f7\u8f93\u51fa\u7b49\u591a\u529f\u80fd\u4e8e\u4e00\u4f53\u7684\u4fbf\u643a\u5f0f\u6d4b\u8bd5\u7ec8\u7aef\u3002\u8be5\u8bbe\u5907\u7b26\u5408ITU-I\u3001IEEE\u3001EIA\u7b49\u56fd\u9645\u4e0e\u56fd\u5185\u6807\u51c6\uff0c\u5e7f\u6cdb\u9002\u7528\u4e8e\u901a\u4fe1\u3001\u7535\u529b\u3001\u8f68\u9053\u4ea4\u901a\u3001\u56fd\u9632\u3001\u79d1\u7814\u9662\u6240\u3001\u8ba1\u91cf\u5355\u4f4d\u7b49\u65f6\u9891\u4fe1\u53f7\u6d4b\u8bd5\u573a\u666f\uff0c\u5177\u5907\u9ad8\u53ef\u9760\u6027\u4e0e\u4e13\u4e1a\u6027\uff0c\u662f\u5404\u7c7b\u65f6\u9891\u5e94\u7528\u573a\u666f\u4e2d\u7684\u7406\u60f3\u6d4b\u8bd5\u5de5\u5177\u3002\" \/>\n<meta property=\"og:url\" content=\"https:\/\/www.bdpnt.com\/product\/tsa500-time-synchronization-analyzer-2\/\" \/>\n<meta property=\"og:site_name\" content=\"\u5317\u6597\u90a6\u6cf0\u5b98\u7f51\" \/>\n<meta property=\"article:modified_time\" content=\"2026-03-18T06:28:47+00:00\" \/>\n<meta property=\"og:image\" content=\"https:\/\/www.bdpnt.com\/wp-content\/uploads\/2025\/07\/\u84dd\u8272\u4ea7\u54c1\u80cc\u666f\u6a21\u7248-9.png\" \/>\n\t<meta property=\"og:image:width\" content=\"960\" \/>\n\t<meta property=\"og:image:height\" content=\"480\" \/>\n\t<meta property=\"og:image:type\" content=\"image\/png\" \/>\n<meta name=\"twitter:card\" content=\"summary_large_image\" \/>\n<script type=\"application\/ld+json\" class=\"yoast-schema-graph\">{\"@context\":\"https:\/\/schema.org\",\"@graph\":[{\"@type\":\"WebPage\",\"@id\":\"https:\/\/www.bdpnt.com\/product\/tsa500-time-synchronization-analyzer-2\/\",\"url\":\"https:\/\/www.bdpnt.com\/product\/tsa500-time-synchronization-analyzer-2\/\",\"name\":\"TSA500 \u65f6\u95f4\u540c\u6b65\u5206\u6790\u4eea - \u5317\u6597\u90a6\u6cf0\u5b98\u7f51\",\"isPartOf\":{\"@id\":\"https:\/\/bdpnt.com\/#website\"},\"primaryImageOfPage\":{\"@id\":\"https:\/\/www.bdpnt.com\/product\/tsa500-time-synchronization-analyzer-2\/#primaryimage\"},\"image\":{\"@id\":\"https:\/\/www.bdpnt.com\/product\/tsa500-time-synchronization-analyzer-2\/#primaryimage\"},\"thumbnailUrl\":\"https:\/\/bdpnt.com\/wp-content\/uploads\/2025\/07\/\u84dd\u8272\u4ea7\u54c1\u80cc\u666f\u6a21\u7248-9.png\",\"datePublished\":\"2025-07-21T00:55:13+00:00\",\"dateModified\":\"2026-03-18T06:28:47+00:00\",\"breadcrumb\":{\"@id\":\"https:\/\/www.bdpnt.com\/product\/tsa500-time-synchronization-analyzer-2\/#breadcrumb\"},\"inLanguage\":\"es\",\"potentialAction\":[{\"@type\":\"ReadAction\",\"target\":[\"https:\/\/www.bdpnt.com\/product\/tsa500-time-synchronization-analyzer-2\/\"]}]},{\"@type\":\"ImageObject\",\"inLanguage\":\"es\",\"@id\":\"https:\/\/www.bdpnt.com\/product\/tsa500-time-synchronization-analyzer-2\/#primaryimage\",\"url\":\"https:\/\/bdpnt.com\/wp-content\/uploads\/2025\/07\/\u84dd\u8272\u4ea7\u54c1\u80cc\u666f\u6a21\u7248-9.png\",\"contentUrl\":\"https:\/\/bdpnt.com\/wp-content\/uploads\/2025\/07\/\u84dd\u8272\u4ea7\u54c1\u80cc\u666f\u6a21\u7248-9.png\",\"width\":960,\"height\":480},{\"@type\":\"BreadcrumbList\",\"@id\":\"https:\/\/www.bdpnt.com\/product\/tsa500-time-synchronization-analyzer-2\/#breadcrumb\",\"itemListElement\":[{\"@type\":\"ListItem\",\"position\":1,\"name\":\"\u9996\u9875\",\"item\":\"https:\/\/www.bdpnt.com\/\"},{\"@type\":\"ListItem\",\"position\":2,\"name\":\"Shop\",\"item\":\"https:\/\/www.bdpnt.com\/shop\/\"},{\"@type\":\"ListItem\",\"position\":3,\"name\":\"\u4ea7\u54c1\",\"item\":\"https:\/\/www.bdpnt.com\/product-category\/products\/\"},{\"@type\":\"ListItem\",\"position\":4,\"name\":\"\u6d4b\u8bd5\u4eea\",\"item\":\"https:\/\/bdpnt.com\/product-category\/products\/testers\/\"},{\"@type\":\"ListItem\",\"position\":5,\"name\":\"\u65f6\u95f4\u540c\u6b65\u5206\u6790\u4eea\",\"item\":\"https:\/\/www.bdpnt.com\/product-category\/products\/testers\/%e6%97%b6%e9%97%b4%e5%90%8c%e6%ad%a5%e5%88%86%e6%9e%90%e4%bb%aa\/\"},{\"@type\":\"ListItem\",\"position\":6,\"name\":\"TSA500 \u65f6\u95f4\u540c\u6b65\u5206\u6790\u4eea\"}]},{\"@type\":\"WebSite\",\"@id\":\"https:\/\/bdpnt.com\/#website\",\"url\":\"https:\/\/bdpnt.com\/\",\"name\":\"\u5317\u6597\u90a6\u6cf0\u5b98\u7f51\",\"description\":\"bdstar time website\",\"publisher\":{\"@id\":\"https:\/\/bdpnt.com\/#organization\"},\"alternateName\":\"BDSTAR TIME\",\"potentialAction\":[{\"@type\":\"SearchAction\",\"target\":{\"@type\":\"EntryPoint\",\"urlTemplate\":\"https:\/\/bdpnt.com\/?s={search_term_string}\"},\"query-input\":{\"@type\":\"PropertyValueSpecification\",\"valueRequired\":true,\"valueName\":\"search_term_string\"}}],\"inLanguage\":\"es\"},{\"@type\":\"Organization\",\"@id\":\"https:\/\/bdpnt.com\/#organization\",\"name\":\"\u5317\u6597\u90a6\u6cf0\u5b98\u7f51\",\"alternateName\":\"BDSTAR TIME\",\"url\":\"https:\/\/bdpnt.com\/\",\"logo\":{\"@type\":\"ImageObject\",\"inLanguage\":\"es\",\"@id\":\"https:\/\/bdpnt.com\/#\/schema\/logo\/image\/\",\"url\":\"https:\/\/bdpnt.com\/wp-content\/uploads\/2025\/04\/\u5317\u6597\u90a6\u6cf0\u6700\u7ec8logo-\u6700\u7ec8\u7248\u5f69\u8272.png\",\"contentUrl\":\"https:\/\/bdpnt.com\/wp-content\/uploads\/2025\/04\/\u5317\u6597\u90a6\u6cf0\u6700\u7ec8logo-\u6700\u7ec8\u7248\u5f69\u8272.png\",\"width\":234,\"height\":76,\"caption\":\"\u5317\u6597\u90a6\u6cf0\u5b98\u7f51\"},\"image\":{\"@id\":\"https:\/\/bdpnt.com\/#\/schema\/logo\/image\/\"}}]}<\/script>\n<!-- \/ Yoast SEO plugin. -->","yoast_head_json":{"title":"Analizador de sincronizaci\u00f3n horaria TSA500 - P\u00e1gina web de Beidou Bontec","robots":{"index":"index","follow":"follow","max-snippet":"max-snippet:-1","max-image-preview":"max-image-preview:large","max-video-preview":"max-video-preview:-1"},"canonical":"https:\/\/www.bdpnt.com\/product\/tsa500-time-synchronization-analyzer-2\/","og_locale":"es_ES","og_type":"article","og_title":"TSA500 \u65f6\u95f4\u540c\u6b65\u5206\u6790\u4eea - \u5317\u6597\u90a6\u6cf0\u5b98\u7f51","og_description":"TSA500\u65f6\u95f4\u540c\u6b65\u5206\u6790\u4eea\u662f\u4e00\u6b3e\u96c6\u9ad8\u7cbe\u5ea6\u65f6\u7801\u6d4b\u8bd5\u3001\u9891\u7a33\u6d4b\u91cf\u3001\u65f6\u949f\u6e90\u5206\u6790\u53ca\u65f6\u9891\u4fe1\u53f7\u8f93\u51fa\u7b49\u591a\u529f\u80fd\u4e8e\u4e00\u4f53\u7684\u4fbf\u643a\u5f0f\u6d4b\u8bd5\u7ec8\u7aef\u3002\u8be5\u8bbe\u5907\u7b26\u5408ITU-I\u3001IEEE\u3001EIA\u7b49\u56fd\u9645\u4e0e\u56fd\u5185\u6807\u51c6\uff0c\u5e7f\u6cdb\u9002\u7528\u4e8e\u901a\u4fe1\u3001\u7535\u529b\u3001\u8f68\u9053\u4ea4\u901a\u3001\u56fd\u9632\u3001\u79d1\u7814\u9662\u6240\u3001\u8ba1\u91cf\u5355\u4f4d\u7b49\u65f6\u9891\u4fe1\u53f7\u6d4b\u8bd5\u573a\u666f\uff0c\u5177\u5907\u9ad8\u53ef\u9760\u6027\u4e0e\u4e13\u4e1a\u6027\uff0c\u662f\u5404\u7c7b\u65f6\u9891\u5e94\u7528\u573a\u666f\u4e2d\u7684\u7406\u60f3\u6d4b\u8bd5\u5de5\u5177\u3002","og_url":"https:\/\/www.bdpnt.com\/product\/tsa500-time-synchronization-analyzer-2\/","og_site_name":"\u5317\u6597\u90a6\u6cf0\u5b98\u7f51","article_modified_time":"2026-03-18T06:28:47+00:00","og_image":[{"width":960,"height":480,"url":"https:\/\/www.bdpnt.com\/wp-content\/uploads\/2025\/07\/\u84dd\u8272\u4ea7\u54c1\u80cc\u666f\u6a21\u7248-9.png","type":"image\/png"}],"twitter_card":"summary_large_image","schema":{"@context":"https:\/\/schema.org","@graph":[{"@type":"WebPage","@id":"https:\/\/www.bdpnt.com\/product\/tsa500-time-synchronization-analyzer-2\/","url":"https:\/\/www.bdpnt.com\/product\/tsa500-time-synchronization-analyzer-2\/","name":"Analizador de sincronizaci\u00f3n horaria TSA500 - P\u00e1gina web de Beidou Bontec","isPartOf":{"@id":"https:\/\/bdpnt.com\/#website"},"primaryImageOfPage":{"@id":"https:\/\/www.bdpnt.com\/product\/tsa500-time-synchronization-analyzer-2\/#primaryimage"},"image":{"@id":"https:\/\/www.bdpnt.com\/product\/tsa500-time-synchronization-analyzer-2\/#primaryimage"},"thumbnailUrl":"https:\/\/bdpnt.com\/wp-content\/uploads\/2025\/07\/\u84dd\u8272\u4ea7\u54c1\u80cc\u666f\u6a21\u7248-9.png","datePublished":"2025-07-21T00:55:13+00:00","dateModified":"2026-03-18T06:28:47+00:00","breadcrumb":{"@id":"https:\/\/www.bdpnt.com\/product\/tsa500-time-synchronization-analyzer-2\/#breadcrumb"},"inLanguage":"es","potentialAction":[{"@type":"ReadAction","target":["https:\/\/www.bdpnt.com\/product\/tsa500-time-synchronization-analyzer-2\/"]}]},{"@type":"ImageObject","inLanguage":"es","@id":"https:\/\/www.bdpnt.com\/product\/tsa500-time-synchronization-analyzer-2\/#primaryimage","url":"https:\/\/bdpnt.com\/wp-content\/uploads\/2025\/07\/\u84dd\u8272\u4ea7\u54c1\u80cc\u666f\u6a21\u7248-9.png","contentUrl":"https:\/\/bdpnt.com\/wp-content\/uploads\/2025\/07\/\u84dd\u8272\u4ea7\u54c1\u80cc\u666f\u6a21\u7248-9.png","width":960,"height":480},{"@type":"BreadcrumbList","@id":"https:\/\/www.bdpnt.com\/product\/tsa500-time-synchronization-analyzer-2\/#breadcrumb","itemListElement":[{"@type":"ListItem","position":1,"name":"\u9996\u9875","item":"https:\/\/www.bdpnt.com\/"},{"@type":"ListItem","position":2,"name":"Shop","item":"https:\/\/www.bdpnt.com\/shop\/"},{"@type":"ListItem","position":3,"name":"\u4ea7\u54c1","item":"https:\/\/www.bdpnt.com\/product-category\/products\/"},{"@type":"ListItem","position":4,"name":"\u6d4b\u8bd5\u4eea","item":"https:\/\/bdpnt.com\/product-category\/products\/testers\/"},{"@type":"ListItem","position":5,"name":"\u65f6\u95f4\u540c\u6b65\u5206\u6790\u4eea","item":"https:\/\/www.bdpnt.com\/product-category\/products\/testers\/%e6%97%b6%e9%97%b4%e5%90%8c%e6%ad%a5%e5%88%86%e6%9e%90%e4%bb%aa\/"},{"@type":"ListItem","position":6,"name":"TSA500 \u65f6\u95f4\u540c\u6b65\u5206\u6790\u4eea"}]},{"@type":"WebSite","@id":"https:\/\/bdpnt.com\/#website","url":"https:\/\/bdpnt.com\/","name":"P\u00e1gina oficial de Beidoubangtai","description":"bdstar time website","publisher":{"@id":"https:\/\/bdpnt.com\/#organization"},"alternateName":"BDSTAR TIME","potentialAction":[{"@type":"SearchAction","target":{"@type":"EntryPoint","urlTemplate":"https:\/\/bdpnt.com\/?s={search_term_string}"},"query-input":{"@type":"PropertyValueSpecification","valueRequired":true,"valueName":"search_term_string"}}],"inLanguage":"es"},{"@type":"Organization","@id":"https:\/\/bdpnt.com\/#organization","name":"P\u00e1gina oficial de Beidoubangtai","alternateName":"BDSTAR TIME","url":"https:\/\/bdpnt.com\/","logo":{"@type":"ImageObject","inLanguage":"es","@id":"https:\/\/bdpnt.com\/#\/schema\/logo\/image\/","url":"https:\/\/bdpnt.com\/wp-content\/uploads\/2025\/04\/\u5317\u6597\u90a6\u6cf0\u6700\u7ec8logo-\u6700\u7ec8\u7248\u5f69\u8272.png","contentUrl":"https:\/\/bdpnt.com\/wp-content\/uploads\/2025\/04\/\u5317\u6597\u90a6\u6cf0\u6700\u7ec8logo-\u6700\u7ec8\u7248\u5f69\u8272.png","width":234,"height":76,"caption":"\u5317\u6597\u90a6\u6cf0\u5b98\u7f51"},"image":{"@id":"https:\/\/bdpnt.com\/#\/schema\/logo\/image\/"}}]}},"_links":{"self":[{"href":"https:\/\/bdpnt.com\/es\/wp-json\/wp\/v2\/product\/4918","targetHints":{"allow":["GET"]}}],"collection":[{"href":"https:\/\/bdpnt.com\/es\/wp-json\/wp\/v2\/product"}],"about":[{"href":"https:\/\/bdpnt.com\/es\/wp-json\/wp\/v2\/types\/product"}],"version-history":[{"count":4,"href":"https:\/\/bdpnt.com\/es\/wp-json\/wp\/v2\/product\/4918\/revisions"}],"predecessor-version":[{"id":4927,"href":"https:\/\/bdpnt.com\/es\/wp-json\/wp\/v2\/product\/4918\/revisions\/4927"}],"wp:featuredmedia":[{"embeddable":true,"href":"https:\/\/bdpnt.com\/es\/wp-json\/wp\/v2\/media\/4922"}],"wp:attachment":[{"href":"https:\/\/bdpnt.com\/es\/wp-json\/wp\/v2\/media?parent=4918"}],"wp:term":[{"taxonomy":"product_brand","embeddable":true,"href":"https:\/\/bdpnt.com\/es\/wp-json\/wp\/v2\/product_brand?post=4918"},{"taxonomy":"product_cat","embeddable":true,"href":"https:\/\/bdpnt.com\/es\/wp-json\/wp\/v2\/product_cat?post=4918"},{"taxonomy":"product_tag","embeddable":true,"href":"https:\/\/bdpnt.com\/es\/wp-json\/wp\/v2\/product_tag?post=4918"}],"curies":[{"name":"wp","href":"https:\/\/api.w.org\/{rel}","templated":true}]}}