{"id":4792,"date":"2025-07-18T10:35:49","date_gmt":"2025-07-18T02:35:49","guid":{"rendered":"https:\/\/bdstarpnt.com\/?post_type=product&#038;p=4792"},"modified":"2026-03-18T14:30:54","modified_gmt":"2026-03-18T06:30:54","slug":"reloj-atomico-compacto-de-rubidio-de-amplia-temperatura-trw70","status":"publish","type":"product","link":"https:\/\/bdpnt.com\/es\/product\/reloj-atomico-compacto-de-rubidio-de-amplia-temperatura-trw70\/","title":{"rendered":"TRW70 Peque\u00f1o Reloj At\u00f3mico de Rubidio de Amplia Temperatura"},"content":{"rendered":"<p>TRW70 \u662f\u4e00\u6b3e\u53ef\u9002\u5e94-50\u2103 ~+95\u2103\u7684\u5bbd\u6e29\u94f7\u539f\u5b50\u949f\uff0c\u5c0f\u4f53\u79ef\u3001\u9ad8\u53ef\u9760\u3001\u9ad8\u6027\u80fd\uff0c\u9891\u7387\u7a33\u5b9a\u5ea6\u548c\u76f8\u566a\u51fa\u8272\uff0c\u5185\u90e8\u96c6\u6210\u4e861PPS\u9a6f\u670d\u548c1PPS \u8f93\u51fa\u529f\u80fd\uff0c\u5e76\u989d\u5916\u63d0\u4f9b1 \u8def10MHz \u65b9\u6ce2\u4fe1\u53f7\u8f93\u51fa\u548c\u5916\u90e810MHz \u4fe1\u53f7\u6821\u51c6\u529f\u80fd\uff0c\u53ef\u7528\u94ef\u949f\u548c\u6c22\u949f\u4fe1\u53f7\u5f53\u6807\u51c6\u5bf9TRW70 \u9891\u7387\u8fdb\u884c\u5feb\u901f\u81ea\u52a8\u6821\u51c6\u3002\u5b83\u96c6\u6210\u4e86\u9ad8\u5ea6\u667a\u80fd\u5316\u7684\u6570\u5b57\u63a7\u5236\u7cfb\u7edf\uff0c\u53ef\u6ee1\u8db3\u5ba2\u6237\u591a\u79cd\u5b9a\u5236\u5316\u9700\u6c42\uff0c\u4e14\u53ef\u5b8c\u6574\u76d1\u6d4b\u5065\u5eb7\u72b6\u6001\uff0c\u5177\u6709\u667a\u80fd\u5b66\u4e60\u529f\u80fd\uff0c\u8ba9\u7528\u6237\u4f7f\u7528\u539f\u5b50\u949f\u66f4\u52a0\u7b80\u5355\u7075\u6d3b\u53ef\u9760\u3002TRW70 \u6240\u6709\u4fe1\u53f7\u96c6\u6210\u57281 \u4e2aDSUB9 \u8fde\u63a5\u5668\u4e2d\uff0c\u66f4\u9002\u5408\u5728\u72ed\u5c0f\u7a7a\u95f4\u5b89\u88c5\u3002TRW70 \u4e5f\u53ef\u4f5c\u4e3a\u96c6\u6210\u6807\u51c6\u768410MHz \u9891\u7387\u6bd4\u5bf9\u5668\u4f7f\u7528\u3002<\/p>","protected":false},"excerpt":{"rendered":"<p>El TRW70 es un reloj at\u00f3mico de rubidio de altas prestaciones y temperatura ambiente de -50\u2103~+95\u2103, de peque\u00f1o tama\u00f1o y gran fiabilidad. Posee una excelente estabilidad de frecuencia y rendimiento de ruido de fase, funci\u00f3n de ajuste y salida de 1PPS incorporada, y admite salida de onda cuadrada de 10MHz y autocalibraci\u00f3n de se\u00f1al externa. El producto integra un sistema de control digital con funciones de aprendizaje inteligente y supervisi\u00f3n del estado, y la interfaz se concentra en un conector DSUB9, lo que resulta c\u00f3modo para su instalaci\u00f3n en un espacio reducido y adecuado para una gran variedad de escenarios de comparaci\u00f3n de frecuencias de alta precisi\u00f3n y aplicaciones personalizadas.<\/p>","protected":false},"featured_media":4793,"template":"","meta":{"_acf_changed":false,"site-sidebar-layout":"default","site-content-layout":"","ast-site-content-layout":"default","site-content-style":"default","site-sidebar-style":"default","ast-global-header-display":"","ast-banner-title-visibility":"","ast-main-header-display":"","ast-hfb-above-header-display":"","ast-hfb-below-header-display":"","ast-hfb-mobile-header-display":"","site-post-title":"","ast-breadcrumbs-content":"","ast-featured-img":"","footer-sml-layout":"","theme-transparent-header-meta":"default","adv-header-id-meta":"","stick-header-meta":"default","header-above-stick-meta":"","header-main-stick-meta":"","header-below-stick-meta":"","astra-migrate-meta-layouts":"set","ast-page-background-enabled":"default","ast-page-background-meta":{"desktop":{"background-color":"var(--ast-global-color-4)","background-image":"","background-repeat":"repeat","background-position":"center center","background-size":"auto","background-attachment":"scroll","background-type":"","background-media":"","overlay-type":"","overlay-color":"","overlay-opacity":"","overlay-gradient":""},"tablet":{"background-color":"","background-image":"","background-repeat":"repeat","background-position":"center center","background-size":"auto","background-attachment":"scroll","background-type":"","background-media":"","overlay-type":"","overlay-color":"","overlay-opacity":"","overlay-gradient":""},"mobile":{"background-color":"","background-image":"","background-repeat":"repeat","background-position":"center center","background-size":"auto","background-attachment":"scroll","background-type":"","background-media":"","overlay-type":"","overlay-color":"","overlay-opacity":"","overlay-gradient":""}},"ast-content-background-meta":{"desktop":{"background-color":"var(--ast-global-color-5)","background-image":"","background-repeat":"repeat","background-position":"center center","background-size":"auto","background-attachment":"scroll","background-type":"","background-media":"","overlay-type":"","overlay-color":"","overlay-opacity":"","overlay-gradient":""},"tablet":{"background-color":"var(--ast-global-color-5)","background-image":"","background-repeat":"repeat","background-position":"center center","background-size":"auto","background-attachment":"scroll","background-type":"","background-media":"","overlay-type":"","overlay-color":"","overlay-opacity":"","overlay-gradient":""},"mobile":{"background-color":"var(--ast-global-color-5)","background-image":"","background-repeat":"repeat","background-position":"center center","background-size":"auto","background-attachment":"scroll","background-type":"","background-media":"","overlay-type":"","overlay-color":"","overlay-opacity":"","overlay-gradient":""}}},"product_brand":[],"product_cat":[47],"product_tag":[],"class_list":{"0":"post-4792","1":"product","2":"type-product","3":"status-publish","4":"has-post-thumbnail","6":"product_cat-47","7":"pa_-197","8":"pa_--237","9":"pa_--0-c--70-c","10":"pa_--40c--85c","11":"pa_--40c--105c","12":"pa_-military-aviation","13":"pa_-metrology-and-testing","14":"pa_-communications-infrastructure","15":"pa_--1us24h","16":"pa_-1-ppsttl-rs-422","17":"pa_-10mhz-sine-wave-square-wave-output","18":"pa_-dc-12v","19":"pa_-dc-15v","20":"desktop-align-left","21":"tablet-align-left","22":"mobile-align-left","23":"ast-product-gallery-layout-first-image-large","24":"ast-product-gallery-with-no-image","25":"ast-product-tabs-layout-horizontal","27":"first","28":"instock","29":"shipping-taxable","30":"product-type-simple"},"acf":[],"yoast_head":"<!-- This site is optimized with the Yoast SEO plugin v26.0 - https:\/\/yoast.com\/wordpress\/plugins\/seo\/ -->\n<title>TRW70\u5c0f\u578b\u5bbd\u6e29\u94f7\u539f\u5b50\u949f - \u5317\u6597\u90a6\u6cf0\u5b98\u7f51<\/title>\n<meta name=\"robots\" content=\"index, follow, max-snippet:-1, max-image-preview:large, max-video-preview:-1\" \/>\n<link rel=\"canonical\" href=\"https:\/\/www.bdpnt.com\/product\/compact-wide-temperature-rubidium-atomic-clock-trw70\/\" \/>\n<meta property=\"og:locale\" content=\"es_ES\" \/>\n<meta property=\"og:type\" content=\"article\" \/>\n<meta property=\"og:title\" content=\"TRW70\u5c0f\u578b\u5bbd\u6e29\u94f7\u539f\u5b50\u949f - \u5317\u6597\u90a6\u6cf0\u5b98\u7f51\" \/>\n<meta property=\"og:description\" content=\"TRW70 \u662f\u4e00\u6b3e\u5bbd\u6e29\u578b\u3001\u9ad8\u6027\u80fd\u94f7\u539f\u5b50\u949f\uff0c\u9002\u5e94\u73af\u5883\u6e29\u5ea6\u8fbe -50\u2103~+95\u2103\uff0c\u5177\u6709\u5c0f\u4f53\u79ef\u3001\u9ad8\u53ef\u9760\u6027\u7684\u7279\u70b9\u3002\u5176\u9891\u7387\u7a33\u5b9a\u5ea6\u548c\u76f8\u4f4d\u566a\u58f0\u8868\u73b0\u4f18\u5f02\uff0c\u5185\u7f6e 1PPS \u9a6f\u670d\u548c\u8f93\u51fa\u529f\u80fd\uff0c\u652f\u6301 10MHz \u65b9\u6ce2\u8f93\u51fa\u53ca\u5916\u90e8\u4fe1\u53f7\u81ea\u52a8\u6821\u51c6\u3002\u4ea7\u54c1\u96c6\u6210\u6570\u5b57\u63a7\u5236\u7cfb\u7edf\uff0c\u5177\u5907\u667a\u80fd\u5b66\u4e60\u4e0e\u5065\u5eb7\u76d1\u6d4b\u529f\u80fd\uff0c\u63a5\u53e3\u96c6\u4e2d\u4e8e\u4e00\u4e2a DSUB9 \u8fde\u63a5\u5668\uff0c\u65b9\u4fbf\u5728\u72ed\u5c0f\u7a7a\u95f4\u4e2d\u5b89\u88c5\uff0c\u9002\u7528\u4e8e\u591a\u79cd\u9ad8\u7cbe\u5ea6\u9891\u7387\u6bd4\u5bf9\u4e0e\u5b9a\u5236\u5e94\u7528\u573a\u666f\u3002\" \/>\n<meta property=\"og:url\" content=\"https:\/\/www.bdpnt.com\/product\/compact-wide-temperature-rubidium-atomic-clock-trw70\/\" \/>\n<meta property=\"og:site_name\" content=\"\u5317\u6597\u90a6\u6cf0\u5b98\u7f51\" \/>\n<meta property=\"article:modified_time\" content=\"2026-03-18T06:30:54+00:00\" \/>\n<meta property=\"og:image\" content=\"https:\/\/www.bdpnt.com\/wp-content\/uploads\/2025\/07\/\u84dd\u8272\u4ea7\u54c1\u80cc\u666f\u6a21\u7248-2.png\" \/>\n\t<meta property=\"og:image:width\" content=\"960\" \/>\n\t<meta property=\"og:image:height\" content=\"480\" \/>\n\t<meta property=\"og:image:type\" content=\"image\/png\" \/>\n<meta name=\"twitter:card\" content=\"summary_large_image\" \/>\n<script type=\"application\/ld+json\" class=\"yoast-schema-graph\">{\"@context\":\"https:\/\/schema.org\",\"@graph\":[{\"@type\":\"WebPage\",\"@id\":\"https:\/\/www.bdpnt.com\/product\/compact-wide-temperature-rubidium-atomic-clock-trw70\/\",\"url\":\"https:\/\/www.bdpnt.com\/product\/compact-wide-temperature-rubidium-atomic-clock-trw70\/\",\"name\":\"TRW70\u5c0f\u578b\u5bbd\u6e29\u94f7\u539f\u5b50\u949f - \u5317\u6597\u90a6\u6cf0\u5b98\u7f51\",\"isPartOf\":{\"@id\":\"https:\/\/www.bdpnt.com\/#website\"},\"primaryImageOfPage\":{\"@id\":\"https:\/\/www.bdpnt.com\/product\/compact-wide-temperature-rubidium-atomic-clock-trw70\/#primaryimage\"},\"image\":{\"@id\":\"https:\/\/www.bdpnt.com\/product\/compact-wide-temperature-rubidium-atomic-clock-trw70\/#primaryimage\"},\"thumbnailUrl\":\"https:\/\/bdpnt.com\/wp-content\/uploads\/2025\/07\/\u84dd\u8272\u4ea7\u54c1\u80cc\u666f\u6a21\u7248-2.png\",\"datePublished\":\"2025-07-18T02:35:49+00:00\",\"dateModified\":\"2026-03-18T06:30:54+00:00\",\"breadcrumb\":{\"@id\":\"https:\/\/www.bdpnt.com\/product\/compact-wide-temperature-rubidium-atomic-clock-trw70\/#breadcrumb\"},\"inLanguage\":\"es\",\"potentialAction\":[{\"@type\":\"ReadAction\",\"target\":[\"https:\/\/www.bdpnt.com\/product\/compact-wide-temperature-rubidium-atomic-clock-trw70\/\"]}]},{\"@type\":\"ImageObject\",\"inLanguage\":\"es\",\"@id\":\"https:\/\/www.bdpnt.com\/product\/compact-wide-temperature-rubidium-atomic-clock-trw70\/#primaryimage\",\"url\":\"https:\/\/bdpnt.com\/wp-content\/uploads\/2025\/07\/\u84dd\u8272\u4ea7\u54c1\u80cc\u666f\u6a21\u7248-2.png\",\"contentUrl\":\"https:\/\/bdpnt.com\/wp-content\/uploads\/2025\/07\/\u84dd\u8272\u4ea7\u54c1\u80cc\u666f\u6a21\u7248-2.png\",\"width\":960,\"height\":480},{\"@type\":\"BreadcrumbList\",\"@id\":\"https:\/\/www.bdpnt.com\/product\/compact-wide-temperature-rubidium-atomic-clock-trw70\/#breadcrumb\",\"itemListElement\":[{\"@type\":\"ListItem\",\"position\":1,\"name\":\"\u9996\u9875\",\"item\":\"https:\/\/www.bdpnt.com\/\"},{\"@type\":\"ListItem\",\"position\":2,\"name\":\"Shop\",\"item\":\"https:\/\/www.bdpnt.com\/shop\/\"},{\"@type\":\"ListItem\",\"position\":3,\"name\":\"\u4ea7\u54c1\",\"item\":\"https:\/\/www.bdpnt.com\/product-category\/products\/\"},{\"@type\":\"ListItem\",\"position\":4,\"name\":\"\u65f6\u95f4\u4e0e\u9891\u7387\u57fa\u51c6\u8bbe\u5907\",\"item\":\"https:\/\/www.bdpnt.com\/product-category\/products\/time-trequency-primary-standard\/\"},{\"@type\":\"ListItem\",\"position\":5,\"name\":\"\u94f7\u539f\u5b50\u949f\",\"item\":\"https:\/\/www.bdpnt.com\/de\/product-category\/produkte\/zeittreue-primarstandard\/rubidium-atomuhr\/\"},{\"@type\":\"ListItem\",\"position\":6,\"name\":\"TRW70\u5c0f\u578b\u5bbd\u6e29\u94f7\u539f\u5b50\u949f\"}]},{\"@type\":\"WebSite\",\"@id\":\"https:\/\/www.bdpnt.com\/#website\",\"url\":\"https:\/\/www.bdpnt.com\/\",\"name\":\"\u5317\u6597\u90a6\u6cf0\u5b98\u7f51\",\"description\":\"bdstar time website\",\"publisher\":{\"@id\":\"https:\/\/www.bdpnt.com\/#organization\"},\"alternateName\":\"BDSTAR TIME\",\"potentialAction\":[{\"@type\":\"SearchAction\",\"target\":{\"@type\":\"EntryPoint\",\"urlTemplate\":\"https:\/\/www.bdpnt.com\/?s={search_term_string}\"},\"query-input\":{\"@type\":\"PropertyValueSpecification\",\"valueRequired\":true,\"valueName\":\"search_term_string\"}}],\"inLanguage\":\"es\"},{\"@type\":\"Organization\",\"@id\":\"https:\/\/www.bdpnt.com\/#organization\",\"name\":\"\u5317\u6597\u90a6\u6cf0\u5b98\u7f51\",\"alternateName\":\"BDSTAR TIME\",\"url\":\"https:\/\/www.bdpnt.com\/\",\"logo\":{\"@type\":\"ImageObject\",\"inLanguage\":\"es\",\"@id\":\"https:\/\/www.bdpnt.com\/#\/schema\/logo\/image\/\",\"url\":\"https:\/\/bdpnt.com\/wp-content\/uploads\/2025\/04\/\u5317\u6597\u90a6\u6cf0\u6700\u7ec8logo-\u6700\u7ec8\u7248\u5f69\u8272.png\",\"contentUrl\":\"https:\/\/bdpnt.com\/wp-content\/uploads\/2025\/04\/\u5317\u6597\u90a6\u6cf0\u6700\u7ec8logo-\u6700\u7ec8\u7248\u5f69\u8272.png\",\"width\":234,\"height\":76,\"caption\":\"\u5317\u6597\u90a6\u6cf0\u5b98\u7f51\"},\"image\":{\"@id\":\"https:\/\/www.bdpnt.com\/#\/schema\/logo\/image\/\"}}]}<\/script>\n<!-- \/ Yoast SEO plugin. -->","yoast_head_json":{"title":"TRW70 Peque\u00f1o Reloj At\u00f3mico de Rubidio de Amplia Temperatura - Beidou Bangtai Official Website","robots":{"index":"index","follow":"follow","max-snippet":"max-snippet:-1","max-image-preview":"max-image-preview:large","max-video-preview":"max-video-preview:-1"},"canonical":"https:\/\/www.bdpnt.com\/product\/compact-wide-temperature-rubidium-atomic-clock-trw70\/","og_locale":"es_ES","og_type":"article","og_title":"TRW70\u5c0f\u578b\u5bbd\u6e29\u94f7\u539f\u5b50\u949f - \u5317\u6597\u90a6\u6cf0\u5b98\u7f51","og_description":"TRW70 \u662f\u4e00\u6b3e\u5bbd\u6e29\u578b\u3001\u9ad8\u6027\u80fd\u94f7\u539f\u5b50\u949f\uff0c\u9002\u5e94\u73af\u5883\u6e29\u5ea6\u8fbe -50\u2103~+95\u2103\uff0c\u5177\u6709\u5c0f\u4f53\u79ef\u3001\u9ad8\u53ef\u9760\u6027\u7684\u7279\u70b9\u3002\u5176\u9891\u7387\u7a33\u5b9a\u5ea6\u548c\u76f8\u4f4d\u566a\u58f0\u8868\u73b0\u4f18\u5f02\uff0c\u5185\u7f6e 1PPS \u9a6f\u670d\u548c\u8f93\u51fa\u529f\u80fd\uff0c\u652f\u6301 10MHz \u65b9\u6ce2\u8f93\u51fa\u53ca\u5916\u90e8\u4fe1\u53f7\u81ea\u52a8\u6821\u51c6\u3002\u4ea7\u54c1\u96c6\u6210\u6570\u5b57\u63a7\u5236\u7cfb\u7edf\uff0c\u5177\u5907\u667a\u80fd\u5b66\u4e60\u4e0e\u5065\u5eb7\u76d1\u6d4b\u529f\u80fd\uff0c\u63a5\u53e3\u96c6\u4e2d\u4e8e\u4e00\u4e2a DSUB9 \u8fde\u63a5\u5668\uff0c\u65b9\u4fbf\u5728\u72ed\u5c0f\u7a7a\u95f4\u4e2d\u5b89\u88c5\uff0c\u9002\u7528\u4e8e\u591a\u79cd\u9ad8\u7cbe\u5ea6\u9891\u7387\u6bd4\u5bf9\u4e0e\u5b9a\u5236\u5e94\u7528\u573a\u666f\u3002","og_url":"https:\/\/www.bdpnt.com\/product\/compact-wide-temperature-rubidium-atomic-clock-trw70\/","og_site_name":"\u5317\u6597\u90a6\u6cf0\u5b98\u7f51","article_modified_time":"2026-03-18T06:30:54+00:00","og_image":[{"width":960,"height":480,"url":"https:\/\/www.bdpnt.com\/wp-content\/uploads\/2025\/07\/\u84dd\u8272\u4ea7\u54c1\u80cc\u666f\u6a21\u7248-2.png","type":"image\/png"}],"twitter_card":"summary_large_image","schema":{"@context":"https:\/\/schema.org","@graph":[{"@type":"WebPage","@id":"https:\/\/www.bdpnt.com\/product\/compact-wide-temperature-rubidium-atomic-clock-trw70\/","url":"https:\/\/www.bdpnt.com\/product\/compact-wide-temperature-rubidium-atomic-clock-trw70\/","name":"TRW70 Peque\u00f1o Reloj At\u00f3mico de Rubidio de Amplia Temperatura - Beidou Bangtai Official Website","isPartOf":{"@id":"https:\/\/www.bdpnt.com\/#website"},"primaryImageOfPage":{"@id":"https:\/\/www.bdpnt.com\/product\/compact-wide-temperature-rubidium-atomic-clock-trw70\/#primaryimage"},"image":{"@id":"https:\/\/www.bdpnt.com\/product\/compact-wide-temperature-rubidium-atomic-clock-trw70\/#primaryimage"},"thumbnailUrl":"https:\/\/bdpnt.com\/wp-content\/uploads\/2025\/07\/\u84dd\u8272\u4ea7\u54c1\u80cc\u666f\u6a21\u7248-2.png","datePublished":"2025-07-18T02:35:49+00:00","dateModified":"2026-03-18T06:30:54+00:00","breadcrumb":{"@id":"https:\/\/www.bdpnt.com\/product\/compact-wide-temperature-rubidium-atomic-clock-trw70\/#breadcrumb"},"inLanguage":"es","potentialAction":[{"@type":"ReadAction","target":["https:\/\/www.bdpnt.com\/product\/compact-wide-temperature-rubidium-atomic-clock-trw70\/"]}]},{"@type":"ImageObject","inLanguage":"es","@id":"https:\/\/www.bdpnt.com\/product\/compact-wide-temperature-rubidium-atomic-clock-trw70\/#primaryimage","url":"https:\/\/bdpnt.com\/wp-content\/uploads\/2025\/07\/\u84dd\u8272\u4ea7\u54c1\u80cc\u666f\u6a21\u7248-2.png","contentUrl":"https:\/\/bdpnt.com\/wp-content\/uploads\/2025\/07\/\u84dd\u8272\u4ea7\u54c1\u80cc\u666f\u6a21\u7248-2.png","width":960,"height":480},{"@type":"BreadcrumbList","@id":"https:\/\/www.bdpnt.com\/product\/compact-wide-temperature-rubidium-atomic-clock-trw70\/#breadcrumb","itemListElement":[{"@type":"ListItem","position":1,"name":"\u9996\u9875","item":"https:\/\/www.bdpnt.com\/"},{"@type":"ListItem","position":2,"name":"Shop","item":"https:\/\/www.bdpnt.com\/shop\/"},{"@type":"ListItem","position":3,"name":"\u4ea7\u54c1","item":"https:\/\/www.bdpnt.com\/product-category\/products\/"},{"@type":"ListItem","position":4,"name":"\u65f6\u95f4\u4e0e\u9891\u7387\u57fa\u51c6\u8bbe\u5907","item":"https:\/\/www.bdpnt.com\/product-category\/products\/time-trequency-primary-standard\/"},{"@type":"ListItem","position":5,"name":"\u94f7\u539f\u5b50\u949f","item":"https:\/\/www.bdpnt.com\/de\/product-category\/produkte\/zeittreue-primarstandard\/rubidium-atomuhr\/"},{"@type":"ListItem","position":6,"name":"TRW70\u5c0f\u578b\u5bbd\u6e29\u94f7\u539f\u5b50\u949f"}]},{"@type":"WebSite","@id":"https:\/\/www.bdpnt.com\/#website","url":"https:\/\/www.bdpnt.com\/","name":"P\u00e1gina oficial de Beidoubangtai","description":"bdstar time website","publisher":{"@id":"https:\/\/www.bdpnt.com\/#organization"},"alternateName":"BDSTAR TIME","potentialAction":[{"@type":"SearchAction","target":{"@type":"EntryPoint","urlTemplate":"https:\/\/www.bdpnt.com\/?s={search_term_string}"},"query-input":{"@type":"PropertyValueSpecification","valueRequired":true,"valueName":"search_term_string"}}],"inLanguage":"es"},{"@type":"Organization","@id":"https:\/\/www.bdpnt.com\/#organization","name":"P\u00e1gina oficial de Beidoubangtai","alternateName":"BDSTAR TIME","url":"https:\/\/www.bdpnt.com\/","logo":{"@type":"ImageObject","inLanguage":"es","@id":"https:\/\/www.bdpnt.com\/#\/schema\/logo\/image\/","url":"https:\/\/bdpnt.com\/wp-content\/uploads\/2025\/04\/\u5317\u6597\u90a6\u6cf0\u6700\u7ec8logo-\u6700\u7ec8\u7248\u5f69\u8272.png","contentUrl":"https:\/\/bdpnt.com\/wp-content\/uploads\/2025\/04\/\u5317\u6597\u90a6\u6cf0\u6700\u7ec8logo-\u6700\u7ec8\u7248\u5f69\u8272.png","width":234,"height":76,"caption":"\u5317\u6597\u90a6\u6cf0\u5b98\u7f51"},"image":{"@id":"https:\/\/www.bdpnt.com\/#\/schema\/logo\/image\/"}}]}},"_links":{"self":[{"href":"https:\/\/bdpnt.com\/es\/wp-json\/wp\/v2\/product\/4792","targetHints":{"allow":["GET"]}}],"collection":[{"href":"https:\/\/bdpnt.com\/es\/wp-json\/wp\/v2\/product"}],"about":[{"href":"https:\/\/bdpnt.com\/es\/wp-json\/wp\/v2\/types\/product"}],"version-history":[{"count":4,"href":"https:\/\/bdpnt.com\/es\/wp-json\/wp\/v2\/product\/4792\/revisions"}],"predecessor-version":[{"id":4817,"href":"https:\/\/bdpnt.com\/es\/wp-json\/wp\/v2\/product\/4792\/revisions\/4817"}],"wp:featuredmedia":[{"embeddable":true,"href":"https:\/\/bdpnt.com\/es\/wp-json\/wp\/v2\/media\/4793"}],"wp:attachment":[{"href":"https:\/\/bdpnt.com\/es\/wp-json\/wp\/v2\/media?parent=4792"}],"wp:term":[{"taxonomy":"product_brand","embeddable":true,"href":"https:\/\/bdpnt.com\/es\/wp-json\/wp\/v2\/product_brand?post=4792"},{"taxonomy":"product_cat","embeddable":true,"href":"https:\/\/bdpnt.com\/es\/wp-json\/wp\/v2\/product_cat?post=4792"},{"taxonomy":"product_tag","embeddable":true,"href":"https:\/\/bdpnt.com\/es\/wp-json\/wp\/v2\/product_tag?post=4792"}],"curies":[{"name":"wp","href":"https:\/\/api.w.org\/{rel}","templated":true}]}}