{"id":4729,"date":"2025-07-17T14:02:56","date_gmt":"2025-07-17T06:02:56","guid":{"rendered":"https:\/\/bdstarpnt.com\/?post_type=product&#038;p=4729"},"modified":"2026-03-18T14:31:21","modified_gmt":"2026-03-18T06:31:21","slug":"tfd10-5-divisor-de-frecuencia-de-bajo-ruido-de-fase","status":"publish","type":"product","link":"https:\/\/bdpnt.com\/es\/product\/tfd10-5-divisor-de-frecuencia-de-bajo-ruido-de-fase\/","title":{"rendered":"TFD10-5 Divisor de bajo ruido de fase"},"content":{"rendered":"<p>El divisor de bajo ruido TFD10-5 es un divisor de ruido de fase ultrabajo con un divisor de frecuencia incorporado \u00fanico y un divisor de se\u00f1al de bajo ruido, que presenta dos salidas cada una de 5M y 1M, lo que resulta adecuado para dividir se\u00f1ales de 10MHz como relojes de hidr\u00f3geno, relojes de cesio y otras se\u00f1ales de 10MHz de alta estabilidad. El crossover adopta el paquete est\u00e1ndar y la interfaz de Beidou Bontec, y se puede instalar de varias maneras.<\/p>\n<p>Campos de aplicaci\u00f3n: radar, comunicaciones, metrolog\u00eda y calibraci\u00f3n, astronom\u00eda, contramedidas electr\u00f3nicas y medici\u00f3n y control aeroespacial.<\/p>","protected":false},"excerpt":{"rendered":"<p>El divisor de frecuencia de bajo ruido TFD10-5 es un dispositivo de ruido de fase ultrabajo, divisor de frecuencia de alto rendimiento incorporado y distribuidor de se\u00f1al de bajo ruido, que proporciona dos salidas cada una de 5MHz y 1MHz, lo que resulta adecuado para la divisi\u00f3n de frecuencia de se\u00f1ales de 10MHz con alta estabilidad, como el reloj de hidr\u00f3geno y el reloj de cesio. El producto adopta el paquete est\u00e1ndar y la interfaz de Beidou Bontec, y admite una gran variedad de m\u00e9todos de instalaci\u00f3n, lo que resulta adecuado para radar, comunicaci\u00f3n, medici\u00f3n y calibraci\u00f3n, astronom\u00eda, contramedidas electr\u00f3nicas y medici\u00f3n y control aeroespacial y otros campos con requisitos muy exigentes en cuanto a la calidad de la se\u00f1al.<\/p>","protected":false},"featured_media":4730,"template":"","meta":{"_acf_changed":false,"site-sidebar-layout":"default","site-content-layout":"","ast-site-content-layout":"default","site-content-style":"default","site-sidebar-style":"default","ast-global-header-display":"","ast-banner-title-visibility":"","ast-main-header-display":"","ast-hfb-above-header-display":"","ast-hfb-below-header-display":"","ast-hfb-mobile-header-display":"","site-post-title":"","ast-breadcrumbs-content":"","ast-featured-img":"","footer-sml-layout":"","theme-transparent-header-meta":"default","adv-header-id-meta":"","stick-header-meta":"default","header-above-stick-meta":"","header-main-stick-meta":"","header-below-stick-meta":"","astra-migrate-meta-layouts":"set","ast-page-background-enabled":"default","ast-page-background-meta":{"desktop":{"background-color":"var(--ast-global-color-4)","background-image":"","background-repeat":"repeat","background-position":"center center","background-size":"auto","background-attachment":"scroll","background-type":"","background-media":"","overlay-type":"","overlay-color":"","overlay-opacity":"","overlay-gradient":""},"tablet":{"background-color":"","background-image":"","background-repeat":"repeat","background-position":"center center","background-size":"auto","background-attachment":"scroll","background-type":"","background-media":"","overlay-type":"","overlay-color":"","overlay-opacity":"","overlay-gradient":""},"mobile":{"background-color":"","background-image":"","background-repeat":"repeat","background-position":"center center","background-size":"auto","background-attachment":"scroll","background-type":"","background-media":"","overlay-type":"","overlay-color":"","overlay-opacity":"","overlay-gradient":""}},"ast-content-background-meta":{"desktop":{"background-color":"var(--ast-global-color-5)","background-image":"","background-repeat":"repeat","background-position":"center center","background-size":"auto","background-attachment":"scroll","background-type":"","background-media":"","overlay-type":"","overlay-color":"","overlay-opacity":"","overlay-gradient":""},"tablet":{"background-color":"var(--ast-global-color-5)","background-image":"","background-repeat":"repeat","background-position":"center center","background-size":"auto","background-attachment":"scroll","background-type":"","background-media":"","overlay-type":"","overlay-color":"","overlay-opacity":"","overlay-gradient":""},"mobile":{"background-color":"var(--ast-global-color-5)","background-image":"","background-repeat":"repeat","background-position":"center center","background-size":"auto","background-attachment":"scroll","background-type":"","background-media":"","overlay-type":"","overlay-color":"","overlay-opacity":"","overlay-gradient":""}}},"product_brand":[],"product_cat":[52],"product_tag":[],"class_list":{"0":"post-4729","1":"product","2":"type-product","3":"status-publish","4":"has-post-thumbnail","6":"product_cat-52","7":"pa_-197","8":"pa_--237","9":"pa_--0-c--70-c","10":"pa_--40c--85c","11":"pa_-military-aviation","12":"pa_-metrology-and-testing","13":"pa_---165dbc-hz1khz","14":"pa_-224","15":"pa_-10mhz-sine-wave-square-wave-output","16":"pa_-5-mhz","17":"pa_-dc-12v","18":"pa_-dc-15v","19":"desktop-align-left","20":"tablet-align-left","21":"mobile-align-left","22":"ast-product-gallery-layout-first-image-large","23":"ast-product-gallery-with-no-image","24":"ast-product-tabs-layout-horizontal","26":"first","27":"instock","28":"shipping-taxable","29":"product-type-simple"},"acf":[],"yoast_head":"<!-- This site is optimized with the Yoast SEO plugin v26.0 - https:\/\/yoast.com\/wordpress\/plugins\/seo\/ -->\n<title>TFD10-5 \u4f4e\u76f8\u566a\u5206\u9891\u5668 - \u5317\u6597\u90a6\u6cf0\u5b98\u7f51<\/title>\n<meta name=\"robots\" content=\"index, follow, max-snippet:-1, max-image-preview:large, max-video-preview:-1\" \/>\n<link rel=\"canonical\" href=\"https:\/\/www.bdpnt.com\/ja\/product\/tfd10-5-\u4f4e\u4f4d\u76f8\u30ce\u30a4\u30ba\u5206\u5468\u5668\/\" \/>\n<meta property=\"og:locale\" content=\"es_ES\" \/>\n<meta property=\"og:type\" content=\"article\" \/>\n<meta property=\"og:title\" content=\"TFD10-5 \u4f4e\u76f8\u566a\u5206\u9891\u5668 - \u5317\u6597\u90a6\u6cf0\u5b98\u7f51\" \/>\n<meta property=\"og:description\" content=\"TFD10-5 \u4f4e\u566a\u58f0\u5206\u9891\u5668\u662f\u4e00\u6b3e\u8d85\u4f4e\u76f8\u4f4d\u566a\u58f0\u8bbe\u5907\uff0c\u5185\u7f6e\u9ad8\u6027\u80fd\u5206\u9891\u5668\u4e0e\u4f4e\u566a\u58f0\u4fe1\u53f7\u5206\u914d\u5668\uff0c\u63d0\u4f9b 5MHz \u548c 1MHz \u5404\u4e24\u8def\u8f93\u51fa\uff0c\u9002\u7528\u4e8e\u6c22\u949f\u3001\u94ef\u949f\u7b49\u9ad8\u7a33\u5b9a\u6027 10MHz \u4fe1\u53f7\u7684\u5206\u9891\u5e94\u7528\u3002\u4ea7\u54c1\u91c7\u7528\u5317\u6597\u90a6\u6cf0\u6807\u51c6\u5c01\u88c5\u4e0e\u63a5\u53e3\uff0c\u652f\u6301\u591a\u79cd\u5b89\u88c5\u65b9\u5f0f\uff0c\u9002\u7528\u4e8e\u96f7\u8fbe\u3001\u901a\u4fe1\u3001\u8ba1\u91cf\u6821\u51c6\u3001\u5929\u6587\u3001\u7535\u5b50\u5bf9\u6297\u53ca\u822a\u5929\u6d4b\u63a7\u7b49\u5bf9\u4fe1\u53f7\u8d28\u91cf\u8981\u6c42\u6781\u9ad8\u7684\u9886\u57df\u3002\" \/>\n<meta property=\"og:url\" content=\"https:\/\/www.bdpnt.com\/ja\/product\/tfd10-5-\u4f4e\u4f4d\u76f8\u30ce\u30a4\u30ba\u5206\u5468\u5668\/\" \/>\n<meta property=\"og:site_name\" content=\"\u5317\u6597\u90a6\u6cf0\u5b98\u7f51\" \/>\n<meta property=\"article:modified_time\" content=\"2026-03-18T06:31:21+00:00\" \/>\n<meta property=\"og:image\" content=\"https:\/\/www.bdpnt.com\/wp-content\/uploads\/2025\/07\/\u84dd\u8272\u4ea7\u54c1\u80cc\u666f\u6a21\u7248.png\" \/>\n\t<meta property=\"og:image:width\" content=\"960\" \/>\n\t<meta property=\"og:image:height\" content=\"480\" \/>\n\t<meta property=\"og:image:type\" content=\"image\/png\" \/>\n<meta name=\"twitter:card\" content=\"summary_large_image\" \/>\n<script type=\"application\/ld+json\" class=\"yoast-schema-graph\">{\"@context\":\"https:\/\/schema.org\",\"@graph\":[{\"@type\":\"WebPage\",\"@id\":\"https:\/\/www.bdpnt.com\/ja\/product\/tfd10-5-%e4%bd%8e%e4%bd%8d%e7%9b%b8%e3%83%8e%e3%82%a4%e3%82%ba%e5%88%86%e5%91%a8%e5%99%a8\/\",\"url\":\"https:\/\/www.bdpnt.com\/ja\/product\/tfd10-5-%e4%bd%8e%e4%bd%8d%e7%9b%b8%e3%83%8e%e3%82%a4%e3%82%ba%e5%88%86%e5%91%a8%e5%99%a8\/\",\"name\":\"TFD10-5 \u4f4e\u76f8\u566a\u5206\u9891\u5668 - \u5317\u6597\u90a6\u6cf0\u5b98\u7f51\",\"isPartOf\":{\"@id\":\"https:\/\/www.bdpnt.com\/#website\"},\"primaryImageOfPage\":{\"@id\":\"https:\/\/www.bdpnt.com\/ja\/product\/tfd10-5-%e4%bd%8e%e4%bd%8d%e7%9b%b8%e3%83%8e%e3%82%a4%e3%82%ba%e5%88%86%e5%91%a8%e5%99%a8\/#primaryimage\"},\"image\":{\"@id\":\"https:\/\/www.bdpnt.com\/ja\/product\/tfd10-5-%e4%bd%8e%e4%bd%8d%e7%9b%b8%e3%83%8e%e3%82%a4%e3%82%ba%e5%88%86%e5%91%a8%e5%99%a8\/#primaryimage\"},\"thumbnailUrl\":\"https:\/\/bdpnt.com\/wp-content\/uploads\/2025\/07\/\u84dd\u8272\u4ea7\u54c1\u80cc\u666f\u6a21\u7248.png\",\"datePublished\":\"2025-07-17T06:02:56+00:00\",\"dateModified\":\"2026-03-18T06:31:21+00:00\",\"breadcrumb\":{\"@id\":\"https:\/\/www.bdpnt.com\/ja\/product\/tfd10-5-%e4%bd%8e%e4%bd%8d%e7%9b%b8%e3%83%8e%e3%82%a4%e3%82%ba%e5%88%86%e5%91%a8%e5%99%a8\/#breadcrumb\"},\"inLanguage\":\"es\",\"potentialAction\":[{\"@type\":\"ReadAction\",\"target\":[\"https:\/\/www.bdpnt.com\/ja\/product\/tfd10-5-%e4%bd%8e%e4%bd%8d%e7%9b%b8%e3%83%8e%e3%82%a4%e3%82%ba%e5%88%86%e5%91%a8%e5%99%a8\/\"]}]},{\"@type\":\"ImageObject\",\"inLanguage\":\"es\",\"@id\":\"https:\/\/www.bdpnt.com\/ja\/product\/tfd10-5-%e4%bd%8e%e4%bd%8d%e7%9b%b8%e3%83%8e%e3%82%a4%e3%82%ba%e5%88%86%e5%91%a8%e5%99%a8\/#primaryimage\",\"url\":\"https:\/\/bdpnt.com\/wp-content\/uploads\/2025\/07\/\u84dd\u8272\u4ea7\u54c1\u80cc\u666f\u6a21\u7248.png\",\"contentUrl\":\"https:\/\/bdpnt.com\/wp-content\/uploads\/2025\/07\/\u84dd\u8272\u4ea7\u54c1\u80cc\u666f\u6a21\u7248.png\",\"width\":960,\"height\":480},{\"@type\":\"BreadcrumbList\",\"@id\":\"https:\/\/www.bdpnt.com\/ja\/product\/tfd10-5-%e4%bd%8e%e4%bd%8d%e7%9b%b8%e3%83%8e%e3%82%a4%e3%82%ba%e5%88%86%e5%91%a8%e5%99%a8\/#breadcrumb\",\"itemListElement\":[{\"@type\":\"ListItem\",\"position\":1,\"name\":\"\u9996\u9875\",\"item\":\"https:\/\/www.bdpnt.com\/\"},{\"@type\":\"ListItem\",\"position\":2,\"name\":\"Shop\",\"item\":\"https:\/\/www.bdpnt.com\/shop\/\"},{\"@type\":\"ListItem\",\"position\":3,\"name\":\"\u4ea7\u54c1\",\"item\":\"https:\/\/www.bdpnt.com\/product-category\/products\/\"},{\"@type\":\"ListItem\",\"position\":4,\"name\":\"\u65f6\u95f4\u4e0e\u9891\u7387\u5206\u914d\",\"item\":\"https:\/\/bdpnt.com\/ru\/product-category\/%d0%bf%d1%80%d0%be%d0%b4%d1%83%d0%ba%d1%86%d0%b8%d1%8f\/%d1%80%d0%b0%d1%81%d0%bf%d1%80%d0%b5%d0%b4%d0%b5%d0%bb%d0%b5%d0%bd%d0%b8%d0%b5-%d0%b2%d1%80%d0%b5%d0%bc%d0%b5%d0%bd%d0%b8-%d0%b8-%d1%87%d0%b0%d1%81%d1%82%d0%be%d1%82\/\"},{\"@type\":\"ListItem\",\"position\":5,\"name\":\"\u5206\u9891\",\"item\":\"https:\/\/www.bdpnt.com\/ja\/product-category\/%e8%a3%bd%e5%93%81\/%e6%99%82%e9%96%93%e3%81%a8%e5%91%a8%e6%b3%a2%e6%95%b0%e3%81%ae%e5%89%b2%e3%82%8a%e5%bd%93%e3%81%a6\/%e9%9b%bb%e6%b3%a2%e5%b8%af%e5%9f%9f%e3%81%ae%e7%b4%b0%e5%88%86%e5%8c%96\/\"},{\"@type\":\"ListItem\",\"position\":6,\"name\":\"TFD10-5 \u4f4e\u76f8\u566a\u5206\u9891\u5668\"}]},{\"@type\":\"WebSite\",\"@id\":\"https:\/\/www.bdpnt.com\/#website\",\"url\":\"https:\/\/www.bdpnt.com\/\",\"name\":\"\u5317\u6597\u90a6\u6cf0\u5b98\u7f51\",\"description\":\"bdstar time website\",\"publisher\":{\"@id\":\"https:\/\/www.bdpnt.com\/#organization\"},\"alternateName\":\"BDSTAR TIME\",\"potentialAction\":[{\"@type\":\"SearchAction\",\"target\":{\"@type\":\"EntryPoint\",\"urlTemplate\":\"https:\/\/www.bdpnt.com\/?s={search_term_string}\"},\"query-input\":{\"@type\":\"PropertyValueSpecification\",\"valueRequired\":true,\"valueName\":\"search_term_string\"}}],\"inLanguage\":\"es\"},{\"@type\":\"Organization\",\"@id\":\"https:\/\/www.bdpnt.com\/#organization\",\"name\":\"\u5317\u6597\u90a6\u6cf0\u5b98\u7f51\",\"alternateName\":\"BDSTAR TIME\",\"url\":\"https:\/\/www.bdpnt.com\/\",\"logo\":{\"@type\":\"ImageObject\",\"inLanguage\":\"es\",\"@id\":\"https:\/\/www.bdpnt.com\/#\/schema\/logo\/image\/\",\"url\":\"https:\/\/bdpnt.com\/wp-content\/uploads\/2025\/04\/\u5317\u6597\u90a6\u6cf0\u6700\u7ec8logo-\u6700\u7ec8\u7248\u5f69\u8272.png\",\"contentUrl\":\"https:\/\/bdpnt.com\/wp-content\/uploads\/2025\/04\/\u5317\u6597\u90a6\u6cf0\u6700\u7ec8logo-\u6700\u7ec8\u7248\u5f69\u8272.png\",\"width\":234,\"height\":76,\"caption\":\"\u5317\u6597\u90a6\u6cf0\u5b98\u7f51\"},\"image\":{\"@id\":\"https:\/\/www.bdpnt.com\/#\/schema\/logo\/image\/\"}}]}<\/script>\n<!-- \/ Yoast SEO plugin. -->","yoast_head_json":{"title":"Crossover de bajo ruido de fase TFD10-5 - P\u00e1gina web oficial de Beidou Bangtai","robots":{"index":"index","follow":"follow","max-snippet":"max-snippet:-1","max-image-preview":"max-image-preview:large","max-video-preview":"max-video-preview:-1"},"canonical":"https:\/\/www.bdpnt.com\/ja\/product\/tfd10-5-\u4f4e\u4f4d\u76f8\u30ce\u30a4\u30ba\u5206\u5468\u5668\/","og_locale":"es_ES","og_type":"article","og_title":"TFD10-5 \u4f4e\u76f8\u566a\u5206\u9891\u5668 - \u5317\u6597\u90a6\u6cf0\u5b98\u7f51","og_description":"TFD10-5 \u4f4e\u566a\u58f0\u5206\u9891\u5668\u662f\u4e00\u6b3e\u8d85\u4f4e\u76f8\u4f4d\u566a\u58f0\u8bbe\u5907\uff0c\u5185\u7f6e\u9ad8\u6027\u80fd\u5206\u9891\u5668\u4e0e\u4f4e\u566a\u58f0\u4fe1\u53f7\u5206\u914d\u5668\uff0c\u63d0\u4f9b 5MHz \u548c 1MHz \u5404\u4e24\u8def\u8f93\u51fa\uff0c\u9002\u7528\u4e8e\u6c22\u949f\u3001\u94ef\u949f\u7b49\u9ad8\u7a33\u5b9a\u6027 10MHz \u4fe1\u53f7\u7684\u5206\u9891\u5e94\u7528\u3002\u4ea7\u54c1\u91c7\u7528\u5317\u6597\u90a6\u6cf0\u6807\u51c6\u5c01\u88c5\u4e0e\u63a5\u53e3\uff0c\u652f\u6301\u591a\u79cd\u5b89\u88c5\u65b9\u5f0f\uff0c\u9002\u7528\u4e8e\u96f7\u8fbe\u3001\u901a\u4fe1\u3001\u8ba1\u91cf\u6821\u51c6\u3001\u5929\u6587\u3001\u7535\u5b50\u5bf9\u6297\u53ca\u822a\u5929\u6d4b\u63a7\u7b49\u5bf9\u4fe1\u53f7\u8d28\u91cf\u8981\u6c42\u6781\u9ad8\u7684\u9886\u57df\u3002","og_url":"https:\/\/www.bdpnt.com\/ja\/product\/tfd10-5-\u4f4e\u4f4d\u76f8\u30ce\u30a4\u30ba\u5206\u5468\u5668\/","og_site_name":"\u5317\u6597\u90a6\u6cf0\u5b98\u7f51","article_modified_time":"2026-03-18T06:31:21+00:00","og_image":[{"width":960,"height":480,"url":"https:\/\/www.bdpnt.com\/wp-content\/uploads\/2025\/07\/\u84dd\u8272\u4ea7\u54c1\u80cc\u666f\u6a21\u7248.png","type":"image\/png"}],"twitter_card":"summary_large_image","schema":{"@context":"https:\/\/schema.org","@graph":[{"@type":"WebPage","@id":"https:\/\/www.bdpnt.com\/ja\/product\/tfd10-5-%e4%bd%8e%e4%bd%8d%e7%9b%b8%e3%83%8e%e3%82%a4%e3%82%ba%e5%88%86%e5%91%a8%e5%99%a8\/","url":"https:\/\/www.bdpnt.com\/ja\/product\/tfd10-5-%e4%bd%8e%e4%bd%8d%e7%9b%b8%e3%83%8e%e3%82%a4%e3%82%ba%e5%88%86%e5%91%a8%e5%99%a8\/","name":"Crossover de bajo ruido de fase TFD10-5 - P\u00e1gina web oficial de Beidou Bangtai","isPartOf":{"@id":"https:\/\/www.bdpnt.com\/#website"},"primaryImageOfPage":{"@id":"https:\/\/www.bdpnt.com\/ja\/product\/tfd10-5-%e4%bd%8e%e4%bd%8d%e7%9b%b8%e3%83%8e%e3%82%a4%e3%82%ba%e5%88%86%e5%91%a8%e5%99%a8\/#primaryimage"},"image":{"@id":"https:\/\/www.bdpnt.com\/ja\/product\/tfd10-5-%e4%bd%8e%e4%bd%8d%e7%9b%b8%e3%83%8e%e3%82%a4%e3%82%ba%e5%88%86%e5%91%a8%e5%99%a8\/#primaryimage"},"thumbnailUrl":"https:\/\/bdpnt.com\/wp-content\/uploads\/2025\/07\/\u84dd\u8272\u4ea7\u54c1\u80cc\u666f\u6a21\u7248.png","datePublished":"2025-07-17T06:02:56+00:00","dateModified":"2026-03-18T06:31:21+00:00","breadcrumb":{"@id":"https:\/\/www.bdpnt.com\/ja\/product\/tfd10-5-%e4%bd%8e%e4%bd%8d%e7%9b%b8%e3%83%8e%e3%82%a4%e3%82%ba%e5%88%86%e5%91%a8%e5%99%a8\/#breadcrumb"},"inLanguage":"es","potentialAction":[{"@type":"ReadAction","target":["https:\/\/www.bdpnt.com\/ja\/product\/tfd10-5-%e4%bd%8e%e4%bd%8d%e7%9b%b8%e3%83%8e%e3%82%a4%e3%82%ba%e5%88%86%e5%91%a8%e5%99%a8\/"]}]},{"@type":"ImageObject","inLanguage":"es","@id":"https:\/\/www.bdpnt.com\/ja\/product\/tfd10-5-%e4%bd%8e%e4%bd%8d%e7%9b%b8%e3%83%8e%e3%82%a4%e3%82%ba%e5%88%86%e5%91%a8%e5%99%a8\/#primaryimage","url":"https:\/\/bdpnt.com\/wp-content\/uploads\/2025\/07\/\u84dd\u8272\u4ea7\u54c1\u80cc\u666f\u6a21\u7248.png","contentUrl":"https:\/\/bdpnt.com\/wp-content\/uploads\/2025\/07\/\u84dd\u8272\u4ea7\u54c1\u80cc\u666f\u6a21\u7248.png","width":960,"height":480},{"@type":"BreadcrumbList","@id":"https:\/\/www.bdpnt.com\/ja\/product\/tfd10-5-%e4%bd%8e%e4%bd%8d%e7%9b%b8%e3%83%8e%e3%82%a4%e3%82%ba%e5%88%86%e5%91%a8%e5%99%a8\/#breadcrumb","itemListElement":[{"@type":"ListItem","position":1,"name":"\u9996\u9875","item":"https:\/\/www.bdpnt.com\/"},{"@type":"ListItem","position":2,"name":"Shop","item":"https:\/\/www.bdpnt.com\/shop\/"},{"@type":"ListItem","position":3,"name":"\u4ea7\u54c1","item":"https:\/\/www.bdpnt.com\/product-category\/products\/"},{"@type":"ListItem","position":4,"name":"\u65f6\u95f4\u4e0e\u9891\u7387\u5206\u914d","item":"https:\/\/bdpnt.com\/ru\/product-category\/%d0%bf%d1%80%d0%be%d0%b4%d1%83%d0%ba%d1%86%d0%b8%d1%8f\/%d1%80%d0%b0%d1%81%d0%bf%d1%80%d0%b5%d0%b4%d0%b5%d0%bb%d0%b5%d0%bd%d0%b8%d0%b5-%d0%b2%d1%80%d0%b5%d0%bc%d0%b5%d0%bd%d0%b8-%d0%b8-%d1%87%d0%b0%d1%81%d1%82%d0%be%d1%82\/"},{"@type":"ListItem","position":5,"name":"\u5206\u9891","item":"https:\/\/www.bdpnt.com\/ja\/product-category\/%e8%a3%bd%e5%93%81\/%e6%99%82%e9%96%93%e3%81%a8%e5%91%a8%e6%b3%a2%e6%95%b0%e3%81%ae%e5%89%b2%e3%82%8a%e5%bd%93%e3%81%a6\/%e9%9b%bb%e6%b3%a2%e5%b8%af%e5%9f%9f%e3%81%ae%e7%b4%b0%e5%88%86%e5%8c%96\/"},{"@type":"ListItem","position":6,"name":"TFD10-5 \u4f4e\u76f8\u566a\u5206\u9891\u5668"}]},{"@type":"WebSite","@id":"https:\/\/www.bdpnt.com\/#website","url":"https:\/\/www.bdpnt.com\/","name":"P\u00e1gina oficial de Beidoubangtai","description":"bdstar time website","publisher":{"@id":"https:\/\/www.bdpnt.com\/#organization"},"alternateName":"BDSTAR TIME","potentialAction":[{"@type":"SearchAction","target":{"@type":"EntryPoint","urlTemplate":"https:\/\/www.bdpnt.com\/?s={search_term_string}"},"query-input":{"@type":"PropertyValueSpecification","valueRequired":true,"valueName":"search_term_string"}}],"inLanguage":"es"},{"@type":"Organization","@id":"https:\/\/www.bdpnt.com\/#organization","name":"P\u00e1gina oficial de Beidoubangtai","alternateName":"BDSTAR TIME","url":"https:\/\/www.bdpnt.com\/","logo":{"@type":"ImageObject","inLanguage":"es","@id":"https:\/\/www.bdpnt.com\/#\/schema\/logo\/image\/","url":"https:\/\/bdpnt.com\/wp-content\/uploads\/2025\/04\/\u5317\u6597\u90a6\u6cf0\u6700\u7ec8logo-\u6700\u7ec8\u7248\u5f69\u8272.png","contentUrl":"https:\/\/bdpnt.com\/wp-content\/uploads\/2025\/04\/\u5317\u6597\u90a6\u6cf0\u6700\u7ec8logo-\u6700\u7ec8\u7248\u5f69\u8272.png","width":234,"height":76,"caption":"\u5317\u6597\u90a6\u6cf0\u5b98\u7f51"},"image":{"@id":"https:\/\/www.bdpnt.com\/#\/schema\/logo\/image\/"}}]}},"_links":{"self":[{"href":"https:\/\/bdpnt.com\/es\/wp-json\/wp\/v2\/product\/4729","targetHints":{"allow":["GET"]}}],"collection":[{"href":"https:\/\/bdpnt.com\/es\/wp-json\/wp\/v2\/product"}],"about":[{"href":"https:\/\/bdpnt.com\/es\/wp-json\/wp\/v2\/types\/product"}],"version-history":[{"count":6,"href":"https:\/\/bdpnt.com\/es\/wp-json\/wp\/v2\/product\/4729\/revisions"}],"predecessor-version":[{"id":4767,"href":"https:\/\/bdpnt.com\/es\/wp-json\/wp\/v2\/product\/4729\/revisions\/4767"}],"wp:featuredmedia":[{"embeddable":true,"href":"https:\/\/bdpnt.com\/es\/wp-json\/wp\/v2\/media\/4730"}],"wp:attachment":[{"href":"https:\/\/bdpnt.com\/es\/wp-json\/wp\/v2\/media?parent=4729"}],"wp:term":[{"taxonomy":"product_brand","embeddable":true,"href":"https:\/\/bdpnt.com\/es\/wp-json\/wp\/v2\/product_brand?post=4729"},{"taxonomy":"product_cat","embeddable":true,"href":"https:\/\/bdpnt.com\/es\/wp-json\/wp\/v2\/product_cat?post=4729"},{"taxonomy":"product_tag","embeddable":true,"href":"https:\/\/bdpnt.com\/es\/wp-json\/wp\/v2\/product_tag?post=4729"}],"curies":[{"name":"wp","href":"https:\/\/api.w.org\/{rel}","templated":true}]}}