{"id":4654,"date":"2025-07-17T09:50:16","date_gmt":"2025-07-17T01:50:16","guid":{"rendered":"https:\/\/bdstarpnt.com\/?post_type=product&#038;p=4654"},"modified":"2026-03-18T14:31:48","modified_gmt":"2026-03-18T06:31:48","slug":"t400-lf-amplificador-de-distribucion-de-senal-de-frecuencia-de-ruido-ultrabajo-2","status":"publish","type":"product","link":"https:\/\/bdpnt.com\/es\/product\/t400-lf-amplificador-de-distribucion-de-senal-de-frecuencia-de-ruido-ultrabajo-2\/","title":{"rendered":"T400-LF Amplificador de distribuci\u00f3n de se\u00f1al de frecuencia de ruido ultrabajo"},"content":{"rendered":"<p>El amplificador de distribuci\u00f3n de se\u00f1al de frecuencia de ruido ultrabajo Beidou Bontec T400-LF es un amplificador de aislamiento y distribuci\u00f3n de se\u00f1al de RF de alto rendimiento, con una entrada de se\u00f1al de 10 MHz y 16 salidas de distribuci\u00f3n. El producto puede distribuir, aislar, amplificar y emitir 16 se\u00f1ales. El producto tiene las ventajas de un alto aislamiento, bajo ruido de fase, etc. Puede ser ampliamente utilizado en mediciones, pruebas, grupos de cronometraje y otras ocasiones con altos requisitos de calidad de se\u00f1al. Campos de aplicaci\u00f3n: radar, comunicaci\u00f3n, medici\u00f3n y pruebas, exploraci\u00f3n del espacio profundo y medici\u00f3n y control aeroespacial.<\/p>","protected":false},"excerpt":{"rendered":"<p>Beidou Bontec T400-LF es un amplificador de distribuci\u00f3n de se\u00f1al de frecuencia de alto rendimiento y ruido ultrabajo, que admite una entrada de se\u00f1al de 10 MHz y 16 salidas de amplificador aisladas. El producto se caracteriza por un alto aislamiento y un bajo ruido de fase, lo que puede garantizar eficazmente la calidad de la se\u00f1al, y se utiliza ampliamente en radar, comunicaci\u00f3n, medici\u00f3n y pruebas, exploraci\u00f3n del espacio profundo y medici\u00f3n y control aeroespacial y otras \u00e1reas con requisitos estrictos en se\u00f1ales de frecuencia. Es muy adecuado para sistemas de cronometraje y escenarios de medici\u00f3n de alta precisi\u00f3n.<\/p>","protected":false},"featured_media":4672,"template":"","meta":{"_acf_changed":false,"site-sidebar-layout":"default","site-content-layout":"","ast-site-content-layout":"default","site-content-style":"default","site-sidebar-style":"default","ast-global-header-display":"","ast-banner-title-visibility":"","ast-main-header-display":"","ast-hfb-above-header-display":"","ast-hfb-below-header-display":"","ast-hfb-mobile-header-display":"","site-post-title":"","ast-breadcrumbs-content":"","ast-featured-img":"","footer-sml-layout":"","theme-transparent-header-meta":"default","adv-header-id-meta":"","stick-header-meta":"default","header-above-stick-meta":"","header-main-stick-meta":"","header-below-stick-meta":"","astra-migrate-meta-layouts":"set","ast-page-background-enabled":"default","ast-page-background-meta":{"desktop":{"background-color":"var(--ast-global-color-4)","background-image":"","background-repeat":"repeat","background-position":"center center","background-size":"auto","background-attachment":"scroll","background-type":"","background-media":"","overlay-type":"","overlay-color":"","overlay-opacity":"","overlay-gradient":""},"tablet":{"background-color":"","background-image":"","background-repeat":"repeat","background-position":"center center","background-size":"auto","background-attachment":"scroll","background-type":"","background-media":"","overlay-type":"","overlay-color":"","overlay-opacity":"","overlay-gradient":""},"mobile":{"background-color":"","background-image":"","background-repeat":"repeat","background-position":"center center","background-size":"auto","background-attachment":"scroll","background-type":"","background-media":"","overlay-type":"","overlay-color":"","overlay-opacity":"","overlay-gradient":""}},"ast-content-background-meta":{"desktop":{"background-color":"var(--ast-global-color-5)","background-image":"","background-repeat":"repeat","background-position":"center center","background-size":"auto","background-attachment":"scroll","background-type":"","background-media":"","overlay-type":"","overlay-color":"","overlay-opacity":"","overlay-gradient":""},"tablet":{"background-color":"var(--ast-global-color-5)","background-image":"","background-repeat":"repeat","background-position":"center center","background-size":"auto","background-attachment":"scroll","background-type":"","background-media":"","overlay-type":"","overlay-color":"","overlay-opacity":"","overlay-gradient":""},"mobile":{"background-color":"var(--ast-global-color-5)","background-image":"","background-repeat":"repeat","background-position":"center center","background-size":"auto","background-attachment":"scroll","background-type":"","background-media":"","overlay-type":"","overlay-color":"","overlay-opacity":"","overlay-gradient":""}}},"product_brand":[],"product_cat":[51],"product_tag":[],"class_list":{"0":"post-4654","1":"product","2":"type-product","3":"status-publish","4":"has-post-thumbnail","6":"product_cat-51","7":"pa_-197","8":"pa_---1u","9":"pa_--0-c--70-c","10":"pa_--40c--85c","11":"pa_-military-aviation","12":"pa_-metrology-and-testing","13":"pa_---165dbc-hz1khz","14":"pa_-224","15":"pa_-10mhz-sine-wave-square-wave-output","16":"pa_-ac-220v","17":"desktop-align-left","18":"tablet-align-left","19":"mobile-align-left","20":"ast-product-gallery-layout-first-image-large","21":"ast-product-gallery-with-no-image","22":"ast-product-tabs-layout-horizontal","24":"first","25":"instock","26":"shipping-taxable","27":"product-type-simple"},"acf":[],"yoast_head":"<!-- This site is optimized with the Yoast SEO plugin v26.0 - https:\/\/yoast.com\/wordpress\/plugins\/seo\/ -->\n<title>T400-LF \u8d85\u4f4e\u566a\u58f0\u9891\u7387\u4fe1\u53f7\u5206\u914d\u653e\u5927\u5668 - \u5317\u6597\u90a6\u6cf0\u5b98\u7f51<\/title>\n<meta name=\"robots\" content=\"index, follow, max-snippet:-1, max-image-preview:large, max-video-preview:-1\" \/>\n<link rel=\"canonical\" href=\"https:\/\/www.bdpnt.com\/ja\/product\/t400-lf-\u8d85\u4f4e\u30ce\u30a4\u30ba\u5468\u6ce2\u6570\u4fe1\u53f7\u5206\u914d\u30a2\u30f3\u30d7-2\/\" \/>\n<meta property=\"og:locale\" content=\"es_ES\" \/>\n<meta property=\"og:type\" content=\"article\" \/>\n<meta property=\"og:title\" content=\"T400-LF \u8d85\u4f4e\u566a\u58f0\u9891\u7387\u4fe1\u53f7\u5206\u914d\u653e\u5927\u5668 - \u5317\u6597\u90a6\u6cf0\u5b98\u7f51\" \/>\n<meta property=\"og:description\" content=\"\u5317\u6597\u90a6\u6cf0 T400-LF \u662f\u4e00\u6b3e\u9ad8\u6027\u80fd\u8d85\u4f4e\u566a\u58f0\u9891\u7387\u4fe1\u53f7\u5206\u914d\u653e\u5927\u5668\uff0c\u652f\u6301 1 \u8def 10MHz \u4fe1\u53f7\u8f93\u5165\uff0c16 \u8def\u9694\u79bb\u653e\u5927\u8f93\u51fa\u3002\u8be5\u4ea7\u54c1\u5177\u6709\u9ad8\u9694\u79bb\u5ea6\u548c\u4f4e\u76f8\u4f4d\u566a\u58f0\u7684\u7279\u70b9\uff0c\u80fd\u6709\u6548\u4fdd\u8bc1\u4fe1\u53f7\u8d28\u91cf\uff0c\u5e7f\u6cdb\u5e94\u7528\u4e8e\u96f7\u8fbe\u3001\u901a\u4fe1\u3001\u8ba1\u91cf\u6d4b\u8bd5\u3001\u6df1\u7a7a\u63a2\u6d4b\u53ca\u822a\u5929\u6d4b\u63a7\u7b49\u5bf9\u9891\u7387\u4fe1\u53f7\u8981\u6c42\u4e25\u683c\u7684\u9886\u57df\u3002\u975e\u5e38\u9002\u5408\u5b88\u65f6\u7cfb\u7edf\u548c\u9ad8\u7cbe\u5ea6\u6d4b\u91cf\u573a\u666f\u3002\" \/>\n<meta property=\"og:url\" content=\"https:\/\/www.bdpnt.com\/ja\/product\/t400-lf-\u8d85\u4f4e\u30ce\u30a4\u30ba\u5468\u6ce2\u6570\u4fe1\u53f7\u5206\u914d\u30a2\u30f3\u30d7-2\/\" \/>\n<meta property=\"og:site_name\" content=\"\u5317\u6597\u90a6\u6cf0\u5b98\u7f51\" \/>\n<meta property=\"article:modified_time\" content=\"2026-03-18T06:31:48+00:00\" \/>\n<meta property=\"og:image\" content=\"https:\/\/www.bdpnt.com\/wp-content\/uploads\/2025\/07\/\u4ea7\u54c1.png\" \/>\n\t<meta property=\"og:image:width\" content=\"960\" \/>\n\t<meta property=\"og:image:height\" content=\"480\" \/>\n\t<meta property=\"og:image:type\" content=\"image\/png\" \/>\n<meta name=\"twitter:card\" content=\"summary_large_image\" \/>\n<script type=\"application\/ld+json\" class=\"yoast-schema-graph\">{\"@context\":\"https:\/\/schema.org\",\"@graph\":[{\"@type\":\"WebPage\",\"@id\":\"https:\/\/www.bdpnt.com\/ja\/product\/t400-lf-%e8%b6%85%e4%bd%8e%e3%83%8e%e3%82%a4%e3%82%ba%e5%91%a8%e6%b3%a2%e6%95%b0%e4%bf%a1%e5%8f%b7%e5%88%86%e9%85%8d%e3%82%a2%e3%83%b3%e3%83%97-2\/\",\"url\":\"https:\/\/www.bdpnt.com\/ja\/product\/t400-lf-%e8%b6%85%e4%bd%8e%e3%83%8e%e3%82%a4%e3%82%ba%e5%91%a8%e6%b3%a2%e6%95%b0%e4%bf%a1%e5%8f%b7%e5%88%86%e9%85%8d%e3%82%a2%e3%83%b3%e3%83%97-2\/\",\"name\":\"T400-LF \u8d85\u4f4e\u566a\u58f0\u9891\u7387\u4fe1\u53f7\u5206\u914d\u653e\u5927\u5668 - \u5317\u6597\u90a6\u6cf0\u5b98\u7f51\",\"isPartOf\":{\"@id\":\"https:\/\/www.bdpnt.com\/#website\"},\"primaryImageOfPage\":{\"@id\":\"https:\/\/www.bdpnt.com\/ja\/product\/t400-lf-%e8%b6%85%e4%bd%8e%e3%83%8e%e3%82%a4%e3%82%ba%e5%91%a8%e6%b3%a2%e6%95%b0%e4%bf%a1%e5%8f%b7%e5%88%86%e9%85%8d%e3%82%a2%e3%83%b3%e3%83%97-2\/#primaryimage\"},\"image\":{\"@id\":\"https:\/\/www.bdpnt.com\/ja\/product\/t400-lf-%e8%b6%85%e4%bd%8e%e3%83%8e%e3%82%a4%e3%82%ba%e5%91%a8%e6%b3%a2%e6%95%b0%e4%bf%a1%e5%8f%b7%e5%88%86%e9%85%8d%e3%82%a2%e3%83%b3%e3%83%97-2\/#primaryimage\"},\"thumbnailUrl\":\"https:\/\/bdpnt.com\/wp-content\/uploads\/2025\/07\/\u4ea7\u54c1.png\",\"datePublished\":\"2025-07-17T01:50:16+00:00\",\"dateModified\":\"2026-03-18T06:31:48+00:00\",\"breadcrumb\":{\"@id\":\"https:\/\/www.bdpnt.com\/ja\/product\/t400-lf-%e8%b6%85%e4%bd%8e%e3%83%8e%e3%82%a4%e3%82%ba%e5%91%a8%e6%b3%a2%e6%95%b0%e4%bf%a1%e5%8f%b7%e5%88%86%e9%85%8d%e3%82%a2%e3%83%b3%e3%83%97-2\/#breadcrumb\"},\"inLanguage\":\"es\",\"potentialAction\":[{\"@type\":\"ReadAction\",\"target\":[\"https:\/\/www.bdpnt.com\/ja\/product\/t400-lf-%e8%b6%85%e4%bd%8e%e3%83%8e%e3%82%a4%e3%82%ba%e5%91%a8%e6%b3%a2%e6%95%b0%e4%bf%a1%e5%8f%b7%e5%88%86%e9%85%8d%e3%82%a2%e3%83%b3%e3%83%97-2\/\"]}]},{\"@type\":\"ImageObject\",\"inLanguage\":\"es\",\"@id\":\"https:\/\/www.bdpnt.com\/ja\/product\/t400-lf-%e8%b6%85%e4%bd%8e%e3%83%8e%e3%82%a4%e3%82%ba%e5%91%a8%e6%b3%a2%e6%95%b0%e4%bf%a1%e5%8f%b7%e5%88%86%e9%85%8d%e3%82%a2%e3%83%b3%e3%83%97-2\/#primaryimage\",\"url\":\"https:\/\/bdpnt.com\/wp-content\/uploads\/2025\/07\/\u4ea7\u54c1.png\",\"contentUrl\":\"https:\/\/bdpnt.com\/wp-content\/uploads\/2025\/07\/\u4ea7\u54c1.png\",\"width\":960,\"height\":480},{\"@type\":\"BreadcrumbList\",\"@id\":\"https:\/\/www.bdpnt.com\/ja\/product\/t400-lf-%e8%b6%85%e4%bd%8e%e3%83%8e%e3%82%a4%e3%82%ba%e5%91%a8%e6%b3%a2%e6%95%b0%e4%bf%a1%e5%8f%b7%e5%88%86%e9%85%8d%e3%82%a2%e3%83%b3%e3%83%97-2\/#breadcrumb\",\"itemListElement\":[{\"@type\":\"ListItem\",\"position\":1,\"name\":\"\u9996\u9875\",\"item\":\"https:\/\/www.bdpnt.com\/\"},{\"@type\":\"ListItem\",\"position\":2,\"name\":\"Shop\",\"item\":\"https:\/\/www.bdpnt.com\/shop\/\"},{\"@type\":\"ListItem\",\"position\":3,\"name\":\"\u4ea7\u54c1\",\"item\":\"https:\/\/www.bdpnt.com\/product-category\/products\/\"},{\"@type\":\"ListItem\",\"position\":4,\"name\":\"\u65f6\u95f4\u4e0e\u9891\u7387\u5206\u914d\",\"item\":\"https:\/\/bdpnt.com\/ru\/product-category\/%d0%bf%d1%80%d0%be%d0%b4%d1%83%d0%ba%d1%86%d0%b8%d1%8f\/%d1%80%d0%b0%d1%81%d0%bf%d1%80%d0%b5%d0%b4%d0%b5%d0%bb%d0%b5%d0%bd%d0%b8%d0%b5-%d0%b2%d1%80%d0%b5%d0%bc%d0%b5%d0%bd%d0%b8-%d0%b8-%d1%87%d0%b0%d1%81%d1%82%d0%be%d1%82\/\"},{\"@type\":\"ListItem\",\"position\":5,\"name\":\"\u9891\u7387\u4fe1\u53f7\u5206\u914d\",\"item\":\"https:\/\/bdpnt.com\/ru\/product-category\/%d0%bf%d1%80%d0%be%d0%b4%d1%83%d0%ba%d1%86%d0%b8%d1%8f\/%d1%80%d0%b0%d1%81%d0%bf%d1%80%d0%b5%d0%b4%d0%b5%d0%bb%d0%b5%d0%bd%d0%b8%d0%b5-%d0%b2%d1%80%d0%b5%d0%bc%d0%b5%d0%bd%d0%b8-%d0%b8-%d1%87%d0%b0%d1%81%d1%82%d0%be%d1%82\/%d1%87%d0%b0%d1%81%d1%82%d0%be%d1%82%d0%bd%d0%be%d0%b5-%d1%80%d0%b0%d1%81%d0%bf%d1%80%d0%b5%d0%b4%d0%b5%d0%bb%d0%b5%d0%bd%d0%b8%d0%b5-%d1%81%d0%b8%d0%b3%d0%bd%d0%b0%d0%bb%d0%b0\/\"},{\"@type\":\"ListItem\",\"position\":6,\"name\":\"T400-LF \u8d85\u4f4e\u566a\u58f0\u9891\u7387\u4fe1\u53f7\u5206\u914d\u653e\u5927\u5668\"}]},{\"@type\":\"WebSite\",\"@id\":\"https:\/\/www.bdpnt.com\/#website\",\"url\":\"https:\/\/www.bdpnt.com\/\",\"name\":\"\u5317\u6597\u90a6\u6cf0\u5b98\u7f51\",\"description\":\"bdstar time website\",\"publisher\":{\"@id\":\"https:\/\/www.bdpnt.com\/#organization\"},\"alternateName\":\"BDSTAR TIME\",\"potentialAction\":[{\"@type\":\"SearchAction\",\"target\":{\"@type\":\"EntryPoint\",\"urlTemplate\":\"https:\/\/www.bdpnt.com\/?s={search_term_string}\"},\"query-input\":{\"@type\":\"PropertyValueSpecification\",\"valueRequired\":true,\"valueName\":\"search_term_string\"}}],\"inLanguage\":\"es\"},{\"@type\":\"Organization\",\"@id\":\"https:\/\/www.bdpnt.com\/#organization\",\"name\":\"\u5317\u6597\u90a6\u6cf0\u5b98\u7f51\",\"alternateName\":\"BDSTAR TIME\",\"url\":\"https:\/\/www.bdpnt.com\/\",\"logo\":{\"@type\":\"ImageObject\",\"inLanguage\":\"es\",\"@id\":\"https:\/\/www.bdpnt.com\/#\/schema\/logo\/image\/\",\"url\":\"https:\/\/bdpnt.com\/wp-content\/uploads\/2025\/04\/\u5317\u6597\u90a6\u6cf0\u6700\u7ec8logo-\u6700\u7ec8\u7248\u5f69\u8272.png\",\"contentUrl\":\"https:\/\/bdpnt.com\/wp-content\/uploads\/2025\/04\/\u5317\u6597\u90a6\u6cf0\u6700\u7ec8logo-\u6700\u7ec8\u7248\u5f69\u8272.png\",\"width\":234,\"height\":76,\"caption\":\"\u5317\u6597\u90a6\u6cf0\u5b98\u7f51\"},\"image\":{\"@id\":\"https:\/\/www.bdpnt.com\/#\/schema\/logo\/image\/\"}}]}<\/script>\n<!-- \/ Yoast SEO plugin. -->","yoast_head_json":{"title":"T400-LF Amplificador de Distribuci\u00f3n de Se\u00f1al de Frecuencia de Ruido Ultra Bajo - Beidou Bontec Official Website","robots":{"index":"index","follow":"follow","max-snippet":"max-snippet:-1","max-image-preview":"max-image-preview:large","max-video-preview":"max-video-preview:-1"},"canonical":"https:\/\/www.bdpnt.com\/ja\/product\/t400-lf-\u8d85\u4f4e\u30ce\u30a4\u30ba\u5468\u6ce2\u6570\u4fe1\u53f7\u5206\u914d\u30a2\u30f3\u30d7-2\/","og_locale":"es_ES","og_type":"article","og_title":"T400-LF \u8d85\u4f4e\u566a\u58f0\u9891\u7387\u4fe1\u53f7\u5206\u914d\u653e\u5927\u5668 - \u5317\u6597\u90a6\u6cf0\u5b98\u7f51","og_description":"\u5317\u6597\u90a6\u6cf0 T400-LF \u662f\u4e00\u6b3e\u9ad8\u6027\u80fd\u8d85\u4f4e\u566a\u58f0\u9891\u7387\u4fe1\u53f7\u5206\u914d\u653e\u5927\u5668\uff0c\u652f\u6301 1 \u8def 10MHz \u4fe1\u53f7\u8f93\u5165\uff0c16 \u8def\u9694\u79bb\u653e\u5927\u8f93\u51fa\u3002\u8be5\u4ea7\u54c1\u5177\u6709\u9ad8\u9694\u79bb\u5ea6\u548c\u4f4e\u76f8\u4f4d\u566a\u58f0\u7684\u7279\u70b9\uff0c\u80fd\u6709\u6548\u4fdd\u8bc1\u4fe1\u53f7\u8d28\u91cf\uff0c\u5e7f\u6cdb\u5e94\u7528\u4e8e\u96f7\u8fbe\u3001\u901a\u4fe1\u3001\u8ba1\u91cf\u6d4b\u8bd5\u3001\u6df1\u7a7a\u63a2\u6d4b\u53ca\u822a\u5929\u6d4b\u63a7\u7b49\u5bf9\u9891\u7387\u4fe1\u53f7\u8981\u6c42\u4e25\u683c\u7684\u9886\u57df\u3002\u975e\u5e38\u9002\u5408\u5b88\u65f6\u7cfb\u7edf\u548c\u9ad8\u7cbe\u5ea6\u6d4b\u91cf\u573a\u666f\u3002","og_url":"https:\/\/www.bdpnt.com\/ja\/product\/t400-lf-\u8d85\u4f4e\u30ce\u30a4\u30ba\u5468\u6ce2\u6570\u4fe1\u53f7\u5206\u914d\u30a2\u30f3\u30d7-2\/","og_site_name":"\u5317\u6597\u90a6\u6cf0\u5b98\u7f51","article_modified_time":"2026-03-18T06:31:48+00:00","og_image":[{"width":960,"height":480,"url":"https:\/\/www.bdpnt.com\/wp-content\/uploads\/2025\/07\/\u4ea7\u54c1.png","type":"image\/png"}],"twitter_card":"summary_large_image","schema":{"@context":"https:\/\/schema.org","@graph":[{"@type":"WebPage","@id":"https:\/\/www.bdpnt.com\/ja\/product\/t400-lf-%e8%b6%85%e4%bd%8e%e3%83%8e%e3%82%a4%e3%82%ba%e5%91%a8%e6%b3%a2%e6%95%b0%e4%bf%a1%e5%8f%b7%e5%88%86%e9%85%8d%e3%82%a2%e3%83%b3%e3%83%97-2\/","url":"https:\/\/www.bdpnt.com\/ja\/product\/t400-lf-%e8%b6%85%e4%bd%8e%e3%83%8e%e3%82%a4%e3%82%ba%e5%91%a8%e6%b3%a2%e6%95%b0%e4%bf%a1%e5%8f%b7%e5%88%86%e9%85%8d%e3%82%a2%e3%83%b3%e3%83%97-2\/","name":"T400-LF Amplificador de Distribuci\u00f3n de Se\u00f1al de Frecuencia de Ruido Ultra Bajo - Beidou Bontec Official Website","isPartOf":{"@id":"https:\/\/www.bdpnt.com\/#website"},"primaryImageOfPage":{"@id":"https:\/\/www.bdpnt.com\/ja\/product\/t400-lf-%e8%b6%85%e4%bd%8e%e3%83%8e%e3%82%a4%e3%82%ba%e5%91%a8%e6%b3%a2%e6%95%b0%e4%bf%a1%e5%8f%b7%e5%88%86%e9%85%8d%e3%82%a2%e3%83%b3%e3%83%97-2\/#primaryimage"},"image":{"@id":"https:\/\/www.bdpnt.com\/ja\/product\/t400-lf-%e8%b6%85%e4%bd%8e%e3%83%8e%e3%82%a4%e3%82%ba%e5%91%a8%e6%b3%a2%e6%95%b0%e4%bf%a1%e5%8f%b7%e5%88%86%e9%85%8d%e3%82%a2%e3%83%b3%e3%83%97-2\/#primaryimage"},"thumbnailUrl":"https:\/\/bdpnt.com\/wp-content\/uploads\/2025\/07\/\u4ea7\u54c1.png","datePublished":"2025-07-17T01:50:16+00:00","dateModified":"2026-03-18T06:31:48+00:00","breadcrumb":{"@id":"https:\/\/www.bdpnt.com\/ja\/product\/t400-lf-%e8%b6%85%e4%bd%8e%e3%83%8e%e3%82%a4%e3%82%ba%e5%91%a8%e6%b3%a2%e6%95%b0%e4%bf%a1%e5%8f%b7%e5%88%86%e9%85%8d%e3%82%a2%e3%83%b3%e3%83%97-2\/#breadcrumb"},"inLanguage":"es","potentialAction":[{"@type":"ReadAction","target":["https:\/\/www.bdpnt.com\/ja\/product\/t400-lf-%e8%b6%85%e4%bd%8e%e3%83%8e%e3%82%a4%e3%82%ba%e5%91%a8%e6%b3%a2%e6%95%b0%e4%bf%a1%e5%8f%b7%e5%88%86%e9%85%8d%e3%82%a2%e3%83%b3%e3%83%97-2\/"]}]},{"@type":"ImageObject","inLanguage":"es","@id":"https:\/\/www.bdpnt.com\/ja\/product\/t400-lf-%e8%b6%85%e4%bd%8e%e3%83%8e%e3%82%a4%e3%82%ba%e5%91%a8%e6%b3%a2%e6%95%b0%e4%bf%a1%e5%8f%b7%e5%88%86%e9%85%8d%e3%82%a2%e3%83%b3%e3%83%97-2\/#primaryimage","url":"https:\/\/bdpnt.com\/wp-content\/uploads\/2025\/07\/\u4ea7\u54c1.png","contentUrl":"https:\/\/bdpnt.com\/wp-content\/uploads\/2025\/07\/\u4ea7\u54c1.png","width":960,"height":480},{"@type":"BreadcrumbList","@id":"https:\/\/www.bdpnt.com\/ja\/product\/t400-lf-%e8%b6%85%e4%bd%8e%e3%83%8e%e3%82%a4%e3%82%ba%e5%91%a8%e6%b3%a2%e6%95%b0%e4%bf%a1%e5%8f%b7%e5%88%86%e9%85%8d%e3%82%a2%e3%83%b3%e3%83%97-2\/#breadcrumb","itemListElement":[{"@type":"ListItem","position":1,"name":"\u9996\u9875","item":"https:\/\/www.bdpnt.com\/"},{"@type":"ListItem","position":2,"name":"Shop","item":"https:\/\/www.bdpnt.com\/shop\/"},{"@type":"ListItem","position":3,"name":"\u4ea7\u54c1","item":"https:\/\/www.bdpnt.com\/product-category\/products\/"},{"@type":"ListItem","position":4,"name":"\u65f6\u95f4\u4e0e\u9891\u7387\u5206\u914d","item":"https:\/\/bdpnt.com\/ru\/product-category\/%d0%bf%d1%80%d0%be%d0%b4%d1%83%d0%ba%d1%86%d0%b8%d1%8f\/%d1%80%d0%b0%d1%81%d0%bf%d1%80%d0%b5%d0%b4%d0%b5%d0%bb%d0%b5%d0%bd%d0%b8%d0%b5-%d0%b2%d1%80%d0%b5%d0%bc%d0%b5%d0%bd%d0%b8-%d0%b8-%d1%87%d0%b0%d1%81%d1%82%d0%be%d1%82\/"},{"@type":"ListItem","position":5,"name":"\u9891\u7387\u4fe1\u53f7\u5206\u914d","item":"https:\/\/bdpnt.com\/ru\/product-category\/%d0%bf%d1%80%d0%be%d0%b4%d1%83%d0%ba%d1%86%d0%b8%d1%8f\/%d1%80%d0%b0%d1%81%d0%bf%d1%80%d0%b5%d0%b4%d0%b5%d0%bb%d0%b5%d0%bd%d0%b8%d0%b5-%d0%b2%d1%80%d0%b5%d0%bc%d0%b5%d0%bd%d0%b8-%d0%b8-%d1%87%d0%b0%d1%81%d1%82%d0%be%d1%82\/%d1%87%d0%b0%d1%81%d1%82%d0%be%d1%82%d0%bd%d0%be%d0%b5-%d1%80%d0%b0%d1%81%d0%bf%d1%80%d0%b5%d0%b4%d0%b5%d0%bb%d0%b5%d0%bd%d0%b8%d0%b5-%d1%81%d0%b8%d0%b3%d0%bd%d0%b0%d0%bb%d0%b0\/"},{"@type":"ListItem","position":6,"name":"T400-LF \u8d85\u4f4e\u566a\u58f0\u9891\u7387\u4fe1\u53f7\u5206\u914d\u653e\u5927\u5668"}]},{"@type":"WebSite","@id":"https:\/\/www.bdpnt.com\/#website","url":"https:\/\/www.bdpnt.com\/","name":"P\u00e1gina oficial de Beidoubangtai","description":"bdstar time website","publisher":{"@id":"https:\/\/www.bdpnt.com\/#organization"},"alternateName":"BDSTAR TIME","potentialAction":[{"@type":"SearchAction","target":{"@type":"EntryPoint","urlTemplate":"https:\/\/www.bdpnt.com\/?s={search_term_string}"},"query-input":{"@type":"PropertyValueSpecification","valueRequired":true,"valueName":"search_term_string"}}],"inLanguage":"es"},{"@type":"Organization","@id":"https:\/\/www.bdpnt.com\/#organization","name":"P\u00e1gina oficial de Beidoubangtai","alternateName":"BDSTAR TIME","url":"https:\/\/www.bdpnt.com\/","logo":{"@type":"ImageObject","inLanguage":"es","@id":"https:\/\/www.bdpnt.com\/#\/schema\/logo\/image\/","url":"https:\/\/bdpnt.com\/wp-content\/uploads\/2025\/04\/\u5317\u6597\u90a6\u6cf0\u6700\u7ec8logo-\u6700\u7ec8\u7248\u5f69\u8272.png","contentUrl":"https:\/\/bdpnt.com\/wp-content\/uploads\/2025\/04\/\u5317\u6597\u90a6\u6cf0\u6700\u7ec8logo-\u6700\u7ec8\u7248\u5f69\u8272.png","width":234,"height":76,"caption":"\u5317\u6597\u90a6\u6cf0\u5b98\u7f51"},"image":{"@id":"https:\/\/www.bdpnt.com\/#\/schema\/logo\/image\/"}}]}},"_links":{"self":[{"href":"https:\/\/bdpnt.com\/es\/wp-json\/wp\/v2\/product\/4654","targetHints":{"allow":["GET"]}}],"collection":[{"href":"https:\/\/bdpnt.com\/es\/wp-json\/wp\/v2\/product"}],"about":[{"href":"https:\/\/bdpnt.com\/es\/wp-json\/wp\/v2\/types\/product"}],"version-history":[{"count":5,"href":"https:\/\/bdpnt.com\/es\/wp-json\/wp\/v2\/product\/4654\/revisions"}],"predecessor-version":[{"id":4673,"href":"https:\/\/bdpnt.com\/es\/wp-json\/wp\/v2\/product\/4654\/revisions\/4673"}],"wp:featuredmedia":[{"embeddable":true,"href":"https:\/\/bdpnt.com\/es\/wp-json\/wp\/v2\/media\/4672"}],"wp:attachment":[{"href":"https:\/\/bdpnt.com\/es\/wp-json\/wp\/v2\/media?parent=4654"}],"wp:term":[{"taxonomy":"product_brand","embeddable":true,"href":"https:\/\/bdpnt.com\/es\/wp-json\/wp\/v2\/product_brand?post=4654"},{"taxonomy":"product_cat","embeddable":true,"href":"https:\/\/bdpnt.com\/es\/wp-json\/wp\/v2\/product_cat?post=4654"},{"taxonomy":"product_tag","embeddable":true,"href":"https:\/\/bdpnt.com\/es\/wp-json\/wp\/v2\/product_tag?post=4654"}],"curies":[{"name":"wp","href":"https:\/\/api.w.org\/{rel}","templated":true}]}}