{"id":4552,"date":"2025-07-14T16:49:18","date_gmt":"2025-07-14T08:49:18","guid":{"rendered":"https:\/\/bdstarpnt.com\/?post_type=product&#038;p=4552"},"modified":"2026-03-18T14:32:30","modified_gmt":"2026-03-18T06:32:30","slug":"t-asj02-sistema-integrado-antiinterferencias-miniaturizado","status":"publish","type":"product","link":"https:\/\/bdpnt.com\/es\/product\/t-asj02-sistema-integrado-antiinterferencias-miniaturizado\/","title":{"rendered":"T-ASJ02 Unidad compacta anti-interferencia todo en uno"},"content":{"rendered":"<p class=\"p1\">T-ASJ01 es una m\u00e1quina todo en uno miniaturizada anti-interferencias de navegaci\u00f3n por sat\u00e9lite para las necesidades de los veh\u00edculos a\u00e9reos no tripulados civiles y los usuarios de la industria, que admite la recepci\u00f3n de se\u00f1ales puntuales de doble frecuencia BeiDou 3 RNSS B1\/B3, admite la capacidad de interferencia antibanda ancha B1\/B3 y resiste el m\u00e1ximo n\u00famero de interferencias.3. La integraci\u00f3n interna de conjuntos de antenas, componentes anti-interferencias y receptores de navegaci\u00f3n por sat\u00e9lite tiene las caracter\u00edsticas de miniaturizaci\u00f3n, ligereza, bajo coste, etc, bajo coste y otras caracter\u00edsticas.<\/p>\n<p class=\"p1\">\u00c1mbitos de aplicaci\u00f3n: comunicaciones militares, sistemas de mando, redes de comunicaciones aerotransportadas, a bordo de buques y veh\u00edculos, etc.<\/p>","protected":false},"excerpt":{"rendered":"<p>T-ASJ01 es un todo en uno miniaturizado de navegaci\u00f3n por sat\u00e9lite antijamming para UAV civiles y aplicaciones industriales, compatible con la recepci\u00f3n de doble frecuencia BeiDou 3 B1\/B3, con capacidad de supresi\u00f3n de interferencias de banda ancha B1\/B3 y n\u00famero de antijamming de hasta 3. El conjunto integrado de antena, m\u00f3dulo antijamming y receptor de navegaci\u00f3n tiene las ventajas de la miniaturizaci\u00f3n, ligereza, bajo coste, etc. Es adecuado para comunicaciones militares, sistemas de mando y todo tipo de plataformas de comunicaci\u00f3n de aeronaves\/buques\/veh\u00edculos. Adecuado para comunicaciones militares, sistemas de mando y todo tipo de plataformas de comunicaci\u00f3n de aeronaves\/buques\/veh\u00edculos.<\/p>","protected":false},"featured_media":4556,"template":"","meta":{"_acf_changed":false,"site-sidebar-layout":"default","site-content-layout":"","ast-site-content-layout":"default","site-content-style":"default","site-sidebar-style":"default","ast-global-header-display":"","ast-banner-title-visibility":"","ast-main-header-display":"","ast-hfb-above-header-display":"","ast-hfb-below-header-display":"","ast-hfb-mobile-header-display":"","site-post-title":"","ast-breadcrumbs-content":"","ast-featured-img":"","footer-sml-layout":"","theme-transparent-header-meta":"default","adv-header-id-meta":"","stick-header-meta":"default","header-above-stick-meta":"","header-main-stick-meta":"","header-below-stick-meta":"","astra-migrate-meta-layouts":"set","ast-page-background-enabled":"default","ast-page-background-meta":{"desktop":{"background-color":"var(--ast-global-color-4)","background-image":"","background-repeat":"repeat","background-position":"center center","background-size":"auto","background-attachment":"scroll","background-type":"","background-media":"","overlay-type":"","overlay-color":"","overlay-opacity":"","overlay-gradient":""},"tablet":{"background-color":"","background-image":"","background-repeat":"repeat","background-position":"center center","background-size":"auto","background-attachment":"scroll","background-type":"","background-media":"","overlay-type":"","overlay-color":"","overlay-opacity":"","overlay-gradient":""},"mobile":{"background-color":"","background-image":"","background-repeat":"repeat","background-position":"center center","background-size":"auto","background-attachment":"scroll","background-type":"","background-media":"","overlay-type":"","overlay-color":"","overlay-opacity":"","overlay-gradient":""}},"ast-content-background-meta":{"desktop":{"background-color":"var(--ast-global-color-5)","background-image":"","background-repeat":"repeat","background-position":"center center","background-size":"auto","background-attachment":"scroll","background-type":"","background-media":"","overlay-type":"","overlay-color":"","overlay-opacity":"","overlay-gradient":""},"tablet":{"background-color":"var(--ast-global-color-5)","background-image":"","background-repeat":"repeat","background-position":"center center","background-size":"auto","background-attachment":"scroll","background-type":"","background-media":"","overlay-type":"","overlay-color":"","overlay-opacity":"","overlay-gradient":""},"mobile":{"background-color":"var(--ast-global-color-5)","background-image":"","background-repeat":"repeat","background-position":"center center","background-size":"auto","background-attachment":"scroll","background-type":"","background-media":"","overlay-type":"","overlay-color":"","overlay-opacity":"","overlay-gradient":""}}},"product_brand":[],"product_cat":[80],"product_tag":[],"class_list":{"0":"post-4552","1":"product","2":"type-product","3":"status-publish","4":"has-post-thumbnail","6":"product_cat-80","7":"pa_--gnssgps-beidou-galileo-glonass","8":"pa_-cpu","9":"pa_-196","10":"pa_--237","11":"pa_--40c--85c","12":"pa_-data-center-and-computing","13":"pa_-intelligent-transportation","14":"pa_-power-and-energy","15":"pa_-military-aviation","16":"pa_-communications-infrastructure","17":"pa_-financial-transactions","18":"pa_-anti-interference-deception","19":"pa_-dc-12v","20":"desktop-align-left","21":"tablet-align-left","22":"mobile-align-left","23":"ast-product-gallery-layout-first-image-large","24":"ast-product-gallery-with-no-image","25":"ast-product-tabs-layout-horizontal","27":"first","28":"instock","29":"shipping-taxable","30":"product-type-simple"},"acf":[],"yoast_head":"<!-- This site is optimized with the Yoast SEO plugin v26.0 - https:\/\/yoast.com\/wordpress\/plugins\/seo\/ -->\n<title>T-ASJ02 \u5c0f\u578b\u5316\u6297\u5e72\u6270\u4e00\u4f53\u673a - \u5317\u6597\u90a6\u6cf0\u5b98\u7f51<\/title>\n<meta name=\"robots\" content=\"index, follow, max-snippet:-1, max-image-preview:large, max-video-preview:-1\" \/>\n<link rel=\"canonical\" href=\"https:\/\/bdpnt.com\/es\/product\/t-asj02-sistema-integrado-antiinterferencias-miniaturizado\/\" \/>\n<meta property=\"og:locale\" content=\"es_ES\" \/>\n<meta property=\"og:type\" content=\"article\" \/>\n<meta property=\"og:title\" content=\"T-ASJ02 \u5c0f\u578b\u5316\u6297\u5e72\u6270\u4e00\u4f53\u673a - \u5317\u6597\u90a6\u6cf0\u5b98\u7f51\" \/>\n<meta property=\"og:description\" content=\"T-ASJ01 \u662f\u4e00\u6b3e\u9762\u5411\u6c11\u7528\u65e0\u4eba\u673a\u4e0e\u884c\u4e1a\u5e94\u7528\u7684\u5c0f\u578b\u5316\u536b\u661f\u5bfc\u822a\u6297\u5e72\u6270\u4e00\u4f53\u673a\uff0c\u652f\u6301\u5317\u6597\u4e09\u53f7B1\/B3\u53cc\u9891\u63a5\u6536\uff0c\u5177\u5907B1\/B3\u5bbd\u5e26\u5e72\u6270\u6291\u5236\u80fd\u529b\uff0c\u6297\u5e72\u6270\u6570\u8fbe3\u3002\u96c6\u6210\u5929\u7ebf\u9635\u5217\u3001\u6297\u5e72\u6270\u6a21\u5757\u4e0e\u5bfc\u822a\u63a5\u6536\u673a\uff0c\u5177\u5907\u5c0f\u578b\u5316\u3001\u8f7b\u91cf\u5316\u3001\u4f4e\u6210\u672c\u7b49\u4f18\u52bf\u3002\u9002\u7528\u4e8e\u519b\u7528\u901a\u4fe1\u3001\u6307\u6325\u7cfb\u7edf\u53ca\u5404\u7c7b\u673a\/\u8230\/\u8f66\u8f7d\u901a\u4fe1\u5e73\u53f0\u3002\" \/>\n<meta property=\"og:url\" content=\"https:\/\/bdpnt.com\/es\/product\/t-asj02-sistema-integrado-antiinterferencias-miniaturizado\/\" \/>\n<meta property=\"og:site_name\" content=\"\u5317\u6597\u90a6\u6cf0\u5b98\u7f51\" \/>\n<meta property=\"article:modified_time\" content=\"2026-03-18T06:32:30+00:00\" \/>\n<meta property=\"og:image\" content=\"https:\/\/bdpnt.com\/wp-content\/uploads\/2025\/07\/\u6297\u5e72\u6270\u5929\u7ebf.png\" \/>\n\t<meta property=\"og:image:width\" content=\"760\" \/>\n\t<meta property=\"og:image:height\" content=\"393\" \/>\n\t<meta property=\"og:image:type\" content=\"image\/png\" \/>\n<meta name=\"twitter:card\" content=\"summary_large_image\" \/>\n<script type=\"application\/ld+json\" class=\"yoast-schema-graph\">{\"@context\":\"https:\/\/schema.org\",\"@graph\":[{\"@type\":\"WebPage\",\"@id\":\"https:\/\/bdpnt.com\/en\/product\/t-asj02-miniaturized-anti-interference-integrated-system\/\",\"url\":\"https:\/\/bdpnt.com\/en\/product\/t-asj02-miniaturized-anti-interference-integrated-system\/\",\"name\":\"T-ASJ02 \u5c0f\u578b\u5316\u6297\u5e72\u6270\u4e00\u4f53\u673a - \u5317\u6597\u90a6\u6cf0\u5b98\u7f51\",\"isPartOf\":{\"@id\":\"https:\/\/www.bdpnt.com\/ja\/#website\"},\"primaryImageOfPage\":{\"@id\":\"https:\/\/bdpnt.com\/en\/product\/t-asj02-miniaturized-anti-interference-integrated-system\/#primaryimage\"},\"image\":{\"@id\":\"https:\/\/bdpnt.com\/en\/product\/t-asj02-miniaturized-anti-interference-integrated-system\/#primaryimage\"},\"thumbnailUrl\":\"https:\/\/bdpnt.com\/wp-content\/uploads\/2025\/07\/\u6297\u5e72\u6270\u5929\u7ebf.png\",\"datePublished\":\"2025-07-14T08:49:18+00:00\",\"dateModified\":\"2026-03-18T06:32:30+00:00\",\"breadcrumb\":{\"@id\":\"https:\/\/bdpnt.com\/en\/product\/t-asj02-miniaturized-anti-interference-integrated-system\/#breadcrumb\"},\"inLanguage\":\"es\",\"potentialAction\":[{\"@type\":\"ReadAction\",\"target\":[\"https:\/\/bdpnt.com\/en\/product\/t-asj02-miniaturized-anti-interference-integrated-system\/\"]}]},{\"@type\":\"ImageObject\",\"inLanguage\":\"es\",\"@id\":\"https:\/\/bdpnt.com\/en\/product\/t-asj02-miniaturized-anti-interference-integrated-system\/#primaryimage\",\"url\":\"https:\/\/bdpnt.com\/wp-content\/uploads\/2025\/07\/\u6297\u5e72\u6270\u5929\u7ebf.png\",\"contentUrl\":\"https:\/\/bdpnt.com\/wp-content\/uploads\/2025\/07\/\u6297\u5e72\u6270\u5929\u7ebf.png\",\"width\":760,\"height\":393},{\"@type\":\"BreadcrumbList\",\"@id\":\"https:\/\/bdpnt.com\/en\/product\/t-asj02-miniaturized-anti-interference-integrated-system\/#breadcrumb\",\"itemListElement\":[{\"@type\":\"ListItem\",\"position\":1,\"name\":\"\u9996\u9875\",\"item\":\"https:\/\/www.bdpnt.com\/\"},{\"@type\":\"ListItem\",\"position\":2,\"name\":\"Shop\",\"item\":\"https:\/\/www.bdpnt.com\/shop\/\"},{\"@type\":\"ListItem\",\"position\":3,\"name\":\"\u4ea7\u54c1\",\"item\":\"https:\/\/www.bdpnt.com\/product-category\/products\/\"},{\"@type\":\"ListItem\",\"position\":4,\"name\":\"\u5e72\u6270\u68c0\u6d4b\u4e0e\u7f13\u89e3\",\"item\":\"https:\/\/www.bdpnt.com\/fr\/categorie-produit\/produits\/detection-et-attenuation-des-interferences-2\/\"},{\"@type\":\"ListItem\",\"position\":5,\"name\":\"\u6297\u5e72\u6270\u5929\u7ebf\u9635\u5217\",\"item\":\"https:\/\/bdpnt.com\/en\/product-category\/products\/interference-detection-and-mitigation-2\/anti-interference-antenna-array\/\"},{\"@type\":\"ListItem\",\"position\":6,\"name\":\"T-ASJ02 \u5c0f\u578b\u5316\u6297\u5e72\u6270\u4e00\u4f53\u673a\"}]},{\"@type\":\"WebSite\",\"@id\":\"https:\/\/www.bdpnt.com\/ja\/#website\",\"url\":\"https:\/\/www.bdpnt.com\/ja\/\",\"name\":\"\u5317\u6597\u90a6\u6cf0\u5b98\u7f51\",\"description\":\"bdstar time website\",\"publisher\":{\"@id\":\"https:\/\/www.bdpnt.com\/ja\/#organization\"},\"alternateName\":\"BDSTAR TIME\",\"potentialAction\":[{\"@type\":\"SearchAction\",\"target\":{\"@type\":\"EntryPoint\",\"urlTemplate\":\"https:\/\/www.bdpnt.com\/ja\/?s={search_term_string}\"},\"query-input\":{\"@type\":\"PropertyValueSpecification\",\"valueRequired\":true,\"valueName\":\"search_term_string\"}}],\"inLanguage\":\"es\"},{\"@type\":\"Organization\",\"@id\":\"https:\/\/www.bdpnt.com\/ja\/#organization\",\"name\":\"\u5317\u6597\u90a6\u6cf0\u5b98\u7f51\",\"alternateName\":\"BDSTAR TIME\",\"url\":\"https:\/\/www.bdpnt.com\/ja\/\",\"logo\":{\"@type\":\"ImageObject\",\"inLanguage\":\"es\",\"@id\":\"https:\/\/www.bdpnt.com\/ja\/#\/schema\/logo\/image\/\",\"url\":\"https:\/\/bdpnt.com\/wp-content\/uploads\/2025\/04\/\u5317\u6597\u90a6\u6cf0\u6700\u7ec8logo-\u6700\u7ec8\u7248\u5f69\u8272.png\",\"contentUrl\":\"https:\/\/bdpnt.com\/wp-content\/uploads\/2025\/04\/\u5317\u6597\u90a6\u6cf0\u6700\u7ec8logo-\u6700\u7ec8\u7248\u5f69\u8272.png\",\"width\":234,\"height\":76,\"caption\":\"\u5317\u6597\u90a6\u6cf0\u5b98\u7f51\"},\"image\":{\"@id\":\"https:\/\/www.bdpnt.com\/ja\/#\/schema\/logo\/image\/\"}}]}<\/script>\n<!-- \/ Yoast SEO plugin. -->","yoast_head_json":{"title":"T-ASJ02 M\u00e1quina compacta anti-interferencias todo en uno - P\u00e1gina web oficial de Beidou Bangtai","robots":{"index":"index","follow":"follow","max-snippet":"max-snippet:-1","max-image-preview":"max-image-preview:large","max-video-preview":"max-video-preview:-1"},"canonical":"https:\/\/bdpnt.com\/es\/product\/t-asj02-sistema-integrado-antiinterferencias-miniaturizado\/","og_locale":"es_ES","og_type":"article","og_title":"T-ASJ02 \u5c0f\u578b\u5316\u6297\u5e72\u6270\u4e00\u4f53\u673a - \u5317\u6597\u90a6\u6cf0\u5b98\u7f51","og_description":"T-ASJ01 \u662f\u4e00\u6b3e\u9762\u5411\u6c11\u7528\u65e0\u4eba\u673a\u4e0e\u884c\u4e1a\u5e94\u7528\u7684\u5c0f\u578b\u5316\u536b\u661f\u5bfc\u822a\u6297\u5e72\u6270\u4e00\u4f53\u673a\uff0c\u652f\u6301\u5317\u6597\u4e09\u53f7B1\/B3\u53cc\u9891\u63a5\u6536\uff0c\u5177\u5907B1\/B3\u5bbd\u5e26\u5e72\u6270\u6291\u5236\u80fd\u529b\uff0c\u6297\u5e72\u6270\u6570\u8fbe3\u3002\u96c6\u6210\u5929\u7ebf\u9635\u5217\u3001\u6297\u5e72\u6270\u6a21\u5757\u4e0e\u5bfc\u822a\u63a5\u6536\u673a\uff0c\u5177\u5907\u5c0f\u578b\u5316\u3001\u8f7b\u91cf\u5316\u3001\u4f4e\u6210\u672c\u7b49\u4f18\u52bf\u3002\u9002\u7528\u4e8e\u519b\u7528\u901a\u4fe1\u3001\u6307\u6325\u7cfb\u7edf\u53ca\u5404\u7c7b\u673a\/\u8230\/\u8f66\u8f7d\u901a\u4fe1\u5e73\u53f0\u3002","og_url":"https:\/\/bdpnt.com\/es\/product\/t-asj02-sistema-integrado-antiinterferencias-miniaturizado\/","og_site_name":"\u5317\u6597\u90a6\u6cf0\u5b98\u7f51","article_modified_time":"2026-03-18T06:32:30+00:00","og_image":[{"width":760,"height":393,"url":"https:\/\/bdpnt.com\/wp-content\/uploads\/2025\/07\/\u6297\u5e72\u6270\u5929\u7ebf.png","type":"image\/png"}],"twitter_card":"summary_large_image","schema":{"@context":"https:\/\/schema.org","@graph":[{"@type":"WebPage","@id":"https:\/\/bdpnt.com\/en\/product\/t-asj02-miniaturized-anti-interference-integrated-system\/","url":"https:\/\/bdpnt.com\/en\/product\/t-asj02-miniaturized-anti-interference-integrated-system\/","name":"T-ASJ02 M\u00e1quina compacta anti-interferencias todo en uno - P\u00e1gina web oficial de Beidou Bangtai","isPartOf":{"@id":"https:\/\/www.bdpnt.com\/ja\/#website"},"primaryImageOfPage":{"@id":"https:\/\/bdpnt.com\/en\/product\/t-asj02-miniaturized-anti-interference-integrated-system\/#primaryimage"},"image":{"@id":"https:\/\/bdpnt.com\/en\/product\/t-asj02-miniaturized-anti-interference-integrated-system\/#primaryimage"},"thumbnailUrl":"https:\/\/bdpnt.com\/wp-content\/uploads\/2025\/07\/\u6297\u5e72\u6270\u5929\u7ebf.png","datePublished":"2025-07-14T08:49:18+00:00","dateModified":"2026-03-18T06:32:30+00:00","breadcrumb":{"@id":"https:\/\/bdpnt.com\/en\/product\/t-asj02-miniaturized-anti-interference-integrated-system\/#breadcrumb"},"inLanguage":"es","potentialAction":[{"@type":"ReadAction","target":["https:\/\/bdpnt.com\/en\/product\/t-asj02-miniaturized-anti-interference-integrated-system\/"]}]},{"@type":"ImageObject","inLanguage":"es","@id":"https:\/\/bdpnt.com\/en\/product\/t-asj02-miniaturized-anti-interference-integrated-system\/#primaryimage","url":"https:\/\/bdpnt.com\/wp-content\/uploads\/2025\/07\/\u6297\u5e72\u6270\u5929\u7ebf.png","contentUrl":"https:\/\/bdpnt.com\/wp-content\/uploads\/2025\/07\/\u6297\u5e72\u6270\u5929\u7ebf.png","width":760,"height":393},{"@type":"BreadcrumbList","@id":"https:\/\/bdpnt.com\/en\/product\/t-asj02-miniaturized-anti-interference-integrated-system\/#breadcrumb","itemListElement":[{"@type":"ListItem","position":1,"name":"\u9996\u9875","item":"https:\/\/www.bdpnt.com\/"},{"@type":"ListItem","position":2,"name":"Shop","item":"https:\/\/www.bdpnt.com\/shop\/"},{"@type":"ListItem","position":3,"name":"\u4ea7\u54c1","item":"https:\/\/www.bdpnt.com\/product-category\/products\/"},{"@type":"ListItem","position":4,"name":"\u5e72\u6270\u68c0\u6d4b\u4e0e\u7f13\u89e3","item":"https:\/\/www.bdpnt.com\/fr\/categorie-produit\/produits\/detection-et-attenuation-des-interferences-2\/"},{"@type":"ListItem","position":5,"name":"\u6297\u5e72\u6270\u5929\u7ebf\u9635\u5217","item":"https:\/\/bdpnt.com\/en\/product-category\/products\/interference-detection-and-mitigation-2\/anti-interference-antenna-array\/"},{"@type":"ListItem","position":6,"name":"T-ASJ02 \u5c0f\u578b\u5316\u6297\u5e72\u6270\u4e00\u4f53\u673a"}]},{"@type":"WebSite","@id":"https:\/\/www.bdpnt.com\/ja\/#website","url":"https:\/\/www.bdpnt.com\/ja\/","name":"P\u00e1gina oficial de Beidoubangtai","description":"bdstar time website","publisher":{"@id":"https:\/\/www.bdpnt.com\/ja\/#organization"},"alternateName":"BDSTAR TIME","potentialAction":[{"@type":"SearchAction","target":{"@type":"EntryPoint","urlTemplate":"https:\/\/www.bdpnt.com\/ja\/?s={search_term_string}"},"query-input":{"@type":"PropertyValueSpecification","valueRequired":true,"valueName":"search_term_string"}}],"inLanguage":"es"},{"@type":"Organization","@id":"https:\/\/www.bdpnt.com\/ja\/#organization","name":"P\u00e1gina oficial de Beidoubangtai","alternateName":"BDSTAR TIME","url":"https:\/\/www.bdpnt.com\/ja\/","logo":{"@type":"ImageObject","inLanguage":"es","@id":"https:\/\/www.bdpnt.com\/ja\/#\/schema\/logo\/image\/","url":"https:\/\/bdpnt.com\/wp-content\/uploads\/2025\/04\/\u5317\u6597\u90a6\u6cf0\u6700\u7ec8logo-\u6700\u7ec8\u7248\u5f69\u8272.png","contentUrl":"https:\/\/bdpnt.com\/wp-content\/uploads\/2025\/04\/\u5317\u6597\u90a6\u6cf0\u6700\u7ec8logo-\u6700\u7ec8\u7248\u5f69\u8272.png","width":234,"height":76,"caption":"\u5317\u6597\u90a6\u6cf0\u5b98\u7f51"},"image":{"@id":"https:\/\/www.bdpnt.com\/ja\/#\/schema\/logo\/image\/"}}]}},"_links":{"self":[{"href":"https:\/\/bdpnt.com\/es\/wp-json\/wp\/v2\/product\/4552","targetHints":{"allow":["GET"]}}],"collection":[{"href":"https:\/\/bdpnt.com\/es\/wp-json\/wp\/v2\/product"}],"about":[{"href":"https:\/\/bdpnt.com\/es\/wp-json\/wp\/v2\/types\/product"}],"version-history":[{"count":4,"href":"https:\/\/bdpnt.com\/es\/wp-json\/wp\/v2\/product\/4552\/revisions"}],"predecessor-version":[{"id":4561,"href":"https:\/\/bdpnt.com\/es\/wp-json\/wp\/v2\/product\/4552\/revisions\/4561"}],"wp:featuredmedia":[{"embeddable":true,"href":"https:\/\/bdpnt.com\/es\/wp-json\/wp\/v2\/media\/4556"}],"wp:attachment":[{"href":"https:\/\/bdpnt.com\/es\/wp-json\/wp\/v2\/media?parent=4552"}],"wp:term":[{"taxonomy":"product_brand","embeddable":true,"href":"https:\/\/bdpnt.com\/es\/wp-json\/wp\/v2\/product_brand?post=4552"},{"taxonomy":"product_cat","embeddable":true,"href":"https:\/\/bdpnt.com\/es\/wp-json\/wp\/v2\/product_cat?post=4552"},{"taxonomy":"product_tag","embeddable":true,"href":"https:\/\/bdpnt.com\/es\/wp-json\/wp\/v2\/product_tag?post=4552"}],"curies":[{"name":"wp","href":"https:\/\/api.w.org\/{rel}","templated":true}]}}