{"id":4405,"date":"2025-07-12T10:41:27","date_gmt":"2025-07-12T02:41:27","guid":{"rendered":"https:\/\/bdstarpnt.com\/?post_type=product&#038;p=4405"},"modified":"2026-03-18T14:34:02","modified_gmt":"2026-03-18T06:34:02","slug":"t220-b-tarjeta-de-temporizacion-pcie-b","status":"publish","type":"product","link":"https:\/\/bdpnt.com\/es\/product\/t220-b-tarjeta-de-temporizacion-pcie-b\/","title":{"rendered":"T220-B Tarjeta PCIe de temporizaci\u00f3n de c\u00f3digo B"},"content":{"rendered":"<p class=\"p1\">La tarjeta de temporizaci\u00f3n de c\u00f3digo B T220-B PCIe se puede utilizar para proporcionar informaci\u00f3n de tiempo de alta precisi\u00f3n para sistemas inform\u00e1ticos. La tarjeta utiliza la informaci\u00f3n de tiempo de c\u00f3digo B como la referencia de tiempo, y entrega informaci\u00f3n de tiempo y se\u00f1ales de interrupci\u00f3n de temporizaci\u00f3n a la computadora a trav\u00e9s de la interfaz PCIe, a fin de realizar la sincronizaci\u00f3n de tiempo entre el tiempo de software de la computadora y la tarjeta. Soporta dos entradas de se\u00f1al de c\u00f3digo B, y puede cambiar autom\u00e1ticamente a otra fuente de c\u00f3digo B cuando una fuente de c\u00f3digo B es anormal; incluso si todas las fuentes de tiempo de referencia se cortan, el cristal interno de alta estabilidad de la tarjeta todav\u00eda puede funcionar continuamente dentro de un cierto tiempo para mantener un cierto rango de precisi\u00f3n de tiempo, continuando as\u00ed proporcionando se\u00f1ales de tiempo precisas para el sistema inform\u00e1tico, lo que mejora en gran medida la fiabilidad del funcionamiento continuo del producto.<\/p>\n<p class=\"p1\">Campos aplicables: investigaci\u00f3n cient\u00edfica y medici\u00f3n, comunicaci\u00f3n, energ\u00eda el\u00e9ctrica, tr\u00e1fico, automatizaci\u00f3n industrial, etc.<\/p>","protected":false},"excerpt":{"rendered":"<p>T220-B es una tarjeta de temporizaci\u00f3n de c\u00f3digo B con interfaz PCIe, que puede proporcionar sincronizaci\u00f3n de tiempo de alta precisi\u00f3n y funci\u00f3n de interrupci\u00f3n de temporizaci\u00f3n para ordenadores. Soporta entradas duales de c\u00f3digo B con mecanismo de conmutaci\u00f3n autom\u00e1tica; incluso si la fuente de referencia se interrumpe, el cristal de alta estabilidad incorporado puede continuar emitiendo se\u00f1ales de tiempo estables para garantizar un funcionamiento fiable del sistema. Es adecuado para la investigaci\u00f3n cient\u00edfica, la comunicaci\u00f3n, la energ\u00eda el\u00e9ctrica, el tr\u00e1fico y la automatizaci\u00f3n industrial.<\/p>","protected":false},"featured_media":4406,"template":"","meta":{"_acf_changed":false,"site-sidebar-layout":"default","site-content-layout":"","ast-site-content-layout":"default","site-content-style":"default","site-sidebar-style":"default","ast-global-header-display":"","ast-banner-title-visibility":"","ast-main-header-display":"","ast-hfb-above-header-display":"","ast-hfb-below-header-display":"","ast-hfb-mobile-header-display":"","site-post-title":"","ast-breadcrumbs-content":"","ast-featured-img":"","footer-sml-layout":"","theme-transparent-header-meta":"default","adv-header-id-meta":"","stick-header-meta":"default","header-above-stick-meta":"","header-main-stick-meta":"","header-below-stick-meta":"","astra-migrate-meta-layouts":"set","ast-page-background-enabled":"default","ast-page-background-meta":{"desktop":{"background-color":"var(--ast-global-color-4)","background-image":"","background-repeat":"repeat","background-position":"center center","background-size":"auto","background-attachment":"scroll","background-type":"","background-media":"","overlay-type":"","overlay-color":"","overlay-opacity":"","overlay-gradient":""},"tablet":{"background-color":"","background-image":"","background-repeat":"repeat","background-position":"center center","background-size":"auto","background-attachment":"scroll","background-type":"","background-media":"","overlay-type":"","overlay-color":"","overlay-opacity":"","overlay-gradient":""},"mobile":{"background-color":"","background-image":"","background-repeat":"repeat","background-position":"center center","background-size":"auto","background-attachment":"scroll","background-type":"","background-media":"","overlay-type":"","overlay-color":"","overlay-opacity":"","overlay-gradient":""}},"ast-content-background-meta":{"desktop":{"background-color":"var(--ast-global-color-5)","background-image":"","background-repeat":"repeat","background-position":"center center","background-size":"auto","background-attachment":"scroll","background-type":"","background-media":"","overlay-type":"","overlay-color":"","overlay-opacity":"","overlay-gradient":""},"tablet":{"background-color":"var(--ast-global-color-5)","background-image":"","background-repeat":"repeat","background-position":"center center","background-size":"auto","background-attachment":"scroll","background-type":"","background-media":"","overlay-type":"","overlay-color":"","overlay-opacity":"","overlay-gradient":""},"mobile":{"background-color":"var(--ast-global-color-5)","background-image":"","background-repeat":"repeat","background-position":"center center","background-size":"auto","background-attachment":"scroll","background-type":"","background-media":"","overlay-type":"","overlay-color":"","overlay-opacity":"","overlay-gradient":""}}},"product_brand":[],"product_cat":[63],"product_tag":[],"class_list":{"0":"post-4405","1":"product","2":"type-product","3":"status-publish","4":"has-post-thumbnail","6":"product_cat-time-card","7":"pa_--gnssgps-beidou-galileo-glonass","8":"pa_--irig-b","9":"pa_--pps-todnmea-0183","10":"pa_-197","11":"pa_-driver-support-domestic-os","12":"pa_--pci-pcie-pxi","13":"pa_--0-c--70-c","14":"pa_--40c--85c","15":"pa_-industrial-automation","16":"pa_-power-and-energy","17":"pa_-military-aviation","18":"pa_-metrology-and-testing","19":"pa_-communications-infrastructure","20":"pa_--10us24h","21":"pa_---155dbc-hz1khz","22":"pa_-227","23":"pa_-1-ppsttl-rs-422","24":"pa_-10mhz-sine-wave-square-wave-output","25":"pa_-irig-bdcls-am","26":"pa_-rj451g","27":"pa_-todrs-232-nmea","28":"pa_-268","29":"desktop-align-left","30":"tablet-align-left","31":"mobile-align-left","32":"ast-product-gallery-layout-first-image-large","33":"ast-product-gallery-with-no-image","34":"ast-product-tabs-layout-horizontal","36":"first","37":"instock","38":"shipping-taxable","39":"product-type-simple"},"acf":[],"yoast_head":"<!-- This site is optimized with the Yoast SEO plugin v26.0 - https:\/\/yoast.com\/wordpress\/plugins\/seo\/ -->\n<title>T220-B PCIe B \u7801\u6388\u65f6\u5361 - \u5317\u6597\u90a6\u6cf0\u5b98\u7f51<\/title>\n<meta name=\"robots\" content=\"index, follow, max-snippet:-1, max-image-preview:large, max-video-preview:-1\" \/>\n<link rel=\"canonical\" href=\"https:\/\/bdpnt.com\/es\/product\/t220-b-tarjeta-de-temporizacion-pcie-b\/\" \/>\n<meta property=\"og:locale\" content=\"es_ES\" \/>\n<meta property=\"og:type\" content=\"article\" \/>\n<meta property=\"og:title\" content=\"T220-B PCIe B \u7801\u6388\u65f6\u5361 - \u5317\u6597\u90a6\u6cf0\u5b98\u7f51\" \/>\n<meta property=\"og:description\" content=\"T220-B \u662f\u4e00\u6b3ePCIe\u63a5\u53e3B\u7801\u6388\u65f6\u5361\uff0c\u53ef\u4e3a\u8ba1\u7b97\u673a\u63d0\u4f9b\u9ad8\u7cbe\u5ea6\u65f6\u95f4\u540c\u6b65\u4e0e\u5b9a\u65f6\u4e2d\u65ad\u529f\u80fd\u3002\u652f\u6301\u53cc\u8defB\u7801\u8f93\u5165\uff0c\u5177\u5907\u81ea\u52a8\u5207\u6362\u673a\u5236\uff1b\u5373\u4f7f\u53c2\u8003\u6e90\u4e2d\u65ad\uff0c\u5185\u7f6e\u9ad8\u7a33\u6676\u632f\u4e5f\u53ef\u6301\u7eed\u8f93\u51fa\u7a33\u5b9a\u65f6\u95f4\u4fe1\u53f7\uff0c\u786e\u4fdd\u7cfb\u7edf\u53ef\u9760\u8fd0\u884c\u3002\u9002\u7528\u4e8e\u79d1\u7814\u3001\u901a\u4fe1\u3001\u7535\u529b\u3001\u4ea4\u901a\u53ca\u5de5\u4e1a\u81ea\u52a8\u5316\u7b49\u9886\u57df\u3002\" \/>\n<meta property=\"og:url\" content=\"https:\/\/bdpnt.com\/es\/product\/t220-b-tarjeta-de-temporizacion-pcie-b\/\" \/>\n<meta property=\"og:site_name\" content=\"\u5317\u6597\u90a6\u6cf0\u5b98\u7f51\" \/>\n<meta property=\"article:modified_time\" content=\"2026-03-18T06:34:02+00:00\" \/>\n<meta property=\"og:image\" content=\"https:\/\/bdpnt.com\/wp-content\/uploads\/2025\/07\/T220-B\u84dd\u8272\u4ea7\u54c1\u80cc\u666f\u6a21\u7248.png\" \/>\n\t<meta property=\"og:image:width\" content=\"960\" \/>\n\t<meta property=\"og:image:height\" content=\"480\" \/>\n\t<meta property=\"og:image:type\" content=\"image\/png\" \/>\n<meta name=\"twitter:card\" content=\"summary_large_image\" \/>\n<meta name=\"twitter:label1\" content=\"Tiempo de lectura\" \/>\n\t<meta name=\"twitter:data1\" content=\"1 minuto\" \/>\n<script type=\"application\/ld+json\" class=\"yoast-schema-graph\">{\"@context\":\"https:\/\/schema.org\",\"@graph\":[{\"@type\":\"WebPage\",\"@id\":\"https:\/\/bdpnt.com\/product\/t220-b-pcie-b-timing-card\/\",\"url\":\"https:\/\/bdpnt.com\/product\/t220-b-pcie-b-timing-card\/\",\"name\":\"T220-B PCIe B \u7801\u6388\u65f6\u5361 - \u5317\u6597\u90a6\u6cf0\u5b98\u7f51\",\"isPartOf\":{\"@id\":\"https:\/\/www.bdpnt.com\/ja\/#website\"},\"primaryImageOfPage\":{\"@id\":\"https:\/\/bdpnt.com\/product\/t220-b-pcie-b-timing-card\/#primaryimage\"},\"image\":{\"@id\":\"https:\/\/bdpnt.com\/product\/t220-b-pcie-b-timing-card\/#primaryimage\"},\"thumbnailUrl\":\"https:\/\/bdpnt.com\/wp-content\/uploads\/2025\/07\/T220-B\u84dd\u8272\u4ea7\u54c1\u80cc\u666f\u6a21\u7248.png\",\"datePublished\":\"2025-07-12T02:41:27+00:00\",\"dateModified\":\"2026-03-18T06:34:02+00:00\",\"breadcrumb\":{\"@id\":\"https:\/\/bdpnt.com\/product\/t220-b-pcie-b-timing-card\/#breadcrumb\"},\"inLanguage\":\"es\",\"potentialAction\":[{\"@type\":\"ReadAction\",\"target\":[\"https:\/\/bdpnt.com\/product\/t220-b-pcie-b-timing-card\/\"]}]},{\"@type\":\"ImageObject\",\"inLanguage\":\"es\",\"@id\":\"https:\/\/bdpnt.com\/product\/t220-b-pcie-b-timing-card\/#primaryimage\",\"url\":\"https:\/\/bdpnt.com\/wp-content\/uploads\/2025\/07\/T220-B\u84dd\u8272\u4ea7\u54c1\u80cc\u666f\u6a21\u7248.png\",\"contentUrl\":\"https:\/\/bdpnt.com\/wp-content\/uploads\/2025\/07\/T220-B\u84dd\u8272\u4ea7\u54c1\u80cc\u666f\u6a21\u7248.png\",\"width\":960,\"height\":480},{\"@type\":\"BreadcrumbList\",\"@id\":\"https:\/\/bdpnt.com\/product\/t220-b-pcie-b-timing-card\/#breadcrumb\",\"itemListElement\":[{\"@type\":\"ListItem\",\"position\":1,\"name\":\"\u9996\u9875\",\"item\":\"https:\/\/www.bdpnt.com\/\"},{\"@type\":\"ListItem\",\"position\":2,\"name\":\"Shop\",\"item\":\"https:\/\/www.bdpnt.com\/shop\/\"},{\"@type\":\"ListItem\",\"position\":3,\"name\":\"\u4ea7\u54c1\",\"item\":\"https:\/\/www.bdpnt.com\/product-category\/products\/\"},{\"@type\":\"ListItem\",\"position\":4,\"name\":\"\u901a\u7528GNSS \u65f6\u9891\u6a21\u5757\",\"item\":\"https:\/\/www.bdpnt.com\/fr\/categorie-produit\/produits\/module-temps-et-frequence-gnss\/\"},{\"@type\":\"ListItem\",\"position\":5,\"name\":\"\u6388\u65f6\u5361\",\"item\":\"https:\/\/www.bdpnt.com\/fr\/categorie-produit\/produits\/module-temps-et-frequence-gnss\/carte-de-temps\/\"},{\"@type\":\"ListItem\",\"position\":6,\"name\":\"T220-B PCIe B \u7801\u6388\u65f6\u5361\"}]},{\"@type\":\"WebSite\",\"@id\":\"https:\/\/www.bdpnt.com\/ja\/#website\",\"url\":\"https:\/\/www.bdpnt.com\/ja\/\",\"name\":\"\u5317\u6597\u90a6\u6cf0\u5b98\u7f51\",\"description\":\"bdstar time website\",\"publisher\":{\"@id\":\"https:\/\/www.bdpnt.com\/ja\/#organization\"},\"alternateName\":\"BDSTAR TIME\",\"potentialAction\":[{\"@type\":\"SearchAction\",\"target\":{\"@type\":\"EntryPoint\",\"urlTemplate\":\"https:\/\/www.bdpnt.com\/ja\/?s={search_term_string}\"},\"query-input\":{\"@type\":\"PropertyValueSpecification\",\"valueRequired\":true,\"valueName\":\"search_term_string\"}}],\"inLanguage\":\"es\"},{\"@type\":\"Organization\",\"@id\":\"https:\/\/www.bdpnt.com\/ja\/#organization\",\"name\":\"\u5317\u6597\u90a6\u6cf0\u5b98\u7f51\",\"alternateName\":\"BDSTAR TIME\",\"url\":\"https:\/\/www.bdpnt.com\/ja\/\",\"logo\":{\"@type\":\"ImageObject\",\"inLanguage\":\"es\",\"@id\":\"https:\/\/www.bdpnt.com\/ja\/#\/schema\/logo\/image\/\",\"url\":\"https:\/\/bdpnt.com\/wp-content\/uploads\/2025\/04\/\u5317\u6597\u90a6\u6cf0\u6700\u7ec8logo-\u6700\u7ec8\u7248\u5f69\u8272.png\",\"contentUrl\":\"https:\/\/bdpnt.com\/wp-content\/uploads\/2025\/04\/\u5317\u6597\u90a6\u6cf0\u6700\u7ec8logo-\u6700\u7ec8\u7248\u5f69\u8272.png\",\"width\":234,\"height\":76,\"caption\":\"\u5317\u6597\u90a6\u6cf0\u5b98\u7f51\"},\"image\":{\"@id\":\"https:\/\/www.bdpnt.com\/ja\/#\/schema\/logo\/image\/\"}}]}<\/script>\n<!-- \/ Yoast SEO plugin. -->","yoast_head_json":{"title":"T220-B PCIe B Tarjeta de sincronizaci\u00f3n de c\u00f3digo - Beidou Bangtai Official Website","robots":{"index":"index","follow":"follow","max-snippet":"max-snippet:-1","max-image-preview":"max-image-preview:large","max-video-preview":"max-video-preview:-1"},"canonical":"https:\/\/bdpnt.com\/es\/product\/t220-b-tarjeta-de-temporizacion-pcie-b\/","og_locale":"es_ES","og_type":"article","og_title":"T220-B PCIe B \u7801\u6388\u65f6\u5361 - \u5317\u6597\u90a6\u6cf0\u5b98\u7f51","og_description":"T220-B \u662f\u4e00\u6b3ePCIe\u63a5\u53e3B\u7801\u6388\u65f6\u5361\uff0c\u53ef\u4e3a\u8ba1\u7b97\u673a\u63d0\u4f9b\u9ad8\u7cbe\u5ea6\u65f6\u95f4\u540c\u6b65\u4e0e\u5b9a\u65f6\u4e2d\u65ad\u529f\u80fd\u3002\u652f\u6301\u53cc\u8defB\u7801\u8f93\u5165\uff0c\u5177\u5907\u81ea\u52a8\u5207\u6362\u673a\u5236\uff1b\u5373\u4f7f\u53c2\u8003\u6e90\u4e2d\u65ad\uff0c\u5185\u7f6e\u9ad8\u7a33\u6676\u632f\u4e5f\u53ef\u6301\u7eed\u8f93\u51fa\u7a33\u5b9a\u65f6\u95f4\u4fe1\u53f7\uff0c\u786e\u4fdd\u7cfb\u7edf\u53ef\u9760\u8fd0\u884c\u3002\u9002\u7528\u4e8e\u79d1\u7814\u3001\u901a\u4fe1\u3001\u7535\u529b\u3001\u4ea4\u901a\u53ca\u5de5\u4e1a\u81ea\u52a8\u5316\u7b49\u9886\u57df\u3002","og_url":"https:\/\/bdpnt.com\/es\/product\/t220-b-tarjeta-de-temporizacion-pcie-b\/","og_site_name":"\u5317\u6597\u90a6\u6cf0\u5b98\u7f51","article_modified_time":"2026-03-18T06:34:02+00:00","og_image":[{"width":960,"height":480,"url":"https:\/\/bdpnt.com\/wp-content\/uploads\/2025\/07\/T220-B\u84dd\u8272\u4ea7\u54c1\u80cc\u666f\u6a21\u7248.png","type":"image\/png"}],"twitter_card":"summary_large_image","twitter_misc":{"Tiempo de lectura":"1 minuto"},"schema":{"@context":"https:\/\/schema.org","@graph":[{"@type":"WebPage","@id":"https:\/\/bdpnt.com\/product\/t220-b-pcie-b-timing-card\/","url":"https:\/\/bdpnt.com\/product\/t220-b-pcie-b-timing-card\/","name":"T220-B PCIe B Tarjeta de sincronizaci\u00f3n de c\u00f3digo - Beidou Bangtai Official Website","isPartOf":{"@id":"https:\/\/www.bdpnt.com\/ja\/#website"},"primaryImageOfPage":{"@id":"https:\/\/bdpnt.com\/product\/t220-b-pcie-b-timing-card\/#primaryimage"},"image":{"@id":"https:\/\/bdpnt.com\/product\/t220-b-pcie-b-timing-card\/#primaryimage"},"thumbnailUrl":"https:\/\/bdpnt.com\/wp-content\/uploads\/2025\/07\/T220-B\u84dd\u8272\u4ea7\u54c1\u80cc\u666f\u6a21\u7248.png","datePublished":"2025-07-12T02:41:27+00:00","dateModified":"2026-03-18T06:34:02+00:00","breadcrumb":{"@id":"https:\/\/bdpnt.com\/product\/t220-b-pcie-b-timing-card\/#breadcrumb"},"inLanguage":"es","potentialAction":[{"@type":"ReadAction","target":["https:\/\/bdpnt.com\/product\/t220-b-pcie-b-timing-card\/"]}]},{"@type":"ImageObject","inLanguage":"es","@id":"https:\/\/bdpnt.com\/product\/t220-b-pcie-b-timing-card\/#primaryimage","url":"https:\/\/bdpnt.com\/wp-content\/uploads\/2025\/07\/T220-B\u84dd\u8272\u4ea7\u54c1\u80cc\u666f\u6a21\u7248.png","contentUrl":"https:\/\/bdpnt.com\/wp-content\/uploads\/2025\/07\/T220-B\u84dd\u8272\u4ea7\u54c1\u80cc\u666f\u6a21\u7248.png","width":960,"height":480},{"@type":"BreadcrumbList","@id":"https:\/\/bdpnt.com\/product\/t220-b-pcie-b-timing-card\/#breadcrumb","itemListElement":[{"@type":"ListItem","position":1,"name":"\u9996\u9875","item":"https:\/\/www.bdpnt.com\/"},{"@type":"ListItem","position":2,"name":"Shop","item":"https:\/\/www.bdpnt.com\/shop\/"},{"@type":"ListItem","position":3,"name":"\u4ea7\u54c1","item":"https:\/\/www.bdpnt.com\/product-category\/products\/"},{"@type":"ListItem","position":4,"name":"\u901a\u7528GNSS \u65f6\u9891\u6a21\u5757","item":"https:\/\/www.bdpnt.com\/fr\/categorie-produit\/produits\/module-temps-et-frequence-gnss\/"},{"@type":"ListItem","position":5,"name":"\u6388\u65f6\u5361","item":"https:\/\/www.bdpnt.com\/fr\/categorie-produit\/produits\/module-temps-et-frequence-gnss\/carte-de-temps\/"},{"@type":"ListItem","position":6,"name":"T220-B PCIe B \u7801\u6388\u65f6\u5361"}]},{"@type":"WebSite","@id":"https:\/\/www.bdpnt.com\/ja\/#website","url":"https:\/\/www.bdpnt.com\/ja\/","name":"P\u00e1gina oficial de Beidoubangtai","description":"bdstar time website","publisher":{"@id":"https:\/\/www.bdpnt.com\/ja\/#organization"},"alternateName":"BDSTAR TIME","potentialAction":[{"@type":"SearchAction","target":{"@type":"EntryPoint","urlTemplate":"https:\/\/www.bdpnt.com\/ja\/?s={search_term_string}"},"query-input":{"@type":"PropertyValueSpecification","valueRequired":true,"valueName":"search_term_string"}}],"inLanguage":"es"},{"@type":"Organization","@id":"https:\/\/www.bdpnt.com\/ja\/#organization","name":"P\u00e1gina oficial de Beidoubangtai","alternateName":"BDSTAR TIME","url":"https:\/\/www.bdpnt.com\/ja\/","logo":{"@type":"ImageObject","inLanguage":"es","@id":"https:\/\/www.bdpnt.com\/ja\/#\/schema\/logo\/image\/","url":"https:\/\/bdpnt.com\/wp-content\/uploads\/2025\/04\/\u5317\u6597\u90a6\u6cf0\u6700\u7ec8logo-\u6700\u7ec8\u7248\u5f69\u8272.png","contentUrl":"https:\/\/bdpnt.com\/wp-content\/uploads\/2025\/04\/\u5317\u6597\u90a6\u6cf0\u6700\u7ec8logo-\u6700\u7ec8\u7248\u5f69\u8272.png","width":234,"height":76,"caption":"\u5317\u6597\u90a6\u6cf0\u5b98\u7f51"},"image":{"@id":"https:\/\/www.bdpnt.com\/ja\/#\/schema\/logo\/image\/"}}]}},"_links":{"self":[{"href":"https:\/\/bdpnt.com\/es\/wp-json\/wp\/v2\/product\/4405","targetHints":{"allow":["GET"]}}],"collection":[{"href":"https:\/\/bdpnt.com\/es\/wp-json\/wp\/v2\/product"}],"about":[{"href":"https:\/\/bdpnt.com\/es\/wp-json\/wp\/v2\/types\/product"}],"version-history":[{"count":5,"href":"https:\/\/bdpnt.com\/es\/wp-json\/wp\/v2\/product\/4405\/revisions"}],"predecessor-version":[{"id":4433,"href":"https:\/\/bdpnt.com\/es\/wp-json\/wp\/v2\/product\/4405\/revisions\/4433"}],"wp:featuredmedia":[{"embeddable":true,"href":"https:\/\/bdpnt.com\/es\/wp-json\/wp\/v2\/media\/4406"}],"wp:attachment":[{"href":"https:\/\/bdpnt.com\/es\/wp-json\/wp\/v2\/media?parent=4405"}],"wp:term":[{"taxonomy":"product_brand","embeddable":true,"href":"https:\/\/bdpnt.com\/es\/wp-json\/wp\/v2\/product_brand?post=4405"},{"taxonomy":"product_cat","embeddable":true,"href":"https:\/\/bdpnt.com\/es\/wp-json\/wp\/v2\/product_cat?post=4405"},{"taxonomy":"product_tag","embeddable":true,"href":"https:\/\/bdpnt.com\/es\/wp-json\/wp\/v2\/product_tag?post=4405"}],"curies":[{"name":"wp","href":"https:\/\/api.w.org\/{rel}","templated":true}]}}