{"id":4390,"date":"2025-07-12T09:22:51","date_gmt":"2025-07-12T01:22:51","guid":{"rendered":"https:\/\/bdstarpnt.com\/?post_type=product&#038;p=4390"},"modified":"2026-03-18T14:34:21","modified_gmt":"2026-03-18T06:34:21","slug":"t220m-2-modulo-de-reloj-de-sincronizacion-gnss","status":"publish","type":"product","link":"https:\/\/bdpnt.com\/es\/product\/t220m-2-modulo-de-reloj-de-sincronizacion-gnss\/","title":{"rendered":"M\u00f3dulo de reloj sincronizado GNSS T220M-2"},"content":{"rendered":"<p class=\"p1\">El m\u00f3dulo de reloj s\u00edncrono GNSS T220M-2 es un m\u00f3dulo de tiempo y frecuencia altamente integrado con cristal de alta estabilidad integrado y recepci\u00f3n GNSS, que puede emitir una se\u00f1al de frecuencia precisa y estable de 10MHz y una se\u00f1al de tiempo de 1PPS. El m\u00f3dulo tiene ultra-bajo ruido de fase, excelente capacidad de cronometraje y amplia adaptabilidad a la temperatura (-20\u2103 a +70\u2103), que es adecuado para entornos complejos, tales como a bordo, aerotransportados y embarcados. Gracias a la tecnolog\u00eda de cambio de fase de la misma frecuencia, el m\u00f3dulo mejora la precisi\u00f3n del control del cristal y puede seguir generando se\u00f1ales de tiempo-frecuencia estables de forma independiente cuando se pierde la se\u00f1al del sat\u00e9lite para garantizar el funcionamiento normal del sistema. Su alta fiabilidad y dise\u00f1o compacto satisfacen una gran variedad de requisitos de temporizaci\u00f3n de alta precisi\u00f3n.<\/p>\n<p class=\"p1\">Campos de aplicaci\u00f3n: defensa, comunicaciones, navegaci\u00f3n, meteorolog\u00eda, metrolog\u00eda, radio y televisi\u00f3n, automatizaci\u00f3n industrial...<\/p>","protected":false},"excerpt":{"rendered":"<p>T220M-2 es un m\u00f3dulo de reloj s\u00edncrono GNSS altamente integrado con cristal de alta estabilidad incorporado y receptor GNSS, que emite se\u00f1ales de alta precisi\u00f3n de 10MHz y 1PPS. Tiene bajo ruido de fase, fuerte capacidad de mantener el tiempo y amplia adaptabilidad a la temperatura de -20 \u2103 a +70 \u2103, y mejora la precisi\u00f3n del control de estabilidad a trav\u00e9s de la tecnolog\u00eda de desplazamiento de fase de la misma frecuencia, y todav\u00eda puede salir de forma estable despu\u00e9s de perder el bloqueo, lo cual es adecuado para escenarios de alta precisi\u00f3n en la defensa nacional, la comunicaci\u00f3n, la navegaci\u00f3n, la meteorolog\u00eda, la metrolog\u00eda, y as\u00ed sucesivamente.<\/p>","protected":false},"featured_media":4393,"template":"","meta":{"_acf_changed":false,"site-sidebar-layout":"default","site-content-layout":"","ast-site-content-layout":"default","site-content-style":"default","site-sidebar-style":"default","ast-global-header-display":"","ast-banner-title-visibility":"","ast-main-header-display":"","ast-hfb-above-header-display":"","ast-hfb-below-header-display":"","ast-hfb-mobile-header-display":"","site-post-title":"","ast-breadcrumbs-content":"","ast-featured-img":"","footer-sml-layout":"","theme-transparent-header-meta":"default","adv-header-id-meta":"","stick-header-meta":"default","header-above-stick-meta":"","header-main-stick-meta":"","header-below-stick-meta":"","astra-migrate-meta-layouts":"set","ast-page-background-enabled":"default","ast-page-background-meta":{"desktop":{"background-color":"var(--ast-global-color-4)","background-image":"","background-repeat":"repeat","background-position":"center center","background-size":"auto","background-attachment":"scroll","background-type":"","background-media":"","overlay-type":"","overlay-color":"","overlay-opacity":"","overlay-gradient":""},"tablet":{"background-color":"","background-image":"","background-repeat":"repeat","background-position":"center center","background-size":"auto","background-attachment":"scroll","background-type":"","background-media":"","overlay-type":"","overlay-color":"","overlay-opacity":"","overlay-gradient":""},"mobile":{"background-color":"","background-image":"","background-repeat":"repeat","background-position":"center center","background-size":"auto","background-attachment":"scroll","background-type":"","background-media":"","overlay-type":"","overlay-color":"","overlay-opacity":"","overlay-gradient":""}},"ast-content-background-meta":{"desktop":{"background-color":"var(--ast-global-color-5)","background-image":"","background-repeat":"repeat","background-position":"center center","background-size":"auto","background-attachment":"scroll","background-type":"","background-media":"","overlay-type":"","overlay-color":"","overlay-opacity":"","overlay-gradient":""},"tablet":{"background-color":"var(--ast-global-color-5)","background-image":"","background-repeat":"repeat","background-position":"center center","background-size":"auto","background-attachment":"scroll","background-type":"","background-media":"","overlay-type":"","overlay-color":"","overlay-opacity":"","overlay-gradient":""},"mobile":{"background-color":"var(--ast-global-color-5)","background-image":"","background-repeat":"repeat","background-position":"center center","background-size":"auto","background-attachment":"scroll","background-type":"","background-media":"","overlay-type":"","overlay-color":"","overlay-opacity":"","overlay-gradient":""}}},"product_brand":[],"product_cat":[62],"product_tag":[],"class_list":{"0":"post-4390","1":"product","2":"type-product","3":"status-publish","4":"has-post-thumbnail","6":"product_cat-gnss-","7":"pa_--gnssgps-beidou-galileo-glonass","8":"pa_--pps-todnmea-0183","9":"pa_-197","10":"pa_--237","11":"pa_--0-c--70-c","12":"pa_--40c--85c","13":"pa_-military-aviation","14":"pa_-communications-infrastructure","15":"pa_-gnssdo","16":"pa_--5us24h","17":"pa_---155dbc-hz1khz","18":"pa_-227","19":"pa_-1-ppsttl-rs-422","20":"pa_-10mhz-sine-wave-square-wave-output","21":"pa_-todrs-232-nmea","22":"pa_-dc-12v","23":"desktop-align-left","24":"tablet-align-left","25":"mobile-align-left","26":"ast-product-gallery-layout-first-image-large","27":"ast-product-gallery-with-no-image","28":"ast-product-tabs-layout-horizontal","30":"first","31":"instock","32":"shipping-taxable","33":"product-type-simple"},"acf":[],"yoast_head":"<!-- This site is optimized with the Yoast SEO plugin v26.0 - https:\/\/yoast.com\/wordpress\/plugins\/seo\/ -->\n<title>T220M-2 GNSS\u540c\u6b65\u65f6\u949f\u6a21\u5757 - \u5317\u6597\u90a6\u6cf0\u5b98\u7f51<\/title>\n<meta name=\"robots\" content=\"index, follow, max-snippet:-1, max-image-preview:large, max-video-preview:-1\" \/>\n<link rel=\"canonical\" href=\"https:\/\/www.bdpnt.com\/ja\/product\/t220m-2-gnss\u540c\u671f\u30af\u30ed\u30c3\u30af\u30e2\u30b8\u30e5\u30fc\u30eb-2\/\" \/>\n<meta property=\"og:locale\" content=\"es_ES\" \/>\n<meta property=\"og:type\" content=\"article\" \/>\n<meta property=\"og:title\" content=\"T220M-2 GNSS\u540c\u6b65\u65f6\u949f\u6a21\u5757 - \u5317\u6597\u90a6\u6cf0\u5b98\u7f51\" \/>\n<meta property=\"og:description\" content=\"T220M-2 \u662f\u4e00\u6b3e\u9ad8\u96c6\u6210GNSS\u540c\u6b65\u65f6\u949f\u6a21\u5757\uff0c\u5185\u7f6e\u9ad8\u7a33\u6676\u632f\u4e0eGNSS\u63a5\u6536\u5668\uff0c\u8f93\u51fa\u9ad8\u7cbe\u5ea610MHz\u4e0e1PPS\u4fe1\u53f7\u3002\u5177\u5907\u4f4e\u76f8\u566a\u3001\u5f3a\u5b88\u65f6\u80fd\u529b\u53ca\u201320\u2103\u81f3+70\u2103\u5bbd\u6e29\u9002\u5e94\u6027\uff0c\u901a\u8fc7\u540c\u9891\u76f8\u79fb\u6280\u672f\u63d0\u5347\u63a7\u7a33\u7cbe\u5ea6\uff0c\u5931\u9501\u540e\u4ecd\u53ef\u7a33\u5b9a\u8f93\u51fa\uff0c\u9002\u7528\u4e8e\u56fd\u9632\u3001\u901a\u4fe1\u3001\u5bfc\u822a\u3001\u6c14\u8c61\u3001\u8ba1\u91cf\u7b49\u9ad8\u7cbe\u5ea6\u573a\u666f\u3002\" \/>\n<meta property=\"og:url\" content=\"https:\/\/www.bdpnt.com\/ja\/product\/t220m-2-gnss\u540c\u671f\u30af\u30ed\u30c3\u30af\u30e2\u30b8\u30e5\u30fc\u30eb-2\/\" \/>\n<meta property=\"og:site_name\" content=\"\u5317\u6597\u90a6\u6cf0\u5b98\u7f51\" \/>\n<meta property=\"article:modified_time\" content=\"2026-03-18T06:34:21+00:00\" \/>\n<meta property=\"og:image\" content=\"https:\/\/www.bdpnt.com\/wp-content\/uploads\/2025\/07\/T220M-2-\u84dd\u8272\u4ea7\u54c1\u80cc\u666f\u6a21\u7248.png\" \/>\n\t<meta property=\"og:image:width\" content=\"960\" \/>\n\t<meta property=\"og:image:height\" content=\"480\" \/>\n\t<meta property=\"og:image:type\" content=\"image\/png\" \/>\n<meta name=\"twitter:card\" content=\"summary_large_image\" \/>\n<script type=\"application\/ld+json\" class=\"yoast-schema-graph\">{\"@context\":\"https:\/\/schema.org\",\"@graph\":[{\"@type\":\"WebPage\",\"@id\":\"https:\/\/www.bdpnt.com\/ja\/product\/t220m-2-gnss%e5%90%8c%e6%9c%9f%e3%82%af%e3%83%ad%e3%83%83%e3%82%af%e3%83%a2%e3%82%b8%e3%83%a5%e3%83%bc%e3%83%ab-2\/\",\"url\":\"https:\/\/www.bdpnt.com\/ja\/product\/t220m-2-gnss%e5%90%8c%e6%9c%9f%e3%82%af%e3%83%ad%e3%83%83%e3%82%af%e3%83%a2%e3%82%b8%e3%83%a5%e3%83%bc%e3%83%ab-2\/\",\"name\":\"T220M-2 GNSS\u540c\u6b65\u65f6\u949f\u6a21\u5757 - \u5317\u6597\u90a6\u6cf0\u5b98\u7f51\",\"isPartOf\":{\"@id\":\"https:\/\/www.bdpnt.com\/#website\"},\"primaryImageOfPage\":{\"@id\":\"https:\/\/www.bdpnt.com\/ja\/product\/t220m-2-gnss%e5%90%8c%e6%9c%9f%e3%82%af%e3%83%ad%e3%83%83%e3%82%af%e3%83%a2%e3%82%b8%e3%83%a5%e3%83%bc%e3%83%ab-2\/#primaryimage\"},\"image\":{\"@id\":\"https:\/\/www.bdpnt.com\/ja\/product\/t220m-2-gnss%e5%90%8c%e6%9c%9f%e3%82%af%e3%83%ad%e3%83%83%e3%82%af%e3%83%a2%e3%82%b8%e3%83%a5%e3%83%bc%e3%83%ab-2\/#primaryimage\"},\"thumbnailUrl\":\"https:\/\/bdpnt.com\/wp-content\/uploads\/2025\/07\/T220M-2-\u84dd\u8272\u4ea7\u54c1\u80cc\u666f\u6a21\u7248.png\",\"datePublished\":\"2025-07-12T01:22:51+00:00\",\"dateModified\":\"2026-03-18T06:34:21+00:00\",\"breadcrumb\":{\"@id\":\"https:\/\/www.bdpnt.com\/ja\/product\/t220m-2-gnss%e5%90%8c%e6%9c%9f%e3%82%af%e3%83%ad%e3%83%83%e3%82%af%e3%83%a2%e3%82%b8%e3%83%a5%e3%83%bc%e3%83%ab-2\/#breadcrumb\"},\"inLanguage\":\"es\",\"potentialAction\":[{\"@type\":\"ReadAction\",\"target\":[\"https:\/\/www.bdpnt.com\/ja\/product\/t220m-2-gnss%e5%90%8c%e6%9c%9f%e3%82%af%e3%83%ad%e3%83%83%e3%82%af%e3%83%a2%e3%82%b8%e3%83%a5%e3%83%bc%e3%83%ab-2\/\"]}]},{\"@type\":\"ImageObject\",\"inLanguage\":\"es\",\"@id\":\"https:\/\/www.bdpnt.com\/ja\/product\/t220m-2-gnss%e5%90%8c%e6%9c%9f%e3%82%af%e3%83%ad%e3%83%83%e3%82%af%e3%83%a2%e3%82%b8%e3%83%a5%e3%83%bc%e3%83%ab-2\/#primaryimage\",\"url\":\"https:\/\/bdpnt.com\/wp-content\/uploads\/2025\/07\/T220M-2-\u84dd\u8272\u4ea7\u54c1\u80cc\u666f\u6a21\u7248.png\",\"contentUrl\":\"https:\/\/bdpnt.com\/wp-content\/uploads\/2025\/07\/T220M-2-\u84dd\u8272\u4ea7\u54c1\u80cc\u666f\u6a21\u7248.png\",\"width\":960,\"height\":480},{\"@type\":\"BreadcrumbList\",\"@id\":\"https:\/\/www.bdpnt.com\/ja\/product\/t220m-2-gnss%e5%90%8c%e6%9c%9f%e3%82%af%e3%83%ad%e3%83%83%e3%82%af%e3%83%a2%e3%82%b8%e3%83%a5%e3%83%bc%e3%83%ab-2\/#breadcrumb\",\"itemListElement\":[{\"@type\":\"ListItem\",\"position\":1,\"name\":\"\u9996\u9875\",\"item\":\"https:\/\/www.bdpnt.com\/\"},{\"@type\":\"ListItem\",\"position\":2,\"name\":\"Shop\",\"item\":\"https:\/\/www.bdpnt.com\/shop\/\"},{\"@type\":\"ListItem\",\"position\":3,\"name\":\"\u4ea7\u54c1\",\"item\":\"https:\/\/www.bdpnt.com\/product-category\/products\/\"},{\"@type\":\"ListItem\",\"position\":4,\"name\":\"\u901a\u7528GNSS \u65f6\u9891\u6a21\u5757\",\"item\":\"https:\/\/www.bdpnt.com\/es\/product-category\/productos\/modulo-de-tiempo-y-frecuencia-gnss\/\"},{\"@type\":\"ListItem\",\"position\":5,\"name\":\"GNSS \u9a6f\u670d\u6052\u6e29\u6676\u632f\",\"item\":\"https:\/\/www.bdpnt.com\/ja\/product-category\/%e8%a3%bd%e5%93%81\/gnss%e6%99%82%e9%96%93%e3%83%bb%e5%91%a8%e6%b3%a2%e6%95%b0%e3%83%a2%e3%82%b8%e3%83%a5%e3%83%bc%e3%83%ab\/%e3%82%b5%e3%83%bc%e3%83%a2%e3%82%b9%e3%82%bf%e3%83%83%e3%83%88%e7%b5%90%e6%99%b6%e3%82%92%e9%a3%bc%e3%81%84%e3%81%aa%e3%82%89%e3%81%99gnss\/\"},{\"@type\":\"ListItem\",\"position\":6,\"name\":\"T220M-2 GNSS\u540c\u6b65\u65f6\u949f\u6a21\u5757\"}]},{\"@type\":\"WebSite\",\"@id\":\"https:\/\/www.bdpnt.com\/#website\",\"url\":\"https:\/\/www.bdpnt.com\/\",\"name\":\"\u5317\u6597\u90a6\u6cf0\u5b98\u7f51\",\"description\":\"bdstar time website\",\"publisher\":{\"@id\":\"https:\/\/www.bdpnt.com\/#organization\"},\"alternateName\":\"BDSTAR TIME\",\"potentialAction\":[{\"@type\":\"SearchAction\",\"target\":{\"@type\":\"EntryPoint\",\"urlTemplate\":\"https:\/\/www.bdpnt.com\/?s={search_term_string}\"},\"query-input\":{\"@type\":\"PropertyValueSpecification\",\"valueRequired\":true,\"valueName\":\"search_term_string\"}}],\"inLanguage\":\"es\"},{\"@type\":\"Organization\",\"@id\":\"https:\/\/www.bdpnt.com\/#organization\",\"name\":\"\u5317\u6597\u90a6\u6cf0\u5b98\u7f51\",\"alternateName\":\"BDSTAR TIME\",\"url\":\"https:\/\/www.bdpnt.com\/\",\"logo\":{\"@type\":\"ImageObject\",\"inLanguage\":\"es\",\"@id\":\"https:\/\/www.bdpnt.com\/#\/schema\/logo\/image\/\",\"url\":\"https:\/\/bdpnt.com\/wp-content\/uploads\/2025\/04\/\u5317\u6597\u90a6\u6cf0\u6700\u7ec8logo-\u6700\u7ec8\u7248\u5f69\u8272.png\",\"contentUrl\":\"https:\/\/bdpnt.com\/wp-content\/uploads\/2025\/04\/\u5317\u6597\u90a6\u6cf0\u6700\u7ec8logo-\u6700\u7ec8\u7248\u5f69\u8272.png\",\"width\":234,\"height\":76,\"caption\":\"\u5317\u6597\u90a6\u6cf0\u5b98\u7f51\"},\"image\":{\"@id\":\"https:\/\/www.bdpnt.com\/#\/schema\/logo\/image\/\"}}]}<\/script>\n<!-- \/ Yoast SEO plugin. -->","yoast_head_json":{"title":"M\u00f3dulo de reloj s\u00edncrono GNSS T220M-2 - P\u00e1gina web oficial de Beidou Bangtai","robots":{"index":"index","follow":"follow","max-snippet":"max-snippet:-1","max-image-preview":"max-image-preview:large","max-video-preview":"max-video-preview:-1"},"canonical":"https:\/\/www.bdpnt.com\/ja\/product\/t220m-2-gnss\u540c\u671f\u30af\u30ed\u30c3\u30af\u30e2\u30b8\u30e5\u30fc\u30eb-2\/","og_locale":"es_ES","og_type":"article","og_title":"T220M-2 GNSS\u540c\u6b65\u65f6\u949f\u6a21\u5757 - \u5317\u6597\u90a6\u6cf0\u5b98\u7f51","og_description":"T220M-2 \u662f\u4e00\u6b3e\u9ad8\u96c6\u6210GNSS\u540c\u6b65\u65f6\u949f\u6a21\u5757\uff0c\u5185\u7f6e\u9ad8\u7a33\u6676\u632f\u4e0eGNSS\u63a5\u6536\u5668\uff0c\u8f93\u51fa\u9ad8\u7cbe\u5ea610MHz\u4e0e1PPS\u4fe1\u53f7\u3002\u5177\u5907\u4f4e\u76f8\u566a\u3001\u5f3a\u5b88\u65f6\u80fd\u529b\u53ca\u201320\u2103\u81f3+70\u2103\u5bbd\u6e29\u9002\u5e94\u6027\uff0c\u901a\u8fc7\u540c\u9891\u76f8\u79fb\u6280\u672f\u63d0\u5347\u63a7\u7a33\u7cbe\u5ea6\uff0c\u5931\u9501\u540e\u4ecd\u53ef\u7a33\u5b9a\u8f93\u51fa\uff0c\u9002\u7528\u4e8e\u56fd\u9632\u3001\u901a\u4fe1\u3001\u5bfc\u822a\u3001\u6c14\u8c61\u3001\u8ba1\u91cf\u7b49\u9ad8\u7cbe\u5ea6\u573a\u666f\u3002","og_url":"https:\/\/www.bdpnt.com\/ja\/product\/t220m-2-gnss\u540c\u671f\u30af\u30ed\u30c3\u30af\u30e2\u30b8\u30e5\u30fc\u30eb-2\/","og_site_name":"\u5317\u6597\u90a6\u6cf0\u5b98\u7f51","article_modified_time":"2026-03-18T06:34:21+00:00","og_image":[{"width":960,"height":480,"url":"https:\/\/www.bdpnt.com\/wp-content\/uploads\/2025\/07\/T220M-2-\u84dd\u8272\u4ea7\u54c1\u80cc\u666f\u6a21\u7248.png","type":"image\/png"}],"twitter_card":"summary_large_image","schema":{"@context":"https:\/\/schema.org","@graph":[{"@type":"WebPage","@id":"https:\/\/www.bdpnt.com\/ja\/product\/t220m-2-gnss%e5%90%8c%e6%9c%9f%e3%82%af%e3%83%ad%e3%83%83%e3%82%af%e3%83%a2%e3%82%b8%e3%83%a5%e3%83%bc%e3%83%ab-2\/","url":"https:\/\/www.bdpnt.com\/ja\/product\/t220m-2-gnss%e5%90%8c%e6%9c%9f%e3%82%af%e3%83%ad%e3%83%83%e3%82%af%e3%83%a2%e3%82%b8%e3%83%a5%e3%83%bc%e3%83%ab-2\/","name":"M\u00f3dulo de reloj s\u00edncrono GNSS T220M-2 - P\u00e1gina web oficial de Beidou Bangtai","isPartOf":{"@id":"https:\/\/www.bdpnt.com\/#website"},"primaryImageOfPage":{"@id":"https:\/\/www.bdpnt.com\/ja\/product\/t220m-2-gnss%e5%90%8c%e6%9c%9f%e3%82%af%e3%83%ad%e3%83%83%e3%82%af%e3%83%a2%e3%82%b8%e3%83%a5%e3%83%bc%e3%83%ab-2\/#primaryimage"},"image":{"@id":"https:\/\/www.bdpnt.com\/ja\/product\/t220m-2-gnss%e5%90%8c%e6%9c%9f%e3%82%af%e3%83%ad%e3%83%83%e3%82%af%e3%83%a2%e3%82%b8%e3%83%a5%e3%83%bc%e3%83%ab-2\/#primaryimage"},"thumbnailUrl":"https:\/\/bdpnt.com\/wp-content\/uploads\/2025\/07\/T220M-2-\u84dd\u8272\u4ea7\u54c1\u80cc\u666f\u6a21\u7248.png","datePublished":"2025-07-12T01:22:51+00:00","dateModified":"2026-03-18T06:34:21+00:00","breadcrumb":{"@id":"https:\/\/www.bdpnt.com\/ja\/product\/t220m-2-gnss%e5%90%8c%e6%9c%9f%e3%82%af%e3%83%ad%e3%83%83%e3%82%af%e3%83%a2%e3%82%b8%e3%83%a5%e3%83%bc%e3%83%ab-2\/#breadcrumb"},"inLanguage":"es","potentialAction":[{"@type":"ReadAction","target":["https:\/\/www.bdpnt.com\/ja\/product\/t220m-2-gnss%e5%90%8c%e6%9c%9f%e3%82%af%e3%83%ad%e3%83%83%e3%82%af%e3%83%a2%e3%82%b8%e3%83%a5%e3%83%bc%e3%83%ab-2\/"]}]},{"@type":"ImageObject","inLanguage":"es","@id":"https:\/\/www.bdpnt.com\/ja\/product\/t220m-2-gnss%e5%90%8c%e6%9c%9f%e3%82%af%e3%83%ad%e3%83%83%e3%82%af%e3%83%a2%e3%82%b8%e3%83%a5%e3%83%bc%e3%83%ab-2\/#primaryimage","url":"https:\/\/bdpnt.com\/wp-content\/uploads\/2025\/07\/T220M-2-\u84dd\u8272\u4ea7\u54c1\u80cc\u666f\u6a21\u7248.png","contentUrl":"https:\/\/bdpnt.com\/wp-content\/uploads\/2025\/07\/T220M-2-\u84dd\u8272\u4ea7\u54c1\u80cc\u666f\u6a21\u7248.png","width":960,"height":480},{"@type":"BreadcrumbList","@id":"https:\/\/www.bdpnt.com\/ja\/product\/t220m-2-gnss%e5%90%8c%e6%9c%9f%e3%82%af%e3%83%ad%e3%83%83%e3%82%af%e3%83%a2%e3%82%b8%e3%83%a5%e3%83%bc%e3%83%ab-2\/#breadcrumb","itemListElement":[{"@type":"ListItem","position":1,"name":"\u9996\u9875","item":"https:\/\/www.bdpnt.com\/"},{"@type":"ListItem","position":2,"name":"Shop","item":"https:\/\/www.bdpnt.com\/shop\/"},{"@type":"ListItem","position":3,"name":"\u4ea7\u54c1","item":"https:\/\/www.bdpnt.com\/product-category\/products\/"},{"@type":"ListItem","position":4,"name":"\u901a\u7528GNSS \u65f6\u9891\u6a21\u5757","item":"https:\/\/www.bdpnt.com\/es\/product-category\/productos\/modulo-de-tiempo-y-frecuencia-gnss\/"},{"@type":"ListItem","position":5,"name":"GNSS \u9a6f\u670d\u6052\u6e29\u6676\u632f","item":"https:\/\/www.bdpnt.com\/ja\/product-category\/%e8%a3%bd%e5%93%81\/gnss%e6%99%82%e9%96%93%e3%83%bb%e5%91%a8%e6%b3%a2%e6%95%b0%e3%83%a2%e3%82%b8%e3%83%a5%e3%83%bc%e3%83%ab\/%e3%82%b5%e3%83%bc%e3%83%a2%e3%82%b9%e3%82%bf%e3%83%83%e3%83%88%e7%b5%90%e6%99%b6%e3%82%92%e9%a3%bc%e3%81%84%e3%81%aa%e3%82%89%e3%81%99gnss\/"},{"@type":"ListItem","position":6,"name":"T220M-2 GNSS\u540c\u6b65\u65f6\u949f\u6a21\u5757"}]},{"@type":"WebSite","@id":"https:\/\/www.bdpnt.com\/#website","url":"https:\/\/www.bdpnt.com\/","name":"P\u00e1gina oficial de Beidoubangtai","description":"bdstar time website","publisher":{"@id":"https:\/\/www.bdpnt.com\/#organization"},"alternateName":"BDSTAR TIME","potentialAction":[{"@type":"SearchAction","target":{"@type":"EntryPoint","urlTemplate":"https:\/\/www.bdpnt.com\/?s={search_term_string}"},"query-input":{"@type":"PropertyValueSpecification","valueRequired":true,"valueName":"search_term_string"}}],"inLanguage":"es"},{"@type":"Organization","@id":"https:\/\/www.bdpnt.com\/#organization","name":"P\u00e1gina oficial de Beidoubangtai","alternateName":"BDSTAR TIME","url":"https:\/\/www.bdpnt.com\/","logo":{"@type":"ImageObject","inLanguage":"es","@id":"https:\/\/www.bdpnt.com\/#\/schema\/logo\/image\/","url":"https:\/\/bdpnt.com\/wp-content\/uploads\/2025\/04\/\u5317\u6597\u90a6\u6cf0\u6700\u7ec8logo-\u6700\u7ec8\u7248\u5f69\u8272.png","contentUrl":"https:\/\/bdpnt.com\/wp-content\/uploads\/2025\/04\/\u5317\u6597\u90a6\u6cf0\u6700\u7ec8logo-\u6700\u7ec8\u7248\u5f69\u8272.png","width":234,"height":76,"caption":"\u5317\u6597\u90a6\u6cf0\u5b98\u7f51"},"image":{"@id":"https:\/\/www.bdpnt.com\/#\/schema\/logo\/image\/"}}]}},"_links":{"self":[{"href":"https:\/\/bdpnt.com\/es\/wp-json\/wp\/v2\/product\/4390","targetHints":{"allow":["GET"]}}],"collection":[{"href":"https:\/\/bdpnt.com\/es\/wp-json\/wp\/v2\/product"}],"about":[{"href":"https:\/\/bdpnt.com\/es\/wp-json\/wp\/v2\/types\/product"}],"version-history":[{"count":7,"href":"https:\/\/bdpnt.com\/es\/wp-json\/wp\/v2\/product\/4390\/revisions"}],"predecessor-version":[{"id":4404,"href":"https:\/\/bdpnt.com\/es\/wp-json\/wp\/v2\/product\/4390\/revisions\/4404"}],"wp:featuredmedia":[{"embeddable":true,"href":"https:\/\/bdpnt.com\/es\/wp-json\/wp\/v2\/media\/4393"}],"wp:attachment":[{"href":"https:\/\/bdpnt.com\/es\/wp-json\/wp\/v2\/media?parent=4390"}],"wp:term":[{"taxonomy":"product_brand","embeddable":true,"href":"https:\/\/bdpnt.com\/es\/wp-json\/wp\/v2\/product_brand?post=4390"},{"taxonomy":"product_cat","embeddable":true,"href":"https:\/\/bdpnt.com\/es\/wp-json\/wp\/v2\/product_cat?post=4390"},{"taxonomy":"product_tag","embeddable":true,"href":"https:\/\/bdpnt.com\/es\/wp-json\/wp\/v2\/product_tag?post=4390"}],"curies":[{"name":"wp","href":"https:\/\/api.w.org\/{rel}","templated":true}]}}