{"id":4191,"date":"2025-07-07T15:34:30","date_gmt":"2025-07-07T07:34:30","guid":{"rendered":"https:\/\/bdstarpnt.com\/?post_type=product&#038;p=4191"},"modified":"2026-03-18T14:35:10","modified_gmt":"2026-03-18T06:35:10","slug":"t910-wr-interruptor-de-sincronizacion-del-reloj-2","status":"publish","type":"product","link":"https:\/\/bdpnt.com\/es\/product\/t910-wr-interruptor-de-sincronizacion-del-reloj-2\/","title":{"rendered":"T910 WR Interruptor de Sincronizaci\u00f3n de Reloj"},"content":{"rendered":"<p class=\"p1\">WRS (White Rabbit Switch) es el dispositivo central de la red WR, dise\u00f1ado para la sincronizaci\u00f3n horaria de alta precisi\u00f3n y la distribuci\u00f3n de frecuencias. Soporta hasta 18 puertos de sincronizaci\u00f3n de fibra \u00f3ptica y proporciona una salida estable de la se\u00f1al horaria y de frecuencia, lo que resulta adecuado para construir redes de sincronizaci\u00f3n horaria a escala ultra grande. El dispositivo combina hardware avanzado y sistema operativo Linux integrado, y es compatible con m\u00faltiples protocolos de red e interfaces de gesti\u00f3n (por ejemplo, SNMP, SSH y Web), lo que garantiza un despliegue flexible de la red y una gesti\u00f3n eficaz del tiempo. Con un excelente rendimiento de &lt;10ps de precisi\u00f3n de sincronizaci\u00f3n de reloj, admite la configuraci\u00f3n en modo maestro\/esclavo y es adecuado para una amplia gama de entornos de red complejos. Al medir y compensar autom\u00e1ticamente los retardos de fibra, WRS consigue una sincronizaci\u00f3n horaria precisa y admite aplicaciones en cascada de hasta 10.000 nodos. Adem\u00e1s, el dispositivo es compatible con diversos protocolos, como PTPv2, Sync-E y VLAN, para satisfacer las necesidades de sincronizaci\u00f3n horaria de distintos \u00e1mbitos.<\/p>\n<p class=\"p1\">\u00c1mbitos de adaptaci\u00f3n: radar de doble base, conjuntos de antenas adaptables, medici\u00f3n distribuida del tiempo, etc.<\/p>","protected":false},"excerpt":{"rendered":"<p>WRS (White Rabbit Switch) es un dispositivo central de sincronizaci\u00f3n de tiempo y distribuci\u00f3n de frecuencia de alta precisi\u00f3n, que soporta 18 puertos de sincronizaci\u00f3n de fibra \u00f3ptica, con una precisi\u00f3n de sincronizaci\u00f3n de reloj mejor que 10 ps. Integra la plataforma de hardware y el sistema Linux embebido, soporta SNMP, SSH, Web y otras interfaces de gesti\u00f3n, y es compatible con los protocolos PTPv2, Sync-E y VLAN. Con modo maestro\/esclavo, funci\u00f3n de autocompensaci\u00f3n del retardo de la fibra \u00f3ptica, admite el despliegue en cascada de 10.000 nodos, y se utiliza ampliamente en radares de estaci\u00f3n base doble, conjuntos de antenas adaptables, medici\u00f3n distribuida del tiempo y otros escenarios.<\/p>","protected":false},"featured_media":4195,"template":"","meta":{"_acf_changed":false,"site-sidebar-layout":"default","site-content-layout":"","ast-site-content-layout":"default","site-content-style":"default","site-sidebar-style":"default","ast-global-header-display":"","ast-banner-title-visibility":"","ast-main-header-display":"","ast-hfb-above-header-display":"","ast-hfb-below-header-display":"","ast-hfb-mobile-header-display":"","site-post-title":"","ast-breadcrumbs-content":"","ast-featured-img":"","footer-sml-layout":"","theme-transparent-header-meta":"default","adv-header-id-meta":"","stick-header-meta":"default","header-above-stick-meta":"","header-main-stick-meta":"","header-below-stick-meta":"","astra-migrate-meta-layouts":"set","ast-page-background-enabled":"default","ast-page-background-meta":{"desktop":{"background-color":"var(--ast-global-color-4)","background-image":"","background-repeat":"repeat","background-position":"center center","background-size":"auto","background-attachment":"scroll","background-type":"","background-media":"","overlay-type":"","overlay-color":"","overlay-opacity":"","overlay-gradient":""},"tablet":{"background-color":"","background-image":"","background-repeat":"repeat","background-position":"center center","background-size":"auto","background-attachment":"scroll","background-type":"","background-media":"","overlay-type":"","overlay-color":"","overlay-opacity":"","overlay-gradient":""},"mobile":{"background-color":"","background-image":"","background-repeat":"repeat","background-position":"center center","background-size":"auto","background-attachment":"scroll","background-type":"","background-media":"","overlay-type":"","overlay-color":"","overlay-opacity":"","overlay-gradient":""}},"ast-content-background-meta":{"desktop":{"background-color":"var(--ast-global-color-5)","background-image":"","background-repeat":"repeat","background-position":"center center","background-size":"auto","background-attachment":"scroll","background-type":"","background-media":"","overlay-type":"","overlay-color":"","overlay-opacity":"","overlay-gradient":""},"tablet":{"background-color":"var(--ast-global-color-5)","background-image":"","background-repeat":"repeat","background-position":"center center","background-size":"auto","background-attachment":"scroll","background-type":"","background-media":"","overlay-type":"","overlay-color":"","overlay-opacity":"","overlay-gradient":""},"mobile":{"background-color":"var(--ast-global-color-5)","background-image":"","background-repeat":"repeat","background-position":"center center","background-size":"auto","background-attachment":"scroll","background-type":"","background-media":"","overlay-type":"","overlay-color":"","overlay-opacity":"","overlay-gradient":""}}},"product_brand":[],"product_cat":[56],"product_tag":[],"class_list":{"0":"post-4191","1":"product","2":"type-product","3":"status-publish","4":"has-post-thumbnail","6":"product_cat-56","7":"pa_--pps-todnmea-0183","8":"pa_--ptpieee-1588-v2-v2-1","9":"pa_--web-snmp-syslog","10":"pa_--white-rabbitwr-ptp","11":"pa_-197","12":"pa_---1u","13":"pa_--0-c--70-c","14":"pa_-industrial-automation","15":"pa_-data-center-and-computing","16":"pa_-power-and-energy","17":"pa_-military-aviation","18":"pa_-metrology-and-testing","19":"pa_-communications-infrastructure","20":"pa_-financial-transactions","21":"pa_-wr","22":"pa_-10mhz-sine-wave-square-wave-output","23":"pa_-sfp1g","24":"pa_-todrs-232-nmea","25":"pa_-ac-220v","26":"desktop-align-left","27":"tablet-align-left","28":"mobile-align-left","29":"ast-product-gallery-layout-first-image-large","30":"ast-product-gallery-with-no-image","31":"ast-product-tabs-layout-horizontal","33":"first","34":"instock","35":"shipping-taxable","36":"product-type-simple"},"acf":[],"yoast_head":"<!-- This site is optimized with the Yoast SEO plugin v26.0 - https:\/\/yoast.com\/wordpress\/plugins\/seo\/ -->\n<title>T910 WR\u65f6\u949f\u540c\u6b65\u4ea4\u6362\u673a - \u5317\u6597\u90a6\u6cf0\u5b98\u7f51<\/title>\n<meta name=\"robots\" content=\"index, follow, max-snippet:-1, max-image-preview:large, max-video-preview:-1\" \/>\n<link rel=\"canonical\" href=\"https:\/\/www.bdpnt.com\/de\/product\/t910-wr-taktsynchronisationsschalter-2\/\" \/>\n<meta property=\"og:locale\" content=\"es_ES\" \/>\n<meta property=\"og:type\" content=\"article\" \/>\n<meta property=\"og:title\" content=\"T910 WR\u65f6\u949f\u540c\u6b65\u4ea4\u6362\u673a - \u5317\u6597\u90a6\u6cf0\u5b98\u7f51\" \/>\n<meta property=\"og:description\" content=\"WRS\uff08White Rabbit Switch\uff09\u662f\u9ad8\u7cbe\u5ea6\u65f6\u95f4\u540c\u6b65\u4e0e\u9891\u7387\u5206\u914d\u6838\u5fc3\u8bbe\u5907\uff0c\u652f\u630118\u8def\u5149\u7ea4\u540c\u6b65\u7aef\u53e3\uff0c\u65f6\u949f\u540c\u6b65\u7cbe\u5ea6\u4f18\u4e8e10ps\u3002\u878d\u5408\u786c\u4ef6\u5e73\u53f0\u4e0e\u5d4c\u5165\u5f0fLinux\u7cfb\u7edf\uff0c\u652f\u6301SNMP\u3001SSH\u3001Web\u7b49\u591a\u79cd\u7ba1\u7406\u63a5\u53e3\uff0c\u517c\u5bb9PTPv2\u3001Sync-E\u3001VLAN\u534f\u8bae\u3002\u5177\u5907Master\/Slave\u6a21\u5f0f\u3001\u5149\u7ea4\u5ef6\u8fdf\u81ea\u52a8\u8865\u507f\u529f\u80fd\uff0c\u652f\u6301\u4e07\u8282\u70b9\u7ea7\u8054\u90e8\u7f72\uff0c\u5e7f\u6cdb\u5e94\u7528\u4e8e\u53cc\u57fa\u7ad9\u96f7\u8fbe\u3001\u81ea\u9002\u5e94\u5929\u7ebf\u9635\u5217\u3001\u5206\u5e03\u5f0f\u65f6\u95f4\u6d4b\u91cf\u7b49\u573a\u666f\u3002\" \/>\n<meta property=\"og:url\" content=\"https:\/\/www.bdpnt.com\/de\/product\/t910-wr-taktsynchronisationsschalter-2\/\" \/>\n<meta property=\"og:site_name\" content=\"\u5317\u6597\u90a6\u6cf0\u5b98\u7f51\" \/>\n<meta property=\"article:modified_time\" content=\"2026-03-18T06:35:10+00:00\" \/>\n<meta property=\"og:image\" content=\"https:\/\/www.bdpnt.com\/wp-content\/uploads\/2025\/07\/T910\u767d\u5154\u84dd\u8272\u4ea7\u54c1\u80cc\u666f\u6a21\u7248.png\" \/>\n\t<meta property=\"og:image:width\" content=\"960\" \/>\n\t<meta property=\"og:image:height\" content=\"480\" \/>\n\t<meta property=\"og:image:type\" content=\"image\/png\" \/>\n<meta name=\"twitter:card\" content=\"summary_large_image\" \/>\n<meta name=\"twitter:label1\" content=\"Tiempo de lectura\" \/>\n\t<meta name=\"twitter:data1\" content=\"1 minuto\" \/>\n<script type=\"application\/ld+json\" class=\"yoast-schema-graph\">{\"@context\":\"https:\/\/schema.org\",\"@graph\":[{\"@type\":\"WebPage\",\"@id\":\"https:\/\/www.bdpnt.com\/de\/product\/t910-wr-taktsynchronisationsschalter-2\/\",\"url\":\"https:\/\/www.bdpnt.com\/de\/product\/t910-wr-taktsynchronisationsschalter-2\/\",\"name\":\"T910 WR\u65f6\u949f\u540c\u6b65\u4ea4\u6362\u673a - \u5317\u6597\u90a6\u6cf0\u5b98\u7f51\",\"isPartOf\":{\"@id\":\"https:\/\/www.bdpnt.com\/#website\"},\"primaryImageOfPage\":{\"@id\":\"https:\/\/www.bdpnt.com\/de\/product\/t910-wr-taktsynchronisationsschalter-2\/#primaryimage\"},\"image\":{\"@id\":\"https:\/\/www.bdpnt.com\/de\/product\/t910-wr-taktsynchronisationsschalter-2\/#primaryimage\"},\"thumbnailUrl\":\"https:\/\/bdpnt.com\/wp-content\/uploads\/2025\/07\/T910\u767d\u5154\u84dd\u8272\u4ea7\u54c1\u80cc\u666f\u6a21\u7248.png\",\"datePublished\":\"2025-07-07T07:34:30+00:00\",\"dateModified\":\"2026-03-18T06:35:10+00:00\",\"breadcrumb\":{\"@id\":\"https:\/\/www.bdpnt.com\/de\/product\/t910-wr-taktsynchronisationsschalter-2\/#breadcrumb\"},\"inLanguage\":\"es\",\"potentialAction\":[{\"@type\":\"ReadAction\",\"target\":[\"https:\/\/www.bdpnt.com\/de\/product\/t910-wr-taktsynchronisationsschalter-2\/\"]}]},{\"@type\":\"ImageObject\",\"inLanguage\":\"es\",\"@id\":\"https:\/\/www.bdpnt.com\/de\/product\/t910-wr-taktsynchronisationsschalter-2\/#primaryimage\",\"url\":\"https:\/\/bdpnt.com\/wp-content\/uploads\/2025\/07\/T910\u767d\u5154\u84dd\u8272\u4ea7\u54c1\u80cc\u666f\u6a21\u7248.png\",\"contentUrl\":\"https:\/\/bdpnt.com\/wp-content\/uploads\/2025\/07\/T910\u767d\u5154\u84dd\u8272\u4ea7\u54c1\u80cc\u666f\u6a21\u7248.png\",\"width\":960,\"height\":480},{\"@type\":\"BreadcrumbList\",\"@id\":\"https:\/\/www.bdpnt.com\/de\/product\/t910-wr-taktsynchronisationsschalter-2\/#breadcrumb\",\"itemListElement\":[{\"@type\":\"ListItem\",\"position\":1,\"name\":\"\u9996\u9875\",\"item\":\"https:\/\/www.bdpnt.com\/\"},{\"@type\":\"ListItem\",\"position\":2,\"name\":\"Shop\",\"item\":\"https:\/\/www.bdpnt.com\/shop\/\"},{\"@type\":\"ListItem\",\"position\":3,\"name\":\"\u4ea7\u54c1\",\"item\":\"https:\/\/www.bdpnt.com\/product-category\/products\/\"},{\"@type\":\"ListItem\",\"position\":4,\"name\":\"\u65f6\u95f4\u9891\u7387\u4f20\u9012\",\"item\":\"https:\/\/www.bdpnt.com\/de\/product-category\/produkte\/zeit-frequenz-ubertragung\/\"},{\"@type\":\"ListItem\",\"position\":5,\"name\":\"\u767d\u5154\u65f6\u95f4\u4f20\u9012\",\"item\":\"https:\/\/www.bdpnt.com\/de\/product-category\/produkte\/zeit-frequenz-ubertragung\/white-rabbit-zeitubertragung\/\"},{\"@type\":\"ListItem\",\"position\":6,\"name\":\"T910 WR\u65f6\u949f\u540c\u6b65\u4ea4\u6362\u673a\"}]},{\"@type\":\"WebSite\",\"@id\":\"https:\/\/www.bdpnt.com\/#website\",\"url\":\"https:\/\/www.bdpnt.com\/\",\"name\":\"\u5317\u6597\u90a6\u6cf0\u5b98\u7f51\",\"description\":\"bdstar time website\",\"publisher\":{\"@id\":\"https:\/\/www.bdpnt.com\/#organization\"},\"alternateName\":\"BDSTAR TIME\",\"potentialAction\":[{\"@type\":\"SearchAction\",\"target\":{\"@type\":\"EntryPoint\",\"urlTemplate\":\"https:\/\/www.bdpnt.com\/?s={search_term_string}\"},\"query-input\":{\"@type\":\"PropertyValueSpecification\",\"valueRequired\":true,\"valueName\":\"search_term_string\"}}],\"inLanguage\":\"es\"},{\"@type\":\"Organization\",\"@id\":\"https:\/\/www.bdpnt.com\/#organization\",\"name\":\"\u5317\u6597\u90a6\u6cf0\u5b98\u7f51\",\"alternateName\":\"BDSTAR TIME\",\"url\":\"https:\/\/www.bdpnt.com\/\",\"logo\":{\"@type\":\"ImageObject\",\"inLanguage\":\"es\",\"@id\":\"https:\/\/www.bdpnt.com\/#\/schema\/logo\/image\/\",\"url\":\"https:\/\/bdpnt.com\/wp-content\/uploads\/2025\/04\/\u5317\u6597\u90a6\u6cf0\u6700\u7ec8logo-\u6700\u7ec8\u7248\u5f69\u8272.png\",\"contentUrl\":\"https:\/\/bdpnt.com\/wp-content\/uploads\/2025\/04\/\u5317\u6597\u90a6\u6cf0\u6700\u7ec8logo-\u6700\u7ec8\u7248\u5f69\u8272.png\",\"width\":234,\"height\":76,\"caption\":\"\u5317\u6597\u90a6\u6cf0\u5b98\u7f51\"},\"image\":{\"@id\":\"https:\/\/www.bdpnt.com\/#\/schema\/logo\/image\/\"}}]}<\/script>\n<!-- \/ Yoast SEO plugin. -->","yoast_head_json":{"title":"T910 WR Interruptor de sincronizaci\u00f3n de reloj - Beidou Bangtai Official Website","robots":{"index":"index","follow":"follow","max-snippet":"max-snippet:-1","max-image-preview":"max-image-preview:large","max-video-preview":"max-video-preview:-1"},"canonical":"https:\/\/www.bdpnt.com\/de\/product\/t910-wr-taktsynchronisationsschalter-2\/","og_locale":"es_ES","og_type":"article","og_title":"T910 WR\u65f6\u949f\u540c\u6b65\u4ea4\u6362\u673a - \u5317\u6597\u90a6\u6cf0\u5b98\u7f51","og_description":"WRS\uff08White Rabbit Switch\uff09\u662f\u9ad8\u7cbe\u5ea6\u65f6\u95f4\u540c\u6b65\u4e0e\u9891\u7387\u5206\u914d\u6838\u5fc3\u8bbe\u5907\uff0c\u652f\u630118\u8def\u5149\u7ea4\u540c\u6b65\u7aef\u53e3\uff0c\u65f6\u949f\u540c\u6b65\u7cbe\u5ea6\u4f18\u4e8e10ps\u3002\u878d\u5408\u786c\u4ef6\u5e73\u53f0\u4e0e\u5d4c\u5165\u5f0fLinux\u7cfb\u7edf\uff0c\u652f\u6301SNMP\u3001SSH\u3001Web\u7b49\u591a\u79cd\u7ba1\u7406\u63a5\u53e3\uff0c\u517c\u5bb9PTPv2\u3001Sync-E\u3001VLAN\u534f\u8bae\u3002\u5177\u5907Master\/Slave\u6a21\u5f0f\u3001\u5149\u7ea4\u5ef6\u8fdf\u81ea\u52a8\u8865\u507f\u529f\u80fd\uff0c\u652f\u6301\u4e07\u8282\u70b9\u7ea7\u8054\u90e8\u7f72\uff0c\u5e7f\u6cdb\u5e94\u7528\u4e8e\u53cc\u57fa\u7ad9\u96f7\u8fbe\u3001\u81ea\u9002\u5e94\u5929\u7ebf\u9635\u5217\u3001\u5206\u5e03\u5f0f\u65f6\u95f4\u6d4b\u91cf\u7b49\u573a\u666f\u3002","og_url":"https:\/\/www.bdpnt.com\/de\/product\/t910-wr-taktsynchronisationsschalter-2\/","og_site_name":"\u5317\u6597\u90a6\u6cf0\u5b98\u7f51","article_modified_time":"2026-03-18T06:35:10+00:00","og_image":[{"width":960,"height":480,"url":"https:\/\/www.bdpnt.com\/wp-content\/uploads\/2025\/07\/T910\u767d\u5154\u84dd\u8272\u4ea7\u54c1\u80cc\u666f\u6a21\u7248.png","type":"image\/png"}],"twitter_card":"summary_large_image","twitter_misc":{"Tiempo de lectura":"1 minuto"},"schema":{"@context":"https:\/\/schema.org","@graph":[{"@type":"WebPage","@id":"https:\/\/www.bdpnt.com\/de\/product\/t910-wr-taktsynchronisationsschalter-2\/","url":"https:\/\/www.bdpnt.com\/de\/product\/t910-wr-taktsynchronisationsschalter-2\/","name":"T910 WR Interruptor de sincronizaci\u00f3n de reloj - Beidou Bangtai Official Website","isPartOf":{"@id":"https:\/\/www.bdpnt.com\/#website"},"primaryImageOfPage":{"@id":"https:\/\/www.bdpnt.com\/de\/product\/t910-wr-taktsynchronisationsschalter-2\/#primaryimage"},"image":{"@id":"https:\/\/www.bdpnt.com\/de\/product\/t910-wr-taktsynchronisationsschalter-2\/#primaryimage"},"thumbnailUrl":"https:\/\/bdpnt.com\/wp-content\/uploads\/2025\/07\/T910\u767d\u5154\u84dd\u8272\u4ea7\u54c1\u80cc\u666f\u6a21\u7248.png","datePublished":"2025-07-07T07:34:30+00:00","dateModified":"2026-03-18T06:35:10+00:00","breadcrumb":{"@id":"https:\/\/www.bdpnt.com\/de\/product\/t910-wr-taktsynchronisationsschalter-2\/#breadcrumb"},"inLanguage":"es","potentialAction":[{"@type":"ReadAction","target":["https:\/\/www.bdpnt.com\/de\/product\/t910-wr-taktsynchronisationsschalter-2\/"]}]},{"@type":"ImageObject","inLanguage":"es","@id":"https:\/\/www.bdpnt.com\/de\/product\/t910-wr-taktsynchronisationsschalter-2\/#primaryimage","url":"https:\/\/bdpnt.com\/wp-content\/uploads\/2025\/07\/T910\u767d\u5154\u84dd\u8272\u4ea7\u54c1\u80cc\u666f\u6a21\u7248.png","contentUrl":"https:\/\/bdpnt.com\/wp-content\/uploads\/2025\/07\/T910\u767d\u5154\u84dd\u8272\u4ea7\u54c1\u80cc\u666f\u6a21\u7248.png","width":960,"height":480},{"@type":"BreadcrumbList","@id":"https:\/\/www.bdpnt.com\/de\/product\/t910-wr-taktsynchronisationsschalter-2\/#breadcrumb","itemListElement":[{"@type":"ListItem","position":1,"name":"\u9996\u9875","item":"https:\/\/www.bdpnt.com\/"},{"@type":"ListItem","position":2,"name":"Shop","item":"https:\/\/www.bdpnt.com\/shop\/"},{"@type":"ListItem","position":3,"name":"\u4ea7\u54c1","item":"https:\/\/www.bdpnt.com\/product-category\/products\/"},{"@type":"ListItem","position":4,"name":"\u65f6\u95f4\u9891\u7387\u4f20\u9012","item":"https:\/\/www.bdpnt.com\/de\/product-category\/produkte\/zeit-frequenz-ubertragung\/"},{"@type":"ListItem","position":5,"name":"\u767d\u5154\u65f6\u95f4\u4f20\u9012","item":"https:\/\/www.bdpnt.com\/de\/product-category\/produkte\/zeit-frequenz-ubertragung\/white-rabbit-zeitubertragung\/"},{"@type":"ListItem","position":6,"name":"T910 WR\u65f6\u949f\u540c\u6b65\u4ea4\u6362\u673a"}]},{"@type":"WebSite","@id":"https:\/\/www.bdpnt.com\/#website","url":"https:\/\/www.bdpnt.com\/","name":"P\u00e1gina oficial de Beidoubangtai","description":"bdstar time website","publisher":{"@id":"https:\/\/www.bdpnt.com\/#organization"},"alternateName":"BDSTAR TIME","potentialAction":[{"@type":"SearchAction","target":{"@type":"EntryPoint","urlTemplate":"https:\/\/www.bdpnt.com\/?s={search_term_string}"},"query-input":{"@type":"PropertyValueSpecification","valueRequired":true,"valueName":"search_term_string"}}],"inLanguage":"es"},{"@type":"Organization","@id":"https:\/\/www.bdpnt.com\/#organization","name":"P\u00e1gina oficial de Beidoubangtai","alternateName":"BDSTAR TIME","url":"https:\/\/www.bdpnt.com\/","logo":{"@type":"ImageObject","inLanguage":"es","@id":"https:\/\/www.bdpnt.com\/#\/schema\/logo\/image\/","url":"https:\/\/bdpnt.com\/wp-content\/uploads\/2025\/04\/\u5317\u6597\u90a6\u6cf0\u6700\u7ec8logo-\u6700\u7ec8\u7248\u5f69\u8272.png","contentUrl":"https:\/\/bdpnt.com\/wp-content\/uploads\/2025\/04\/\u5317\u6597\u90a6\u6cf0\u6700\u7ec8logo-\u6700\u7ec8\u7248\u5f69\u8272.png","width":234,"height":76,"caption":"\u5317\u6597\u90a6\u6cf0\u5b98\u7f51"},"image":{"@id":"https:\/\/www.bdpnt.com\/#\/schema\/logo\/image\/"}}]}},"_links":{"self":[{"href":"https:\/\/bdpnt.com\/es\/wp-json\/wp\/v2\/product\/4191","targetHints":{"allow":["GET"]}}],"collection":[{"href":"https:\/\/bdpnt.com\/es\/wp-json\/wp\/v2\/product"}],"about":[{"href":"https:\/\/bdpnt.com\/es\/wp-json\/wp\/v2\/types\/product"}],"version-history":[{"count":22,"href":"https:\/\/bdpnt.com\/es\/wp-json\/wp\/v2\/product\/4191\/revisions"}],"predecessor-version":[{"id":4193,"href":"https:\/\/bdpnt.com\/es\/wp-json\/wp\/v2\/product\/4191\/revisions\/4193"}],"wp:featuredmedia":[{"embeddable":true,"href":"https:\/\/bdpnt.com\/es\/wp-json\/wp\/v2\/media\/4195"}],"wp:attachment":[{"href":"https:\/\/bdpnt.com\/es\/wp-json\/wp\/v2\/media?parent=4191"}],"wp:term":[{"taxonomy":"product_brand","embeddable":true,"href":"https:\/\/bdpnt.com\/es\/wp-json\/wp\/v2\/product_brand?post=4191"},{"taxonomy":"product_cat","embeddable":true,"href":"https:\/\/bdpnt.com\/es\/wp-json\/wp\/v2\/product_cat?post=4191"},{"taxonomy":"product_tag","embeddable":true,"href":"https:\/\/bdpnt.com\/es\/wp-json\/wp\/v2\/product_tag?post=4191"}],"curies":[{"name":"wp","href":"https:\/\/api.w.org\/{rel}","templated":true}]}}