{"id":4173,"date":"2025-07-07T13:15:53","date_gmt":"2025-07-07T05:15:53","guid":{"rendered":"https:\/\/bdstarpnt.com\/?post_type=product&#038;p=4173"},"modified":"2026-03-18T14:35:27","modified_gmt":"2026-03-18T06:35:27","slug":"t900-f-equipo-de-transferencia-de-frecuencia-por-fibra-optica-de-alta-precision","status":"publish","type":"product","link":"https:\/\/bdpnt.com\/es\/product\/t900-f-equipo-de-transferencia-de-frecuencia-por-fibra-optica-de-alta-precision\/","title":{"rendered":"T900-F Dispositivo de transferencia de frecuencia de alta precisi\u00f3n por fibra \u00f3ptica"},"content":{"rendered":"<p class=\"p1 translation-block\">El equipo de transmisi\u00f3n de frecuencia de alta precisi\u00f3n por fibra \u00f3ptica T900-F se basa en el sistema de transmisi\u00f3n de frecuencia de alta precisi\u00f3n multipunto en red de tipo anillo, que se divide en dos partes: la estaci\u00f3n central y la estaci\u00f3n terminal. La estaci\u00f3n central de transferencia de frecuencia se compone principalmente de la unidad optoelectr\u00f3nica, la unidad de medici\u00f3n y compensaci\u00f3n de alta precisi\u00f3n, la unidad de interfaz tiempo-frecuencia y la unidad de procesamiento del filtro \u00f3ptico del anillo. La estaci\u00f3n terminal de transferencia de frecuencia se compone principalmente de una unidad optoelectr\u00f3nica, una unidad de medici\u00f3n y compensaci\u00f3n de alta precisi\u00f3n, una unidad de interfaz tiempo-frecuencia y una unidad de procesamiento de filtro \u00f3ptico. La estaci\u00f3n central del sistema s\u00f3lo necesita enviar se\u00f1ales de frecuencia en bucle cerrado y compensar la fluctuaci\u00f3n de fase de todo el enlace, sin necesidad de llevar a cabo el dise\u00f1o de estabilizaci\u00f3n de fase para nodos individuales, y s\u00f3lo necesita ajustar la potencia \u00f3ptica independientemente de si hay m\u00e1s o menos usuarios en la red, lo que mejora enormemente la escalabilidad del sistema y reduce la dificultad de mantenimiento. La frecuencia relativa de la se\u00f1al de frecuencia reproducida es estable 3\u00d710<sup>-14<\/sup>@1S,1\u00d710<sup>-16<\/sup>@10000S .<\/p>\n<p class=\"p1\">Puede aplicarse a la ciencia b\u00e1sica, la exploraci\u00f3n del espacio profundo, los equipos modernos de alta tecnolog\u00eda y otros campos.<\/p>","protected":false},"excerpt":{"rendered":"<p>T900-F es un equipo de transmisi\u00f3n de frecuencia de alta precisi\u00f3n por fibra \u00f3ptica basado en una estructura de red en anillo. La estaci\u00f3n central env\u00eda se\u00f1ales de frecuencia y compensa uniformemente las fluctuaciones de fase a trav\u00e9s del bucle cerrado, sin necesidad de estabilizaci\u00f3n de fase individual de cada nodo, lo que resulta muy escalable y requiere poco mantenimiento. La estabilidad de la se\u00f1al de frecuencia reproducida alcanza 3\u00d710-\u00b9\u2074@1s, 1\u00d710-\u00b9\u2076@10000s, lo que resulta adecuado para la sincronizaci\u00f3n de frecuencias de alta precisi\u00f3n en los campos de la investigaci\u00f3n cient\u00edfica b\u00e1sica, la exploraci\u00f3n del espacio profundo y los equipos de gama alta.<\/p>","protected":false},"featured_media":4175,"template":"","meta":{"_acf_changed":false,"site-sidebar-layout":"default","site-content-layout":"","ast-site-content-layout":"default","site-content-style":"default","site-sidebar-style":"default","ast-global-header-display":"","ast-banner-title-visibility":"","ast-main-header-display":"","ast-hfb-above-header-display":"","ast-hfb-below-header-display":"","ast-hfb-mobile-header-display":"","site-post-title":"","ast-breadcrumbs-content":"","ast-featured-img":"","footer-sml-layout":"","theme-transparent-header-meta":"default","adv-header-id-meta":"","stick-header-meta":"default","header-above-stick-meta":"","header-main-stick-meta":"","header-below-stick-meta":"","astra-migrate-meta-layouts":"set","ast-page-background-enabled":"default","ast-page-background-meta":{"desktop":{"background-color":"var(--ast-global-color-4)","background-image":"","background-repeat":"repeat","background-position":"center center","background-size":"auto","background-attachment":"scroll","background-type":"","background-media":"","overlay-type":"","overlay-color":"","overlay-opacity":"","overlay-gradient":""},"tablet":{"background-color":"","background-image":"","background-repeat":"repeat","background-position":"center center","background-size":"auto","background-attachment":"scroll","background-type":"","background-media":"","overlay-type":"","overlay-color":"","overlay-opacity":"","overlay-gradient":""},"mobile":{"background-color":"","background-image":"","background-repeat":"repeat","background-position":"center center","background-size":"auto","background-attachment":"scroll","background-type":"","background-media":"","overlay-type":"","overlay-color":"","overlay-opacity":"","overlay-gradient":""}},"ast-content-background-meta":{"desktop":{"background-color":"var(--ast-global-color-5)","background-image":"","background-repeat":"repeat","background-position":"center center","background-size":"auto","background-attachment":"scroll","background-type":"","background-media":"","overlay-type":"","overlay-color":"","overlay-opacity":"","overlay-gradient":""},"tablet":{"background-color":"var(--ast-global-color-5)","background-image":"","background-repeat":"repeat","background-position":"center center","background-size":"auto","background-attachment":"scroll","background-type":"","background-media":"","overlay-type":"","overlay-color":"","overlay-opacity":"","overlay-gradient":""},"mobile":{"background-color":"var(--ast-global-color-5)","background-image":"","background-repeat":"repeat","background-position":"center center","background-size":"auto","background-attachment":"scroll","background-type":"","background-media":"","overlay-type":"","overlay-color":"","overlay-opacity":"","overlay-gradient":""}}},"product_brand":[],"product_cat":[55],"product_tag":[],"class_list":{"0":"post-4173","1":"product","2":"type-product","3":"status-publish","4":"has-post-thumbnail","6":"product_cat-55","7":"pa_-197","8":"pa_----2u","9":"pa_--0-c--70-c","10":"pa_-communications-infrastructure","11":"pa_-military-aviation","12":"pa_-metrology-and-testing","13":"pa_-1x1010000s","14":"pa_-10mhz-sine-wave-square-wave-output","15":"pa_-100-mhz","16":"pa_-ac-220v","17":"desktop-align-left","18":"tablet-align-left","19":"mobile-align-left","20":"ast-product-gallery-layout-first-image-large","21":"ast-product-gallery-with-no-image","22":"ast-product-tabs-layout-horizontal","24":"first","25":"instock","26":"shipping-taxable","27":"product-type-simple"},"acf":[],"yoast_head":"<!-- This site is optimized with the Yoast SEO plugin v26.0 - https:\/\/yoast.com\/wordpress\/plugins\/seo\/ -->\n<title>T900-F \u5149\u7ea4\u9ad8\u7cbe\u5ea6\u9891\u7387\u4f20\u9012\u8bbe\u5907 - \u5317\u6597\u90a6\u6cf0\u5b98\u7f51<\/title>\n<meta name=\"robots\" content=\"index, follow, max-snippet:-1, max-image-preview:large, max-video-preview:-1\" \/>\n<link rel=\"canonical\" href=\"https:\/\/www.bdpnt.com\/product\/t900-f-high-precision-fiber-optic-frequency-transfer-equipment\/\" \/>\n<meta property=\"og:locale\" content=\"es_ES\" \/>\n<meta property=\"og:type\" content=\"article\" \/>\n<meta property=\"og:title\" content=\"T900-F \u5149\u7ea4\u9ad8\u7cbe\u5ea6\u9891\u7387\u4f20\u9012\u8bbe\u5907 - \u5317\u6597\u90a6\u6cf0\u5b98\u7f51\" \/>\n<meta property=\"og:description\" content=\"T900-F\u662f\u4e00\u6b3e\u57fa\u4e8e\u73af\u7f51\u7ed3\u6784\u7684\u5149\u7ea4\u9ad8\u7cbe\u5ea6\u9891\u7387\u4f20\u9012\u8bbe\u5907\uff0c\u4e2d\u5fc3\u7ad9\u901a\u8fc7\u95ed\u5408\u73af\u8def\u53d1\u9001\u9891\u7387\u4fe1\u53f7\u5e76\u7edf\u4e00\u8865\u507f\u76f8\u4f4d\u6ce2\u52a8\uff0c\u65e0\u9700\u5bf9\u5404\u8282\u70b9\u5355\u72ec\u7a33\u76f8\uff0c\u5177\u5907\u9ad8\u6269\u5c55\u6027\u4e0e\u4f4e\u7ef4\u62a4\u6027\u3002\u590d\u73b0\u7684\u9891\u7387\u4fe1\u53f7\u7a33\u5b9a\u5ea6\u8fbe3\u00d710\u207b\u00b9\u2074@1s\uff0c1\u00d710\u207b\u00b9\u2076@10000s\uff0c\u9002\u7528\u4e8e\u57fa\u7840\u79d1\u7814\u3001\u6df1\u7a7a\u63a2\u6d4b\u53ca\u9ad8\u7aef\u88c5\u5907\u7b49\u9ad8\u7cbe\u5ea6\u9891\u7387\u540c\u6b65\u9886\u57df\u3002\" \/>\n<meta property=\"og:url\" content=\"https:\/\/www.bdpnt.com\/product\/t900-f-high-precision-fiber-optic-frequency-transfer-equipment\/\" \/>\n<meta property=\"og:site_name\" content=\"\u5317\u6597\u90a6\u6cf0\u5b98\u7f51\" \/>\n<meta property=\"article:modified_time\" content=\"2026-03-18T06:35:27+00:00\" \/>\n<meta property=\"og:image\" content=\"https:\/\/www.bdpnt.com\/wp-content\/uploads\/2025\/07\/T900-F-\u84dd\u8272\u4ea7\u54c1\u80cc\u666f\u6a21\u7248.png\" \/>\n\t<meta property=\"og:image:width\" content=\"960\" \/>\n\t<meta property=\"og:image:height\" content=\"480\" \/>\n\t<meta property=\"og:image:type\" content=\"image\/png\" \/>\n<meta name=\"twitter:card\" content=\"summary_large_image\" \/>\n<meta name=\"twitter:label1\" content=\"Tiempo de lectura\" \/>\n\t<meta name=\"twitter:data1\" content=\"1 minuto\" \/>\n<script type=\"application\/ld+json\" class=\"yoast-schema-graph\">{\"@context\":\"https:\/\/schema.org\",\"@graph\":[{\"@type\":\"WebPage\",\"@id\":\"https:\/\/www.bdpnt.com\/product\/t900-f-high-precision-fiber-optic-frequency-transfer-equipment\/\",\"url\":\"https:\/\/www.bdpnt.com\/product\/t900-f-high-precision-fiber-optic-frequency-transfer-equipment\/\",\"name\":\"T900-F \u5149\u7ea4\u9ad8\u7cbe\u5ea6\u9891\u7387\u4f20\u9012\u8bbe\u5907 - \u5317\u6597\u90a6\u6cf0\u5b98\u7f51\",\"isPartOf\":{\"@id\":\"https:\/\/www.bdpnt.com\/#website\"},\"primaryImageOfPage\":{\"@id\":\"https:\/\/www.bdpnt.com\/product\/t900-f-high-precision-fiber-optic-frequency-transfer-equipment\/#primaryimage\"},\"image\":{\"@id\":\"https:\/\/www.bdpnt.com\/product\/t900-f-high-precision-fiber-optic-frequency-transfer-equipment\/#primaryimage\"},\"thumbnailUrl\":\"https:\/\/bdpnt.com\/wp-content\/uploads\/2025\/07\/T900-F-\u84dd\u8272\u4ea7\u54c1\u80cc\u666f\u6a21\u7248.png\",\"datePublished\":\"2025-07-07T05:15:53+00:00\",\"dateModified\":\"2026-03-18T06:35:27+00:00\",\"breadcrumb\":{\"@id\":\"https:\/\/www.bdpnt.com\/product\/t900-f-high-precision-fiber-optic-frequency-transfer-equipment\/#breadcrumb\"},\"inLanguage\":\"es\",\"potentialAction\":[{\"@type\":\"ReadAction\",\"target\":[\"https:\/\/www.bdpnt.com\/product\/t900-f-high-precision-fiber-optic-frequency-transfer-equipment\/\"]}]},{\"@type\":\"ImageObject\",\"inLanguage\":\"es\",\"@id\":\"https:\/\/www.bdpnt.com\/product\/t900-f-high-precision-fiber-optic-frequency-transfer-equipment\/#primaryimage\",\"url\":\"https:\/\/bdpnt.com\/wp-content\/uploads\/2025\/07\/T900-F-\u84dd\u8272\u4ea7\u54c1\u80cc\u666f\u6a21\u7248.png\",\"contentUrl\":\"https:\/\/bdpnt.com\/wp-content\/uploads\/2025\/07\/T900-F-\u84dd\u8272\u4ea7\u54c1\u80cc\u666f\u6a21\u7248.png\",\"width\":960,\"height\":480},{\"@type\":\"BreadcrumbList\",\"@id\":\"https:\/\/www.bdpnt.com\/product\/t900-f-high-precision-fiber-optic-frequency-transfer-equipment\/#breadcrumb\",\"itemListElement\":[{\"@type\":\"ListItem\",\"position\":1,\"name\":\"\u9996\u9875\",\"item\":\"https:\/\/www.bdpnt.com\/\"},{\"@type\":\"ListItem\",\"position\":2,\"name\":\"Shop\",\"item\":\"https:\/\/www.bdpnt.com\/shop\/\"},{\"@type\":\"ListItem\",\"position\":3,\"name\":\"\u4ea7\u54c1\",\"item\":\"https:\/\/www.bdpnt.com\/product-category\/products\/\"},{\"@type\":\"ListItem\",\"position\":4,\"name\":\"\u65f6\u95f4\u9891\u7387\u4f20\u9012\",\"item\":\"https:\/\/www.bdpnt.com\/de\/product-category\/produkte\/zeit-frequenz-ubertragung\/\"},{\"@type\":\"ListItem\",\"position\":5,\"name\":\"\u5149\u7ea4\u9891\u7387\u4f20\u9012\",\"item\":\"https:\/\/www.bdpnt.com\/product-category\/products\/time-frequency-transfer\/%e5%85%89%e7%ba%a4%e9%a2%91%e7%8e%87%e4%bc%a0%e9%80%92\/\"},{\"@type\":\"ListItem\",\"position\":6,\"name\":\"T900-F \u5149\u7ea4\u9ad8\u7cbe\u5ea6\u9891\u7387\u4f20\u9012\u8bbe\u5907\"}]},{\"@type\":\"WebSite\",\"@id\":\"https:\/\/www.bdpnt.com\/#website\",\"url\":\"https:\/\/www.bdpnt.com\/\",\"name\":\"\u5317\u6597\u90a6\u6cf0\u5b98\u7f51\",\"description\":\"bdstar time website\",\"publisher\":{\"@id\":\"https:\/\/www.bdpnt.com\/#organization\"},\"alternateName\":\"BDSTAR TIME\",\"potentialAction\":[{\"@type\":\"SearchAction\",\"target\":{\"@type\":\"EntryPoint\",\"urlTemplate\":\"https:\/\/www.bdpnt.com\/?s={search_term_string}\"},\"query-input\":{\"@type\":\"PropertyValueSpecification\",\"valueRequired\":true,\"valueName\":\"search_term_string\"}}],\"inLanguage\":\"es\"},{\"@type\":\"Organization\",\"@id\":\"https:\/\/www.bdpnt.com\/#organization\",\"name\":\"\u5317\u6597\u90a6\u6cf0\u5b98\u7f51\",\"alternateName\":\"BDSTAR TIME\",\"url\":\"https:\/\/www.bdpnt.com\/\",\"logo\":{\"@type\":\"ImageObject\",\"inLanguage\":\"es\",\"@id\":\"https:\/\/www.bdpnt.com\/#\/schema\/logo\/image\/\",\"url\":\"https:\/\/bdpnt.com\/wp-content\/uploads\/2025\/04\/\u5317\u6597\u90a6\u6cf0\u6700\u7ec8logo-\u6700\u7ec8\u7248\u5f69\u8272.png\",\"contentUrl\":\"https:\/\/bdpnt.com\/wp-content\/uploads\/2025\/04\/\u5317\u6597\u90a6\u6cf0\u6700\u7ec8logo-\u6700\u7ec8\u7248\u5f69\u8272.png\",\"width\":234,\"height\":76,\"caption\":\"\u5317\u6597\u90a6\u6cf0\u5b98\u7f51\"},\"image\":{\"@id\":\"https:\/\/www.bdpnt.com\/#\/schema\/logo\/image\/\"}}]}<\/script>\n<!-- \/ Yoast SEO plugin. -->","yoast_head_json":{"title":"T900-F Equipo de transferencia de frecuencia de alta precisi\u00f3n por fibra \u00f3ptica - Sitio web oficial de Beidou Bangtai","robots":{"index":"index","follow":"follow","max-snippet":"max-snippet:-1","max-image-preview":"max-image-preview:large","max-video-preview":"max-video-preview:-1"},"canonical":"https:\/\/www.bdpnt.com\/product\/t900-f-high-precision-fiber-optic-frequency-transfer-equipment\/","og_locale":"es_ES","og_type":"article","og_title":"T900-F \u5149\u7ea4\u9ad8\u7cbe\u5ea6\u9891\u7387\u4f20\u9012\u8bbe\u5907 - \u5317\u6597\u90a6\u6cf0\u5b98\u7f51","og_description":"T900-F\u662f\u4e00\u6b3e\u57fa\u4e8e\u73af\u7f51\u7ed3\u6784\u7684\u5149\u7ea4\u9ad8\u7cbe\u5ea6\u9891\u7387\u4f20\u9012\u8bbe\u5907\uff0c\u4e2d\u5fc3\u7ad9\u901a\u8fc7\u95ed\u5408\u73af\u8def\u53d1\u9001\u9891\u7387\u4fe1\u53f7\u5e76\u7edf\u4e00\u8865\u507f\u76f8\u4f4d\u6ce2\u52a8\uff0c\u65e0\u9700\u5bf9\u5404\u8282\u70b9\u5355\u72ec\u7a33\u76f8\uff0c\u5177\u5907\u9ad8\u6269\u5c55\u6027\u4e0e\u4f4e\u7ef4\u62a4\u6027\u3002\u590d\u73b0\u7684\u9891\u7387\u4fe1\u53f7\u7a33\u5b9a\u5ea6\u8fbe3\u00d710\u207b\u00b9\u2074@1s\uff0c1\u00d710\u207b\u00b9\u2076@10000s\uff0c\u9002\u7528\u4e8e\u57fa\u7840\u79d1\u7814\u3001\u6df1\u7a7a\u63a2\u6d4b\u53ca\u9ad8\u7aef\u88c5\u5907\u7b49\u9ad8\u7cbe\u5ea6\u9891\u7387\u540c\u6b65\u9886\u57df\u3002","og_url":"https:\/\/www.bdpnt.com\/product\/t900-f-high-precision-fiber-optic-frequency-transfer-equipment\/","og_site_name":"\u5317\u6597\u90a6\u6cf0\u5b98\u7f51","article_modified_time":"2026-03-18T06:35:27+00:00","og_image":[{"width":960,"height":480,"url":"https:\/\/www.bdpnt.com\/wp-content\/uploads\/2025\/07\/T900-F-\u84dd\u8272\u4ea7\u54c1\u80cc\u666f\u6a21\u7248.png","type":"image\/png"}],"twitter_card":"summary_large_image","twitter_misc":{"Tiempo de lectura":"1 minuto"},"schema":{"@context":"https:\/\/schema.org","@graph":[{"@type":"WebPage","@id":"https:\/\/www.bdpnt.com\/product\/t900-f-high-precision-fiber-optic-frequency-transfer-equipment\/","url":"https:\/\/www.bdpnt.com\/product\/t900-f-high-precision-fiber-optic-frequency-transfer-equipment\/","name":"T900-F Equipo de transferencia de frecuencia de alta precisi\u00f3n por fibra \u00f3ptica - Sitio web oficial de Beidou Bangtai","isPartOf":{"@id":"https:\/\/www.bdpnt.com\/#website"},"primaryImageOfPage":{"@id":"https:\/\/www.bdpnt.com\/product\/t900-f-high-precision-fiber-optic-frequency-transfer-equipment\/#primaryimage"},"image":{"@id":"https:\/\/www.bdpnt.com\/product\/t900-f-high-precision-fiber-optic-frequency-transfer-equipment\/#primaryimage"},"thumbnailUrl":"https:\/\/bdpnt.com\/wp-content\/uploads\/2025\/07\/T900-F-\u84dd\u8272\u4ea7\u54c1\u80cc\u666f\u6a21\u7248.png","datePublished":"2025-07-07T05:15:53+00:00","dateModified":"2026-03-18T06:35:27+00:00","breadcrumb":{"@id":"https:\/\/www.bdpnt.com\/product\/t900-f-high-precision-fiber-optic-frequency-transfer-equipment\/#breadcrumb"},"inLanguage":"es","potentialAction":[{"@type":"ReadAction","target":["https:\/\/www.bdpnt.com\/product\/t900-f-high-precision-fiber-optic-frequency-transfer-equipment\/"]}]},{"@type":"ImageObject","inLanguage":"es","@id":"https:\/\/www.bdpnt.com\/product\/t900-f-high-precision-fiber-optic-frequency-transfer-equipment\/#primaryimage","url":"https:\/\/bdpnt.com\/wp-content\/uploads\/2025\/07\/T900-F-\u84dd\u8272\u4ea7\u54c1\u80cc\u666f\u6a21\u7248.png","contentUrl":"https:\/\/bdpnt.com\/wp-content\/uploads\/2025\/07\/T900-F-\u84dd\u8272\u4ea7\u54c1\u80cc\u666f\u6a21\u7248.png","width":960,"height":480},{"@type":"BreadcrumbList","@id":"https:\/\/www.bdpnt.com\/product\/t900-f-high-precision-fiber-optic-frequency-transfer-equipment\/#breadcrumb","itemListElement":[{"@type":"ListItem","position":1,"name":"\u9996\u9875","item":"https:\/\/www.bdpnt.com\/"},{"@type":"ListItem","position":2,"name":"Shop","item":"https:\/\/www.bdpnt.com\/shop\/"},{"@type":"ListItem","position":3,"name":"\u4ea7\u54c1","item":"https:\/\/www.bdpnt.com\/product-category\/products\/"},{"@type":"ListItem","position":4,"name":"\u65f6\u95f4\u9891\u7387\u4f20\u9012","item":"https:\/\/www.bdpnt.com\/de\/product-category\/produkte\/zeit-frequenz-ubertragung\/"},{"@type":"ListItem","position":5,"name":"\u5149\u7ea4\u9891\u7387\u4f20\u9012","item":"https:\/\/www.bdpnt.com\/product-category\/products\/time-frequency-transfer\/%e5%85%89%e7%ba%a4%e9%a2%91%e7%8e%87%e4%bc%a0%e9%80%92\/"},{"@type":"ListItem","position":6,"name":"T900-F \u5149\u7ea4\u9ad8\u7cbe\u5ea6\u9891\u7387\u4f20\u9012\u8bbe\u5907"}]},{"@type":"WebSite","@id":"https:\/\/www.bdpnt.com\/#website","url":"https:\/\/www.bdpnt.com\/","name":"P\u00e1gina oficial de Beidoubangtai","description":"bdstar time website","publisher":{"@id":"https:\/\/www.bdpnt.com\/#organization"},"alternateName":"BDSTAR TIME","potentialAction":[{"@type":"SearchAction","target":{"@type":"EntryPoint","urlTemplate":"https:\/\/www.bdpnt.com\/?s={search_term_string}"},"query-input":{"@type":"PropertyValueSpecification","valueRequired":true,"valueName":"search_term_string"}}],"inLanguage":"es"},{"@type":"Organization","@id":"https:\/\/www.bdpnt.com\/#organization","name":"P\u00e1gina oficial de Beidoubangtai","alternateName":"BDSTAR TIME","url":"https:\/\/www.bdpnt.com\/","logo":{"@type":"ImageObject","inLanguage":"es","@id":"https:\/\/www.bdpnt.com\/#\/schema\/logo\/image\/","url":"https:\/\/bdpnt.com\/wp-content\/uploads\/2025\/04\/\u5317\u6597\u90a6\u6cf0\u6700\u7ec8logo-\u6700\u7ec8\u7248\u5f69\u8272.png","contentUrl":"https:\/\/bdpnt.com\/wp-content\/uploads\/2025\/04\/\u5317\u6597\u90a6\u6cf0\u6700\u7ec8logo-\u6700\u7ec8\u7248\u5f69\u8272.png","width":234,"height":76,"caption":"\u5317\u6597\u90a6\u6cf0\u5b98\u7f51"},"image":{"@id":"https:\/\/www.bdpnt.com\/#\/schema\/logo\/image\/"}}]}},"_links":{"self":[{"href":"https:\/\/bdpnt.com\/es\/wp-json\/wp\/v2\/product\/4173","targetHints":{"allow":["GET"]}}],"collection":[{"href":"https:\/\/bdpnt.com\/es\/wp-json\/wp\/v2\/product"}],"about":[{"href":"https:\/\/bdpnt.com\/es\/wp-json\/wp\/v2\/types\/product"}],"version-history":[{"count":9,"href":"https:\/\/bdpnt.com\/es\/wp-json\/wp\/v2\/product\/4173\/revisions"}],"predecessor-version":[{"id":14298,"href":"https:\/\/bdpnt.com\/es\/wp-json\/wp\/v2\/product\/4173\/revisions\/14298"}],"wp:featuredmedia":[{"embeddable":true,"href":"https:\/\/bdpnt.com\/es\/wp-json\/wp\/v2\/media\/4175"}],"wp:attachment":[{"href":"https:\/\/bdpnt.com\/es\/wp-json\/wp\/v2\/media?parent=4173"}],"wp:term":[{"taxonomy":"product_brand","embeddable":true,"href":"https:\/\/bdpnt.com\/es\/wp-json\/wp\/v2\/product_brand?post=4173"},{"taxonomy":"product_cat","embeddable":true,"href":"https:\/\/bdpnt.com\/es\/wp-json\/wp\/v2\/product_cat?post=4173"},{"taxonomy":"product_tag","embeddable":true,"href":"https:\/\/bdpnt.com\/es\/wp-json\/wp\/v2\/product_tag?post=4173"}],"curies":[{"name":"wp","href":"https:\/\/api.w.org\/{rel}","templated":true}]}}