{"id":3840,"date":"2025-07-03T13:39:49","date_gmt":"2025-07-03T05:39:49","guid":{"rendered":"https:\/\/bdstarpnt.com\/?post_type=product&#038;p=3840"},"modified":"2026-03-18T14:36:10","modified_gmt":"2026-03-18T06:36:10","slug":"cx910-oscilador-de-cristal-de-ultra-alta-estabilidad-y-bajo-ruido-de-fase-2","status":"publish","type":"product","link":"https:\/\/bdpnt.com\/es\/product\/cx910-oscilador-de-cristal-de-ultra-alta-estabilidad-y-bajo-ruido-de-fase-2\/","title":{"rendered":"Oscilador de cristal de ultra alta estabilidad y bajo ruido de fase CX910"},"content":{"rendered":"","protected":false},"excerpt":{"rendered":"<p class=\"p1\">El CX910 es un cristal de alta estabilidad con termostato dual de salida de 4 v\u00edas, que utiliza cristales de alta precisi\u00f3n de corte SC y circuitos osciladores de bajo ruido personalizados, equipados con un sistema de control de temperatura de cobre puro. El ruido de fase alcanza -126dBc\/Hz@1Hz, y el regulador de tensi\u00f3n interno independiente y el dise\u00f1o de control de temperatura separado reducen eficazmente las interferencias. Regulador lineal multietapa para reducir el ruido de la fuente de alimentaci\u00f3n hasta el nivel de nV, mejorando significativamente el ruido de fase de salida de 10MHz y el rendimiento de estabilizaci\u00f3n a corto plazo. Adecuado para radar, contramedidas electr\u00f3nicas, medici\u00f3n y control aeroespacial y escenarios est\u00e1ndar de medici\u00f3n de ruido de fase.<\/p>","protected":false},"featured_media":3935,"template":"","meta":{"_acf_changed":false,"site-sidebar-layout":"default","site-content-layout":"","ast-site-content-layout":"default","site-content-style":"default","site-sidebar-style":"default","ast-global-header-display":"","ast-banner-title-visibility":"","ast-main-header-display":"","ast-hfb-above-header-display":"","ast-hfb-below-header-display":"","ast-hfb-mobile-header-display":"","site-post-title":"","ast-breadcrumbs-content":"","ast-featured-img":"","footer-sml-layout":"","theme-transparent-header-meta":"default","adv-header-id-meta":"","stick-header-meta":"default","header-above-stick-meta":"","header-main-stick-meta":"","header-below-stick-meta":"","astra-migrate-meta-layouts":"set","ast-page-background-enabled":"default","ast-page-background-meta":{"desktop":{"background-color":"var(--ast-global-color-4)","background-image":"","background-repeat":"repeat","background-position":"center center","background-size":"auto","background-attachment":"scroll","background-type":"","background-media":"","overlay-type":"","overlay-color":"","overlay-opacity":"","overlay-gradient":""},"tablet":{"background-color":"","background-image":"","background-repeat":"repeat","background-position":"center center","background-size":"auto","background-attachment":"scroll","background-type":"","background-media":"","overlay-type":"","overlay-color":"","overlay-opacity":"","overlay-gradient":""},"mobile":{"background-color":"","background-image":"","background-repeat":"repeat","background-position":"center center","background-size":"auto","background-attachment":"scroll","background-type":"","background-media":"","overlay-type":"","overlay-color":"","overlay-opacity":"","overlay-gradient":""}},"ast-content-background-meta":{"desktop":{"background-color":"var(--ast-global-color-5)","background-image":"","background-repeat":"repeat","background-position":"center center","background-size":"auto","background-attachment":"scroll","background-type":"","background-media":"","overlay-type":"","overlay-color":"","overlay-opacity":"","overlay-gradient":""},"tablet":{"background-color":"var(--ast-global-color-5)","background-image":"","background-repeat":"repeat","background-position":"center center","background-size":"auto","background-attachment":"scroll","background-type":"","background-media":"","overlay-type":"","overlay-color":"","overlay-opacity":"","overlay-gradient":""},"mobile":{"background-color":"var(--ast-global-color-5)","background-image":"","background-repeat":"repeat","background-position":"center center","background-size":"auto","background-attachment":"scroll","background-type":"","background-media":"","overlay-type":"","overlay-color":"","overlay-opacity":"","overlay-gradient":""}}},"product_brand":[],"product_cat":[48],"product_tag":[],"class_list":{"0":"post-3840","1":"product","2":"type-product","3":"status-publish","4":"has-post-thumbnail","6":"product_cat-48","7":"pa_-197","8":"pa_--237","9":"pa_--0-c--70-c","10":"pa_-military-aviation","11":"pa_-metrology-and-testing","12":"pa_-communications-infrastructure","13":"pa_---160dbc-hz1khz","14":"pa_-225","15":"pa_-224","16":"pa_-10mhz-sine-wave-square-wave-output","17":"pa_-dc-15v","18":"desktop-align-left","19":"tablet-align-left","20":"mobile-align-left","21":"ast-product-gallery-layout-first-image-large","22":"ast-product-gallery-with-no-image","23":"ast-product-tabs-layout-horizontal","25":"first","26":"instock","27":"shipping-taxable","28":"product-type-simple"},"acf":[],"yoast_head":"<!-- This site is optimized with the Yoast SEO plugin v26.0 - https:\/\/yoast.com\/wordpress\/plugins\/seo\/ -->\n<title>CX910 \u8d85\u9ad8\u7a33\u4f4e\u76f8\u566a\u6676\u4f53\u632f\u8361\u5668 - \u5317\u6597\u90a6\u6cf0\u5b98\u7f51<\/title>\n<meta name=\"robots\" content=\"index, follow, max-snippet:-1, max-image-preview:large, max-video-preview:-1\" \/>\n<link rel=\"canonical\" href=\"https:\/\/www.bdpnt.com\/es\/product\/cx910-oscilador-de-cristal-de-ultra-alta-estabilidad-y-bajo-ruido-de-fase-2\/\" \/>\n<meta property=\"og:locale\" content=\"es_ES\" \/>\n<meta property=\"og:type\" content=\"article\" \/>\n<meta property=\"og:title\" content=\"CX910 \u8d85\u9ad8\u7a33\u4f4e\u76f8\u566a\u6676\u4f53\u632f\u8361\u5668 - \u5317\u6597\u90a6\u6cf0\u5b98\u7f51\" \/>\n<meta property=\"og:description\" content=\"CX910\u662f\u4e00\u6b3e4\u8def\u8f93\u51fa\u7684\u53cc\u6052\u6e29\u9ad8\u7a33\u6676\u632f\uff0c\u91c7\u7528SC\u5207\u9ad8\u7cbe\u5ea6\u6676\u4f53\u4e0e\u5b9a\u5236\u4f4e\u566a\u632f\u8361\u7535\u8def\uff0c\u914d\u5907\u7eaf\u94dc\u63a7\u6e29\u7cfb\u7edf\u3002\u76f8\u566a\u8fbe-126dBc\/Hz@1Hz\uff0c\u5185\u90e8\u72ec\u7acb\u7a33\u538b\u4e0e\u5206\u79bb\u63a7\u6e29\u8bbe\u8ba1\uff0c\u6709\u6548\u964d\u4f4e\u5e72\u6270\u3002\u591a\u7ea7\u7ebf\u6027\u7a33\u538b\u5668\u5c06\u6838\u5fc3\u7535\u6e90\u566a\u58f0\u538b\u81f3nV\u7ea7\uff0c\u663e\u8457\u63d0\u534710MHz\u8f93\u51fa\u7684\u76f8\u566a\u4e0e\u77ed\u7a33\u6027\u80fd\u3002\u9002\u7528\u4e8e\u96f7\u8fbe\u3001\u7535\u5b50\u5bf9\u6297\u3001\u822a\u5929\u6d4b\u63a7\u53ca\u76f8\u566a\u6d4b\u91cf\u6807\u51c6\u573a\u666f\u3002\" \/>\n<meta property=\"og:url\" content=\"https:\/\/www.bdpnt.com\/es\/product\/cx910-oscilador-de-cristal-de-ultra-alta-estabilidad-y-bajo-ruido-de-fase-2\/\" \/>\n<meta property=\"og:site_name\" content=\"\u5317\u6597\u90a6\u6cf0\u5b98\u7f51\" \/>\n<meta property=\"article:modified_time\" content=\"2026-03-18T06:36:10+00:00\" \/>\n<meta property=\"og:image\" content=\"https:\/\/www.bdpnt.com\/wp-content\/uploads\/2025\/07\/CX910\u84dd\u8272\u4ea7\u54c1\u80cc\u666f.jpg\" \/>\n\t<meta property=\"og:image:width\" content=\"960\" \/>\n\t<meta property=\"og:image:height\" content=\"480\" \/>\n\t<meta property=\"og:image:type\" content=\"image\/jpeg\" \/>\n<meta name=\"twitter:card\" content=\"summary_large_image\" \/>\n<meta name=\"twitter:label1\" content=\"Tiempo de lectura\" \/>\n\t<meta name=\"twitter:data1\" content=\"1 minuto\" \/>\n<script type=\"application\/ld+json\" class=\"yoast-schema-graph\">{\"@context\":\"https:\/\/schema.org\",\"@graph\":[{\"@type\":\"WebPage\",\"@id\":\"https:\/\/www.bdpnt.com\/es\/product\/cx910-oscilador-de-cristal-de-ultra-alta-estabilidad-y-bajo-ruido-de-fase-2\/\",\"url\":\"https:\/\/www.bdpnt.com\/es\/product\/cx910-oscilador-de-cristal-de-ultra-alta-estabilidad-y-bajo-ruido-de-fase-2\/\",\"name\":\"CX910 \u8d85\u9ad8\u7a33\u4f4e\u76f8\u566a\u6676\u4f53\u632f\u8361\u5668 - \u5317\u6597\u90a6\u6cf0\u5b98\u7f51\",\"isPartOf\":{\"@id\":\"https:\/\/www.bdpnt.com\/ja\/#website\"},\"primaryImageOfPage\":{\"@id\":\"https:\/\/www.bdpnt.com\/es\/product\/cx910-oscilador-de-cristal-de-ultra-alta-estabilidad-y-bajo-ruido-de-fase-2\/#primaryimage\"},\"image\":{\"@id\":\"https:\/\/www.bdpnt.com\/es\/product\/cx910-oscilador-de-cristal-de-ultra-alta-estabilidad-y-bajo-ruido-de-fase-2\/#primaryimage\"},\"thumbnailUrl\":\"https:\/\/bdpnt.com\/wp-content\/uploads\/2025\/07\/CX910\u84dd\u8272\u4ea7\u54c1\u80cc\u666f.jpg\",\"datePublished\":\"2025-07-03T05:39:49+00:00\",\"dateModified\":\"2026-03-18T06:36:10+00:00\",\"breadcrumb\":{\"@id\":\"https:\/\/www.bdpnt.com\/es\/product\/cx910-oscilador-de-cristal-de-ultra-alta-estabilidad-y-bajo-ruido-de-fase-2\/#breadcrumb\"},\"inLanguage\":\"es\",\"potentialAction\":[{\"@type\":\"ReadAction\",\"target\":[\"https:\/\/www.bdpnt.com\/es\/product\/cx910-oscilador-de-cristal-de-ultra-alta-estabilidad-y-bajo-ruido-de-fase-2\/\"]}]},{\"@type\":\"ImageObject\",\"inLanguage\":\"es\",\"@id\":\"https:\/\/www.bdpnt.com\/es\/product\/cx910-oscilador-de-cristal-de-ultra-alta-estabilidad-y-bajo-ruido-de-fase-2\/#primaryimage\",\"url\":\"https:\/\/bdpnt.com\/wp-content\/uploads\/2025\/07\/CX910\u84dd\u8272\u4ea7\u54c1\u80cc\u666f.jpg\",\"contentUrl\":\"https:\/\/bdpnt.com\/wp-content\/uploads\/2025\/07\/CX910\u84dd\u8272\u4ea7\u54c1\u80cc\u666f.jpg\",\"width\":960,\"height\":480},{\"@type\":\"BreadcrumbList\",\"@id\":\"https:\/\/www.bdpnt.com\/es\/product\/cx910-oscilador-de-cristal-de-ultra-alta-estabilidad-y-bajo-ruido-de-fase-2\/#breadcrumb\",\"itemListElement\":[{\"@type\":\"ListItem\",\"position\":1,\"name\":\"\u9996\u9875\",\"item\":\"https:\/\/www.bdpnt.com\/\"},{\"@type\":\"ListItem\",\"position\":2,\"name\":\"Shop\",\"item\":\"https:\/\/www.bdpnt.com\/shop\/\"},{\"@type\":\"ListItem\",\"position\":3,\"name\":\"\u4ea7\u54c1\",\"item\":\"https:\/\/www.bdpnt.com\/product-category\/products\/\"},{\"@type\":\"ListItem\",\"position\":4,\"name\":\"\u65f6\u95f4\u4e0e\u9891\u7387\u57fa\u51c6\u8bbe\u5907\",\"item\":\"http:\/\/www.bdpnt.com\/en\/product-category\/products\/time-trequency-primary-standard\/\"},{\"@type\":\"ListItem\",\"position\":5,\"name\":\"\u8d85\u9ad8\u7a33\u6676\u632f\",\"item\":\"https:\/\/www.bdpnt.com\/es\/product-category\/productos\/trecuencia-temporal-norma-primaria\/cristales-de-ultra-alta-estabilidad\/\"},{\"@type\":\"ListItem\",\"position\":6,\"name\":\"CX910 \u8d85\u9ad8\u7a33\u4f4e\u76f8\u566a\u6676\u4f53\u632f\u8361\u5668\"}]},{\"@type\":\"WebSite\",\"@id\":\"https:\/\/www.bdpnt.com\/ja\/#website\",\"url\":\"https:\/\/www.bdpnt.com\/ja\/\",\"name\":\"\u5317\u6597\u90a6\u6cf0\u5b98\u7f51\",\"description\":\"bdstar time website\",\"publisher\":{\"@id\":\"https:\/\/www.bdpnt.com\/ja\/#organization\"},\"alternateName\":\"BDSTAR TIME\",\"potentialAction\":[{\"@type\":\"SearchAction\",\"target\":{\"@type\":\"EntryPoint\",\"urlTemplate\":\"https:\/\/www.bdpnt.com\/ja\/?s={search_term_string}\"},\"query-input\":{\"@type\":\"PropertyValueSpecification\",\"valueRequired\":true,\"valueName\":\"search_term_string\"}}],\"inLanguage\":\"es\"},{\"@type\":\"Organization\",\"@id\":\"https:\/\/www.bdpnt.com\/ja\/#organization\",\"name\":\"\u5317\u6597\u90a6\u6cf0\u5b98\u7f51\",\"alternateName\":\"BDSTAR TIME\",\"url\":\"https:\/\/www.bdpnt.com\/ja\/\",\"logo\":{\"@type\":\"ImageObject\",\"inLanguage\":\"es\",\"@id\":\"https:\/\/www.bdpnt.com\/ja\/#\/schema\/logo\/image\/\",\"url\":\"https:\/\/bdpnt.com\/wp-content\/uploads\/2025\/04\/\u5317\u6597\u90a6\u6cf0\u6700\u7ec8logo-\u6700\u7ec8\u7248\u5f69\u8272.png\",\"contentUrl\":\"https:\/\/bdpnt.com\/wp-content\/uploads\/2025\/04\/\u5317\u6597\u90a6\u6cf0\u6700\u7ec8logo-\u6700\u7ec8\u7248\u5f69\u8272.png\",\"width\":234,\"height\":76,\"caption\":\"\u5317\u6597\u90a6\u6cf0\u5b98\u7f51\"},\"image\":{\"@id\":\"https:\/\/www.bdpnt.com\/ja\/#\/schema\/logo\/image\/\"}}]}<\/script>\n<!-- \/ Yoast SEO plugin. -->","yoast_head_json":{"title":"CX910 Oscilador de cristal de ultra alta estabilidad y bajo ruido de fase - BeidouBangtai.com","robots":{"index":"index","follow":"follow","max-snippet":"max-snippet:-1","max-image-preview":"max-image-preview:large","max-video-preview":"max-video-preview:-1"},"canonical":"https:\/\/www.bdpnt.com\/es\/product\/cx910-oscilador-de-cristal-de-ultra-alta-estabilidad-y-bajo-ruido-de-fase-2\/","og_locale":"es_ES","og_type":"article","og_title":"CX910 \u8d85\u9ad8\u7a33\u4f4e\u76f8\u566a\u6676\u4f53\u632f\u8361\u5668 - \u5317\u6597\u90a6\u6cf0\u5b98\u7f51","og_description":"CX910\u662f\u4e00\u6b3e4\u8def\u8f93\u51fa\u7684\u53cc\u6052\u6e29\u9ad8\u7a33\u6676\u632f\uff0c\u91c7\u7528SC\u5207\u9ad8\u7cbe\u5ea6\u6676\u4f53\u4e0e\u5b9a\u5236\u4f4e\u566a\u632f\u8361\u7535\u8def\uff0c\u914d\u5907\u7eaf\u94dc\u63a7\u6e29\u7cfb\u7edf\u3002\u76f8\u566a\u8fbe-126dBc\/Hz@1Hz\uff0c\u5185\u90e8\u72ec\u7acb\u7a33\u538b\u4e0e\u5206\u79bb\u63a7\u6e29\u8bbe\u8ba1\uff0c\u6709\u6548\u964d\u4f4e\u5e72\u6270\u3002\u591a\u7ea7\u7ebf\u6027\u7a33\u538b\u5668\u5c06\u6838\u5fc3\u7535\u6e90\u566a\u58f0\u538b\u81f3nV\u7ea7\uff0c\u663e\u8457\u63d0\u534710MHz\u8f93\u51fa\u7684\u76f8\u566a\u4e0e\u77ed\u7a33\u6027\u80fd\u3002\u9002\u7528\u4e8e\u96f7\u8fbe\u3001\u7535\u5b50\u5bf9\u6297\u3001\u822a\u5929\u6d4b\u63a7\u53ca\u76f8\u566a\u6d4b\u91cf\u6807\u51c6\u573a\u666f\u3002","og_url":"https:\/\/www.bdpnt.com\/es\/product\/cx910-oscilador-de-cristal-de-ultra-alta-estabilidad-y-bajo-ruido-de-fase-2\/","og_site_name":"\u5317\u6597\u90a6\u6cf0\u5b98\u7f51","article_modified_time":"2026-03-18T06:36:10+00:00","og_image":[{"width":960,"height":480,"url":"https:\/\/www.bdpnt.com\/wp-content\/uploads\/2025\/07\/CX910\u84dd\u8272\u4ea7\u54c1\u80cc\u666f.jpg","type":"image\/jpeg"}],"twitter_card":"summary_large_image","twitter_misc":{"Tiempo de lectura":"1 minuto"},"schema":{"@context":"https:\/\/schema.org","@graph":[{"@type":"WebPage","@id":"https:\/\/www.bdpnt.com\/es\/product\/cx910-oscilador-de-cristal-de-ultra-alta-estabilidad-y-bajo-ruido-de-fase-2\/","url":"https:\/\/www.bdpnt.com\/es\/product\/cx910-oscilador-de-cristal-de-ultra-alta-estabilidad-y-bajo-ruido-de-fase-2\/","name":"CX910 Oscilador de cristal de ultra alta estabilidad y bajo ruido de fase - BeidouBangtai.com","isPartOf":{"@id":"https:\/\/www.bdpnt.com\/ja\/#website"},"primaryImageOfPage":{"@id":"https:\/\/www.bdpnt.com\/es\/product\/cx910-oscilador-de-cristal-de-ultra-alta-estabilidad-y-bajo-ruido-de-fase-2\/#primaryimage"},"image":{"@id":"https:\/\/www.bdpnt.com\/es\/product\/cx910-oscilador-de-cristal-de-ultra-alta-estabilidad-y-bajo-ruido-de-fase-2\/#primaryimage"},"thumbnailUrl":"https:\/\/bdpnt.com\/wp-content\/uploads\/2025\/07\/CX910\u84dd\u8272\u4ea7\u54c1\u80cc\u666f.jpg","datePublished":"2025-07-03T05:39:49+00:00","dateModified":"2026-03-18T06:36:10+00:00","breadcrumb":{"@id":"https:\/\/www.bdpnt.com\/es\/product\/cx910-oscilador-de-cristal-de-ultra-alta-estabilidad-y-bajo-ruido-de-fase-2\/#breadcrumb"},"inLanguage":"es","potentialAction":[{"@type":"ReadAction","target":["https:\/\/www.bdpnt.com\/es\/product\/cx910-oscilador-de-cristal-de-ultra-alta-estabilidad-y-bajo-ruido-de-fase-2\/"]}]},{"@type":"ImageObject","inLanguage":"es","@id":"https:\/\/www.bdpnt.com\/es\/product\/cx910-oscilador-de-cristal-de-ultra-alta-estabilidad-y-bajo-ruido-de-fase-2\/#primaryimage","url":"https:\/\/bdpnt.com\/wp-content\/uploads\/2025\/07\/CX910\u84dd\u8272\u4ea7\u54c1\u80cc\u666f.jpg","contentUrl":"https:\/\/bdpnt.com\/wp-content\/uploads\/2025\/07\/CX910\u84dd\u8272\u4ea7\u54c1\u80cc\u666f.jpg","width":960,"height":480},{"@type":"BreadcrumbList","@id":"https:\/\/www.bdpnt.com\/es\/product\/cx910-oscilador-de-cristal-de-ultra-alta-estabilidad-y-bajo-ruido-de-fase-2\/#breadcrumb","itemListElement":[{"@type":"ListItem","position":1,"name":"\u9996\u9875","item":"https:\/\/www.bdpnt.com\/"},{"@type":"ListItem","position":2,"name":"Shop","item":"https:\/\/www.bdpnt.com\/shop\/"},{"@type":"ListItem","position":3,"name":"\u4ea7\u54c1","item":"https:\/\/www.bdpnt.com\/product-category\/products\/"},{"@type":"ListItem","position":4,"name":"\u65f6\u95f4\u4e0e\u9891\u7387\u57fa\u51c6\u8bbe\u5907","item":"http:\/\/www.bdpnt.com\/en\/product-category\/products\/time-trequency-primary-standard\/"},{"@type":"ListItem","position":5,"name":"\u8d85\u9ad8\u7a33\u6676\u632f","item":"https:\/\/www.bdpnt.com\/es\/product-category\/productos\/trecuencia-temporal-norma-primaria\/cristales-de-ultra-alta-estabilidad\/"},{"@type":"ListItem","position":6,"name":"CX910 \u8d85\u9ad8\u7a33\u4f4e\u76f8\u566a\u6676\u4f53\u632f\u8361\u5668"}]},{"@type":"WebSite","@id":"https:\/\/www.bdpnt.com\/ja\/#website","url":"https:\/\/www.bdpnt.com\/ja\/","name":"P\u00e1gina oficial de Beidoubangtai","description":"bdstar time website","publisher":{"@id":"https:\/\/www.bdpnt.com\/ja\/#organization"},"alternateName":"BDSTAR TIME","potentialAction":[{"@type":"SearchAction","target":{"@type":"EntryPoint","urlTemplate":"https:\/\/www.bdpnt.com\/ja\/?s={search_term_string}"},"query-input":{"@type":"PropertyValueSpecification","valueRequired":true,"valueName":"search_term_string"}}],"inLanguage":"es"},{"@type":"Organization","@id":"https:\/\/www.bdpnt.com\/ja\/#organization","name":"P\u00e1gina oficial de Beidoubangtai","alternateName":"BDSTAR TIME","url":"https:\/\/www.bdpnt.com\/ja\/","logo":{"@type":"ImageObject","inLanguage":"es","@id":"https:\/\/www.bdpnt.com\/ja\/#\/schema\/logo\/image\/","url":"https:\/\/bdpnt.com\/wp-content\/uploads\/2025\/04\/\u5317\u6597\u90a6\u6cf0\u6700\u7ec8logo-\u6700\u7ec8\u7248\u5f69\u8272.png","contentUrl":"https:\/\/bdpnt.com\/wp-content\/uploads\/2025\/04\/\u5317\u6597\u90a6\u6cf0\u6700\u7ec8logo-\u6700\u7ec8\u7248\u5f69\u8272.png","width":234,"height":76,"caption":"\u5317\u6597\u90a6\u6cf0\u5b98\u7f51"},"image":{"@id":"https:\/\/www.bdpnt.com\/ja\/#\/schema\/logo\/image\/"}}]}},"_links":{"self":[{"href":"https:\/\/bdpnt.com\/es\/wp-json\/wp\/v2\/product\/3840","targetHints":{"allow":["GET"]}}],"collection":[{"href":"https:\/\/bdpnt.com\/es\/wp-json\/wp\/v2\/product"}],"about":[{"href":"https:\/\/bdpnt.com\/es\/wp-json\/wp\/v2\/types\/product"}],"version-history":[{"count":7,"href":"https:\/\/bdpnt.com\/es\/wp-json\/wp\/v2\/product\/3840\/revisions"}],"predecessor-version":[{"id":17868,"href":"https:\/\/bdpnt.com\/es\/wp-json\/wp\/v2\/product\/3840\/revisions\/17868"}],"wp:featuredmedia":[{"embeddable":true,"href":"https:\/\/bdpnt.com\/es\/wp-json\/wp\/v2\/media\/3935"}],"wp:attachment":[{"href":"https:\/\/bdpnt.com\/es\/wp-json\/wp\/v2\/media?parent=3840"}],"wp:term":[{"taxonomy":"product_brand","embeddable":true,"href":"https:\/\/bdpnt.com\/es\/wp-json\/wp\/v2\/product_brand?post=3840"},{"taxonomy":"product_cat","embeddable":true,"href":"https:\/\/bdpnt.com\/es\/wp-json\/wp\/v2\/product_cat?post=3840"},{"taxonomy":"product_tag","embeddable":true,"href":"https:\/\/bdpnt.com\/es\/wp-json\/wp\/v2\/product_tag?post=3840"}],"curies":[{"name":"wp","href":"https:\/\/api.w.org\/{rel}","templated":true}]}}