{"id":3734,"date":"2025-07-01T19:33:48","date_gmt":"2025-07-01T11:33:48","guid":{"rendered":"https:\/\/bdstarpnt.com\/?post_type=product&#038;p=3734"},"modified":"2026-03-18T14:37:22","modified_gmt":"2026-03-18T06:37:22","slug":"tra85-reloj-atomico-de-rubidio-de-alto-rendimiento-2","status":"publish","type":"product","link":"https:\/\/bdpnt.com\/es\/product\/tra85-reloj-atomico-de-rubidio-de-alto-rendimiento-2\/","title":{"rendered":"TRA85 Reloj at\u00f3mico de rubidio de alto rendimiento"},"content":{"rendered":"","protected":false},"excerpt":{"rendered":"<p data-start=\"34\" data-end=\"173\">TRA85 es un reloj at\u00f3mico de rubidio de alto rendimiento con una excelente estabilidad a largo plazo, bajo ruido de fase y capacidad de bloqueo r\u00e1pido. Adopta un control digital avanzado y un dise\u00f1o de encapsulado termost\u00e1tico, soporta 1PPS, salida de 10MHz, estabilidad de frecuencia de hasta 3E-12\/1s, y rendimiento de estabilidad a corto plazo de 10MHz comparable a los relojes de Cesio de gama media, con un excelente rendimiento de costes. Es adecuado para radar, comunicaci\u00f3n, medici\u00f3n y calibraci\u00f3n, astronom\u00eda, contramedidas electr\u00f3nicas y medici\u00f3n y control aeroespacial y otros campos de alta precisi\u00f3n.<\/p>","protected":false},"featured_media":3940,"template":"","meta":{"_acf_changed":false,"site-sidebar-layout":"default","site-content-layout":"","ast-site-content-layout":"default","site-content-style":"default","site-sidebar-style":"default","ast-global-header-display":"","ast-banner-title-visibility":"","ast-main-header-display":"","ast-hfb-above-header-display":"","ast-hfb-below-header-display":"","ast-hfb-mobile-header-display":"","site-post-title":"","ast-breadcrumbs-content":"","ast-featured-img":"","footer-sml-layout":"","theme-transparent-header-meta":"default","adv-header-id-meta":"","stick-header-meta":"default","header-above-stick-meta":"","header-main-stick-meta":"","header-below-stick-meta":"","astra-migrate-meta-layouts":"set","ast-page-background-enabled":"default","ast-page-background-meta":{"desktop":{"background-color":"var(--ast-global-color-4)","background-image":"","background-repeat":"repeat","background-position":"center center","background-size":"auto","background-attachment":"scroll","background-type":"","background-media":"","overlay-type":"","overlay-color":"","overlay-opacity":"","overlay-gradient":""},"tablet":{"background-color":"","background-image":"","background-repeat":"repeat","background-position":"center center","background-size":"auto","background-attachment":"scroll","background-type":"","background-media":"","overlay-type":"","overlay-color":"","overlay-opacity":"","overlay-gradient":""},"mobile":{"background-color":"","background-image":"","background-repeat":"repeat","background-position":"center center","background-size":"auto","background-attachment":"scroll","background-type":"","background-media":"","overlay-type":"","overlay-color":"","overlay-opacity":"","overlay-gradient":""}},"ast-content-background-meta":{"desktop":{"background-color":"var(--ast-global-color-5)","background-image":"","background-repeat":"repeat","background-position":"center center","background-size":"auto","background-attachment":"scroll","background-type":"","background-media":"","overlay-type":"","overlay-color":"","overlay-opacity":"","overlay-gradient":""},"tablet":{"background-color":"var(--ast-global-color-5)","background-image":"","background-repeat":"repeat","background-position":"center center","background-size":"auto","background-attachment":"scroll","background-type":"","background-media":"","overlay-type":"","overlay-color":"","overlay-opacity":"","overlay-gradient":""},"mobile":{"background-color":"var(--ast-global-color-5)","background-image":"","background-repeat":"repeat","background-position":"center center","background-size":"auto","background-attachment":"scroll","background-type":"","background-media":"","overlay-type":"","overlay-color":"","overlay-opacity":"","overlay-gradient":""}}},"product_brand":[],"product_cat":[47],"product_tag":[],"class_list":{"0":"post-3734","1":"product","2":"type-product","3":"status-publish","4":"has-post-thumbnail","6":"product_cat-47","7":"pa_-197","8":"pa_--237","9":"pa_--0-c--70-c","10":"pa_--40c--85c","11":"pa_-industrial-automation","12":"pa_-military-aviation","13":"pa_-metrology-and-testing","14":"pa_-communications-infrastructure","15":"pa_--500ns24h","16":"pa_---160dbc-hz1khz","17":"pa_-227","18":"pa_-1-ppsttl-rs-422","19":"pa_-10mhz-sine-wave-square-wave-output","20":"pa_-dc-12v","21":"pa_-dc-15v","22":"pa_-dc-24v","23":"desktop-align-left","24":"tablet-align-left","25":"mobile-align-left","26":"ast-product-gallery-layout-first-image-large","27":"ast-product-gallery-with-no-image","28":"ast-product-tabs-layout-horizontal","30":"first","31":"instock","32":"shipping-taxable","33":"product-type-simple"},"acf":[],"yoast_head":"<!-- This site is optimized with the Yoast SEO plugin v26.0 - https:\/\/yoast.com\/wordpress\/plugins\/seo\/ -->\n<title>TRA85 \u9ad8\u6027\u80fd\u94f7\u539f\u5b50\u949f - \u5317\u6597\u90a6\u6cf0\u5b98\u7f51<\/title>\n<meta name=\"robots\" content=\"index, follow, max-snippet:-1, max-image-preview:large, max-video-preview:-1\" \/>\n<link rel=\"canonical\" href=\"https:\/\/bdpnt.com\/es\/product\/tra85-reloj-atomico-de-rubidio-de-alto-rendimiento-2\/\" \/>\n<meta property=\"og:locale\" content=\"es_ES\" \/>\n<meta property=\"og:type\" content=\"article\" \/>\n<meta property=\"og:title\" content=\"TRA85 \u9ad8\u6027\u80fd\u94f7\u539f\u5b50\u949f - \u5317\u6597\u90a6\u6cf0\u5b98\u7f51\" \/>\n<meta property=\"og:description\" content=\"TRA85\u662f\u4e00\u6b3e\u9ad8\u6027\u80fd\u94f7\u539f\u5b50\u949f\uff0c\u5177\u5907\u4f18\u5f02\u7684\u957f\u671f\u7a33\u5b9a\u6027\u3001\u4f4e\u76f8\u4f4d\u566a\u58f0\u548c\u5feb\u901f\u9501\u5b9a\u80fd\u529b\u3002\u91c7\u7528\u5148\u8fdb\u6570\u5b57\u63a7\u5236\u4e0e\u6052\u6e29\u5c01\u88c5\u8bbe\u8ba1\uff0c\u652f\u63011PPS\u300110MHz\u8f93\u51fa\uff0c\u9891\u7a33\u8fbe3E-12\/1s\uff0c10MHz\u77ed\u7a33\u6027\u80fd\u53ef\u5ab2\u7f8e\u4e2d\u6863\u94ef\u949f\uff0c\u6027\u4ef7\u6bd4\u51fa\u8272\u3002\u9002\u7528\u4e8e\u96f7\u8fbe\u3001\u901a\u4fe1\u3001\u8ba1\u91cf\u6821\u51c6\u3001\u5929\u6587\u3001\u7535\u5b50\u5bf9\u6297\u4e0e\u822a\u5929\u6d4b\u63a7\u7b49\u9ad8\u7cbe\u5ea6\u9886\u57df\u3002\" \/>\n<meta property=\"og:url\" content=\"https:\/\/bdpnt.com\/es\/product\/tra85-reloj-atomico-de-rubidio-de-alto-rendimiento-2\/\" \/>\n<meta property=\"og:site_name\" content=\"\u5317\u6597\u90a6\u6cf0\u5b98\u7f51\" \/>\n<meta property=\"article:modified_time\" content=\"2026-03-18T06:37:22+00:00\" \/>\n<meta property=\"og:image\" content=\"https:\/\/bdpnt.com\/wp-content\/uploads\/2025\/07\/TRA85-\u84dd\u8272\u4ea7\u54c1\u80cc\u666f\u6a21\u7248.jpg\" \/>\n\t<meta property=\"og:image:width\" content=\"960\" \/>\n\t<meta property=\"og:image:height\" content=\"480\" \/>\n\t<meta property=\"og:image:type\" content=\"image\/jpeg\" \/>\n<meta name=\"twitter:card\" content=\"summary_large_image\" \/>\n<meta name=\"twitter:label1\" content=\"Tiempo de lectura\" \/>\n\t<meta name=\"twitter:data1\" content=\"1 minuto\" \/>\n<script type=\"application\/ld+json\" class=\"yoast-schema-graph\">{\"@context\":\"https:\/\/schema.org\",\"@graph\":[{\"@type\":\"WebPage\",\"@id\":\"https:\/\/bdpnt.com\/product\/tra85-high-performance-rubidium-atomic-clock-2\/\",\"url\":\"https:\/\/bdpnt.com\/product\/tra85-high-performance-rubidium-atomic-clock-2\/\",\"name\":\"TRA85 \u9ad8\u6027\u80fd\u94f7\u539f\u5b50\u949f - \u5317\u6597\u90a6\u6cf0\u5b98\u7f51\",\"isPartOf\":{\"@id\":\"https:\/\/www.bdpnt.com\/#website\"},\"primaryImageOfPage\":{\"@id\":\"https:\/\/bdpnt.com\/product\/tra85-high-performance-rubidium-atomic-clock-2\/#primaryimage\"},\"image\":{\"@id\":\"https:\/\/bdpnt.com\/product\/tra85-high-performance-rubidium-atomic-clock-2\/#primaryimage\"},\"thumbnailUrl\":\"https:\/\/bdpnt.com\/wp-content\/uploads\/2025\/07\/TRA85-\u84dd\u8272\u4ea7\u54c1\u80cc\u666f\u6a21\u7248.jpg\",\"datePublished\":\"2025-07-01T11:33:48+00:00\",\"dateModified\":\"2026-03-18T06:37:22+00:00\",\"breadcrumb\":{\"@id\":\"https:\/\/bdpnt.com\/product\/tra85-high-performance-rubidium-atomic-clock-2\/#breadcrumb\"},\"inLanguage\":\"es\",\"potentialAction\":[{\"@type\":\"ReadAction\",\"target\":[\"https:\/\/bdpnt.com\/product\/tra85-high-performance-rubidium-atomic-clock-2\/\"]}]},{\"@type\":\"ImageObject\",\"inLanguage\":\"es\",\"@id\":\"https:\/\/bdpnt.com\/product\/tra85-high-performance-rubidium-atomic-clock-2\/#primaryimage\",\"url\":\"https:\/\/bdpnt.com\/wp-content\/uploads\/2025\/07\/TRA85-\u84dd\u8272\u4ea7\u54c1\u80cc\u666f\u6a21\u7248.jpg\",\"contentUrl\":\"https:\/\/bdpnt.com\/wp-content\/uploads\/2025\/07\/TRA85-\u84dd\u8272\u4ea7\u54c1\u80cc\u666f\u6a21\u7248.jpg\",\"width\":960,\"height\":480},{\"@type\":\"BreadcrumbList\",\"@id\":\"https:\/\/bdpnt.com\/product\/tra85-high-performance-rubidium-atomic-clock-2\/#breadcrumb\",\"itemListElement\":[{\"@type\":\"ListItem\",\"position\":1,\"name\":\"\u9996\u9875\",\"item\":\"https:\/\/www.bdpnt.com\/\"},{\"@type\":\"ListItem\",\"position\":2,\"name\":\"Shop\",\"item\":\"https:\/\/www.bdpnt.com\/shop\/\"},{\"@type\":\"ListItem\",\"position\":3,\"name\":\"\u4ea7\u54c1\",\"item\":\"https:\/\/www.bdpnt.com\/product-category\/products\/\"},{\"@type\":\"ListItem\",\"position\":4,\"name\":\"\u65f6\u95f4\u4e0e\u9891\u7387\u57fa\u51c6\u8bbe\u5907\",\"item\":\"https:\/\/www.bdpnt.com\/product-category\/products\/time-trequency-primary-standard\/\"},{\"@type\":\"ListItem\",\"position\":5,\"name\":\"\u94f7\u539f\u5b50\u949f\",\"item\":\"https:\/\/www.bdpnt.com\/de\/product-category\/produkte\/zeittreue-primarstandard\/rubidium-atomuhr\/\"},{\"@type\":\"ListItem\",\"position\":6,\"name\":\"TRA85 \u9ad8\u6027\u80fd\u94f7\u539f\u5b50\u949f\"}]},{\"@type\":\"WebSite\",\"@id\":\"https:\/\/www.bdpnt.com\/#website\",\"url\":\"https:\/\/www.bdpnt.com\/\",\"name\":\"\u5317\u6597\u90a6\u6cf0\u5b98\u7f51\",\"description\":\"bdstar time website\",\"publisher\":{\"@id\":\"https:\/\/www.bdpnt.com\/#organization\"},\"alternateName\":\"BDSTAR TIME\",\"potentialAction\":[{\"@type\":\"SearchAction\",\"target\":{\"@type\":\"EntryPoint\",\"urlTemplate\":\"https:\/\/www.bdpnt.com\/?s={search_term_string}\"},\"query-input\":{\"@type\":\"PropertyValueSpecification\",\"valueRequired\":true,\"valueName\":\"search_term_string\"}}],\"inLanguage\":\"es\"},{\"@type\":\"Organization\",\"@id\":\"https:\/\/www.bdpnt.com\/#organization\",\"name\":\"\u5317\u6597\u90a6\u6cf0\u5b98\u7f51\",\"alternateName\":\"BDSTAR TIME\",\"url\":\"https:\/\/www.bdpnt.com\/\",\"logo\":{\"@type\":\"ImageObject\",\"inLanguage\":\"es\",\"@id\":\"https:\/\/www.bdpnt.com\/#\/schema\/logo\/image\/\",\"url\":\"https:\/\/bdpnt.com\/wp-content\/uploads\/2025\/04\/\u5317\u6597\u90a6\u6cf0\u6700\u7ec8logo-\u6700\u7ec8\u7248\u5f69\u8272.png\",\"contentUrl\":\"https:\/\/bdpnt.com\/wp-content\/uploads\/2025\/04\/\u5317\u6597\u90a6\u6cf0\u6700\u7ec8logo-\u6700\u7ec8\u7248\u5f69\u8272.png\",\"width\":234,\"height\":76,\"caption\":\"\u5317\u6597\u90a6\u6cf0\u5b98\u7f51\"},\"image\":{\"@id\":\"https:\/\/www.bdpnt.com\/#\/schema\/logo\/image\/\"}}]}<\/script>\n<!-- \/ Yoast SEO plugin. -->","yoast_head_json":{"title":"TRA85 Reloj at\u00f3mico de rubidio de alto rendimiento - Beidou Bangtai Official Website","robots":{"index":"index","follow":"follow","max-snippet":"max-snippet:-1","max-image-preview":"max-image-preview:large","max-video-preview":"max-video-preview:-1"},"canonical":"https:\/\/bdpnt.com\/es\/product\/tra85-reloj-atomico-de-rubidio-de-alto-rendimiento-2\/","og_locale":"es_ES","og_type":"article","og_title":"TRA85 \u9ad8\u6027\u80fd\u94f7\u539f\u5b50\u949f - \u5317\u6597\u90a6\u6cf0\u5b98\u7f51","og_description":"TRA85\u662f\u4e00\u6b3e\u9ad8\u6027\u80fd\u94f7\u539f\u5b50\u949f\uff0c\u5177\u5907\u4f18\u5f02\u7684\u957f\u671f\u7a33\u5b9a\u6027\u3001\u4f4e\u76f8\u4f4d\u566a\u58f0\u548c\u5feb\u901f\u9501\u5b9a\u80fd\u529b\u3002\u91c7\u7528\u5148\u8fdb\u6570\u5b57\u63a7\u5236\u4e0e\u6052\u6e29\u5c01\u88c5\u8bbe\u8ba1\uff0c\u652f\u63011PPS\u300110MHz\u8f93\u51fa\uff0c\u9891\u7a33\u8fbe3E-12\/1s\uff0c10MHz\u77ed\u7a33\u6027\u80fd\u53ef\u5ab2\u7f8e\u4e2d\u6863\u94ef\u949f\uff0c\u6027\u4ef7\u6bd4\u51fa\u8272\u3002\u9002\u7528\u4e8e\u96f7\u8fbe\u3001\u901a\u4fe1\u3001\u8ba1\u91cf\u6821\u51c6\u3001\u5929\u6587\u3001\u7535\u5b50\u5bf9\u6297\u4e0e\u822a\u5929\u6d4b\u63a7\u7b49\u9ad8\u7cbe\u5ea6\u9886\u57df\u3002","og_url":"https:\/\/bdpnt.com\/es\/product\/tra85-reloj-atomico-de-rubidio-de-alto-rendimiento-2\/","og_site_name":"\u5317\u6597\u90a6\u6cf0\u5b98\u7f51","article_modified_time":"2026-03-18T06:37:22+00:00","og_image":[{"width":960,"height":480,"url":"https:\/\/bdpnt.com\/wp-content\/uploads\/2025\/07\/TRA85-\u84dd\u8272\u4ea7\u54c1\u80cc\u666f\u6a21\u7248.jpg","type":"image\/jpeg"}],"twitter_card":"summary_large_image","twitter_misc":{"Tiempo de lectura":"1 minuto"},"schema":{"@context":"https:\/\/schema.org","@graph":[{"@type":"WebPage","@id":"https:\/\/bdpnt.com\/product\/tra85-high-performance-rubidium-atomic-clock-2\/","url":"https:\/\/bdpnt.com\/product\/tra85-high-performance-rubidium-atomic-clock-2\/","name":"TRA85 Reloj at\u00f3mico de rubidio de alto rendimiento - Beidou Bangtai Official Website","isPartOf":{"@id":"https:\/\/www.bdpnt.com\/#website"},"primaryImageOfPage":{"@id":"https:\/\/bdpnt.com\/product\/tra85-high-performance-rubidium-atomic-clock-2\/#primaryimage"},"image":{"@id":"https:\/\/bdpnt.com\/product\/tra85-high-performance-rubidium-atomic-clock-2\/#primaryimage"},"thumbnailUrl":"https:\/\/bdpnt.com\/wp-content\/uploads\/2025\/07\/TRA85-\u84dd\u8272\u4ea7\u54c1\u80cc\u666f\u6a21\u7248.jpg","datePublished":"2025-07-01T11:33:48+00:00","dateModified":"2026-03-18T06:37:22+00:00","breadcrumb":{"@id":"https:\/\/bdpnt.com\/product\/tra85-high-performance-rubidium-atomic-clock-2\/#breadcrumb"},"inLanguage":"es","potentialAction":[{"@type":"ReadAction","target":["https:\/\/bdpnt.com\/product\/tra85-high-performance-rubidium-atomic-clock-2\/"]}]},{"@type":"ImageObject","inLanguage":"es","@id":"https:\/\/bdpnt.com\/product\/tra85-high-performance-rubidium-atomic-clock-2\/#primaryimage","url":"https:\/\/bdpnt.com\/wp-content\/uploads\/2025\/07\/TRA85-\u84dd\u8272\u4ea7\u54c1\u80cc\u666f\u6a21\u7248.jpg","contentUrl":"https:\/\/bdpnt.com\/wp-content\/uploads\/2025\/07\/TRA85-\u84dd\u8272\u4ea7\u54c1\u80cc\u666f\u6a21\u7248.jpg","width":960,"height":480},{"@type":"BreadcrumbList","@id":"https:\/\/bdpnt.com\/product\/tra85-high-performance-rubidium-atomic-clock-2\/#breadcrumb","itemListElement":[{"@type":"ListItem","position":1,"name":"\u9996\u9875","item":"https:\/\/www.bdpnt.com\/"},{"@type":"ListItem","position":2,"name":"Shop","item":"https:\/\/www.bdpnt.com\/shop\/"},{"@type":"ListItem","position":3,"name":"\u4ea7\u54c1","item":"https:\/\/www.bdpnt.com\/product-category\/products\/"},{"@type":"ListItem","position":4,"name":"\u65f6\u95f4\u4e0e\u9891\u7387\u57fa\u51c6\u8bbe\u5907","item":"https:\/\/www.bdpnt.com\/product-category\/products\/time-trequency-primary-standard\/"},{"@type":"ListItem","position":5,"name":"\u94f7\u539f\u5b50\u949f","item":"https:\/\/www.bdpnt.com\/de\/product-category\/produkte\/zeittreue-primarstandard\/rubidium-atomuhr\/"},{"@type":"ListItem","position":6,"name":"TRA85 \u9ad8\u6027\u80fd\u94f7\u539f\u5b50\u949f"}]},{"@type":"WebSite","@id":"https:\/\/www.bdpnt.com\/#website","url":"https:\/\/www.bdpnt.com\/","name":"P\u00e1gina oficial de Beidoubangtai","description":"bdstar time website","publisher":{"@id":"https:\/\/www.bdpnt.com\/#organization"},"alternateName":"BDSTAR TIME","potentialAction":[{"@type":"SearchAction","target":{"@type":"EntryPoint","urlTemplate":"https:\/\/www.bdpnt.com\/?s={search_term_string}"},"query-input":{"@type":"PropertyValueSpecification","valueRequired":true,"valueName":"search_term_string"}}],"inLanguage":"es"},{"@type":"Organization","@id":"https:\/\/www.bdpnt.com\/#organization","name":"P\u00e1gina oficial de Beidoubangtai","alternateName":"BDSTAR TIME","url":"https:\/\/www.bdpnt.com\/","logo":{"@type":"ImageObject","inLanguage":"es","@id":"https:\/\/www.bdpnt.com\/#\/schema\/logo\/image\/","url":"https:\/\/bdpnt.com\/wp-content\/uploads\/2025\/04\/\u5317\u6597\u90a6\u6cf0\u6700\u7ec8logo-\u6700\u7ec8\u7248\u5f69\u8272.png","contentUrl":"https:\/\/bdpnt.com\/wp-content\/uploads\/2025\/04\/\u5317\u6597\u90a6\u6cf0\u6700\u7ec8logo-\u6700\u7ec8\u7248\u5f69\u8272.png","width":234,"height":76,"caption":"\u5317\u6597\u90a6\u6cf0\u5b98\u7f51"},"image":{"@id":"https:\/\/www.bdpnt.com\/#\/schema\/logo\/image\/"}}]}},"_links":{"self":[{"href":"https:\/\/bdpnt.com\/es\/wp-json\/wp\/v2\/product\/3734","targetHints":{"allow":["GET"]}}],"collection":[{"href":"https:\/\/bdpnt.com\/es\/wp-json\/wp\/v2\/product"}],"about":[{"href":"https:\/\/bdpnt.com\/es\/wp-json\/wp\/v2\/types\/product"}],"version-history":[{"count":12,"href":"https:\/\/bdpnt.com\/es\/wp-json\/wp\/v2\/product\/3734\/revisions"}],"predecessor-version":[{"id":17908,"href":"https:\/\/bdpnt.com\/es\/wp-json\/wp\/v2\/product\/3734\/revisions\/17908"}],"wp:featuredmedia":[{"embeddable":true,"href":"https:\/\/bdpnt.com\/es\/wp-json\/wp\/v2\/media\/3940"}],"wp:attachment":[{"href":"https:\/\/bdpnt.com\/es\/wp-json\/wp\/v2\/media?parent=3734"}],"wp:term":[{"taxonomy":"product_brand","embeddable":true,"href":"https:\/\/bdpnt.com\/es\/wp-json\/wp\/v2\/product_brand?post=3734"},{"taxonomy":"product_cat","embeddable":true,"href":"https:\/\/bdpnt.com\/es\/wp-json\/wp\/v2\/product_cat?post=3734"},{"taxonomy":"product_tag","embeddable":true,"href":"https:\/\/bdpnt.com\/es\/wp-json\/wp\/v2\/product_tag?post=3734"}],"curies":[{"name":"wp","href":"https:\/\/api.w.org\/{rel}","templated":true}]}}