{"id":3097,"date":"2025-06-21T11:19:21","date_gmt":"2025-06-21T03:19:21","guid":{"rendered":"https:\/\/bdstarpnt.com\/?post_type=product&#038;p=3097"},"modified":"2026-03-26T16:24:18","modified_gmt":"2026-03-26T08:24:18","slug":"t680-ptp-ntpnetwork-time-server","status":"publish","type":"product","link":"https:\/\/bdpnt.com\/es\/product\/t680-ptp-ntpnetwork-time-server\/","title":{"rendered":"Servidor de reloj de red PTP\/NTP T680"},"content":{"rendered":"","protected":false},"excerpt":{"rendered":"<p><span style=\"color: #003067;\"><strong>[BeiDou puro+Cristal de temperatura constante+NTP+PTP+Doble alimentaci\u00f3n].<\/strong><\/span>T680 es un servidor de sincronizaci\u00f3n horaria de alto rendimiento que integra funciones PTP y NTP, admite la recepci\u00f3n completa de sistemas GNSS y el ajuste del reloj local, con algoritmos de detecci\u00f3n de interferencias incorporados, y es compatible con IPv6 y sistemas operativos nacionales. Su despliegue flexible, la riqueza de sus interfaces de salida y el rendimiento preciso de su sincronizaci\u00f3n le permiten proporcionar servicios de tiempo estables, seguros y precisos en \u00e1reas clave como las telecomunicaciones, las finanzas, la energ\u00eda el\u00e9ctrica, la investigaci\u00f3n cient\u00edfica, etc., y satisfacer la demanda actual y futura de alta disponibilidad de sincronizaci\u00f3n horaria.<\/p>","protected":false},"featured_media":17728,"template":"","meta":{"_acf_changed":false,"site-sidebar-layout":"no-sidebar","site-content-layout":"","ast-site-content-layout":"full-width-container","site-content-style":"default","site-sidebar-style":"default","ast-global-header-display":"","ast-banner-title-visibility":"","ast-main-header-display":"","ast-hfb-above-header-display":"","ast-hfb-below-header-display":"","ast-hfb-mobile-header-display":"","site-post-title":"disabled","ast-breadcrumbs-content":"","ast-featured-img":"disabled","footer-sml-layout":"","theme-transparent-header-meta":"default","adv-header-id-meta":"","stick-header-meta":"default","header-above-stick-meta":"","header-main-stick-meta":"","header-below-stick-meta":"","astra-migrate-meta-layouts":"set","ast-page-background-enabled":"default","ast-page-background-meta":{"desktop":{"background-color":"var(--ast-global-color-4)","background-image":"","background-repeat":"repeat","background-position":"center center","background-size":"auto","background-attachment":"scroll","background-type":"","background-media":"","overlay-type":"","overlay-color":"","overlay-opacity":"","overlay-gradient":""},"tablet":{"background-color":"","background-image":"","background-repeat":"repeat","background-position":"center center","background-size":"auto","background-attachment":"scroll","background-type":"","background-media":"","overlay-type":"","overlay-color":"","overlay-opacity":"","overlay-gradient":""},"mobile":{"background-color":"","background-image":"","background-repeat":"repeat","background-position":"center center","background-size":"auto","background-attachment":"scroll","background-type":"","background-media":"","overlay-type":"","overlay-color":"","overlay-opacity":"","overlay-gradient":""}},"ast-content-background-meta":{"desktop":{"background-color":"var(--ast-global-color-5)","background-image":"","background-repeat":"repeat","background-position":"center center","background-size":"auto","background-attachment":"scroll","background-type":"","background-media":"","overlay-type":"","overlay-color":"","overlay-opacity":"","overlay-gradient":""},"tablet":{"background-color":"var(--ast-global-color-5)","background-image":"","background-repeat":"repeat","background-position":"center center","background-size":"auto","background-attachment":"scroll","background-type":"","background-media":"","overlay-type":"","overlay-color":"","overlay-opacity":"","overlay-gradient":""},"mobile":{"background-color":"var(--ast-global-color-5)","background-image":"","background-repeat":"repeat","background-position":"center center","background-size":"auto","background-attachment":"scroll","background-type":"","background-media":"","overlay-type":"","overlay-color":"","overlay-opacity":"","overlay-gradient":""}}},"product_brand":[],"product_cat":[183],"product_tag":[],"class_list":{"0":"post-3097","1":"product","2":"type-product","3":"status-publish","4":"has-post-thumbnail","6":"product_cat-enterprise-network-time-servers","7":"pa_--ntp-v4rfc-5905","8":"pa_--ptpieee-1588-v2-v2-1","9":"pa_--gnssgps-beidou-galileo-glonass","10":"pa_--irig-b","11":"pa_--pps-todnmea-0183","12":"pa_--bonding","13":"pa_--262","14":"pa_--md5-sha","15":"pa_--ssh","16":"pa_--tls-https","17":"pa_--web-snmp-syslog","18":"pa_-196","19":"pa_-197","20":"pa_-181","21":"pa_-198","22":"pa_-199","23":"pa_---1u","24":"pa_--0-c--70-c","25":"pa_--40c--85c","26":"pa_-medical","27":"pa_-industrial-automation","28":"pa_-financial-transactions","29":"pa_-data-center-and-computing","30":"pa_-communications-infrastructure","31":"pa_-intelligent-transportation","32":"pa_-power-and-energy","33":"pa_-military-aviation","34":"pa_-metrology-and-testing","35":"pa_-ntp","36":"pa_-ptpv2-1","37":"pa_--10us24h","38":"pa_---155dbc-hz1khz","39":"pa_-227","40":"pa_-10mhz-sine-wave-square-wave-output","41":"pa_-1-ppsttl-rs-422","42":"pa_-irig-bdcls-am","43":"pa_-todrs-232-nmea","44":"pa_-rj451g","45":"pa_-ac-220v","46":"pa_-ac-220v-","47":"pa_-dc-48v","48":"pa_-dc-48v-","49":"desktop-align-left","50":"tablet-align-left","51":"mobile-align-left","52":"ast-product-gallery-layout-first-image-large","53":"ast-product-gallery-with-no-image","54":"ast-product-tabs-layout-horizontal","56":"first","57":"instock","58":"shipping-taxable","59":"product-type-simple"},"acf":[],"yoast_head":"<!-- This site is optimized with the Yoast SEO plugin v26.0 - https:\/\/yoast.com\/wordpress\/plugins\/seo\/ -->\n<title>T680 PTP\/NTP\u7f51\u7edc\u65f6\u949f\u670d\u52a1\u5668 - \u5317\u6597\u90a6\u6cf0\u5b98\u7f51<\/title>\n<meta name=\"robots\" content=\"index, follow, max-snippet:-1, max-image-preview:large, max-video-preview:-1\" \/>\n<link rel=\"canonical\" href=\"https:\/\/www.bdpnt.com\/product\/t680-ptp-ntpnetwork-time-server\/\" \/>\n<meta property=\"og:locale\" content=\"es_ES\" \/>\n<meta property=\"og:type\" content=\"article\" \/>\n<meta property=\"og:title\" content=\"T680 PTP\/NTP\u7f51\u7edc\u65f6\u949f\u670d\u52a1\u5668 - \u5317\u6597\u90a6\u6cf0\u5b98\u7f51\" \/>\n<meta property=\"og:description\" content=\"\u3010\u7eaf\u5317\u6597+\u6052\u6e29\u6676\u632f+NTP+PTP+\u53cc\u7535\u3011\u73b0\u4ee3\u5206\u5e03\u5f0f\u7cfb\u7edf\u548c\u7f51\u7edc\u67b6\u6784\u5bf9\u9ad8\u7cbe\u5ea6\u65f6\u95f4\u540c\u6b65\u63d0\u51fa\u4e86\u66f4\u9ad8\u8981\u6c42\uff0cT680\u662f\u4e00\u6b3e\u878d\u5408 PTP \u4e0e NTP \u529f\u80fd\u7684\u9ad8\u6027\u80fd\u65f6\u95f4\u540c\u6b65\u670d\u52a1\u5668\uff0c\u652f\u6301\u5168 GNSS \u7cfb\u7edf\u63a5\u6536\u4e0e\u672c\u5730\u65f6\u949f\u9a6f\u670d\uff0c\u5185\u7f6e\u6297\u5e72\u6270\u68c0\u6d4b\u7b97\u6cd5\uff0c\u517c\u5bb9 IPv6 \u548c\u56fd\u4ea7\u64cd\u4f5c\u7cfb\u7edf\u3002\u5176\u7075\u6d3b\u7684\u90e8\u7f72\u65b9\u5f0f\u3001\u4e30\u5bcc\u7684\u8f93\u51fa\u63a5\u53e3\u4e0e\u7cbe\u5bc6\u7684\u540c\u6b65\u6027\u80fd\uff0c\u4f7f\u5176\u80fd\u591f\u5728\u7535\u4fe1\u3001\u91d1\u878d\u3001\u7535\u529b\u3001\u79d1\u7814\u7b49\u5173\u952e\u9886\u57df\u4e2d\u63d0\u4f9b\u7a33\u5b9a\u3001\u5b89\u5168\u3001\u7cbe\u51c6\u7684\u65f6\u95f4\u670d\u52a1\uff0c\u6ee1\u8db3\u5f53\u524d\u4e0e\u672a\u6765\u5bf9\u65f6\u95f4\u540c\u6b65\u7684\u9ad8\u53ef\u7528\u6027\u9700\u6c42\u3002\" \/>\n<meta property=\"og:url\" content=\"https:\/\/www.bdpnt.com\/product\/t680-ptp-ntpnetwork-time-server\/\" \/>\n<meta property=\"og:site_name\" content=\"\u5317\u6597\u90a6\u6cf0\u5b98\u7f51\" \/>\n<meta property=\"article:modified_time\" content=\"2026-03-26T08:24:18+00:00\" \/>\n<meta property=\"og:image\" content=\"https:\/\/www.bdpnt.com\/wp-content\/uploads\/2025\/06\/\u5fae\u4fe1\u56fe\u7247_20260310131813_426_3-scaled.png\" \/>\n\t<meta property=\"og:image:width\" content=\"2560\" \/>\n\t<meta property=\"og:image:height\" content=\"1280\" \/>\n\t<meta property=\"og:image:type\" content=\"image\/png\" \/>\n<meta name=\"twitter:card\" content=\"summary_large_image\" \/>\n<meta name=\"twitter:label1\" content=\"Tiempo de lectura\" \/>\n\t<meta name=\"twitter:data1\" content=\"1 minuto\" \/>\n<script type=\"application\/ld+json\" class=\"yoast-schema-graph\">{\"@context\":\"https:\/\/schema.org\",\"@graph\":[{\"@type\":\"WebPage\",\"@id\":\"https:\/\/www.bdpnt.com\/product\/t680-ptp-ntpnetwork-time-server\/\",\"url\":\"https:\/\/www.bdpnt.com\/product\/t680-ptp-ntpnetwork-time-server\/\",\"name\":\"T680 PTP\/NTP\u7f51\u7edc\u65f6\u949f\u670d\u52a1\u5668 - \u5317\u6597\u90a6\u6cf0\u5b98\u7f51\",\"isPartOf\":{\"@id\":\"https:\/\/www.bdpnt.com\/#website\"},\"primaryImageOfPage\":{\"@id\":\"https:\/\/www.bdpnt.com\/product\/t680-ptp-ntpnetwork-time-server\/#primaryimage\"},\"image\":{\"@id\":\"https:\/\/www.bdpnt.com\/product\/t680-ptp-ntpnetwork-time-server\/#primaryimage\"},\"thumbnailUrl\":\"https:\/\/bdpnt.com\/wp-content\/uploads\/2025\/06\/\u5fae\u4fe1\u56fe\u7247_20260310131813_426_3-scaled.png\",\"datePublished\":\"2025-06-21T03:19:21+00:00\",\"dateModified\":\"2026-03-26T08:24:18+00:00\",\"breadcrumb\":{\"@id\":\"https:\/\/www.bdpnt.com\/product\/t680-ptp-ntpnetwork-time-server\/#breadcrumb\"},\"inLanguage\":\"es\",\"potentialAction\":[{\"@type\":\"ReadAction\",\"target\":[\"https:\/\/www.bdpnt.com\/product\/t680-ptp-ntpnetwork-time-server\/\"]}]},{\"@type\":\"ImageObject\",\"inLanguage\":\"es\",\"@id\":\"https:\/\/www.bdpnt.com\/product\/t680-ptp-ntpnetwork-time-server\/#primaryimage\",\"url\":\"https:\/\/bdpnt.com\/wp-content\/uploads\/2025\/06\/\u5fae\u4fe1\u56fe\u7247_20260310131813_426_3-scaled.png\",\"contentUrl\":\"https:\/\/bdpnt.com\/wp-content\/uploads\/2025\/06\/\u5fae\u4fe1\u56fe\u7247_20260310131813_426_3-scaled.png\",\"width\":2560,\"height\":1280},{\"@type\":\"BreadcrumbList\",\"@id\":\"https:\/\/www.bdpnt.com\/product\/t680-ptp-ntpnetwork-time-server\/#breadcrumb\",\"itemListElement\":[{\"@type\":\"ListItem\",\"position\":1,\"name\":\"\u9996\u9875\",\"item\":\"https:\/\/www.bdpnt.com\/\"},{\"@type\":\"ListItem\",\"position\":2,\"name\":\"Shop\",\"item\":\"https:\/\/www.bdpnt.com\/shop\/\"},{\"@type\":\"ListItem\",\"position\":3,\"name\":\"\u4ea7\u54c1\",\"item\":\"https:\/\/www.bdpnt.com\/product-category\/products\/\"},{\"@type\":\"ListItem\",\"position\":4,\"name\":\"\u4f01\u4e1a\u7ea7\u7f51\u7edc\u65f6\u95f4\u670d\u52a1\u5668\",\"item\":\"https:\/\/www.bdpnt.com\/product-category\/products\/enterprise-network-time-servers\/\"},{\"@type\":\"ListItem\",\"position\":5,\"name\":\"T680 PTP\/NTP\u7f51\u7edc\u65f6\u949f\u670d\u52a1\u5668\"}]},{\"@type\":\"WebSite\",\"@id\":\"https:\/\/www.bdpnt.com\/#website\",\"url\":\"https:\/\/www.bdpnt.com\/\",\"name\":\"\u5317\u6597\u90a6\u6cf0\u5b98\u7f51\",\"description\":\"bdstar time website\",\"publisher\":{\"@id\":\"https:\/\/www.bdpnt.com\/#organization\"},\"alternateName\":\"BDSTAR TIME\",\"potentialAction\":[{\"@type\":\"SearchAction\",\"target\":{\"@type\":\"EntryPoint\",\"urlTemplate\":\"https:\/\/www.bdpnt.com\/?s={search_term_string}\"},\"query-input\":{\"@type\":\"PropertyValueSpecification\",\"valueRequired\":true,\"valueName\":\"search_term_string\"}}],\"inLanguage\":\"es\"},{\"@type\":\"Organization\",\"@id\":\"https:\/\/www.bdpnt.com\/#organization\",\"name\":\"\u5317\u6597\u90a6\u6cf0\u5b98\u7f51\",\"alternateName\":\"BDSTAR TIME\",\"url\":\"https:\/\/www.bdpnt.com\/\",\"logo\":{\"@type\":\"ImageObject\",\"inLanguage\":\"es\",\"@id\":\"https:\/\/www.bdpnt.com\/#\/schema\/logo\/image\/\",\"url\":\"https:\/\/bdpnt.com\/wp-content\/uploads\/2025\/04\/\u5317\u6597\u90a6\u6cf0\u6700\u7ec8logo-\u6700\u7ec8\u7248\u5f69\u8272.png\",\"contentUrl\":\"https:\/\/bdpnt.com\/wp-content\/uploads\/2025\/04\/\u5317\u6597\u90a6\u6cf0\u6700\u7ec8logo-\u6700\u7ec8\u7248\u5f69\u8272.png\",\"width\":234,\"height\":76,\"caption\":\"\u5317\u6597\u90a6\u6cf0\u5b98\u7f51\"},\"image\":{\"@id\":\"https:\/\/www.bdpnt.com\/#\/schema\/logo\/image\/\"}}]}<\/script>\n<!-- \/ Yoast SEO plugin. -->","yoast_head_json":{"title":"Servidor de reloj de red PTP\/NTP T680 - Sitio web oficial de Beidou Bangtai","robots":{"index":"index","follow":"follow","max-snippet":"max-snippet:-1","max-image-preview":"max-image-preview:large","max-video-preview":"max-video-preview:-1"},"canonical":"https:\/\/www.bdpnt.com\/product\/t680-ptp-ntpnetwork-time-server\/","og_locale":"es_ES","og_type":"article","og_title":"T680 PTP\/NTP\u7f51\u7edc\u65f6\u949f\u670d\u52a1\u5668 - \u5317\u6597\u90a6\u6cf0\u5b98\u7f51","og_description":"\u3010\u7eaf\u5317\u6597+\u6052\u6e29\u6676\u632f+NTP+PTP+\u53cc\u7535\u3011\u73b0\u4ee3\u5206\u5e03\u5f0f\u7cfb\u7edf\u548c\u7f51\u7edc\u67b6\u6784\u5bf9\u9ad8\u7cbe\u5ea6\u65f6\u95f4\u540c\u6b65\u63d0\u51fa\u4e86\u66f4\u9ad8\u8981\u6c42\uff0cT680\u662f\u4e00\u6b3e\u878d\u5408 PTP \u4e0e NTP \u529f\u80fd\u7684\u9ad8\u6027\u80fd\u65f6\u95f4\u540c\u6b65\u670d\u52a1\u5668\uff0c\u652f\u6301\u5168 GNSS \u7cfb\u7edf\u63a5\u6536\u4e0e\u672c\u5730\u65f6\u949f\u9a6f\u670d\uff0c\u5185\u7f6e\u6297\u5e72\u6270\u68c0\u6d4b\u7b97\u6cd5\uff0c\u517c\u5bb9 IPv6 \u548c\u56fd\u4ea7\u64cd\u4f5c\u7cfb\u7edf\u3002\u5176\u7075\u6d3b\u7684\u90e8\u7f72\u65b9\u5f0f\u3001\u4e30\u5bcc\u7684\u8f93\u51fa\u63a5\u53e3\u4e0e\u7cbe\u5bc6\u7684\u540c\u6b65\u6027\u80fd\uff0c\u4f7f\u5176\u80fd\u591f\u5728\u7535\u4fe1\u3001\u91d1\u878d\u3001\u7535\u529b\u3001\u79d1\u7814\u7b49\u5173\u952e\u9886\u57df\u4e2d\u63d0\u4f9b\u7a33\u5b9a\u3001\u5b89\u5168\u3001\u7cbe\u51c6\u7684\u65f6\u95f4\u670d\u52a1\uff0c\u6ee1\u8db3\u5f53\u524d\u4e0e\u672a\u6765\u5bf9\u65f6\u95f4\u540c\u6b65\u7684\u9ad8\u53ef\u7528\u6027\u9700\u6c42\u3002","og_url":"https:\/\/www.bdpnt.com\/product\/t680-ptp-ntpnetwork-time-server\/","og_site_name":"\u5317\u6597\u90a6\u6cf0\u5b98\u7f51","article_modified_time":"2026-03-26T08:24:18+00:00","og_image":[{"width":2560,"height":1280,"url":"https:\/\/www.bdpnt.com\/wp-content\/uploads\/2025\/06\/\u5fae\u4fe1\u56fe\u7247_20260310131813_426_3-scaled.png","type":"image\/png"}],"twitter_card":"summary_large_image","twitter_misc":{"Tiempo de lectura":"1 minuto"},"schema":{"@context":"https:\/\/schema.org","@graph":[{"@type":"WebPage","@id":"https:\/\/www.bdpnt.com\/product\/t680-ptp-ntpnetwork-time-server\/","url":"https:\/\/www.bdpnt.com\/product\/t680-ptp-ntpnetwork-time-server\/","name":"Servidor de reloj de red PTP\/NTP T680 - Sitio web oficial de Beidou Bangtai","isPartOf":{"@id":"https:\/\/www.bdpnt.com\/#website"},"primaryImageOfPage":{"@id":"https:\/\/www.bdpnt.com\/product\/t680-ptp-ntpnetwork-time-server\/#primaryimage"},"image":{"@id":"https:\/\/www.bdpnt.com\/product\/t680-ptp-ntpnetwork-time-server\/#primaryimage"},"thumbnailUrl":"https:\/\/bdpnt.com\/wp-content\/uploads\/2025\/06\/\u5fae\u4fe1\u56fe\u7247_20260310131813_426_3-scaled.png","datePublished":"2025-06-21T03:19:21+00:00","dateModified":"2026-03-26T08:24:18+00:00","breadcrumb":{"@id":"https:\/\/www.bdpnt.com\/product\/t680-ptp-ntpnetwork-time-server\/#breadcrumb"},"inLanguage":"es","potentialAction":[{"@type":"ReadAction","target":["https:\/\/www.bdpnt.com\/product\/t680-ptp-ntpnetwork-time-server\/"]}]},{"@type":"ImageObject","inLanguage":"es","@id":"https:\/\/www.bdpnt.com\/product\/t680-ptp-ntpnetwork-time-server\/#primaryimage","url":"https:\/\/bdpnt.com\/wp-content\/uploads\/2025\/06\/\u5fae\u4fe1\u56fe\u7247_20260310131813_426_3-scaled.png","contentUrl":"https:\/\/bdpnt.com\/wp-content\/uploads\/2025\/06\/\u5fae\u4fe1\u56fe\u7247_20260310131813_426_3-scaled.png","width":2560,"height":1280},{"@type":"BreadcrumbList","@id":"https:\/\/www.bdpnt.com\/product\/t680-ptp-ntpnetwork-time-server\/#breadcrumb","itemListElement":[{"@type":"ListItem","position":1,"name":"\u9996\u9875","item":"https:\/\/www.bdpnt.com\/"},{"@type":"ListItem","position":2,"name":"Shop","item":"https:\/\/www.bdpnt.com\/shop\/"},{"@type":"ListItem","position":3,"name":"\u4ea7\u54c1","item":"https:\/\/www.bdpnt.com\/product-category\/products\/"},{"@type":"ListItem","position":4,"name":"\u4f01\u4e1a\u7ea7\u7f51\u7edc\u65f6\u95f4\u670d\u52a1\u5668","item":"https:\/\/www.bdpnt.com\/product-category\/products\/enterprise-network-time-servers\/"},{"@type":"ListItem","position":5,"name":"T680 PTP\/NTP\u7f51\u7edc\u65f6\u949f\u670d\u52a1\u5668"}]},{"@type":"WebSite","@id":"https:\/\/www.bdpnt.com\/#website","url":"https:\/\/www.bdpnt.com\/","name":"P\u00e1gina oficial de Beidoubangtai","description":"bdstar time website","publisher":{"@id":"https:\/\/www.bdpnt.com\/#organization"},"alternateName":"BDSTAR TIME","potentialAction":[{"@type":"SearchAction","target":{"@type":"EntryPoint","urlTemplate":"https:\/\/www.bdpnt.com\/?s={search_term_string}"},"query-input":{"@type":"PropertyValueSpecification","valueRequired":true,"valueName":"search_term_string"}}],"inLanguage":"es"},{"@type":"Organization","@id":"https:\/\/www.bdpnt.com\/#organization","name":"P\u00e1gina oficial de Beidoubangtai","alternateName":"BDSTAR TIME","url":"https:\/\/www.bdpnt.com\/","logo":{"@type":"ImageObject","inLanguage":"es","@id":"https:\/\/www.bdpnt.com\/#\/schema\/logo\/image\/","url":"https:\/\/bdpnt.com\/wp-content\/uploads\/2025\/04\/\u5317\u6597\u90a6\u6cf0\u6700\u7ec8logo-\u6700\u7ec8\u7248\u5f69\u8272.png","contentUrl":"https:\/\/bdpnt.com\/wp-content\/uploads\/2025\/04\/\u5317\u6597\u90a6\u6cf0\u6700\u7ec8logo-\u6700\u7ec8\u7248\u5f69\u8272.png","width":234,"height":76,"caption":"\u5317\u6597\u90a6\u6cf0\u5b98\u7f51"},"image":{"@id":"https:\/\/www.bdpnt.com\/#\/schema\/logo\/image\/"}}]}},"_links":{"self":[{"href":"https:\/\/bdpnt.com\/es\/wp-json\/wp\/v2\/product\/3097","targetHints":{"allow":["GET"]}}],"collection":[{"href":"https:\/\/bdpnt.com\/es\/wp-json\/wp\/v2\/product"}],"about":[{"href":"https:\/\/bdpnt.com\/es\/wp-json\/wp\/v2\/types\/product"}],"version-history":[{"count":14,"href":"https:\/\/bdpnt.com\/es\/wp-json\/wp\/v2\/product\/3097\/revisions"}],"predecessor-version":[{"id":18740,"href":"https:\/\/bdpnt.com\/es\/wp-json\/wp\/v2\/product\/3097\/revisions\/18740"}],"wp:featuredmedia":[{"embeddable":true,"href":"https:\/\/bdpnt.com\/es\/wp-json\/wp\/v2\/media\/17728"}],"wp:attachment":[{"href":"https:\/\/bdpnt.com\/es\/wp-json\/wp\/v2\/media?parent=3097"}],"wp:term":[{"taxonomy":"product_brand","embeddable":true,"href":"https:\/\/bdpnt.com\/es\/wp-json\/wp\/v2\/product_brand?post=3097"},{"taxonomy":"product_cat","embeddable":true,"href":"https:\/\/bdpnt.com\/es\/wp-json\/wp\/v2\/product_cat?post=3097"},{"taxonomy":"product_tag","embeddable":true,"href":"https:\/\/bdpnt.com\/es\/wp-json\/wp\/v2\/product_tag?post=3097"}],"curies":[{"name":"wp","href":"https:\/\/api.w.org\/{rel}","templated":true}]}}