{"id":2306,"date":"2025-05-30T11:13:39","date_gmt":"2025-05-30T03:13:39","guid":{"rendered":"https:\/\/bdstarpnt.com\/?post_type=product&#038;p=2306"},"modified":"2026-03-26T16:18:27","modified_gmt":"2026-03-26T08:18:27","slug":"t600-bdocxo-servidor-ntptime","status":"publish","type":"product","link":"https:\/\/bdpnt.com\/es\/product\/t600-bdocxo-servidor-ntptime\/","title":{"rendered":"T600-BDOCXO Servidor de hora NTP"},"content":{"rendered":"<div data-elementor-type=\"product-post\" data-elementor-id=\"2306\" class=\"elementor elementor-2306\" data-elementor-post-type=\"product\">\n\t\t\t\t<div data-particle_enable=\"false\" data-particle-mobile-disabled=\"false\" class=\"elementor-element elementor-element-1f2ee95 e-flex e-con-boxed e-con e-parent\" data-id=\"1f2ee95\" data-element_type=\"container\">\n\t\t\t\t\t<div class=\"e-con-inner\">\n\t\t\t\t\t<\/div>\n\t\t\t\t<\/div>\n\t\t<div data-particle_enable=\"false\" data-particle-mobile-disabled=\"false\" class=\"elementor-element elementor-element-688996c e-flex e-con-boxed e-con e-parent\" data-id=\"688996c\" data-element_type=\"container\">\n\t\t\t\t\t<div class=\"e-con-inner\">\n\t\t\t\t\t<\/div>\n\t\t\t\t<\/div>\n\t\t\t\t<\/div>","protected":false},"excerpt":{"rendered":"<p>T600-BDOCXO<span style=\"color: #003067;\"><strong>[Shinetron+BeiDou puro+Cristal de temperatura constante+Doble electricidad]<\/strong><\/span> El servidor de hora de red NTP admite NTP\/SNTP para proporcionar una sincronizaci\u00f3n de alta precisi\u00f3n y alta capacidad para infraestructuras cr\u00edticas. Adopta placa base industrial localizada, adapta Kirin OS, soporta aislamiento de red de negocios \/ red de gesti\u00f3n, configuraci\u00f3n independiente de m\u00faltiples puertos de red y pol\u00edtica de enrutamiento; soporta redundancia de enlace de uni\u00f3n y detecci\u00f3n de espera en caliente \/ latido de doble m\u00e1quina para garantizar la fiabilidad continua. Soporta GNSS multiconstelaci\u00f3n (BeiDou puro opcional) + cronometraje OCXO, holdover autom\u00e1tico y lockback suave; con alarmas de detecci\u00f3n anti-jamming\/anti-spoofing. Gesti\u00f3n unificada a trav\u00e9s de la Web, compatible con la gesti\u00f3n de red de acceso SNMP\/MIB personalizada.<\/p>","protected":false},"featured_media":17729,"template":"","meta":{"_acf_changed":false,"site-sidebar-layout":"no-sidebar","site-content-layout":"","ast-site-content-layout":"full-width-container","site-content-style":"default","site-sidebar-style":"default","ast-global-header-display":"","ast-banner-title-visibility":"","ast-main-header-display":"","ast-hfb-above-header-display":"","ast-hfb-below-header-display":"","ast-hfb-mobile-header-display":"","site-post-title":"disabled","ast-breadcrumbs-content":"","ast-featured-img":"disabled","footer-sml-layout":"","theme-transparent-header-meta":"default","adv-header-id-meta":"","stick-header-meta":"default","header-above-stick-meta":"","header-main-stick-meta":"","header-below-stick-meta":"","astra-migrate-meta-layouts":"set","ast-page-background-enabled":"default","ast-page-background-meta":{"desktop":{"background-color":"var(--ast-global-color-4)","background-image":"","background-repeat":"repeat","background-position":"center center","background-size":"auto","background-attachment":"scroll","background-type":"","background-media":"","overlay-type":"","overlay-color":"","overlay-opacity":"","overlay-gradient":""},"tablet":{"background-color":"","background-image":"","background-repeat":"repeat","background-position":"center center","background-size":"auto","background-attachment":"scroll","background-type":"","background-media":"","overlay-type":"","overlay-color":"","overlay-opacity":"","overlay-gradient":""},"mobile":{"background-color":"","background-image":"","background-repeat":"repeat","background-position":"center center","background-size":"auto","background-attachment":"scroll","background-type":"","background-media":"","overlay-type":"","overlay-color":"","overlay-opacity":"","overlay-gradient":""}},"ast-content-background-meta":{"desktop":{"background-color":"var(--ast-global-color-5)","background-image":"","background-repeat":"repeat","background-position":"center center","background-size":"auto","background-attachment":"scroll","background-type":"","background-media":"","overlay-type":"","overlay-color":"","overlay-opacity":"","overlay-gradient":""},"tablet":{"background-color":"var(--ast-global-color-5)","background-image":"","background-repeat":"repeat","background-position":"center center","background-size":"auto","background-attachment":"scroll","background-type":"","background-media":"","overlay-type":"","overlay-color":"","overlay-opacity":"","overlay-gradient":""},"mobile":{"background-color":"var(--ast-global-color-5)","background-image":"","background-repeat":"repeat","background-position":"center center","background-size":"auto","background-attachment":"scroll","background-type":"","background-media":"","overlay-type":"","overlay-color":"","overlay-opacity":"","overlay-gradient":""}}},"product_brand":[],"product_cat":[183],"product_tag":[],"class_list":{"0":"post-2306","1":"product","2":"type-product","3":"status-publish","4":"has-post-thumbnail","6":"product_cat-enterprise-network-time-servers","7":"pa_--ntp-v4rfc-5905","8":"pa_--gnssgps-beidou-galileo-glonass","9":"pa_--irig-b","10":"pa_--pps-todnmea-0183","11":"pa_--bonding","12":"pa_--262","13":"pa_--md5-sha","14":"pa_--ssh","15":"pa_--tls-https","16":"pa_--web-snmp-syslog","17":"pa_-196","18":"pa_-197","19":"pa_-180","20":"pa_-cpu","21":"pa_-181","22":"pa_-198","23":"pa_-199","24":"pa_---1u","25":"pa_--0-c--70-c","26":"pa_--40c--85c","27":"pa_-medical","28":"pa_-industrial-automation","29":"pa_-financial-transactions","30":"pa_-data-center-and-computing","31":"pa_-communications-infrastructure","32":"pa_-intelligent-transportation","33":"pa_-power-and-energy","34":"pa_-military-aviation","35":"pa_-metrology-and-testing","36":"pa_-ntp","37":"pa_--10us24h","38":"pa_---155dbc-hz1khz","39":"pa_-227","40":"pa_-10mhz-sine-wave-square-wave-output","41":"pa_-1-ppsttl-rs-422","42":"pa_-todrs-232-nmea","43":"pa_-rj451g","44":"pa_-sfp1g","45":"pa_-ac-220v","46":"pa_-ac-220v-","47":"pa_-dc-48v","48":"pa_-dc-48v-","49":"desktop-align-left","50":"tablet-align-left","51":"mobile-align-left","52":"ast-product-gallery-layout-first-image-large","53":"ast-product-gallery-with-no-image","54":"ast-product-tabs-layout-horizontal","56":"first","57":"instock","58":"shipping-taxable","59":"product-type-simple"},"acf":[],"yoast_head":"<!-- This site is optimized with the Yoast SEO plugin v26.0 - https:\/\/yoast.com\/wordpress\/plugins\/seo\/ -->\n<title>T600-BDOCXO NTP\u65f6\u95f4\u670d\u52a1\u5668 - \u5317\u6597\u90a6\u6cf0\u5b98\u7f51<\/title>\n<meta name=\"robots\" content=\"index, follow, max-snippet:-1, max-image-preview:large, max-video-preview:-1\" \/>\n<link rel=\"canonical\" href=\"https:\/\/www.bdpnt.com\/product\/t600-bdocxo-ntptime-server\/\" \/>\n<meta property=\"og:locale\" content=\"es_ES\" \/>\n<meta property=\"og:type\" content=\"article\" \/>\n<meta property=\"og:title\" content=\"T600-BDOCXO NTP\u65f6\u95f4\u670d\u52a1\u5668 - \u5317\u6597\u90a6\u6cf0\u5b98\u7f51\" \/>\n<meta property=\"og:description\" content=\"T600-BDOCXO\u3010\u4fe1\u521b+\u7eaf\u5317\u6597+\u6052\u6e29\u6676\u632f+\u53cc\u7535\u3011 NTP\u7f51\u7edc\u65f6\u95f4\u670d\u52a1\u5668\u652f\u6301NTP\/SNTP\uff0c\u4e3a\u5173\u952e\u57fa\u7840\u8bbe\u65bd\u63d0\u4f9b\u9ad8\u7cbe\u5ea6\u3001\u5927\u5bb9\u91cf\u6388\u65f6\u3002\u91c7\u7528\u56fd\u4ea7\u5316\u5de5\u4e1a\u4e3b\u677f\uff0c\u9002\u914d\u9e92\u9e9fOS\uff0c\u652f\u6301\u4e1a\u52a1\u7f51\/\u7ba1\u7406\u7f51\u9694\u79bb\uff0c\u591a\u7f51\u53e3\u72ec\u7acb\u914d\u7f6e\u4e0e\u8def\u7531\u7b56\u7565\uff1b\u652f\u6301bonding\u94fe\u8def\u5197\u4f59\u4e0e\u53cc\u673a\u70ed\u5907\/\u5fc3\u8df3\u68c0\u6d4b\uff0c\u4fdd\u969c\u8fde\u7eed\u53ef\u9760\u3002\u652f\u6301\u591a\u661f\u5ea7GNSS\uff08\u7eaf\u5317\u6597\u53ef\u9009\uff09+OCXO\u5b88\u65f6\uff0c\u5931\u9501\u81ea\u52a8Holdover\u5e76\u5e73\u6ed1\u56de\u9501\uff1b\u5177\u5907\u6297\u5e72\u6270\/\u6297\u6b3a\u9a97\u68c0\u6d4b\u544a\u8b66\u3002\u63d0\u4f9bWeb\u7edf\u4e00\u7ba1\u7406\uff0c\u652f\u6301SNMP\/\u81ea\u5b9a\u4e49MIB\u63a5\u5165\u7f51\u7ba1\u3002\" \/>\n<meta property=\"og:url\" content=\"https:\/\/www.bdpnt.com\/product\/t600-bdocxo-ntptime-server\/\" \/>\n<meta property=\"og:site_name\" content=\"\u5317\u6597\u90a6\u6cf0\u5b98\u7f51\" \/>\n<meta property=\"article:modified_time\" content=\"2026-03-26T08:18:27+00:00\" \/>\n<meta property=\"og:image\" content=\"https:\/\/www.bdpnt.com\/wp-content\/uploads\/2025\/05\/\u5fae\u4fe1\u56fe\u7247_20260310133318_427_3-scaled.png\" \/>\n\t<meta property=\"og:image:width\" content=\"2560\" \/>\n\t<meta property=\"og:image:height\" content=\"1280\" \/>\n\t<meta property=\"og:image:type\" content=\"image\/png\" \/>\n<meta name=\"twitter:card\" content=\"summary_large_image\" \/>\n<meta name=\"twitter:label1\" content=\"Tiempo de lectura\" \/>\n\t<meta name=\"twitter:data1\" content=\"1 minuto\" \/>\n<script type=\"application\/ld+json\" class=\"yoast-schema-graph\">{\"@context\":\"https:\/\/schema.org\",\"@graph\":[{\"@type\":\"WebPage\",\"@id\":\"https:\/\/www.bdpnt.com\/product\/t600-bdocxo-ntptime-server\/\",\"url\":\"https:\/\/www.bdpnt.com\/product\/t600-bdocxo-ntptime-server\/\",\"name\":\"T600-BDOCXO NTP\u65f6\u95f4\u670d\u52a1\u5668 - \u5317\u6597\u90a6\u6cf0\u5b98\u7f51\",\"isPartOf\":{\"@id\":\"https:\/\/www.bdpnt.com\/#website\"},\"primaryImageOfPage\":{\"@id\":\"https:\/\/www.bdpnt.com\/product\/t600-bdocxo-ntptime-server\/#primaryimage\"},\"image\":{\"@id\":\"https:\/\/www.bdpnt.com\/product\/t600-bdocxo-ntptime-server\/#primaryimage\"},\"thumbnailUrl\":\"https:\/\/bdpnt.com\/wp-content\/uploads\/2025\/05\/\u5fae\u4fe1\u56fe\u7247_20260310133318_427_3-scaled.png\",\"datePublished\":\"2025-05-30T03:13:39+00:00\",\"dateModified\":\"2026-03-26T08:18:27+00:00\",\"breadcrumb\":{\"@id\":\"https:\/\/www.bdpnt.com\/product\/t600-bdocxo-ntptime-server\/#breadcrumb\"},\"inLanguage\":\"es\",\"potentialAction\":[{\"@type\":\"ReadAction\",\"target\":[\"https:\/\/www.bdpnt.com\/product\/t600-bdocxo-ntptime-server\/\"]}]},{\"@type\":\"ImageObject\",\"inLanguage\":\"es\",\"@id\":\"https:\/\/www.bdpnt.com\/product\/t600-bdocxo-ntptime-server\/#primaryimage\",\"url\":\"https:\/\/bdpnt.com\/wp-content\/uploads\/2025\/05\/\u5fae\u4fe1\u56fe\u7247_20260310133318_427_3-scaled.png\",\"contentUrl\":\"https:\/\/bdpnt.com\/wp-content\/uploads\/2025\/05\/\u5fae\u4fe1\u56fe\u7247_20260310133318_427_3-scaled.png\",\"width\":2560,\"height\":1280},{\"@type\":\"BreadcrumbList\",\"@id\":\"https:\/\/www.bdpnt.com\/product\/t600-bdocxo-ntptime-server\/#breadcrumb\",\"itemListElement\":[{\"@type\":\"ListItem\",\"position\":1,\"name\":\"\u9996\u9875\",\"item\":\"https:\/\/www.bdpnt.com\/\"},{\"@type\":\"ListItem\",\"position\":2,\"name\":\"Shop\",\"item\":\"https:\/\/www.bdpnt.com\/shop\/\"},{\"@type\":\"ListItem\",\"position\":3,\"name\":\"\u4ea7\u54c1\",\"item\":\"https:\/\/www.bdpnt.com\/product-category\/products\/\"},{\"@type\":\"ListItem\",\"position\":4,\"name\":\"\u4f01\u4e1a\u7ea7\u7f51\u7edc\u65f6\u95f4\u670d\u52a1\u5668\",\"item\":\"https:\/\/www.bdpnt.com\/product-category\/products\/enterprise-network-time-servers\/\"},{\"@type\":\"ListItem\",\"position\":5,\"name\":\"T600-BDOCXO NTP\u65f6\u95f4\u670d\u52a1\u5668\"}]},{\"@type\":\"WebSite\",\"@id\":\"https:\/\/www.bdpnt.com\/#website\",\"url\":\"https:\/\/www.bdpnt.com\/\",\"name\":\"\u5317\u6597\u90a6\u6cf0\u5b98\u7f51\",\"description\":\"bdstar time website\",\"publisher\":{\"@id\":\"https:\/\/www.bdpnt.com\/#organization\"},\"alternateName\":\"BDSTAR TIME\",\"potentialAction\":[{\"@type\":\"SearchAction\",\"target\":{\"@type\":\"EntryPoint\",\"urlTemplate\":\"https:\/\/www.bdpnt.com\/?s={search_term_string}\"},\"query-input\":{\"@type\":\"PropertyValueSpecification\",\"valueRequired\":true,\"valueName\":\"search_term_string\"}}],\"inLanguage\":\"es\"},{\"@type\":\"Organization\",\"@id\":\"https:\/\/www.bdpnt.com\/#organization\",\"name\":\"\u5317\u6597\u90a6\u6cf0\u5b98\u7f51\",\"alternateName\":\"BDSTAR TIME\",\"url\":\"https:\/\/www.bdpnt.com\/\",\"logo\":{\"@type\":\"ImageObject\",\"inLanguage\":\"es\",\"@id\":\"https:\/\/www.bdpnt.com\/#\/schema\/logo\/image\/\",\"url\":\"https:\/\/bdpnt.com\/wp-content\/uploads\/2025\/04\/\u5317\u6597\u90a6\u6cf0\u6700\u7ec8logo-\u6700\u7ec8\u7248\u5f69\u8272.png\",\"contentUrl\":\"https:\/\/bdpnt.com\/wp-content\/uploads\/2025\/04\/\u5317\u6597\u90a6\u6cf0\u6700\u7ec8logo-\u6700\u7ec8\u7248\u5f69\u8272.png\",\"width\":234,\"height\":76,\"caption\":\"\u5317\u6597\u90a6\u6cf0\u5b98\u7f51\"},\"image\":{\"@id\":\"https:\/\/www.bdpnt.com\/#\/schema\/logo\/image\/\"}}]}<\/script>\n<!-- \/ Yoast SEO plugin. -->","yoast_head_json":{"title":"T600-BDOCXO Servidor de Tiempo NTP - Beidou Bangtai Official Website","robots":{"index":"index","follow":"follow","max-snippet":"max-snippet:-1","max-image-preview":"max-image-preview:large","max-video-preview":"max-video-preview:-1"},"canonical":"https:\/\/www.bdpnt.com\/product\/t600-bdocxo-ntptime-server\/","og_locale":"es_ES","og_type":"article","og_title":"T600-BDOCXO NTP\u65f6\u95f4\u670d\u52a1\u5668 - \u5317\u6597\u90a6\u6cf0\u5b98\u7f51","og_description":"T600-BDOCXO\u3010\u4fe1\u521b+\u7eaf\u5317\u6597+\u6052\u6e29\u6676\u632f+\u53cc\u7535\u3011 NTP\u7f51\u7edc\u65f6\u95f4\u670d\u52a1\u5668\u652f\u6301NTP\/SNTP\uff0c\u4e3a\u5173\u952e\u57fa\u7840\u8bbe\u65bd\u63d0\u4f9b\u9ad8\u7cbe\u5ea6\u3001\u5927\u5bb9\u91cf\u6388\u65f6\u3002\u91c7\u7528\u56fd\u4ea7\u5316\u5de5\u4e1a\u4e3b\u677f\uff0c\u9002\u914d\u9e92\u9e9fOS\uff0c\u652f\u6301\u4e1a\u52a1\u7f51\/\u7ba1\u7406\u7f51\u9694\u79bb\uff0c\u591a\u7f51\u53e3\u72ec\u7acb\u914d\u7f6e\u4e0e\u8def\u7531\u7b56\u7565\uff1b\u652f\u6301bonding\u94fe\u8def\u5197\u4f59\u4e0e\u53cc\u673a\u70ed\u5907\/\u5fc3\u8df3\u68c0\u6d4b\uff0c\u4fdd\u969c\u8fde\u7eed\u53ef\u9760\u3002\u652f\u6301\u591a\u661f\u5ea7GNSS\uff08\u7eaf\u5317\u6597\u53ef\u9009\uff09+OCXO\u5b88\u65f6\uff0c\u5931\u9501\u81ea\u52a8Holdover\u5e76\u5e73\u6ed1\u56de\u9501\uff1b\u5177\u5907\u6297\u5e72\u6270\/\u6297\u6b3a\u9a97\u68c0\u6d4b\u544a\u8b66\u3002\u63d0\u4f9bWeb\u7edf\u4e00\u7ba1\u7406\uff0c\u652f\u6301SNMP\/\u81ea\u5b9a\u4e49MIB\u63a5\u5165\u7f51\u7ba1\u3002","og_url":"https:\/\/www.bdpnt.com\/product\/t600-bdocxo-ntptime-server\/","og_site_name":"\u5317\u6597\u90a6\u6cf0\u5b98\u7f51","article_modified_time":"2026-03-26T08:18:27+00:00","og_image":[{"width":2560,"height":1280,"url":"https:\/\/www.bdpnt.com\/wp-content\/uploads\/2025\/05\/\u5fae\u4fe1\u56fe\u7247_20260310133318_427_3-scaled.png","type":"image\/png"}],"twitter_card":"summary_large_image","twitter_misc":{"Tiempo de lectura":"1 minuto"},"schema":{"@context":"https:\/\/schema.org","@graph":[{"@type":"WebPage","@id":"https:\/\/www.bdpnt.com\/product\/t600-bdocxo-ntptime-server\/","url":"https:\/\/www.bdpnt.com\/product\/t600-bdocxo-ntptime-server\/","name":"T600-BDOCXO Servidor de Tiempo NTP - Beidou Bangtai Official Website","isPartOf":{"@id":"https:\/\/www.bdpnt.com\/#website"},"primaryImageOfPage":{"@id":"https:\/\/www.bdpnt.com\/product\/t600-bdocxo-ntptime-server\/#primaryimage"},"image":{"@id":"https:\/\/www.bdpnt.com\/product\/t600-bdocxo-ntptime-server\/#primaryimage"},"thumbnailUrl":"https:\/\/bdpnt.com\/wp-content\/uploads\/2025\/05\/\u5fae\u4fe1\u56fe\u7247_20260310133318_427_3-scaled.png","datePublished":"2025-05-30T03:13:39+00:00","dateModified":"2026-03-26T08:18:27+00:00","breadcrumb":{"@id":"https:\/\/www.bdpnt.com\/product\/t600-bdocxo-ntptime-server\/#breadcrumb"},"inLanguage":"es","potentialAction":[{"@type":"ReadAction","target":["https:\/\/www.bdpnt.com\/product\/t600-bdocxo-ntptime-server\/"]}]},{"@type":"ImageObject","inLanguage":"es","@id":"https:\/\/www.bdpnt.com\/product\/t600-bdocxo-ntptime-server\/#primaryimage","url":"https:\/\/bdpnt.com\/wp-content\/uploads\/2025\/05\/\u5fae\u4fe1\u56fe\u7247_20260310133318_427_3-scaled.png","contentUrl":"https:\/\/bdpnt.com\/wp-content\/uploads\/2025\/05\/\u5fae\u4fe1\u56fe\u7247_20260310133318_427_3-scaled.png","width":2560,"height":1280},{"@type":"BreadcrumbList","@id":"https:\/\/www.bdpnt.com\/product\/t600-bdocxo-ntptime-server\/#breadcrumb","itemListElement":[{"@type":"ListItem","position":1,"name":"\u9996\u9875","item":"https:\/\/www.bdpnt.com\/"},{"@type":"ListItem","position":2,"name":"Shop","item":"https:\/\/www.bdpnt.com\/shop\/"},{"@type":"ListItem","position":3,"name":"\u4ea7\u54c1","item":"https:\/\/www.bdpnt.com\/product-category\/products\/"},{"@type":"ListItem","position":4,"name":"\u4f01\u4e1a\u7ea7\u7f51\u7edc\u65f6\u95f4\u670d\u52a1\u5668","item":"https:\/\/www.bdpnt.com\/product-category\/products\/enterprise-network-time-servers\/"},{"@type":"ListItem","position":5,"name":"T600-BDOCXO NTP\u65f6\u95f4\u670d\u52a1\u5668"}]},{"@type":"WebSite","@id":"https:\/\/www.bdpnt.com\/#website","url":"https:\/\/www.bdpnt.com\/","name":"P\u00e1gina oficial de Beidoubangtai","description":"bdstar time website","publisher":{"@id":"https:\/\/www.bdpnt.com\/#organization"},"alternateName":"BDSTAR TIME","potentialAction":[{"@type":"SearchAction","target":{"@type":"EntryPoint","urlTemplate":"https:\/\/www.bdpnt.com\/?s={search_term_string}"},"query-input":{"@type":"PropertyValueSpecification","valueRequired":true,"valueName":"search_term_string"}}],"inLanguage":"es"},{"@type":"Organization","@id":"https:\/\/www.bdpnt.com\/#organization","name":"P\u00e1gina oficial de Beidoubangtai","alternateName":"BDSTAR TIME","url":"https:\/\/www.bdpnt.com\/","logo":{"@type":"ImageObject","inLanguage":"es","@id":"https:\/\/www.bdpnt.com\/#\/schema\/logo\/image\/","url":"https:\/\/bdpnt.com\/wp-content\/uploads\/2025\/04\/\u5317\u6597\u90a6\u6cf0\u6700\u7ec8logo-\u6700\u7ec8\u7248\u5f69\u8272.png","contentUrl":"https:\/\/bdpnt.com\/wp-content\/uploads\/2025\/04\/\u5317\u6597\u90a6\u6cf0\u6700\u7ec8logo-\u6700\u7ec8\u7248\u5f69\u8272.png","width":234,"height":76,"caption":"\u5317\u6597\u90a6\u6cf0\u5b98\u7f51"},"image":{"@id":"https:\/\/www.bdpnt.com\/#\/schema\/logo\/image\/"}}]}},"_links":{"self":[{"href":"https:\/\/bdpnt.com\/es\/wp-json\/wp\/v2\/product\/2306","targetHints":{"allow":["GET"]}}],"collection":[{"href":"https:\/\/bdpnt.com\/es\/wp-json\/wp\/v2\/product"}],"about":[{"href":"https:\/\/bdpnt.com\/es\/wp-json\/wp\/v2\/types\/product"}],"version-history":[{"count":20,"href":"https:\/\/bdpnt.com\/es\/wp-json\/wp\/v2\/product\/2306\/revisions"}],"predecessor-version":[{"id":18738,"href":"https:\/\/bdpnt.com\/es\/wp-json\/wp\/v2\/product\/2306\/revisions\/18738"}],"wp:featuredmedia":[{"embeddable":true,"href":"https:\/\/bdpnt.com\/es\/wp-json\/wp\/v2\/media\/17729"}],"wp:attachment":[{"href":"https:\/\/bdpnt.com\/es\/wp-json\/wp\/v2\/media?parent=2306"}],"wp:term":[{"taxonomy":"product_brand","embeddable":true,"href":"https:\/\/bdpnt.com\/es\/wp-json\/wp\/v2\/product_brand?post=2306"},{"taxonomy":"product_cat","embeddable":true,"href":"https:\/\/bdpnt.com\/es\/wp-json\/wp\/v2\/product_cat?post=2306"},{"taxonomy":"product_tag","embeddable":true,"href":"https:\/\/bdpnt.com\/es\/wp-json\/wp\/v2\/product_tag?post=2306"}],"curies":[{"name":"wp","href":"https:\/\/api.w.org\/{rel}","templated":true}]}}