{"id":17374,"date":"2026-01-30T14:03:16","date_gmt":"2026-01-30T06:03:16","guid":{"rendered":"https:\/\/bdtime.cn\/?page_id=17374"},"modified":"2026-03-19T15:47:52","modified_gmt":"2026-03-19T07:47:52","slug":"analisis-de-soluciones","status":"publish","type":"page","link":"https:\/\/bdpnt.com\/es\/noticias-y-blogs\/video\/analisis-de-soluciones\/","title":{"rendered":"An\u00e1lisis del programa"},"content":{"rendered":"<div data-elementor-type=\"wp-page\" data-elementor-id=\"17374\" class=\"elementor elementor-17374\" data-elementor-post-type=\"page\">\n\t\t\t\t<div data-particle_enable=\"false\" data-particle-mobile-disabled=\"false\" class=\"elementor-element elementor-element-37691cf e-flex e-con-boxed e-con e-child\" data-id=\"37691cf\" data-element_type=\"container\" data-settings=\"{&quot;background_background&quot;:&quot;classic&quot;}\">\n\t\t\t\t\t<div class=\"e-con-inner\">\n\t\t\t\t<div class=\"elementor-element elementor-element-0016fd6 elementor-widget elementor-widget-woocommerce-breadcrumb\" data-id=\"0016fd6\" data-element_type=\"widget\" data-widget_type=\"woocommerce-breadcrumb.default\">\n\t\t\t\t\t<nav class=\"woocommerce-breadcrumb\" aria-label=\"Breadcrumb\" data-no-translation=\"\" data-trp-gettext=\"\">Inicio<\/nav>\t\t\t\t<\/div>\n\t\t\t\t\t<\/div>\n\t\t\t\t<\/div>\n\t\t<div data-particle_enable=\"false\" data-particle-mobile-disabled=\"false\" class=\"elementor-element elementor-element-e5e49d9 e-flex e-con-boxed e-con e-parent\" data-id=\"e5e49d9\" data-element_type=\"container\" data-settings=\"{&quot;background_background&quot;:&quot;classic&quot;}\">\n\t\t\t\t\t<div class=\"e-con-inner\">\n\t\t\t\t\t<\/div>\n\t\t\t\t<\/div>\n\t\t<div data-particle_enable=\"false\" data-particle-mobile-disabled=\"false\" class=\"elementor-element elementor-element-dae0889 e-flex e-con-boxed e-con e-parent\" data-id=\"dae0889\" data-element_type=\"container\">\n\t\t\t\t\t<div class=\"e-con-inner\">\n\t\t\t\t<div class=\"elementor-element elementor-element-91e8cdb elementor-widget elementor-widget-spacer\" data-id=\"91e8cdb\" data-element_type=\"widget\" data-widget_type=\"spacer.default\">\n\t\t\t\t\t\t\t<div class=\"elementor-spacer\">\n\t\t\t<div class=\"elementor-spacer-inner\"><\/div>\n\t\t<\/div>\n\t\t\t\t\t\t<\/div>\n\t\t\t\t<div class=\"elementor-element elementor-element-3ac1f4f elementor-widget elementor-widget-heading\" data-id=\"3ac1f4f\" data-element_type=\"widget\" data-widget_type=\"heading.default\">\n\t\t\t\t\t<h3 class=\"elementor-heading-title elementor-size-default\">Explicaci\u00f3n de la soluci\u00f3n: nuestra soluci\u00f3n de aterrizaje de precisi\u00f3n<\/h3>\t\t\t\t<\/div>\n\t\t\t\t<div class=\"elementor-element elementor-element-4d2cbbb elementor-widget elementor-widget-text-editor\" data-id=\"4d2cbbb\" data-element_type=\"widget\" data-widget_type=\"text-editor.default\">\n\t\t\t\t\t\t\t\t\t<p>Energ\u00eda, finanzas, transporte ...... \u00bfC\u00f3mo sincronizar la hora en diferentes sectores? Hablamos con casos reales y registramos cada soluci\u00f3n precisa y fundamentada.<\/p>\t\t\t\t\t\t\t\t<\/div>\n\t\t\t\t<div class=\"elementor-element elementor-element-205e541 elementor-widget elementor-widget-spacer\" data-id=\"205e541\" data-element_type=\"widget\" data-widget_type=\"spacer.default\">\n\t\t\t\t\t\t\t<div class=\"elementor-spacer\">\n\t\t\t<div class=\"elementor-spacer-inner\"><\/div>\n\t\t<\/div>\n\t\t\t\t\t\t<\/div>\n\t\t\t\t\t<\/div>\n\t\t\t\t<\/div>\n\t\t<div data-particle_enable=\"false\" data-particle-mobile-disabled=\"false\" class=\"elementor-element elementor-element-38e8de7 e-flex e-con-boxed e-con e-parent\" data-id=\"38e8de7\" data-element_type=\"container\">\n\t\t\t\t\t<div class=\"e-con-inner\">\n\t\t<div data-particle_enable=\"false\" data-particle-mobile-disabled=\"false\" class=\"elementor-element elementor-element-4f284c4 e-con-full e-flex e-con e-child\" data-id=\"4f284c4\" data-element_type=\"container\">\n\t\t<div data-particle_enable=\"false\" data-particle-mobile-disabled=\"false\" class=\"elementor-element elementor-element-27f4c6b e-grid e-con-full e-con e-child\" data-id=\"27f4c6b\" data-element_type=\"container\">\n\t\t\t\t<div class=\"elementor-element elementor-element-15386e7 elementor-widget elementor-widget-video\" data-id=\"15386e7\" data-element_type=\"widget\" data-settings=\"{&quot;video_type&quot;:&quot;hosted&quot;,&quot;controls&quot;:&quot;yes&quot;}\" data-widget_type=\"video.default\">\n\t\t\t\t\t\t\t<div class=\"e-hosted-video elementor-wrapper elementor-open-inline\">\n\t\t\t\t\t<video class=\"elementor-video\" src=\"https:\/\/bdtime.cn\/wp-content\/uploads\/2025\/12\/\u589e\u5f3a\u578b\u8611\u83c7\u5934.mp4\" controls=\"\" preload=\"metadata\" controlslist=\"nodownload\" poster=\"https:\/\/bdtime.cn\/wp-content\/uploads\/2025\/12\/\u5fae\u4fe1\u56fe\u7247_20251202162443_81_44.png\"><\/video>\n\t\t\t\t<\/div>\n\t\t\t\t\t\t<\/div>\n\t\t\t\t<div class=\"elementor-element elementor-element-b9b53f2 elementor-widget elementor-widget-text-editor\" data-id=\"b9b53f2\" data-element_type=\"widget\" data-widget_type=\"text-editor.default\">\n\t\t\t\t\t\t\t\t\t<p><strong><a href=\"\/wp-content\/uploads\/2025\/12\/\u589e\u5f3a\u578b\u8611\u83c7\u5934.mp4\"><span style=\"color: #18191c; font-family: 'PingFang SC', HarmonyOS_Regular, 'Helvetica Neue', 'Microsoft YaHei', sans-serif; font-size: 15px; white-space-collapse: preserve-breaks;\">Soluci\u00f3n de seguridad mejorada contra las interferencias del GNSS<\/span><\/a><\/strong><\/p><p><span style=\"color: #18191c; font-family: 'PingFang SC', HarmonyOS_Regular, 'Helvetica Neue', 'Microsoft YaHei', sans-serif; font-size: 15px; white-space-collapse: preserve-breaks;\">En infraestructuras cr\u00edticas, el tiempo es orden. Los servidores de relojes suelen basarse en GNSS, pero la suplantaci\u00f3n y las interferencias pueden provocar saltos temporales y falsas concesiones, lo que plantea graves riesgos para el sistema.\u00a0<\/span><\/p>\t\t\t\t\t\t\t\t<\/div>\n\t\t\t\t<\/div>\n\t\t\t\t<\/div>\n\t\t<div data-particle_enable=\"false\" data-particle-mobile-disabled=\"false\" class=\"elementor-element elementor-element-243d09b e-con-full e-flex e-con e-child\" data-id=\"243d09b\" data-element_type=\"container\">\n\t\t\t\t<\/div>\n\t\t\t\t\t<\/div>\n\t\t\t\t<\/div>\n\t\t\t\t<\/div>","protected":false},"excerpt":{"rendered":"<p>\u65b9\u6848\u89e3\u6790\uff1a\u6211\u4eec\u7684\u7cbe\u51c6\u843d\u5730\u89e3\u51b3\u65b9\u6848 \u7535\u529b\u3001\u91d1\u878d\u3001\u4ea4\u901a\u2026\u2026\u4e0d\u540c\u884c\u4e1a\u7684\u65f6\u95f4\u540c\u6b65\u600e\u4e48\u505a\uff1f\u6211\u4eec\u7528\u771f\u5b9e\u6848\u4f8b\u8bf4\u8bdd\uff0c\u8bb0\u5f55\u6bcf\u4e00\u4e2a [&hellip;]<\/p>","protected":false},"author":1,"featured_media":16936,"parent":18103,"menu_order":0,"comment_status":"closed","ping_status":"closed","template":"","meta":{"_acf_changed":false,"site-sidebar-layout":"no-sidebar","site-content-layout":"","ast-site-content-layout":"full-width-container","site-content-style":"default","site-sidebar-style":"default","ast-global-header-display":"","ast-banner-title-visibility":"","ast-main-header-display":"","ast-hfb-above-header-display":"","ast-hfb-below-header-display":"","ast-hfb-mobile-header-display":"","site-post-title":"disabled","ast-breadcrumbs-content":"","ast-featured-img":"disabled","footer-sml-layout":"","theme-transparent-header-meta":"","adv-header-id-meta":"","stick-header-meta":"","header-above-stick-meta":"","header-main-stick-meta":"","header-below-stick-meta":"","astra-migrate-meta-layouts":"default","ast-page-background-enabled":"default","ast-page-background-meta":{"desktop":{"background-color":"var(--ast-global-color-4)","background-image":"","background-repeat":"repeat","background-position":"center center","background-size":"auto","background-attachment":"scroll","background-type":"","background-media":"","overlay-type":"","overlay-color":"","overlay-opacity":"","overlay-gradient":""},"tablet":{"background-color":"","background-image":"","background-repeat":"repeat","background-position":"center center","background-size":"auto","background-attachment":"scroll","background-type":"","background-media":"","overlay-type":"","overlay-color":"","overlay-opacity":"","overlay-gradient":""},"mobile":{"background-color":"","background-image":"","background-repeat":"repeat","background-position":"center center","background-size":"auto","background-attachment":"scroll","background-type":"","background-media":"","overlay-type":"","overlay-color":"","overlay-opacity":"","overlay-gradient":""}},"ast-content-background-meta":{"desktop":{"background-color":"var(--ast-global-color-5)","background-image":"","background-repeat":"repeat","background-position":"center center","background-size":"auto","background-attachment":"scroll","background-type":"","background-media":"","overlay-type":"","overlay-color":"","overlay-opacity":"","overlay-gradient":""},"tablet":{"background-color":"var(--ast-global-color-5)","background-image":"","background-repeat":"repeat","background-position":"center center","background-size":"auto","background-attachment":"scroll","background-type":"","background-media":"","overlay-type":"","overlay-color":"","overlay-opacity":"","overlay-gradient":""},"mobile":{"background-color":"var(--ast-global-color-5)","background-image":"","background-repeat":"repeat","background-position":"center center","background-size":"auto","background-attachment":"scroll","background-type":"","background-media":"","overlay-type":"","overlay-color":"","overlay-opacity":"","overlay-gradient":""}},"footnotes":""},"class_list":["post-17374","page","type-page","status-publish","has-post-thumbnail","hentry"],"acf":[],"yoast_head":"<!-- This site is optimized with the Yoast SEO plugin v26.0 - https:\/\/yoast.com\/wordpress\/plugins\/seo\/ -->\n<title>\u65b9\u6848\u89e3\u6790 - \u5317\u6597\u90a6\u6cf0\u5b98\u7f51<\/title>\n<meta name=\"robots\" content=\"index, follow, max-snippet:-1, max-image-preview:large, max-video-preview:-1\" \/>\n<link rel=\"canonical\" href=\"https:\/\/www.bdpnt.com\/fr\/nouvelles-et-blogs\/video\/analyse-des-solutions\/\" \/>\n<meta property=\"og:locale\" content=\"es_ES\" \/>\n<meta property=\"og:type\" content=\"article\" \/>\n<meta property=\"og:title\" content=\"\u65b9\u6848\u89e3\u6790 - \u5317\u6597\u90a6\u6cf0\u5b98\u7f51\" \/>\n<meta property=\"og:description\" content=\"\u65b9\u6848\u89e3\u6790\uff1a\u6211\u4eec\u7684\u7cbe\u51c6\u843d\u5730\u89e3\u51b3\u65b9\u6848 \u7535\u529b\u3001\u91d1\u878d\u3001\u4ea4\u901a\u2026\u2026\u4e0d\u540c\u884c\u4e1a\u7684\u65f6\u95f4\u540c\u6b65\u600e\u4e48\u505a\uff1f\u6211\u4eec\u7528\u771f\u5b9e\u6848\u4f8b\u8bf4\u8bdd\uff0c\u8bb0\u5f55\u6bcf\u4e00\u4e2a [&hellip;]\" \/>\n<meta property=\"og:url\" content=\"https:\/\/www.bdpnt.com\/fr\/nouvelles-et-blogs\/video\/analyse-des-solutions\/\" \/>\n<meta property=\"og:site_name\" content=\"\u5317\u6597\u90a6\u6cf0\u5b98\u7f51\" \/>\n<meta property=\"article:modified_time\" content=\"2026-03-19T07:47:52+00:00\" \/>\n<meta property=\"og:image\" content=\"https:\/\/www.bdpnt.com\/wp-content\/uploads\/2025\/12\/\u5fae\u4fe1\u56fe\u7247_20251202162443_81_44.png\" \/>\n\t<meta property=\"og:image:width\" content=\"1920\" \/>\n\t<meta property=\"og:image:height\" content=\"1440\" \/>\n\t<meta property=\"og:image:type\" content=\"image\/png\" \/>\n<meta name=\"twitter:card\" content=\"summary_large_image\" \/>\n<meta name=\"twitter:label1\" content=\"Tiempo de lectura\" \/>\n\t<meta name=\"twitter:data1\" content=\"1 minuto\" \/>\n<script type=\"application\/ld+json\" class=\"yoast-schema-graph\">{\"@context\":\"https:\/\/schema.org\",\"@graph\":[{\"@type\":\"Article\",\"@id\":\"https:\/\/www.bdpnt.com\/fr\/nouvelles-et-blogs\/video\/analyse-des-solutions\/#article\",\"isPartOf\":{\"@id\":\"https:\/\/www.bdpnt.com\/fr\/nouvelles-et-blogs\/video\/analyse-des-solutions\/\"},\"author\":{\"name\":\"corey111888@gmail.com\",\"@id\":\"https:\/\/www.bdpnt.com\/fr\/#\/schema\/person\/e8997c4b9facaa73b3701e07b7d865dd\"},\"headline\":\"\u65b9\u6848\u89e3\u6790\",\"datePublished\":\"2026-01-30T06:03:16+00:00\",\"dateModified\":\"2026-03-19T07:47:52+00:00\",\"mainEntityOfPage\":{\"@id\":\"https:\/\/www.bdpnt.com\/fr\/nouvelles-et-blogs\/video\/analyse-des-solutions\/\"},\"wordCount\":8,\"publisher\":{\"@id\":\"https:\/\/www.bdpnt.com\/fr\/#organization\"},\"image\":{\"@id\":\"https:\/\/www.bdpnt.com\/fr\/nouvelles-et-blogs\/video\/analyse-des-solutions\/#primaryimage\"},\"thumbnailUrl\":\"https:\/\/bdpnt.com\/wp-content\/uploads\/2025\/12\/\u5fae\u4fe1\u56fe\u7247_20251202162443_81_44.png\",\"inLanguage\":\"es\"},{\"@type\":\"WebPage\",\"@id\":\"https:\/\/www.bdpnt.com\/fr\/nouvelles-et-blogs\/video\/analyse-des-solutions\/\",\"url\":\"https:\/\/www.bdpnt.com\/fr\/nouvelles-et-blogs\/video\/analyse-des-solutions\/\",\"name\":\"\u65b9\u6848\u89e3\u6790 - \u5317\u6597\u90a6\u6cf0\u5b98\u7f51\",\"isPartOf\":{\"@id\":\"https:\/\/www.bdpnt.com\/fr\/#website\"},\"primaryImageOfPage\":{\"@id\":\"https:\/\/www.bdpnt.com\/fr\/nouvelles-et-blogs\/video\/analyse-des-solutions\/#primaryimage\"},\"image\":{\"@id\":\"https:\/\/www.bdpnt.com\/fr\/nouvelles-et-blogs\/video\/analyse-des-solutions\/#primaryimage\"},\"thumbnailUrl\":\"https:\/\/bdpnt.com\/wp-content\/uploads\/2025\/12\/\u5fae\u4fe1\u56fe\u7247_20251202162443_81_44.png\",\"datePublished\":\"2026-01-30T06:03:16+00:00\",\"dateModified\":\"2026-03-19T07:47:52+00:00\",\"breadcrumb\":{\"@id\":\"https:\/\/www.bdpnt.com\/fr\/nouvelles-et-blogs\/video\/analyse-des-solutions\/#breadcrumb\"},\"inLanguage\":\"es\",\"potentialAction\":[{\"@type\":\"ReadAction\",\"target\":[\"https:\/\/www.bdpnt.com\/fr\/nouvelles-et-blogs\/video\/analyse-des-solutions\/\"]}]},{\"@type\":\"ImageObject\",\"inLanguage\":\"es\",\"@id\":\"https:\/\/www.bdpnt.com\/fr\/nouvelles-et-blogs\/video\/analyse-des-solutions\/#primaryimage\",\"url\":\"https:\/\/bdpnt.com\/wp-content\/uploads\/2025\/12\/\u5fae\u4fe1\u56fe\u7247_20251202162443_81_44.png\",\"contentUrl\":\"https:\/\/bdpnt.com\/wp-content\/uploads\/2025\/12\/\u5fae\u4fe1\u56fe\u7247_20251202162443_81_44.png\",\"width\":1920,\"height\":1440},{\"@type\":\"BreadcrumbList\",\"@id\":\"https:\/\/www.bdpnt.com\/fr\/nouvelles-et-blogs\/video\/analyse-des-solutions\/#breadcrumb\",\"itemListElement\":[{\"@type\":\"ListItem\",\"position\":1,\"name\":\"\u9996\u9875\",\"item\":\"https:\/\/bdpnt.com\/ru\/\"},{\"@type\":\"ListItem\",\"position\":2,\"name\":\"\u65b0\u95fb\u4e0e\u535a\u5ba2\",\"item\":\"https:\/\/www.bdpnt.com\/news-and-blogs\/\"},{\"@type\":\"ListItem\",\"position\":3,\"name\":\"\u89c6\u9891\u4e2d\u5fc3\",\"item\":\"https:\/\/www.bdpnt.com\/ja\/%e3%83%8b%e3%83%a5%e3%83%bc%e3%82%b9%e3%81%a8%e3%83%96%e3%83%ad%e3%82%b0\/%e3%83%93%e3%83%87%e3%82%aa\/\"},{\"@type\":\"ListItem\",\"position\":4,\"name\":\"\u65b9\u6848\u89e3\u6790\"}]},{\"@type\":\"WebSite\",\"@id\":\"https:\/\/www.bdpnt.com\/fr\/#website\",\"url\":\"https:\/\/www.bdpnt.com\/fr\/\",\"name\":\"\u5317\u6597\u90a6\u6cf0\u5b98\u7f51\",\"description\":\"bdstar time website\",\"publisher\":{\"@id\":\"https:\/\/www.bdpnt.com\/fr\/#organization\"},\"alternateName\":\"BDSTAR TIME\",\"potentialAction\":[{\"@type\":\"SearchAction\",\"target\":{\"@type\":\"EntryPoint\",\"urlTemplate\":\"https:\/\/www.bdpnt.com\/fr\/?s={search_term_string}\"},\"query-input\":{\"@type\":\"PropertyValueSpecification\",\"valueRequired\":true,\"valueName\":\"search_term_string\"}}],\"inLanguage\":\"es\"},{\"@type\":\"Organization\",\"@id\":\"https:\/\/www.bdpnt.com\/fr\/#organization\",\"name\":\"\u5317\u6597\u90a6\u6cf0\u5b98\u7f51\",\"alternateName\":\"BDSTAR TIME\",\"url\":\"https:\/\/www.bdpnt.com\/fr\/\",\"logo\":{\"@type\":\"ImageObject\",\"inLanguage\":\"es\",\"@id\":\"https:\/\/www.bdpnt.com\/fr\/#\/schema\/logo\/image\/\",\"url\":\"https:\/\/bdpnt.com\/wp-content\/uploads\/2025\/04\/\u5317\u6597\u90a6\u6cf0\u6700\u7ec8logo-\u6700\u7ec8\u7248\u5f69\u8272.png\",\"contentUrl\":\"https:\/\/bdpnt.com\/wp-content\/uploads\/2025\/04\/\u5317\u6597\u90a6\u6cf0\u6700\u7ec8logo-\u6700\u7ec8\u7248\u5f69\u8272.png\",\"width\":234,\"height\":76,\"caption\":\"\u5317\u6597\u90a6\u6cf0\u5b98\u7f51\"},\"image\":{\"@id\":\"https:\/\/www.bdpnt.com\/fr\/#\/schema\/logo\/image\/\"}},{\"@type\":\"Person\",\"@id\":\"https:\/\/www.bdpnt.com\/fr\/#\/schema\/person\/e8997c4b9facaa73b3701e07b7d865dd\",\"name\":\"corey111888@gmail.com\",\"image\":{\"@type\":\"ImageObject\",\"inLanguage\":\"es\",\"@id\":\"https:\/\/www.bdpnt.com\/fr\/#\/schema\/person\/image\/\",\"url\":\"https:\/\/secure.gravatar.com\/avatar\/6e21da1bfefeb285312c9263c45903b2fe94fa8cd2f8ad74af89fef99d78aeac?s=96&d=mm&r=g\",\"contentUrl\":\"https:\/\/secure.gravatar.com\/avatar\/6e21da1bfefeb285312c9263c45903b2fe94fa8cd2f8ad74af89fef99d78aeac?s=96&d=mm&r=g\",\"caption\":\"corey111888@gmail.com\"},\"sameAs\":[\"https:\/\/bdstarpnt.com\"],\"url\":\"https:\/\/bdpnt.com\/es\/author\/corey111888gmail-com\/\"}]}<\/script>\n<!-- \/ Yoast SEO plugin. -->","yoast_head_json":{"title":"An\u00e1lisis de soluciones - Sitio web oficial de Beidou Bangtai","robots":{"index":"index","follow":"follow","max-snippet":"max-snippet:-1","max-image-preview":"max-image-preview:large","max-video-preview":"max-video-preview:-1"},"canonical":"https:\/\/www.bdpnt.com\/fr\/nouvelles-et-blogs\/video\/analyse-des-solutions\/","og_locale":"es_ES","og_type":"article","og_title":"\u65b9\u6848\u89e3\u6790 - \u5317\u6597\u90a6\u6cf0\u5b98\u7f51","og_description":"\u65b9\u6848\u89e3\u6790\uff1a\u6211\u4eec\u7684\u7cbe\u51c6\u843d\u5730\u89e3\u51b3\u65b9\u6848 \u7535\u529b\u3001\u91d1\u878d\u3001\u4ea4\u901a\u2026\u2026\u4e0d\u540c\u884c\u4e1a\u7684\u65f6\u95f4\u540c\u6b65\u600e\u4e48\u505a\uff1f\u6211\u4eec\u7528\u771f\u5b9e\u6848\u4f8b\u8bf4\u8bdd\uff0c\u8bb0\u5f55\u6bcf\u4e00\u4e2a [&hellip;]","og_url":"https:\/\/www.bdpnt.com\/fr\/nouvelles-et-blogs\/video\/analyse-des-solutions\/","og_site_name":"\u5317\u6597\u90a6\u6cf0\u5b98\u7f51","article_modified_time":"2026-03-19T07:47:52+00:00","og_image":[{"width":1920,"height":1440,"url":"https:\/\/www.bdpnt.com\/wp-content\/uploads\/2025\/12\/\u5fae\u4fe1\u56fe\u7247_20251202162443_81_44.png","type":"image\/png"}],"twitter_card":"summary_large_image","twitter_misc":{"Tiempo de lectura":"1 minuto"},"schema":{"@context":"https:\/\/schema.org","@graph":[{"@type":"Article","@id":"https:\/\/www.bdpnt.com\/fr\/nouvelles-et-blogs\/video\/analyse-des-solutions\/#article","isPartOf":{"@id":"https:\/\/www.bdpnt.com\/fr\/nouvelles-et-blogs\/video\/analyse-des-solutions\/"},"author":{"name":"corey111888@gmail.com","@id":"https:\/\/www.bdpnt.com\/fr\/#\/schema\/person\/e8997c4b9facaa73b3701e07b7d865dd"},"headline":"\u65b9\u6848\u89e3\u6790","datePublished":"2026-01-30T06:03:16+00:00","dateModified":"2026-03-19T07:47:52+00:00","mainEntityOfPage":{"@id":"https:\/\/www.bdpnt.com\/fr\/nouvelles-et-blogs\/video\/analyse-des-solutions\/"},"wordCount":8,"publisher":{"@id":"https:\/\/www.bdpnt.com\/fr\/#organization"},"image":{"@id":"https:\/\/www.bdpnt.com\/fr\/nouvelles-et-blogs\/video\/analyse-des-solutions\/#primaryimage"},"thumbnailUrl":"https:\/\/bdpnt.com\/wp-content\/uploads\/2025\/12\/\u5fae\u4fe1\u56fe\u7247_20251202162443_81_44.png","inLanguage":"es"},{"@type":"WebPage","@id":"https:\/\/www.bdpnt.com\/fr\/nouvelles-et-blogs\/video\/analyse-des-solutions\/","url":"https:\/\/www.bdpnt.com\/fr\/nouvelles-et-blogs\/video\/analyse-des-solutions\/","name":"An\u00e1lisis de soluciones - Sitio web oficial de Beidou Bangtai","isPartOf":{"@id":"https:\/\/www.bdpnt.com\/fr\/#website"},"primaryImageOfPage":{"@id":"https:\/\/www.bdpnt.com\/fr\/nouvelles-et-blogs\/video\/analyse-des-solutions\/#primaryimage"},"image":{"@id":"https:\/\/www.bdpnt.com\/fr\/nouvelles-et-blogs\/video\/analyse-des-solutions\/#primaryimage"},"thumbnailUrl":"https:\/\/bdpnt.com\/wp-content\/uploads\/2025\/12\/\u5fae\u4fe1\u56fe\u7247_20251202162443_81_44.png","datePublished":"2026-01-30T06:03:16+00:00","dateModified":"2026-03-19T07:47:52+00:00","breadcrumb":{"@id":"https:\/\/www.bdpnt.com\/fr\/nouvelles-et-blogs\/video\/analyse-des-solutions\/#breadcrumb"},"inLanguage":"es","potentialAction":[{"@type":"ReadAction","target":["https:\/\/www.bdpnt.com\/fr\/nouvelles-et-blogs\/video\/analyse-des-solutions\/"]}]},{"@type":"ImageObject","inLanguage":"es","@id":"https:\/\/www.bdpnt.com\/fr\/nouvelles-et-blogs\/video\/analyse-des-solutions\/#primaryimage","url":"https:\/\/bdpnt.com\/wp-content\/uploads\/2025\/12\/\u5fae\u4fe1\u56fe\u7247_20251202162443_81_44.png","contentUrl":"https:\/\/bdpnt.com\/wp-content\/uploads\/2025\/12\/\u5fae\u4fe1\u56fe\u7247_20251202162443_81_44.png","width":1920,"height":1440},{"@type":"BreadcrumbList","@id":"https:\/\/www.bdpnt.com\/fr\/nouvelles-et-blogs\/video\/analyse-des-solutions\/#breadcrumb","itemListElement":[{"@type":"ListItem","position":1,"name":"\u9996\u9875","item":"https:\/\/bdpnt.com\/ru\/"},{"@type":"ListItem","position":2,"name":"\u65b0\u95fb\u4e0e\u535a\u5ba2","item":"https:\/\/www.bdpnt.com\/news-and-blogs\/"},{"@type":"ListItem","position":3,"name":"\u89c6\u9891\u4e2d\u5fc3","item":"https:\/\/www.bdpnt.com\/ja\/%e3%83%8b%e3%83%a5%e3%83%bc%e3%82%b9%e3%81%a8%e3%83%96%e3%83%ad%e3%82%b0\/%e3%83%93%e3%83%87%e3%82%aa\/"},{"@type":"ListItem","position":4,"name":"\u65b9\u6848\u89e3\u6790"}]},{"@type":"WebSite","@id":"https:\/\/www.bdpnt.com\/fr\/#website","url":"https:\/\/www.bdpnt.com\/fr\/","name":"P\u00e1gina oficial de Beidoubangtai","description":"bdstar time website","publisher":{"@id":"https:\/\/www.bdpnt.com\/fr\/#organization"},"alternateName":"BDSTAR TIME","potentialAction":[{"@type":"SearchAction","target":{"@type":"EntryPoint","urlTemplate":"https:\/\/www.bdpnt.com\/fr\/?s={search_term_string}"},"query-input":{"@type":"PropertyValueSpecification","valueRequired":true,"valueName":"search_term_string"}}],"inLanguage":"es"},{"@type":"Organization","@id":"https:\/\/www.bdpnt.com\/fr\/#organization","name":"P\u00e1gina oficial de Beidoubangtai","alternateName":"BDSTAR TIME","url":"https:\/\/www.bdpnt.com\/fr\/","logo":{"@type":"ImageObject","inLanguage":"es","@id":"https:\/\/www.bdpnt.com\/fr\/#\/schema\/logo\/image\/","url":"https:\/\/bdpnt.com\/wp-content\/uploads\/2025\/04\/\u5317\u6597\u90a6\u6cf0\u6700\u7ec8logo-\u6700\u7ec8\u7248\u5f69\u8272.png","contentUrl":"https:\/\/bdpnt.com\/wp-content\/uploads\/2025\/04\/\u5317\u6597\u90a6\u6cf0\u6700\u7ec8logo-\u6700\u7ec8\u7248\u5f69\u8272.png","width":234,"height":76,"caption":"\u5317\u6597\u90a6\u6cf0\u5b98\u7f51"},"image":{"@id":"https:\/\/www.bdpnt.com\/fr\/#\/schema\/logo\/image\/"}},{"@type":"Person","@id":"https:\/\/www.bdpnt.com\/fr\/#\/schema\/person\/e8997c4b9facaa73b3701e07b7d865dd","name":"corey111888@gmail.com","image":{"@type":"ImageObject","inLanguage":"es","@id":"https:\/\/www.bdpnt.com\/fr\/#\/schema\/person\/image\/","url":"https:\/\/secure.gravatar.com\/avatar\/6e21da1bfefeb285312c9263c45903b2fe94fa8cd2f8ad74af89fef99d78aeac?s=96&d=mm&r=g","contentUrl":"https:\/\/secure.gravatar.com\/avatar\/6e21da1bfefeb285312c9263c45903b2fe94fa8cd2f8ad74af89fef99d78aeac?s=96&d=mm&r=g","caption":"corey111888@gmail.com"},"sameAs":["https:\/\/bdstarpnt.com"],"url":"https:\/\/bdpnt.com\/es\/author\/corey111888gmail-com\/"}]}},"_links":{"self":[{"href":"https:\/\/bdpnt.com\/es\/wp-json\/wp\/v2\/pages\/17374","targetHints":{"allow":["GET"]}}],"collection":[{"href":"https:\/\/bdpnt.com\/es\/wp-json\/wp\/v2\/pages"}],"about":[{"href":"https:\/\/bdpnt.com\/es\/wp-json\/wp\/v2\/types\/page"}],"author":[{"embeddable":true,"href":"https:\/\/bdpnt.com\/es\/wp-json\/wp\/v2\/users\/1"}],"replies":[{"embeddable":true,"href":"https:\/\/bdpnt.com\/es\/wp-json\/wp\/v2\/comments?post=17374"}],"version-history":[{"count":28,"href":"https:\/\/bdpnt.com\/es\/wp-json\/wp\/v2\/pages\/17374\/revisions"}],"predecessor-version":[{"id":18132,"href":"https:\/\/bdpnt.com\/es\/wp-json\/wp\/v2\/pages\/17374\/revisions\/18132"}],"up":[{"embeddable":true,"href":"https:\/\/bdpnt.com\/es\/wp-json\/wp\/v2\/pages\/18103"}],"wp:featuredmedia":[{"embeddable":true,"href":"https:\/\/bdpnt.com\/es\/wp-json\/wp\/v2\/media\/16936"}],"wp:attachment":[{"href":"https:\/\/bdpnt.com\/es\/wp-json\/wp\/v2\/media?parent=17374"}],"curies":[{"name":"wp","href":"https:\/\/api.w.org\/{rel}","templated":true}]}}