{"id":13652,"date":"2025-10-28T08:48:16","date_gmt":"2025-10-28T00:48:16","guid":{"rendered":"https:\/\/bdtime.cn\/?page_id=13652"},"modified":"2026-03-16T14:55:50","modified_gmt":"2026-03-16T06:55:50","slug":"declaracion-legal","status":"publish","type":"page","link":"https:\/\/bdpnt.com\/es\/declaracion-legal\/","title":{"rendered":"Menciones legales"},"content":{"rendered":"<div data-elementor-type=\"wp-page\" data-elementor-id=\"13652\" class=\"elementor elementor-13652\" data-elementor-post-type=\"page\">\n\t\t\t\t<div data-particle_enable=\"false\" data-particle-mobile-disabled=\"false\" class=\"elementor-element elementor-element-6f4d84f e-flex e-con-boxed e-con e-parent\" data-id=\"6f4d84f\" data-element_type=\"container\" data-settings=\"{&quot;background_background&quot;:&quot;classic&quot;}\">\n\t\t\t\t\t<div class=\"e-con-inner\">\n\t\t\t\t<div class=\"elementor-element elementor-element-76246c4 elementor-widget elementor-widget-woocommerce-breadcrumb\" data-id=\"76246c4\" data-element_type=\"widget\" data-widget_type=\"woocommerce-breadcrumb.default\">\n\t\t\t\t\t<nav class=\"woocommerce-breadcrumb\" aria-label=\"Breadcrumb\" data-no-translation=\"\" data-trp-gettext=\"\">Inicio<\/nav>\t\t\t\t<\/div>\n\t\t\t\t\t<\/div>\n\t\t\t\t<\/div>\n\t\t<div data-particle_enable=\"false\" data-particle-mobile-disabled=\"false\" class=\"elementor-element elementor-element-8ff4ddf e-flex e-con-boxed e-con e-parent\" data-id=\"8ff4ddf\" data-element_type=\"container\" data-settings=\"{&quot;background_background&quot;:&quot;classic&quot;}\">\n\t\t\t\t\t<div class=\"e-con-inner\">\n\t\t\t\t\t<\/div>\n\t\t\t\t<\/div>\n\t\t<div data-particle_enable=\"false\" data-particle-mobile-disabled=\"false\" class=\"elementor-element elementor-element-c77d3c2 e-flex e-con-boxed e-con e-parent\" data-id=\"c77d3c2\" data-element_type=\"container\">\n\t\t\t\t\t<div class=\"e-con-inner\">\n\t\t\t\t<div class=\"elementor-element elementor-element-c26c556 elementor-widget elementor-widget-spacer\" data-id=\"c26c556\" data-element_type=\"widget\" data-widget_type=\"spacer.default\">\n\t\t\t\t\t\t\t<div class=\"elementor-spacer\">\n\t\t\t<div class=\"elementor-spacer-inner\"><\/div>\n\t\t<\/div>\n\t\t\t\t\t\t<\/div>\n\t\t\t\t<div class=\"elementor-element elementor-element-1df2763 elementor-widget elementor-widget-heading\" data-id=\"1df2763\" data-element_type=\"widget\" data-widget_type=\"heading.default\">\n\t\t\t\t\t<h3 class=\"elementor-heading-title elementor-size-default\">www.bdpnt.com\u53ca\u5176\u94fe\u63a5\u7f51\u7ad9\u7684\u6cd5\u5f8b\u58f0\u660e<\/h3>\t\t\t\t<\/div>\n\t\t\t\t<div class=\"elementor-element elementor-element-4179833 elementor-widget elementor-widget-spacer\" data-id=\"4179833\" data-element_type=\"widget\" data-widget_type=\"spacer.default\">\n\t\t\t\t\t\t\t<div class=\"elementor-spacer\">\n\t\t\t<div class=\"elementor-spacer-inner\"><\/div>\n\t\t<\/div>\n\t\t\t\t\t\t<\/div>\n\t\t\t\t\t<\/div>\n\t\t\t\t<\/div>\n\t\t<div data-particle_enable=\"false\" data-particle-mobile-disabled=\"false\" class=\"elementor-element elementor-element-a59785c e-flex e-con-boxed e-con e-parent\" data-id=\"a59785c\" data-element_type=\"container\">\n\t\t\t\t\t<div class=\"e-con-inner\">\n\t\t\t\t<div class=\"elementor-element elementor-element-d830cbf elementor-widget elementor-widget-text-editor\" data-id=\"d830cbf\" data-element_type=\"widget\" data-widget_type=\"text-editor.default\">\n\t\t\t\t\t\t\t\t\t<p>Ltd. (en lo sucesivo, \"nosotros\" o \"Beidoubangtai\") declara solemnemente lo siguiente:<\/p><p>I. Declaraci\u00f3n de derechos de propiedad intelectual<\/p><ol><li>Este sitio web bdtime.cn es desarrollado, operado y gestionado de forma independiente por Beijing Beidou Bangtai Technology Co. Ltd. Todos los contenidos de este sitio web, incluidos, entre otros, texto, im\u00e1genes, gr\u00e1ficos, audio, v\u00eddeo, software, programas, dise\u00f1o de p\u00e1ginas, marcas comerciales, logotipos, etc., est\u00e1n protegidos por las leyes de propiedad intelectual. Sin nuestro permiso por escrito, ninguna unidad o individuo est\u00e1 autorizado a utilizar, copiar, modificar, transmitir, vender, alquilar, adaptar, traducir, publicar, compilar, interpretar o utilizar para otros fines comerciales en cualquier forma.<\/li><li>Toda la informaci\u00f3n sobre productos y servicios contenida en este sitio web, incluidos, entre otros, especificaciones de productos, prestaciones, par\u00e1metros, precios, im\u00e1genes, v\u00eddeos, descripciones de texto, etc., est\u00e1 protegida por las leyes de propiedad intelectual. Sin nuestro permiso por escrito, ninguna unidad o individuo puede utilizar, copiar, modificar, transmitir, vender, alquilar, adaptar, traducir, publicar, compilar, interpretar o utilizar para otros fines comerciales en cualquier forma.<\/li><li>Somos propietarios de los derechos de propiedad intelectual, como derechos de autor, marcas, patentes, etc., de todos los contenidos de este sitio web, o hemos obtenido autorizaci\u00f3n de los titulares de los derechos legales. Cualquier unidad o individuo no deber\u00e1 infringir nuestros derechos de propiedad intelectual, de lo contrario perseguiremos sus responsabilidades legales de acuerdo con la ley.<\/li><\/ol><p>II. Descargo de responsabilidad<\/p><ol><li>La informaci\u00f3n contenida en este sitio web es s\u00f3lo de referencia y no ofrecemos ninguna garant\u00eda, expresa o impl\u00edcita, en cuanto a su exactitud, integridad, fiabilidad, idoneidad o actualidad. El uso de este sitio web se realiza bajo su propia discreci\u00f3n y riesgo.<\/li><li>No seremos responsables de ning\u00fan da\u00f1o directo, indirecto, incidental, especial, consecuente o punitivo resultante de<\/li><\/ol><p>\u00a0 \u00a0 \u00a0 \u00a0 \u00a0 \u00a0- Indisponibilidad, interrupciones, retrasos, errores, omisiones en este sitio web;<\/p><p>\u00a0 \u00a0 \u00a0 \u00a0 \u00a0 \u00a0- Errores, omisiones o inexactitudes en la informaci\u00f3n contenida en este sitio web;<\/p><p>\u00a0 \u00a0 \u00a0 \u00a0 \u00a0 \u00a0- Cualquier p\u00e9rdida o da\u00f1o sufrido por usted o un tercero como consecuencia del uso de este sitio web, incluidos, entre otros, el lucro cesante, la interrupci\u00f3n de la actividad empresarial y la p\u00e9rdida de datos;<\/p><p>\u00a0 \u00a0 \u00a0 \u00a0 \u00a0 \u00a0- Cualquier informaci\u00f3n, contenido o servicios publicados por terceros a trav\u00e9s de este sitio web;<\/p><p>\u00a0 \u00a0 \u00a0 \u00a0 \u00a0 \u00a0 - Otros asuntos relacionados con este sitio web.<\/p><ol start=\"3\"><li>Nos reservamos el derecho a modificar, actualizar y eliminar cualquier contenido de este sitio web en cualquier momento y sin previo aviso. Siempre que utilice este sitio web debe conocer y leer la \u00faltima versi\u00f3n del contenido.<\/li><\/ol><p>iii. limitaci\u00f3n de responsabilidad<\/p><ol><li>No seremos responsables de ninguna p\u00e9rdida o da\u00f1o, incluidos, entre otros, los da\u00f1os directos, indirectos, fortuitos, especiales, consecuentes o punitivos, derivados de la falta de disponibilidad, interrupci\u00f3n, retraso, error, omisi\u00f3n o inexactitud de la informaci\u00f3n contenida en este sitio web.<\/li><li>No nos hacemos responsables de ninguna p\u00e9rdida o da\u00f1o sufrido por usted o un tercero como resultado del uso de este sitio web, incluyendo, pero no limitado a, p\u00e9rdida de beneficios, interrupci\u00f3n de negocio, p\u00e9rdida de datos.<\/li><li>No nos hacemos responsables de los litigios o da\u00f1os derivados de su uso de este sitio web. Usted lo hace por su cuenta y riesgo y para mantenernos indemnes frente a cualquier reclamaci\u00f3n, p\u00e9rdida o da\u00f1o.<\/li><\/ol><p>\u00a0IV. Otros<\/p><ol><li>La interpretaci\u00f3n de esta declaraci\u00f3n legal corresponde a Beijing Beidou Bangtai Technology Co.<\/li><li>La legislaci\u00f3n de la Rep\u00fablica Popular China se aplicar\u00e1 a la celebraci\u00f3n, aplicaci\u00f3n, interpretaci\u00f3n y resoluci\u00f3n de litigios de la presente declaraci\u00f3n legal.<\/li><li>Si surge alguna disputa entre usted y nosotros debido a esta declaraci\u00f3n legal, ambas partes deber\u00e1n resolverla en primer lugar mediante una consulta amistosa; si la consulta fracasa, cualquiera de las partes podr\u00e1 presentar una demanda ante el Tribunal Popular del Distrito de Haidian, Pek\u00edn.<\/li><\/ol><p>\u00a0 \u00a0 \u00a0 \u00a0 \u00a0 \u00a0 \u00a0Beijing Beidou Bangtai Technology Co.<\/p><p>\u00a0 \u00a0 \u00a0 \u00a0 \u00a0 \u00a0 \u00a0Direcci\u00f3n: Room 307, 3F, Building 24, No.68 Courtyard, Beiqing Road, Haidian District, Pek\u00edn, China<\/p><p>\u00a0 \u00a0 \u00a0 \u00a0 \u00a0 \u00a0 \u00a0Tel\u00e9fono: 010- 60760678<\/p><p>\u00a0 \u00a0 \u00a0 \u00a0 \u00a0 \u00a0 \u00a0Correo electr\u00f3nico: info@bdpnt.com<\/p>\t\t\t\t\t\t\t\t<\/div>\n\t\t\t\t\t<\/div>\n\t\t\t\t<\/div>\n\t\t\t\t<\/div>","protected":false},"excerpt":{"rendered":"<p>www.bdpnt.com\u53ca\u5176\u94fe\u63a5\u7f51\u7ad9\u7684\u6cd5\u5f8b\u58f0\u660e \u5317\u4eac\u5317\u6597\u90a6\u6cf0\u79d1\u6280\u6709\u9650\u516c\u53f8\uff08\u4ee5\u4e0b\u7b80\u79f0\u201c\u6211\u4eec\u201d\u6216\u201c\u5317\u6597\u90a6\u6cf0\u201d\uff09\u90d1 [&hellip;]<\/p>","protected":false},"author":1,"featured_media":0,"parent":0,"menu_order":0,"comment_status":"closed","ping_status":"closed","template":"","meta":{"_acf_changed":false,"site-sidebar-layout":"no-sidebar","site-content-layout":"","ast-site-content-layout":"full-width-container","site-content-style":"default","site-sidebar-style":"default","ast-global-header-display":"","ast-banner-title-visibility":"","ast-main-header-display":"","ast-hfb-above-header-display":"","ast-hfb-below-header-display":"","ast-hfb-mobile-header-display":"","site-post-title":"disabled","ast-breadcrumbs-content":"","ast-featured-img":"disabled","footer-sml-layout":"","theme-transparent-header-meta":"","adv-header-id-meta":"","stick-header-meta":"","header-above-stick-meta":"","header-main-stick-meta":"","header-below-stick-meta":"","astra-migrate-meta-layouts":"default","ast-page-background-enabled":"default","ast-page-background-meta":{"desktop":{"background-color":"var(--ast-global-color-4)","background-image":"","background-repeat":"repeat","background-position":"center center","background-size":"auto","background-attachment":"scroll","background-type":"","background-media":"","overlay-type":"","overlay-color":"","overlay-opacity":"","overlay-gradient":""},"tablet":{"background-color":"","background-image":"","background-repeat":"repeat","background-position":"center center","background-size":"auto","background-attachment":"scroll","background-type":"","background-media":"","overlay-type":"","overlay-color":"","overlay-opacity":"","overlay-gradient":""},"mobile":{"background-color":"","background-image":"","background-repeat":"repeat","background-position":"center center","background-size":"auto","background-attachment":"scroll","background-type":"","background-media":"","overlay-type":"","overlay-color":"","overlay-opacity":"","overlay-gradient":""}},"ast-content-background-meta":{"desktop":{"background-color":"var(--ast-global-color-5)","background-image":"","background-repeat":"repeat","background-position":"center center","background-size":"auto","background-attachment":"scroll","background-type":"","background-media":"","overlay-type":"","overlay-color":"","overlay-opacity":"","overlay-gradient":""},"tablet":{"background-color":"var(--ast-global-color-5)","background-image":"","background-repeat":"repeat","background-position":"center center","background-size":"auto","background-attachment":"scroll","background-type":"","background-media":"","overlay-type":"","overlay-color":"","overlay-opacity":"","overlay-gradient":""},"mobile":{"background-color":"var(--ast-global-color-5)","background-image":"","background-repeat":"repeat","background-position":"center center","background-size":"auto","background-attachment":"scroll","background-type":"","background-media":"","overlay-type":"","overlay-color":"","overlay-opacity":"","overlay-gradient":""}},"footnotes":""},"class_list":["post-13652","page","type-page","status-publish","hentry"],"acf":[],"yoast_head":"<!-- This site is optimized with the Yoast SEO plugin v26.0 - https:\/\/yoast.com\/wordpress\/plugins\/seo\/ -->\n<title>\u6cd5\u5f8b\u58f0\u660e - \u5317\u6597\u90a6\u6cf0\u5b98\u7f51<\/title>\n<meta name=\"robots\" content=\"index, follow, max-snippet:-1, max-image-preview:large, max-video-preview:-1\" \/>\n<link rel=\"canonical\" href=\"https:\/\/www.bdpnt.com\/legal-statement\/\" \/>\n<meta property=\"og:locale\" content=\"es_ES\" \/>\n<meta property=\"og:type\" content=\"article\" \/>\n<meta property=\"og:title\" content=\"\u6cd5\u5f8b\u58f0\u660e - \u5317\u6597\u90a6\u6cf0\u5b98\u7f51\" \/>\n<meta property=\"og:description\" content=\"www.bdpnt.com\u53ca\u5176\u94fe\u63a5\u7f51\u7ad9\u7684\u6cd5\u5f8b\u58f0\u660e \u5317\u4eac\u5317\u6597\u90a6\u6cf0\u79d1\u6280\u6709\u9650\u516c\u53f8\uff08\u4ee5\u4e0b\u7b80\u79f0\u201c\u6211\u4eec\u201d\u6216\u201c\u5317\u6597\u90a6\u6cf0\u201d\uff09\u90d1 [&hellip;]\" \/>\n<meta property=\"og:url\" content=\"https:\/\/www.bdpnt.com\/legal-statement\/\" \/>\n<meta property=\"og:site_name\" content=\"\u5317\u6597\u90a6\u6cf0\u5b98\u7f51\" \/>\n<meta property=\"article:modified_time\" content=\"2026-03-16T06:55:50+00:00\" \/>\n<meta name=\"twitter:card\" content=\"summary_large_image\" \/>\n<meta name=\"twitter:label1\" content=\"Tiempo de lectura\" \/>\n\t<meta name=\"twitter:data1\" content=\"1 minuto\" \/>\n<script type=\"application\/ld+json\" class=\"yoast-schema-graph\">{\"@context\":\"https:\/\/schema.org\",\"@graph\":[{\"@type\":\"Article\",\"@id\":\"https:\/\/www.bdpnt.com\/legal-statement\/#article\",\"isPartOf\":{\"@id\":\"https:\/\/www.bdpnt.com\/legal-statement\/\"},\"author\":{\"name\":\"corey111888@gmail.com\",\"@id\":\"https:\/\/bdpnt.com\/#\/schema\/person\/e8997c4b9facaa73b3701e07b7d865dd\"},\"headline\":\"\u6cd5\u5f8b\u58f0\u660e\",\"datePublished\":\"2025-10-28T00:48:16+00:00\",\"dateModified\":\"2026-03-16T06:55:50+00:00\",\"mainEntityOfPage\":{\"@id\":\"https:\/\/www.bdpnt.com\/legal-statement\/\"},\"wordCount\":14,\"publisher\":{\"@id\":\"https:\/\/bdpnt.com\/#organization\"},\"inLanguage\":\"es\"},{\"@type\":\"WebPage\",\"@id\":\"https:\/\/www.bdpnt.com\/legal-statement\/\",\"url\":\"https:\/\/www.bdpnt.com\/legal-statement\/\",\"name\":\"\u6cd5\u5f8b\u58f0\u660e - \u5317\u6597\u90a6\u6cf0\u5b98\u7f51\",\"isPartOf\":{\"@id\":\"https:\/\/bdpnt.com\/#website\"},\"datePublished\":\"2025-10-28T00:48:16+00:00\",\"dateModified\":\"2026-03-16T06:55:50+00:00\",\"breadcrumb\":{\"@id\":\"https:\/\/www.bdpnt.com\/legal-statement\/#breadcrumb\"},\"inLanguage\":\"es\",\"potentialAction\":[{\"@type\":\"ReadAction\",\"target\":[\"https:\/\/www.bdpnt.com\/legal-statement\/\"]}]},{\"@type\":\"BreadcrumbList\",\"@id\":\"https:\/\/www.bdpnt.com\/legal-statement\/#breadcrumb\",\"itemListElement\":[{\"@type\":\"ListItem\",\"position\":1,\"name\":\"\u9996\u9875\",\"item\":\"https:\/\/www.bdpnt.com\/\"},{\"@type\":\"ListItem\",\"position\":2,\"name\":\"\u6cd5\u5f8b\u58f0\u660e\"}]},{\"@type\":\"WebSite\",\"@id\":\"https:\/\/bdpnt.com\/#website\",\"url\":\"https:\/\/bdpnt.com\/\",\"name\":\"\u5317\u6597\u90a6\u6cf0\u5b98\u7f51\",\"description\":\"bdstar time website\",\"publisher\":{\"@id\":\"https:\/\/bdpnt.com\/#organization\"},\"alternateName\":\"BDSTAR TIME\",\"potentialAction\":[{\"@type\":\"SearchAction\",\"target\":{\"@type\":\"EntryPoint\",\"urlTemplate\":\"https:\/\/bdpnt.com\/?s={search_term_string}\"},\"query-input\":{\"@type\":\"PropertyValueSpecification\",\"valueRequired\":true,\"valueName\":\"search_term_string\"}}],\"inLanguage\":\"es\"},{\"@type\":\"Organization\",\"@id\":\"https:\/\/bdpnt.com\/#organization\",\"name\":\"\u5317\u6597\u90a6\u6cf0\u5b98\u7f51\",\"alternateName\":\"BDSTAR TIME\",\"url\":\"https:\/\/bdpnt.com\/\",\"logo\":{\"@type\":\"ImageObject\",\"inLanguage\":\"es\",\"@id\":\"https:\/\/bdpnt.com\/#\/schema\/logo\/image\/\",\"url\":\"https:\/\/bdpnt.com\/wp-content\/uploads\/2025\/04\/\u5317\u6597\u90a6\u6cf0\u6700\u7ec8logo-\u6700\u7ec8\u7248\u5f69\u8272.png\",\"contentUrl\":\"https:\/\/bdpnt.com\/wp-content\/uploads\/2025\/04\/\u5317\u6597\u90a6\u6cf0\u6700\u7ec8logo-\u6700\u7ec8\u7248\u5f69\u8272.png\",\"width\":234,\"height\":76,\"caption\":\"\u5317\u6597\u90a6\u6cf0\u5b98\u7f51\"},\"image\":{\"@id\":\"https:\/\/bdpnt.com\/#\/schema\/logo\/image\/\"}},{\"@type\":\"Person\",\"@id\":\"https:\/\/bdpnt.com\/#\/schema\/person\/e8997c4b9facaa73b3701e07b7d865dd\",\"name\":\"corey111888@gmail.com\",\"image\":{\"@type\":\"ImageObject\",\"inLanguage\":\"es\",\"@id\":\"https:\/\/bdpnt.com\/#\/schema\/person\/image\/\",\"url\":\"https:\/\/secure.gravatar.com\/avatar\/6e21da1bfefeb285312c9263c45903b2fe94fa8cd2f8ad74af89fef99d78aeac?s=96&d=mm&r=g\",\"contentUrl\":\"https:\/\/secure.gravatar.com\/avatar\/6e21da1bfefeb285312c9263c45903b2fe94fa8cd2f8ad74af89fef99d78aeac?s=96&d=mm&r=g\",\"caption\":\"corey111888@gmail.com\"},\"sameAs\":[\"https:\/\/bdstarpnt.com\"],\"url\":\"https:\/\/bdpnt.com\/es\/author\/corey111888gmail-com\/\"}]}<\/script>\n<!-- \/ Yoast SEO plugin. -->","yoast_head_json":{"title":"Aviso legal - Beidou Bangtai Official Website","robots":{"index":"index","follow":"follow","max-snippet":"max-snippet:-1","max-image-preview":"max-image-preview:large","max-video-preview":"max-video-preview:-1"},"canonical":"https:\/\/www.bdpnt.com\/legal-statement\/","og_locale":"es_ES","og_type":"article","og_title":"\u6cd5\u5f8b\u58f0\u660e - \u5317\u6597\u90a6\u6cf0\u5b98\u7f51","og_description":"www.bdpnt.com\u53ca\u5176\u94fe\u63a5\u7f51\u7ad9\u7684\u6cd5\u5f8b\u58f0\u660e \u5317\u4eac\u5317\u6597\u90a6\u6cf0\u79d1\u6280\u6709\u9650\u516c\u53f8\uff08\u4ee5\u4e0b\u7b80\u79f0\u201c\u6211\u4eec\u201d\u6216\u201c\u5317\u6597\u90a6\u6cf0\u201d\uff09\u90d1 [&hellip;]","og_url":"https:\/\/www.bdpnt.com\/legal-statement\/","og_site_name":"\u5317\u6597\u90a6\u6cf0\u5b98\u7f51","article_modified_time":"2026-03-16T06:55:50+00:00","twitter_card":"summary_large_image","twitter_misc":{"Tiempo de lectura":"1 minuto"},"schema":{"@context":"https:\/\/schema.org","@graph":[{"@type":"Article","@id":"https:\/\/www.bdpnt.com\/legal-statement\/#article","isPartOf":{"@id":"https:\/\/www.bdpnt.com\/legal-statement\/"},"author":{"name":"corey111888@gmail.com","@id":"https:\/\/bdpnt.com\/#\/schema\/person\/e8997c4b9facaa73b3701e07b7d865dd"},"headline":"\u6cd5\u5f8b\u58f0\u660e","datePublished":"2025-10-28T00:48:16+00:00","dateModified":"2026-03-16T06:55:50+00:00","mainEntityOfPage":{"@id":"https:\/\/www.bdpnt.com\/legal-statement\/"},"wordCount":14,"publisher":{"@id":"https:\/\/bdpnt.com\/#organization"},"inLanguage":"es"},{"@type":"WebPage","@id":"https:\/\/www.bdpnt.com\/legal-statement\/","url":"https:\/\/www.bdpnt.com\/legal-statement\/","name":"Aviso legal - Beidou Bangtai Official Website","isPartOf":{"@id":"https:\/\/bdpnt.com\/#website"},"datePublished":"2025-10-28T00:48:16+00:00","dateModified":"2026-03-16T06:55:50+00:00","breadcrumb":{"@id":"https:\/\/www.bdpnt.com\/legal-statement\/#breadcrumb"},"inLanguage":"es","potentialAction":[{"@type":"ReadAction","target":["https:\/\/www.bdpnt.com\/legal-statement\/"]}]},{"@type":"BreadcrumbList","@id":"https:\/\/www.bdpnt.com\/legal-statement\/#breadcrumb","itemListElement":[{"@type":"ListItem","position":1,"name":"\u9996\u9875","item":"https:\/\/www.bdpnt.com\/"},{"@type":"ListItem","position":2,"name":"\u6cd5\u5f8b\u58f0\u660e"}]},{"@type":"WebSite","@id":"https:\/\/bdpnt.com\/#website","url":"https:\/\/bdpnt.com\/","name":"P\u00e1gina oficial de Beidoubangtai","description":"bdstar time website","publisher":{"@id":"https:\/\/bdpnt.com\/#organization"},"alternateName":"BDSTAR TIME","potentialAction":[{"@type":"SearchAction","target":{"@type":"EntryPoint","urlTemplate":"https:\/\/bdpnt.com\/?s={search_term_string}"},"query-input":{"@type":"PropertyValueSpecification","valueRequired":true,"valueName":"search_term_string"}}],"inLanguage":"es"},{"@type":"Organization","@id":"https:\/\/bdpnt.com\/#organization","name":"P\u00e1gina oficial de Beidoubangtai","alternateName":"BDSTAR TIME","url":"https:\/\/bdpnt.com\/","logo":{"@type":"ImageObject","inLanguage":"es","@id":"https:\/\/bdpnt.com\/#\/schema\/logo\/image\/","url":"https:\/\/bdpnt.com\/wp-content\/uploads\/2025\/04\/\u5317\u6597\u90a6\u6cf0\u6700\u7ec8logo-\u6700\u7ec8\u7248\u5f69\u8272.png","contentUrl":"https:\/\/bdpnt.com\/wp-content\/uploads\/2025\/04\/\u5317\u6597\u90a6\u6cf0\u6700\u7ec8logo-\u6700\u7ec8\u7248\u5f69\u8272.png","width":234,"height":76,"caption":"\u5317\u6597\u90a6\u6cf0\u5b98\u7f51"},"image":{"@id":"https:\/\/bdpnt.com\/#\/schema\/logo\/image\/"}},{"@type":"Person","@id":"https:\/\/bdpnt.com\/#\/schema\/person\/e8997c4b9facaa73b3701e07b7d865dd","name":"corey111888@gmail.com","image":{"@type":"ImageObject","inLanguage":"es","@id":"https:\/\/bdpnt.com\/#\/schema\/person\/image\/","url":"https:\/\/secure.gravatar.com\/avatar\/6e21da1bfefeb285312c9263c45903b2fe94fa8cd2f8ad74af89fef99d78aeac?s=96&d=mm&r=g","contentUrl":"https:\/\/secure.gravatar.com\/avatar\/6e21da1bfefeb285312c9263c45903b2fe94fa8cd2f8ad74af89fef99d78aeac?s=96&d=mm&r=g","caption":"corey111888@gmail.com"},"sameAs":["https:\/\/bdstarpnt.com"],"url":"https:\/\/bdpnt.com\/es\/author\/corey111888gmail-com\/"}]}},"_links":{"self":[{"href":"https:\/\/bdpnt.com\/es\/wp-json\/wp\/v2\/pages\/13652","targetHints":{"allow":["GET"]}}],"collection":[{"href":"https:\/\/bdpnt.com\/es\/wp-json\/wp\/v2\/pages"}],"about":[{"href":"https:\/\/bdpnt.com\/es\/wp-json\/wp\/v2\/types\/page"}],"author":[{"embeddable":true,"href":"https:\/\/bdpnt.com\/es\/wp-json\/wp\/v2\/users\/1"}],"replies":[{"embeddable":true,"href":"https:\/\/bdpnt.com\/es\/wp-json\/wp\/v2\/comments?post=13652"}],"version-history":[{"count":13,"href":"https:\/\/bdpnt.com\/es\/wp-json\/wp\/v2\/pages\/13652\/revisions"}],"predecessor-version":[{"id":18333,"href":"https:\/\/bdpnt.com\/es\/wp-json\/wp\/v2\/pages\/13652\/revisions\/18333"}],"wp:attachment":[{"href":"https:\/\/bdpnt.com\/es\/wp-json\/wp\/v2\/media?parent=13652"}],"curies":[{"name":"wp","href":"https:\/\/api.w.org\/{rel}","templated":true}]}}