{"id":4930,"date":"2025-07-21T09:38:41","date_gmt":"2025-07-21T01:38:41","guid":{"rendered":"https:\/\/bdstarpnt.com\/?post_type=product&#038;p=4930"},"modified":"2026-03-18T14:28:28","modified_gmt":"2026-03-18T06:28:28","slug":"pnt10hochprazise-positionierungs-orientierungs-und-zeitmessgerate","status":"publish","type":"product","link":"https:\/\/bdpnt.com\/de\/product\/pnt10hochprazise-positionierungs-orientierungs-und-zeitmessgerate\/","title":{"rendered":"PNT10: Hochpr\u00e4zise Positionierungs- und Richtungsmessger\u00e4te"},"content":{"rendered":"<p class=\"translation-block\">PNT10 ist ein Positionierungs- und Zeitmesssystem, das die hohen Zuverl\u00e4ssigkeitsanforderungen des Milit\u00e4rs erf\u00fcllt und ein GNSS-Doppelantennen-Richtungssystem sowie eine hochpr\u00e4zise Zeitmessfunktion integriert. Es unterst\u00fctzt den vollst\u00e4ndigen gleichzeitigen GNSS-Empfang und kombiniert den Algorithmus zur Z\u00e4hmung der Pr\u00e4zisionsuhr mit der lokalen Uhr, um eine hochstabile Ausgabe von Richtung, Position, Geschwindigkeit, Zeit und Frequenz zu gew\u00e4hrleisten. Mit seinem kompakten Design (1U rack-montierbar), seiner leistungsstarken Anti-Jamming-F\u00e4higkeit und der Erkennung b\u00f6sartiger Angriffe ist das Ger\u00e4t in der Lage, in komplexen dynamischen Umgebungen zuverl\u00e4ssig zu arbeiten. <br>\r\nDas System unterst\u00fctzt eine Vielzahl von Zeit- und Frequenzausgabefunktionen, darunter NTP-, PTP-, TOD-, 10MHz-, 1PPS- und IRIG-B-Signale. Das Ger\u00e4t erkennt automatisch anormale GNSS-Signale, schaltet in den Zeitnehmungsmodus und alarmiert die Polizei, um eine kontinuierliche und stabile Ausgabe zu gew\u00e4hrleisten. Sein flexibles Embedded-Hardware-Design und seine hochfeste Konstruktion machen es ideal f\u00fcr den Einsatz in rauen milit\u00e4rischen Umgebungen. <br>\r\nEinsatzbereich: Milit\u00e4rische Kommunikation, Kommandosystem, Kommunikationsnetzwerke an Bord von Schiffen und Fahrzeugen, etc.<\/p>","protected":false},"excerpt":{"rendered":"<p>PNT10 ist ein Positionierungs- und Zeitgebungssystem f\u00fcr milit\u00e4rische Anforderungen mit hoher Zuverl\u00e4ssigkeit, das GNSS-Doppelantennen-Richtungs- und hochpr\u00e4zise Zeitgebungsfunktionen integriert, den vollst\u00e4ndigen gleichzeitigen GNSS-Empfang und pr\u00e4zise Z\u00e4hmungsalgorithmen unterst\u00fctzt und hochstabile Zeit-, Frequenz- und Navigationsinformationen ausgibt. Das Ger\u00e4t ist in einem 1U-Rack untergebracht, verf\u00fcgt \u00fcber eine hohe St\u00f6rsicherheit und Angriffserkennung und kann auch in komplexen Umgebungen stabil arbeiten. Es unterst\u00fctzt verschiedene Zeit- und Frequenzausg\u00e4nge wie NTP, PTP, 1PPS, IRIG-B usw. und ist mit einem automatischen Umschalt- und Alarmmechanismus ausgestattet, der sich ideal f\u00fcr milit\u00e4rische Kommunikations- und F\u00fchrungssysteme eignet.<\/p>","protected":false},"featured_media":4931,"template":"","meta":{"_acf_changed":false,"site-sidebar-layout":"default","site-content-layout":"","ast-site-content-layout":"default","site-content-style":"default","site-sidebar-style":"default","ast-global-header-display":"","ast-banner-title-visibility":"","ast-main-header-display":"","ast-hfb-above-header-display":"","ast-hfb-below-header-display":"","ast-hfb-mobile-header-display":"","site-post-title":"","ast-breadcrumbs-content":"","ast-featured-img":"","footer-sml-layout":"","theme-transparent-header-meta":"default","adv-header-id-meta":"","stick-header-meta":"default","header-above-stick-meta":"","header-main-stick-meta":"","header-below-stick-meta":"","astra-migrate-meta-layouts":"set","ast-page-background-enabled":"default","ast-page-background-meta":{"desktop":{"background-color":"var(--ast-global-color-4)","background-image":"","background-repeat":"repeat","background-position":"center center","background-size":"auto","background-attachment":"scroll","background-type":"","background-media":"","overlay-type":"","overlay-color":"","overlay-opacity":"","overlay-gradient":""},"tablet":{"background-color":"","background-image":"","background-repeat":"repeat","background-position":"center center","background-size":"auto","background-attachment":"scroll","background-type":"","background-media":"","overlay-type":"","overlay-color":"","overlay-opacity":"","overlay-gradient":""},"mobile":{"background-color":"","background-image":"","background-repeat":"repeat","background-position":"center center","background-size":"auto","background-attachment":"scroll","background-type":"","background-media":"","overlay-type":"","overlay-color":"","overlay-opacity":"","overlay-gradient":""}},"ast-content-background-meta":{"desktop":{"background-color":"var(--ast-global-color-5)","background-image":"","background-repeat":"repeat","background-position":"center center","background-size":"auto","background-attachment":"scroll","background-type":"","background-media":"","overlay-type":"","overlay-color":"","overlay-opacity":"","overlay-gradient":""},"tablet":{"background-color":"var(--ast-global-color-5)","background-image":"","background-repeat":"repeat","background-position":"center center","background-size":"auto","background-attachment":"scroll","background-type":"","background-media":"","overlay-type":"","overlay-color":"","overlay-opacity":"","overlay-gradient":""},"mobile":{"background-color":"var(--ast-global-color-5)","background-image":"","background-repeat":"repeat","background-position":"center center","background-size":"auto","background-attachment":"scroll","background-type":"","background-media":"","overlay-type":"","overlay-color":"","overlay-opacity":"","overlay-gradient":""}}},"product_brand":[],"product_cat":[83],"product_tag":[],"class_list":{"0":"post-4930","1":"product","2":"type-product","3":"status-publish","4":"has-post-thumbnail","6":"product_cat-83","7":"pa_--bonding","8":"pa_--g-8275-1telecom--profile","9":"pa_--g-8275-2telecom--profile","10":"pa_--gnssgps-beidou-galileo-glonass","11":"pa_--iec-ieee-61850-9-3-profile","12":"pa_--irig-b","13":"pa_--md5-sha","14":"pa_--ntp-v4rfc-5905","15":"pa_--pps-todnmea-0183","16":"pa_--ptpieee-1588-v2-v2-1","17":"pa_--ssh","18":"pa_--synceitu-t-g-8262-ssm-esmc","19":"pa_--tls-https","20":"pa_--tsn-gptpieee-802-1as-2020","21":"pa_--web-snmp-syslog","22":"pa_--white-rabbitwr-ptp","23":"pa_--262","24":"pa_-cpu","25":"pa_-197","26":"pa_-196","27":"pa_-198","28":"pa_-181","29":"pa_---1u","30":"pa_--40c--85c","31":"pa_-military-aviation","32":"pa_-ntp","33":"pa_-ptpv2-1","34":"pa_--5us24h","35":"pa_-jamming-and-deception-detection","36":"pa_-anti-interference-deception","37":"pa_---155dbc-hz1khz","38":"pa_-227","39":"pa_-1-ppsttl-rs-422","40":"pa_-10mhz-sine-wave-square-wave-output","41":"pa_-100-mhz","42":"pa_-2-048-mhz-e1","43":"pa_-5-mhz","44":"pa_-irig-bdcls-am","45":"pa_-rj451g","46":"pa_-sfp1g","47":"pa_-sfp-10g","48":"pa_-todrs-232-nmea","49":"pa_-ac-220v","50":"pa_-dc-48v","51":"pa_-dc-24v","52":"desktop-align-left","53":"tablet-align-left","54":"mobile-align-left","55":"ast-product-gallery-layout-first-image-large","56":"ast-product-gallery-with-no-image","57":"ast-product-tabs-layout-horizontal","59":"first","60":"instock","61":"shipping-taxable","62":"product-type-simple"},"acf":[],"yoast_head":"<!-- This site is optimized with the Yoast SEO plugin v26.0 - https:\/\/yoast.com\/wordpress\/plugins\/seo\/ -->\n<title>PNT10\u9ad8\u7cbe\u5ea6\u5b9a\u4f4d\u5b9a\u5411\u6388\u65f6\u8bbe\u5907 - \u5317\u6597\u90a6\u6cf0\u5b98\u7f51<\/title>\n<meta name=\"robots\" content=\"index, follow, max-snippet:-1, max-image-preview:large, max-video-preview:-1\" \/>\n<link rel=\"canonical\" href=\"https:\/\/bdpnt.com\/de\/product\/pnt10hochprazise-positionierungs-orientierungs-und-zeitmessgerate\/\" \/>\n<meta property=\"og:locale\" content=\"de_DE\" \/>\n<meta property=\"og:type\" content=\"article\" \/>\n<meta property=\"og:title\" content=\"PNT10\u9ad8\u7cbe\u5ea6\u5b9a\u4f4d\u5b9a\u5411\u6388\u65f6\u8bbe\u5907 - \u5317\u6597\u90a6\u6cf0\u5b98\u7f51\" \/>\n<meta property=\"og:description\" content=\"PNT10\u662f\u4e00\u6b3e\u9762\u5411\u519b\u7528\u9ad8\u53ef\u9760\u6027\u9700\u6c42\u7684\u5b9a\u4f4d\u4e0e\u6388\u65f6\u7cfb\u7edf\uff0c\u96c6\u6210GNSS\u53cc\u5929\u7ebf\u5b9a\u5411\u548c\u9ad8\u7cbe\u5ea6\u6388\u65f6\u529f\u80fd\uff0c\u652f\u6301\u5168GNSS\u5e76\u53d1\u63a5\u6536\u4e0e\u7cbe\u5bc6\u9a6f\u670d\u7b97\u6cd5\uff0c\u8f93\u51fa\u9ad8\u7a33\u5b9a\u7684\u65f6\u95f4\u3001\u9891\u7387\u53ca\u5bfc\u822a\u4fe1\u606f\u3002\u8bbe\u5907\u91c7\u75281U\u673a\u67b6\u5f0f\u8bbe\u8ba1\uff0c\u5177\u5907\u5f3a\u6297\u5e72\u6270\u4e0e\u653b\u51fb\u68c0\u6d4b\u80fd\u529b\uff0c\u80fd\u5728\u590d\u6742\u73af\u5883\u4e0b\u7a33\u5b9a\u8fd0\u884c\uff0c\u652f\u6301NTP\u3001PTP\u30011PPS\u3001IRIG-B\u7b49\u591a\u79cd\u65f6\u9891\u8f93\u51fa\uff0c\u5e76\u5177\u5907\u5f02\u5e38\u81ea\u52a8\u5207\u6362\u4e0e\u544a\u8b66\u673a\u5236\uff0c\u662f\u519b\u7528\u901a\u4fe1\u4e0e\u6307\u6325\u7cfb\u7edf\u4e2d\u7684\u7406\u60f3\u9009\u62e9\u3002\" \/>\n<meta property=\"og:url\" content=\"https:\/\/bdpnt.com\/de\/product\/pnt10hochprazise-positionierungs-orientierungs-und-zeitmessgerate\/\" \/>\n<meta property=\"og:site_name\" content=\"\u5317\u6597\u90a6\u6cf0\u5b98\u7f51\" \/>\n<meta property=\"article:modified_time\" content=\"2026-03-18T06:28:28+00:00\" \/>\n<meta property=\"og:image\" content=\"https:\/\/bdpnt.com\/wp-content\/uploads\/2025\/07\/\u84dd\u8272\u4ea7\u54c1\u80cc\u666f\u6a21\u7248-10.png\" \/>\n\t<meta property=\"og:image:width\" content=\"960\" \/>\n\t<meta property=\"og:image:height\" content=\"480\" \/>\n\t<meta property=\"og:image:type\" content=\"image\/png\" \/>\n<meta name=\"twitter:card\" content=\"summary_large_image\" \/>\n<script type=\"application\/ld+json\" class=\"yoast-schema-graph\">{\"@context\":\"https:\/\/schema.org\",\"@graph\":[{\"@type\":\"WebPage\",\"@id\":\"https:\/\/bdpnt.com\/product\/pnt10high-precision-positioning-orientation-and-timing-equipment\/\",\"url\":\"https:\/\/bdpnt.com\/product\/pnt10high-precision-positioning-orientation-and-timing-equipment\/\",\"name\":\"PNT10\u9ad8\u7cbe\u5ea6\u5b9a\u4f4d\u5b9a\u5411\u6388\u65f6\u8bbe\u5907 - \u5317\u6597\u90a6\u6cf0\u5b98\u7f51\",\"isPartOf\":{\"@id\":\"https:\/\/www.bdpnt.com\/ja\/#website\"},\"primaryImageOfPage\":{\"@id\":\"https:\/\/bdpnt.com\/product\/pnt10high-precision-positioning-orientation-and-timing-equipment\/#primaryimage\"},\"image\":{\"@id\":\"https:\/\/bdpnt.com\/product\/pnt10high-precision-positioning-orientation-and-timing-equipment\/#primaryimage\"},\"thumbnailUrl\":\"https:\/\/bdpnt.com\/wp-content\/uploads\/2025\/07\/\u84dd\u8272\u4ea7\u54c1\u80cc\u666f\u6a21\u7248-10.png\",\"datePublished\":\"2025-07-21T01:38:41+00:00\",\"dateModified\":\"2026-03-18T06:28:28+00:00\",\"breadcrumb\":{\"@id\":\"https:\/\/bdpnt.com\/product\/pnt10high-precision-positioning-orientation-and-timing-equipment\/#breadcrumb\"},\"inLanguage\":\"de-AT\",\"potentialAction\":[{\"@type\":\"ReadAction\",\"target\":[\"https:\/\/bdpnt.com\/product\/pnt10high-precision-positioning-orientation-and-timing-equipment\/\"]}]},{\"@type\":\"ImageObject\",\"inLanguage\":\"de-AT\",\"@id\":\"https:\/\/bdpnt.com\/product\/pnt10high-precision-positioning-orientation-and-timing-equipment\/#primaryimage\",\"url\":\"https:\/\/bdpnt.com\/wp-content\/uploads\/2025\/07\/\u84dd\u8272\u4ea7\u54c1\u80cc\u666f\u6a21\u7248-10.png\",\"contentUrl\":\"https:\/\/bdpnt.com\/wp-content\/uploads\/2025\/07\/\u84dd\u8272\u4ea7\u54c1\u80cc\u666f\u6a21\u7248-10.png\",\"width\":960,\"height\":480},{\"@type\":\"BreadcrumbList\",\"@id\":\"https:\/\/bdpnt.com\/product\/pnt10high-precision-positioning-orientation-and-timing-equipment\/#breadcrumb\",\"itemListElement\":[{\"@type\":\"ListItem\",\"position\":1,\"name\":\"\u9996\u9875\",\"item\":\"https:\/\/www.bdpnt.com\/\"},{\"@type\":\"ListItem\",\"position\":2,\"name\":\"Shop\",\"item\":\"https:\/\/www.bdpnt.com\/shop\/\"},{\"@type\":\"ListItem\",\"position\":3,\"name\":\"\u4ea7\u54c1\",\"item\":\"https:\/\/www.bdpnt.com\/product-category\/products\/\"},{\"@type\":\"ListItem\",\"position\":4,\"name\":\"PNT\u7cfb\u7edf\",\"item\":\"https:\/\/www.bdpnt.com\/ru\/product-category\/%d0%bf%d1%80%d0%be%d0%b4%d1%83%d0%ba%d1%86%d0%b8%d1%8f\/%d1%81%d0%b8%d1%81%d1%82%d0%b5%d0%bc%d0%b0-%d0%bf%d0%bd%d1%82-2\/\"},{\"@type\":\"ListItem\",\"position\":5,\"name\":\"\u5b9a\u4f4d\u5b9a\u5411\u6388\u65f6\",\"item\":\"https:\/\/bdpnt.com\/product-category\/products\/pnt-system-2\/%e5%ae%9a%e4%bd%8d%e5%ae%9a%e5%90%91%e6%8e%88%e6%97%b6\/\"},{\"@type\":\"ListItem\",\"position\":6,\"name\":\"PNT10\u9ad8\u7cbe\u5ea6\u5b9a\u4f4d\u5b9a\u5411\u6388\u65f6\u8bbe\u5907\"}]},{\"@type\":\"WebSite\",\"@id\":\"https:\/\/www.bdpnt.com\/ja\/#website\",\"url\":\"https:\/\/www.bdpnt.com\/ja\/\",\"name\":\"\u5317\u6597\u90a6\u6cf0\u5b98\u7f51\",\"description\":\"bdstar time website\",\"publisher\":{\"@id\":\"https:\/\/www.bdpnt.com\/ja\/#organization\"},\"alternateName\":\"BDSTAR TIME\",\"potentialAction\":[{\"@type\":\"SearchAction\",\"target\":{\"@type\":\"EntryPoint\",\"urlTemplate\":\"https:\/\/www.bdpnt.com\/ja\/?s={search_term_string}\"},\"query-input\":{\"@type\":\"PropertyValueSpecification\",\"valueRequired\":true,\"valueName\":\"search_term_string\"}}],\"inLanguage\":\"de-AT\"},{\"@type\":\"Organization\",\"@id\":\"https:\/\/www.bdpnt.com\/ja\/#organization\",\"name\":\"\u5317\u6597\u90a6\u6cf0\u5b98\u7f51\",\"alternateName\":\"BDSTAR TIME\",\"url\":\"https:\/\/www.bdpnt.com\/ja\/\",\"logo\":{\"@type\":\"ImageObject\",\"inLanguage\":\"de-AT\",\"@id\":\"https:\/\/www.bdpnt.com\/ja\/#\/schema\/logo\/image\/\",\"url\":\"https:\/\/bdpnt.com\/wp-content\/uploads\/2025\/04\/\u5317\u6597\u90a6\u6cf0\u6700\u7ec8logo-\u6700\u7ec8\u7248\u5f69\u8272.png\",\"contentUrl\":\"https:\/\/bdpnt.com\/wp-content\/uploads\/2025\/04\/\u5317\u6597\u90a6\u6cf0\u6700\u7ec8logo-\u6700\u7ec8\u7248\u5f69\u8272.png\",\"width\":234,\"height\":76,\"caption\":\"\u5317\u6597\u90a6\u6cf0\u5b98\u7f51\"},\"image\":{\"@id\":\"https:\/\/www.bdpnt.com\/ja\/#\/schema\/logo\/image\/\"}}]}<\/script>\n<!-- \/ Yoast SEO plugin. -->","yoast_head_json":{"title":"Hochpr\u00e4zise Positionierungs- und Richtungsmessger\u00e4te PNT10 - Beidou Bangtai Official Website","robots":{"index":"index","follow":"follow","max-snippet":"max-snippet:-1","max-image-preview":"max-image-preview:large","max-video-preview":"max-video-preview:-1"},"canonical":"https:\/\/bdpnt.com\/de\/product\/pnt10hochprazise-positionierungs-orientierungs-und-zeitmessgerate\/","og_locale":"de_DE","og_type":"article","og_title":"PNT10\u9ad8\u7cbe\u5ea6\u5b9a\u4f4d\u5b9a\u5411\u6388\u65f6\u8bbe\u5907 - \u5317\u6597\u90a6\u6cf0\u5b98\u7f51","og_description":"PNT10\u662f\u4e00\u6b3e\u9762\u5411\u519b\u7528\u9ad8\u53ef\u9760\u6027\u9700\u6c42\u7684\u5b9a\u4f4d\u4e0e\u6388\u65f6\u7cfb\u7edf\uff0c\u96c6\u6210GNSS\u53cc\u5929\u7ebf\u5b9a\u5411\u548c\u9ad8\u7cbe\u5ea6\u6388\u65f6\u529f\u80fd\uff0c\u652f\u6301\u5168GNSS\u5e76\u53d1\u63a5\u6536\u4e0e\u7cbe\u5bc6\u9a6f\u670d\u7b97\u6cd5\uff0c\u8f93\u51fa\u9ad8\u7a33\u5b9a\u7684\u65f6\u95f4\u3001\u9891\u7387\u53ca\u5bfc\u822a\u4fe1\u606f\u3002\u8bbe\u5907\u91c7\u75281U\u673a\u67b6\u5f0f\u8bbe\u8ba1\uff0c\u5177\u5907\u5f3a\u6297\u5e72\u6270\u4e0e\u653b\u51fb\u68c0\u6d4b\u80fd\u529b\uff0c\u80fd\u5728\u590d\u6742\u73af\u5883\u4e0b\u7a33\u5b9a\u8fd0\u884c\uff0c\u652f\u6301NTP\u3001PTP\u30011PPS\u3001IRIG-B\u7b49\u591a\u79cd\u65f6\u9891\u8f93\u51fa\uff0c\u5e76\u5177\u5907\u5f02\u5e38\u81ea\u52a8\u5207\u6362\u4e0e\u544a\u8b66\u673a\u5236\uff0c\u662f\u519b\u7528\u901a\u4fe1\u4e0e\u6307\u6325\u7cfb\u7edf\u4e2d\u7684\u7406\u60f3\u9009\u62e9\u3002","og_url":"https:\/\/bdpnt.com\/de\/product\/pnt10hochprazise-positionierungs-orientierungs-und-zeitmessgerate\/","og_site_name":"\u5317\u6597\u90a6\u6cf0\u5b98\u7f51","article_modified_time":"2026-03-18T06:28:28+00:00","og_image":[{"width":960,"height":480,"url":"https:\/\/bdpnt.com\/wp-content\/uploads\/2025\/07\/\u84dd\u8272\u4ea7\u54c1\u80cc\u666f\u6a21\u7248-10.png","type":"image\/png"}],"twitter_card":"summary_large_image","schema":{"@context":"https:\/\/schema.org","@graph":[{"@type":"WebPage","@id":"https:\/\/bdpnt.com\/product\/pnt10high-precision-positioning-orientation-and-timing-equipment\/","url":"https:\/\/bdpnt.com\/product\/pnt10high-precision-positioning-orientation-and-timing-equipment\/","name":"Hochpr\u00e4zise Positionierungs- und Richtungsmessger\u00e4te PNT10 - Beidou Bangtai Official Website","isPartOf":{"@id":"https:\/\/www.bdpnt.com\/ja\/#website"},"primaryImageOfPage":{"@id":"https:\/\/bdpnt.com\/product\/pnt10high-precision-positioning-orientation-and-timing-equipment\/#primaryimage"},"image":{"@id":"https:\/\/bdpnt.com\/product\/pnt10high-precision-positioning-orientation-and-timing-equipment\/#primaryimage"},"thumbnailUrl":"https:\/\/bdpnt.com\/wp-content\/uploads\/2025\/07\/\u84dd\u8272\u4ea7\u54c1\u80cc\u666f\u6a21\u7248-10.png","datePublished":"2025-07-21T01:38:41+00:00","dateModified":"2026-03-18T06:28:28+00:00","breadcrumb":{"@id":"https:\/\/bdpnt.com\/product\/pnt10high-precision-positioning-orientation-and-timing-equipment\/#breadcrumb"},"inLanguage":"de-AT","potentialAction":[{"@type":"ReadAction","target":["https:\/\/bdpnt.com\/product\/pnt10high-precision-positioning-orientation-and-timing-equipment\/"]}]},{"@type":"ImageObject","inLanguage":"de-AT","@id":"https:\/\/bdpnt.com\/product\/pnt10high-precision-positioning-orientation-and-timing-equipment\/#primaryimage","url":"https:\/\/bdpnt.com\/wp-content\/uploads\/2025\/07\/\u84dd\u8272\u4ea7\u54c1\u80cc\u666f\u6a21\u7248-10.png","contentUrl":"https:\/\/bdpnt.com\/wp-content\/uploads\/2025\/07\/\u84dd\u8272\u4ea7\u54c1\u80cc\u666f\u6a21\u7248-10.png","width":960,"height":480},{"@type":"BreadcrumbList","@id":"https:\/\/bdpnt.com\/product\/pnt10high-precision-positioning-orientation-and-timing-equipment\/#breadcrumb","itemListElement":[{"@type":"ListItem","position":1,"name":"\u9996\u9875","item":"https:\/\/www.bdpnt.com\/"},{"@type":"ListItem","position":2,"name":"Shop","item":"https:\/\/www.bdpnt.com\/shop\/"},{"@type":"ListItem","position":3,"name":"\u4ea7\u54c1","item":"https:\/\/www.bdpnt.com\/product-category\/products\/"},{"@type":"ListItem","position":4,"name":"PNT\u7cfb\u7edf","item":"https:\/\/www.bdpnt.com\/ru\/product-category\/%d0%bf%d1%80%d0%be%d0%b4%d1%83%d0%ba%d1%86%d0%b8%d1%8f\/%d1%81%d0%b8%d1%81%d1%82%d0%b5%d0%bc%d0%b0-%d0%bf%d0%bd%d1%82-2\/"},{"@type":"ListItem","position":5,"name":"\u5b9a\u4f4d\u5b9a\u5411\u6388\u65f6","item":"https:\/\/bdpnt.com\/product-category\/products\/pnt-system-2\/%e5%ae%9a%e4%bd%8d%e5%ae%9a%e5%90%91%e6%8e%88%e6%97%b6\/"},{"@type":"ListItem","position":6,"name":"PNT10\u9ad8\u7cbe\u5ea6\u5b9a\u4f4d\u5b9a\u5411\u6388\u65f6\u8bbe\u5907"}]},{"@type":"WebSite","@id":"https:\/\/www.bdpnt.com\/ja\/#website","url":"https:\/\/www.bdpnt.com\/ja\/","name":"Beidoubangtai Offizielle Website","description":"bdstar time website","publisher":{"@id":"https:\/\/www.bdpnt.com\/ja\/#organization"},"alternateName":"BDSTAR TIME","potentialAction":[{"@type":"SearchAction","target":{"@type":"EntryPoint","urlTemplate":"https:\/\/www.bdpnt.com\/ja\/?s={search_term_string}"},"query-input":{"@type":"PropertyValueSpecification","valueRequired":true,"valueName":"search_term_string"}}],"inLanguage":"de-AT"},{"@type":"Organization","@id":"https:\/\/www.bdpnt.com\/ja\/#organization","name":"Beidoubangtai Offizielle Website","alternateName":"BDSTAR TIME","url":"https:\/\/www.bdpnt.com\/ja\/","logo":{"@type":"ImageObject","inLanguage":"de-AT","@id":"https:\/\/www.bdpnt.com\/ja\/#\/schema\/logo\/image\/","url":"https:\/\/bdpnt.com\/wp-content\/uploads\/2025\/04\/\u5317\u6597\u90a6\u6cf0\u6700\u7ec8logo-\u6700\u7ec8\u7248\u5f69\u8272.png","contentUrl":"https:\/\/bdpnt.com\/wp-content\/uploads\/2025\/04\/\u5317\u6597\u90a6\u6cf0\u6700\u7ec8logo-\u6700\u7ec8\u7248\u5f69\u8272.png","width":234,"height":76,"caption":"\u5317\u6597\u90a6\u6cf0\u5b98\u7f51"},"image":{"@id":"https:\/\/www.bdpnt.com\/ja\/#\/schema\/logo\/image\/"}}]}},"_links":{"self":[{"href":"https:\/\/bdpnt.com\/de\/wp-json\/wp\/v2\/product\/4930","targetHints":{"allow":["GET"]}}],"collection":[{"href":"https:\/\/bdpnt.com\/de\/wp-json\/wp\/v2\/product"}],"about":[{"href":"https:\/\/bdpnt.com\/de\/wp-json\/wp\/v2\/types\/product"}],"version-history":[{"count":2,"href":"https:\/\/bdpnt.com\/de\/wp-json\/wp\/v2\/product\/4930\/revisions"}],"predecessor-version":[{"id":4934,"href":"https:\/\/bdpnt.com\/de\/wp-json\/wp\/v2\/product\/4930\/revisions\/4934"}],"wp:featuredmedia":[{"embeddable":true,"href":"https:\/\/bdpnt.com\/de\/wp-json\/wp\/v2\/media\/4931"}],"wp:attachment":[{"href":"https:\/\/bdpnt.com\/de\/wp-json\/wp\/v2\/media?parent=4930"}],"wp:term":[{"taxonomy":"product_brand","embeddable":true,"href":"https:\/\/bdpnt.com\/de\/wp-json\/wp\/v2\/product_brand?post=4930"},{"taxonomy":"product_cat","embeddable":true,"href":"https:\/\/bdpnt.com\/de\/wp-json\/wp\/v2\/product_cat?post=4930"},{"taxonomy":"product_tag","embeddable":true,"href":"https:\/\/bdpnt.com\/de\/wp-json\/wp\/v2\/product_tag?post=4930"}],"curies":[{"name":"wp","href":"https:\/\/api.w.org\/{rel}","templated":true}]}}