{"id":4892,"date":"2025-07-18T17:09:38","date_gmt":"2025-07-18T09:09:38","guid":{"rendered":"https:\/\/bdstarpnt.com\/?post_type=product&#038;p=4892"},"modified":"2026-03-18T14:29:09","modified_gmt":"2026-03-18T06:29:09","slug":"tn5026-phasenrausch-und-stabilitatsprufgerat-2","status":"publish","type":"product","link":"https:\/\/bdpnt.com\/de\/product\/tn5026-phasenrausch-und-stabilitatsprufgerat-2\/","title":{"rendered":"TN5026 Phasenrausch- und Stabilit\u00e4tspr\u00fcfger\u00e4t"},"content":{"rendered":"<p class=\"translation-block\">Der Signalanalysator TN5026 ist ein leistungsf\u00e4higes Werkzeug zur Bewertung von Atomuhren und Hochleistungsquarzoszillatoren. Er misst die Frequenzstabilit\u00e4t, das Phasenrauschen, die Frequenz und andere wichtige technische Indikatoren der Signalquelle, und die Daten lassen sich einfach beobachten, analysieren und speichern. <br>\r\nAnwendbare Bereiche: Messabteilung, Kristallproduktionsfabrik, wissenschaftliche Forschungsinstitute, Zeit- und Frequenzunternehmen, Universit\u00e4ten und so weiter.<\/p>","protected":false},"excerpt":{"rendered":"<p>Der Signalanalysator TN5026 ist ein professionelles Instrument zur Bewertung von Atomuhren und Hochleistungs-Kristalloszillatoren. Er kann Schl\u00fcsselindikatoren wie Frequenzstabilit\u00e4t, Phasenrauschen usw. messen und unterst\u00fctzt die Beobachtung und Speicherung von Daten, was f\u00fcr die Bereiche Metrologie, wissenschaftliche Forschung, Kristallherstellung und Universit\u00e4ten geeignet ist.<\/p>","protected":false},"featured_media":4893,"template":"","meta":{"_acf_changed":false,"site-sidebar-layout":"default","site-content-layout":"","ast-site-content-layout":"default","site-content-style":"default","site-sidebar-style":"default","ast-global-header-display":"","ast-banner-title-visibility":"","ast-main-header-display":"","ast-hfb-above-header-display":"","ast-hfb-below-header-display":"","ast-hfb-mobile-header-display":"","site-post-title":"","ast-breadcrumbs-content":"","ast-featured-img":"","footer-sml-layout":"","theme-transparent-header-meta":"default","adv-header-id-meta":"","stick-header-meta":"default","header-above-stick-meta":"","header-main-stick-meta":"","header-below-stick-meta":"","astra-migrate-meta-layouts":"set","ast-page-background-enabled":"default","ast-page-background-meta":{"desktop":{"background-color":"var(--ast-global-color-4)","background-image":"","background-repeat":"repeat","background-position":"center center","background-size":"auto","background-attachment":"scroll","background-type":"","background-media":"","overlay-type":"","overlay-color":"","overlay-opacity":"","overlay-gradient":""},"tablet":{"background-color":"","background-image":"","background-repeat":"repeat","background-position":"center center","background-size":"auto","background-attachment":"scroll","background-type":"","background-media":"","overlay-type":"","overlay-color":"","overlay-opacity":"","overlay-gradient":""},"mobile":{"background-color":"","background-image":"","background-repeat":"repeat","background-position":"center center","background-size":"auto","background-attachment":"scroll","background-type":"","background-media":"","overlay-type":"","overlay-color":"","overlay-opacity":"","overlay-gradient":""}},"ast-content-background-meta":{"desktop":{"background-color":"var(--ast-global-color-5)","background-image":"","background-repeat":"repeat","background-position":"center center","background-size":"auto","background-attachment":"scroll","background-type":"","background-media":"","overlay-type":"","overlay-color":"","overlay-opacity":"","overlay-gradient":""},"tablet":{"background-color":"var(--ast-global-color-5)","background-image":"","background-repeat":"repeat","background-position":"center center","background-size":"auto","background-attachment":"scroll","background-type":"","background-media":"","overlay-type":"","overlay-color":"","overlay-opacity":"","overlay-gradient":""},"mobile":{"background-color":"var(--ast-global-color-5)","background-image":"","background-repeat":"repeat","background-position":"center center","background-size":"auto","background-attachment":"scroll","background-type":"","background-media":"","overlay-type":"","overlay-color":"","overlay-opacity":"","overlay-gradient":""}}},"product_brand":[],"product_cat":[87],"product_tag":[],"class_list":{"0":"post-4892","1":"product","2":"type-product","3":"status-publish","4":"has-post-thumbnail","6":"product_cat-87","7":"pa_-197","8":"pa_--235","9":"pa_--0-c--70-c","10":"pa_-military-aviation","11":"pa_-metrology-and-testing","12":"pa_---165dbc-hz1khz","13":"pa_---170dbc-hz1khz","14":"pa_-224","15":"pa_-ac-220v","16":"desktop-align-left","17":"tablet-align-left","18":"mobile-align-left","19":"ast-product-gallery-layout-first-image-large","20":"ast-product-gallery-with-no-image","21":"ast-product-tabs-layout-horizontal","23":"first","24":"instock","25":"shipping-taxable","26":"product-type-simple"},"acf":[],"yoast_head":"<!-- This site is optimized with the Yoast SEO plugin v26.0 - https:\/\/yoast.com\/wordpress\/plugins\/seo\/ -->\n<title>TN5026 \u76f8\u4f4d\u566a\u58f0\u548c\u7a33\u5b9a\u5ea6\u6d4b\u8bd5\u4eea - \u5317\u6597\u90a6\u6cf0\u5b98\u7f51<\/title>\n<meta name=\"robots\" content=\"index, follow, max-snippet:-1, max-image-preview:large, max-video-preview:-1\" \/>\n<link rel=\"canonical\" href=\"https:\/\/bdpnt.com\/de\/product\/tn5026-phasenrausch-und-stabilitatsprufgerat-2\/\" \/>\n<meta property=\"og:locale\" content=\"de_DE\" \/>\n<meta property=\"og:type\" content=\"article\" \/>\n<meta property=\"og:title\" content=\"TN5026 \u76f8\u4f4d\u566a\u58f0\u548c\u7a33\u5b9a\u5ea6\u6d4b\u8bd5\u4eea - \u5317\u6597\u90a6\u6cf0\u5b98\u7f51\" \/>\n<meta property=\"og:description\" content=\"TN5026 \u4fe1\u53f7\u5206\u6790\u4eea\u662f\u4e00\u6b3e\u7528\u4e8e\u8bc4\u4f30\u539f\u5b50\u949f\u53ca\u9ad8\u6027\u80fd\u6676\u4f53\u632f\u8361\u5668\u7684\u4e13\u4e1a\u4eea\u5668\uff0c\u53ef\u6d4b\u91cf\u9891\u7387\u7a33\u5b9a\u5ea6\u3001\u76f8\u4f4d\u566a\u58f0\u7b49\u5173\u952e\u6307\u6807\uff0c\u652f\u6301\u6570\u636e\u89c2\u5bdf\u4e0e\u4fdd\u5b58\uff0c\u9002\u7528\u4e8e\u8ba1\u91cf\u3001\u79d1\u7814\u3001\u6676\u4f53\u5236\u9020\u53ca\u9ad8\u6821\u7b49\u9886\u57df\u3002\" \/>\n<meta property=\"og:url\" content=\"https:\/\/bdpnt.com\/de\/product\/tn5026-phasenrausch-und-stabilitatsprufgerat-2\/\" \/>\n<meta property=\"og:site_name\" content=\"\u5317\u6597\u90a6\u6cf0\u5b98\u7f51\" \/>\n<meta property=\"article:modified_time\" content=\"2026-03-18T06:29:09+00:00\" \/>\n<meta property=\"og:image\" content=\"https:\/\/bdpnt.com\/wp-content\/uploads\/2025\/07\/\u84dd\u8272\u4ea7\u54c1\u80cc\u666f\u6a21\u7248-8.png\" \/>\n\t<meta property=\"og:image:width\" content=\"960\" \/>\n\t<meta property=\"og:image:height\" content=\"480\" \/>\n\t<meta property=\"og:image:type\" content=\"image\/png\" \/>\n<meta name=\"twitter:card\" content=\"summary_large_image\" \/>\n<meta name=\"twitter:label1\" content=\"Gesch\u00e4tzte Lesezeit\" \/>\n\t<meta name=\"twitter:data1\" content=\"1 Minute\" \/>\n<script type=\"application\/ld+json\" class=\"yoast-schema-graph\">{\"@context\":\"https:\/\/schema.org\",\"@graph\":[{\"@type\":\"WebPage\",\"@id\":\"https:\/\/bdpnt.com\/product\/tn5026-phase-noise-and-stability-tester-2\/\",\"url\":\"https:\/\/bdpnt.com\/product\/tn5026-phase-noise-and-stability-tester-2\/\",\"name\":\"TN5026 \u76f8\u4f4d\u566a\u58f0\u548c\u7a33\u5b9a\u5ea6\u6d4b\u8bd5\u4eea - \u5317\u6597\u90a6\u6cf0\u5b98\u7f51\",\"isPartOf\":{\"@id\":\"https:\/\/www.bdpnt.com\/#website\"},\"primaryImageOfPage\":{\"@id\":\"https:\/\/bdpnt.com\/product\/tn5026-phase-noise-and-stability-tester-2\/#primaryimage\"},\"image\":{\"@id\":\"https:\/\/bdpnt.com\/product\/tn5026-phase-noise-and-stability-tester-2\/#primaryimage\"},\"thumbnailUrl\":\"https:\/\/bdpnt.com\/wp-content\/uploads\/2025\/07\/\u84dd\u8272\u4ea7\u54c1\u80cc\u666f\u6a21\u7248-8.png\",\"datePublished\":\"2025-07-18T09:09:38+00:00\",\"dateModified\":\"2026-03-18T06:29:09+00:00\",\"breadcrumb\":{\"@id\":\"https:\/\/bdpnt.com\/product\/tn5026-phase-noise-and-stability-tester-2\/#breadcrumb\"},\"inLanguage\":\"de-AT\",\"potentialAction\":[{\"@type\":\"ReadAction\",\"target\":[\"https:\/\/bdpnt.com\/product\/tn5026-phase-noise-and-stability-tester-2\/\"]}]},{\"@type\":\"ImageObject\",\"inLanguage\":\"de-AT\",\"@id\":\"https:\/\/bdpnt.com\/product\/tn5026-phase-noise-and-stability-tester-2\/#primaryimage\",\"url\":\"https:\/\/bdpnt.com\/wp-content\/uploads\/2025\/07\/\u84dd\u8272\u4ea7\u54c1\u80cc\u666f\u6a21\u7248-8.png\",\"contentUrl\":\"https:\/\/bdpnt.com\/wp-content\/uploads\/2025\/07\/\u84dd\u8272\u4ea7\u54c1\u80cc\u666f\u6a21\u7248-8.png\",\"width\":960,\"height\":480},{\"@type\":\"BreadcrumbList\",\"@id\":\"https:\/\/bdpnt.com\/product\/tn5026-phase-noise-and-stability-tester-2\/#breadcrumb\",\"itemListElement\":[{\"@type\":\"ListItem\",\"position\":1,\"name\":\"\u9996\u9875\",\"item\":\"https:\/\/www.bdpnt.com\/\"},{\"@type\":\"ListItem\",\"position\":2,\"name\":\"Shop\",\"item\":\"https:\/\/www.bdpnt.com\/shop\/\"},{\"@type\":\"ListItem\",\"position\":3,\"name\":\"\u4ea7\u54c1\",\"item\":\"https:\/\/www.bdpnt.com\/product-category\/products\/\"},{\"@type\":\"ListItem\",\"position\":4,\"name\":\"\u6d4b\u8bd5\u4eea\",\"item\":\"https:\/\/www.bdpnt.com\/product-category\/products\/testers\/\"},{\"@type\":\"ListItem\",\"position\":5,\"name\":\"\u76f8\u4f4d\u566a\u58f0\u548c\u7a33\u5b9a\u5ea6\u6d4b\u8bd5\u4eea\",\"item\":\"https:\/\/www.bdpnt.com\/product-category\/products\/testers\/%e7%9b%b8%e4%bd%8d%e5%99%aa%e5%a3%b0%e5%92%8c%e7%a8%b3%e5%ae%9a%e5%ba%a6%e6%b5%8b%e8%af%95%e4%bb%aa\/\"},{\"@type\":\"ListItem\",\"position\":6,\"name\":\"TN5026 \u76f8\u4f4d\u566a\u58f0\u548c\u7a33\u5b9a\u5ea6\u6d4b\u8bd5\u4eea\"}]},{\"@type\":\"WebSite\",\"@id\":\"https:\/\/www.bdpnt.com\/#website\",\"url\":\"https:\/\/www.bdpnt.com\/\",\"name\":\"\u5317\u6597\u90a6\u6cf0\u5b98\u7f51\",\"description\":\"bdstar time website\",\"publisher\":{\"@id\":\"https:\/\/www.bdpnt.com\/#organization\"},\"alternateName\":\"BDSTAR TIME\",\"potentialAction\":[{\"@type\":\"SearchAction\",\"target\":{\"@type\":\"EntryPoint\",\"urlTemplate\":\"https:\/\/www.bdpnt.com\/?s={search_term_string}\"},\"query-input\":{\"@type\":\"PropertyValueSpecification\",\"valueRequired\":true,\"valueName\":\"search_term_string\"}}],\"inLanguage\":\"de-AT\"},{\"@type\":\"Organization\",\"@id\":\"https:\/\/www.bdpnt.com\/#organization\",\"name\":\"\u5317\u6597\u90a6\u6cf0\u5b98\u7f51\",\"alternateName\":\"BDSTAR TIME\",\"url\":\"https:\/\/www.bdpnt.com\/\",\"logo\":{\"@type\":\"ImageObject\",\"inLanguage\":\"de-AT\",\"@id\":\"https:\/\/www.bdpnt.com\/#\/schema\/logo\/image\/\",\"url\":\"https:\/\/bdpnt.com\/wp-content\/uploads\/2025\/04\/\u5317\u6597\u90a6\u6cf0\u6700\u7ec8logo-\u6700\u7ec8\u7248\u5f69\u8272.png\",\"contentUrl\":\"https:\/\/bdpnt.com\/wp-content\/uploads\/2025\/04\/\u5317\u6597\u90a6\u6cf0\u6700\u7ec8logo-\u6700\u7ec8\u7248\u5f69\u8272.png\",\"width\":234,\"height\":76,\"caption\":\"\u5317\u6597\u90a6\u6cf0\u5b98\u7f51\"},\"image\":{\"@id\":\"https:\/\/www.bdpnt.com\/#\/schema\/logo\/image\/\"}}]}<\/script>\n<!-- \/ Yoast SEO plugin. -->","yoast_head_json":{"title":"TN5026 Phasenrausch- und Stabilit\u00e4tspr\u00fcfger\u00e4t - Beidoubangtai.com","robots":{"index":"index","follow":"follow","max-snippet":"max-snippet:-1","max-image-preview":"max-image-preview:large","max-video-preview":"max-video-preview:-1"},"canonical":"https:\/\/bdpnt.com\/de\/product\/tn5026-phasenrausch-und-stabilitatsprufgerat-2\/","og_locale":"de_DE","og_type":"article","og_title":"TN5026 \u76f8\u4f4d\u566a\u58f0\u548c\u7a33\u5b9a\u5ea6\u6d4b\u8bd5\u4eea - \u5317\u6597\u90a6\u6cf0\u5b98\u7f51","og_description":"TN5026 \u4fe1\u53f7\u5206\u6790\u4eea\u662f\u4e00\u6b3e\u7528\u4e8e\u8bc4\u4f30\u539f\u5b50\u949f\u53ca\u9ad8\u6027\u80fd\u6676\u4f53\u632f\u8361\u5668\u7684\u4e13\u4e1a\u4eea\u5668\uff0c\u53ef\u6d4b\u91cf\u9891\u7387\u7a33\u5b9a\u5ea6\u3001\u76f8\u4f4d\u566a\u58f0\u7b49\u5173\u952e\u6307\u6807\uff0c\u652f\u6301\u6570\u636e\u89c2\u5bdf\u4e0e\u4fdd\u5b58\uff0c\u9002\u7528\u4e8e\u8ba1\u91cf\u3001\u79d1\u7814\u3001\u6676\u4f53\u5236\u9020\u53ca\u9ad8\u6821\u7b49\u9886\u57df\u3002","og_url":"https:\/\/bdpnt.com\/de\/product\/tn5026-phasenrausch-und-stabilitatsprufgerat-2\/","og_site_name":"\u5317\u6597\u90a6\u6cf0\u5b98\u7f51","article_modified_time":"2026-03-18T06:29:09+00:00","og_image":[{"width":960,"height":480,"url":"https:\/\/bdpnt.com\/wp-content\/uploads\/2025\/07\/\u84dd\u8272\u4ea7\u54c1\u80cc\u666f\u6a21\u7248-8.png","type":"image\/png"}],"twitter_card":"summary_large_image","twitter_misc":{"Gesch\u00e4tzte Lesezeit":"1 Minute"},"schema":{"@context":"https:\/\/schema.org","@graph":[{"@type":"WebPage","@id":"https:\/\/bdpnt.com\/product\/tn5026-phase-noise-and-stability-tester-2\/","url":"https:\/\/bdpnt.com\/product\/tn5026-phase-noise-and-stability-tester-2\/","name":"TN5026 Phasenrausch- und Stabilit\u00e4tspr\u00fcfger\u00e4t - Beidoubangtai.com","isPartOf":{"@id":"https:\/\/www.bdpnt.com\/#website"},"primaryImageOfPage":{"@id":"https:\/\/bdpnt.com\/product\/tn5026-phase-noise-and-stability-tester-2\/#primaryimage"},"image":{"@id":"https:\/\/bdpnt.com\/product\/tn5026-phase-noise-and-stability-tester-2\/#primaryimage"},"thumbnailUrl":"https:\/\/bdpnt.com\/wp-content\/uploads\/2025\/07\/\u84dd\u8272\u4ea7\u54c1\u80cc\u666f\u6a21\u7248-8.png","datePublished":"2025-07-18T09:09:38+00:00","dateModified":"2026-03-18T06:29:09+00:00","breadcrumb":{"@id":"https:\/\/bdpnt.com\/product\/tn5026-phase-noise-and-stability-tester-2\/#breadcrumb"},"inLanguage":"de-AT","potentialAction":[{"@type":"ReadAction","target":["https:\/\/bdpnt.com\/product\/tn5026-phase-noise-and-stability-tester-2\/"]}]},{"@type":"ImageObject","inLanguage":"de-AT","@id":"https:\/\/bdpnt.com\/product\/tn5026-phase-noise-and-stability-tester-2\/#primaryimage","url":"https:\/\/bdpnt.com\/wp-content\/uploads\/2025\/07\/\u84dd\u8272\u4ea7\u54c1\u80cc\u666f\u6a21\u7248-8.png","contentUrl":"https:\/\/bdpnt.com\/wp-content\/uploads\/2025\/07\/\u84dd\u8272\u4ea7\u54c1\u80cc\u666f\u6a21\u7248-8.png","width":960,"height":480},{"@type":"BreadcrumbList","@id":"https:\/\/bdpnt.com\/product\/tn5026-phase-noise-and-stability-tester-2\/#breadcrumb","itemListElement":[{"@type":"ListItem","position":1,"name":"\u9996\u9875","item":"https:\/\/www.bdpnt.com\/"},{"@type":"ListItem","position":2,"name":"Shop","item":"https:\/\/www.bdpnt.com\/shop\/"},{"@type":"ListItem","position":3,"name":"\u4ea7\u54c1","item":"https:\/\/www.bdpnt.com\/product-category\/products\/"},{"@type":"ListItem","position":4,"name":"\u6d4b\u8bd5\u4eea","item":"https:\/\/www.bdpnt.com\/product-category\/products\/testers\/"},{"@type":"ListItem","position":5,"name":"\u76f8\u4f4d\u566a\u58f0\u548c\u7a33\u5b9a\u5ea6\u6d4b\u8bd5\u4eea","item":"https:\/\/www.bdpnt.com\/product-category\/products\/testers\/%e7%9b%b8%e4%bd%8d%e5%99%aa%e5%a3%b0%e5%92%8c%e7%a8%b3%e5%ae%9a%e5%ba%a6%e6%b5%8b%e8%af%95%e4%bb%aa\/"},{"@type":"ListItem","position":6,"name":"TN5026 \u76f8\u4f4d\u566a\u58f0\u548c\u7a33\u5b9a\u5ea6\u6d4b\u8bd5\u4eea"}]},{"@type":"WebSite","@id":"https:\/\/www.bdpnt.com\/#website","url":"https:\/\/www.bdpnt.com\/","name":"Beidoubangtai Offizielle Website","description":"bdstar time website","publisher":{"@id":"https:\/\/www.bdpnt.com\/#organization"},"alternateName":"BDSTAR TIME","potentialAction":[{"@type":"SearchAction","target":{"@type":"EntryPoint","urlTemplate":"https:\/\/www.bdpnt.com\/?s={search_term_string}"},"query-input":{"@type":"PropertyValueSpecification","valueRequired":true,"valueName":"search_term_string"}}],"inLanguage":"de-AT"},{"@type":"Organization","@id":"https:\/\/www.bdpnt.com\/#organization","name":"Beidoubangtai Offizielle Website","alternateName":"BDSTAR TIME","url":"https:\/\/www.bdpnt.com\/","logo":{"@type":"ImageObject","inLanguage":"de-AT","@id":"https:\/\/www.bdpnt.com\/#\/schema\/logo\/image\/","url":"https:\/\/bdpnt.com\/wp-content\/uploads\/2025\/04\/\u5317\u6597\u90a6\u6cf0\u6700\u7ec8logo-\u6700\u7ec8\u7248\u5f69\u8272.png","contentUrl":"https:\/\/bdpnt.com\/wp-content\/uploads\/2025\/04\/\u5317\u6597\u90a6\u6cf0\u6700\u7ec8logo-\u6700\u7ec8\u7248\u5f69\u8272.png","width":234,"height":76,"caption":"\u5317\u6597\u90a6\u6cf0\u5b98\u7f51"},"image":{"@id":"https:\/\/www.bdpnt.com\/#\/schema\/logo\/image\/"}}]}},"_links":{"self":[{"href":"https:\/\/bdpnt.com\/de\/wp-json\/wp\/v2\/product\/4892","targetHints":{"allow":["GET"]}}],"collection":[{"href":"https:\/\/bdpnt.com\/de\/wp-json\/wp\/v2\/product"}],"about":[{"href":"https:\/\/bdpnt.com\/de\/wp-json\/wp\/v2\/types\/product"}],"version-history":[{"count":9,"href":"https:\/\/bdpnt.com\/de\/wp-json\/wp\/v2\/product\/4892\/revisions"}],"predecessor-version":[{"id":17927,"href":"https:\/\/bdpnt.com\/de\/wp-json\/wp\/v2\/product\/4892\/revisions\/17927"}],"wp:featuredmedia":[{"embeddable":true,"href":"https:\/\/bdpnt.com\/de\/wp-json\/wp\/v2\/media\/4893"}],"wp:attachment":[{"href":"https:\/\/bdpnt.com\/de\/wp-json\/wp\/v2\/media?parent=4892"}],"wp:term":[{"taxonomy":"product_brand","embeddable":true,"href":"https:\/\/bdpnt.com\/de\/wp-json\/wp\/v2\/product_brand?post=4892"},{"taxonomy":"product_cat","embeddable":true,"href":"https:\/\/bdpnt.com\/de\/wp-json\/wp\/v2\/product_cat?post=4892"},{"taxonomy":"product_tag","embeddable":true,"href":"https:\/\/bdpnt.com\/de\/wp-json\/wp\/v2\/product_tag?post=4892"}],"curies":[{"name":"wp","href":"https:\/\/api.w.org\/{rel}","templated":true}]}}