{"id":4872,"date":"2025-07-18T16:24:34","date_gmt":"2025-07-18T08:24:34","guid":{"rendered":"https:\/\/bdstarpnt.com\/?post_type=product&#038;p=4872"},"modified":"2026-03-18T14:29:26","modified_gmt":"2026-03-18T06:29:26","slug":"ft91-hochleistungsfahiges-frequenzstabilitatsprufgerat-2","status":"publish","type":"product","link":"https:\/\/bdpnt.com\/de\/product\/ft91-hochleistungsfahiges-frequenzstabilitatsprufgerat-2\/","title":{"rendered":"FT91 Hochleistungs-Frequenzstabilit\u00e4tstester"},"content":{"rendered":"<p class=\"translation-block\">Der FT91 ist ein hochleistungsf\u00e4higer Frequenzkomparator, der speziell f\u00fcr hochleistungsf\u00e4hige Atomuhrtests entwickelt wurde. Er kann bei jeder Frequenz von 1-30 MHz messen, mit einer zus\u00e4tzlichen Stabilit\u00e4t von bis zu 1,2 x 10-13 bei 10 MHz, und mit einer hochleistungsf\u00e4higen Spezialuhr, die in das Modul integriert ist, wird die Leistung der Messung nicht durch das Vorhandensein eines Frequenzunterschieds zwischen dem zu pr\u00fcfenden Signal und dem Standardsignal beeintr\u00e4chtigt. <br>\r\nAnwendungsbereich: Messabteilung, Kristallproduktionsfabrik, wissenschaftliche Forschungsinstitute, Zeit- und Frequenzunternehmen, Universit\u00e4ten usw.<\/p>","protected":false},"excerpt":{"rendered":"<p>FT91 ist ein Frequenzkomparator, der f\u00fcr hochleistungsf\u00e4hige Atomuhrtests entwickelt wurde. Er unterst\u00fctzt die Messung beliebiger Frequenzen von 1-30MHz, bietet eine zus\u00e4tzliche Stabilit\u00e4t von bis zu 1,2\u00d710-\u00b9\u00b3 bei 10MHz und verf\u00fcgt \u00fcber einen eingebauten speziellen Taktgeber, der die Genauigkeit der Messung unter den Bedingungen der Frequenzdifferenz gew\u00e4hrleistet. Weit verbreitet in der Metrologie, der wissenschaftlichen Forschung, der Kristallherstellung und in zeitbezogenen Einheiten.<\/p>","protected":false},"featured_media":4873,"template":"","meta":{"_acf_changed":false,"site-sidebar-layout":"default","site-content-layout":"","ast-site-content-layout":"default","site-content-style":"default","site-sidebar-style":"default","ast-global-header-display":"","ast-banner-title-visibility":"","ast-main-header-display":"","ast-hfb-above-header-display":"","ast-hfb-below-header-display":"","ast-hfb-mobile-header-display":"","site-post-title":"","ast-breadcrumbs-content":"","ast-featured-img":"","footer-sml-layout":"","theme-transparent-header-meta":"default","adv-header-id-meta":"","stick-header-meta":"default","header-above-stick-meta":"","header-main-stick-meta":"","header-below-stick-meta":"","astra-migrate-meta-layouts":"set","ast-page-background-enabled":"default","ast-page-background-meta":{"desktop":{"background-color":"var(--ast-global-color-4)","background-image":"","background-repeat":"repeat","background-position":"center center","background-size":"auto","background-attachment":"scroll","background-type":"","background-media":"","overlay-type":"","overlay-color":"","overlay-opacity":"","overlay-gradient":""},"tablet":{"background-color":"","background-image":"","background-repeat":"repeat","background-position":"center center","background-size":"auto","background-attachment":"scroll","background-type":"","background-media":"","overlay-type":"","overlay-color":"","overlay-opacity":"","overlay-gradient":""},"mobile":{"background-color":"","background-image":"","background-repeat":"repeat","background-position":"center center","background-size":"auto","background-attachment":"scroll","background-type":"","background-media":"","overlay-type":"","overlay-color":"","overlay-opacity":"","overlay-gradient":""}},"ast-content-background-meta":{"desktop":{"background-color":"var(--ast-global-color-5)","background-image":"","background-repeat":"repeat","background-position":"center center","background-size":"auto","background-attachment":"scroll","background-type":"","background-media":"","overlay-type":"","overlay-color":"","overlay-opacity":"","overlay-gradient":""},"tablet":{"background-color":"var(--ast-global-color-5)","background-image":"","background-repeat":"repeat","background-position":"center center","background-size":"auto","background-attachment":"scroll","background-type":"","background-media":"","overlay-type":"","overlay-color":"","overlay-opacity":"","overlay-gradient":""},"mobile":{"background-color":"var(--ast-global-color-5)","background-image":"","background-repeat":"repeat","background-position":"center center","background-size":"auto","background-attachment":"scroll","background-type":"","background-media":"","overlay-type":"","overlay-color":"","overlay-opacity":"","overlay-gradient":""}}},"product_brand":[],"product_cat":[86],"product_tag":[],"class_list":{"0":"post-4872","1":"product","2":"type-product","3":"status-publish","4":"has-post-thumbnail","6":"product_cat-86","7":"pa_-197","8":"pa_--235","9":"pa_--0-c--70-c","10":"pa_--40c--85c","11":"pa_-military-aviation","12":"pa_-metrology-and-testing","13":"pa_-10mhz-sine-wave-square-wave-output","14":"pa_-dc-12v","15":"pa_-dc-15v","16":"desktop-align-left","17":"tablet-align-left","18":"mobile-align-left","19":"ast-product-gallery-layout-first-image-large","20":"ast-product-gallery-with-no-image","21":"ast-product-tabs-layout-horizontal","23":"first","24":"instock","25":"shipping-taxable","26":"product-type-simple"},"acf":[],"yoast_head":"<!-- This site is optimized with the Yoast SEO plugin v26.0 - https:\/\/yoast.com\/wordpress\/plugins\/seo\/ -->\n<title>FT91 \u9ad8\u6027\u80fd\u9891\u7a33\u6d4b\u8bd5\u4eea - \u5317\u6597\u90a6\u6cf0\u5b98\u7f51<\/title>\n<meta name=\"robots\" content=\"index, follow, max-snippet:-1, max-image-preview:large, max-video-preview:-1\" \/>\n<link rel=\"canonical\" href=\"https:\/\/www.bdpnt.com\/fr\/produit\/ft91-testeur-de-stabilite-de-frequence-haute-performance-2\/\" \/>\n<meta property=\"og:locale\" content=\"de_DE\" \/>\n<meta property=\"og:type\" content=\"article\" \/>\n<meta property=\"og:title\" content=\"FT91 \u9ad8\u6027\u80fd\u9891\u7a33\u6d4b\u8bd5\u4eea - \u5317\u6597\u90a6\u6cf0\u5b98\u7f51\" \/>\n<meta property=\"og:description\" content=\"FT91 \u662f\u4e00\u6b3e\u4e13\u4e3a\u9ad8\u6027\u80fd\u539f\u5b50\u949f\u6d4b\u8bd5\u8bbe\u8ba1\u7684\u9891\u7387\u6bd4\u5bf9\u5668\uff0c\u652f\u63011\u201330MHz\u4efb\u610f\u9891\u70b9\u6d4b\u91cf\uff0c\u572810MHz\u65f6\u9644\u52a0\u7a33\u5b9a\u5ea6\u9ad8\u8fbe1.2\u00d710\u207b\u00b9\u00b3\uff0c\u5185\u7f6e\u7279\u79cd\u65f6\u949f\u786e\u4fdd\u9891\u5dee\u6761\u4ef6\u4e0b\u6d4b\u91cf\u51c6\u786e\u3002\u5e7f\u6cdb\u9002\u7528\u4e8e\u8ba1\u91cf\u3001\u79d1\u7814\u3001\u6676\u4f53\u5236\u9020\u53ca\u65f6\u9891\u76f8\u5173\u5355\u4f4d\u3002\" \/>\n<meta property=\"og:url\" content=\"https:\/\/www.bdpnt.com\/fr\/produit\/ft91-testeur-de-stabilite-de-frequence-haute-performance-2\/\" \/>\n<meta property=\"og:site_name\" content=\"\u5317\u6597\u90a6\u6cf0\u5b98\u7f51\" \/>\n<meta property=\"article:modified_time\" content=\"2026-03-18T06:29:26+00:00\" \/>\n<meta property=\"og:image\" content=\"https:\/\/www.bdpnt.com\/wp-content\/uploads\/2025\/07\/\u84dd\u8272\u4ea7\u54c1\u80cc\u666f\u6a21\u7248-7.png\" \/>\n\t<meta property=\"og:image:width\" content=\"960\" \/>\n\t<meta property=\"og:image:height\" content=\"480\" \/>\n\t<meta property=\"og:image:type\" content=\"image\/png\" \/>\n<meta name=\"twitter:card\" content=\"summary_large_image\" \/>\n<meta name=\"twitter:label1\" content=\"Gesch\u00e4tzte Lesezeit\" \/>\n\t<meta name=\"twitter:data1\" content=\"1 Minute\" \/>\n<script type=\"application\/ld+json\" class=\"yoast-schema-graph\">{\"@context\":\"https:\/\/schema.org\",\"@graph\":[{\"@type\":\"WebPage\",\"@id\":\"https:\/\/www.bdpnt.com\/fr\/produit\/ft91-testeur-de-stabilite-de-frequence-haute-performance-2\/\",\"url\":\"https:\/\/www.bdpnt.com\/fr\/produit\/ft91-testeur-de-stabilite-de-frequence-haute-performance-2\/\",\"name\":\"FT91 \u9ad8\u6027\u80fd\u9891\u7a33\u6d4b\u8bd5\u4eea - \u5317\u6597\u90a6\u6cf0\u5b98\u7f51\",\"isPartOf\":{\"@id\":\"https:\/\/www.bdpnt.com\/#website\"},\"primaryImageOfPage\":{\"@id\":\"https:\/\/www.bdpnt.com\/fr\/produit\/ft91-testeur-de-stabilite-de-frequence-haute-performance-2\/#primaryimage\"},\"image\":{\"@id\":\"https:\/\/www.bdpnt.com\/fr\/produit\/ft91-testeur-de-stabilite-de-frequence-haute-performance-2\/#primaryimage\"},\"thumbnailUrl\":\"https:\/\/bdpnt.com\/wp-content\/uploads\/2025\/07\/\u84dd\u8272\u4ea7\u54c1\u80cc\u666f\u6a21\u7248-7.png\",\"datePublished\":\"2025-07-18T08:24:34+00:00\",\"dateModified\":\"2026-03-18T06:29:26+00:00\",\"breadcrumb\":{\"@id\":\"https:\/\/www.bdpnt.com\/fr\/produit\/ft91-testeur-de-stabilite-de-frequence-haute-performance-2\/#breadcrumb\"},\"inLanguage\":\"de-AT\",\"potentialAction\":[{\"@type\":\"ReadAction\",\"target\":[\"https:\/\/www.bdpnt.com\/fr\/produit\/ft91-testeur-de-stabilite-de-frequence-haute-performance-2\/\"]}]},{\"@type\":\"ImageObject\",\"inLanguage\":\"de-AT\",\"@id\":\"https:\/\/www.bdpnt.com\/fr\/produit\/ft91-testeur-de-stabilite-de-frequence-haute-performance-2\/#primaryimage\",\"url\":\"https:\/\/bdpnt.com\/wp-content\/uploads\/2025\/07\/\u84dd\u8272\u4ea7\u54c1\u80cc\u666f\u6a21\u7248-7.png\",\"contentUrl\":\"https:\/\/bdpnt.com\/wp-content\/uploads\/2025\/07\/\u84dd\u8272\u4ea7\u54c1\u80cc\u666f\u6a21\u7248-7.png\",\"width\":960,\"height\":480},{\"@type\":\"BreadcrumbList\",\"@id\":\"https:\/\/www.bdpnt.com\/fr\/produit\/ft91-testeur-de-stabilite-de-frequence-haute-performance-2\/#breadcrumb\",\"itemListElement\":[{\"@type\":\"ListItem\",\"position\":1,\"name\":\"\u9996\u9875\",\"item\":\"https:\/\/www.bdpnt.com\/\"},{\"@type\":\"ListItem\",\"position\":2,\"name\":\"Shop\",\"item\":\"https:\/\/www.bdpnt.com\/shop\/\"},{\"@type\":\"ListItem\",\"position\":3,\"name\":\"\u4ea7\u54c1\",\"item\":\"https:\/\/www.bdpnt.com\/product-category\/products\/\"},{\"@type\":\"ListItem\",\"position\":4,\"name\":\"\u6d4b\u8bd5\u4eea\",\"item\":\"https:\/\/www.bdpnt.com\/product-category\/products\/testers\/\"},{\"@type\":\"ListItem\",\"position\":5,\"name\":\"\u9891\u7a33\u6d4b\u8bd5\u4eea\",\"item\":\"https:\/\/www.bdpnt.com\/fr\/categorie-produit\/produits\/testeurs\/testeur-de-stabilite-de-frequence\/\"},{\"@type\":\"ListItem\",\"position\":6,\"name\":\"FT91 \u9ad8\u6027\u80fd\u9891\u7a33\u6d4b\u8bd5\u4eea\"}]},{\"@type\":\"WebSite\",\"@id\":\"https:\/\/www.bdpnt.com\/#website\",\"url\":\"https:\/\/www.bdpnt.com\/\",\"name\":\"\u5317\u6597\u90a6\u6cf0\u5b98\u7f51\",\"description\":\"bdstar time website\",\"publisher\":{\"@id\":\"https:\/\/www.bdpnt.com\/#organization\"},\"alternateName\":\"BDSTAR TIME\",\"potentialAction\":[{\"@type\":\"SearchAction\",\"target\":{\"@type\":\"EntryPoint\",\"urlTemplate\":\"https:\/\/www.bdpnt.com\/?s={search_term_string}\"},\"query-input\":{\"@type\":\"PropertyValueSpecification\",\"valueRequired\":true,\"valueName\":\"search_term_string\"}}],\"inLanguage\":\"de-AT\"},{\"@type\":\"Organization\",\"@id\":\"https:\/\/www.bdpnt.com\/#organization\",\"name\":\"\u5317\u6597\u90a6\u6cf0\u5b98\u7f51\",\"alternateName\":\"BDSTAR TIME\",\"url\":\"https:\/\/www.bdpnt.com\/\",\"logo\":{\"@type\":\"ImageObject\",\"inLanguage\":\"de-AT\",\"@id\":\"https:\/\/www.bdpnt.com\/#\/schema\/logo\/image\/\",\"url\":\"https:\/\/bdpnt.com\/wp-content\/uploads\/2025\/04\/\u5317\u6597\u90a6\u6cf0\u6700\u7ec8logo-\u6700\u7ec8\u7248\u5f69\u8272.png\",\"contentUrl\":\"https:\/\/bdpnt.com\/wp-content\/uploads\/2025\/04\/\u5317\u6597\u90a6\u6cf0\u6700\u7ec8logo-\u6700\u7ec8\u7248\u5f69\u8272.png\",\"width\":234,\"height\":76,\"caption\":\"\u5317\u6597\u90a6\u6cf0\u5b98\u7f51\"},\"image\":{\"@id\":\"https:\/\/www.bdpnt.com\/#\/schema\/logo\/image\/\"}}]}<\/script>\n<!-- \/ Yoast SEO plugin. -->","yoast_head_json":{"title":"FT91 Hochleistungs-Frequenzstabilit\u00e4tspr\u00fcfger\u00e4t - Beidou Bangtai Official Website","robots":{"index":"index","follow":"follow","max-snippet":"max-snippet:-1","max-image-preview":"max-image-preview:large","max-video-preview":"max-video-preview:-1"},"canonical":"https:\/\/www.bdpnt.com\/fr\/produit\/ft91-testeur-de-stabilite-de-frequence-haute-performance-2\/","og_locale":"de_DE","og_type":"article","og_title":"FT91 \u9ad8\u6027\u80fd\u9891\u7a33\u6d4b\u8bd5\u4eea - \u5317\u6597\u90a6\u6cf0\u5b98\u7f51","og_description":"FT91 \u662f\u4e00\u6b3e\u4e13\u4e3a\u9ad8\u6027\u80fd\u539f\u5b50\u949f\u6d4b\u8bd5\u8bbe\u8ba1\u7684\u9891\u7387\u6bd4\u5bf9\u5668\uff0c\u652f\u63011\u201330MHz\u4efb\u610f\u9891\u70b9\u6d4b\u91cf\uff0c\u572810MHz\u65f6\u9644\u52a0\u7a33\u5b9a\u5ea6\u9ad8\u8fbe1.2\u00d710\u207b\u00b9\u00b3\uff0c\u5185\u7f6e\u7279\u79cd\u65f6\u949f\u786e\u4fdd\u9891\u5dee\u6761\u4ef6\u4e0b\u6d4b\u91cf\u51c6\u786e\u3002\u5e7f\u6cdb\u9002\u7528\u4e8e\u8ba1\u91cf\u3001\u79d1\u7814\u3001\u6676\u4f53\u5236\u9020\u53ca\u65f6\u9891\u76f8\u5173\u5355\u4f4d\u3002","og_url":"https:\/\/www.bdpnt.com\/fr\/produit\/ft91-testeur-de-stabilite-de-frequence-haute-performance-2\/","og_site_name":"\u5317\u6597\u90a6\u6cf0\u5b98\u7f51","article_modified_time":"2026-03-18T06:29:26+00:00","og_image":[{"width":960,"height":480,"url":"https:\/\/www.bdpnt.com\/wp-content\/uploads\/2025\/07\/\u84dd\u8272\u4ea7\u54c1\u80cc\u666f\u6a21\u7248-7.png","type":"image\/png"}],"twitter_card":"summary_large_image","twitter_misc":{"Gesch\u00e4tzte Lesezeit":"1 Minute"},"schema":{"@context":"https:\/\/schema.org","@graph":[{"@type":"WebPage","@id":"https:\/\/www.bdpnt.com\/fr\/produit\/ft91-testeur-de-stabilite-de-frequence-haute-performance-2\/","url":"https:\/\/www.bdpnt.com\/fr\/produit\/ft91-testeur-de-stabilite-de-frequence-haute-performance-2\/","name":"FT91 Hochleistungs-Frequenzstabilit\u00e4tspr\u00fcfger\u00e4t - Beidou Bangtai Official Website","isPartOf":{"@id":"https:\/\/www.bdpnt.com\/#website"},"primaryImageOfPage":{"@id":"https:\/\/www.bdpnt.com\/fr\/produit\/ft91-testeur-de-stabilite-de-frequence-haute-performance-2\/#primaryimage"},"image":{"@id":"https:\/\/www.bdpnt.com\/fr\/produit\/ft91-testeur-de-stabilite-de-frequence-haute-performance-2\/#primaryimage"},"thumbnailUrl":"https:\/\/bdpnt.com\/wp-content\/uploads\/2025\/07\/\u84dd\u8272\u4ea7\u54c1\u80cc\u666f\u6a21\u7248-7.png","datePublished":"2025-07-18T08:24:34+00:00","dateModified":"2026-03-18T06:29:26+00:00","breadcrumb":{"@id":"https:\/\/www.bdpnt.com\/fr\/produit\/ft91-testeur-de-stabilite-de-frequence-haute-performance-2\/#breadcrumb"},"inLanguage":"de-AT","potentialAction":[{"@type":"ReadAction","target":["https:\/\/www.bdpnt.com\/fr\/produit\/ft91-testeur-de-stabilite-de-frequence-haute-performance-2\/"]}]},{"@type":"ImageObject","inLanguage":"de-AT","@id":"https:\/\/www.bdpnt.com\/fr\/produit\/ft91-testeur-de-stabilite-de-frequence-haute-performance-2\/#primaryimage","url":"https:\/\/bdpnt.com\/wp-content\/uploads\/2025\/07\/\u84dd\u8272\u4ea7\u54c1\u80cc\u666f\u6a21\u7248-7.png","contentUrl":"https:\/\/bdpnt.com\/wp-content\/uploads\/2025\/07\/\u84dd\u8272\u4ea7\u54c1\u80cc\u666f\u6a21\u7248-7.png","width":960,"height":480},{"@type":"BreadcrumbList","@id":"https:\/\/www.bdpnt.com\/fr\/produit\/ft91-testeur-de-stabilite-de-frequence-haute-performance-2\/#breadcrumb","itemListElement":[{"@type":"ListItem","position":1,"name":"\u9996\u9875","item":"https:\/\/www.bdpnt.com\/"},{"@type":"ListItem","position":2,"name":"Shop","item":"https:\/\/www.bdpnt.com\/shop\/"},{"@type":"ListItem","position":3,"name":"\u4ea7\u54c1","item":"https:\/\/www.bdpnt.com\/product-category\/products\/"},{"@type":"ListItem","position":4,"name":"\u6d4b\u8bd5\u4eea","item":"https:\/\/www.bdpnt.com\/product-category\/products\/testers\/"},{"@type":"ListItem","position":5,"name":"\u9891\u7a33\u6d4b\u8bd5\u4eea","item":"https:\/\/www.bdpnt.com\/fr\/categorie-produit\/produits\/testeurs\/testeur-de-stabilite-de-frequence\/"},{"@type":"ListItem","position":6,"name":"FT91 \u9ad8\u6027\u80fd\u9891\u7a33\u6d4b\u8bd5\u4eea"}]},{"@type":"WebSite","@id":"https:\/\/www.bdpnt.com\/#website","url":"https:\/\/www.bdpnt.com\/","name":"Beidoubangtai Offizielle Website","description":"bdstar time website","publisher":{"@id":"https:\/\/www.bdpnt.com\/#organization"},"alternateName":"BDSTAR TIME","potentialAction":[{"@type":"SearchAction","target":{"@type":"EntryPoint","urlTemplate":"https:\/\/www.bdpnt.com\/?s={search_term_string}"},"query-input":{"@type":"PropertyValueSpecification","valueRequired":true,"valueName":"search_term_string"}}],"inLanguage":"de-AT"},{"@type":"Organization","@id":"https:\/\/www.bdpnt.com\/#organization","name":"Beidoubangtai Offizielle Website","alternateName":"BDSTAR TIME","url":"https:\/\/www.bdpnt.com\/","logo":{"@type":"ImageObject","inLanguage":"de-AT","@id":"https:\/\/www.bdpnt.com\/#\/schema\/logo\/image\/","url":"https:\/\/bdpnt.com\/wp-content\/uploads\/2025\/04\/\u5317\u6597\u90a6\u6cf0\u6700\u7ec8logo-\u6700\u7ec8\u7248\u5f69\u8272.png","contentUrl":"https:\/\/bdpnt.com\/wp-content\/uploads\/2025\/04\/\u5317\u6597\u90a6\u6cf0\u6700\u7ec8logo-\u6700\u7ec8\u7248\u5f69\u8272.png","width":234,"height":76,"caption":"\u5317\u6597\u90a6\u6cf0\u5b98\u7f51"},"image":{"@id":"https:\/\/www.bdpnt.com\/#\/schema\/logo\/image\/"}}]}},"_links":{"self":[{"href":"https:\/\/bdpnt.com\/de\/wp-json\/wp\/v2\/product\/4872","targetHints":{"allow":["GET"]}}],"collection":[{"href":"https:\/\/bdpnt.com\/de\/wp-json\/wp\/v2\/product"}],"about":[{"href":"https:\/\/bdpnt.com\/de\/wp-json\/wp\/v2\/types\/product"}],"version-history":[{"count":5,"href":"https:\/\/bdpnt.com\/de\/wp-json\/wp\/v2\/product\/4872\/revisions"}],"predecessor-version":[{"id":17925,"href":"https:\/\/bdpnt.com\/de\/wp-json\/wp\/v2\/product\/4872\/revisions\/17925"}],"wp:featuredmedia":[{"embeddable":true,"href":"https:\/\/bdpnt.com\/de\/wp-json\/wp\/v2\/media\/4873"}],"wp:attachment":[{"href":"https:\/\/bdpnt.com\/de\/wp-json\/wp\/v2\/media?parent=4872"}],"wp:term":[{"taxonomy":"product_brand","embeddable":true,"href":"https:\/\/bdpnt.com\/de\/wp-json\/wp\/v2\/product_brand?post=4872"},{"taxonomy":"product_cat","embeddable":true,"href":"https:\/\/bdpnt.com\/de\/wp-json\/wp\/v2\/product_cat?post=4872"},{"taxonomy":"product_tag","embeddable":true,"href":"https:\/\/bdpnt.com\/de\/wp-json\/wp\/v2\/product_tag?post=4872"}],"curies":[{"name":"wp","href":"https:\/\/api.w.org\/{rel}","templated":true}]}}