{"id":4860,"date":"2025-07-18T15:26:03","date_gmt":"2025-07-18T07:26:03","guid":{"rendered":"https:\/\/bdstarpnt.com\/?post_type=product&#038;p=4860"},"modified":"2026-03-18T14:29:52","modified_gmt":"2026-03-18T06:29:52","slug":"ploa260analoger-phasenstarrender-temperaturgesteuerter-quarzoszillator","status":"publish","type":"product","link":"https:\/\/bdpnt.com\/de\/product\/ploa260analoger-phasenstarrender-temperaturgesteuerter-quarzoszillator\/","title":{"rendered":"PLOA260 Analoger phasenstarrender thermostatischer Oszillator"},"content":{"rendered":"<p>PLOA260 \u662f\u4e00\u6b3e\u4f4e\u566a\u58f0\u6a21\u62df\u9501\u76f8\u632f\u8361\u5668\uff0c\u5b83\u57fa\u4e8e\u5317\u6597\u90a6\u6cf0\u6807\u51c6\u5916\u5f62\u8bbe\u8ba1\uff0c\u5185\u90e8\u96c6\u6210\u4e861 \u9897\u9ad8\u6027\u80fd\u6052\u6e29\u6676\u632f\u30011 \u4e2a\u6570\u5b57\u9501\u76f8\u73af\u548c3 \u8def\u9694\u79bb\u653e\u5927\u5668\uff0c\u8fd8\u53ef\u5b9a\u52361 \u8def\u4f4e\u76f8\u566a5MHz \u5206\u9891\u8f93\u51fa\uff0c\u9501\u5b9a\u5e26\u5bbd\u7ea65Hz\uff0c1Hz \u76f8\u566a\u548c1s \u7a33\u5b9a\u5ea6\u8ddf\u968f\u6807\u51c6\u3002\u800c\u8fdc\u7aef\u566a\u58f0\u7531\u672c\u5730\u4f4e\u566a\u58f0\u6676\u4f53\u632f\u8361\u5668\u51b3\u5b9a\uff0cPLOA260 \u53ef\u7528\u4e8e\u4f18\u5316\u5b88\u65f6\u949f\u623f\u76f8\u4f4d\u5fae\u8dc3\u5668\u7684\u8f93\u51fa\u566a\u58f0\uff0c\u9002\u7528\u4e8e\u63a5\u5728\u6c22\u949f\u949f\u7ec4\u76f8\u4f4d\u5fae\u8dc3\u5668\u540e\uff0c\u53ef\u63d0\u5347\u76f8\u4f4d\u566a\u58f0\u6027\u80fd\u7684\u540c\u65f6\u4fdd\u6301\u6c22\u949f\u79d2\u7a33\u3002<\/p>","protected":false},"excerpt":{"rendered":"<p>PLOA260 ist ein rauscharmer analoger phasenstarrender Oszillator mit Beidou-Bontec-Standardformfaktor, integriertem thermostatischem Hochleistungsquarz, digitalem Phasenregelkreis und drei Isolationsverst\u00e4rkern. Er kann mit einem rauscharmen 5-MHz-Ausgang mit einer gesperrten Bandbreite von etwa 5 Hz kundenspezifisch angepasst werden. 1-Hz-Phasenrauschen und 1s-Frequenzstabilit\u00e4t sind auf die Eing\u00e4nge referenziert, und das Fernrauschen wird durch den lokalen Quarz bestimmt, wodurch er sich f\u00fcr den Einsatz im Back-End des Hydrogen-Clock-Phasentrimmers eignet und eine Verbesserung des Phasenrauschens bei gleichzeitiger Beibehaltung der Second-Level-Stabilit\u00e4t der Hydrogen Clock erm\u00f6glicht. Das 1Hz-Phasenrauschen und die 1s-Frequenzstabilit\u00e4t folgen der Eingangsreferenz und werden durch den lokalen Quarz bestimmt.<\/p>","protected":false},"featured_media":4870,"template":"","meta":{"_acf_changed":false,"site-sidebar-layout":"default","site-content-layout":"","ast-site-content-layout":"default","site-content-style":"default","site-sidebar-style":"default","ast-global-header-display":"","ast-banner-title-visibility":"","ast-main-header-display":"","ast-hfb-above-header-display":"","ast-hfb-below-header-display":"","ast-hfb-mobile-header-display":"","site-post-title":"","ast-breadcrumbs-content":"","ast-featured-img":"","footer-sml-layout":"","theme-transparent-header-meta":"default","adv-header-id-meta":"","stick-header-meta":"default","header-above-stick-meta":"","header-main-stick-meta":"","header-below-stick-meta":"","astra-migrate-meta-layouts":"set","ast-page-background-enabled":"default","ast-page-background-meta":{"desktop":{"background-color":"var(--ast-global-color-4)","background-image":"","background-repeat":"repeat","background-position":"center center","background-size":"auto","background-attachment":"scroll","background-type":"","background-media":"","overlay-type":"","overlay-color":"","overlay-opacity":"","overlay-gradient":""},"tablet":{"background-color":"","background-image":"","background-repeat":"repeat","background-position":"center center","background-size":"auto","background-attachment":"scroll","background-type":"","background-media":"","overlay-type":"","overlay-color":"","overlay-opacity":"","overlay-gradient":""},"mobile":{"background-color":"","background-image":"","background-repeat":"repeat","background-position":"center center","background-size":"auto","background-attachment":"scroll","background-type":"","background-media":"","overlay-type":"","overlay-color":"","overlay-opacity":"","overlay-gradient":""}},"ast-content-background-meta":{"desktop":{"background-color":"var(--ast-global-color-5)","background-image":"","background-repeat":"repeat","background-position":"center center","background-size":"auto","background-attachment":"scroll","background-type":"","background-media":"","overlay-type":"","overlay-color":"","overlay-opacity":"","overlay-gradient":""},"tablet":{"background-color":"var(--ast-global-color-5)","background-image":"","background-repeat":"repeat","background-position":"center center","background-size":"auto","background-attachment":"scroll","background-type":"","background-media":"","overlay-type":"","overlay-color":"","overlay-opacity":"","overlay-gradient":""},"mobile":{"background-color":"var(--ast-global-color-5)","background-image":"","background-repeat":"repeat","background-position":"center center","background-size":"auto","background-attachment":"scroll","background-type":"","background-media":"","overlay-type":"","overlay-color":"","overlay-opacity":"","overlay-gradient":""}}},"product_brand":[],"product_cat":[48],"product_tag":[],"class_list":{"0":"post-4860","1":"product","2":"type-product","3":"status-publish","4":"has-post-thumbnail","6":"product_cat-48","7":"pa_-197","8":"pa_--237","9":"pa_--0-c--70-c","10":"pa_--40c--85c","11":"pa_-military-aviation","12":"pa_-metrology-and-testing","13":"pa_---160dbc-hz1khz","14":"pa_---165dbc-hz1khz","15":"pa_-224","16":"pa_-10mhz-sine-wave-square-wave-output","17":"pa_-5-mhz","18":"pa_-dc-12v","19":"pa_-dc-15v","20":"desktop-align-left","21":"tablet-align-left","22":"mobile-align-left","23":"ast-product-gallery-layout-first-image-large","24":"ast-product-gallery-with-no-image","25":"ast-product-tabs-layout-horizontal","27":"first","28":"instock","29":"shipping-taxable","30":"product-type-simple"},"acf":[],"yoast_head":"<!-- This site is optimized with the Yoast SEO plugin v26.0 - https:\/\/yoast.com\/wordpress\/plugins\/seo\/ -->\n<title>PLOA260\u6a21\u62df\u9501\u76f8\u6052\u6e29\u632f\u8361\u5668 - \u5317\u6597\u90a6\u6cf0\u5b98\u7f51<\/title>\n<meta name=\"robots\" content=\"index, follow, max-snippet:-1, max-image-preview:large, max-video-preview:-1\" \/>\n<link rel=\"canonical\" href=\"https:\/\/www.bdpnt.com\/en\/product\/ploa260analog-phase-locked-temperature-controlled-crystal-oscillator\/\" \/>\n<meta property=\"og:locale\" content=\"de_DE\" \/>\n<meta property=\"og:type\" content=\"article\" \/>\n<meta property=\"og:title\" content=\"PLOA260\u6a21\u62df\u9501\u76f8\u6052\u6e29\u632f\u8361\u5668 - \u5317\u6597\u90a6\u6cf0\u5b98\u7f51\" \/>\n<meta property=\"og:description\" content=\"PLOA260 \u662f\u4e00\u6b3e\u4f4e\u566a\u58f0\u6a21\u62df\u9501\u76f8\u632f\u8361\u5668\uff0c\u91c7\u7528\u5317\u6597\u90a6\u6cf0\u6807\u51c6\u5916\u5f62\uff0c\u96c6\u6210\u9ad8\u6027\u80fd\u6052\u6e29\u6676\u632f\u3001\u6570\u5b57\u9501\u76f8\u73af\u548c\u4e09\u8def\u9694\u79bb\u653e\u5927\u5668\uff0c\u53ef\u5b9a\u52361\u8def\u4f4e\u76f8\u566a5MHz\u8f93\u51fa\uff0c\u9501\u5b9a\u5e26\u5bbd\u7ea65Hz\u3002\u51761Hz\u76f8\u4f4d\u566a\u58f0\u548c1s\u9891\u7a33\u968f\u8f93\u5165\u53c2\u8003\uff0c\u8fdc\u7aef\u566a\u58f0\u7531\u672c\u5730\u6676\u632f\u51b3\u5b9a\uff0c\u9002\u7528\u4e8e\u6c22\u949f\u76f8\u4f4d\u5fae\u8dc3\u5668\u540e\u7aef\uff0c\u53ef\u5728\u63d0\u5347\u76f8\u4f4d\u566a\u58f0\u6027\u80fd\u7684\u540c\u65f6\u4fdd\u6301\u6c22\u949f\u7684\u79d2\u7ea7\u7a33\u5b9a\u5ea6\u3002\" \/>\n<meta property=\"og:url\" content=\"https:\/\/www.bdpnt.com\/en\/product\/ploa260analog-phase-locked-temperature-controlled-crystal-oscillator\/\" \/>\n<meta property=\"og:site_name\" content=\"\u5317\u6597\u90a6\u6cf0\u5b98\u7f51\" \/>\n<meta property=\"article:modified_time\" content=\"2026-03-18T06:29:52+00:00\" \/>\n<meta property=\"og:image\" content=\"https:\/\/www.bdpnt.com\/wp-content\/uploads\/2025\/07\/\u84dd\u8272\u4ea7\u54c1\u80cc\u666f\u6a21\u72482.png\" \/>\n\t<meta property=\"og:image:width\" content=\"960\" \/>\n\t<meta property=\"og:image:height\" content=\"480\" \/>\n\t<meta property=\"og:image:type\" content=\"image\/png\" \/>\n<meta name=\"twitter:card\" content=\"summary_large_image\" \/>\n<meta name=\"twitter:label1\" content=\"Gesch\u00e4tzte Lesezeit\" \/>\n\t<meta name=\"twitter:data1\" content=\"1 Minute\" \/>\n<script type=\"application\/ld+json\" class=\"yoast-schema-graph\">{\"@context\":\"https:\/\/schema.org\",\"@graph\":[{\"@type\":\"WebPage\",\"@id\":\"https:\/\/www.bdpnt.com\/en\/product\/ploa260analog-phase-locked-temperature-controlled-crystal-oscillator\/\",\"url\":\"https:\/\/www.bdpnt.com\/en\/product\/ploa260analog-phase-locked-temperature-controlled-crystal-oscillator\/\",\"name\":\"PLOA260\u6a21\u62df\u9501\u76f8\u6052\u6e29\u632f\u8361\u5668 - \u5317\u6597\u90a6\u6cf0\u5b98\u7f51\",\"isPartOf\":{\"@id\":\"https:\/\/www.bdpnt.com\/#website\"},\"primaryImageOfPage\":{\"@id\":\"https:\/\/www.bdpnt.com\/en\/product\/ploa260analog-phase-locked-temperature-controlled-crystal-oscillator\/#primaryimage\"},\"image\":{\"@id\":\"https:\/\/www.bdpnt.com\/en\/product\/ploa260analog-phase-locked-temperature-controlled-crystal-oscillator\/#primaryimage\"},\"thumbnailUrl\":\"https:\/\/bdpnt.com\/wp-content\/uploads\/2025\/07\/\u84dd\u8272\u4ea7\u54c1\u80cc\u666f\u6a21\u72482.png\",\"datePublished\":\"2025-07-18T07:26:03+00:00\",\"dateModified\":\"2026-03-18T06:29:52+00:00\",\"breadcrumb\":{\"@id\":\"https:\/\/www.bdpnt.com\/en\/product\/ploa260analog-phase-locked-temperature-controlled-crystal-oscillator\/#breadcrumb\"},\"inLanguage\":\"de-AT\",\"potentialAction\":[{\"@type\":\"ReadAction\",\"target\":[\"https:\/\/www.bdpnt.com\/en\/product\/ploa260analog-phase-locked-temperature-controlled-crystal-oscillator\/\"]}]},{\"@type\":\"ImageObject\",\"inLanguage\":\"de-AT\",\"@id\":\"https:\/\/www.bdpnt.com\/en\/product\/ploa260analog-phase-locked-temperature-controlled-crystal-oscillator\/#primaryimage\",\"url\":\"https:\/\/bdpnt.com\/wp-content\/uploads\/2025\/07\/\u84dd\u8272\u4ea7\u54c1\u80cc\u666f\u6a21\u72482.png\",\"contentUrl\":\"https:\/\/bdpnt.com\/wp-content\/uploads\/2025\/07\/\u84dd\u8272\u4ea7\u54c1\u80cc\u666f\u6a21\u72482.png\",\"width\":960,\"height\":480},{\"@type\":\"BreadcrumbList\",\"@id\":\"https:\/\/www.bdpnt.com\/en\/product\/ploa260analog-phase-locked-temperature-controlled-crystal-oscillator\/#breadcrumb\",\"itemListElement\":[{\"@type\":\"ListItem\",\"position\":1,\"name\":\"\u9996\u9875\",\"item\":\"https:\/\/www.bdpnt.com\/\"},{\"@type\":\"ListItem\",\"position\":2,\"name\":\"Shop\",\"item\":\"https:\/\/www.bdpnt.com\/shop\/\"},{\"@type\":\"ListItem\",\"position\":3,\"name\":\"\u4ea7\u54c1\",\"item\":\"https:\/\/www.bdpnt.com\/product-category\/products\/\"},{\"@type\":\"ListItem\",\"position\":4,\"name\":\"\u65f6\u95f4\u4e0e\u9891\u7387\u57fa\u51c6\u8bbe\u5907\",\"item\":\"https:\/\/www.bdpnt.com\/product-category\/products\/time-trequency-primary-standard\/\"},{\"@type\":\"ListItem\",\"position\":5,\"name\":\"\u8d85\u9ad8\u7a33\u6676\u632f\",\"item\":\"https:\/\/bdpnt.com\/fr\/categorie-produit\/produits\/temps-frequence-norme-primaire\/cristaux-a-tres-haute-stabilite\/\"},{\"@type\":\"ListItem\",\"position\":6,\"name\":\"PLOA260\u6a21\u62df\u9501\u76f8\u6052\u6e29\u632f\u8361\u5668\"}]},{\"@type\":\"WebSite\",\"@id\":\"https:\/\/www.bdpnt.com\/#website\",\"url\":\"https:\/\/www.bdpnt.com\/\",\"name\":\"\u5317\u6597\u90a6\u6cf0\u5b98\u7f51\",\"description\":\"bdstar time website\",\"publisher\":{\"@id\":\"https:\/\/www.bdpnt.com\/#organization\"},\"alternateName\":\"BDSTAR TIME\",\"potentialAction\":[{\"@type\":\"SearchAction\",\"target\":{\"@type\":\"EntryPoint\",\"urlTemplate\":\"https:\/\/www.bdpnt.com\/?s={search_term_string}\"},\"query-input\":{\"@type\":\"PropertyValueSpecification\",\"valueRequired\":true,\"valueName\":\"search_term_string\"}}],\"inLanguage\":\"de-AT\"},{\"@type\":\"Organization\",\"@id\":\"https:\/\/www.bdpnt.com\/#organization\",\"name\":\"\u5317\u6597\u90a6\u6cf0\u5b98\u7f51\",\"alternateName\":\"BDSTAR TIME\",\"url\":\"https:\/\/www.bdpnt.com\/\",\"logo\":{\"@type\":\"ImageObject\",\"inLanguage\":\"de-AT\",\"@id\":\"https:\/\/www.bdpnt.com\/#\/schema\/logo\/image\/\",\"url\":\"https:\/\/bdpnt.com\/wp-content\/uploads\/2025\/04\/\u5317\u6597\u90a6\u6cf0\u6700\u7ec8logo-\u6700\u7ec8\u7248\u5f69\u8272.png\",\"contentUrl\":\"https:\/\/bdpnt.com\/wp-content\/uploads\/2025\/04\/\u5317\u6597\u90a6\u6cf0\u6700\u7ec8logo-\u6700\u7ec8\u7248\u5f69\u8272.png\",\"width\":234,\"height\":76,\"caption\":\"\u5317\u6597\u90a6\u6cf0\u5b98\u7f51\"},\"image\":{\"@id\":\"https:\/\/www.bdpnt.com\/#\/schema\/logo\/image\/\"}}]}<\/script>\n<!-- \/ Yoast SEO plugin. -->","yoast_head_json":{"title":"PLOA260 Analoger phasenstarrender thermostatischer Oszillator - Beidoubangtai.de","robots":{"index":"index","follow":"follow","max-snippet":"max-snippet:-1","max-image-preview":"max-image-preview:large","max-video-preview":"max-video-preview:-1"},"canonical":"https:\/\/www.bdpnt.com\/en\/product\/ploa260analog-phase-locked-temperature-controlled-crystal-oscillator\/","og_locale":"de_DE","og_type":"article","og_title":"PLOA260\u6a21\u62df\u9501\u76f8\u6052\u6e29\u632f\u8361\u5668 - \u5317\u6597\u90a6\u6cf0\u5b98\u7f51","og_description":"PLOA260 \u662f\u4e00\u6b3e\u4f4e\u566a\u58f0\u6a21\u62df\u9501\u76f8\u632f\u8361\u5668\uff0c\u91c7\u7528\u5317\u6597\u90a6\u6cf0\u6807\u51c6\u5916\u5f62\uff0c\u96c6\u6210\u9ad8\u6027\u80fd\u6052\u6e29\u6676\u632f\u3001\u6570\u5b57\u9501\u76f8\u73af\u548c\u4e09\u8def\u9694\u79bb\u653e\u5927\u5668\uff0c\u53ef\u5b9a\u52361\u8def\u4f4e\u76f8\u566a5MHz\u8f93\u51fa\uff0c\u9501\u5b9a\u5e26\u5bbd\u7ea65Hz\u3002\u51761Hz\u76f8\u4f4d\u566a\u58f0\u548c1s\u9891\u7a33\u968f\u8f93\u5165\u53c2\u8003\uff0c\u8fdc\u7aef\u566a\u58f0\u7531\u672c\u5730\u6676\u632f\u51b3\u5b9a\uff0c\u9002\u7528\u4e8e\u6c22\u949f\u76f8\u4f4d\u5fae\u8dc3\u5668\u540e\u7aef\uff0c\u53ef\u5728\u63d0\u5347\u76f8\u4f4d\u566a\u58f0\u6027\u80fd\u7684\u540c\u65f6\u4fdd\u6301\u6c22\u949f\u7684\u79d2\u7ea7\u7a33\u5b9a\u5ea6\u3002","og_url":"https:\/\/www.bdpnt.com\/en\/product\/ploa260analog-phase-locked-temperature-controlled-crystal-oscillator\/","og_site_name":"\u5317\u6597\u90a6\u6cf0\u5b98\u7f51","article_modified_time":"2026-03-18T06:29:52+00:00","og_image":[{"width":960,"height":480,"url":"https:\/\/www.bdpnt.com\/wp-content\/uploads\/2025\/07\/\u84dd\u8272\u4ea7\u54c1\u80cc\u666f\u6a21\u72482.png","type":"image\/png"}],"twitter_card":"summary_large_image","twitter_misc":{"Gesch\u00e4tzte Lesezeit":"1 Minute"},"schema":{"@context":"https:\/\/schema.org","@graph":[{"@type":"WebPage","@id":"https:\/\/www.bdpnt.com\/en\/product\/ploa260analog-phase-locked-temperature-controlled-crystal-oscillator\/","url":"https:\/\/www.bdpnt.com\/en\/product\/ploa260analog-phase-locked-temperature-controlled-crystal-oscillator\/","name":"PLOA260 Analoger phasenstarrender thermostatischer Oszillator - Beidoubangtai.de","isPartOf":{"@id":"https:\/\/www.bdpnt.com\/#website"},"primaryImageOfPage":{"@id":"https:\/\/www.bdpnt.com\/en\/product\/ploa260analog-phase-locked-temperature-controlled-crystal-oscillator\/#primaryimage"},"image":{"@id":"https:\/\/www.bdpnt.com\/en\/product\/ploa260analog-phase-locked-temperature-controlled-crystal-oscillator\/#primaryimage"},"thumbnailUrl":"https:\/\/bdpnt.com\/wp-content\/uploads\/2025\/07\/\u84dd\u8272\u4ea7\u54c1\u80cc\u666f\u6a21\u72482.png","datePublished":"2025-07-18T07:26:03+00:00","dateModified":"2026-03-18T06:29:52+00:00","breadcrumb":{"@id":"https:\/\/www.bdpnt.com\/en\/product\/ploa260analog-phase-locked-temperature-controlled-crystal-oscillator\/#breadcrumb"},"inLanguage":"de-AT","potentialAction":[{"@type":"ReadAction","target":["https:\/\/www.bdpnt.com\/en\/product\/ploa260analog-phase-locked-temperature-controlled-crystal-oscillator\/"]}]},{"@type":"ImageObject","inLanguage":"de-AT","@id":"https:\/\/www.bdpnt.com\/en\/product\/ploa260analog-phase-locked-temperature-controlled-crystal-oscillator\/#primaryimage","url":"https:\/\/bdpnt.com\/wp-content\/uploads\/2025\/07\/\u84dd\u8272\u4ea7\u54c1\u80cc\u666f\u6a21\u72482.png","contentUrl":"https:\/\/bdpnt.com\/wp-content\/uploads\/2025\/07\/\u84dd\u8272\u4ea7\u54c1\u80cc\u666f\u6a21\u72482.png","width":960,"height":480},{"@type":"BreadcrumbList","@id":"https:\/\/www.bdpnt.com\/en\/product\/ploa260analog-phase-locked-temperature-controlled-crystal-oscillator\/#breadcrumb","itemListElement":[{"@type":"ListItem","position":1,"name":"\u9996\u9875","item":"https:\/\/www.bdpnt.com\/"},{"@type":"ListItem","position":2,"name":"Shop","item":"https:\/\/www.bdpnt.com\/shop\/"},{"@type":"ListItem","position":3,"name":"\u4ea7\u54c1","item":"https:\/\/www.bdpnt.com\/product-category\/products\/"},{"@type":"ListItem","position":4,"name":"\u65f6\u95f4\u4e0e\u9891\u7387\u57fa\u51c6\u8bbe\u5907","item":"https:\/\/www.bdpnt.com\/product-category\/products\/time-trequency-primary-standard\/"},{"@type":"ListItem","position":5,"name":"\u8d85\u9ad8\u7a33\u6676\u632f","item":"https:\/\/bdpnt.com\/fr\/categorie-produit\/produits\/temps-frequence-norme-primaire\/cristaux-a-tres-haute-stabilite\/"},{"@type":"ListItem","position":6,"name":"PLOA260\u6a21\u62df\u9501\u76f8\u6052\u6e29\u632f\u8361\u5668"}]},{"@type":"WebSite","@id":"https:\/\/www.bdpnt.com\/#website","url":"https:\/\/www.bdpnt.com\/","name":"Beidoubangtai Offizielle Website","description":"bdstar time website","publisher":{"@id":"https:\/\/www.bdpnt.com\/#organization"},"alternateName":"BDSTAR TIME","potentialAction":[{"@type":"SearchAction","target":{"@type":"EntryPoint","urlTemplate":"https:\/\/www.bdpnt.com\/?s={search_term_string}"},"query-input":{"@type":"PropertyValueSpecification","valueRequired":true,"valueName":"search_term_string"}}],"inLanguage":"de-AT"},{"@type":"Organization","@id":"https:\/\/www.bdpnt.com\/#organization","name":"Beidoubangtai Offizielle Website","alternateName":"BDSTAR TIME","url":"https:\/\/www.bdpnt.com\/","logo":{"@type":"ImageObject","inLanguage":"de-AT","@id":"https:\/\/www.bdpnt.com\/#\/schema\/logo\/image\/","url":"https:\/\/bdpnt.com\/wp-content\/uploads\/2025\/04\/\u5317\u6597\u90a6\u6cf0\u6700\u7ec8logo-\u6700\u7ec8\u7248\u5f69\u8272.png","contentUrl":"https:\/\/bdpnt.com\/wp-content\/uploads\/2025\/04\/\u5317\u6597\u90a6\u6cf0\u6700\u7ec8logo-\u6700\u7ec8\u7248\u5f69\u8272.png","width":234,"height":76,"caption":"\u5317\u6597\u90a6\u6cf0\u5b98\u7f51"},"image":{"@id":"https:\/\/www.bdpnt.com\/#\/schema\/logo\/image\/"}}]}},"_links":{"self":[{"href":"https:\/\/bdpnt.com\/de\/wp-json\/wp\/v2\/product\/4860","targetHints":{"allow":["GET"]}}],"collection":[{"href":"https:\/\/bdpnt.com\/de\/wp-json\/wp\/v2\/product"}],"about":[{"href":"https:\/\/bdpnt.com\/de\/wp-json\/wp\/v2\/types\/product"}],"version-history":[{"count":8,"href":"https:\/\/bdpnt.com\/de\/wp-json\/wp\/v2\/product\/4860\/revisions"}],"predecessor-version":[{"id":17865,"href":"https:\/\/bdpnt.com\/de\/wp-json\/wp\/v2\/product\/4860\/revisions\/17865"}],"wp:featuredmedia":[{"embeddable":true,"href":"https:\/\/bdpnt.com\/de\/wp-json\/wp\/v2\/media\/4870"}],"wp:attachment":[{"href":"https:\/\/bdpnt.com\/de\/wp-json\/wp\/v2\/media?parent=4860"}],"wp:term":[{"taxonomy":"product_brand","embeddable":true,"href":"https:\/\/bdpnt.com\/de\/wp-json\/wp\/v2\/product_brand?post=4860"},{"taxonomy":"product_cat","embeddable":true,"href":"https:\/\/bdpnt.com\/de\/wp-json\/wp\/v2\/product_cat?post=4860"},{"taxonomy":"product_tag","embeddable":true,"href":"https:\/\/bdpnt.com\/de\/wp-json\/wp\/v2\/product_tag?post=4860"}],"curies":[{"name":"wp","href":"https:\/\/api.w.org\/{rel}","templated":true}]}}