{"id":4729,"date":"2025-07-17T14:02:56","date_gmt":"2025-07-17T06:02:56","guid":{"rendered":"https:\/\/bdstarpnt.com\/?post_type=product&#038;p=4729"},"modified":"2026-03-18T14:31:21","modified_gmt":"2026-03-18T06:31:21","slug":"tfd10-5-frequenzteiler-mit-geringem-phasenrauschen","status":"publish","type":"product","link":"http:\/\/bdpnt.com\/de\/product\/tfd10-5-frequenzteiler-mit-geringem-phasenrauschen\/","title":{"rendered":"TFD10-5 Teiler mit geringem Phasenrauschen"},"content":{"rendered":"<p>Der rauscharme Teiler TFD10-5 ist ein extrem rauscharmer Phasenteiler mit einem einzigartigen eingebauten Frequenzteiler und rauscharmen Signalsplitter, der \u00fcber zwei Ausg\u00e4nge von je 5M und 1M verf\u00fcgt. Er eignet sich zum Teilen von 10MHz-Signalen wie Wasserstofftakten, C\u00e4siumtakten und anderen hochstabilen 10MHz-Signalen. Die Frequenzweiche \u00fcbernimmt das Standardgeh\u00e4use und die Schnittstelle von Beidou Bontec und kann auf verschiedene Weise installiert werden.<\/p>\n<p>Anwendungsbereiche: Radar, Kommunikation, Metrologie und Kalibrierung, Astronomie, elektronische Gegenma\u00dfnahmen sowie Messung und Steuerung in der Luft- und Raumfahrt.<\/p>","protected":false},"excerpt":{"rendered":"<p>Der rauscharme Frequenzteiler TFD10-5 ist ein Ger\u00e4t mit extrem geringem Phasenrauschen, einem eingebauten Hochleistungs-Frequenzteiler und einem rauscharmen Signalverteiler, der zwei Ausg\u00e4nge mit jeweils 5MHz und 1MHz bereitstellt. Er eignet sich f\u00fcr die Frequenzteilung von 10MHz-Signalen mit hoher Stabilit\u00e4t, wie z.B. Wasserstofftakt und C\u00e4siumtakt. Das Produkt \u00fcbernimmt das Standardpaket und die Schnittstelle von Beidou Bontec und unterst\u00fctzt eine Vielzahl von Installationsmethoden, die sich f\u00fcr Radar, Kommunikation, Messung und Kalibrierung, Astronomie, elektronische Gegenma\u00dfnahmen und Luft- und Raumfahrtmessung und -steuerung sowie andere Bereiche mit sehr hohen Anforderungen an die Signalqualit\u00e4t eignen.<\/p>","protected":false},"featured_media":4730,"template":"","meta":{"_acf_changed":false,"site-sidebar-layout":"default","site-content-layout":"","ast-site-content-layout":"default","site-content-style":"default","site-sidebar-style":"default","ast-global-header-display":"","ast-banner-title-visibility":"","ast-main-header-display":"","ast-hfb-above-header-display":"","ast-hfb-below-header-display":"","ast-hfb-mobile-header-display":"","site-post-title":"","ast-breadcrumbs-content":"","ast-featured-img":"","footer-sml-layout":"","theme-transparent-header-meta":"default","adv-header-id-meta":"","stick-header-meta":"default","header-above-stick-meta":"","header-main-stick-meta":"","header-below-stick-meta":"","astra-migrate-meta-layouts":"set","ast-page-background-enabled":"default","ast-page-background-meta":{"desktop":{"background-color":"var(--ast-global-color-4)","background-image":"","background-repeat":"repeat","background-position":"center center","background-size":"auto","background-attachment":"scroll","background-type":"","background-media":"","overlay-type":"","overlay-color":"","overlay-opacity":"","overlay-gradient":""},"tablet":{"background-color":"","background-image":"","background-repeat":"repeat","background-position":"center center","background-size":"auto","background-attachment":"scroll","background-type":"","background-media":"","overlay-type":"","overlay-color":"","overlay-opacity":"","overlay-gradient":""},"mobile":{"background-color":"","background-image":"","background-repeat":"repeat","background-position":"center center","background-size":"auto","background-attachment":"scroll","background-type":"","background-media":"","overlay-type":"","overlay-color":"","overlay-opacity":"","overlay-gradient":""}},"ast-content-background-meta":{"desktop":{"background-color":"var(--ast-global-color-5)","background-image":"","background-repeat":"repeat","background-position":"center center","background-size":"auto","background-attachment":"scroll","background-type":"","background-media":"","overlay-type":"","overlay-color":"","overlay-opacity":"","overlay-gradient":""},"tablet":{"background-color":"var(--ast-global-color-5)","background-image":"","background-repeat":"repeat","background-position":"center center","background-size":"auto","background-attachment":"scroll","background-type":"","background-media":"","overlay-type":"","overlay-color":"","overlay-opacity":"","overlay-gradient":""},"mobile":{"background-color":"var(--ast-global-color-5)","background-image":"","background-repeat":"repeat","background-position":"center center","background-size":"auto","background-attachment":"scroll","background-type":"","background-media":"","overlay-type":"","overlay-color":"","overlay-opacity":"","overlay-gradient":""}}},"product_brand":[],"product_cat":[52],"product_tag":[],"class_list":{"0":"post-4729","1":"product","2":"type-product","3":"status-publish","4":"has-post-thumbnail","6":"product_cat-52","7":"pa_-197","8":"pa_--237","9":"pa_--0-c--70-c","10":"pa_--40c--85c","11":"pa_-military-aviation","12":"pa_-metrology-and-testing","13":"pa_---165dbc-hz1khz","14":"pa_-224","15":"pa_-10mhz-sine-wave-square-wave-output","16":"pa_-5-mhz","17":"pa_-dc-12v","18":"pa_-dc-15v","19":"desktop-align-left","20":"tablet-align-left","21":"mobile-align-left","22":"ast-product-gallery-layout-first-image-large","23":"ast-product-gallery-with-no-image","24":"ast-product-tabs-layout-horizontal","26":"first","27":"instock","28":"shipping-taxable","29":"product-type-simple"},"acf":[],"yoast_head":"<!-- This site is optimized with the Yoast SEO plugin v26.0 - https:\/\/yoast.com\/wordpress\/plugins\/seo\/ -->\n<title>TFD10-5 \u4f4e\u76f8\u566a\u5206\u9891\u5668 - \u5317\u6597\u90a6\u6cf0\u5b98\u7f51<\/title>\n<meta name=\"robots\" content=\"index, follow, max-snippet:-1, max-image-preview:large, max-video-preview:-1\" \/>\n<link rel=\"canonical\" href=\"https:\/\/bdpnt.com\/de\/product\/tfd10-5-frequenzteiler-mit-geringem-phasenrauschen\/\" \/>\n<meta property=\"og:locale\" content=\"de_DE\" \/>\n<meta property=\"og:type\" content=\"article\" \/>\n<meta property=\"og:title\" content=\"TFD10-5 \u4f4e\u76f8\u566a\u5206\u9891\u5668 - \u5317\u6597\u90a6\u6cf0\u5b98\u7f51\" \/>\n<meta property=\"og:description\" content=\"TFD10-5 \u4f4e\u566a\u58f0\u5206\u9891\u5668\u662f\u4e00\u6b3e\u8d85\u4f4e\u76f8\u4f4d\u566a\u58f0\u8bbe\u5907\uff0c\u5185\u7f6e\u9ad8\u6027\u80fd\u5206\u9891\u5668\u4e0e\u4f4e\u566a\u58f0\u4fe1\u53f7\u5206\u914d\u5668\uff0c\u63d0\u4f9b 5MHz \u548c 1MHz \u5404\u4e24\u8def\u8f93\u51fa\uff0c\u9002\u7528\u4e8e\u6c22\u949f\u3001\u94ef\u949f\u7b49\u9ad8\u7a33\u5b9a\u6027 10MHz \u4fe1\u53f7\u7684\u5206\u9891\u5e94\u7528\u3002\u4ea7\u54c1\u91c7\u7528\u5317\u6597\u90a6\u6cf0\u6807\u51c6\u5c01\u88c5\u4e0e\u63a5\u53e3\uff0c\u652f\u6301\u591a\u79cd\u5b89\u88c5\u65b9\u5f0f\uff0c\u9002\u7528\u4e8e\u96f7\u8fbe\u3001\u901a\u4fe1\u3001\u8ba1\u91cf\u6821\u51c6\u3001\u5929\u6587\u3001\u7535\u5b50\u5bf9\u6297\u53ca\u822a\u5929\u6d4b\u63a7\u7b49\u5bf9\u4fe1\u53f7\u8d28\u91cf\u8981\u6c42\u6781\u9ad8\u7684\u9886\u57df\u3002\" \/>\n<meta property=\"og:url\" content=\"https:\/\/bdpnt.com\/de\/product\/tfd10-5-frequenzteiler-mit-geringem-phasenrauschen\/\" \/>\n<meta property=\"og:site_name\" content=\"\u5317\u6597\u90a6\u6cf0\u5b98\u7f51\" \/>\n<meta property=\"article:modified_time\" content=\"2026-03-18T06:31:21+00:00\" \/>\n<meta property=\"og:image\" content=\"https:\/\/bdpnt.com\/wp-content\/uploads\/2025\/07\/\u84dd\u8272\u4ea7\u54c1\u80cc\u666f\u6a21\u7248.png\" \/>\n\t<meta property=\"og:image:width\" content=\"960\" \/>\n\t<meta property=\"og:image:height\" content=\"480\" \/>\n\t<meta property=\"og:image:type\" content=\"image\/png\" \/>\n<meta name=\"twitter:card\" content=\"summary_large_image\" \/>\n<script type=\"application\/ld+json\" class=\"yoast-schema-graph\">{\"@context\":\"https:\/\/schema.org\",\"@graph\":[{\"@type\":\"WebPage\",\"@id\":\"https:\/\/bdpnt.com\/product\/tfd10-5-low-phase-noise-frequency-divider\/\",\"url\":\"https:\/\/bdpnt.com\/product\/tfd10-5-low-phase-noise-frequency-divider\/\",\"name\":\"TFD10-5 \u4f4e\u76f8\u566a\u5206\u9891\u5668 - \u5317\u6597\u90a6\u6cf0\u5b98\u7f51\",\"isPartOf\":{\"@id\":\"https:\/\/www.bdpnt.com\/ja\/#website\"},\"primaryImageOfPage\":{\"@id\":\"https:\/\/bdpnt.com\/product\/tfd10-5-low-phase-noise-frequency-divider\/#primaryimage\"},\"image\":{\"@id\":\"https:\/\/bdpnt.com\/product\/tfd10-5-low-phase-noise-frequency-divider\/#primaryimage\"},\"thumbnailUrl\":\"https:\/\/bdpnt.com\/wp-content\/uploads\/2025\/07\/\u84dd\u8272\u4ea7\u54c1\u80cc\u666f\u6a21\u7248.png\",\"datePublished\":\"2025-07-17T06:02:56+00:00\",\"dateModified\":\"2026-03-18T06:31:21+00:00\",\"breadcrumb\":{\"@id\":\"https:\/\/bdpnt.com\/product\/tfd10-5-low-phase-noise-frequency-divider\/#breadcrumb\"},\"inLanguage\":\"de-AT\",\"potentialAction\":[{\"@type\":\"ReadAction\",\"target\":[\"https:\/\/bdpnt.com\/product\/tfd10-5-low-phase-noise-frequency-divider\/\"]}]},{\"@type\":\"ImageObject\",\"inLanguage\":\"de-AT\",\"@id\":\"https:\/\/bdpnt.com\/product\/tfd10-5-low-phase-noise-frequency-divider\/#primaryimage\",\"url\":\"https:\/\/bdpnt.com\/wp-content\/uploads\/2025\/07\/\u84dd\u8272\u4ea7\u54c1\u80cc\u666f\u6a21\u7248.png\",\"contentUrl\":\"https:\/\/bdpnt.com\/wp-content\/uploads\/2025\/07\/\u84dd\u8272\u4ea7\u54c1\u80cc\u666f\u6a21\u7248.png\",\"width\":960,\"height\":480},{\"@type\":\"BreadcrumbList\",\"@id\":\"https:\/\/bdpnt.com\/product\/tfd10-5-low-phase-noise-frequency-divider\/#breadcrumb\",\"itemListElement\":[{\"@type\":\"ListItem\",\"position\":1,\"name\":\"\u9996\u9875\",\"item\":\"https:\/\/www.bdpnt.com\/\"},{\"@type\":\"ListItem\",\"position\":2,\"name\":\"Shop\",\"item\":\"https:\/\/www.bdpnt.com\/shop\/\"},{\"@type\":\"ListItem\",\"position\":3,\"name\":\"\u4ea7\u54c1\",\"item\":\"https:\/\/www.bdpnt.com\/product-category\/products\/\"},{\"@type\":\"ListItem\",\"position\":4,\"name\":\"\u65f6\u95f4\u4e0e\u9891\u7387\u5206\u914d\",\"item\":\"https:\/\/www.bdpnt.com\/es\/product-category\/productos\/asignacion-de-tiempo-y-frecuencia\/\"},{\"@type\":\"ListItem\",\"position\":5,\"name\":\"\u5206\u9891\",\"item\":\"https:\/\/bdpnt.com\/product-category\/products\/time-and-frequency-allocation\/%e5%88%86%e9%a2%91\/\"},{\"@type\":\"ListItem\",\"position\":6,\"name\":\"TFD10-5 \u4f4e\u76f8\u566a\u5206\u9891\u5668\"}]},{\"@type\":\"WebSite\",\"@id\":\"https:\/\/www.bdpnt.com\/ja\/#website\",\"url\":\"https:\/\/www.bdpnt.com\/ja\/\",\"name\":\"\u5317\u6597\u90a6\u6cf0\u5b98\u7f51\",\"description\":\"bdstar time website\",\"publisher\":{\"@id\":\"https:\/\/www.bdpnt.com\/ja\/#organization\"},\"alternateName\":\"BDSTAR TIME\",\"potentialAction\":[{\"@type\":\"SearchAction\",\"target\":{\"@type\":\"EntryPoint\",\"urlTemplate\":\"https:\/\/www.bdpnt.com\/ja\/?s={search_term_string}\"},\"query-input\":{\"@type\":\"PropertyValueSpecification\",\"valueRequired\":true,\"valueName\":\"search_term_string\"}}],\"inLanguage\":\"de-AT\"},{\"@type\":\"Organization\",\"@id\":\"https:\/\/www.bdpnt.com\/ja\/#organization\",\"name\":\"\u5317\u6597\u90a6\u6cf0\u5b98\u7f51\",\"alternateName\":\"BDSTAR TIME\",\"url\":\"https:\/\/www.bdpnt.com\/ja\/\",\"logo\":{\"@type\":\"ImageObject\",\"inLanguage\":\"de-AT\",\"@id\":\"https:\/\/www.bdpnt.com\/ja\/#\/schema\/logo\/image\/\",\"url\":\"https:\/\/bdpnt.com\/wp-content\/uploads\/2025\/04\/\u5317\u6597\u90a6\u6cf0\u6700\u7ec8logo-\u6700\u7ec8\u7248\u5f69\u8272.png\",\"contentUrl\":\"https:\/\/bdpnt.com\/wp-content\/uploads\/2025\/04\/\u5317\u6597\u90a6\u6cf0\u6700\u7ec8logo-\u6700\u7ec8\u7248\u5f69\u8272.png\",\"width\":234,\"height\":76,\"caption\":\"\u5317\u6597\u90a6\u6cf0\u5b98\u7f51\"},\"image\":{\"@id\":\"https:\/\/www.bdpnt.com\/ja\/#\/schema\/logo\/image\/\"}}]}<\/script>\n<!-- \/ Yoast SEO plugin. -->","yoast_head_json":{"title":"TFD10-5 Frequenzweiche mit geringem Phasenrauschen - Beidou Bangtai Official Website","robots":{"index":"index","follow":"follow","max-snippet":"max-snippet:-1","max-image-preview":"max-image-preview:large","max-video-preview":"max-video-preview:-1"},"canonical":"https:\/\/bdpnt.com\/de\/product\/tfd10-5-frequenzteiler-mit-geringem-phasenrauschen\/","og_locale":"de_DE","og_type":"article","og_title":"TFD10-5 \u4f4e\u76f8\u566a\u5206\u9891\u5668 - \u5317\u6597\u90a6\u6cf0\u5b98\u7f51","og_description":"TFD10-5 \u4f4e\u566a\u58f0\u5206\u9891\u5668\u662f\u4e00\u6b3e\u8d85\u4f4e\u76f8\u4f4d\u566a\u58f0\u8bbe\u5907\uff0c\u5185\u7f6e\u9ad8\u6027\u80fd\u5206\u9891\u5668\u4e0e\u4f4e\u566a\u58f0\u4fe1\u53f7\u5206\u914d\u5668\uff0c\u63d0\u4f9b 5MHz \u548c 1MHz \u5404\u4e24\u8def\u8f93\u51fa\uff0c\u9002\u7528\u4e8e\u6c22\u949f\u3001\u94ef\u949f\u7b49\u9ad8\u7a33\u5b9a\u6027 10MHz \u4fe1\u53f7\u7684\u5206\u9891\u5e94\u7528\u3002\u4ea7\u54c1\u91c7\u7528\u5317\u6597\u90a6\u6cf0\u6807\u51c6\u5c01\u88c5\u4e0e\u63a5\u53e3\uff0c\u652f\u6301\u591a\u79cd\u5b89\u88c5\u65b9\u5f0f\uff0c\u9002\u7528\u4e8e\u96f7\u8fbe\u3001\u901a\u4fe1\u3001\u8ba1\u91cf\u6821\u51c6\u3001\u5929\u6587\u3001\u7535\u5b50\u5bf9\u6297\u53ca\u822a\u5929\u6d4b\u63a7\u7b49\u5bf9\u4fe1\u53f7\u8d28\u91cf\u8981\u6c42\u6781\u9ad8\u7684\u9886\u57df\u3002","og_url":"https:\/\/bdpnt.com\/de\/product\/tfd10-5-frequenzteiler-mit-geringem-phasenrauschen\/","og_site_name":"\u5317\u6597\u90a6\u6cf0\u5b98\u7f51","article_modified_time":"2026-03-18T06:31:21+00:00","og_image":[{"width":960,"height":480,"url":"https:\/\/bdpnt.com\/wp-content\/uploads\/2025\/07\/\u84dd\u8272\u4ea7\u54c1\u80cc\u666f\u6a21\u7248.png","type":"image\/png"}],"twitter_card":"summary_large_image","schema":{"@context":"https:\/\/schema.org","@graph":[{"@type":"WebPage","@id":"https:\/\/bdpnt.com\/product\/tfd10-5-low-phase-noise-frequency-divider\/","url":"https:\/\/bdpnt.com\/product\/tfd10-5-low-phase-noise-frequency-divider\/","name":"TFD10-5 Frequenzweiche mit geringem Phasenrauschen - Beidou Bangtai Official Website","isPartOf":{"@id":"https:\/\/www.bdpnt.com\/ja\/#website"},"primaryImageOfPage":{"@id":"https:\/\/bdpnt.com\/product\/tfd10-5-low-phase-noise-frequency-divider\/#primaryimage"},"image":{"@id":"https:\/\/bdpnt.com\/product\/tfd10-5-low-phase-noise-frequency-divider\/#primaryimage"},"thumbnailUrl":"https:\/\/bdpnt.com\/wp-content\/uploads\/2025\/07\/\u84dd\u8272\u4ea7\u54c1\u80cc\u666f\u6a21\u7248.png","datePublished":"2025-07-17T06:02:56+00:00","dateModified":"2026-03-18T06:31:21+00:00","breadcrumb":{"@id":"https:\/\/bdpnt.com\/product\/tfd10-5-low-phase-noise-frequency-divider\/#breadcrumb"},"inLanguage":"de-AT","potentialAction":[{"@type":"ReadAction","target":["https:\/\/bdpnt.com\/product\/tfd10-5-low-phase-noise-frequency-divider\/"]}]},{"@type":"ImageObject","inLanguage":"de-AT","@id":"https:\/\/bdpnt.com\/product\/tfd10-5-low-phase-noise-frequency-divider\/#primaryimage","url":"https:\/\/bdpnt.com\/wp-content\/uploads\/2025\/07\/\u84dd\u8272\u4ea7\u54c1\u80cc\u666f\u6a21\u7248.png","contentUrl":"https:\/\/bdpnt.com\/wp-content\/uploads\/2025\/07\/\u84dd\u8272\u4ea7\u54c1\u80cc\u666f\u6a21\u7248.png","width":960,"height":480},{"@type":"BreadcrumbList","@id":"https:\/\/bdpnt.com\/product\/tfd10-5-low-phase-noise-frequency-divider\/#breadcrumb","itemListElement":[{"@type":"ListItem","position":1,"name":"\u9996\u9875","item":"https:\/\/www.bdpnt.com\/"},{"@type":"ListItem","position":2,"name":"Shop","item":"https:\/\/www.bdpnt.com\/shop\/"},{"@type":"ListItem","position":3,"name":"\u4ea7\u54c1","item":"https:\/\/www.bdpnt.com\/product-category\/products\/"},{"@type":"ListItem","position":4,"name":"\u65f6\u95f4\u4e0e\u9891\u7387\u5206\u914d","item":"https:\/\/www.bdpnt.com\/es\/product-category\/productos\/asignacion-de-tiempo-y-frecuencia\/"},{"@type":"ListItem","position":5,"name":"\u5206\u9891","item":"https:\/\/bdpnt.com\/product-category\/products\/time-and-frequency-allocation\/%e5%88%86%e9%a2%91\/"},{"@type":"ListItem","position":6,"name":"TFD10-5 \u4f4e\u76f8\u566a\u5206\u9891\u5668"}]},{"@type":"WebSite","@id":"https:\/\/www.bdpnt.com\/ja\/#website","url":"https:\/\/www.bdpnt.com\/ja\/","name":"Beidoubangtai Offizielle Website","description":"bdstar time website","publisher":{"@id":"https:\/\/www.bdpnt.com\/ja\/#organization"},"alternateName":"BDSTAR TIME","potentialAction":[{"@type":"SearchAction","target":{"@type":"EntryPoint","urlTemplate":"https:\/\/www.bdpnt.com\/ja\/?s={search_term_string}"},"query-input":{"@type":"PropertyValueSpecification","valueRequired":true,"valueName":"search_term_string"}}],"inLanguage":"de-AT"},{"@type":"Organization","@id":"https:\/\/www.bdpnt.com\/ja\/#organization","name":"Beidoubangtai Offizielle Website","alternateName":"BDSTAR TIME","url":"https:\/\/www.bdpnt.com\/ja\/","logo":{"@type":"ImageObject","inLanguage":"de-AT","@id":"https:\/\/www.bdpnt.com\/ja\/#\/schema\/logo\/image\/","url":"https:\/\/bdpnt.com\/wp-content\/uploads\/2025\/04\/\u5317\u6597\u90a6\u6cf0\u6700\u7ec8logo-\u6700\u7ec8\u7248\u5f69\u8272.png","contentUrl":"https:\/\/bdpnt.com\/wp-content\/uploads\/2025\/04\/\u5317\u6597\u90a6\u6cf0\u6700\u7ec8logo-\u6700\u7ec8\u7248\u5f69\u8272.png","width":234,"height":76,"caption":"\u5317\u6597\u90a6\u6cf0\u5b98\u7f51"},"image":{"@id":"https:\/\/www.bdpnt.com\/ja\/#\/schema\/logo\/image\/"}}]}},"_links":{"self":[{"href":"http:\/\/bdpnt.com\/de\/wp-json\/wp\/v2\/product\/4729","targetHints":{"allow":["GET"]}}],"collection":[{"href":"http:\/\/bdpnt.com\/de\/wp-json\/wp\/v2\/product"}],"about":[{"href":"http:\/\/bdpnt.com\/de\/wp-json\/wp\/v2\/types\/product"}],"version-history":[{"count":6,"href":"http:\/\/bdpnt.com\/de\/wp-json\/wp\/v2\/product\/4729\/revisions"}],"predecessor-version":[{"id":4767,"href":"http:\/\/bdpnt.com\/de\/wp-json\/wp\/v2\/product\/4729\/revisions\/4767"}],"wp:featuredmedia":[{"embeddable":true,"href":"http:\/\/bdpnt.com\/de\/wp-json\/wp\/v2\/media\/4730"}],"wp:attachment":[{"href":"http:\/\/bdpnt.com\/de\/wp-json\/wp\/v2\/media?parent=4729"}],"wp:term":[{"taxonomy":"product_brand","embeddable":true,"href":"http:\/\/bdpnt.com\/de\/wp-json\/wp\/v2\/product_brand?post=4729"},{"taxonomy":"product_cat","embeddable":true,"href":"http:\/\/bdpnt.com\/de\/wp-json\/wp\/v2\/product_cat?post=4729"},{"taxonomy":"product_tag","embeddable":true,"href":"http:\/\/bdpnt.com\/de\/wp-json\/wp\/v2\/product_tag?post=4729"}],"curies":[{"name":"wp","href":"https:\/\/api.w.org\/{rel}","templated":true}]}}