{"id":4562,"date":"2025-07-15T20:04:30","date_gmt":"2025-07-15T12:04:30","guid":{"rendered":"https:\/\/bdstarpnt.com\/?post_type=product&#038;p=4562"},"modified":"2026-03-18T14:32:16","modified_gmt":"2026-03-18T06:32:16","slug":"pnt10-a","status":"publish","type":"product","link":"https:\/\/bdpnt.com\/de\/product\/pnt10-a\/","title":{"rendered":"PNT10-A Hochpr\u00e4zises Positionierungs-, Orientierungs- und Neigungszeitmessger\u00e4t"},"content":{"rendered":"<p class=\"p1\">PNT10-A ist ein kombiniertes MEMS-Navigations- und Zeitmesssystem, das die hohen Zuverl\u00e4ssigkeitsanforderungen des Milit\u00e4rs erf\u00fcllt. Es ist mit einer selbst entwickelten hochpr\u00e4zisen MEMS-IMU (Inertial Measurement Unit) und einem selbst entwickelten hochpr\u00e4zisen GNSS-Modul mit zwei Antennen ausgestattet und verwendet Kalman-Filter-Fusionsalgorithmen mit mehreren Quellen, die kontinuierliche, zuverl\u00e4ssige und hochpr\u00e4zise Positions- und Navigationsinformationen in komplexen Umgebungen liefern k\u00f6nnen. In Kombination mit dem Algorithmus zur Beherrschung der Pr\u00e4zisionsuhr und der lokalen Uhr bietet es eine hochstabile Ausgabe von Richtung, Position, Geschwindigkeit, Lage, Zeit und Frequenz. Dank des kompakten Designs, der hohen St\u00f6rsicherheit und der Erkennung b\u00f6sartiger Angriffe kann das System auch in komplexen dynamischen Umgebungen zuverl\u00e4ssig arbeiten. Das System unterst\u00fctzt mehrere Zeit- und Frequenzausgabefunktionen, einschlie\u00dflich NTP, PTP, TOD, 10MHz, 1PPS und IRIG-B-Signale.<\/p>\n<p class=\"p1\">Einsatzbereich: milit\u00e4rische Kommunikation, Kommandosysteme, Kommunikationsnetze an Bord von Schiffen und an Bord usw.<\/p>","protected":false},"excerpt":{"rendered":"<p>PNT10-A ist ein \u00e4u\u00dferst zuverl\u00e4ssiges kombiniertes MEMS-Navigations- und Timing-System, das eine selbst entwickelte hochpr\u00e4zise IMU und ein GNSS-Modul mit zwei Antennen integriert und Algorithmen zur Kalman-Filterung und Taktsteuerung mit mehreren Quellen einsetzt, um kontinuierliche und hochpr\u00e4zise Navigations- und Timing-Informationen in komplexen Umgebungen zu liefern. Es unterst\u00fctzt NTP-, PTP-, TOD-, 10MHz-, 1PPS- und IRIG-B-Ausg\u00e4nge, verf\u00fcgt \u00fcber Anti-Jamming- und Angriffserkennungsfunktionen und eignet sich f\u00fcr die milit\u00e4rische Kommunikation, Kommandosysteme, Schiffs\/Fahrzeug-Kommunikationsnetzwerke und andere Szenarien.<\/p>","protected":false},"featured_media":4578,"template":"","meta":{"_acf_changed":false,"site-sidebar-layout":"default","site-content-layout":"","ast-site-content-layout":"default","site-content-style":"default","site-sidebar-style":"default","ast-global-header-display":"","ast-banner-title-visibility":"","ast-main-header-display":"","ast-hfb-above-header-display":"","ast-hfb-below-header-display":"","ast-hfb-mobile-header-display":"","site-post-title":"","ast-breadcrumbs-content":"","ast-featured-img":"","footer-sml-layout":"","theme-transparent-header-meta":"default","adv-header-id-meta":"","stick-header-meta":"default","header-above-stick-meta":"","header-main-stick-meta":"","header-below-stick-meta":"","astra-migrate-meta-layouts":"set","ast-page-background-enabled":"default","ast-page-background-meta":{"desktop":{"background-color":"var(--ast-global-color-4)","background-image":"","background-repeat":"repeat","background-position":"center center","background-size":"auto","background-attachment":"scroll","background-type":"","background-media":"","overlay-type":"","overlay-color":"","overlay-opacity":"","overlay-gradient":""},"tablet":{"background-color":"","background-image":"","background-repeat":"repeat","background-position":"center center","background-size":"auto","background-attachment":"scroll","background-type":"","background-media":"","overlay-type":"","overlay-color":"","overlay-opacity":"","overlay-gradient":""},"mobile":{"background-color":"","background-image":"","background-repeat":"repeat","background-position":"center center","background-size":"auto","background-attachment":"scroll","background-type":"","background-media":"","overlay-type":"","overlay-color":"","overlay-opacity":"","overlay-gradient":""}},"ast-content-background-meta":{"desktop":{"background-color":"var(--ast-global-color-5)","background-image":"","background-repeat":"repeat","background-position":"center center","background-size":"auto","background-attachment":"scroll","background-type":"","background-media":"","overlay-type":"","overlay-color":"","overlay-opacity":"","overlay-gradient":""},"tablet":{"background-color":"var(--ast-global-color-5)","background-image":"","background-repeat":"repeat","background-position":"center center","background-size":"auto","background-attachment":"scroll","background-type":"","background-media":"","overlay-type":"","overlay-color":"","overlay-opacity":"","overlay-gradient":""},"mobile":{"background-color":"var(--ast-global-color-5)","background-image":"","background-repeat":"repeat","background-position":"center center","background-size":"auto","background-attachment":"scroll","background-type":"","background-media":"","overlay-type":"","overlay-color":"","overlay-opacity":"","overlay-gradient":""}}},"product_brand":[],"product_cat":[84],"product_tag":[],"class_list":{"0":"post-4562","1":"product","2":"type-product","3":"status-publish","4":"has-post-thumbnail","6":"product_cat-84","7":"pa_--bonding","8":"pa_--gnssgps-beidou-galileo-glonass","9":"pa_--irig-b","10":"pa_--md5-sha","11":"pa_--ntp-v4rfc-5905","12":"pa_--pps-todnmea-0183","13":"pa_--ptpieee-1588-v2-v2-1","14":"pa_--ssh","15":"pa_--synceitu-t-g-8262-ssm-esmc","16":"pa_--tls-https","17":"pa_--tsn-gptpieee-802-1as-2020","18":"pa_--web-snmp-syslog","19":"pa_--262","20":"pa_-cpu","21":"pa_-197","22":"pa_-196","23":"pa_-198","24":"pa_-181","25":"pa_--235","26":"pa_--40c--85c","27":"pa_-military-aviation","28":"pa_-ntp","29":"pa_-ptpv2-1","30":"pa_--1us24h","31":"pa_-jamming-and-deception-detection","32":"pa_-anti-interference-deception","33":"pa_---155dbc-hz1khz","34":"pa_-227","35":"pa_-ac-220v","36":"pa_-dc-48v","37":"pa_-dc-24v","38":"desktop-align-left","39":"tablet-align-left","40":"mobile-align-left","41":"ast-product-gallery-layout-first-image-large","42":"ast-product-gallery-with-no-image","43":"ast-product-tabs-layout-horizontal","45":"first","46":"instock","47":"shipping-taxable","48":"product-type-simple"},"acf":[],"yoast_head":"<!-- This site is optimized with the Yoast SEO plugin v26.0 - https:\/\/yoast.com\/wordpress\/plugins\/seo\/ -->\n<title>PNT10-A \u9ad8\u7cbe\u5ea6\u5b9a\u4f4d\u5b9a\u5411\u59ff\u6001\u6388\u65f6\u8bbe\u5907 - \u5317\u6597\u90a6\u6cf0\u5b98\u7f51<\/title>\n<meta name=\"robots\" content=\"index, follow, max-snippet:-1, max-image-preview:large, max-video-preview:-1\" \/>\n<link rel=\"canonical\" href=\"https:\/\/www.bdpnt.com\/fr\/produit\/pnt10-a\/\" \/>\n<meta property=\"og:locale\" content=\"de_DE\" \/>\n<meta property=\"og:type\" content=\"article\" \/>\n<meta property=\"og:title\" content=\"PNT10-A \u9ad8\u7cbe\u5ea6\u5b9a\u4f4d\u5b9a\u5411\u59ff\u6001\u6388\u65f6\u8bbe\u5907 - \u5317\u6597\u90a6\u6cf0\u5b98\u7f51\" \/>\n<meta property=\"og:description\" content=\"PNT10-A \u662f\u4e00\u6b3e\u9ad8\u53ef\u9760MEMS\u7ec4\u5408\u5bfc\u822a\u4e0e\u6388\u65f6\u7cfb\u7edf\uff0c\u96c6\u6210\u81ea\u7814\u9ad8\u7cbe\u5ea6IMU\u4e0e\u53cc\u5929\u7ebfGNSS\u6a21\u5757\uff0c\u91c7\u7528\u591a\u6e90\u5361\u5c14\u66fc\u6ee4\u6ce2\u4e0e\u949f\u63a7\u7b97\u6cd5\uff0c\u5728\u590d\u6742\u73af\u5883\u4e0b\u63d0\u4f9b\u8fde\u7eed\u3001\u9ad8\u7cbe\u5ea6\u7684\u5bfc\u822a\u4e0e\u6388\u65f6\u4fe1\u606f\u3002\u652f\u6301NTP\u3001PTP\u3001TOD\u300110MHz\u30011PPS\u3001IRIG-B\u7b49\u8f93\u51fa\uff0c\u5177\u5907\u6297\u5e72\u6270\u4e0e\u653b\u51fb\u68c0\u6d4b\u80fd\u529b\uff0c\u9002\u7528\u4e8e\u519b\u7528\u901a\u4fe1\u3001\u6307\u6325\u7cfb\u7edf\u3001\u8230\/\u8f66\u8f7d\u901a\u4fe1\u7f51\u7edc\u7b49\u573a\u666f\u3002\" \/>\n<meta property=\"og:url\" content=\"https:\/\/www.bdpnt.com\/fr\/produit\/pnt10-a\/\" \/>\n<meta property=\"og:site_name\" content=\"\u5317\u6597\u90a6\u6cf0\u5b98\u7f51\" \/>\n<meta property=\"article:modified_time\" content=\"2026-03-18T06:32:16+00:00\" \/>\n<meta property=\"og:image\" content=\"https:\/\/www.bdpnt.com\/wp-content\/uploads\/2025\/07\/PNT10-A\u4fa72.143.png\" \/>\n\t<meta property=\"og:image:width\" content=\"1410\" \/>\n\t<meta property=\"og:image:height\" content=\"684\" \/>\n\t<meta property=\"og:image:type\" content=\"image\/png\" \/>\n<meta name=\"twitter:card\" content=\"summary_large_image\" \/>\n<script type=\"application\/ld+json\" class=\"yoast-schema-graph\">{\"@context\":\"https:\/\/schema.org\",\"@graph\":[{\"@type\":\"WebPage\",\"@id\":\"https:\/\/www.bdpnt.com\/fr\/produit\/pnt10-a\/\",\"url\":\"https:\/\/www.bdpnt.com\/fr\/produit\/pnt10-a\/\",\"name\":\"PNT10-A \u9ad8\u7cbe\u5ea6\u5b9a\u4f4d\u5b9a\u5411\u59ff\u6001\u6388\u65f6\u8bbe\u5907 - \u5317\u6597\u90a6\u6cf0\u5b98\u7f51\",\"isPartOf\":{\"@id\":\"https:\/\/www.bdpnt.com\/#website\"},\"primaryImageOfPage\":{\"@id\":\"https:\/\/www.bdpnt.com\/fr\/produit\/pnt10-a\/#primaryimage\"},\"image\":{\"@id\":\"https:\/\/www.bdpnt.com\/fr\/produit\/pnt10-a\/#primaryimage\"},\"thumbnailUrl\":\"https:\/\/bdpnt.com\/wp-content\/uploads\/2025\/07\/PNT10-A\u4fa72.143.png\",\"datePublished\":\"2025-07-15T12:04:30+00:00\",\"dateModified\":\"2026-03-18T06:32:16+00:00\",\"breadcrumb\":{\"@id\":\"https:\/\/www.bdpnt.com\/fr\/produit\/pnt10-a\/#breadcrumb\"},\"inLanguage\":\"de-AT\",\"potentialAction\":[{\"@type\":\"ReadAction\",\"target\":[\"https:\/\/www.bdpnt.com\/fr\/produit\/pnt10-a\/\"]}]},{\"@type\":\"ImageObject\",\"inLanguage\":\"de-AT\",\"@id\":\"https:\/\/www.bdpnt.com\/fr\/produit\/pnt10-a\/#primaryimage\",\"url\":\"https:\/\/bdpnt.com\/wp-content\/uploads\/2025\/07\/PNT10-A\u4fa72.143.png\",\"contentUrl\":\"https:\/\/bdpnt.com\/wp-content\/uploads\/2025\/07\/PNT10-A\u4fa72.143.png\",\"width\":1410,\"height\":684},{\"@type\":\"BreadcrumbList\",\"@id\":\"https:\/\/www.bdpnt.com\/fr\/produit\/pnt10-a\/#breadcrumb\",\"itemListElement\":[{\"@type\":\"ListItem\",\"position\":1,\"name\":\"\u9996\u9875\",\"item\":\"https:\/\/www.bdpnt.com\/\"},{\"@type\":\"ListItem\",\"position\":2,\"name\":\"Shop\",\"item\":\"https:\/\/www.bdpnt.com\/shop\/\"},{\"@type\":\"ListItem\",\"position\":3,\"name\":\"\u4ea7\u54c1\",\"item\":\"https:\/\/www.bdpnt.com\/product-category\/products\/\"},{\"@type\":\"ListItem\",\"position\":4,\"name\":\"PNT\u7cfb\u7edf\",\"item\":\"https:\/\/www.bdpnt.com\/es\/product-category\/productos\/sistema-pnt-2\/\"},{\"@type\":\"ListItem\",\"position\":5,\"name\":\"\u5b9a\u4f4d\u5b9a\u5411\u59ff\u6001\u6388\u65f6\",\"item\":\"https:\/\/www.bdpnt.com\/fr\/categorie-produit\/produits\/systeme-pnt-2\/positionnement-orientation-attitude-timing\/\"},{\"@type\":\"ListItem\",\"position\":6,\"name\":\"PNT10-A \u9ad8\u7cbe\u5ea6\u5b9a\u4f4d\u5b9a\u5411\u59ff\u6001\u6388\u65f6\u8bbe\u5907\"}]},{\"@type\":\"WebSite\",\"@id\":\"https:\/\/www.bdpnt.com\/#website\",\"url\":\"https:\/\/www.bdpnt.com\/\",\"name\":\"\u5317\u6597\u90a6\u6cf0\u5b98\u7f51\",\"description\":\"bdstar time website\",\"publisher\":{\"@id\":\"https:\/\/www.bdpnt.com\/#organization\"},\"alternateName\":\"BDSTAR TIME\",\"potentialAction\":[{\"@type\":\"SearchAction\",\"target\":{\"@type\":\"EntryPoint\",\"urlTemplate\":\"https:\/\/www.bdpnt.com\/?s={search_term_string}\"},\"query-input\":{\"@type\":\"PropertyValueSpecification\",\"valueRequired\":true,\"valueName\":\"search_term_string\"}}],\"inLanguage\":\"de-AT\"},{\"@type\":\"Organization\",\"@id\":\"https:\/\/www.bdpnt.com\/#organization\",\"name\":\"\u5317\u6597\u90a6\u6cf0\u5b98\u7f51\",\"alternateName\":\"BDSTAR TIME\",\"url\":\"https:\/\/www.bdpnt.com\/\",\"logo\":{\"@type\":\"ImageObject\",\"inLanguage\":\"de-AT\",\"@id\":\"https:\/\/www.bdpnt.com\/#\/schema\/logo\/image\/\",\"url\":\"https:\/\/bdpnt.com\/wp-content\/uploads\/2025\/04\/\u5317\u6597\u90a6\u6cf0\u6700\u7ec8logo-\u6700\u7ec8\u7248\u5f69\u8272.png\",\"contentUrl\":\"https:\/\/bdpnt.com\/wp-content\/uploads\/2025\/04\/\u5317\u6597\u90a6\u6cf0\u6700\u7ec8logo-\u6700\u7ec8\u7248\u5f69\u8272.png\",\"width\":234,\"height\":76,\"caption\":\"\u5317\u6597\u90a6\u6cf0\u5b98\u7f51\"},\"image\":{\"@id\":\"https:\/\/www.bdpnt.com\/#\/schema\/logo\/image\/\"}}]}<\/script>\n<!-- \/ Yoast SEO plugin. -->","yoast_head_json":{"title":"PNT10-A Hochpr\u00e4zises Ger\u00e4t zur Positionierung und Orientierung - BDO Bontec Official Website","robots":{"index":"index","follow":"follow","max-snippet":"max-snippet:-1","max-image-preview":"max-image-preview:large","max-video-preview":"max-video-preview:-1"},"canonical":"https:\/\/www.bdpnt.com\/fr\/produit\/pnt10-a\/","og_locale":"de_DE","og_type":"article","og_title":"PNT10-A \u9ad8\u7cbe\u5ea6\u5b9a\u4f4d\u5b9a\u5411\u59ff\u6001\u6388\u65f6\u8bbe\u5907 - \u5317\u6597\u90a6\u6cf0\u5b98\u7f51","og_description":"PNT10-A \u662f\u4e00\u6b3e\u9ad8\u53ef\u9760MEMS\u7ec4\u5408\u5bfc\u822a\u4e0e\u6388\u65f6\u7cfb\u7edf\uff0c\u96c6\u6210\u81ea\u7814\u9ad8\u7cbe\u5ea6IMU\u4e0e\u53cc\u5929\u7ebfGNSS\u6a21\u5757\uff0c\u91c7\u7528\u591a\u6e90\u5361\u5c14\u66fc\u6ee4\u6ce2\u4e0e\u949f\u63a7\u7b97\u6cd5\uff0c\u5728\u590d\u6742\u73af\u5883\u4e0b\u63d0\u4f9b\u8fde\u7eed\u3001\u9ad8\u7cbe\u5ea6\u7684\u5bfc\u822a\u4e0e\u6388\u65f6\u4fe1\u606f\u3002\u652f\u6301NTP\u3001PTP\u3001TOD\u300110MHz\u30011PPS\u3001IRIG-B\u7b49\u8f93\u51fa\uff0c\u5177\u5907\u6297\u5e72\u6270\u4e0e\u653b\u51fb\u68c0\u6d4b\u80fd\u529b\uff0c\u9002\u7528\u4e8e\u519b\u7528\u901a\u4fe1\u3001\u6307\u6325\u7cfb\u7edf\u3001\u8230\/\u8f66\u8f7d\u901a\u4fe1\u7f51\u7edc\u7b49\u573a\u666f\u3002","og_url":"https:\/\/www.bdpnt.com\/fr\/produit\/pnt10-a\/","og_site_name":"\u5317\u6597\u90a6\u6cf0\u5b98\u7f51","article_modified_time":"2026-03-18T06:32:16+00:00","og_image":[{"width":1410,"height":684,"url":"https:\/\/www.bdpnt.com\/wp-content\/uploads\/2025\/07\/PNT10-A\u4fa72.143.png","type":"image\/png"}],"twitter_card":"summary_large_image","schema":{"@context":"https:\/\/schema.org","@graph":[{"@type":"WebPage","@id":"https:\/\/www.bdpnt.com\/fr\/produit\/pnt10-a\/","url":"https:\/\/www.bdpnt.com\/fr\/produit\/pnt10-a\/","name":"PNT10-A Hochpr\u00e4zises Ger\u00e4t zur Positionierung und Orientierung - BDO Bontec Official Website","isPartOf":{"@id":"https:\/\/www.bdpnt.com\/#website"},"primaryImageOfPage":{"@id":"https:\/\/www.bdpnt.com\/fr\/produit\/pnt10-a\/#primaryimage"},"image":{"@id":"https:\/\/www.bdpnt.com\/fr\/produit\/pnt10-a\/#primaryimage"},"thumbnailUrl":"https:\/\/bdpnt.com\/wp-content\/uploads\/2025\/07\/PNT10-A\u4fa72.143.png","datePublished":"2025-07-15T12:04:30+00:00","dateModified":"2026-03-18T06:32:16+00:00","breadcrumb":{"@id":"https:\/\/www.bdpnt.com\/fr\/produit\/pnt10-a\/#breadcrumb"},"inLanguage":"de-AT","potentialAction":[{"@type":"ReadAction","target":["https:\/\/www.bdpnt.com\/fr\/produit\/pnt10-a\/"]}]},{"@type":"ImageObject","inLanguage":"de-AT","@id":"https:\/\/www.bdpnt.com\/fr\/produit\/pnt10-a\/#primaryimage","url":"https:\/\/bdpnt.com\/wp-content\/uploads\/2025\/07\/PNT10-A\u4fa72.143.png","contentUrl":"https:\/\/bdpnt.com\/wp-content\/uploads\/2025\/07\/PNT10-A\u4fa72.143.png","width":1410,"height":684},{"@type":"BreadcrumbList","@id":"https:\/\/www.bdpnt.com\/fr\/produit\/pnt10-a\/#breadcrumb","itemListElement":[{"@type":"ListItem","position":1,"name":"\u9996\u9875","item":"https:\/\/www.bdpnt.com\/"},{"@type":"ListItem","position":2,"name":"Shop","item":"https:\/\/www.bdpnt.com\/shop\/"},{"@type":"ListItem","position":3,"name":"\u4ea7\u54c1","item":"https:\/\/www.bdpnt.com\/product-category\/products\/"},{"@type":"ListItem","position":4,"name":"PNT\u7cfb\u7edf","item":"https:\/\/www.bdpnt.com\/es\/product-category\/productos\/sistema-pnt-2\/"},{"@type":"ListItem","position":5,"name":"\u5b9a\u4f4d\u5b9a\u5411\u59ff\u6001\u6388\u65f6","item":"https:\/\/www.bdpnt.com\/fr\/categorie-produit\/produits\/systeme-pnt-2\/positionnement-orientation-attitude-timing\/"},{"@type":"ListItem","position":6,"name":"PNT10-A \u9ad8\u7cbe\u5ea6\u5b9a\u4f4d\u5b9a\u5411\u59ff\u6001\u6388\u65f6\u8bbe\u5907"}]},{"@type":"WebSite","@id":"https:\/\/www.bdpnt.com\/#website","url":"https:\/\/www.bdpnt.com\/","name":"Beidoubangtai Offizielle Website","description":"bdstar time website","publisher":{"@id":"https:\/\/www.bdpnt.com\/#organization"},"alternateName":"BDSTAR TIME","potentialAction":[{"@type":"SearchAction","target":{"@type":"EntryPoint","urlTemplate":"https:\/\/www.bdpnt.com\/?s={search_term_string}"},"query-input":{"@type":"PropertyValueSpecification","valueRequired":true,"valueName":"search_term_string"}}],"inLanguage":"de-AT"},{"@type":"Organization","@id":"https:\/\/www.bdpnt.com\/#organization","name":"Beidoubangtai Offizielle Website","alternateName":"BDSTAR TIME","url":"https:\/\/www.bdpnt.com\/","logo":{"@type":"ImageObject","inLanguage":"de-AT","@id":"https:\/\/www.bdpnt.com\/#\/schema\/logo\/image\/","url":"https:\/\/bdpnt.com\/wp-content\/uploads\/2025\/04\/\u5317\u6597\u90a6\u6cf0\u6700\u7ec8logo-\u6700\u7ec8\u7248\u5f69\u8272.png","contentUrl":"https:\/\/bdpnt.com\/wp-content\/uploads\/2025\/04\/\u5317\u6597\u90a6\u6cf0\u6700\u7ec8logo-\u6700\u7ec8\u7248\u5f69\u8272.png","width":234,"height":76,"caption":"\u5317\u6597\u90a6\u6cf0\u5b98\u7f51"},"image":{"@id":"https:\/\/www.bdpnt.com\/#\/schema\/logo\/image\/"}}]}},"_links":{"self":[{"href":"https:\/\/bdpnt.com\/de\/wp-json\/wp\/v2\/product\/4562","targetHints":{"allow":["GET"]}}],"collection":[{"href":"https:\/\/bdpnt.com\/de\/wp-json\/wp\/v2\/product"}],"about":[{"href":"https:\/\/bdpnt.com\/de\/wp-json\/wp\/v2\/types\/product"}],"version-history":[{"count":5,"href":"https:\/\/bdpnt.com\/de\/wp-json\/wp\/v2\/product\/4562\/revisions"}],"predecessor-version":[{"id":4600,"href":"https:\/\/bdpnt.com\/de\/wp-json\/wp\/v2\/product\/4562\/revisions\/4600"}],"wp:featuredmedia":[{"embeddable":true,"href":"https:\/\/bdpnt.com\/de\/wp-json\/wp\/v2\/media\/4578"}],"wp:attachment":[{"href":"https:\/\/bdpnt.com\/de\/wp-json\/wp\/v2\/media?parent=4562"}],"wp:term":[{"taxonomy":"product_brand","embeddable":true,"href":"https:\/\/bdpnt.com\/de\/wp-json\/wp\/v2\/product_brand?post=4562"},{"taxonomy":"product_cat","embeddable":true,"href":"https:\/\/bdpnt.com\/de\/wp-json\/wp\/v2\/product_cat?post=4562"},{"taxonomy":"product_tag","embeddable":true,"href":"https:\/\/bdpnt.com\/de\/wp-json\/wp\/v2\/product_tag?post=4562"}],"curies":[{"name":"wp","href":"https:\/\/api.w.org\/{rel}","templated":true}]}}