{"id":4537,"date":"2025-07-14T16:14:17","date_gmt":"2025-07-14T08:14:17","guid":{"rendered":"https:\/\/bdstarpnt.com\/?post_type=product&#038;p=4537"},"modified":"2026-03-18T14:32:42","modified_gmt":"2026-03-18T06:32:42","slug":"t-asj20-gnss-zeitliche-sicherheitstrennvorrichtung-2","status":"publish","type":"product","link":"https:\/\/bdpnt.com\/de\/product\/t-asj20-gnss-zeitliche-sicherheitstrennvorrichtung-2\/","title":{"rendered":"T-ASJ20 GNSS Timing Safety Isolation Ger\u00e4t"},"content":{"rendered":"<p class=\"p1\">Das T-ASJ20 GNSS Timing Security Isolation Device ist auf Szenarien wie den Ausfall des GPS-Signals, Interferenzen oder Spoofing ausgerichtet und bietet eine sichere Zeitreferenz f\u00fcr die Kommunikations-, Energie- und andere Industrien durch eine lokale Beidou-Zeitbasis, ein simuliertes Signal und einen Systemisolierungsschutz. Das Ger\u00e4t unterst\u00fctzt Anti-Relay, Generierung und Schutz vor invasiven Interferenzen und verf\u00fcgt \u00fcber eine eingebaute Funktion zur Z\u00e4hmung der lokalen Uhr und zur Beibehaltung der Zeitbasis, die weiterhin eine Zeitgenauigkeit von mehr als 100 ns bieten kann, wenn das externe Signal abnormal ist. Das Ger\u00e4t kann automatisch auf Beidou-Taktung umschalten und verf\u00fcgt \u00fcber unempfindliche Schalt-, \u00dcberwachungs- und Alarmfunktionen in Echtzeit. Die Zeit f\u00fcr das Auftreten von St\u00f6rungen und die Aufhebung von St\u00f6rungen betr\u00e4gt weniger als 15 Sekunden bzw. 180 Sekunden und kann online konfiguriert und aktualisiert werden.<\/p>\n<p class=\"p1\">Anwendbare Bereiche: Energie\u00fcbertragung, Energieerzeugung, Energieumwandlung, Finanzen und Wertpapiere, Kommunikation, Verkehr, Landesverteidigung, usw.<\/p>","protected":false},"excerpt":{"rendered":"<p>T-ASJ20 ist ein Timing-Sicherheits-Isolationsger\u00e4t f\u00fcr GNSS-Interferenzen, Spoofing und andere Szenarien, mit automatischer BeiDou-Umschaltung, Simulationssignalerzeugung und Systemisolation. Es verf\u00fcgt \u00fcber einen integrierten Mechanismus zur Z\u00e4hmung und zum Halten der lokalen Uhr und kann auch bei externen Anomalien eine Zeitgenauigkeit von mehr als 100 ns bieten. Es unterst\u00fctzt Anti-Retransmissions-Interferenzen, Echtzeit-\u00dcberwachung, unempfindliche Umschaltung und Remote-Upgrade, mit schneller Reaktion auf Interferenzen, um die Zeitsicherheit zu gew\u00e4hrleisten. Geeignet f\u00fcr die Bereiche Strom, Finanzen, Kommunikation, nationale Verteidigung und andere Bereiche.<\/p>","protected":false},"featured_media":4542,"template":"","meta":{"_acf_changed":false,"site-sidebar-layout":"default","site-content-layout":"","ast-site-content-layout":"default","site-content-style":"default","site-sidebar-style":"default","ast-global-header-display":"","ast-banner-title-visibility":"","ast-main-header-display":"","ast-hfb-above-header-display":"","ast-hfb-below-header-display":"","ast-hfb-mobile-header-display":"","site-post-title":"","ast-breadcrumbs-content":"","ast-featured-img":"","footer-sml-layout":"","theme-transparent-header-meta":"default","adv-header-id-meta":"","stick-header-meta":"default","header-above-stick-meta":"","header-main-stick-meta":"","header-below-stick-meta":"","astra-migrate-meta-layouts":"set","ast-page-background-enabled":"default","ast-page-background-meta":{"desktop":{"background-color":"var(--ast-global-color-4)","background-image":"","background-repeat":"repeat","background-position":"center center","background-size":"auto","background-attachment":"scroll","background-type":"","background-media":"","overlay-type":"","overlay-color":"","overlay-opacity":"","overlay-gradient":""},"tablet":{"background-color":"","background-image":"","background-repeat":"repeat","background-position":"center center","background-size":"auto","background-attachment":"scroll","background-type":"","background-media":"","overlay-type":"","overlay-color":"","overlay-opacity":"","overlay-gradient":""},"mobile":{"background-color":"","background-image":"","background-repeat":"repeat","background-position":"center center","background-size":"auto","background-attachment":"scroll","background-type":"","background-media":"","overlay-type":"","overlay-color":"","overlay-opacity":"","overlay-gradient":""}},"ast-content-background-meta":{"desktop":{"background-color":"var(--ast-global-color-5)","background-image":"","background-repeat":"repeat","background-position":"center center","background-size":"auto","background-attachment":"scroll","background-type":"","background-media":"","overlay-type":"","overlay-color":"","overlay-opacity":"","overlay-gradient":""},"tablet":{"background-color":"var(--ast-global-color-5)","background-image":"","background-repeat":"repeat","background-position":"center center","background-size":"auto","background-attachment":"scroll","background-type":"","background-media":"","overlay-type":"","overlay-color":"","overlay-opacity":"","overlay-gradient":""},"mobile":{"background-color":"var(--ast-global-color-5)","background-image":"","background-repeat":"repeat","background-position":"center center","background-size":"auto","background-attachment":"scroll","background-type":"","background-media":"","overlay-type":"","overlay-color":"","overlay-opacity":"","overlay-gradient":""}}},"product_brand":[],"product_cat":[69],"product_tag":[],"class_list":{"0":"post-4537","1":"product","2":"type-product","3":"status-publish","4":"has-post-thumbnail","6":"product_cat-69","7":"pa_--gnssgps-beidou-galileo-glonass","8":"pa_-197","9":"pa_-196","10":"pa_-181","11":"pa_---1u","12":"pa_--0-c--70-c","13":"pa_--40c--85c","14":"pa_-industrial-automation","15":"pa_-data-center-and-computing","16":"pa_-power-and-energy","17":"pa_-military-aviation","18":"pa_-communications-infrastructure","19":"pa_-financial-transactions","20":"pa_--1us24h","21":"pa_-jamming-and-deception-detection","22":"pa_-anti-interference-deception","23":"pa_---155dbc-hz1khz","24":"pa_-227","25":"pa_-225","26":"pa_-1-ppsttl-rs-422","27":"pa_-10mhz-sine-wave-square-wave-output","28":"pa_-rj451g","29":"pa_-todrs-232-nmea","30":"pa_-ac-220v-","31":"desktop-align-left","32":"tablet-align-left","33":"mobile-align-left","34":"ast-product-gallery-layout-first-image-large","35":"ast-product-gallery-with-no-image","36":"ast-product-tabs-layout-horizontal","38":"first","39":"instock","40":"shipping-taxable","41":"product-type-simple"},"acf":[],"yoast_head":"<!-- This site is optimized with the Yoast SEO plugin v26.0 - https:\/\/yoast.com\/wordpress\/plugins\/seo\/ -->\n<title>T-ASJ20 GNSS \u6388\u65f6\u5b89\u5168\u9694\u79bb\u8bbe\u5907 - \u5317\u6597\u90a6\u6cf0\u5b98\u7f51<\/title>\n<meta name=\"robots\" content=\"index, follow, max-snippet:-1, max-image-preview:large, max-video-preview:-1\" \/>\n<link rel=\"canonical\" href=\"https:\/\/www.bdpnt.com\/es\/product\/t-asj20-gnss-dispositivo-de-aislamiento-de-seguridad-de-temporizacion-2\/\" \/>\n<meta property=\"og:locale\" content=\"de_DE\" \/>\n<meta property=\"og:type\" content=\"article\" \/>\n<meta property=\"og:title\" content=\"T-ASJ20 GNSS \u6388\u65f6\u5b89\u5168\u9694\u79bb\u8bbe\u5907 - \u5317\u6597\u90a6\u6cf0\u5b98\u7f51\" \/>\n<meta property=\"og:description\" content=\"T-ASJ20 \u662f\u4e00\u6b3e\u9762\u5411GNSS\u5e72\u6270\u3001\u6b3a\u9a97\u7b49\u573a\u666f\u7684\u6388\u65f6\u5b89\u5168\u9694\u79bb\u8bbe\u5907\uff0c\u5177\u5907\u5317\u6597\u81ea\u52a8\u5207\u6362\u3001\u4eff\u771f\u4fe1\u53f7\u751f\u6210\u4e0e\u7cfb\u7edf\u9694\u79bb\u529f\u80fd\u3002\u5185\u7f6e\u672c\u5730\u949f\u9a6f\u670d\u4e0e\u4fdd\u6301\u673a\u5236\uff0c\u5916\u90e8\u5f02\u5e38\u65f6\u4ecd\u53ef\u63d0\u4f9b\u4f18\u4e8e100ns\u7684\u6388\u65f6\u7cbe\u5ea6\u3002\u652f\u6301\u9632\u8f6c\u53d1\u5e72\u6270\u3001\u5b9e\u65f6\u76d1\u6d4b\u3001\u65e0\u611f\u5207\u6362\u4e0e\u8fdc\u7a0b\u5347\u7ea7\uff0c\u5e72\u6270\u54cd\u5e94\u5feb\uff0c\u4fdd\u969c\u65f6\u95f4\u5b89\u5168\u3002\u9002\u7528\u4e8e\u7535\u529b\u3001\u91d1\u878d\u3001\u901a\u4fe1\u3001\u56fd\u9632\u7b49\u9886\u57df\u3002\" \/>\n<meta property=\"og:url\" content=\"https:\/\/www.bdpnt.com\/es\/product\/t-asj20-gnss-dispositivo-de-aislamiento-de-seguridad-de-temporizacion-2\/\" \/>\n<meta property=\"og:site_name\" content=\"\u5317\u6597\u90a6\u6cf0\u5b98\u7f51\" \/>\n<meta property=\"article:modified_time\" content=\"2026-03-18T06:32:42+00:00\" \/>\n<meta property=\"og:image\" content=\"https:\/\/www.bdpnt.com\/wp-content\/uploads\/2025\/07\/T-ASJ20-\u84dd\u8272\u4ea7\u54c1\u80cc\u666f\u6a21\u7248.png\" \/>\n\t<meta property=\"og:image:width\" content=\"960\" \/>\n\t<meta property=\"og:image:height\" content=\"480\" \/>\n\t<meta property=\"og:image:type\" content=\"image\/png\" \/>\n<meta name=\"twitter:card\" content=\"summary_large_image\" \/>\n<script type=\"application\/ld+json\" class=\"yoast-schema-graph\">{\"@context\":\"https:\/\/schema.org\",\"@graph\":[{\"@type\":\"WebPage\",\"@id\":\"https:\/\/www.bdpnt.com\/es\/product\/t-asj20-gnss-dispositivo-de-aislamiento-de-seguridad-de-temporizacion-2\/\",\"url\":\"https:\/\/www.bdpnt.com\/es\/product\/t-asj20-gnss-dispositivo-de-aislamiento-de-seguridad-de-temporizacion-2\/\",\"name\":\"T-ASJ20 GNSS \u6388\u65f6\u5b89\u5168\u9694\u79bb\u8bbe\u5907 - \u5317\u6597\u90a6\u6cf0\u5b98\u7f51\",\"isPartOf\":{\"@id\":\"https:\/\/www.bdpnt.com\/fr\/#website\"},\"primaryImageOfPage\":{\"@id\":\"https:\/\/www.bdpnt.com\/es\/product\/t-asj20-gnss-dispositivo-de-aislamiento-de-seguridad-de-temporizacion-2\/#primaryimage\"},\"image\":{\"@id\":\"https:\/\/www.bdpnt.com\/es\/product\/t-asj20-gnss-dispositivo-de-aislamiento-de-seguridad-de-temporizacion-2\/#primaryimage\"},\"thumbnailUrl\":\"https:\/\/bdpnt.com\/wp-content\/uploads\/2025\/07\/T-ASJ20-\u84dd\u8272\u4ea7\u54c1\u80cc\u666f\u6a21\u7248.png\",\"datePublished\":\"2025-07-14T08:14:17+00:00\",\"dateModified\":\"2026-03-18T06:32:42+00:00\",\"breadcrumb\":{\"@id\":\"https:\/\/www.bdpnt.com\/es\/product\/t-asj20-gnss-dispositivo-de-aislamiento-de-seguridad-de-temporizacion-2\/#breadcrumb\"},\"inLanguage\":\"de-AT\",\"potentialAction\":[{\"@type\":\"ReadAction\",\"target\":[\"https:\/\/www.bdpnt.com\/es\/product\/t-asj20-gnss-dispositivo-de-aislamiento-de-seguridad-de-temporizacion-2\/\"]}]},{\"@type\":\"ImageObject\",\"inLanguage\":\"de-AT\",\"@id\":\"https:\/\/www.bdpnt.com\/es\/product\/t-asj20-gnss-dispositivo-de-aislamiento-de-seguridad-de-temporizacion-2\/#primaryimage\",\"url\":\"https:\/\/bdpnt.com\/wp-content\/uploads\/2025\/07\/T-ASJ20-\u84dd\u8272\u4ea7\u54c1\u80cc\u666f\u6a21\u7248.png\",\"contentUrl\":\"https:\/\/bdpnt.com\/wp-content\/uploads\/2025\/07\/T-ASJ20-\u84dd\u8272\u4ea7\u54c1\u80cc\u666f\u6a21\u7248.png\",\"width\":960,\"height\":480},{\"@type\":\"BreadcrumbList\",\"@id\":\"https:\/\/www.bdpnt.com\/es\/product\/t-asj20-gnss-dispositivo-de-aislamiento-de-seguridad-de-temporizacion-2\/#breadcrumb\",\"itemListElement\":[{\"@type\":\"ListItem\",\"position\":1,\"name\":\"\u9996\u9875\",\"item\":\"https:\/\/bdpnt.com\/ru\/\"},{\"@type\":\"ListItem\",\"position\":2,\"name\":\"Shop\",\"item\":\"https:\/\/bdpnt.com\/ru\/%d0%bc%d0%b0%d0%b3%d0%b0%d0%b7%d0%b8%d0%bd\/\"},{\"@type\":\"ListItem\",\"position\":3,\"name\":\"\u4ea7\u54c1\",\"item\":\"https:\/\/bdpnt.com\/ru\/product-category\/%d0%bf%d1%80%d0%be%d0%b4%d1%83%d0%ba%d1%86%d0%b8%d1%8f\/\"},{\"@type\":\"ListItem\",\"position\":4,\"name\":\"\u5e72\u6270\u68c0\u6d4b\u4e0e\u7f13\u89e3\",\"item\":\"https:\/\/www.bdpnt.com\/es\/product-category\/productos\/deteccion-y-mitigacion-de-interferencias-2\/\"},{\"@type\":\"ListItem\",\"position\":5,\"name\":\"\u751f\u6210\u5f0f\u6297\u5e72\u6270\",\"item\":\"https:\/\/www.bdpnt.com\/es\/product-category\/productos\/deteccion-y-mitigacion-de-interferencias-2\/antiinterferencias-generativas\/\"},{\"@type\":\"ListItem\",\"position\":6,\"name\":\"T-ASJ20 GNSS \u6388\u65f6\u5b89\u5168\u9694\u79bb\u8bbe\u5907\"}]},{\"@type\":\"WebSite\",\"@id\":\"https:\/\/www.bdpnt.com\/fr\/#website\",\"url\":\"https:\/\/www.bdpnt.com\/fr\/\",\"name\":\"\u5317\u6597\u90a6\u6cf0\u5b98\u7f51\",\"description\":\"bdstar time website\",\"publisher\":{\"@id\":\"https:\/\/www.bdpnt.com\/fr\/#organization\"},\"alternateName\":\"BDSTAR TIME\",\"potentialAction\":[{\"@type\":\"SearchAction\",\"target\":{\"@type\":\"EntryPoint\",\"urlTemplate\":\"https:\/\/www.bdpnt.com\/fr\/?s={search_term_string}\"},\"query-input\":{\"@type\":\"PropertyValueSpecification\",\"valueRequired\":true,\"valueName\":\"search_term_string\"}}],\"inLanguage\":\"de-AT\"},{\"@type\":\"Organization\",\"@id\":\"https:\/\/www.bdpnt.com\/fr\/#organization\",\"name\":\"\u5317\u6597\u90a6\u6cf0\u5b98\u7f51\",\"alternateName\":\"BDSTAR TIME\",\"url\":\"https:\/\/www.bdpnt.com\/fr\/\",\"logo\":{\"@type\":\"ImageObject\",\"inLanguage\":\"de-AT\",\"@id\":\"https:\/\/www.bdpnt.com\/fr\/#\/schema\/logo\/image\/\",\"url\":\"https:\/\/bdpnt.com\/wp-content\/uploads\/2025\/04\/\u5317\u6597\u90a6\u6cf0\u6700\u7ec8logo-\u6700\u7ec8\u7248\u5f69\u8272.png\",\"contentUrl\":\"https:\/\/bdpnt.com\/wp-content\/uploads\/2025\/04\/\u5317\u6597\u90a6\u6cf0\u6700\u7ec8logo-\u6700\u7ec8\u7248\u5f69\u8272.png\",\"width\":234,\"height\":76,\"caption\":\"\u5317\u6597\u90a6\u6cf0\u5b98\u7f51\"},\"image\":{\"@id\":\"https:\/\/www.bdpnt.com\/fr\/#\/schema\/logo\/image\/\"}}]}<\/script>\n<!-- \/ Yoast SEO plugin. -->","yoast_head_json":{"title":"T-ASJ20 GNSS Timing Safety Isolation Device - BDO Bontec Official Website","robots":{"index":"index","follow":"follow","max-snippet":"max-snippet:-1","max-image-preview":"max-image-preview:large","max-video-preview":"max-video-preview:-1"},"canonical":"https:\/\/www.bdpnt.com\/es\/product\/t-asj20-gnss-dispositivo-de-aislamiento-de-seguridad-de-temporizacion-2\/","og_locale":"de_DE","og_type":"article","og_title":"T-ASJ20 GNSS \u6388\u65f6\u5b89\u5168\u9694\u79bb\u8bbe\u5907 - \u5317\u6597\u90a6\u6cf0\u5b98\u7f51","og_description":"T-ASJ20 \u662f\u4e00\u6b3e\u9762\u5411GNSS\u5e72\u6270\u3001\u6b3a\u9a97\u7b49\u573a\u666f\u7684\u6388\u65f6\u5b89\u5168\u9694\u79bb\u8bbe\u5907\uff0c\u5177\u5907\u5317\u6597\u81ea\u52a8\u5207\u6362\u3001\u4eff\u771f\u4fe1\u53f7\u751f\u6210\u4e0e\u7cfb\u7edf\u9694\u79bb\u529f\u80fd\u3002\u5185\u7f6e\u672c\u5730\u949f\u9a6f\u670d\u4e0e\u4fdd\u6301\u673a\u5236\uff0c\u5916\u90e8\u5f02\u5e38\u65f6\u4ecd\u53ef\u63d0\u4f9b\u4f18\u4e8e100ns\u7684\u6388\u65f6\u7cbe\u5ea6\u3002\u652f\u6301\u9632\u8f6c\u53d1\u5e72\u6270\u3001\u5b9e\u65f6\u76d1\u6d4b\u3001\u65e0\u611f\u5207\u6362\u4e0e\u8fdc\u7a0b\u5347\u7ea7\uff0c\u5e72\u6270\u54cd\u5e94\u5feb\uff0c\u4fdd\u969c\u65f6\u95f4\u5b89\u5168\u3002\u9002\u7528\u4e8e\u7535\u529b\u3001\u91d1\u878d\u3001\u901a\u4fe1\u3001\u56fd\u9632\u7b49\u9886\u57df\u3002","og_url":"https:\/\/www.bdpnt.com\/es\/product\/t-asj20-gnss-dispositivo-de-aislamiento-de-seguridad-de-temporizacion-2\/","og_site_name":"\u5317\u6597\u90a6\u6cf0\u5b98\u7f51","article_modified_time":"2026-03-18T06:32:42+00:00","og_image":[{"width":960,"height":480,"url":"https:\/\/www.bdpnt.com\/wp-content\/uploads\/2025\/07\/T-ASJ20-\u84dd\u8272\u4ea7\u54c1\u80cc\u666f\u6a21\u7248.png","type":"image\/png"}],"twitter_card":"summary_large_image","schema":{"@context":"https:\/\/schema.org","@graph":[{"@type":"WebPage","@id":"https:\/\/www.bdpnt.com\/es\/product\/t-asj20-gnss-dispositivo-de-aislamiento-de-seguridad-de-temporizacion-2\/","url":"https:\/\/www.bdpnt.com\/es\/product\/t-asj20-gnss-dispositivo-de-aislamiento-de-seguridad-de-temporizacion-2\/","name":"T-ASJ20 GNSS Timing Safety Isolation Device - BDO Bontec Official Website","isPartOf":{"@id":"https:\/\/www.bdpnt.com\/fr\/#website"},"primaryImageOfPage":{"@id":"https:\/\/www.bdpnt.com\/es\/product\/t-asj20-gnss-dispositivo-de-aislamiento-de-seguridad-de-temporizacion-2\/#primaryimage"},"image":{"@id":"https:\/\/www.bdpnt.com\/es\/product\/t-asj20-gnss-dispositivo-de-aislamiento-de-seguridad-de-temporizacion-2\/#primaryimage"},"thumbnailUrl":"https:\/\/bdpnt.com\/wp-content\/uploads\/2025\/07\/T-ASJ20-\u84dd\u8272\u4ea7\u54c1\u80cc\u666f\u6a21\u7248.png","datePublished":"2025-07-14T08:14:17+00:00","dateModified":"2026-03-18T06:32:42+00:00","breadcrumb":{"@id":"https:\/\/www.bdpnt.com\/es\/product\/t-asj20-gnss-dispositivo-de-aislamiento-de-seguridad-de-temporizacion-2\/#breadcrumb"},"inLanguage":"de-AT","potentialAction":[{"@type":"ReadAction","target":["https:\/\/www.bdpnt.com\/es\/product\/t-asj20-gnss-dispositivo-de-aislamiento-de-seguridad-de-temporizacion-2\/"]}]},{"@type":"ImageObject","inLanguage":"de-AT","@id":"https:\/\/www.bdpnt.com\/es\/product\/t-asj20-gnss-dispositivo-de-aislamiento-de-seguridad-de-temporizacion-2\/#primaryimage","url":"https:\/\/bdpnt.com\/wp-content\/uploads\/2025\/07\/T-ASJ20-\u84dd\u8272\u4ea7\u54c1\u80cc\u666f\u6a21\u7248.png","contentUrl":"https:\/\/bdpnt.com\/wp-content\/uploads\/2025\/07\/T-ASJ20-\u84dd\u8272\u4ea7\u54c1\u80cc\u666f\u6a21\u7248.png","width":960,"height":480},{"@type":"BreadcrumbList","@id":"https:\/\/www.bdpnt.com\/es\/product\/t-asj20-gnss-dispositivo-de-aislamiento-de-seguridad-de-temporizacion-2\/#breadcrumb","itemListElement":[{"@type":"ListItem","position":1,"name":"\u9996\u9875","item":"https:\/\/bdpnt.com\/ru\/"},{"@type":"ListItem","position":2,"name":"Shop","item":"https:\/\/bdpnt.com\/ru\/%d0%bc%d0%b0%d0%b3%d0%b0%d0%b7%d0%b8%d0%bd\/"},{"@type":"ListItem","position":3,"name":"\u4ea7\u54c1","item":"https:\/\/bdpnt.com\/ru\/product-category\/%d0%bf%d1%80%d0%be%d0%b4%d1%83%d0%ba%d1%86%d0%b8%d1%8f\/"},{"@type":"ListItem","position":4,"name":"\u5e72\u6270\u68c0\u6d4b\u4e0e\u7f13\u89e3","item":"https:\/\/www.bdpnt.com\/es\/product-category\/productos\/deteccion-y-mitigacion-de-interferencias-2\/"},{"@type":"ListItem","position":5,"name":"\u751f\u6210\u5f0f\u6297\u5e72\u6270","item":"https:\/\/www.bdpnt.com\/es\/product-category\/productos\/deteccion-y-mitigacion-de-interferencias-2\/antiinterferencias-generativas\/"},{"@type":"ListItem","position":6,"name":"T-ASJ20 GNSS \u6388\u65f6\u5b89\u5168\u9694\u79bb\u8bbe\u5907"}]},{"@type":"WebSite","@id":"https:\/\/www.bdpnt.com\/fr\/#website","url":"https:\/\/www.bdpnt.com\/fr\/","name":"Beidoubangtai Offizielle Website","description":"bdstar time website","publisher":{"@id":"https:\/\/www.bdpnt.com\/fr\/#organization"},"alternateName":"BDSTAR TIME","potentialAction":[{"@type":"SearchAction","target":{"@type":"EntryPoint","urlTemplate":"https:\/\/www.bdpnt.com\/fr\/?s={search_term_string}"},"query-input":{"@type":"PropertyValueSpecification","valueRequired":true,"valueName":"search_term_string"}}],"inLanguage":"de-AT"},{"@type":"Organization","@id":"https:\/\/www.bdpnt.com\/fr\/#organization","name":"Beidoubangtai Offizielle Website","alternateName":"BDSTAR TIME","url":"https:\/\/www.bdpnt.com\/fr\/","logo":{"@type":"ImageObject","inLanguage":"de-AT","@id":"https:\/\/www.bdpnt.com\/fr\/#\/schema\/logo\/image\/","url":"https:\/\/bdpnt.com\/wp-content\/uploads\/2025\/04\/\u5317\u6597\u90a6\u6cf0\u6700\u7ec8logo-\u6700\u7ec8\u7248\u5f69\u8272.png","contentUrl":"https:\/\/bdpnt.com\/wp-content\/uploads\/2025\/04\/\u5317\u6597\u90a6\u6cf0\u6700\u7ec8logo-\u6700\u7ec8\u7248\u5f69\u8272.png","width":234,"height":76,"caption":"\u5317\u6597\u90a6\u6cf0\u5b98\u7f51"},"image":{"@id":"https:\/\/www.bdpnt.com\/fr\/#\/schema\/logo\/image\/"}}]}},"_links":{"self":[{"href":"https:\/\/bdpnt.com\/de\/wp-json\/wp\/v2\/product\/4537","targetHints":{"allow":["GET"]}}],"collection":[{"href":"https:\/\/bdpnt.com\/de\/wp-json\/wp\/v2\/product"}],"about":[{"href":"https:\/\/bdpnt.com\/de\/wp-json\/wp\/v2\/types\/product"}],"version-history":[{"count":10,"href":"https:\/\/bdpnt.com\/de\/wp-json\/wp\/v2\/product\/4537\/revisions"}],"predecessor-version":[{"id":4551,"href":"https:\/\/bdpnt.com\/de\/wp-json\/wp\/v2\/product\/4537\/revisions\/4551"}],"wp:featuredmedia":[{"embeddable":true,"href":"https:\/\/bdpnt.com\/de\/wp-json\/wp\/v2\/media\/4542"}],"wp:attachment":[{"href":"https:\/\/bdpnt.com\/de\/wp-json\/wp\/v2\/media?parent=4537"}],"wp:term":[{"taxonomy":"product_brand","embeddable":true,"href":"https:\/\/bdpnt.com\/de\/wp-json\/wp\/v2\/product_brand?post=4537"},{"taxonomy":"product_cat","embeddable":true,"href":"https:\/\/bdpnt.com\/de\/wp-json\/wp\/v2\/product_cat?post=4537"},{"taxonomy":"product_tag","embeddable":true,"href":"https:\/\/bdpnt.com\/de\/wp-json\/wp\/v2\/product_tag?post=4537"}],"curies":[{"name":"wp","href":"https:\/\/api.w.org\/{rel}","templated":true}]}}