{"id":4484,"date":"2025-07-14T13:37:20","date_gmt":"2025-07-14T05:37:20","guid":{"rendered":"https:\/\/bdstarpnt.com\/?post_type=product&#038;p=4484"},"modified":"2026-03-18T14:33:00","modified_gmt":"2026-03-18T06:33:00","slug":"t-asj10-gnss","status":"publish","type":"product","link":"https:\/\/bdpnt.com\/de\/product\/t-asj10-gnss\/","title":{"rendered":"T-ASJ10 GNSS Spoofed Interference Sicherheitseinrichtung"},"content":{"rendered":"<p class=\"p1\">T-ASJ10 GNSS Spoofing-Interferenz-Sicherheitsausr\u00fcstung nimmt fortschrittliche Anti-Spoofing-Interferenz-Technologie, die effektiv zu erkennen und zu identifizieren Spoofing-Interferenz-Signale, und schnell abzuschalten und zu isolieren, die abnorme Signale, um die Auswirkungen von Spoofing-Interferenz zu beseitigen.T-ASJ10 Antenne nimmt hohe Verst\u00e4rkung, breite direktionale Karte Strahl mit stabiler Weitwinkel-Zirkularpolarisation Leistung und Multi-Feedback-Punkt-Design mit stabilen Phase Zentrum zu gew\u00e4hrleisten Multi-System-Tracking-Genauigkeit. Der LNA der Antenne verf\u00fcgt \u00fcber eine ausgezeichnete Leistung zur Unterdr\u00fcckung von St\u00f6rungen au\u00dferhalb des Frequenzbandes, wodurch nutzlose elektromagnetische Interferenzen unterdr\u00fcckt und stabile und zuverl\u00e4ssige GNSS-Signale bereitgestellt werden k\u00f6nnen. Das Ger\u00e4t verf\u00fcgt \u00fcber eine redundante Stromversorgung, um die Zuverl\u00e4ssigkeit zu erh\u00f6hen. Der Bildschirm bietet eine umfangreiche Anzeige von Systeminformationen, und die zweifarbigen LEDs zeigen intuitiv alle Arten von Alarminformationen an.<\/p>\n<p class=\"p1\">Anwendbare Bereiche: Energie\u00fcbertragung, Energieerzeugung, Energieumwandlung, Finanzen und Wertpapiere, Kommunikation, Verkehr, Landesverteidigung, usw.<\/p>","protected":false},"excerpt":{"rendered":"<p>T-ASJ10 ist ein Ger\u00e4t zum Schutz vor GNSS-Spoofing-St\u00f6rungen mit Signalidentifizierung, Isolierung und schneller Beseitigungsfunktion. Die zirkular polarisierte Antenne mit hohem Gewinn unterst\u00fctzt die Verfolgung mehrerer Systeme, eine starke Anti-Interferenz, ein stabiles Phasenzentrum und passt sich an eine komplexe elektromagnetische Umgebung an. Die eingebaute LNA-Ausserbandunterdr\u00fcckung ist hervorragend und vermeidet den Verlust der Empf\u00e4ngerverriegelung. Unterst\u00fctzt eine redundante Stromversorgung und ist mit einem Informationsbildschirm und einer zweifarbigen Warnleuchte ausgestattet, um die Systemsicherheit sowie die Betriebs- und Wartungseffizienz zu erh\u00f6hen. Geeignet f\u00fcr elektrische Energie, Finanzen, Kommunikation, Transport und andere Bereiche.<\/p>","protected":false},"featured_media":4518,"template":"","meta":{"_acf_changed":false,"site-sidebar-layout":"default","site-content-layout":"","ast-site-content-layout":"default","site-content-style":"default","site-sidebar-style":"default","ast-global-header-display":"","ast-banner-title-visibility":"","ast-main-header-display":"","ast-hfb-above-header-display":"","ast-hfb-below-header-display":"","ast-hfb-mobile-header-display":"","site-post-title":"","ast-breadcrumbs-content":"","ast-featured-img":"","footer-sml-layout":"","theme-transparent-header-meta":"default","adv-header-id-meta":"","stick-header-meta":"default","header-above-stick-meta":"","header-main-stick-meta":"","header-below-stick-meta":"","astra-migrate-meta-layouts":"set","ast-page-background-enabled":"default","ast-page-background-meta":{"desktop":{"background-color":"var(--ast-global-color-4)","background-image":"","background-repeat":"repeat","background-position":"center center","background-size":"auto","background-attachment":"scroll","background-type":"","background-media":"","overlay-type":"","overlay-color":"","overlay-opacity":"","overlay-gradient":""},"tablet":{"background-color":"","background-image":"","background-repeat":"repeat","background-position":"center center","background-size":"auto","background-attachment":"scroll","background-type":"","background-media":"","overlay-type":"","overlay-color":"","overlay-opacity":"","overlay-gradient":""},"mobile":{"background-color":"","background-image":"","background-repeat":"repeat","background-position":"center center","background-size":"auto","background-attachment":"scroll","background-type":"","background-media":"","overlay-type":"","overlay-color":"","overlay-opacity":"","overlay-gradient":""}},"ast-content-background-meta":{"desktop":{"background-color":"var(--ast-global-color-5)","background-image":"","background-repeat":"repeat","background-position":"center center","background-size":"auto","background-attachment":"scroll","background-type":"","background-media":"","overlay-type":"","overlay-color":"","overlay-opacity":"","overlay-gradient":""},"tablet":{"background-color":"var(--ast-global-color-5)","background-image":"","background-repeat":"repeat","background-position":"center center","background-size":"auto","background-attachment":"scroll","background-type":"","background-media":"","overlay-type":"","overlay-color":"","overlay-opacity":"","overlay-gradient":""},"mobile":{"background-color":"var(--ast-global-color-5)","background-image":"","background-repeat":"repeat","background-position":"center center","background-size":"auto","background-attachment":"scroll","background-type":"","background-media":"","overlay-type":"","overlay-color":"","overlay-opacity":"","overlay-gradient":""}}},"product_brand":[],"product_cat":[68],"product_tag":[282],"class_list":{"0":"post-4484","1":"product","2":"type-product","3":"status-publish","4":"has-post-thumbnail","6":"product_cat-68","7":"product_tag-t-asj10-gnss","8":"pa_--gnssgps-beidou-galileo-glonass","9":"pa_--web-snmp-syslog","10":"pa_-cpu","11":"pa_-197","12":"pa_-196","13":"pa_-181","14":"pa_---1u","15":"pa_--0-c--70-c","16":"pa_--40c--85c","17":"pa_-industrial-automation","18":"pa_-data-center-and-computing","19":"pa_-intelligent-transportation","20":"pa_-power-and-energy","21":"pa_-military-aviation","22":"pa_-communications-infrastructure","23":"pa_-financial-transactions","24":"pa_-jamming-and-deception-detection","25":"pa_-rj451g","26":"pa_-ac-220v-","27":"desktop-align-left","28":"tablet-align-left","29":"mobile-align-left","30":"ast-product-gallery-layout-first-image-large","31":"ast-product-gallery-with-no-image","32":"ast-product-tabs-layout-horizontal","34":"first","35":"instock","36":"shipping-taxable","37":"product-type-simple"},"acf":[],"yoast_head":"<!-- This site is optimized with the Yoast SEO plugin v26.0 - https:\/\/yoast.com\/wordpress\/plugins\/seo\/ -->\n<title>T-ASJ10 GNSS \u6b3a\u9a97\u5e72\u6270\u5b89\u5168\u9632\u62a4\u8bbe\u5907 - \u5317\u6597\u90a6\u6cf0\u5b98\u7f51<\/title>\n<meta name=\"robots\" content=\"index, follow, max-snippet:-1, max-image-preview:large, max-video-preview:-1\" \/>\n<link rel=\"canonical\" href=\"https:\/\/www.bdpnt.com\/product\/t-asj10-gnss\/\" \/>\n<meta property=\"og:locale\" content=\"de_DE\" \/>\n<meta property=\"og:type\" content=\"article\" \/>\n<meta property=\"og:title\" content=\"T-ASJ10 GNSS \u6b3a\u9a97\u5e72\u6270\u5b89\u5168\u9632\u62a4\u8bbe\u5907 - \u5317\u6597\u90a6\u6cf0\u5b98\u7f51\" \/>\n<meta property=\"og:description\" content=\"T-ASJ10 \u662f\u4e00\u6b3eGNSS\u6b3a\u9a97\u5e72\u6270\u9632\u62a4\u8bbe\u5907\uff0c\u5177\u5907\u4fe1\u53f7\u8bc6\u522b\u3001\u9694\u79bb\u4e0e\u5feb\u901f\u5904\u7f6e\u80fd\u529b\u3002\u9ad8\u589e\u76ca\u5706\u6781\u5316\u5929\u7ebf\u652f\u6301\u591a\u7cfb\u7edf\u8ddf\u8e2a\uff0c\u6297\u5e72\u6270\u5f3a\u3001\u76f8\u4f4d\u4e2d\u5fc3\u7a33\u5b9a\uff0c\u9002\u5e94\u590d\u6742\u7535\u78c1\u73af\u5883\u3002\u5185\u7f6eLNA\u5e26\u5916\u6291\u5236\u4f18\u5f02\uff0c\u907f\u514d\u63a5\u6536\u673a\u5931\u9501\u3002\u652f\u6301\u5197\u4f59\u7535\u6e90\uff0c\u914d\u5907\u4fe1\u606f\u5c4f\u548c\u53cc\u8272\u544a\u8b66\u706f\uff0c\u63d0\u5347\u7cfb\u7edf\u5b89\u5168\u4e0e\u8fd0\u7ef4\u6548\u7387\u3002\u9002\u7528\u4e8e\u7535\u529b\u3001\u91d1\u878d\u3001\u901a\u4fe1\u3001\u4ea4\u901a\u7b49\u9886\u57df\u3002\" \/>\n<meta property=\"og:url\" content=\"https:\/\/www.bdpnt.com\/product\/t-asj10-gnss\/\" \/>\n<meta property=\"og:site_name\" content=\"\u5317\u6597\u90a6\u6cf0\u5b98\u7f51\" \/>\n<meta property=\"article:modified_time\" content=\"2026-03-18T06:33:00+00:00\" \/>\n<meta property=\"og:image\" content=\"https:\/\/www.bdpnt.com\/wp-content\/uploads\/2025\/07\/T-ASJ10-\u4fa7\u9762\u56fe-\u84dd\u8272\u4ea7\u54c1\u80cc\u666f\u6a21\u72481.png\" \/>\n\t<meta property=\"og:image:width\" content=\"960\" \/>\n\t<meta property=\"og:image:height\" content=\"480\" \/>\n\t<meta property=\"og:image:type\" content=\"image\/png\" \/>\n<meta name=\"twitter:card\" content=\"summary_large_image\" \/>\n<script type=\"application\/ld+json\" class=\"yoast-schema-graph\">{\"@context\":\"https:\/\/schema.org\",\"@graph\":[{\"@type\":\"WebPage\",\"@id\":\"https:\/\/www.bdpnt.com\/product\/t-asj10-gnss\/\",\"url\":\"https:\/\/www.bdpnt.com\/product\/t-asj10-gnss\/\",\"name\":\"T-ASJ10 GNSS \u6b3a\u9a97\u5e72\u6270\u5b89\u5168\u9632\u62a4\u8bbe\u5907 - \u5317\u6597\u90a6\u6cf0\u5b98\u7f51\",\"isPartOf\":{\"@id\":\"https:\/\/www.bdpnt.com\/#website\"},\"primaryImageOfPage\":{\"@id\":\"https:\/\/www.bdpnt.com\/product\/t-asj10-gnss\/#primaryimage\"},\"image\":{\"@id\":\"https:\/\/www.bdpnt.com\/product\/t-asj10-gnss\/#primaryimage\"},\"thumbnailUrl\":\"https:\/\/bdpnt.com\/wp-content\/uploads\/2025\/07\/T-ASJ10-\u4fa7\u9762\u56fe-\u84dd\u8272\u4ea7\u54c1\u80cc\u666f\u6a21\u72481.png\",\"datePublished\":\"2025-07-14T05:37:20+00:00\",\"dateModified\":\"2026-03-18T06:33:00+00:00\",\"breadcrumb\":{\"@id\":\"https:\/\/www.bdpnt.com\/product\/t-asj10-gnss\/#breadcrumb\"},\"inLanguage\":\"de-AT\",\"potentialAction\":[{\"@type\":\"ReadAction\",\"target\":[\"https:\/\/www.bdpnt.com\/product\/t-asj10-gnss\/\"]}]},{\"@type\":\"ImageObject\",\"inLanguage\":\"de-AT\",\"@id\":\"https:\/\/www.bdpnt.com\/product\/t-asj10-gnss\/#primaryimage\",\"url\":\"https:\/\/bdpnt.com\/wp-content\/uploads\/2025\/07\/T-ASJ10-\u4fa7\u9762\u56fe-\u84dd\u8272\u4ea7\u54c1\u80cc\u666f\u6a21\u72481.png\",\"contentUrl\":\"https:\/\/bdpnt.com\/wp-content\/uploads\/2025\/07\/T-ASJ10-\u4fa7\u9762\u56fe-\u84dd\u8272\u4ea7\u54c1\u80cc\u666f\u6a21\u72481.png\",\"width\":960,\"height\":480},{\"@type\":\"BreadcrumbList\",\"@id\":\"https:\/\/www.bdpnt.com\/product\/t-asj10-gnss\/#breadcrumb\",\"itemListElement\":[{\"@type\":\"ListItem\",\"position\":1,\"name\":\"\u9996\u9875\",\"item\":\"https:\/\/www.bdpnt.com\/\"},{\"@type\":\"ListItem\",\"position\":2,\"name\":\"Shop\",\"item\":\"https:\/\/www.bdpnt.com\/shop\/\"},{\"@type\":\"ListItem\",\"position\":3,\"name\":\"\u4ea7\u54c1\",\"item\":\"https:\/\/www.bdpnt.com\/product-category\/products\/\"},{\"@type\":\"ListItem\",\"position\":4,\"name\":\"\u5e72\u6270\u68c0\u6d4b\u4e0e\u7f13\u89e3\",\"item\":\"https:\/\/bdpnt.com\/product-category\/products\/interference-detection-and-mitigation-2\/\"},{\"@type\":\"ListItem\",\"position\":5,\"name\":\"\u5173\u65ad\u5f0f\u6297\u5e72\u6270\",\"item\":\"https:\/\/www.bdpnt.com\/product-category\/products\/interference-detection-and-mitigation-2\/%e5%85%b3%e6%96%ad%e5%bc%8f%e6%8a%97%e5%b9%b2%e6%89%b0\/\"},{\"@type\":\"ListItem\",\"position\":6,\"name\":\"T-ASJ10 GNSS \u6b3a\u9a97\u5e72\u6270\u5b89\u5168\u9632\u62a4\u8bbe\u5907\"}]},{\"@type\":\"WebSite\",\"@id\":\"https:\/\/www.bdpnt.com\/#website\",\"url\":\"https:\/\/www.bdpnt.com\/\",\"name\":\"\u5317\u6597\u90a6\u6cf0\u5b98\u7f51\",\"description\":\"bdstar time website\",\"publisher\":{\"@id\":\"https:\/\/www.bdpnt.com\/#organization\"},\"alternateName\":\"BDSTAR TIME\",\"potentialAction\":[{\"@type\":\"SearchAction\",\"target\":{\"@type\":\"EntryPoint\",\"urlTemplate\":\"https:\/\/www.bdpnt.com\/?s={search_term_string}\"},\"query-input\":{\"@type\":\"PropertyValueSpecification\",\"valueRequired\":true,\"valueName\":\"search_term_string\"}}],\"inLanguage\":\"de-AT\"},{\"@type\":\"Organization\",\"@id\":\"https:\/\/www.bdpnt.com\/#organization\",\"name\":\"\u5317\u6597\u90a6\u6cf0\u5b98\u7f51\",\"alternateName\":\"BDSTAR TIME\",\"url\":\"https:\/\/www.bdpnt.com\/\",\"logo\":{\"@type\":\"ImageObject\",\"inLanguage\":\"de-AT\",\"@id\":\"https:\/\/www.bdpnt.com\/#\/schema\/logo\/image\/\",\"url\":\"https:\/\/bdpnt.com\/wp-content\/uploads\/2025\/04\/\u5317\u6597\u90a6\u6cf0\u6700\u7ec8logo-\u6700\u7ec8\u7248\u5f69\u8272.png\",\"contentUrl\":\"https:\/\/bdpnt.com\/wp-content\/uploads\/2025\/04\/\u5317\u6597\u90a6\u6cf0\u6700\u7ec8logo-\u6700\u7ec8\u7248\u5f69\u8272.png\",\"width\":234,\"height\":76,\"caption\":\"\u5317\u6597\u90a6\u6cf0\u5b98\u7f51\"},\"image\":{\"@id\":\"https:\/\/www.bdpnt.com\/#\/schema\/logo\/image\/\"}}]}<\/script>\n<!-- \/ Yoast SEO plugin. -->","yoast_head_json":{"title":"T-ASJ10 GNSS Spoofing Interference Sicherheitsausr\u00fcstung - BDO Bontec Official Website","robots":{"index":"index","follow":"follow","max-snippet":"max-snippet:-1","max-image-preview":"max-image-preview:large","max-video-preview":"max-video-preview:-1"},"canonical":"https:\/\/www.bdpnt.com\/product\/t-asj10-gnss\/","og_locale":"de_DE","og_type":"article","og_title":"T-ASJ10 GNSS \u6b3a\u9a97\u5e72\u6270\u5b89\u5168\u9632\u62a4\u8bbe\u5907 - \u5317\u6597\u90a6\u6cf0\u5b98\u7f51","og_description":"T-ASJ10 \u662f\u4e00\u6b3eGNSS\u6b3a\u9a97\u5e72\u6270\u9632\u62a4\u8bbe\u5907\uff0c\u5177\u5907\u4fe1\u53f7\u8bc6\u522b\u3001\u9694\u79bb\u4e0e\u5feb\u901f\u5904\u7f6e\u80fd\u529b\u3002\u9ad8\u589e\u76ca\u5706\u6781\u5316\u5929\u7ebf\u652f\u6301\u591a\u7cfb\u7edf\u8ddf\u8e2a\uff0c\u6297\u5e72\u6270\u5f3a\u3001\u76f8\u4f4d\u4e2d\u5fc3\u7a33\u5b9a\uff0c\u9002\u5e94\u590d\u6742\u7535\u78c1\u73af\u5883\u3002\u5185\u7f6eLNA\u5e26\u5916\u6291\u5236\u4f18\u5f02\uff0c\u907f\u514d\u63a5\u6536\u673a\u5931\u9501\u3002\u652f\u6301\u5197\u4f59\u7535\u6e90\uff0c\u914d\u5907\u4fe1\u606f\u5c4f\u548c\u53cc\u8272\u544a\u8b66\u706f\uff0c\u63d0\u5347\u7cfb\u7edf\u5b89\u5168\u4e0e\u8fd0\u7ef4\u6548\u7387\u3002\u9002\u7528\u4e8e\u7535\u529b\u3001\u91d1\u878d\u3001\u901a\u4fe1\u3001\u4ea4\u901a\u7b49\u9886\u57df\u3002","og_url":"https:\/\/www.bdpnt.com\/product\/t-asj10-gnss\/","og_site_name":"\u5317\u6597\u90a6\u6cf0\u5b98\u7f51","article_modified_time":"2026-03-18T06:33:00+00:00","og_image":[{"width":960,"height":480,"url":"https:\/\/www.bdpnt.com\/wp-content\/uploads\/2025\/07\/T-ASJ10-\u4fa7\u9762\u56fe-\u84dd\u8272\u4ea7\u54c1\u80cc\u666f\u6a21\u72481.png","type":"image\/png"}],"twitter_card":"summary_large_image","schema":{"@context":"https:\/\/schema.org","@graph":[{"@type":"WebPage","@id":"https:\/\/www.bdpnt.com\/product\/t-asj10-gnss\/","url":"https:\/\/www.bdpnt.com\/product\/t-asj10-gnss\/","name":"T-ASJ10 GNSS Spoofing Interference Sicherheitsausr\u00fcstung - BDO Bontec Official Website","isPartOf":{"@id":"https:\/\/www.bdpnt.com\/#website"},"primaryImageOfPage":{"@id":"https:\/\/www.bdpnt.com\/product\/t-asj10-gnss\/#primaryimage"},"image":{"@id":"https:\/\/www.bdpnt.com\/product\/t-asj10-gnss\/#primaryimage"},"thumbnailUrl":"https:\/\/bdpnt.com\/wp-content\/uploads\/2025\/07\/T-ASJ10-\u4fa7\u9762\u56fe-\u84dd\u8272\u4ea7\u54c1\u80cc\u666f\u6a21\u72481.png","datePublished":"2025-07-14T05:37:20+00:00","dateModified":"2026-03-18T06:33:00+00:00","breadcrumb":{"@id":"https:\/\/www.bdpnt.com\/product\/t-asj10-gnss\/#breadcrumb"},"inLanguage":"de-AT","potentialAction":[{"@type":"ReadAction","target":["https:\/\/www.bdpnt.com\/product\/t-asj10-gnss\/"]}]},{"@type":"ImageObject","inLanguage":"de-AT","@id":"https:\/\/www.bdpnt.com\/product\/t-asj10-gnss\/#primaryimage","url":"https:\/\/bdpnt.com\/wp-content\/uploads\/2025\/07\/T-ASJ10-\u4fa7\u9762\u56fe-\u84dd\u8272\u4ea7\u54c1\u80cc\u666f\u6a21\u72481.png","contentUrl":"https:\/\/bdpnt.com\/wp-content\/uploads\/2025\/07\/T-ASJ10-\u4fa7\u9762\u56fe-\u84dd\u8272\u4ea7\u54c1\u80cc\u666f\u6a21\u72481.png","width":960,"height":480},{"@type":"BreadcrumbList","@id":"https:\/\/www.bdpnt.com\/product\/t-asj10-gnss\/#breadcrumb","itemListElement":[{"@type":"ListItem","position":1,"name":"\u9996\u9875","item":"https:\/\/www.bdpnt.com\/"},{"@type":"ListItem","position":2,"name":"Shop","item":"https:\/\/www.bdpnt.com\/shop\/"},{"@type":"ListItem","position":3,"name":"\u4ea7\u54c1","item":"https:\/\/www.bdpnt.com\/product-category\/products\/"},{"@type":"ListItem","position":4,"name":"\u5e72\u6270\u68c0\u6d4b\u4e0e\u7f13\u89e3","item":"https:\/\/bdpnt.com\/product-category\/products\/interference-detection-and-mitigation-2\/"},{"@type":"ListItem","position":5,"name":"\u5173\u65ad\u5f0f\u6297\u5e72\u6270","item":"https:\/\/www.bdpnt.com\/product-category\/products\/interference-detection-and-mitigation-2\/%e5%85%b3%e6%96%ad%e5%bc%8f%e6%8a%97%e5%b9%b2%e6%89%b0\/"},{"@type":"ListItem","position":6,"name":"T-ASJ10 GNSS \u6b3a\u9a97\u5e72\u6270\u5b89\u5168\u9632\u62a4\u8bbe\u5907"}]},{"@type":"WebSite","@id":"https:\/\/www.bdpnt.com\/#website","url":"https:\/\/www.bdpnt.com\/","name":"Beidoubangtai Offizielle Website","description":"bdstar time website","publisher":{"@id":"https:\/\/www.bdpnt.com\/#organization"},"alternateName":"BDSTAR TIME","potentialAction":[{"@type":"SearchAction","target":{"@type":"EntryPoint","urlTemplate":"https:\/\/www.bdpnt.com\/?s={search_term_string}"},"query-input":{"@type":"PropertyValueSpecification","valueRequired":true,"valueName":"search_term_string"}}],"inLanguage":"de-AT"},{"@type":"Organization","@id":"https:\/\/www.bdpnt.com\/#organization","name":"Beidoubangtai Offizielle Website","alternateName":"BDSTAR TIME","url":"https:\/\/www.bdpnt.com\/","logo":{"@type":"ImageObject","inLanguage":"de-AT","@id":"https:\/\/www.bdpnt.com\/#\/schema\/logo\/image\/","url":"https:\/\/bdpnt.com\/wp-content\/uploads\/2025\/04\/\u5317\u6597\u90a6\u6cf0\u6700\u7ec8logo-\u6700\u7ec8\u7248\u5f69\u8272.png","contentUrl":"https:\/\/bdpnt.com\/wp-content\/uploads\/2025\/04\/\u5317\u6597\u90a6\u6cf0\u6700\u7ec8logo-\u6700\u7ec8\u7248\u5f69\u8272.png","width":234,"height":76,"caption":"\u5317\u6597\u90a6\u6cf0\u5b98\u7f51"},"image":{"@id":"https:\/\/www.bdpnt.com\/#\/schema\/logo\/image\/"}}]}},"_links":{"self":[{"href":"https:\/\/bdpnt.com\/de\/wp-json\/wp\/v2\/product\/4484","targetHints":{"allow":["GET"]}}],"collection":[{"href":"https:\/\/bdpnt.com\/de\/wp-json\/wp\/v2\/product"}],"about":[{"href":"https:\/\/bdpnt.com\/de\/wp-json\/wp\/v2\/types\/product"}],"version-history":[{"count":8,"href":"https:\/\/bdpnt.com\/de\/wp-json\/wp\/v2\/product\/4484\/revisions"}],"predecessor-version":[{"id":11654,"href":"https:\/\/bdpnt.com\/de\/wp-json\/wp\/v2\/product\/4484\/revisions\/11654"}],"wp:featuredmedia":[{"embeddable":true,"href":"https:\/\/bdpnt.com\/de\/wp-json\/wp\/v2\/media\/4518"}],"wp:attachment":[{"href":"https:\/\/bdpnt.com\/de\/wp-json\/wp\/v2\/media?parent=4484"}],"wp:term":[{"taxonomy":"product_brand","embeddable":true,"href":"https:\/\/bdpnt.com\/de\/wp-json\/wp\/v2\/product_brand?post=4484"},{"taxonomy":"product_cat","embeddable":true,"href":"https:\/\/bdpnt.com\/de\/wp-json\/wp\/v2\/product_cat?post=4484"},{"taxonomy":"product_tag","embeddable":true,"href":"https:\/\/bdpnt.com\/de\/wp-json\/wp\/v2\/product_tag?post=4484"}],"curies":[{"name":"wp","href":"https:\/\/api.w.org\/{rel}","templated":true}]}}