{"id":4462,"date":"2025-07-13T14:24:15","date_gmt":"2025-07-13T06:24:15","guid":{"rendered":"https:\/\/bdstarpnt.com\/?post_type=product&#038;p=4462"},"modified":"2026-03-18T14:33:32","modified_gmt":"2026-03-18T06:33:32","slug":"t221-c-pcie-timing-karte-2","status":"publish","type":"product","link":"https:\/\/bdpnt.com\/de\/product\/t221-c-pcie-timing-karte-2\/","title":{"rendered":"T221-C PCIe-Zeitmessungskarte"},"content":{"rendered":"<p class=\"p1\">Die T221-C PCIe Timing Card ist eine hochleistungsf\u00e4hige Zeitsynchronisationsl\u00f6sung f\u00fcr Rechenzentren, industrielle Automatisierung und Telekommunikation. Durch die Integration eines hochpr\u00e4zisen GNSS-Empf\u00e4ngers und einer hochstabilen Uhr wie einem OCXO oder einer Atomuhr erreicht sie eine Zeitsynchronisation im Nanosekundenbereich und eine zuverl\u00e4ssige Holdover-Leistung. Er unterst\u00fctzt mehrere Zeitreferenzquellen (z. B. PPS und TOD) und stellt dem Host \u00fcber die PCIe-Schnittstelle Zeitsynchronisations- und Interrupt-Signale zur Verf\u00fcgung. Die FPGA-Architektur kombiniert Open-Source- und propriet\u00e4re IP-Cores, um eine flexible Anpassung und Kompatibilit\u00e4t mit Zeitverteilungsprotokollen wie IEEE 1588 (PTP) zu erm\u00f6glichen. Die Timing-Karte bietet einen effektiven Sicherheitsmechanismus, um GNSS-St\u00f6rungen zu verhindern, und verf\u00fcgt \u00fcber einen PCIe-Steckplatz mit standardisiertem Design f\u00fcr eine einfache Integration und Bereitstellung.<\/p>\n<p class=\"p1\">Anwendungsbereiche: Wissenschaftliche Forschung und Messtechnik, Kommunikation, Stromversorgung, Rechenzentren, industrielle Automatisierung usw.<\/p>","protected":false},"excerpt":{"rendered":"<p>T221-C ist eine leistungsstarke PCIe-Timing-Karte mit integriertem GNSS-Empf\u00e4nger und hochstabiler Uhr (OCXO\/Atomuhr) f\u00fcr die Zeitsynchronisation im Nanosekundenbereich und zuverl\u00e4ssige Zeitmessung. Sie unterst\u00fctzt Referenzeing\u00e4nge wie PPS und TOD und ist mit dem IEEE 1588-Protokoll kompatibel. Basierend auf FPGA-Architektur, anpassbaren Funktionen, Anti-Jamming-F\u00e4higkeit und Standard-PCIe-Design f\u00fcr einfache Integration und Bereitstellung. Geeignet f\u00fcr wissenschaftliche Forschung, Kommunikation, Energieversorgung, Datenzentren und andere Szenarien.<\/p>","protected":false},"featured_media":4474,"template":"","meta":{"_acf_changed":false,"site-sidebar-layout":"default","site-content-layout":"","ast-site-content-layout":"default","site-content-style":"default","site-sidebar-style":"default","ast-global-header-display":"","ast-banner-title-visibility":"","ast-main-header-display":"","ast-hfb-above-header-display":"","ast-hfb-below-header-display":"","ast-hfb-mobile-header-display":"","site-post-title":"","ast-breadcrumbs-content":"","ast-featured-img":"","footer-sml-layout":"","theme-transparent-header-meta":"default","adv-header-id-meta":"","stick-header-meta":"default","header-above-stick-meta":"","header-main-stick-meta":"","header-below-stick-meta":"","astra-migrate-meta-layouts":"set","ast-page-background-enabled":"default","ast-page-background-meta":{"desktop":{"background-color":"var(--ast-global-color-4)","background-image":"","background-repeat":"repeat","background-position":"center center","background-size":"auto","background-attachment":"scroll","background-type":"","background-media":"","overlay-type":"","overlay-color":"","overlay-opacity":"","overlay-gradient":""},"tablet":{"background-color":"","background-image":"","background-repeat":"repeat","background-position":"center center","background-size":"auto","background-attachment":"scroll","background-type":"","background-media":"","overlay-type":"","overlay-color":"","overlay-opacity":"","overlay-gradient":""},"mobile":{"background-color":"","background-image":"","background-repeat":"repeat","background-position":"center center","background-size":"auto","background-attachment":"scroll","background-type":"","background-media":"","overlay-type":"","overlay-color":"","overlay-opacity":"","overlay-gradient":""}},"ast-content-background-meta":{"desktop":{"background-color":"var(--ast-global-color-5)","background-image":"","background-repeat":"repeat","background-position":"center center","background-size":"auto","background-attachment":"scroll","background-type":"","background-media":"","overlay-type":"","overlay-color":"","overlay-opacity":"","overlay-gradient":""},"tablet":{"background-color":"var(--ast-global-color-5)","background-image":"","background-repeat":"repeat","background-position":"center center","background-size":"auto","background-attachment":"scroll","background-type":"","background-media":"","overlay-type":"","overlay-color":"","overlay-opacity":"","overlay-gradient":""},"mobile":{"background-color":"var(--ast-global-color-5)","background-image":"","background-repeat":"repeat","background-position":"center center","background-size":"auto","background-attachment":"scroll","background-type":"","background-media":"","overlay-type":"","overlay-color":"","overlay-opacity":"","overlay-gradient":""}}},"product_brand":[],"product_cat":[63],"product_tag":[],"class_list":{"0":"post-4462","1":"product","2":"type-product","3":"status-publish","4":"has-post-thumbnail","6":"product_cat-time-card","7":"pa_--gnssgps-beidou-galileo-glonass","8":"pa_--pps-todnmea-0183","9":"pa_--ptpieee-1588-v2-v2-1","10":"pa_--synceitu-t-g-8262-ssm-esmc","11":"pa_-197","12":"pa_-driver-support-domestic-os","13":"pa_--pci-pcie-pxi","14":"pa_--0-c--70-c","15":"pa_--40c--85c","16":"pa_-industrial-automation","17":"pa_-data-center-and-computing","18":"pa_-intelligent-transportation","19":"pa_-power-and-energy","20":"pa_-military-aviation","21":"pa_-metrology-and-testing","22":"pa_-communications-infrastructure","23":"pa_-financial-transactions","24":"pa_-ptpv2-1","25":"pa_--1us24h","26":"pa_-1-ppsttl-rs-422","27":"pa_-10mhz-sine-wave-square-wave-output","28":"pa_-todrs-232-nmea","29":"pa_-268","30":"desktop-align-left","31":"tablet-align-left","32":"mobile-align-left","33":"ast-product-gallery-layout-first-image-large","34":"ast-product-gallery-with-no-image","35":"ast-product-tabs-layout-horizontal","37":"first","38":"instock","39":"shipping-taxable","40":"product-type-simple"},"acf":[],"yoast_head":"<!-- This site is optimized with the Yoast SEO plugin v26.0 - https:\/\/yoast.com\/wordpress\/plugins\/seo\/ -->\n<title>T221-C PCIe\u6388\u65f6\u5361 - \u5317\u6597\u90a6\u6cf0\u5b98\u7f51<\/title>\n<meta name=\"robots\" content=\"index, follow, max-snippet:-1, max-image-preview:large, max-video-preview:-1\" \/>\n<link rel=\"canonical\" href=\"https:\/\/bdpnt.com\/de\/product\/t221-c-pcie-timing-karte-2\/\" \/>\n<meta property=\"og:locale\" content=\"de_DE\" \/>\n<meta property=\"og:type\" content=\"article\" \/>\n<meta property=\"og:title\" content=\"T221-C PCIe\u6388\u65f6\u5361 - \u5317\u6597\u90a6\u6cf0\u5b98\u7f51\" \/>\n<meta property=\"og:description\" content=\"T221-C \u662f\u4e00\u6b3e\u9ad8\u6027\u80fdPCIe\u6388\u65f6\u5361\uff0c\u96c6\u6210GNSS\u63a5\u6536\u673a\u4e0e\u9ad8\u7a33\u65f6\u949f\uff08OCXO\/\u539f\u5b50\u949f\uff09\uff0c\u5b9e\u73b0\u7eb3\u79d2\u7ea7\u65f6\u95f4\u540c\u6b65\u4e0e\u53ef\u9760\u5b88\u65f6\u3002\u652f\u6301PPS\u3001TOD\u7b49\u53c2\u8003\u8f93\u5165\uff0c\u517c\u5bb9IEEE 1588\u534f\u8bae\u3002\u57fa\u4e8eFPGA\u67b6\u6784\uff0c\u529f\u80fd\u53ef\u5b9a\u5236\uff0c\u5177\u5907\u6297\u5e72\u6270\u80fd\u529b\u4e0e\u6807\u51c6PCIe\u8bbe\u8ba1\uff0c\u4fbf\u4e8e\u96c6\u6210\u90e8\u7f72\u3002\u9002\u7528\u4e8e\u79d1\u7814\u3001\u901a\u4fe1\u3001\u7535\u529b\u3001\u6570\u636e\u4e2d\u5fc3\u7b49\u573a\u666f\u3002\" \/>\n<meta property=\"og:url\" content=\"https:\/\/bdpnt.com\/de\/product\/t221-c-pcie-timing-karte-2\/\" \/>\n<meta property=\"og:site_name\" content=\"\u5317\u6597\u90a6\u6cf0\u5b98\u7f51\" \/>\n<meta property=\"article:modified_time\" content=\"2026-03-18T06:33:32+00:00\" \/>\n<meta property=\"og:image\" content=\"https:\/\/bdpnt.com\/wp-content\/uploads\/2025\/07\/T221-C-\u767d\u8272.png\" \/>\n\t<meta property=\"og:image:width\" content=\"1069\" \/>\n\t<meta property=\"og:image:height\" content=\"552\" \/>\n\t<meta property=\"og:image:type\" content=\"image\/png\" \/>\n<meta name=\"twitter:card\" content=\"summary_large_image\" \/>\n<meta name=\"twitter:label1\" content=\"Gesch\u00e4tzte Lesezeit\" \/>\n\t<meta name=\"twitter:data1\" content=\"1 Minute\" \/>\n<script type=\"application\/ld+json\" class=\"yoast-schema-graph\">{\"@context\":\"https:\/\/schema.org\",\"@graph\":[{\"@type\":\"WebPage\",\"@id\":\"https:\/\/bdpnt.com\/es\/product\/t221-c-tarjeta-pcie-timing-2\/\",\"url\":\"https:\/\/bdpnt.com\/es\/product\/t221-c-tarjeta-pcie-timing-2\/\",\"name\":\"T221-C PCIe\u6388\u65f6\u5361 - \u5317\u6597\u90a6\u6cf0\u5b98\u7f51\",\"isPartOf\":{\"@id\":\"https:\/\/www.bdpnt.com\/fr\/#website\"},\"primaryImageOfPage\":{\"@id\":\"https:\/\/bdpnt.com\/es\/product\/t221-c-tarjeta-pcie-timing-2\/#primaryimage\"},\"image\":{\"@id\":\"https:\/\/bdpnt.com\/es\/product\/t221-c-tarjeta-pcie-timing-2\/#primaryimage\"},\"thumbnailUrl\":\"https:\/\/bdpnt.com\/wp-content\/uploads\/2025\/07\/T221-C-\u767d\u8272.png\",\"datePublished\":\"2025-07-13T06:24:15+00:00\",\"dateModified\":\"2026-03-18T06:33:32+00:00\",\"breadcrumb\":{\"@id\":\"https:\/\/bdpnt.com\/es\/product\/t221-c-tarjeta-pcie-timing-2\/#breadcrumb\"},\"inLanguage\":\"de-AT\",\"potentialAction\":[{\"@type\":\"ReadAction\",\"target\":[\"https:\/\/bdpnt.com\/es\/product\/t221-c-tarjeta-pcie-timing-2\/\"]}]},{\"@type\":\"ImageObject\",\"inLanguage\":\"de-AT\",\"@id\":\"https:\/\/bdpnt.com\/es\/product\/t221-c-tarjeta-pcie-timing-2\/#primaryimage\",\"url\":\"https:\/\/bdpnt.com\/wp-content\/uploads\/2025\/07\/T221-C-\u767d\u8272.png\",\"contentUrl\":\"https:\/\/bdpnt.com\/wp-content\/uploads\/2025\/07\/T221-C-\u767d\u8272.png\",\"width\":1069,\"height\":552},{\"@type\":\"BreadcrumbList\",\"@id\":\"https:\/\/bdpnt.com\/es\/product\/t221-c-tarjeta-pcie-timing-2\/#breadcrumb\",\"itemListElement\":[{\"@type\":\"ListItem\",\"position\":1,\"name\":\"\u9996\u9875\",\"item\":\"https:\/\/bdpnt.com\/ru\/\"},{\"@type\":\"ListItem\",\"position\":2,\"name\":\"Shop\",\"item\":\"https:\/\/bdpnt.com\/ru\/%d0%bc%d0%b0%d0%b3%d0%b0%d0%b7%d0%b8%d0%bd\/\"},{\"@type\":\"ListItem\",\"position\":3,\"name\":\"\u4ea7\u54c1\",\"item\":\"https:\/\/bdpnt.com\/ru\/product-category\/%d0%bf%d1%80%d0%be%d0%b4%d1%83%d0%ba%d1%86%d0%b8%d1%8f\/\"},{\"@type\":\"ListItem\",\"position\":4,\"name\":\"\u901a\u7528GNSS \u65f6\u9891\u6a21\u5757\",\"item\":\"https:\/\/bdpnt.com\/ru\/product-category\/%d0%bf%d1%80%d0%be%d0%b4%d1%83%d0%ba%d1%86%d0%b8%d1%8f\/%d0%bc%d0%be%d0%b4%d1%83%d0%bb%d1%8c-%d0%b2%d1%80%d0%b5%d0%bc%d0%b5%d0%bd%d0%b8-%d0%b8-%d1%87%d0%b0%d1%81%d1%82%d0%be%d1%82%d1%8b-gnss\/\"},{\"@type\":\"ListItem\",\"position\":5,\"name\":\"\u6388\u65f6\u5361\",\"item\":\"https:\/\/www.bdpnt.com\/en\/product-category\/products\/gnss-time-and-frequency-module\/time-card\/\"},{\"@type\":\"ListItem\",\"position\":6,\"name\":\"T221-C PCIe\u6388\u65f6\u5361\"}]},{\"@type\":\"WebSite\",\"@id\":\"https:\/\/www.bdpnt.com\/fr\/#website\",\"url\":\"https:\/\/www.bdpnt.com\/fr\/\",\"name\":\"\u5317\u6597\u90a6\u6cf0\u5b98\u7f51\",\"description\":\"bdstar time website\",\"publisher\":{\"@id\":\"https:\/\/www.bdpnt.com\/fr\/#organization\"},\"alternateName\":\"BDSTAR TIME\",\"potentialAction\":[{\"@type\":\"SearchAction\",\"target\":{\"@type\":\"EntryPoint\",\"urlTemplate\":\"https:\/\/www.bdpnt.com\/fr\/?s={search_term_string}\"},\"query-input\":{\"@type\":\"PropertyValueSpecification\",\"valueRequired\":true,\"valueName\":\"search_term_string\"}}],\"inLanguage\":\"de-AT\"},{\"@type\":\"Organization\",\"@id\":\"https:\/\/www.bdpnt.com\/fr\/#organization\",\"name\":\"\u5317\u6597\u90a6\u6cf0\u5b98\u7f51\",\"alternateName\":\"BDSTAR TIME\",\"url\":\"https:\/\/www.bdpnt.com\/fr\/\",\"logo\":{\"@type\":\"ImageObject\",\"inLanguage\":\"de-AT\",\"@id\":\"https:\/\/www.bdpnt.com\/fr\/#\/schema\/logo\/image\/\",\"url\":\"https:\/\/bdpnt.com\/wp-content\/uploads\/2025\/04\/\u5317\u6597\u90a6\u6cf0\u6700\u7ec8logo-\u6700\u7ec8\u7248\u5f69\u8272.png\",\"contentUrl\":\"https:\/\/bdpnt.com\/wp-content\/uploads\/2025\/04\/\u5317\u6597\u90a6\u6cf0\u6700\u7ec8logo-\u6700\u7ec8\u7248\u5f69\u8272.png\",\"width\":234,\"height\":76,\"caption\":\"\u5317\u6597\u90a6\u6cf0\u5b98\u7f51\"},\"image\":{\"@id\":\"https:\/\/www.bdpnt.com\/fr\/#\/schema\/logo\/image\/\"}}]}<\/script>\n<!-- \/ Yoast SEO plugin. -->","yoast_head_json":{"title":"T221-C PCIe Timing-Karte - Beidou Bangtai Offizielle Website","robots":{"index":"index","follow":"follow","max-snippet":"max-snippet:-1","max-image-preview":"max-image-preview:large","max-video-preview":"max-video-preview:-1"},"canonical":"https:\/\/bdpnt.com\/de\/product\/t221-c-pcie-timing-karte-2\/","og_locale":"de_DE","og_type":"article","og_title":"T221-C PCIe\u6388\u65f6\u5361 - \u5317\u6597\u90a6\u6cf0\u5b98\u7f51","og_description":"T221-C \u662f\u4e00\u6b3e\u9ad8\u6027\u80fdPCIe\u6388\u65f6\u5361\uff0c\u96c6\u6210GNSS\u63a5\u6536\u673a\u4e0e\u9ad8\u7a33\u65f6\u949f\uff08OCXO\/\u539f\u5b50\u949f\uff09\uff0c\u5b9e\u73b0\u7eb3\u79d2\u7ea7\u65f6\u95f4\u540c\u6b65\u4e0e\u53ef\u9760\u5b88\u65f6\u3002\u652f\u6301PPS\u3001TOD\u7b49\u53c2\u8003\u8f93\u5165\uff0c\u517c\u5bb9IEEE 1588\u534f\u8bae\u3002\u57fa\u4e8eFPGA\u67b6\u6784\uff0c\u529f\u80fd\u53ef\u5b9a\u5236\uff0c\u5177\u5907\u6297\u5e72\u6270\u80fd\u529b\u4e0e\u6807\u51c6PCIe\u8bbe\u8ba1\uff0c\u4fbf\u4e8e\u96c6\u6210\u90e8\u7f72\u3002\u9002\u7528\u4e8e\u79d1\u7814\u3001\u901a\u4fe1\u3001\u7535\u529b\u3001\u6570\u636e\u4e2d\u5fc3\u7b49\u573a\u666f\u3002","og_url":"https:\/\/bdpnt.com\/de\/product\/t221-c-pcie-timing-karte-2\/","og_site_name":"\u5317\u6597\u90a6\u6cf0\u5b98\u7f51","article_modified_time":"2026-03-18T06:33:32+00:00","og_image":[{"width":1069,"height":552,"url":"https:\/\/bdpnt.com\/wp-content\/uploads\/2025\/07\/T221-C-\u767d\u8272.png","type":"image\/png"}],"twitter_card":"summary_large_image","twitter_misc":{"Gesch\u00e4tzte Lesezeit":"1 Minute"},"schema":{"@context":"https:\/\/schema.org","@graph":[{"@type":"WebPage","@id":"https:\/\/bdpnt.com\/es\/product\/t221-c-tarjeta-pcie-timing-2\/","url":"https:\/\/bdpnt.com\/es\/product\/t221-c-tarjeta-pcie-timing-2\/","name":"T221-C PCIe Timing-Karte - Beidou Bangtai Offizielle Website","isPartOf":{"@id":"https:\/\/www.bdpnt.com\/fr\/#website"},"primaryImageOfPage":{"@id":"https:\/\/bdpnt.com\/es\/product\/t221-c-tarjeta-pcie-timing-2\/#primaryimage"},"image":{"@id":"https:\/\/bdpnt.com\/es\/product\/t221-c-tarjeta-pcie-timing-2\/#primaryimage"},"thumbnailUrl":"https:\/\/bdpnt.com\/wp-content\/uploads\/2025\/07\/T221-C-\u767d\u8272.png","datePublished":"2025-07-13T06:24:15+00:00","dateModified":"2026-03-18T06:33:32+00:00","breadcrumb":{"@id":"https:\/\/bdpnt.com\/es\/product\/t221-c-tarjeta-pcie-timing-2\/#breadcrumb"},"inLanguage":"de-AT","potentialAction":[{"@type":"ReadAction","target":["https:\/\/bdpnt.com\/es\/product\/t221-c-tarjeta-pcie-timing-2\/"]}]},{"@type":"ImageObject","inLanguage":"de-AT","@id":"https:\/\/bdpnt.com\/es\/product\/t221-c-tarjeta-pcie-timing-2\/#primaryimage","url":"https:\/\/bdpnt.com\/wp-content\/uploads\/2025\/07\/T221-C-\u767d\u8272.png","contentUrl":"https:\/\/bdpnt.com\/wp-content\/uploads\/2025\/07\/T221-C-\u767d\u8272.png","width":1069,"height":552},{"@type":"BreadcrumbList","@id":"https:\/\/bdpnt.com\/es\/product\/t221-c-tarjeta-pcie-timing-2\/#breadcrumb","itemListElement":[{"@type":"ListItem","position":1,"name":"\u9996\u9875","item":"https:\/\/bdpnt.com\/ru\/"},{"@type":"ListItem","position":2,"name":"Shop","item":"https:\/\/bdpnt.com\/ru\/%d0%bc%d0%b0%d0%b3%d0%b0%d0%b7%d0%b8%d0%bd\/"},{"@type":"ListItem","position":3,"name":"\u4ea7\u54c1","item":"https:\/\/bdpnt.com\/ru\/product-category\/%d0%bf%d1%80%d0%be%d0%b4%d1%83%d0%ba%d1%86%d0%b8%d1%8f\/"},{"@type":"ListItem","position":4,"name":"\u901a\u7528GNSS \u65f6\u9891\u6a21\u5757","item":"https:\/\/bdpnt.com\/ru\/product-category\/%d0%bf%d1%80%d0%be%d0%b4%d1%83%d0%ba%d1%86%d0%b8%d1%8f\/%d0%bc%d0%be%d0%b4%d1%83%d0%bb%d1%8c-%d0%b2%d1%80%d0%b5%d0%bc%d0%b5%d0%bd%d0%b8-%d0%b8-%d1%87%d0%b0%d1%81%d1%82%d0%be%d1%82%d1%8b-gnss\/"},{"@type":"ListItem","position":5,"name":"\u6388\u65f6\u5361","item":"https:\/\/www.bdpnt.com\/en\/product-category\/products\/gnss-time-and-frequency-module\/time-card\/"},{"@type":"ListItem","position":6,"name":"T221-C PCIe\u6388\u65f6\u5361"}]},{"@type":"WebSite","@id":"https:\/\/www.bdpnt.com\/fr\/#website","url":"https:\/\/www.bdpnt.com\/fr\/","name":"Beidoubangtai Offizielle Website","description":"bdstar time website","publisher":{"@id":"https:\/\/www.bdpnt.com\/fr\/#organization"},"alternateName":"BDSTAR TIME","potentialAction":[{"@type":"SearchAction","target":{"@type":"EntryPoint","urlTemplate":"https:\/\/www.bdpnt.com\/fr\/?s={search_term_string}"},"query-input":{"@type":"PropertyValueSpecification","valueRequired":true,"valueName":"search_term_string"}}],"inLanguage":"de-AT"},{"@type":"Organization","@id":"https:\/\/www.bdpnt.com\/fr\/#organization","name":"Beidoubangtai Offizielle Website","alternateName":"BDSTAR TIME","url":"https:\/\/www.bdpnt.com\/fr\/","logo":{"@type":"ImageObject","inLanguage":"de-AT","@id":"https:\/\/www.bdpnt.com\/fr\/#\/schema\/logo\/image\/","url":"https:\/\/bdpnt.com\/wp-content\/uploads\/2025\/04\/\u5317\u6597\u90a6\u6cf0\u6700\u7ec8logo-\u6700\u7ec8\u7248\u5f69\u8272.png","contentUrl":"https:\/\/bdpnt.com\/wp-content\/uploads\/2025\/04\/\u5317\u6597\u90a6\u6cf0\u6700\u7ec8logo-\u6700\u7ec8\u7248\u5f69\u8272.png","width":234,"height":76,"caption":"\u5317\u6597\u90a6\u6cf0\u5b98\u7f51"},"image":{"@id":"https:\/\/www.bdpnt.com\/fr\/#\/schema\/logo\/image\/"}}]}},"_links":{"self":[{"href":"https:\/\/bdpnt.com\/de\/wp-json\/wp\/v2\/product\/4462","targetHints":{"allow":["GET"]}}],"collection":[{"href":"https:\/\/bdpnt.com\/de\/wp-json\/wp\/v2\/product"}],"about":[{"href":"https:\/\/bdpnt.com\/de\/wp-json\/wp\/v2\/types\/product"}],"version-history":[{"count":7,"href":"https:\/\/bdpnt.com\/de\/wp-json\/wp\/v2\/product\/4462\/revisions"}],"predecessor-version":[{"id":4483,"href":"https:\/\/bdpnt.com\/de\/wp-json\/wp\/v2\/product\/4462\/revisions\/4483"}],"wp:featuredmedia":[{"embeddable":true,"href":"https:\/\/bdpnt.com\/de\/wp-json\/wp\/v2\/media\/4474"}],"wp:attachment":[{"href":"https:\/\/bdpnt.com\/de\/wp-json\/wp\/v2\/media?parent=4462"}],"wp:term":[{"taxonomy":"product_brand","embeddable":true,"href":"https:\/\/bdpnt.com\/de\/wp-json\/wp\/v2\/product_brand?post=4462"},{"taxonomy":"product_cat","embeddable":true,"href":"https:\/\/bdpnt.com\/de\/wp-json\/wp\/v2\/product_cat?post=4462"},{"taxonomy":"product_tag","embeddable":true,"href":"https:\/\/bdpnt.com\/de\/wp-json\/wp\/v2\/product_tag?post=4462"}],"curies":[{"name":"wp","href":"https:\/\/api.w.org\/{rel}","templated":true}]}}