{"id":4447,"date":"2025-07-13T10:52:45","date_gmt":"2025-07-13T02:52:45","guid":{"rendered":"https:\/\/bdstarpnt.com\/?post_type=product&#038;p=4447"},"modified":"2026-03-18T14:33:44","modified_gmt":"2026-03-18T06:33:44","slug":"t220-x-pxi-zeitkarte-2","status":"publish","type":"product","link":"https:\/\/bdpnt.com\/de\/product\/t220-x-pxi-zeitkarte-2\/","title":{"rendered":"T220-X PXI-Zeitmessungskarte"},"content":{"rendered":"<p class=\"p1\">Die T220-X PXI Timing Card unterst\u00fctzt eine Vielzahl von Referenzeing\u00e4ngen und -ausg\u00e4ngen, die je nach Bedarf in verschiedenen Kombinationen verwendet werden k\u00f6nnen, um hochpr\u00e4zise Zeitinformationen f\u00fcr das Computersystem bereitzustellen, und kann auch f\u00fcr externes Timing verwendet werden. Sie unterst\u00fctzt GPS-, 1PPS- und TOD-Signale als Referenzquelleneingang und gibt PTP-, B-Code-, TOD+1PPS-Signale f\u00fcr externes Timing aus. Die Karte \u00fcbertr\u00e4gt Zeitinformationen und Timing-Interrupt-Signale f\u00fcr den Computer \u00fcber die PXI-Schnittstelle, um eine Zeitsynchronisation zwischen der Softwarezeit des Computers und der Karte zu erreichen. Eingebauter Hochstabilit\u00e4ts-Quarz mit konstanter Temperatur, selbst wenn alle Referenzzeitquellen abgeschaltet werden, kann der interne Hochstabilit\u00e4ts-Quarz der Karte immer noch eine gewisse Zeitgenauigkeit innerhalb einer bestimmten Zeitspanne aufrechterhalten, um das Computersystem weiterhin mit genaueren Zeitsignalen zu versorgen und die Zuverl\u00e4ssigkeit des kontinuierlichen Betriebs des Produkts zu verbessern.<\/p>\n<p class=\"p1\">Anwendungsbereiche: Wissenschaftliche Forschung und Messung, Kommunikation, elektrische Energie, Verkehr, industrielle Automatisierung usw.<\/p>","protected":false},"excerpt":{"rendered":"<p>T220-X ist eine PXI-Schnittstellentimingkarte, die GPS, 1PPS, TOD und andere Referenzeing\u00e4nge unterst\u00fctzt und PTP-, B-Code-, TOD+1PPS-Timingsignale ausgibt. Sie bietet eine hochpr\u00e4zise Zeit- und Timing-Interrupt-Funktion f\u00fcr Computer \u00fcber den PXI-Bus. Eingebauter hochstabiler und temperaturkonstanter Quarz, der auch nach dem Abschalten der Stromquelle noch stabil l\u00e4uft, um sicherzustellen, dass das System kontinuierlich l\u00e4uft. Geeignet f\u00fcr wissenschaftliche Forschung, Kommunikation, elektrische Energie, Verkehr und andere Bereiche.<\/p>","protected":false},"featured_media":4456,"template":"","meta":{"_acf_changed":false,"site-sidebar-layout":"default","site-content-layout":"","ast-site-content-layout":"default","site-content-style":"default","site-sidebar-style":"default","ast-global-header-display":"","ast-banner-title-visibility":"","ast-main-header-display":"","ast-hfb-above-header-display":"","ast-hfb-below-header-display":"","ast-hfb-mobile-header-display":"","site-post-title":"","ast-breadcrumbs-content":"","ast-featured-img":"","footer-sml-layout":"","theme-transparent-header-meta":"default","adv-header-id-meta":"","stick-header-meta":"default","header-above-stick-meta":"","header-main-stick-meta":"","header-below-stick-meta":"","astra-migrate-meta-layouts":"set","ast-page-background-enabled":"default","ast-page-background-meta":{"desktop":{"background-color":"var(--ast-global-color-4)","background-image":"","background-repeat":"repeat","background-position":"center center","background-size":"auto","background-attachment":"scroll","background-type":"","background-media":"","overlay-type":"","overlay-color":"","overlay-opacity":"","overlay-gradient":""},"tablet":{"background-color":"","background-image":"","background-repeat":"repeat","background-position":"center center","background-size":"auto","background-attachment":"scroll","background-type":"","background-media":"","overlay-type":"","overlay-color":"","overlay-opacity":"","overlay-gradient":""},"mobile":{"background-color":"","background-image":"","background-repeat":"repeat","background-position":"center center","background-size":"auto","background-attachment":"scroll","background-type":"","background-media":"","overlay-type":"","overlay-color":"","overlay-opacity":"","overlay-gradient":""}},"ast-content-background-meta":{"desktop":{"background-color":"var(--ast-global-color-5)","background-image":"","background-repeat":"repeat","background-position":"center center","background-size":"auto","background-attachment":"scroll","background-type":"","background-media":"","overlay-type":"","overlay-color":"","overlay-opacity":"","overlay-gradient":""},"tablet":{"background-color":"var(--ast-global-color-5)","background-image":"","background-repeat":"repeat","background-position":"center center","background-size":"auto","background-attachment":"scroll","background-type":"","background-media":"","overlay-type":"","overlay-color":"","overlay-opacity":"","overlay-gradient":""},"mobile":{"background-color":"var(--ast-global-color-5)","background-image":"","background-repeat":"repeat","background-position":"center center","background-size":"auto","background-attachment":"scroll","background-type":"","background-media":"","overlay-type":"","overlay-color":"","overlay-opacity":"","overlay-gradient":""}}},"product_brand":[],"product_cat":[63],"product_tag":[],"class_list":{"0":"post-4447","1":"product","2":"type-product","3":"status-publish","4":"has-post-thumbnail","6":"product_cat-time-card","7":"pa_--gnssgps-beidou-galileo-glonass","8":"pa_--irig-b","9":"pa_--ntp-v4rfc-5905","10":"pa_--pps-todnmea-0183","11":"pa_--ptpieee-1588-v2-v2-1","12":"pa_--synceitu-t-g-8262-ssm-esmc","13":"pa_-197","14":"pa_--pci-pcie-pxi","15":"pa_--0-c--70-c","16":"pa_--40c--85c","17":"pa_-industrial-automation","18":"pa_-intelligent-transportation","19":"pa_-power-and-energy","20":"pa_-military-aviation","21":"pa_-metrology-and-testing","22":"pa_-communications-infrastructure","23":"pa_-ntp","24":"pa_-ptpv2-1","25":"pa_--10us24h","26":"pa_---155dbc-hz1khz","27":"pa_-227","28":"pa_-1-ppsttl-rs-422","29":"pa_-10mhz-sine-wave-square-wave-output","30":"pa_-irig-bdcls-am","31":"pa_-rj451g","32":"pa_-todrs-232-nmea","33":"pa_-268","34":"desktop-align-left","35":"tablet-align-left","36":"mobile-align-left","37":"ast-product-gallery-layout-first-image-large","38":"ast-product-gallery-with-no-image","39":"ast-product-tabs-layout-horizontal","41":"first","42":"instock","43":"shipping-taxable","44":"product-type-simple"},"acf":[],"yoast_head":"<!-- This site is optimized with the Yoast SEO plugin v26.0 - https:\/\/yoast.com\/wordpress\/plugins\/seo\/ -->\n<title>T220-X PXI\u6388\u65f6\u5361 - \u5317\u6597\u90a6\u6cf0\u5b98\u7f51<\/title>\n<meta name=\"robots\" content=\"index, follow, max-snippet:-1, max-image-preview:large, max-video-preview:-1\" \/>\n<link rel=\"canonical\" href=\"https:\/\/www.bdpnt.com\/ja\/product\/t220-x-pxi-\u30bf\u30a4\u30df\u30f3\u30b0\u30fb\u30ab\u30fc\u30c9-2\/\" \/>\n<meta property=\"og:locale\" content=\"de_DE\" \/>\n<meta property=\"og:type\" content=\"article\" \/>\n<meta property=\"og:title\" content=\"T220-X PXI\u6388\u65f6\u5361 - \u5317\u6597\u90a6\u6cf0\u5b98\u7f51\" \/>\n<meta property=\"og:description\" content=\"T220-X \u662f\u4e00\u6b3ePXI\u63a5\u53e3\u6388\u65f6\u5361\uff0c\u652f\u6301GPS\u30011PPS\u3001TOD\u7b49\u53c2\u8003\u8f93\u5165\uff0c\u8f93\u51faPTP\u3001B\u7801\u3001TOD+1PPS\u6388\u65f6\u4fe1\u53f7\u3002\u901a\u8fc7PXI\u603b\u7ebf\u5411\u8ba1\u7b97\u673a\u63d0\u4f9b\u9ad8\u7cbe\u5ea6\u65f6\u95f4\u4e0e\u5b9a\u65f6\u4e2d\u65ad\u529f\u80fd\u3002\u5185\u7f6e\u9ad8\u7a33\u6052\u6e29\u6676\u632f\uff0c\u65ad\u6e90\u540e\u4ecd\u53ef\u7a33\u5b9a\u8fd0\u884c\uff0c\u4fdd\u969c\u7cfb\u7edf\u6301\u7eed\u6388\u65f6\u3002\u9002\u7528\u4e8e\u79d1\u7814\u3001\u901a\u4fe1\u3001\u7535\u529b\u3001\u4ea4\u901a\u7b49\u9886\u57df\u3002\" \/>\n<meta property=\"og:url\" content=\"https:\/\/www.bdpnt.com\/ja\/product\/t220-x-pxi-\u30bf\u30a4\u30df\u30f3\u30b0\u30fb\u30ab\u30fc\u30c9-2\/\" \/>\n<meta property=\"og:site_name\" content=\"\u5317\u6597\u90a6\u6cf0\u5b98\u7f51\" \/>\n<meta property=\"article:modified_time\" content=\"2026-03-18T06:33:44+00:00\" \/>\n<meta property=\"og:image\" content=\"https:\/\/www.bdpnt.com\/wp-content\/uploads\/2025\/07\/T220-X\u84dd\u8272\u4ea7\u54c1\u80cc\u666f\u6a21\u7248.png\" \/>\n\t<meta property=\"og:image:width\" content=\"960\" \/>\n\t<meta property=\"og:image:height\" content=\"480\" \/>\n\t<meta property=\"og:image:type\" content=\"image\/png\" \/>\n<meta name=\"twitter:card\" content=\"summary_large_image\" \/>\n<script type=\"application\/ld+json\" class=\"yoast-schema-graph\">{\"@context\":\"https:\/\/schema.org\",\"@graph\":[{\"@type\":\"WebPage\",\"@id\":\"https:\/\/www.bdpnt.com\/ja\/product\/t220-x-pxi-%e3%82%bf%e3%82%a4%e3%83%9f%e3%83%b3%e3%82%b0%e3%83%bb%e3%82%ab%e3%83%bc%e3%83%89-2\/\",\"url\":\"https:\/\/www.bdpnt.com\/ja\/product\/t220-x-pxi-%e3%82%bf%e3%82%a4%e3%83%9f%e3%83%b3%e3%82%b0%e3%83%bb%e3%82%ab%e3%83%bc%e3%83%89-2\/\",\"name\":\"T220-X PXI\u6388\u65f6\u5361 - \u5317\u6597\u90a6\u6cf0\u5b98\u7f51\",\"isPartOf\":{\"@id\":\"https:\/\/www.bdpnt.com\/#website\"},\"primaryImageOfPage\":{\"@id\":\"https:\/\/www.bdpnt.com\/ja\/product\/t220-x-pxi-%e3%82%bf%e3%82%a4%e3%83%9f%e3%83%b3%e3%82%b0%e3%83%bb%e3%82%ab%e3%83%bc%e3%83%89-2\/#primaryimage\"},\"image\":{\"@id\":\"https:\/\/www.bdpnt.com\/ja\/product\/t220-x-pxi-%e3%82%bf%e3%82%a4%e3%83%9f%e3%83%b3%e3%82%b0%e3%83%bb%e3%82%ab%e3%83%bc%e3%83%89-2\/#primaryimage\"},\"thumbnailUrl\":\"https:\/\/bdpnt.com\/wp-content\/uploads\/2025\/07\/T220-X\u84dd\u8272\u4ea7\u54c1\u80cc\u666f\u6a21\u7248.png\",\"datePublished\":\"2025-07-13T02:52:45+00:00\",\"dateModified\":\"2026-03-18T06:33:44+00:00\",\"breadcrumb\":{\"@id\":\"https:\/\/www.bdpnt.com\/ja\/product\/t220-x-pxi-%e3%82%bf%e3%82%a4%e3%83%9f%e3%83%b3%e3%82%b0%e3%83%bb%e3%82%ab%e3%83%bc%e3%83%89-2\/#breadcrumb\"},\"inLanguage\":\"de-AT\",\"potentialAction\":[{\"@type\":\"ReadAction\",\"target\":[\"https:\/\/www.bdpnt.com\/ja\/product\/t220-x-pxi-%e3%82%bf%e3%82%a4%e3%83%9f%e3%83%b3%e3%82%b0%e3%83%bb%e3%82%ab%e3%83%bc%e3%83%89-2\/\"]}]},{\"@type\":\"ImageObject\",\"inLanguage\":\"de-AT\",\"@id\":\"https:\/\/www.bdpnt.com\/ja\/product\/t220-x-pxi-%e3%82%bf%e3%82%a4%e3%83%9f%e3%83%b3%e3%82%b0%e3%83%bb%e3%82%ab%e3%83%bc%e3%83%89-2\/#primaryimage\",\"url\":\"https:\/\/bdpnt.com\/wp-content\/uploads\/2025\/07\/T220-X\u84dd\u8272\u4ea7\u54c1\u80cc\u666f\u6a21\u7248.png\",\"contentUrl\":\"https:\/\/bdpnt.com\/wp-content\/uploads\/2025\/07\/T220-X\u84dd\u8272\u4ea7\u54c1\u80cc\u666f\u6a21\u7248.png\",\"width\":960,\"height\":480},{\"@type\":\"BreadcrumbList\",\"@id\":\"https:\/\/www.bdpnt.com\/ja\/product\/t220-x-pxi-%e3%82%bf%e3%82%a4%e3%83%9f%e3%83%b3%e3%82%b0%e3%83%bb%e3%82%ab%e3%83%bc%e3%83%89-2\/#breadcrumb\",\"itemListElement\":[{\"@type\":\"ListItem\",\"position\":1,\"name\":\"\u9996\u9875\",\"item\":\"https:\/\/www.bdpnt.com\/\"},{\"@type\":\"ListItem\",\"position\":2,\"name\":\"Shop\",\"item\":\"https:\/\/www.bdpnt.com\/shop\/\"},{\"@type\":\"ListItem\",\"position\":3,\"name\":\"\u4ea7\u54c1\",\"item\":\"https:\/\/www.bdpnt.com\/product-category\/products\/\"},{\"@type\":\"ListItem\",\"position\":4,\"name\":\"\u901a\u7528GNSS \u65f6\u9891\u6a21\u5757\",\"item\":\"https:\/\/www.bdpnt.com\/es\/product-category\/productos\/modulo-de-tiempo-y-frecuencia-gnss\/\"},{\"@type\":\"ListItem\",\"position\":5,\"name\":\"\u6388\u65f6\u5361\",\"item\":\"https:\/\/www.bdpnt.com\/es\/product-category\/productos\/modulo-de-tiempo-y-frecuencia-gnss\/tarjeta-de-tiempo\/\"},{\"@type\":\"ListItem\",\"position\":6,\"name\":\"T220-X PXI\u6388\u65f6\u5361\"}]},{\"@type\":\"WebSite\",\"@id\":\"https:\/\/www.bdpnt.com\/#website\",\"url\":\"https:\/\/www.bdpnt.com\/\",\"name\":\"\u5317\u6597\u90a6\u6cf0\u5b98\u7f51\",\"description\":\"bdstar time website\",\"publisher\":{\"@id\":\"https:\/\/www.bdpnt.com\/#organization\"},\"alternateName\":\"BDSTAR TIME\",\"potentialAction\":[{\"@type\":\"SearchAction\",\"target\":{\"@type\":\"EntryPoint\",\"urlTemplate\":\"https:\/\/www.bdpnt.com\/?s={search_term_string}\"},\"query-input\":{\"@type\":\"PropertyValueSpecification\",\"valueRequired\":true,\"valueName\":\"search_term_string\"}}],\"inLanguage\":\"de-AT\"},{\"@type\":\"Organization\",\"@id\":\"https:\/\/www.bdpnt.com\/#organization\",\"name\":\"\u5317\u6597\u90a6\u6cf0\u5b98\u7f51\",\"alternateName\":\"BDSTAR TIME\",\"url\":\"https:\/\/www.bdpnt.com\/\",\"logo\":{\"@type\":\"ImageObject\",\"inLanguage\":\"de-AT\",\"@id\":\"https:\/\/www.bdpnt.com\/#\/schema\/logo\/image\/\",\"url\":\"https:\/\/bdpnt.com\/wp-content\/uploads\/2025\/04\/\u5317\u6597\u90a6\u6cf0\u6700\u7ec8logo-\u6700\u7ec8\u7248\u5f69\u8272.png\",\"contentUrl\":\"https:\/\/bdpnt.com\/wp-content\/uploads\/2025\/04\/\u5317\u6597\u90a6\u6cf0\u6700\u7ec8logo-\u6700\u7ec8\u7248\u5f69\u8272.png\",\"width\":234,\"height\":76,\"caption\":\"\u5317\u6597\u90a6\u6cf0\u5b98\u7f51\"},\"image\":{\"@id\":\"https:\/\/www.bdpnt.com\/#\/schema\/logo\/image\/\"}}]}<\/script>\n<!-- \/ Yoast SEO plugin. -->","yoast_head_json":{"title":"T220-X PXI Timing-Karte - Beidou Bontec Official Website","robots":{"index":"index","follow":"follow","max-snippet":"max-snippet:-1","max-image-preview":"max-image-preview:large","max-video-preview":"max-video-preview:-1"},"canonical":"https:\/\/www.bdpnt.com\/ja\/product\/t220-x-pxi-\u30bf\u30a4\u30df\u30f3\u30b0\u30fb\u30ab\u30fc\u30c9-2\/","og_locale":"de_DE","og_type":"article","og_title":"T220-X PXI\u6388\u65f6\u5361 - \u5317\u6597\u90a6\u6cf0\u5b98\u7f51","og_description":"T220-X \u662f\u4e00\u6b3ePXI\u63a5\u53e3\u6388\u65f6\u5361\uff0c\u652f\u6301GPS\u30011PPS\u3001TOD\u7b49\u53c2\u8003\u8f93\u5165\uff0c\u8f93\u51faPTP\u3001B\u7801\u3001TOD+1PPS\u6388\u65f6\u4fe1\u53f7\u3002\u901a\u8fc7PXI\u603b\u7ebf\u5411\u8ba1\u7b97\u673a\u63d0\u4f9b\u9ad8\u7cbe\u5ea6\u65f6\u95f4\u4e0e\u5b9a\u65f6\u4e2d\u65ad\u529f\u80fd\u3002\u5185\u7f6e\u9ad8\u7a33\u6052\u6e29\u6676\u632f\uff0c\u65ad\u6e90\u540e\u4ecd\u53ef\u7a33\u5b9a\u8fd0\u884c\uff0c\u4fdd\u969c\u7cfb\u7edf\u6301\u7eed\u6388\u65f6\u3002\u9002\u7528\u4e8e\u79d1\u7814\u3001\u901a\u4fe1\u3001\u7535\u529b\u3001\u4ea4\u901a\u7b49\u9886\u57df\u3002","og_url":"https:\/\/www.bdpnt.com\/ja\/product\/t220-x-pxi-\u30bf\u30a4\u30df\u30f3\u30b0\u30fb\u30ab\u30fc\u30c9-2\/","og_site_name":"\u5317\u6597\u90a6\u6cf0\u5b98\u7f51","article_modified_time":"2026-03-18T06:33:44+00:00","og_image":[{"width":960,"height":480,"url":"https:\/\/www.bdpnt.com\/wp-content\/uploads\/2025\/07\/T220-X\u84dd\u8272\u4ea7\u54c1\u80cc\u666f\u6a21\u7248.png","type":"image\/png"}],"twitter_card":"summary_large_image","schema":{"@context":"https:\/\/schema.org","@graph":[{"@type":"WebPage","@id":"https:\/\/www.bdpnt.com\/ja\/product\/t220-x-pxi-%e3%82%bf%e3%82%a4%e3%83%9f%e3%83%b3%e3%82%b0%e3%83%bb%e3%82%ab%e3%83%bc%e3%83%89-2\/","url":"https:\/\/www.bdpnt.com\/ja\/product\/t220-x-pxi-%e3%82%bf%e3%82%a4%e3%83%9f%e3%83%b3%e3%82%b0%e3%83%bb%e3%82%ab%e3%83%bc%e3%83%89-2\/","name":"T220-X PXI Timing-Karte - Beidou Bontec Official Website","isPartOf":{"@id":"https:\/\/www.bdpnt.com\/#website"},"primaryImageOfPage":{"@id":"https:\/\/www.bdpnt.com\/ja\/product\/t220-x-pxi-%e3%82%bf%e3%82%a4%e3%83%9f%e3%83%b3%e3%82%b0%e3%83%bb%e3%82%ab%e3%83%bc%e3%83%89-2\/#primaryimage"},"image":{"@id":"https:\/\/www.bdpnt.com\/ja\/product\/t220-x-pxi-%e3%82%bf%e3%82%a4%e3%83%9f%e3%83%b3%e3%82%b0%e3%83%bb%e3%82%ab%e3%83%bc%e3%83%89-2\/#primaryimage"},"thumbnailUrl":"https:\/\/bdpnt.com\/wp-content\/uploads\/2025\/07\/T220-X\u84dd\u8272\u4ea7\u54c1\u80cc\u666f\u6a21\u7248.png","datePublished":"2025-07-13T02:52:45+00:00","dateModified":"2026-03-18T06:33:44+00:00","breadcrumb":{"@id":"https:\/\/www.bdpnt.com\/ja\/product\/t220-x-pxi-%e3%82%bf%e3%82%a4%e3%83%9f%e3%83%b3%e3%82%b0%e3%83%bb%e3%82%ab%e3%83%bc%e3%83%89-2\/#breadcrumb"},"inLanguage":"de-AT","potentialAction":[{"@type":"ReadAction","target":["https:\/\/www.bdpnt.com\/ja\/product\/t220-x-pxi-%e3%82%bf%e3%82%a4%e3%83%9f%e3%83%b3%e3%82%b0%e3%83%bb%e3%82%ab%e3%83%bc%e3%83%89-2\/"]}]},{"@type":"ImageObject","inLanguage":"de-AT","@id":"https:\/\/www.bdpnt.com\/ja\/product\/t220-x-pxi-%e3%82%bf%e3%82%a4%e3%83%9f%e3%83%b3%e3%82%b0%e3%83%bb%e3%82%ab%e3%83%bc%e3%83%89-2\/#primaryimage","url":"https:\/\/bdpnt.com\/wp-content\/uploads\/2025\/07\/T220-X\u84dd\u8272\u4ea7\u54c1\u80cc\u666f\u6a21\u7248.png","contentUrl":"https:\/\/bdpnt.com\/wp-content\/uploads\/2025\/07\/T220-X\u84dd\u8272\u4ea7\u54c1\u80cc\u666f\u6a21\u7248.png","width":960,"height":480},{"@type":"BreadcrumbList","@id":"https:\/\/www.bdpnt.com\/ja\/product\/t220-x-pxi-%e3%82%bf%e3%82%a4%e3%83%9f%e3%83%b3%e3%82%b0%e3%83%bb%e3%82%ab%e3%83%bc%e3%83%89-2\/#breadcrumb","itemListElement":[{"@type":"ListItem","position":1,"name":"\u9996\u9875","item":"https:\/\/www.bdpnt.com\/"},{"@type":"ListItem","position":2,"name":"Shop","item":"https:\/\/www.bdpnt.com\/shop\/"},{"@type":"ListItem","position":3,"name":"\u4ea7\u54c1","item":"https:\/\/www.bdpnt.com\/product-category\/products\/"},{"@type":"ListItem","position":4,"name":"\u901a\u7528GNSS \u65f6\u9891\u6a21\u5757","item":"https:\/\/www.bdpnt.com\/es\/product-category\/productos\/modulo-de-tiempo-y-frecuencia-gnss\/"},{"@type":"ListItem","position":5,"name":"\u6388\u65f6\u5361","item":"https:\/\/www.bdpnt.com\/es\/product-category\/productos\/modulo-de-tiempo-y-frecuencia-gnss\/tarjeta-de-tiempo\/"},{"@type":"ListItem","position":6,"name":"T220-X PXI\u6388\u65f6\u5361"}]},{"@type":"WebSite","@id":"https:\/\/www.bdpnt.com\/#website","url":"https:\/\/www.bdpnt.com\/","name":"Beidoubangtai Offizielle Website","description":"bdstar time website","publisher":{"@id":"https:\/\/www.bdpnt.com\/#organization"},"alternateName":"BDSTAR TIME","potentialAction":[{"@type":"SearchAction","target":{"@type":"EntryPoint","urlTemplate":"https:\/\/www.bdpnt.com\/?s={search_term_string}"},"query-input":{"@type":"PropertyValueSpecification","valueRequired":true,"valueName":"search_term_string"}}],"inLanguage":"de-AT"},{"@type":"Organization","@id":"https:\/\/www.bdpnt.com\/#organization","name":"Beidoubangtai Offizielle Website","alternateName":"BDSTAR TIME","url":"https:\/\/www.bdpnt.com\/","logo":{"@type":"ImageObject","inLanguage":"de-AT","@id":"https:\/\/www.bdpnt.com\/#\/schema\/logo\/image\/","url":"https:\/\/bdpnt.com\/wp-content\/uploads\/2025\/04\/\u5317\u6597\u90a6\u6cf0\u6700\u7ec8logo-\u6700\u7ec8\u7248\u5f69\u8272.png","contentUrl":"https:\/\/bdpnt.com\/wp-content\/uploads\/2025\/04\/\u5317\u6597\u90a6\u6cf0\u6700\u7ec8logo-\u6700\u7ec8\u7248\u5f69\u8272.png","width":234,"height":76,"caption":"\u5317\u6597\u90a6\u6cf0\u5b98\u7f51"},"image":{"@id":"https:\/\/www.bdpnt.com\/#\/schema\/logo\/image\/"}}]}},"_links":{"self":[{"href":"https:\/\/bdpnt.com\/de\/wp-json\/wp\/v2\/product\/4447","targetHints":{"allow":["GET"]}}],"collection":[{"href":"https:\/\/bdpnt.com\/de\/wp-json\/wp\/v2\/product"}],"about":[{"href":"https:\/\/bdpnt.com\/de\/wp-json\/wp\/v2\/types\/product"}],"version-history":[{"count":8,"href":"https:\/\/bdpnt.com\/de\/wp-json\/wp\/v2\/product\/4447\/revisions"}],"predecessor-version":[{"id":4449,"href":"https:\/\/bdpnt.com\/de\/wp-json\/wp\/v2\/product\/4447\/revisions\/4449"}],"wp:featuredmedia":[{"embeddable":true,"href":"https:\/\/bdpnt.com\/de\/wp-json\/wp\/v2\/media\/4456"}],"wp:attachment":[{"href":"https:\/\/bdpnt.com\/de\/wp-json\/wp\/v2\/media?parent=4447"}],"wp:term":[{"taxonomy":"product_brand","embeddable":true,"href":"https:\/\/bdpnt.com\/de\/wp-json\/wp\/v2\/product_brand?post=4447"},{"taxonomy":"product_cat","embeddable":true,"href":"https:\/\/bdpnt.com\/de\/wp-json\/wp\/v2\/product_cat?post=4447"},{"taxonomy":"product_tag","embeddable":true,"href":"https:\/\/bdpnt.com\/de\/wp-json\/wp\/v2\/product_tag?post=4447"}],"curies":[{"name":"wp","href":"https:\/\/api.w.org\/{rel}","templated":true}]}}