{"id":4355,"date":"2025-07-11T14:46:13","date_gmt":"2025-07-11T06:46:13","guid":{"rendered":"https:\/\/bdstarpnt.com\/?post_type=product&#038;p=4355"},"modified":"2026-03-18T14:34:32","modified_gmt":"2026-03-18T06:34:32","slug":"t200-gnss-synchronisationsuhrmodul","status":"publish","type":"product","link":"https:\/\/bdpnt.com\/de\/product\/t200-gnss-synchronisationsuhrmodul\/","title":{"rendered":"T200 GNSS-Synchronuhrmodul"},"content":{"rendered":"<p class=\"p1\">Das T200 GNSS-Synchronuhrmodul ist ein hochintegriertes Zeit- und Frequenzmodul mit integriertem hochstabilen Quarz und GNSS-Empfang, das ein genaues und stabiles 10MHz-Frequenzsignal und ein 1PPS-Zeitsignal ausgeben kann. Das Modul verf\u00fcgt \u00fcber ein extrem geringes Phasenrauschen, eine hervorragende Zeitmessung und eine breite Temperaturanpassungsf\u00e4higkeit (-20\u2103 bis +70\u2103), die f\u00fcr den Einsatz an Bord, in der Luft, auf Schiffen und in anderen komplexen Umgebungen geeignet ist. Durch die Gleichfrequenz-Phasenverschiebungstechnologie verbessert das Modul die Pr\u00e4zision der Quarzsteuerung und kann bei Ausfall des Satellitensignals weiterhin unabh\u00e4ngig stabile Zeit-Frequenz-Signale erzeugen, um den normalen Betrieb des Systems sicherzustellen. Seine hohe Zuverl\u00e4ssigkeit und sein kompaktes Design erf\u00fcllen eine Vielzahl von hochpr\u00e4zisen Timing-Anforderungen.<\/p>\n<p class=\"p1\">Anwendungsbereiche: Verteidigung, Kommunikation, Navigation, Meteorologie, Metrologie, Rundfunk und Fernsehen, industrielle Automatisierung<\/p>","protected":false},"excerpt":{"rendered":"<p>T200 ist ein hochintegriertes GNSS-Synchronuhrmodul mit eingebautem hochstabilen Quarz und GNSS-Empf\u00e4nger, das genaue 10MHz- und 1PPS-Signale ausgibt. Es hat ein geringes Phasenrauschen, eine starke F\u00e4higkeit, die Zeit zu halten, und eine breite Temperaturanpassungsf\u00e4higkeit von -20\u2103~+70\u2103. Es verbessert die Steuergenauigkeit durch die gleiche Frequenz-Phasenverschiebungstechnologie und kann auch nach dem Verlust der Verriegelung noch stabil ausgeben. Es eignet sich f\u00fcr hochpr\u00e4zise Timing-Szenarien in der Landesverteidigung, Kommunikation, Navigation, Meteorologie, Metrologie, Radio und Fernsehen.<\/p>","protected":false},"featured_media":4364,"template":"","meta":{"_acf_changed":false,"site-sidebar-layout":"default","site-content-layout":"","ast-site-content-layout":"default","site-content-style":"default","site-sidebar-style":"default","ast-global-header-display":"","ast-banner-title-visibility":"","ast-main-header-display":"","ast-hfb-above-header-display":"","ast-hfb-below-header-display":"","ast-hfb-mobile-header-display":"","site-post-title":"","ast-breadcrumbs-content":"","ast-featured-img":"","footer-sml-layout":"","theme-transparent-header-meta":"default","adv-header-id-meta":"","stick-header-meta":"default","header-above-stick-meta":"","header-main-stick-meta":"","header-below-stick-meta":"","astra-migrate-meta-layouts":"set","ast-page-background-enabled":"default","ast-page-background-meta":{"desktop":{"background-color":"var(--ast-global-color-4)","background-image":"","background-repeat":"repeat","background-position":"center center","background-size":"auto","background-attachment":"scroll","background-type":"","background-media":"","overlay-type":"","overlay-color":"","overlay-opacity":"","overlay-gradient":""},"tablet":{"background-color":"","background-image":"","background-repeat":"repeat","background-position":"center center","background-size":"auto","background-attachment":"scroll","background-type":"","background-media":"","overlay-type":"","overlay-color":"","overlay-opacity":"","overlay-gradient":""},"mobile":{"background-color":"","background-image":"","background-repeat":"repeat","background-position":"center center","background-size":"auto","background-attachment":"scroll","background-type":"","background-media":"","overlay-type":"","overlay-color":"","overlay-opacity":"","overlay-gradient":""}},"ast-content-background-meta":{"desktop":{"background-color":"var(--ast-global-color-5)","background-image":"","background-repeat":"repeat","background-position":"center center","background-size":"auto","background-attachment":"scroll","background-type":"","background-media":"","overlay-type":"","overlay-color":"","overlay-opacity":"","overlay-gradient":""},"tablet":{"background-color":"var(--ast-global-color-5)","background-image":"","background-repeat":"repeat","background-position":"center center","background-size":"auto","background-attachment":"scroll","background-type":"","background-media":"","overlay-type":"","overlay-color":"","overlay-opacity":"","overlay-gradient":""},"mobile":{"background-color":"var(--ast-global-color-5)","background-image":"","background-repeat":"repeat","background-position":"center center","background-size":"auto","background-attachment":"scroll","background-type":"","background-media":"","overlay-type":"","overlay-color":"","overlay-opacity":"","overlay-gradient":""}}},"product_brand":[],"product_cat":[62],"product_tag":[],"class_list":{"0":"post-4355","1":"product","2":"type-product","3":"status-publish","4":"has-post-thumbnail","6":"product_cat-gnss-","7":"pa_--gnssgps-beidou-galileo-glonass","8":"pa_--irig-b","9":"pa_--pps-todnmea-0183","10":"pa_-197","11":"pa_--237","12":"pa_--0-c--70-c","13":"pa_--40c--85c","14":"pa_-industrial-automation","15":"pa_-military-aviation","16":"pa_-communications-infrastructure","17":"pa_-gnssdo","18":"pa_--10us24h","19":"pa_---155dbc-hz1khz","20":"pa_-227","21":"pa_-1-ppsttl-rs-422","22":"pa_-10mhz-sine-wave-square-wave-output","23":"pa_-irig-bdcls-am","24":"pa_-todrs-232-nmea","25":"pa_-dc-12v","26":"desktop-align-left","27":"tablet-align-left","28":"mobile-align-left","29":"ast-product-gallery-layout-first-image-large","30":"ast-product-gallery-with-no-image","31":"ast-product-tabs-layout-horizontal","33":"first","34":"instock","35":"shipping-taxable","36":"product-type-simple"},"acf":[],"yoast_head":"<!-- This site is optimized with the Yoast SEO plugin v26.0 - https:\/\/yoast.com\/wordpress\/plugins\/seo\/ -->\n<title>T200 GNSS\u540c\u6b65\u65f6\u949f\u6a21\u5757 - \u5317\u6597\u90a6\u6cf0\u5b98\u7f51<\/title>\n<meta name=\"robots\" content=\"index, follow, max-snippet:-1, max-image-preview:large, max-video-preview:-1\" \/>\n<link rel=\"canonical\" href=\"https:\/\/www.bdpnt.com\/ja\/product\/t200gnss\u540c\u671f\u30af\u30ed\u30c3\u30af\u30e2\u30b8\u30e5\u30fc\u30eb\/\" \/>\n<meta property=\"og:locale\" content=\"de_DE\" \/>\n<meta property=\"og:type\" content=\"article\" \/>\n<meta property=\"og:title\" content=\"T200 GNSS\u540c\u6b65\u65f6\u949f\u6a21\u5757 - \u5317\u6597\u90a6\u6cf0\u5b98\u7f51\" \/>\n<meta property=\"og:description\" content=\"T200 \u662f\u4e00\u6b3e\u9ad8\u96c6\u6210GNSS\u540c\u6b65\u65f6\u949f\u6a21\u5757\uff0c\u5185\u7f6e\u9ad8\u7a33\u6676\u632f\u4e0eGNSS\u63a5\u6536\u5668\uff0c\u8f93\u51fa\u7cbe\u51c610MHz\u548c1PPS\u4fe1\u53f7\u3002\u5177\u5907\u4f4e\u76f8\u566a\u3001\u5f3a\u5b88\u65f6\u80fd\u529b\u53ca\u201320\u2103~+70\u2103\u5bbd\u6e29\u9002\u5e94\u6027\uff0c\u901a\u8fc7\u540c\u9891\u76f8\u79fb\u6280\u672f\u63d0\u5347\u63a7\u5236\u7cbe\u5ea6\uff0c\u5931\u9501\u540e\u4ecd\u53ef\u7a33\u5b9a\u8f93\u51fa\u3002\u9002\u7528\u4e8e\u56fd\u9632\u3001\u901a\u4fe1\u3001\u5bfc\u822a\u3001\u6c14\u8c61\u3001\u8ba1\u91cf\u3001\u5e7f\u7535\u7b49\u9ad8\u7cbe\u5ea6\u6388\u65f6\u573a\u666f\u3002\" \/>\n<meta property=\"og:url\" content=\"https:\/\/www.bdpnt.com\/ja\/product\/t200gnss\u540c\u671f\u30af\u30ed\u30c3\u30af\u30e2\u30b8\u30e5\u30fc\u30eb\/\" \/>\n<meta property=\"og:site_name\" content=\"\u5317\u6597\u90a6\u6cf0\u5b98\u7f51\" \/>\n<meta property=\"article:modified_time\" content=\"2026-03-18T06:34:32+00:00\" \/>\n<meta property=\"og:image\" content=\"https:\/\/www.bdpnt.com\/wp-content\/uploads\/2025\/07\/T200-\u84dd\u8272\u4ea7\u54c1\u80cc\u666f\u6a21\u7248logo.png\" \/>\n\t<meta property=\"og:image:width\" content=\"960\" \/>\n\t<meta property=\"og:image:height\" content=\"480\" \/>\n\t<meta property=\"og:image:type\" content=\"image\/png\" \/>\n<meta name=\"twitter:card\" content=\"summary_large_image\" \/>\n<script type=\"application\/ld+json\" class=\"yoast-schema-graph\">{\"@context\":\"https:\/\/schema.org\",\"@graph\":[{\"@type\":\"WebPage\",\"@id\":\"https:\/\/www.bdpnt.com\/ja\/product\/t200gnss%e5%90%8c%e6%9c%9f%e3%82%af%e3%83%ad%e3%83%83%e3%82%af%e3%83%a2%e3%82%b8%e3%83%a5%e3%83%bc%e3%83%ab\/\",\"url\":\"https:\/\/www.bdpnt.com\/ja\/product\/t200gnss%e5%90%8c%e6%9c%9f%e3%82%af%e3%83%ad%e3%83%83%e3%82%af%e3%83%a2%e3%82%b8%e3%83%a5%e3%83%bc%e3%83%ab\/\",\"name\":\"T200 GNSS\u540c\u6b65\u65f6\u949f\u6a21\u5757 - \u5317\u6597\u90a6\u6cf0\u5b98\u7f51\",\"isPartOf\":{\"@id\":\"https:\/\/www.bdpnt.com\/#website\"},\"primaryImageOfPage\":{\"@id\":\"https:\/\/www.bdpnt.com\/ja\/product\/t200gnss%e5%90%8c%e6%9c%9f%e3%82%af%e3%83%ad%e3%83%83%e3%82%af%e3%83%a2%e3%82%b8%e3%83%a5%e3%83%bc%e3%83%ab\/#primaryimage\"},\"image\":{\"@id\":\"https:\/\/www.bdpnt.com\/ja\/product\/t200gnss%e5%90%8c%e6%9c%9f%e3%82%af%e3%83%ad%e3%83%83%e3%82%af%e3%83%a2%e3%82%b8%e3%83%a5%e3%83%bc%e3%83%ab\/#primaryimage\"},\"thumbnailUrl\":\"https:\/\/bdpnt.com\/wp-content\/uploads\/2025\/07\/T200-\u84dd\u8272\u4ea7\u54c1\u80cc\u666f\u6a21\u7248logo.png\",\"datePublished\":\"2025-07-11T06:46:13+00:00\",\"dateModified\":\"2026-03-18T06:34:32+00:00\",\"breadcrumb\":{\"@id\":\"https:\/\/www.bdpnt.com\/ja\/product\/t200gnss%e5%90%8c%e6%9c%9f%e3%82%af%e3%83%ad%e3%83%83%e3%82%af%e3%83%a2%e3%82%b8%e3%83%a5%e3%83%bc%e3%83%ab\/#breadcrumb\"},\"inLanguage\":\"de-AT\",\"potentialAction\":[{\"@type\":\"ReadAction\",\"target\":[\"https:\/\/www.bdpnt.com\/ja\/product\/t200gnss%e5%90%8c%e6%9c%9f%e3%82%af%e3%83%ad%e3%83%83%e3%82%af%e3%83%a2%e3%82%b8%e3%83%a5%e3%83%bc%e3%83%ab\/\"]}]},{\"@type\":\"ImageObject\",\"inLanguage\":\"de-AT\",\"@id\":\"https:\/\/www.bdpnt.com\/ja\/product\/t200gnss%e5%90%8c%e6%9c%9f%e3%82%af%e3%83%ad%e3%83%83%e3%82%af%e3%83%a2%e3%82%b8%e3%83%a5%e3%83%bc%e3%83%ab\/#primaryimage\",\"url\":\"https:\/\/bdpnt.com\/wp-content\/uploads\/2025\/07\/T200-\u84dd\u8272\u4ea7\u54c1\u80cc\u666f\u6a21\u7248logo.png\",\"contentUrl\":\"https:\/\/bdpnt.com\/wp-content\/uploads\/2025\/07\/T200-\u84dd\u8272\u4ea7\u54c1\u80cc\u666f\u6a21\u7248logo.png\",\"width\":960,\"height\":480},{\"@type\":\"BreadcrumbList\",\"@id\":\"https:\/\/www.bdpnt.com\/ja\/product\/t200gnss%e5%90%8c%e6%9c%9f%e3%82%af%e3%83%ad%e3%83%83%e3%82%af%e3%83%a2%e3%82%b8%e3%83%a5%e3%83%bc%e3%83%ab\/#breadcrumb\",\"itemListElement\":[{\"@type\":\"ListItem\",\"position\":1,\"name\":\"\u9996\u9875\",\"item\":\"https:\/\/www.bdpnt.com\/\"},{\"@type\":\"ListItem\",\"position\":2,\"name\":\"Shop\",\"item\":\"https:\/\/www.bdpnt.com\/shop\/\"},{\"@type\":\"ListItem\",\"position\":3,\"name\":\"\u4ea7\u54c1\",\"item\":\"https:\/\/www.bdpnt.com\/product-category\/products\/\"},{\"@type\":\"ListItem\",\"position\":4,\"name\":\"\u901a\u7528GNSS \u65f6\u9891\u6a21\u5757\",\"item\":\"https:\/\/www.bdpnt.com\/es\/product-category\/productos\/modulo-de-tiempo-y-frecuencia-gnss\/\"},{\"@type\":\"ListItem\",\"position\":5,\"name\":\"GNSS \u9a6f\u670d\u6052\u6e29\u6676\u632f\",\"item\":\"https:\/\/www.bdpnt.com\/ja\/product-category\/%e8%a3%bd%e5%93%81\/gnss%e6%99%82%e9%96%93%e3%83%bb%e5%91%a8%e6%b3%a2%e6%95%b0%e3%83%a2%e3%82%b8%e3%83%a5%e3%83%bc%e3%83%ab\/%e3%82%b5%e3%83%bc%e3%83%a2%e3%82%b9%e3%82%bf%e3%83%83%e3%83%88%e7%b5%90%e6%99%b6%e3%82%92%e9%a3%bc%e3%81%84%e3%81%aa%e3%82%89%e3%81%99gnss\/\"},{\"@type\":\"ListItem\",\"position\":6,\"name\":\"T200 GNSS\u540c\u6b65\u65f6\u949f\u6a21\u5757\"}]},{\"@type\":\"WebSite\",\"@id\":\"https:\/\/www.bdpnt.com\/#website\",\"url\":\"https:\/\/www.bdpnt.com\/\",\"name\":\"\u5317\u6597\u90a6\u6cf0\u5b98\u7f51\",\"description\":\"bdstar time website\",\"publisher\":{\"@id\":\"https:\/\/www.bdpnt.com\/#organization\"},\"alternateName\":\"BDSTAR TIME\",\"potentialAction\":[{\"@type\":\"SearchAction\",\"target\":{\"@type\":\"EntryPoint\",\"urlTemplate\":\"https:\/\/www.bdpnt.com\/?s={search_term_string}\"},\"query-input\":{\"@type\":\"PropertyValueSpecification\",\"valueRequired\":true,\"valueName\":\"search_term_string\"}}],\"inLanguage\":\"de-AT\"},{\"@type\":\"Organization\",\"@id\":\"https:\/\/www.bdpnt.com\/#organization\",\"name\":\"\u5317\u6597\u90a6\u6cf0\u5b98\u7f51\",\"alternateName\":\"BDSTAR TIME\",\"url\":\"https:\/\/www.bdpnt.com\/\",\"logo\":{\"@type\":\"ImageObject\",\"inLanguage\":\"de-AT\",\"@id\":\"https:\/\/www.bdpnt.com\/#\/schema\/logo\/image\/\",\"url\":\"https:\/\/bdpnt.com\/wp-content\/uploads\/2025\/04\/\u5317\u6597\u90a6\u6cf0\u6700\u7ec8logo-\u6700\u7ec8\u7248\u5f69\u8272.png\",\"contentUrl\":\"https:\/\/bdpnt.com\/wp-content\/uploads\/2025\/04\/\u5317\u6597\u90a6\u6cf0\u6700\u7ec8logo-\u6700\u7ec8\u7248\u5f69\u8272.png\",\"width\":234,\"height\":76,\"caption\":\"\u5317\u6597\u90a6\u6cf0\u5b98\u7f51\"},\"image\":{\"@id\":\"https:\/\/www.bdpnt.com\/#\/schema\/logo\/image\/\"}}]}<\/script>\n<!-- \/ Yoast SEO plugin. -->","yoast_head_json":{"title":"T200 GNSS-Synchronuhrmodul - Beidou Bangtai Official Website","robots":{"index":"index","follow":"follow","max-snippet":"max-snippet:-1","max-image-preview":"max-image-preview:large","max-video-preview":"max-video-preview:-1"},"canonical":"https:\/\/www.bdpnt.com\/ja\/product\/t200gnss\u540c\u671f\u30af\u30ed\u30c3\u30af\u30e2\u30b8\u30e5\u30fc\u30eb\/","og_locale":"de_DE","og_type":"article","og_title":"T200 GNSS\u540c\u6b65\u65f6\u949f\u6a21\u5757 - \u5317\u6597\u90a6\u6cf0\u5b98\u7f51","og_description":"T200 \u662f\u4e00\u6b3e\u9ad8\u96c6\u6210GNSS\u540c\u6b65\u65f6\u949f\u6a21\u5757\uff0c\u5185\u7f6e\u9ad8\u7a33\u6676\u632f\u4e0eGNSS\u63a5\u6536\u5668\uff0c\u8f93\u51fa\u7cbe\u51c610MHz\u548c1PPS\u4fe1\u53f7\u3002\u5177\u5907\u4f4e\u76f8\u566a\u3001\u5f3a\u5b88\u65f6\u80fd\u529b\u53ca\u201320\u2103~+70\u2103\u5bbd\u6e29\u9002\u5e94\u6027\uff0c\u901a\u8fc7\u540c\u9891\u76f8\u79fb\u6280\u672f\u63d0\u5347\u63a7\u5236\u7cbe\u5ea6\uff0c\u5931\u9501\u540e\u4ecd\u53ef\u7a33\u5b9a\u8f93\u51fa\u3002\u9002\u7528\u4e8e\u56fd\u9632\u3001\u901a\u4fe1\u3001\u5bfc\u822a\u3001\u6c14\u8c61\u3001\u8ba1\u91cf\u3001\u5e7f\u7535\u7b49\u9ad8\u7cbe\u5ea6\u6388\u65f6\u573a\u666f\u3002","og_url":"https:\/\/www.bdpnt.com\/ja\/product\/t200gnss\u540c\u671f\u30af\u30ed\u30c3\u30af\u30e2\u30b8\u30e5\u30fc\u30eb\/","og_site_name":"\u5317\u6597\u90a6\u6cf0\u5b98\u7f51","article_modified_time":"2026-03-18T06:34:32+00:00","og_image":[{"width":960,"height":480,"url":"https:\/\/www.bdpnt.com\/wp-content\/uploads\/2025\/07\/T200-\u84dd\u8272\u4ea7\u54c1\u80cc\u666f\u6a21\u7248logo.png","type":"image\/png"}],"twitter_card":"summary_large_image","schema":{"@context":"https:\/\/schema.org","@graph":[{"@type":"WebPage","@id":"https:\/\/www.bdpnt.com\/ja\/product\/t200gnss%e5%90%8c%e6%9c%9f%e3%82%af%e3%83%ad%e3%83%83%e3%82%af%e3%83%a2%e3%82%b8%e3%83%a5%e3%83%bc%e3%83%ab\/","url":"https:\/\/www.bdpnt.com\/ja\/product\/t200gnss%e5%90%8c%e6%9c%9f%e3%82%af%e3%83%ad%e3%83%83%e3%82%af%e3%83%a2%e3%82%b8%e3%83%a5%e3%83%bc%e3%83%ab\/","name":"T200 GNSS-Synchronuhrmodul - Beidou Bangtai Official Website","isPartOf":{"@id":"https:\/\/www.bdpnt.com\/#website"},"primaryImageOfPage":{"@id":"https:\/\/www.bdpnt.com\/ja\/product\/t200gnss%e5%90%8c%e6%9c%9f%e3%82%af%e3%83%ad%e3%83%83%e3%82%af%e3%83%a2%e3%82%b8%e3%83%a5%e3%83%bc%e3%83%ab\/#primaryimage"},"image":{"@id":"https:\/\/www.bdpnt.com\/ja\/product\/t200gnss%e5%90%8c%e6%9c%9f%e3%82%af%e3%83%ad%e3%83%83%e3%82%af%e3%83%a2%e3%82%b8%e3%83%a5%e3%83%bc%e3%83%ab\/#primaryimage"},"thumbnailUrl":"https:\/\/bdpnt.com\/wp-content\/uploads\/2025\/07\/T200-\u84dd\u8272\u4ea7\u54c1\u80cc\u666f\u6a21\u7248logo.png","datePublished":"2025-07-11T06:46:13+00:00","dateModified":"2026-03-18T06:34:32+00:00","breadcrumb":{"@id":"https:\/\/www.bdpnt.com\/ja\/product\/t200gnss%e5%90%8c%e6%9c%9f%e3%82%af%e3%83%ad%e3%83%83%e3%82%af%e3%83%a2%e3%82%b8%e3%83%a5%e3%83%bc%e3%83%ab\/#breadcrumb"},"inLanguage":"de-AT","potentialAction":[{"@type":"ReadAction","target":["https:\/\/www.bdpnt.com\/ja\/product\/t200gnss%e5%90%8c%e6%9c%9f%e3%82%af%e3%83%ad%e3%83%83%e3%82%af%e3%83%a2%e3%82%b8%e3%83%a5%e3%83%bc%e3%83%ab\/"]}]},{"@type":"ImageObject","inLanguage":"de-AT","@id":"https:\/\/www.bdpnt.com\/ja\/product\/t200gnss%e5%90%8c%e6%9c%9f%e3%82%af%e3%83%ad%e3%83%83%e3%82%af%e3%83%a2%e3%82%b8%e3%83%a5%e3%83%bc%e3%83%ab\/#primaryimage","url":"https:\/\/bdpnt.com\/wp-content\/uploads\/2025\/07\/T200-\u84dd\u8272\u4ea7\u54c1\u80cc\u666f\u6a21\u7248logo.png","contentUrl":"https:\/\/bdpnt.com\/wp-content\/uploads\/2025\/07\/T200-\u84dd\u8272\u4ea7\u54c1\u80cc\u666f\u6a21\u7248logo.png","width":960,"height":480},{"@type":"BreadcrumbList","@id":"https:\/\/www.bdpnt.com\/ja\/product\/t200gnss%e5%90%8c%e6%9c%9f%e3%82%af%e3%83%ad%e3%83%83%e3%82%af%e3%83%a2%e3%82%b8%e3%83%a5%e3%83%bc%e3%83%ab\/#breadcrumb","itemListElement":[{"@type":"ListItem","position":1,"name":"\u9996\u9875","item":"https:\/\/www.bdpnt.com\/"},{"@type":"ListItem","position":2,"name":"Shop","item":"https:\/\/www.bdpnt.com\/shop\/"},{"@type":"ListItem","position":3,"name":"\u4ea7\u54c1","item":"https:\/\/www.bdpnt.com\/product-category\/products\/"},{"@type":"ListItem","position":4,"name":"\u901a\u7528GNSS \u65f6\u9891\u6a21\u5757","item":"https:\/\/www.bdpnt.com\/es\/product-category\/productos\/modulo-de-tiempo-y-frecuencia-gnss\/"},{"@type":"ListItem","position":5,"name":"GNSS \u9a6f\u670d\u6052\u6e29\u6676\u632f","item":"https:\/\/www.bdpnt.com\/ja\/product-category\/%e8%a3%bd%e5%93%81\/gnss%e6%99%82%e9%96%93%e3%83%bb%e5%91%a8%e6%b3%a2%e6%95%b0%e3%83%a2%e3%82%b8%e3%83%a5%e3%83%bc%e3%83%ab\/%e3%82%b5%e3%83%bc%e3%83%a2%e3%82%b9%e3%82%bf%e3%83%83%e3%83%88%e7%b5%90%e6%99%b6%e3%82%92%e9%a3%bc%e3%81%84%e3%81%aa%e3%82%89%e3%81%99gnss\/"},{"@type":"ListItem","position":6,"name":"T200 GNSS\u540c\u6b65\u65f6\u949f\u6a21\u5757"}]},{"@type":"WebSite","@id":"https:\/\/www.bdpnt.com\/#website","url":"https:\/\/www.bdpnt.com\/","name":"Beidoubangtai Offizielle Website","description":"bdstar time website","publisher":{"@id":"https:\/\/www.bdpnt.com\/#organization"},"alternateName":"BDSTAR TIME","potentialAction":[{"@type":"SearchAction","target":{"@type":"EntryPoint","urlTemplate":"https:\/\/www.bdpnt.com\/?s={search_term_string}"},"query-input":{"@type":"PropertyValueSpecification","valueRequired":true,"valueName":"search_term_string"}}],"inLanguage":"de-AT"},{"@type":"Organization","@id":"https:\/\/www.bdpnt.com\/#organization","name":"Beidoubangtai Offizielle Website","alternateName":"BDSTAR TIME","url":"https:\/\/www.bdpnt.com\/","logo":{"@type":"ImageObject","inLanguage":"de-AT","@id":"https:\/\/www.bdpnt.com\/#\/schema\/logo\/image\/","url":"https:\/\/bdpnt.com\/wp-content\/uploads\/2025\/04\/\u5317\u6597\u90a6\u6cf0\u6700\u7ec8logo-\u6700\u7ec8\u7248\u5f69\u8272.png","contentUrl":"https:\/\/bdpnt.com\/wp-content\/uploads\/2025\/04\/\u5317\u6597\u90a6\u6cf0\u6700\u7ec8logo-\u6700\u7ec8\u7248\u5f69\u8272.png","width":234,"height":76,"caption":"\u5317\u6597\u90a6\u6cf0\u5b98\u7f51"},"image":{"@id":"https:\/\/www.bdpnt.com\/#\/schema\/logo\/image\/"}}]}},"_links":{"self":[{"href":"https:\/\/bdpnt.com\/de\/wp-json\/wp\/v2\/product\/4355","targetHints":{"allow":["GET"]}}],"collection":[{"href":"https:\/\/bdpnt.com\/de\/wp-json\/wp\/v2\/product"}],"about":[{"href":"https:\/\/bdpnt.com\/de\/wp-json\/wp\/v2\/types\/product"}],"version-history":[{"count":13,"href":"https:\/\/bdpnt.com\/de\/wp-json\/wp\/v2\/product\/4355\/revisions"}],"predecessor-version":[{"id":4389,"href":"https:\/\/bdpnt.com\/de\/wp-json\/wp\/v2\/product\/4355\/revisions\/4389"}],"wp:featuredmedia":[{"embeddable":true,"href":"https:\/\/bdpnt.com\/de\/wp-json\/wp\/v2\/media\/4364"}],"wp:attachment":[{"href":"https:\/\/bdpnt.com\/de\/wp-json\/wp\/v2\/media?parent=4355"}],"wp:term":[{"taxonomy":"product_brand","embeddable":true,"href":"https:\/\/bdpnt.com\/de\/wp-json\/wp\/v2\/product_brand?post=4355"},{"taxonomy":"product_cat","embeddable":true,"href":"https:\/\/bdpnt.com\/de\/wp-json\/wp\/v2\/product_cat?post=4355"},{"taxonomy":"product_tag","embeddable":true,"href":"https:\/\/bdpnt.com\/de\/wp-json\/wp\/v2\/product_tag?post=4355"}],"curies":[{"name":"wp","href":"https:\/\/api.w.org\/{rel}","templated":true}]}}