{"id":4191,"date":"2025-07-07T15:34:30","date_gmt":"2025-07-07T07:34:30","guid":{"rendered":"https:\/\/bdstarpnt.com\/?post_type=product&#038;p=4191"},"modified":"2026-03-18T14:35:10","modified_gmt":"2026-03-18T06:35:10","slug":"t910-wr-taktsynchronisationsschalter-2","status":"publish","type":"product","link":"https:\/\/bdpnt.com\/de\/product\/t910-wr-taktsynchronisationsschalter-2\/","title":{"rendered":"T910 WR Taktsynchronisationsschalter"},"content":{"rendered":"<p class=\"p1\">WRS (White Rabbit Switch) ist das Kernger\u00e4t des WR-Netzwerks, das f\u00fcr die hochpr\u00e4zise Zeitsynchronisation und Frequenzverteilung konzipiert ist. Es unterst\u00fctzt bis zu 18 Glasfaser-Synchronisationsanschl\u00fcsse und bietet eine stabile Zeit- und Frequenzsignalausgabe, die sich f\u00fcr den Aufbau von Zeitsynchronisationsnetzwerken in extrem gro\u00dfem Ma\u00dfstab eignet. Das Ger\u00e4t kombiniert fortschrittliche Hardware mit einem eingebetteten Linux-Betriebssystem und unterst\u00fctzt mehrere Netzwerkprotokolle und Verwaltungsschnittstellen (z. B. SNMP, SSH und Web), was eine flexible Netzwerkbereitstellung und eine effiziente Zeitverwaltung gew\u00e4hrleistet. Mit einer hervorragenden Leistung von &lt;10ps Taktsynchronisationsgenauigkeit unterst\u00fctzt er die Konfiguration im Master\/Slave-Modus und eignet sich f\u00fcr eine Vielzahl komplexer Netzwerkumgebungen. Durch die automatische Messung und Kompensation von Glasfaserverz\u00f6gerungen erzielt der WRS eine genaue Zeitsynchronisation und unterst\u00fctzt Kaskadierungsanwendungen mit bis zu 10.000 Knoten. Dar\u00fcber hinaus ist das Ger\u00e4t mit einer Vielzahl von Protokollen wie PTPv2, Sync-E und VLAN kompatibel, um die Zeitsynchronisationsanforderungen verschiedener Bereiche zu erf\u00fcllen.<\/p>\n<p class=\"p1\">Anpassungsbereiche: Dual-Base-Radar, adaptive Antennen-Arrays, verteilte Zeitmessung usw.<\/p>","protected":false},"excerpt":{"rendered":"<p>WRS (White Rabbit Switch) ist ein hochpr\u00e4zises Zeitsynchronisations- und Frequenzverteilungskernger\u00e4t, das 18 Glasfaser-Synchronisationsanschl\u00fcsse mit einer Taktsynchronisationsgenauigkeit von mehr als 10 ps unterst\u00fctzt. Es integriert die Hardware-Plattform und das eingebettete Linux-System, unterst\u00fctzt SNMP, SSH, Web und andere Verwaltungsschnittstellen und ist mit den Protokollen PTPv2, Sync-E und VLAN kompatibel. Mit Master\/Slave-Modus, automatischer Kompensation der Glasfaserverz\u00f6gerung, Unterst\u00fctzung von 10.000 Knoten in Kaskade, weit verbreitet in Dual-Base-Station Radar, adaptive Antennengruppe, verteilte Zeitmessung und andere Szenarien.<\/p>","protected":false},"featured_media":4195,"template":"","meta":{"_acf_changed":false,"site-sidebar-layout":"default","site-content-layout":"","ast-site-content-layout":"default","site-content-style":"default","site-sidebar-style":"default","ast-global-header-display":"","ast-banner-title-visibility":"","ast-main-header-display":"","ast-hfb-above-header-display":"","ast-hfb-below-header-display":"","ast-hfb-mobile-header-display":"","site-post-title":"","ast-breadcrumbs-content":"","ast-featured-img":"","footer-sml-layout":"","theme-transparent-header-meta":"default","adv-header-id-meta":"","stick-header-meta":"default","header-above-stick-meta":"","header-main-stick-meta":"","header-below-stick-meta":"","astra-migrate-meta-layouts":"set","ast-page-background-enabled":"default","ast-page-background-meta":{"desktop":{"background-color":"var(--ast-global-color-4)","background-image":"","background-repeat":"repeat","background-position":"center center","background-size":"auto","background-attachment":"scroll","background-type":"","background-media":"","overlay-type":"","overlay-color":"","overlay-opacity":"","overlay-gradient":""},"tablet":{"background-color":"","background-image":"","background-repeat":"repeat","background-position":"center center","background-size":"auto","background-attachment":"scroll","background-type":"","background-media":"","overlay-type":"","overlay-color":"","overlay-opacity":"","overlay-gradient":""},"mobile":{"background-color":"","background-image":"","background-repeat":"repeat","background-position":"center center","background-size":"auto","background-attachment":"scroll","background-type":"","background-media":"","overlay-type":"","overlay-color":"","overlay-opacity":"","overlay-gradient":""}},"ast-content-background-meta":{"desktop":{"background-color":"var(--ast-global-color-5)","background-image":"","background-repeat":"repeat","background-position":"center center","background-size":"auto","background-attachment":"scroll","background-type":"","background-media":"","overlay-type":"","overlay-color":"","overlay-opacity":"","overlay-gradient":""},"tablet":{"background-color":"var(--ast-global-color-5)","background-image":"","background-repeat":"repeat","background-position":"center center","background-size":"auto","background-attachment":"scroll","background-type":"","background-media":"","overlay-type":"","overlay-color":"","overlay-opacity":"","overlay-gradient":""},"mobile":{"background-color":"var(--ast-global-color-5)","background-image":"","background-repeat":"repeat","background-position":"center center","background-size":"auto","background-attachment":"scroll","background-type":"","background-media":"","overlay-type":"","overlay-color":"","overlay-opacity":"","overlay-gradient":""}}},"product_brand":[],"product_cat":[56],"product_tag":[],"class_list":{"0":"post-4191","1":"product","2":"type-product","3":"status-publish","4":"has-post-thumbnail","6":"product_cat-56","7":"pa_--pps-todnmea-0183","8":"pa_--ptpieee-1588-v2-v2-1","9":"pa_--web-snmp-syslog","10":"pa_--white-rabbitwr-ptp","11":"pa_-197","12":"pa_---1u","13":"pa_--0-c--70-c","14":"pa_-industrial-automation","15":"pa_-data-center-and-computing","16":"pa_-power-and-energy","17":"pa_-military-aviation","18":"pa_-metrology-and-testing","19":"pa_-communications-infrastructure","20":"pa_-financial-transactions","21":"pa_-wr","22":"pa_-10mhz-sine-wave-square-wave-output","23":"pa_-sfp1g","24":"pa_-todrs-232-nmea","25":"pa_-ac-220v","26":"desktop-align-left","27":"tablet-align-left","28":"mobile-align-left","29":"ast-product-gallery-layout-first-image-large","30":"ast-product-gallery-with-no-image","31":"ast-product-tabs-layout-horizontal","33":"first","34":"instock","35":"shipping-taxable","36":"product-type-simple"},"acf":[],"yoast_head":"<!-- This site is optimized with the Yoast SEO plugin v26.0 - https:\/\/yoast.com\/wordpress\/plugins\/seo\/ -->\n<title>T910 WR\u65f6\u949f\u540c\u6b65\u4ea4\u6362\u673a - \u5317\u6597\u90a6\u6cf0\u5b98\u7f51<\/title>\n<meta name=\"robots\" content=\"index, follow, max-snippet:-1, max-image-preview:large, max-video-preview:-1\" \/>\n<link rel=\"canonical\" href=\"https:\/\/www.bdpnt.com\/de\/product\/t910-wr-taktsynchronisationsschalter-2\/\" \/>\n<meta property=\"og:locale\" content=\"de_DE\" \/>\n<meta property=\"og:type\" content=\"article\" \/>\n<meta property=\"og:title\" content=\"T910 WR\u65f6\u949f\u540c\u6b65\u4ea4\u6362\u673a - \u5317\u6597\u90a6\u6cf0\u5b98\u7f51\" \/>\n<meta property=\"og:description\" content=\"WRS\uff08White Rabbit Switch\uff09\u662f\u9ad8\u7cbe\u5ea6\u65f6\u95f4\u540c\u6b65\u4e0e\u9891\u7387\u5206\u914d\u6838\u5fc3\u8bbe\u5907\uff0c\u652f\u630118\u8def\u5149\u7ea4\u540c\u6b65\u7aef\u53e3\uff0c\u65f6\u949f\u540c\u6b65\u7cbe\u5ea6\u4f18\u4e8e10ps\u3002\u878d\u5408\u786c\u4ef6\u5e73\u53f0\u4e0e\u5d4c\u5165\u5f0fLinux\u7cfb\u7edf\uff0c\u652f\u6301SNMP\u3001SSH\u3001Web\u7b49\u591a\u79cd\u7ba1\u7406\u63a5\u53e3\uff0c\u517c\u5bb9PTPv2\u3001Sync-E\u3001VLAN\u534f\u8bae\u3002\u5177\u5907Master\/Slave\u6a21\u5f0f\u3001\u5149\u7ea4\u5ef6\u8fdf\u81ea\u52a8\u8865\u507f\u529f\u80fd\uff0c\u652f\u6301\u4e07\u8282\u70b9\u7ea7\u8054\u90e8\u7f72\uff0c\u5e7f\u6cdb\u5e94\u7528\u4e8e\u53cc\u57fa\u7ad9\u96f7\u8fbe\u3001\u81ea\u9002\u5e94\u5929\u7ebf\u9635\u5217\u3001\u5206\u5e03\u5f0f\u65f6\u95f4\u6d4b\u91cf\u7b49\u573a\u666f\u3002\" \/>\n<meta property=\"og:url\" content=\"https:\/\/www.bdpnt.com\/de\/product\/t910-wr-taktsynchronisationsschalter-2\/\" \/>\n<meta property=\"og:site_name\" content=\"\u5317\u6597\u90a6\u6cf0\u5b98\u7f51\" \/>\n<meta property=\"article:modified_time\" content=\"2026-03-18T06:35:10+00:00\" \/>\n<meta property=\"og:image\" content=\"https:\/\/www.bdpnt.com\/wp-content\/uploads\/2025\/07\/T910\u767d\u5154\u84dd\u8272\u4ea7\u54c1\u80cc\u666f\u6a21\u7248.png\" \/>\n\t<meta property=\"og:image:width\" content=\"960\" \/>\n\t<meta property=\"og:image:height\" content=\"480\" \/>\n\t<meta property=\"og:image:type\" content=\"image\/png\" \/>\n<meta name=\"twitter:card\" content=\"summary_large_image\" \/>\n<meta name=\"twitter:label1\" content=\"Gesch\u00e4tzte Lesezeit\" \/>\n\t<meta name=\"twitter:data1\" content=\"1 Minute\" \/>\n<script type=\"application\/ld+json\" class=\"yoast-schema-graph\">{\"@context\":\"https:\/\/schema.org\",\"@graph\":[{\"@type\":\"WebPage\",\"@id\":\"https:\/\/www.bdpnt.com\/de\/product\/t910-wr-taktsynchronisationsschalter-2\/\",\"url\":\"https:\/\/www.bdpnt.com\/de\/product\/t910-wr-taktsynchronisationsschalter-2\/\",\"name\":\"T910 WR\u65f6\u949f\u540c\u6b65\u4ea4\u6362\u673a - \u5317\u6597\u90a6\u6cf0\u5b98\u7f51\",\"isPartOf\":{\"@id\":\"https:\/\/www.bdpnt.com\/#website\"},\"primaryImageOfPage\":{\"@id\":\"https:\/\/www.bdpnt.com\/de\/product\/t910-wr-taktsynchronisationsschalter-2\/#primaryimage\"},\"image\":{\"@id\":\"https:\/\/www.bdpnt.com\/de\/product\/t910-wr-taktsynchronisationsschalter-2\/#primaryimage\"},\"thumbnailUrl\":\"https:\/\/bdpnt.com\/wp-content\/uploads\/2025\/07\/T910\u767d\u5154\u84dd\u8272\u4ea7\u54c1\u80cc\u666f\u6a21\u7248.png\",\"datePublished\":\"2025-07-07T07:34:30+00:00\",\"dateModified\":\"2026-03-18T06:35:10+00:00\",\"breadcrumb\":{\"@id\":\"https:\/\/www.bdpnt.com\/de\/product\/t910-wr-taktsynchronisationsschalter-2\/#breadcrumb\"},\"inLanguage\":\"de-AT\",\"potentialAction\":[{\"@type\":\"ReadAction\",\"target\":[\"https:\/\/www.bdpnt.com\/de\/product\/t910-wr-taktsynchronisationsschalter-2\/\"]}]},{\"@type\":\"ImageObject\",\"inLanguage\":\"de-AT\",\"@id\":\"https:\/\/www.bdpnt.com\/de\/product\/t910-wr-taktsynchronisationsschalter-2\/#primaryimage\",\"url\":\"https:\/\/bdpnt.com\/wp-content\/uploads\/2025\/07\/T910\u767d\u5154\u84dd\u8272\u4ea7\u54c1\u80cc\u666f\u6a21\u7248.png\",\"contentUrl\":\"https:\/\/bdpnt.com\/wp-content\/uploads\/2025\/07\/T910\u767d\u5154\u84dd\u8272\u4ea7\u54c1\u80cc\u666f\u6a21\u7248.png\",\"width\":960,\"height\":480},{\"@type\":\"BreadcrumbList\",\"@id\":\"https:\/\/www.bdpnt.com\/de\/product\/t910-wr-taktsynchronisationsschalter-2\/#breadcrumb\",\"itemListElement\":[{\"@type\":\"ListItem\",\"position\":1,\"name\":\"\u9996\u9875\",\"item\":\"https:\/\/www.bdpnt.com\/\"},{\"@type\":\"ListItem\",\"position\":2,\"name\":\"Shop\",\"item\":\"https:\/\/www.bdpnt.com\/shop\/\"},{\"@type\":\"ListItem\",\"position\":3,\"name\":\"\u4ea7\u54c1\",\"item\":\"https:\/\/www.bdpnt.com\/product-category\/products\/\"},{\"@type\":\"ListItem\",\"position\":4,\"name\":\"\u65f6\u95f4\u9891\u7387\u4f20\u9012\",\"item\":\"https:\/\/www.bdpnt.com\/de\/product-category\/produkte\/zeit-frequenz-ubertragung\/\"},{\"@type\":\"ListItem\",\"position\":5,\"name\":\"\u767d\u5154\u65f6\u95f4\u4f20\u9012\",\"item\":\"https:\/\/www.bdpnt.com\/de\/product-category\/produkte\/zeit-frequenz-ubertragung\/white-rabbit-zeitubertragung\/\"},{\"@type\":\"ListItem\",\"position\":6,\"name\":\"T910 WR\u65f6\u949f\u540c\u6b65\u4ea4\u6362\u673a\"}]},{\"@type\":\"WebSite\",\"@id\":\"https:\/\/www.bdpnt.com\/#website\",\"url\":\"https:\/\/www.bdpnt.com\/\",\"name\":\"\u5317\u6597\u90a6\u6cf0\u5b98\u7f51\",\"description\":\"bdstar time website\",\"publisher\":{\"@id\":\"https:\/\/www.bdpnt.com\/#organization\"},\"alternateName\":\"BDSTAR TIME\",\"potentialAction\":[{\"@type\":\"SearchAction\",\"target\":{\"@type\":\"EntryPoint\",\"urlTemplate\":\"https:\/\/www.bdpnt.com\/?s={search_term_string}\"},\"query-input\":{\"@type\":\"PropertyValueSpecification\",\"valueRequired\":true,\"valueName\":\"search_term_string\"}}],\"inLanguage\":\"de-AT\"},{\"@type\":\"Organization\",\"@id\":\"https:\/\/www.bdpnt.com\/#organization\",\"name\":\"\u5317\u6597\u90a6\u6cf0\u5b98\u7f51\",\"alternateName\":\"BDSTAR TIME\",\"url\":\"https:\/\/www.bdpnt.com\/\",\"logo\":{\"@type\":\"ImageObject\",\"inLanguage\":\"de-AT\",\"@id\":\"https:\/\/www.bdpnt.com\/#\/schema\/logo\/image\/\",\"url\":\"https:\/\/bdpnt.com\/wp-content\/uploads\/2025\/04\/\u5317\u6597\u90a6\u6cf0\u6700\u7ec8logo-\u6700\u7ec8\u7248\u5f69\u8272.png\",\"contentUrl\":\"https:\/\/bdpnt.com\/wp-content\/uploads\/2025\/04\/\u5317\u6597\u90a6\u6cf0\u6700\u7ec8logo-\u6700\u7ec8\u7248\u5f69\u8272.png\",\"width\":234,\"height\":76,\"caption\":\"\u5317\u6597\u90a6\u6cf0\u5b98\u7f51\"},\"image\":{\"@id\":\"https:\/\/www.bdpnt.com\/#\/schema\/logo\/image\/\"}}]}<\/script>\n<!-- \/ Yoast SEO plugin. -->","yoast_head_json":{"title":"T910 WR Uhrensynchronisationsschalter - Beidou Bangtai Official Website","robots":{"index":"index","follow":"follow","max-snippet":"max-snippet:-1","max-image-preview":"max-image-preview:large","max-video-preview":"max-video-preview:-1"},"canonical":"https:\/\/www.bdpnt.com\/de\/product\/t910-wr-taktsynchronisationsschalter-2\/","og_locale":"de_DE","og_type":"article","og_title":"T910 WR\u65f6\u949f\u540c\u6b65\u4ea4\u6362\u673a - \u5317\u6597\u90a6\u6cf0\u5b98\u7f51","og_description":"WRS\uff08White Rabbit Switch\uff09\u662f\u9ad8\u7cbe\u5ea6\u65f6\u95f4\u540c\u6b65\u4e0e\u9891\u7387\u5206\u914d\u6838\u5fc3\u8bbe\u5907\uff0c\u652f\u630118\u8def\u5149\u7ea4\u540c\u6b65\u7aef\u53e3\uff0c\u65f6\u949f\u540c\u6b65\u7cbe\u5ea6\u4f18\u4e8e10ps\u3002\u878d\u5408\u786c\u4ef6\u5e73\u53f0\u4e0e\u5d4c\u5165\u5f0fLinux\u7cfb\u7edf\uff0c\u652f\u6301SNMP\u3001SSH\u3001Web\u7b49\u591a\u79cd\u7ba1\u7406\u63a5\u53e3\uff0c\u517c\u5bb9PTPv2\u3001Sync-E\u3001VLAN\u534f\u8bae\u3002\u5177\u5907Master\/Slave\u6a21\u5f0f\u3001\u5149\u7ea4\u5ef6\u8fdf\u81ea\u52a8\u8865\u507f\u529f\u80fd\uff0c\u652f\u6301\u4e07\u8282\u70b9\u7ea7\u8054\u90e8\u7f72\uff0c\u5e7f\u6cdb\u5e94\u7528\u4e8e\u53cc\u57fa\u7ad9\u96f7\u8fbe\u3001\u81ea\u9002\u5e94\u5929\u7ebf\u9635\u5217\u3001\u5206\u5e03\u5f0f\u65f6\u95f4\u6d4b\u91cf\u7b49\u573a\u666f\u3002","og_url":"https:\/\/www.bdpnt.com\/de\/product\/t910-wr-taktsynchronisationsschalter-2\/","og_site_name":"\u5317\u6597\u90a6\u6cf0\u5b98\u7f51","article_modified_time":"2026-03-18T06:35:10+00:00","og_image":[{"width":960,"height":480,"url":"https:\/\/www.bdpnt.com\/wp-content\/uploads\/2025\/07\/T910\u767d\u5154\u84dd\u8272\u4ea7\u54c1\u80cc\u666f\u6a21\u7248.png","type":"image\/png"}],"twitter_card":"summary_large_image","twitter_misc":{"Gesch\u00e4tzte Lesezeit":"1 Minute"},"schema":{"@context":"https:\/\/schema.org","@graph":[{"@type":"WebPage","@id":"https:\/\/www.bdpnt.com\/de\/product\/t910-wr-taktsynchronisationsschalter-2\/","url":"https:\/\/www.bdpnt.com\/de\/product\/t910-wr-taktsynchronisationsschalter-2\/","name":"T910 WR Uhrensynchronisationsschalter - Beidou Bangtai Official Website","isPartOf":{"@id":"https:\/\/www.bdpnt.com\/#website"},"primaryImageOfPage":{"@id":"https:\/\/www.bdpnt.com\/de\/product\/t910-wr-taktsynchronisationsschalter-2\/#primaryimage"},"image":{"@id":"https:\/\/www.bdpnt.com\/de\/product\/t910-wr-taktsynchronisationsschalter-2\/#primaryimage"},"thumbnailUrl":"https:\/\/bdpnt.com\/wp-content\/uploads\/2025\/07\/T910\u767d\u5154\u84dd\u8272\u4ea7\u54c1\u80cc\u666f\u6a21\u7248.png","datePublished":"2025-07-07T07:34:30+00:00","dateModified":"2026-03-18T06:35:10+00:00","breadcrumb":{"@id":"https:\/\/www.bdpnt.com\/de\/product\/t910-wr-taktsynchronisationsschalter-2\/#breadcrumb"},"inLanguage":"de-AT","potentialAction":[{"@type":"ReadAction","target":["https:\/\/www.bdpnt.com\/de\/product\/t910-wr-taktsynchronisationsschalter-2\/"]}]},{"@type":"ImageObject","inLanguage":"de-AT","@id":"https:\/\/www.bdpnt.com\/de\/product\/t910-wr-taktsynchronisationsschalter-2\/#primaryimage","url":"https:\/\/bdpnt.com\/wp-content\/uploads\/2025\/07\/T910\u767d\u5154\u84dd\u8272\u4ea7\u54c1\u80cc\u666f\u6a21\u7248.png","contentUrl":"https:\/\/bdpnt.com\/wp-content\/uploads\/2025\/07\/T910\u767d\u5154\u84dd\u8272\u4ea7\u54c1\u80cc\u666f\u6a21\u7248.png","width":960,"height":480},{"@type":"BreadcrumbList","@id":"https:\/\/www.bdpnt.com\/de\/product\/t910-wr-taktsynchronisationsschalter-2\/#breadcrumb","itemListElement":[{"@type":"ListItem","position":1,"name":"\u9996\u9875","item":"https:\/\/www.bdpnt.com\/"},{"@type":"ListItem","position":2,"name":"Shop","item":"https:\/\/www.bdpnt.com\/shop\/"},{"@type":"ListItem","position":3,"name":"\u4ea7\u54c1","item":"https:\/\/www.bdpnt.com\/product-category\/products\/"},{"@type":"ListItem","position":4,"name":"\u65f6\u95f4\u9891\u7387\u4f20\u9012","item":"https:\/\/www.bdpnt.com\/de\/product-category\/produkte\/zeit-frequenz-ubertragung\/"},{"@type":"ListItem","position":5,"name":"\u767d\u5154\u65f6\u95f4\u4f20\u9012","item":"https:\/\/www.bdpnt.com\/de\/product-category\/produkte\/zeit-frequenz-ubertragung\/white-rabbit-zeitubertragung\/"},{"@type":"ListItem","position":6,"name":"T910 WR\u65f6\u949f\u540c\u6b65\u4ea4\u6362\u673a"}]},{"@type":"WebSite","@id":"https:\/\/www.bdpnt.com\/#website","url":"https:\/\/www.bdpnt.com\/","name":"Beidoubangtai Offizielle Website","description":"bdstar time website","publisher":{"@id":"https:\/\/www.bdpnt.com\/#organization"},"alternateName":"BDSTAR TIME","potentialAction":[{"@type":"SearchAction","target":{"@type":"EntryPoint","urlTemplate":"https:\/\/www.bdpnt.com\/?s={search_term_string}"},"query-input":{"@type":"PropertyValueSpecification","valueRequired":true,"valueName":"search_term_string"}}],"inLanguage":"de-AT"},{"@type":"Organization","@id":"https:\/\/www.bdpnt.com\/#organization","name":"Beidoubangtai Offizielle Website","alternateName":"BDSTAR TIME","url":"https:\/\/www.bdpnt.com\/","logo":{"@type":"ImageObject","inLanguage":"de-AT","@id":"https:\/\/www.bdpnt.com\/#\/schema\/logo\/image\/","url":"https:\/\/bdpnt.com\/wp-content\/uploads\/2025\/04\/\u5317\u6597\u90a6\u6cf0\u6700\u7ec8logo-\u6700\u7ec8\u7248\u5f69\u8272.png","contentUrl":"https:\/\/bdpnt.com\/wp-content\/uploads\/2025\/04\/\u5317\u6597\u90a6\u6cf0\u6700\u7ec8logo-\u6700\u7ec8\u7248\u5f69\u8272.png","width":234,"height":76,"caption":"\u5317\u6597\u90a6\u6cf0\u5b98\u7f51"},"image":{"@id":"https:\/\/www.bdpnt.com\/#\/schema\/logo\/image\/"}}]}},"_links":{"self":[{"href":"https:\/\/bdpnt.com\/de\/wp-json\/wp\/v2\/product\/4191","targetHints":{"allow":["GET"]}}],"collection":[{"href":"https:\/\/bdpnt.com\/de\/wp-json\/wp\/v2\/product"}],"about":[{"href":"https:\/\/bdpnt.com\/de\/wp-json\/wp\/v2\/types\/product"}],"version-history":[{"count":22,"href":"https:\/\/bdpnt.com\/de\/wp-json\/wp\/v2\/product\/4191\/revisions"}],"predecessor-version":[{"id":4193,"href":"https:\/\/bdpnt.com\/de\/wp-json\/wp\/v2\/product\/4191\/revisions\/4193"}],"wp:featuredmedia":[{"embeddable":true,"href":"https:\/\/bdpnt.com\/de\/wp-json\/wp\/v2\/media\/4195"}],"wp:attachment":[{"href":"https:\/\/bdpnt.com\/de\/wp-json\/wp\/v2\/media?parent=4191"}],"wp:term":[{"taxonomy":"product_brand","embeddable":true,"href":"https:\/\/bdpnt.com\/de\/wp-json\/wp\/v2\/product_brand?post=4191"},{"taxonomy":"product_cat","embeddable":true,"href":"https:\/\/bdpnt.com\/de\/wp-json\/wp\/v2\/product_cat?post=4191"},{"taxonomy":"product_tag","embeddable":true,"href":"https:\/\/bdpnt.com\/de\/wp-json\/wp\/v2\/product_tag?post=4191"}],"curies":[{"name":"wp","href":"https:\/\/api.w.org\/{rel}","templated":true}]}}