{"id":3967,"date":"2025-07-04T16:20:03","date_gmt":"2025-07-04T08:20:03","guid":{"rendered":"https:\/\/bdstarpnt.com\/?post_type=product&#038;p=3967"},"modified":"2026-03-18T14:35:49","modified_gmt":"2026-03-18T06:35:49","slug":"t900-p-hochprazise-zeit-und-frequenzubertragung-uber-lichtwellenleiter","status":"publish","type":"product","link":"https:\/\/bdpnt.com\/de\/product\/t900-p-hochprazise-zeit-und-frequenzubertragung-uber-lichtwellenleiter\/","title":{"rendered":"T900-P Hochpr\u00e4zise Zeit\u00fcbertragung \u00fcber Glasfaserkabel"},"content":{"rendered":"<p class=\"p1\">Die hochpr\u00e4zise Zeit\u00fcbertragungsanlage T900-P ist ein hochpr\u00e4zises Zeitmesssystem, das auf einer WDM-Verbindung basiert. Das System ist in zwei Teile unterteilt: die Zentralstation und die Endstation. Die Timing-Zentralstation besteht haupts\u00e4chlich aus einer Zeit-Frequenz-Schnittstelleneinheit, einer Zeit-Frequenz-Messeinheit, einer Zeit-Frequenz-Signalkapselungseinheit, einer optisch\/elektrischen und einer elektrisch\/optischen Umwandlungseinheit sowie einer Wellenl\u00e4ngen-Multiplexing- und Demultiplexing-Einheit. Die Timing-Endstation besteht aus Wellenl\u00e4ngen-Multiplexing- und Demultiplexing-Einheiten, optisch\/elektrischen und elektrisch\/optischen Konvertierungseinheiten und Zeit-Frequenzmess-Servoeinheiten. Das Zeitmesssystem nutzt die klassische Zweiwege-Zeitvergleichsmethode und st\u00fctzt sich auf den optischen Faserkanal (DWDM-Wellenl\u00e4ngenkanal), um eine hochpr\u00e4zise Zeit-Frequenz-Synchronisation zu erreichen. Das Ger\u00e4t l\u00e4uft stabil und ist sehr st\u00f6rungsresistent und kann eine Synchronisationsgenauigkeit von 50ps \u00fcber 100km erreichen.<\/p>\n<p class=\"p1\">Einsatzgebiet: Weltraumforschung, Landesverteidigung, wissenschaftliche Forschung und andere Bereiche, die eine hohe Synchronisationsgenauigkeit erfordern.<\/p>","protected":false},"excerpt":{"rendered":"<p>T900-P ist ein hochpr\u00e4zises Glasfaser-Zeit\u00fcbertragungssystem, das auf einer WDM-Verbindung basiert und die Architektur einer Zentralstation und einer Endstation mit bidirektionaler Zeitvergleichstechnologie kombiniert, um eine stabile und st\u00f6rungsfreie Zeit-Frequenz-Synchronisation im DWDM-Kanal zu erreichen. Das System unterst\u00fctzt eine \u00dcbertragungsdistanz von 100 km mit einer Synchronisationsgenauigkeit von mehr als 40 ps und findet breite Anwendung in hochpr\u00e4zisen Synchronisationsszenarien wie der Erforschung des Weltraums, der nationalen Verteidigung und der wissenschaftlichen Forschung.<\/p>","protected":false},"featured_media":3995,"template":"","meta":{"_acf_changed":false,"site-sidebar-layout":"default","site-content-layout":"","ast-site-content-layout":"default","site-content-style":"default","site-sidebar-style":"default","ast-global-header-display":"","ast-banner-title-visibility":"","ast-main-header-display":"","ast-hfb-above-header-display":"","ast-hfb-below-header-display":"","ast-hfb-mobile-header-display":"","site-post-title":"","ast-breadcrumbs-content":"","ast-featured-img":"","footer-sml-layout":"","theme-transparent-header-meta":"default","adv-header-id-meta":"","stick-header-meta":"default","header-above-stick-meta":"","header-main-stick-meta":"","header-below-stick-meta":"","astra-migrate-meta-layouts":"set","ast-page-background-enabled":"default","ast-page-background-meta":{"desktop":{"background-color":"var(--ast-global-color-4)","background-image":"","background-repeat":"repeat","background-position":"center center","background-size":"auto","background-attachment":"scroll","background-type":"","background-media":"","overlay-type":"","overlay-color":"","overlay-opacity":"","overlay-gradient":""},"tablet":{"background-color":"","background-image":"","background-repeat":"repeat","background-position":"center center","background-size":"auto","background-attachment":"scroll","background-type":"","background-media":"","overlay-type":"","overlay-color":"","overlay-opacity":"","overlay-gradient":""},"mobile":{"background-color":"","background-image":"","background-repeat":"repeat","background-position":"center center","background-size":"auto","background-attachment":"scroll","background-type":"","background-media":"","overlay-type":"","overlay-color":"","overlay-opacity":"","overlay-gradient":""}},"ast-content-background-meta":{"desktop":{"background-color":"var(--ast-global-color-5)","background-image":"","background-repeat":"repeat","background-position":"center center","background-size":"auto","background-attachment":"scroll","background-type":"","background-media":"","overlay-type":"","overlay-color":"","overlay-opacity":"","overlay-gradient":""},"tablet":{"background-color":"var(--ast-global-color-5)","background-image":"","background-repeat":"repeat","background-position":"center center","background-size":"auto","background-attachment":"scroll","background-type":"","background-media":"","overlay-type":"","overlay-color":"","overlay-opacity":"","overlay-gradient":""},"mobile":{"background-color":"var(--ast-global-color-5)","background-image":"","background-repeat":"repeat","background-position":"center center","background-size":"auto","background-attachment":"scroll","background-type":"","background-media":"","overlay-type":"","overlay-color":"","overlay-opacity":"","overlay-gradient":""}}},"product_brand":[],"product_cat":[54],"product_tag":[],"class_list":{"0":"post-3967","1":"product","2":"type-product","3":"status-publish","4":"has-post-thumbnail","6":"product_cat-54","7":"pa_--pps-todnmea-0183","8":"pa_-197","9":"pa_----2u","10":"pa_--0-c--70-c","11":"pa_-military-aviation","12":"pa_-metrology-and-testing","13":"pa_-communications-infrastructure","14":"pa_-229","15":"pa_-10mhz-sine-wave-square-wave-output","16":"pa_-irig-bdcls-am","17":"pa_-todrs-232-nmea","18":"pa_-ac-220v","19":"desktop-align-left","20":"tablet-align-left","21":"mobile-align-left","22":"ast-product-gallery-layout-first-image-large","23":"ast-product-gallery-with-no-image","24":"ast-product-tabs-layout-horizontal","26":"first","27":"instock","28":"shipping-taxable","29":"product-type-simple"},"acf":[],"yoast_head":"<!-- This site is optimized with the Yoast SEO plugin v26.0 - https:\/\/yoast.com\/wordpress\/plugins\/seo\/ -->\n<title>T900-P \u5149\u7ea4\u9ad8\u7cbe\u5ea6\u65f6\u95f4\u4f20\u9012 - \u5317\u6597\u90a6\u6cf0\u5b98\u7f51<\/title>\n<meta name=\"robots\" content=\"index, follow, max-snippet:-1, max-image-preview:large, max-video-preview:-1\" \/>\n<link rel=\"canonical\" href=\"https:\/\/www.bdpnt.com\/fr\/produit\/t900-p-transfert-de-temps-et-de-frequence-de-haute-precision-par-fibre-optique\/\" \/>\n<meta property=\"og:locale\" content=\"de_DE\" \/>\n<meta property=\"og:type\" content=\"article\" \/>\n<meta property=\"og:title\" content=\"T900-P \u5149\u7ea4\u9ad8\u7cbe\u5ea6\u65f6\u95f4\u4f20\u9012 - \u5317\u6597\u90a6\u6cf0\u5b98\u7f51\" \/>\n<meta property=\"og:description\" content=\"T900-P\u662f\u4e00\u6b3e\u57fa\u4e8e\u6ce2\u5206\u590d\u7528\u94fe\u8def\u7684\u5149\u7ea4\u9ad8\u7cbe\u5ea6\u65f6\u95f4\u4f20\u9012\u8bbe\u5907\uff0c\u91c7\u7528\u4e2d\u5fc3\u7ad9\u4e0e\u7ec8\u7aef\u7ad9\u67b6\u6784\uff0c\u7ed3\u5408\u53cc\u5411\u65f6\u95f4\u6bd4\u5bf9\u6280\u672f\uff0c\u5728DWDM\u901a\u9053\u4e2d\u5b9e\u73b0\u7a33\u5b9a\u3001\u6297\u5e72\u6270\u7684\u65f6\u9891\u540c\u6b65\u3002\u7cfb\u7edf\u652f\u6301100\u516c\u91cc\u4f20\u8f93\u8ddd\u79bb\uff0c\u540c\u6b65\u7cbe\u5ea6\u4f18\u4e8e40ps\uff0c\u5e7f\u6cdb\u5e94\u7528\u4e8e\u6df1\u7a7a\u63a2\u6d4b\u3001\u56fd\u9632\u3001\u79d1\u7814\u7b49\u9ad8\u7cbe\u5ea6\u540c\u6b65\u573a\u666f\u3002\" \/>\n<meta property=\"og:url\" content=\"https:\/\/www.bdpnt.com\/fr\/produit\/t900-p-transfert-de-temps-et-de-frequence-de-haute-precision-par-fibre-optique\/\" \/>\n<meta property=\"og:site_name\" content=\"\u5317\u6597\u90a6\u6cf0\u5b98\u7f51\" \/>\n<meta property=\"article:modified_time\" content=\"2026-03-18T06:35:49+00:00\" \/>\n<meta property=\"og:image\" content=\"https:\/\/www.bdpnt.com\/wp-content\/uploads\/2025\/07\/T900\u84dd\u8272\u4ea7\u54c1\u80cc\u666f\u6a21\u7248.jpg\" \/>\n\t<meta property=\"og:image:width\" content=\"960\" \/>\n\t<meta property=\"og:image:height\" content=\"480\" \/>\n\t<meta property=\"og:image:type\" content=\"image\/jpeg\" \/>\n<meta name=\"twitter:card\" content=\"summary_large_image\" \/>\n<script type=\"application\/ld+json\" class=\"yoast-schema-graph\">{\"@context\":\"https:\/\/schema.org\",\"@graph\":[{\"@type\":\"WebPage\",\"@id\":\"https:\/\/www.bdpnt.com\/fr\/produit\/t900-p-transfert-de-temps-et-de-frequence-de-haute-precision-par-fibre-optique\/\",\"url\":\"https:\/\/www.bdpnt.com\/fr\/produit\/t900-p-transfert-de-temps-et-de-frequence-de-haute-precision-par-fibre-optique\/\",\"name\":\"T900-P \u5149\u7ea4\u9ad8\u7cbe\u5ea6\u65f6\u95f4\u4f20\u9012 - \u5317\u6597\u90a6\u6cf0\u5b98\u7f51\",\"isPartOf\":{\"@id\":\"https:\/\/www.bdpnt.com\/fr\/#website\"},\"primaryImageOfPage\":{\"@id\":\"https:\/\/www.bdpnt.com\/fr\/produit\/t900-p-transfert-de-temps-et-de-frequence-de-haute-precision-par-fibre-optique\/#primaryimage\"},\"image\":{\"@id\":\"https:\/\/www.bdpnt.com\/fr\/produit\/t900-p-transfert-de-temps-et-de-frequence-de-haute-precision-par-fibre-optique\/#primaryimage\"},\"thumbnailUrl\":\"https:\/\/bdpnt.com\/wp-content\/uploads\/2025\/07\/T900\u84dd\u8272\u4ea7\u54c1\u80cc\u666f\u6a21\u7248.jpg\",\"datePublished\":\"2025-07-04T08:20:03+00:00\",\"dateModified\":\"2026-03-18T06:35:49+00:00\",\"breadcrumb\":{\"@id\":\"https:\/\/www.bdpnt.com\/fr\/produit\/t900-p-transfert-de-temps-et-de-frequence-de-haute-precision-par-fibre-optique\/#breadcrumb\"},\"inLanguage\":\"de-AT\",\"potentialAction\":[{\"@type\":\"ReadAction\",\"target\":[\"https:\/\/www.bdpnt.com\/fr\/produit\/t900-p-transfert-de-temps-et-de-frequence-de-haute-precision-par-fibre-optique\/\"]}]},{\"@type\":\"ImageObject\",\"inLanguage\":\"de-AT\",\"@id\":\"https:\/\/www.bdpnt.com\/fr\/produit\/t900-p-transfert-de-temps-et-de-frequence-de-haute-precision-par-fibre-optique\/#primaryimage\",\"url\":\"https:\/\/bdpnt.com\/wp-content\/uploads\/2025\/07\/T900\u84dd\u8272\u4ea7\u54c1\u80cc\u666f\u6a21\u7248.jpg\",\"contentUrl\":\"https:\/\/bdpnt.com\/wp-content\/uploads\/2025\/07\/T900\u84dd\u8272\u4ea7\u54c1\u80cc\u666f\u6a21\u7248.jpg\",\"width\":960,\"height\":480},{\"@type\":\"BreadcrumbList\",\"@id\":\"https:\/\/www.bdpnt.com\/fr\/produit\/t900-p-transfert-de-temps-et-de-frequence-de-haute-precision-par-fibre-optique\/#breadcrumb\",\"itemListElement\":[{\"@type\":\"ListItem\",\"position\":1,\"name\":\"\u9996\u9875\",\"item\":\"https:\/\/bdpnt.com\/ru\/\"},{\"@type\":\"ListItem\",\"position\":2,\"name\":\"Shop\",\"item\":\"https:\/\/bdpnt.com\/ru\/%d0%bc%d0%b0%d0%b3%d0%b0%d0%b7%d0%b8%d0%bd\/\"},{\"@type\":\"ListItem\",\"position\":3,\"name\":\"\u4ea7\u54c1\",\"item\":\"https:\/\/bdpnt.com\/ru\/product-category\/%d0%bf%d1%80%d0%be%d0%b4%d1%83%d0%ba%d1%86%d0%b8%d1%8f\/\"},{\"@type\":\"ListItem\",\"position\":4,\"name\":\"\u65f6\u95f4\u9891\u7387\u4f20\u9012\",\"item\":\"https:\/\/www.bdpnt.com\/fr\/categorie-produit\/produits\/transfert-temps-frequence\/\"},{\"@type\":\"ListItem\",\"position\":5,\"name\":\"\u5149\u7ea4\u65f6\u95f4\u4f20\u9012\",\"item\":\"https:\/\/bdpnt.com\/fr\/categorie-produit\/produits\/transfert-temps-frequence\/transfert-de-temps-par-fibre-optique\/\"},{\"@type\":\"ListItem\",\"position\":6,\"name\":\"T900-P \u5149\u7ea4\u9ad8\u7cbe\u5ea6\u65f6\u95f4\u4f20\u9012\"}]},{\"@type\":\"WebSite\",\"@id\":\"https:\/\/www.bdpnt.com\/fr\/#website\",\"url\":\"https:\/\/www.bdpnt.com\/fr\/\",\"name\":\"\u5317\u6597\u90a6\u6cf0\u5b98\u7f51\",\"description\":\"bdstar time website\",\"publisher\":{\"@id\":\"https:\/\/www.bdpnt.com\/fr\/#organization\"},\"alternateName\":\"BDSTAR TIME\",\"potentialAction\":[{\"@type\":\"SearchAction\",\"target\":{\"@type\":\"EntryPoint\",\"urlTemplate\":\"https:\/\/www.bdpnt.com\/fr\/?s={search_term_string}\"},\"query-input\":{\"@type\":\"PropertyValueSpecification\",\"valueRequired\":true,\"valueName\":\"search_term_string\"}}],\"inLanguage\":\"de-AT\"},{\"@type\":\"Organization\",\"@id\":\"https:\/\/www.bdpnt.com\/fr\/#organization\",\"name\":\"\u5317\u6597\u90a6\u6cf0\u5b98\u7f51\",\"alternateName\":\"BDSTAR TIME\",\"url\":\"https:\/\/www.bdpnt.com\/fr\/\",\"logo\":{\"@type\":\"ImageObject\",\"inLanguage\":\"de-AT\",\"@id\":\"https:\/\/www.bdpnt.com\/fr\/#\/schema\/logo\/image\/\",\"url\":\"https:\/\/bdpnt.com\/wp-content\/uploads\/2025\/04\/\u5317\u6597\u90a6\u6cf0\u6700\u7ec8logo-\u6700\u7ec8\u7248\u5f69\u8272.png\",\"contentUrl\":\"https:\/\/bdpnt.com\/wp-content\/uploads\/2025\/04\/\u5317\u6597\u90a6\u6cf0\u6700\u7ec8logo-\u6700\u7ec8\u7248\u5f69\u8272.png\",\"width\":234,\"height\":76,\"caption\":\"\u5317\u6597\u90a6\u6cf0\u5b98\u7f51\"},\"image\":{\"@id\":\"https:\/\/www.bdpnt.com\/fr\/#\/schema\/logo\/image\/\"}}]}<\/script>\n<!-- \/ Yoast SEO plugin. -->","yoast_head_json":{"title":"T900-P Faseroptische Hochpr\u00e4zisions-Zeit\u00fcbertragung - Beidou Bangtai Official Website","robots":{"index":"index","follow":"follow","max-snippet":"max-snippet:-1","max-image-preview":"max-image-preview:large","max-video-preview":"max-video-preview:-1"},"canonical":"https:\/\/www.bdpnt.com\/fr\/produit\/t900-p-transfert-de-temps-et-de-frequence-de-haute-precision-par-fibre-optique\/","og_locale":"de_DE","og_type":"article","og_title":"T900-P \u5149\u7ea4\u9ad8\u7cbe\u5ea6\u65f6\u95f4\u4f20\u9012 - \u5317\u6597\u90a6\u6cf0\u5b98\u7f51","og_description":"T900-P\u662f\u4e00\u6b3e\u57fa\u4e8e\u6ce2\u5206\u590d\u7528\u94fe\u8def\u7684\u5149\u7ea4\u9ad8\u7cbe\u5ea6\u65f6\u95f4\u4f20\u9012\u8bbe\u5907\uff0c\u91c7\u7528\u4e2d\u5fc3\u7ad9\u4e0e\u7ec8\u7aef\u7ad9\u67b6\u6784\uff0c\u7ed3\u5408\u53cc\u5411\u65f6\u95f4\u6bd4\u5bf9\u6280\u672f\uff0c\u5728DWDM\u901a\u9053\u4e2d\u5b9e\u73b0\u7a33\u5b9a\u3001\u6297\u5e72\u6270\u7684\u65f6\u9891\u540c\u6b65\u3002\u7cfb\u7edf\u652f\u6301100\u516c\u91cc\u4f20\u8f93\u8ddd\u79bb\uff0c\u540c\u6b65\u7cbe\u5ea6\u4f18\u4e8e40ps\uff0c\u5e7f\u6cdb\u5e94\u7528\u4e8e\u6df1\u7a7a\u63a2\u6d4b\u3001\u56fd\u9632\u3001\u79d1\u7814\u7b49\u9ad8\u7cbe\u5ea6\u540c\u6b65\u573a\u666f\u3002","og_url":"https:\/\/www.bdpnt.com\/fr\/produit\/t900-p-transfert-de-temps-et-de-frequence-de-haute-precision-par-fibre-optique\/","og_site_name":"\u5317\u6597\u90a6\u6cf0\u5b98\u7f51","article_modified_time":"2026-03-18T06:35:49+00:00","og_image":[{"width":960,"height":480,"url":"https:\/\/www.bdpnt.com\/wp-content\/uploads\/2025\/07\/T900\u84dd\u8272\u4ea7\u54c1\u80cc\u666f\u6a21\u7248.jpg","type":"image\/jpeg"}],"twitter_card":"summary_large_image","schema":{"@context":"https:\/\/schema.org","@graph":[{"@type":"WebPage","@id":"https:\/\/www.bdpnt.com\/fr\/produit\/t900-p-transfert-de-temps-et-de-frequence-de-haute-precision-par-fibre-optique\/","url":"https:\/\/www.bdpnt.com\/fr\/produit\/t900-p-transfert-de-temps-et-de-frequence-de-haute-precision-par-fibre-optique\/","name":"T900-P Faseroptische Hochpr\u00e4zisions-Zeit\u00fcbertragung - Beidou Bangtai Official Website","isPartOf":{"@id":"https:\/\/www.bdpnt.com\/fr\/#website"},"primaryImageOfPage":{"@id":"https:\/\/www.bdpnt.com\/fr\/produit\/t900-p-transfert-de-temps-et-de-frequence-de-haute-precision-par-fibre-optique\/#primaryimage"},"image":{"@id":"https:\/\/www.bdpnt.com\/fr\/produit\/t900-p-transfert-de-temps-et-de-frequence-de-haute-precision-par-fibre-optique\/#primaryimage"},"thumbnailUrl":"https:\/\/bdpnt.com\/wp-content\/uploads\/2025\/07\/T900\u84dd\u8272\u4ea7\u54c1\u80cc\u666f\u6a21\u7248.jpg","datePublished":"2025-07-04T08:20:03+00:00","dateModified":"2026-03-18T06:35:49+00:00","breadcrumb":{"@id":"https:\/\/www.bdpnt.com\/fr\/produit\/t900-p-transfert-de-temps-et-de-frequence-de-haute-precision-par-fibre-optique\/#breadcrumb"},"inLanguage":"de-AT","potentialAction":[{"@type":"ReadAction","target":["https:\/\/www.bdpnt.com\/fr\/produit\/t900-p-transfert-de-temps-et-de-frequence-de-haute-precision-par-fibre-optique\/"]}]},{"@type":"ImageObject","inLanguage":"de-AT","@id":"https:\/\/www.bdpnt.com\/fr\/produit\/t900-p-transfert-de-temps-et-de-frequence-de-haute-precision-par-fibre-optique\/#primaryimage","url":"https:\/\/bdpnt.com\/wp-content\/uploads\/2025\/07\/T900\u84dd\u8272\u4ea7\u54c1\u80cc\u666f\u6a21\u7248.jpg","contentUrl":"https:\/\/bdpnt.com\/wp-content\/uploads\/2025\/07\/T900\u84dd\u8272\u4ea7\u54c1\u80cc\u666f\u6a21\u7248.jpg","width":960,"height":480},{"@type":"BreadcrumbList","@id":"https:\/\/www.bdpnt.com\/fr\/produit\/t900-p-transfert-de-temps-et-de-frequence-de-haute-precision-par-fibre-optique\/#breadcrumb","itemListElement":[{"@type":"ListItem","position":1,"name":"\u9996\u9875","item":"https:\/\/bdpnt.com\/ru\/"},{"@type":"ListItem","position":2,"name":"Shop","item":"https:\/\/bdpnt.com\/ru\/%d0%bc%d0%b0%d0%b3%d0%b0%d0%b7%d0%b8%d0%bd\/"},{"@type":"ListItem","position":3,"name":"\u4ea7\u54c1","item":"https:\/\/bdpnt.com\/ru\/product-category\/%d0%bf%d1%80%d0%be%d0%b4%d1%83%d0%ba%d1%86%d0%b8%d1%8f\/"},{"@type":"ListItem","position":4,"name":"\u65f6\u95f4\u9891\u7387\u4f20\u9012","item":"https:\/\/www.bdpnt.com\/fr\/categorie-produit\/produits\/transfert-temps-frequence\/"},{"@type":"ListItem","position":5,"name":"\u5149\u7ea4\u65f6\u95f4\u4f20\u9012","item":"https:\/\/bdpnt.com\/fr\/categorie-produit\/produits\/transfert-temps-frequence\/transfert-de-temps-par-fibre-optique\/"},{"@type":"ListItem","position":6,"name":"T900-P \u5149\u7ea4\u9ad8\u7cbe\u5ea6\u65f6\u95f4\u4f20\u9012"}]},{"@type":"WebSite","@id":"https:\/\/www.bdpnt.com\/fr\/#website","url":"https:\/\/www.bdpnt.com\/fr\/","name":"Beidoubangtai Offizielle Website","description":"bdstar time website","publisher":{"@id":"https:\/\/www.bdpnt.com\/fr\/#organization"},"alternateName":"BDSTAR TIME","potentialAction":[{"@type":"SearchAction","target":{"@type":"EntryPoint","urlTemplate":"https:\/\/www.bdpnt.com\/fr\/?s={search_term_string}"},"query-input":{"@type":"PropertyValueSpecification","valueRequired":true,"valueName":"search_term_string"}}],"inLanguage":"de-AT"},{"@type":"Organization","@id":"https:\/\/www.bdpnt.com\/fr\/#organization","name":"Beidoubangtai Offizielle Website","alternateName":"BDSTAR TIME","url":"https:\/\/www.bdpnt.com\/fr\/","logo":{"@type":"ImageObject","inLanguage":"de-AT","@id":"https:\/\/www.bdpnt.com\/fr\/#\/schema\/logo\/image\/","url":"https:\/\/bdpnt.com\/wp-content\/uploads\/2025\/04\/\u5317\u6597\u90a6\u6cf0\u6700\u7ec8logo-\u6700\u7ec8\u7248\u5f69\u8272.png","contentUrl":"https:\/\/bdpnt.com\/wp-content\/uploads\/2025\/04\/\u5317\u6597\u90a6\u6cf0\u6700\u7ec8logo-\u6700\u7ec8\u7248\u5f69\u8272.png","width":234,"height":76,"caption":"\u5317\u6597\u90a6\u6cf0\u5b98\u7f51"},"image":{"@id":"https:\/\/www.bdpnt.com\/fr\/#\/schema\/logo\/image\/"}}]}},"_links":{"self":[{"href":"https:\/\/bdpnt.com\/de\/wp-json\/wp\/v2\/product\/3967","targetHints":{"allow":["GET"]}}],"collection":[{"href":"https:\/\/bdpnt.com\/de\/wp-json\/wp\/v2\/product"}],"about":[{"href":"https:\/\/bdpnt.com\/de\/wp-json\/wp\/v2\/types\/product"}],"version-history":[{"count":47,"href":"https:\/\/bdpnt.com\/de\/wp-json\/wp\/v2\/product\/3967\/revisions"}],"predecessor-version":[{"id":4169,"href":"https:\/\/bdpnt.com\/de\/wp-json\/wp\/v2\/product\/3967\/revisions\/4169"}],"wp:featuredmedia":[{"embeddable":true,"href":"https:\/\/bdpnt.com\/de\/wp-json\/wp\/v2\/media\/3995"}],"wp:attachment":[{"href":"https:\/\/bdpnt.com\/de\/wp-json\/wp\/v2\/media?parent=3967"}],"wp:term":[{"taxonomy":"product_brand","embeddable":true,"href":"https:\/\/bdpnt.com\/de\/wp-json\/wp\/v2\/product_brand?post=3967"},{"taxonomy":"product_cat","embeddable":true,"href":"https:\/\/bdpnt.com\/de\/wp-json\/wp\/v2\/product_cat?post=3967"},{"taxonomy":"product_tag","embeddable":true,"href":"https:\/\/bdpnt.com\/de\/wp-json\/wp\/v2\/product_tag?post=3967"}],"curies":[{"name":"wp","href":"https:\/\/api.w.org\/{rel}","templated":true}]}}