{"id":3797,"date":"2025-07-02T21:03:11","date_gmt":"2025-07-02T13:03:11","guid":{"rendered":"https:\/\/bdstarpnt.com\/?post_type=product&#038;p=3797"},"modified":"2026-03-18T14:36:57","modified_gmt":"2026-03-18T06:36:57","slug":"tca55-inlandische-produktion-chip-skala-atomuhr","status":"publish","type":"product","link":"https:\/\/bdpnt.com\/de\/product\/tca55-inlandische-produktion-chip-skala-atomuhr\/","title":{"rendered":"TCA55 H\u00e4usliche Atomuhren im Chipma\u00dfstab"},"content":{"rendered":"","protected":false},"excerpt":{"rendered":"<p class=\"p1\">CA55 ist eine lokalisierte Atomuhr auf Chipebene, die auf dem CPT-Prinzip basiert und die Vorteile eines geringen Stromverbrauchs, einer geringen Gr\u00f6\u00dfe und einer schnellen Inbetriebnahme aufweist. Sie ist f\u00fcr eine Umgebung von -40\u2103~+85\u2103 geeignet und bietet 10MHz auf CMOS-Ebene und einen 1PPS-Ausgang mit einer Kurzzeitstabilit\u00e4t von besser als 3E-10\/1s, einer Himmelsdrift von besser als 3E-11 und einer monatlichen Alterungsrate von weniger als 5E-10. Sie unterst\u00fctzt eine externe Kalibrierung mit 1PPS oder Analogspannung und eignet sich f\u00fcr Szenarien in den Bereichen Navigation, Kommunikation, unbemannte Ger\u00e4te, Meeresforschung und Instrumentierung.<\/p>","protected":false},"featured_media":3938,"template":"","meta":{"_acf_changed":false,"site-sidebar-layout":"default","site-content-layout":"","ast-site-content-layout":"default","site-content-style":"default","site-sidebar-style":"default","ast-global-header-display":"","ast-banner-title-visibility":"","ast-main-header-display":"","ast-hfb-above-header-display":"","ast-hfb-below-header-display":"","ast-hfb-mobile-header-display":"","site-post-title":"","ast-breadcrumbs-content":"","ast-featured-img":"","footer-sml-layout":"","theme-transparent-header-meta":"default","adv-header-id-meta":"","stick-header-meta":"default","header-above-stick-meta":"","header-main-stick-meta":"","header-below-stick-meta":"","astra-migrate-meta-layouts":"set","ast-page-background-enabled":"default","ast-page-background-meta":{"desktop":{"background-color":"var(--ast-global-color-4)","background-image":"","background-repeat":"repeat","background-position":"center center","background-size":"auto","background-attachment":"scroll","background-type":"","background-media":"","overlay-type":"","overlay-color":"","overlay-opacity":"","overlay-gradient":""},"tablet":{"background-color":"","background-image":"","background-repeat":"repeat","background-position":"center center","background-size":"auto","background-attachment":"scroll","background-type":"","background-media":"","overlay-type":"","overlay-color":"","overlay-opacity":"","overlay-gradient":""},"mobile":{"background-color":"","background-image":"","background-repeat":"repeat","background-position":"center center","background-size":"auto","background-attachment":"scroll","background-type":"","background-media":"","overlay-type":"","overlay-color":"","overlay-opacity":"","overlay-gradient":""}},"ast-content-background-meta":{"desktop":{"background-color":"var(--ast-global-color-5)","background-image":"","background-repeat":"repeat","background-position":"center center","background-size":"auto","background-attachment":"scroll","background-type":"","background-media":"","overlay-type":"","overlay-color":"","overlay-opacity":"","overlay-gradient":""},"tablet":{"background-color":"var(--ast-global-color-5)","background-image":"","background-repeat":"repeat","background-position":"center center","background-size":"auto","background-attachment":"scroll","background-type":"","background-media":"","overlay-type":"","overlay-color":"","overlay-opacity":"","overlay-gradient":""},"mobile":{"background-color":"var(--ast-global-color-5)","background-image":"","background-repeat":"repeat","background-position":"center center","background-size":"auto","background-attachment":"scroll","background-type":"","background-media":"","overlay-type":"","overlay-color":"","overlay-opacity":"","overlay-gradient":""}}},"product_brand":[],"product_cat":[47],"product_tag":[],"class_list":{"0":"post-3797","1":"product","2":"type-product","3":"status-publish","4":"has-post-thumbnail","6":"product_cat-47","7":"pa_-197","8":"pa_--237","9":"pa_--0-c--70-c","10":"pa_--40c--85c","11":"pa_-industrial-automation","12":"pa_-power-and-energy","13":"pa_-military-aviation","14":"pa_-metrology-and-testing","15":"pa_-communications-infrastructure","16":"pa_--5us24h","17":"pa_-1-ppsttl-rs-422","18":"pa_-10mhz-sine-wave-square-wave-output","19":"pa_-dc-3-3v","20":"desktop-align-left","21":"tablet-align-left","22":"mobile-align-left","23":"ast-product-gallery-layout-first-image-large","24":"ast-product-gallery-with-no-image","25":"ast-product-tabs-layout-horizontal","27":"first","28":"instock","29":"shipping-taxable","30":"product-type-simple"},"acf":[],"yoast_head":"<!-- This site is optimized with the Yoast SEO plugin v26.0 - https:\/\/yoast.com\/wordpress\/plugins\/seo\/ -->\n<title>TCA55 \u56fd\u4ea7\u5316\u82af\u7247\u7ea7\u539f\u5b50\u949f - \u5317\u6597\u90a6\u6cf0\u5b98\u7f51<\/title>\n<meta name=\"robots\" content=\"index, follow, max-snippet:-1, max-image-preview:large, max-video-preview:-1\" \/>\n<link rel=\"canonical\" href=\"https:\/\/www.bdpnt.com\/de\/product\/tca55-inlandische-produktion-chip-skala-atomuhr\/\" \/>\n<meta property=\"og:locale\" content=\"de_DE\" \/>\n<meta property=\"og:type\" content=\"article\" \/>\n<meta property=\"og:title\" content=\"TCA55 \u56fd\u4ea7\u5316\u82af\u7247\u7ea7\u539f\u5b50\u949f - \u5317\u6597\u90a6\u6cf0\u5b98\u7f51\" \/>\n<meta property=\"og:description\" content=\"CA55\u662f\u4e00\u6b3e\u56fd\u4ea7\u5316\u82af\u7247\u7ea7\u539f\u5b50\u949f\uff0c\u57fa\u4e8eCPT\u539f\u7406\uff0c\u5177\u5907\u4f4e\u529f\u8017\u3001\u5c0f\u4f53\u79ef\u3001\u5feb\u901f\u542f\u52a8\u7b49\u4f18\u52bf\u3002\u9002\u7528\u4e8e-40\u2103~+85\u2103\u73af\u5883\uff0c\u63d0\u4f9bCMOS\u7535\u5e7310MHz\u548c1PPS\u8f93\u51fa\uff0c\u77ed\u7a33\u4f18\u4e8e3E-10\/1s\uff0c\u5929\u6f02\u4f18\u4e8e3E-11\uff0c\u6708\u8001\u5316\u7387\u5c0f\u4e8e5E-10\u3002\u652f\u63011PPS\u6216\u6a21\u62df\u7535\u538b\u5916\u90e8\u6821\u51c6\uff0c\u9002\u7528\u4e8e\u5bfc\u822a\u3001\u901a\u4fe1\u3001\u65e0\u4eba\u8bbe\u5907\u3001\u6d77\u6d0b\u7269\u63a2\u53ca\u4eea\u5668\u4eea\u8868\u7b49\u573a\u666f\u3002\" \/>\n<meta property=\"og:url\" content=\"https:\/\/www.bdpnt.com\/de\/product\/tca55-inlandische-produktion-chip-skala-atomuhr\/\" \/>\n<meta property=\"og:site_name\" content=\"\u5317\u6597\u90a6\u6cf0\u5b98\u7f51\" \/>\n<meta property=\"article:modified_time\" content=\"2026-03-18T06:36:57+00:00\" \/>\n<meta property=\"og:image\" content=\"https:\/\/www.bdpnt.com\/wp-content\/uploads\/2025\/07\/TAC55-\u84dd\u8272\u4ea7\u54c1\u80cc\u666f\u6a21\u7248.jpg\" \/>\n\t<meta property=\"og:image:width\" content=\"960\" \/>\n\t<meta property=\"og:image:height\" content=\"480\" \/>\n\t<meta property=\"og:image:type\" content=\"image\/jpeg\" \/>\n<meta name=\"twitter:card\" content=\"summary_large_image\" \/>\n<script type=\"application\/ld+json\" class=\"yoast-schema-graph\">{\"@context\":\"https:\/\/schema.org\",\"@graph\":[{\"@type\":\"WebPage\",\"@id\":\"https:\/\/www.bdpnt.com\/de\/product\/tca55-inlandische-produktion-chip-skala-atomuhr\/\",\"url\":\"https:\/\/www.bdpnt.com\/de\/product\/tca55-inlandische-produktion-chip-skala-atomuhr\/\",\"name\":\"TCA55 \u56fd\u4ea7\u5316\u82af\u7247\u7ea7\u539f\u5b50\u949f - \u5317\u6597\u90a6\u6cf0\u5b98\u7f51\",\"isPartOf\":{\"@id\":\"https:\/\/www.bdpnt.com\/#website\"},\"primaryImageOfPage\":{\"@id\":\"https:\/\/www.bdpnt.com\/de\/product\/tca55-inlandische-produktion-chip-skala-atomuhr\/#primaryimage\"},\"image\":{\"@id\":\"https:\/\/www.bdpnt.com\/de\/product\/tca55-inlandische-produktion-chip-skala-atomuhr\/#primaryimage\"},\"thumbnailUrl\":\"https:\/\/bdpnt.com\/wp-content\/uploads\/2025\/07\/TAC55-\u84dd\u8272\u4ea7\u54c1\u80cc\u666f\u6a21\u7248.jpg\",\"datePublished\":\"2025-07-02T13:03:11+00:00\",\"dateModified\":\"2026-03-18T06:36:57+00:00\",\"breadcrumb\":{\"@id\":\"https:\/\/www.bdpnt.com\/de\/product\/tca55-inlandische-produktion-chip-skala-atomuhr\/#breadcrumb\"},\"inLanguage\":\"de-AT\",\"potentialAction\":[{\"@type\":\"ReadAction\",\"target\":[\"https:\/\/www.bdpnt.com\/de\/product\/tca55-inlandische-produktion-chip-skala-atomuhr\/\"]}]},{\"@type\":\"ImageObject\",\"inLanguage\":\"de-AT\",\"@id\":\"https:\/\/www.bdpnt.com\/de\/product\/tca55-inlandische-produktion-chip-skala-atomuhr\/#primaryimage\",\"url\":\"https:\/\/bdpnt.com\/wp-content\/uploads\/2025\/07\/TAC55-\u84dd\u8272\u4ea7\u54c1\u80cc\u666f\u6a21\u7248.jpg\",\"contentUrl\":\"https:\/\/bdpnt.com\/wp-content\/uploads\/2025\/07\/TAC55-\u84dd\u8272\u4ea7\u54c1\u80cc\u666f\u6a21\u7248.jpg\",\"width\":960,\"height\":480},{\"@type\":\"BreadcrumbList\",\"@id\":\"https:\/\/www.bdpnt.com\/de\/product\/tca55-inlandische-produktion-chip-skala-atomuhr\/#breadcrumb\",\"itemListElement\":[{\"@type\":\"ListItem\",\"position\":1,\"name\":\"\u9996\u9875\",\"item\":\"https:\/\/www.bdpnt.com\/\"},{\"@type\":\"ListItem\",\"position\":2,\"name\":\"Shop\",\"item\":\"https:\/\/www.bdpnt.com\/shop\/\"},{\"@type\":\"ListItem\",\"position\":3,\"name\":\"\u4ea7\u54c1\",\"item\":\"https:\/\/www.bdpnt.com\/product-category\/products\/\"},{\"@type\":\"ListItem\",\"position\":4,\"name\":\"\u65f6\u95f4\u4e0e\u9891\u7387\u57fa\u51c6\u8bbe\u5907\",\"item\":\"https:\/\/www.bdpnt.com\/product-category\/products\/time-trequency-primary-standard\/\"},{\"@type\":\"ListItem\",\"position\":5,\"name\":\"\u94f7\u539f\u5b50\u949f\",\"item\":\"https:\/\/www.bdpnt.com\/de\/product-category\/produkte\/zeittreue-primarstandard\/rubidium-atomuhr\/\"},{\"@type\":\"ListItem\",\"position\":6,\"name\":\"TCA55 \u56fd\u4ea7\u5316\u82af\u7247\u7ea7\u539f\u5b50\u949f\"}]},{\"@type\":\"WebSite\",\"@id\":\"https:\/\/www.bdpnt.com\/#website\",\"url\":\"https:\/\/www.bdpnt.com\/\",\"name\":\"\u5317\u6597\u90a6\u6cf0\u5b98\u7f51\",\"description\":\"bdstar time website\",\"publisher\":{\"@id\":\"https:\/\/www.bdpnt.com\/#organization\"},\"alternateName\":\"BDSTAR TIME\",\"potentialAction\":[{\"@type\":\"SearchAction\",\"target\":{\"@type\":\"EntryPoint\",\"urlTemplate\":\"https:\/\/www.bdpnt.com\/?s={search_term_string}\"},\"query-input\":{\"@type\":\"PropertyValueSpecification\",\"valueRequired\":true,\"valueName\":\"search_term_string\"}}],\"inLanguage\":\"de-AT\"},{\"@type\":\"Organization\",\"@id\":\"https:\/\/www.bdpnt.com\/#organization\",\"name\":\"\u5317\u6597\u90a6\u6cf0\u5b98\u7f51\",\"alternateName\":\"BDSTAR TIME\",\"url\":\"https:\/\/www.bdpnt.com\/\",\"logo\":{\"@type\":\"ImageObject\",\"inLanguage\":\"de-AT\",\"@id\":\"https:\/\/www.bdpnt.com\/#\/schema\/logo\/image\/\",\"url\":\"https:\/\/bdpnt.com\/wp-content\/uploads\/2025\/04\/\u5317\u6597\u90a6\u6cf0\u6700\u7ec8logo-\u6700\u7ec8\u7248\u5f69\u8272.png\",\"contentUrl\":\"https:\/\/bdpnt.com\/wp-content\/uploads\/2025\/04\/\u5317\u6597\u90a6\u6cf0\u6700\u7ec8logo-\u6700\u7ec8\u7248\u5f69\u8272.png\",\"width\":234,\"height\":76,\"caption\":\"\u5317\u6597\u90a6\u6cf0\u5b98\u7f51\"},\"image\":{\"@id\":\"https:\/\/www.bdpnt.com\/#\/schema\/logo\/image\/\"}}]}<\/script>\n<!-- \/ Yoast SEO plugin. -->","yoast_head_json":{"title":"TCA55 Domestic Chip Scale Atomic Clock - Beidou Bontemps Official Website","robots":{"index":"index","follow":"follow","max-snippet":"max-snippet:-1","max-image-preview":"max-image-preview:large","max-video-preview":"max-video-preview:-1"},"canonical":"https:\/\/www.bdpnt.com\/de\/product\/tca55-inlandische-produktion-chip-skala-atomuhr\/","og_locale":"de_DE","og_type":"article","og_title":"TCA55 \u56fd\u4ea7\u5316\u82af\u7247\u7ea7\u539f\u5b50\u949f - \u5317\u6597\u90a6\u6cf0\u5b98\u7f51","og_description":"CA55\u662f\u4e00\u6b3e\u56fd\u4ea7\u5316\u82af\u7247\u7ea7\u539f\u5b50\u949f\uff0c\u57fa\u4e8eCPT\u539f\u7406\uff0c\u5177\u5907\u4f4e\u529f\u8017\u3001\u5c0f\u4f53\u79ef\u3001\u5feb\u901f\u542f\u52a8\u7b49\u4f18\u52bf\u3002\u9002\u7528\u4e8e-40\u2103~+85\u2103\u73af\u5883\uff0c\u63d0\u4f9bCMOS\u7535\u5e7310MHz\u548c1PPS\u8f93\u51fa\uff0c\u77ed\u7a33\u4f18\u4e8e3E-10\/1s\uff0c\u5929\u6f02\u4f18\u4e8e3E-11\uff0c\u6708\u8001\u5316\u7387\u5c0f\u4e8e5E-10\u3002\u652f\u63011PPS\u6216\u6a21\u62df\u7535\u538b\u5916\u90e8\u6821\u51c6\uff0c\u9002\u7528\u4e8e\u5bfc\u822a\u3001\u901a\u4fe1\u3001\u65e0\u4eba\u8bbe\u5907\u3001\u6d77\u6d0b\u7269\u63a2\u53ca\u4eea\u5668\u4eea\u8868\u7b49\u573a\u666f\u3002","og_url":"https:\/\/www.bdpnt.com\/de\/product\/tca55-inlandische-produktion-chip-skala-atomuhr\/","og_site_name":"\u5317\u6597\u90a6\u6cf0\u5b98\u7f51","article_modified_time":"2026-03-18T06:36:57+00:00","og_image":[{"width":960,"height":480,"url":"https:\/\/www.bdpnt.com\/wp-content\/uploads\/2025\/07\/TAC55-\u84dd\u8272\u4ea7\u54c1\u80cc\u666f\u6a21\u7248.jpg","type":"image\/jpeg"}],"twitter_card":"summary_large_image","schema":{"@context":"https:\/\/schema.org","@graph":[{"@type":"WebPage","@id":"https:\/\/www.bdpnt.com\/de\/product\/tca55-inlandische-produktion-chip-skala-atomuhr\/","url":"https:\/\/www.bdpnt.com\/de\/product\/tca55-inlandische-produktion-chip-skala-atomuhr\/","name":"TCA55 Domestic Chip Scale Atomic Clock - Beidou Bontemps Official Website","isPartOf":{"@id":"https:\/\/www.bdpnt.com\/#website"},"primaryImageOfPage":{"@id":"https:\/\/www.bdpnt.com\/de\/product\/tca55-inlandische-produktion-chip-skala-atomuhr\/#primaryimage"},"image":{"@id":"https:\/\/www.bdpnt.com\/de\/product\/tca55-inlandische-produktion-chip-skala-atomuhr\/#primaryimage"},"thumbnailUrl":"https:\/\/bdpnt.com\/wp-content\/uploads\/2025\/07\/TAC55-\u84dd\u8272\u4ea7\u54c1\u80cc\u666f\u6a21\u7248.jpg","datePublished":"2025-07-02T13:03:11+00:00","dateModified":"2026-03-18T06:36:57+00:00","breadcrumb":{"@id":"https:\/\/www.bdpnt.com\/de\/product\/tca55-inlandische-produktion-chip-skala-atomuhr\/#breadcrumb"},"inLanguage":"de-AT","potentialAction":[{"@type":"ReadAction","target":["https:\/\/www.bdpnt.com\/de\/product\/tca55-inlandische-produktion-chip-skala-atomuhr\/"]}]},{"@type":"ImageObject","inLanguage":"de-AT","@id":"https:\/\/www.bdpnt.com\/de\/product\/tca55-inlandische-produktion-chip-skala-atomuhr\/#primaryimage","url":"https:\/\/bdpnt.com\/wp-content\/uploads\/2025\/07\/TAC55-\u84dd\u8272\u4ea7\u54c1\u80cc\u666f\u6a21\u7248.jpg","contentUrl":"https:\/\/bdpnt.com\/wp-content\/uploads\/2025\/07\/TAC55-\u84dd\u8272\u4ea7\u54c1\u80cc\u666f\u6a21\u7248.jpg","width":960,"height":480},{"@type":"BreadcrumbList","@id":"https:\/\/www.bdpnt.com\/de\/product\/tca55-inlandische-produktion-chip-skala-atomuhr\/#breadcrumb","itemListElement":[{"@type":"ListItem","position":1,"name":"\u9996\u9875","item":"https:\/\/www.bdpnt.com\/"},{"@type":"ListItem","position":2,"name":"Shop","item":"https:\/\/www.bdpnt.com\/shop\/"},{"@type":"ListItem","position":3,"name":"\u4ea7\u54c1","item":"https:\/\/www.bdpnt.com\/product-category\/products\/"},{"@type":"ListItem","position":4,"name":"\u65f6\u95f4\u4e0e\u9891\u7387\u57fa\u51c6\u8bbe\u5907","item":"https:\/\/www.bdpnt.com\/product-category\/products\/time-trequency-primary-standard\/"},{"@type":"ListItem","position":5,"name":"\u94f7\u539f\u5b50\u949f","item":"https:\/\/www.bdpnt.com\/de\/product-category\/produkte\/zeittreue-primarstandard\/rubidium-atomuhr\/"},{"@type":"ListItem","position":6,"name":"TCA55 \u56fd\u4ea7\u5316\u82af\u7247\u7ea7\u539f\u5b50\u949f"}]},{"@type":"WebSite","@id":"https:\/\/www.bdpnt.com\/#website","url":"https:\/\/www.bdpnt.com\/","name":"Beidoubangtai Offizielle Website","description":"bdstar time website","publisher":{"@id":"https:\/\/www.bdpnt.com\/#organization"},"alternateName":"BDSTAR TIME","potentialAction":[{"@type":"SearchAction","target":{"@type":"EntryPoint","urlTemplate":"https:\/\/www.bdpnt.com\/?s={search_term_string}"},"query-input":{"@type":"PropertyValueSpecification","valueRequired":true,"valueName":"search_term_string"}}],"inLanguage":"de-AT"},{"@type":"Organization","@id":"https:\/\/www.bdpnt.com\/#organization","name":"Beidoubangtai Offizielle Website","alternateName":"BDSTAR TIME","url":"https:\/\/www.bdpnt.com\/","logo":{"@type":"ImageObject","inLanguage":"de-AT","@id":"https:\/\/www.bdpnt.com\/#\/schema\/logo\/image\/","url":"https:\/\/bdpnt.com\/wp-content\/uploads\/2025\/04\/\u5317\u6597\u90a6\u6cf0\u6700\u7ec8logo-\u6700\u7ec8\u7248\u5f69\u8272.png","contentUrl":"https:\/\/bdpnt.com\/wp-content\/uploads\/2025\/04\/\u5317\u6597\u90a6\u6cf0\u6700\u7ec8logo-\u6700\u7ec8\u7248\u5f69\u8272.png","width":234,"height":76,"caption":"\u5317\u6597\u90a6\u6cf0\u5b98\u7f51"},"image":{"@id":"https:\/\/www.bdpnt.com\/#\/schema\/logo\/image\/"}}]}},"_links":{"self":[{"href":"https:\/\/bdpnt.com\/de\/wp-json\/wp\/v2\/product\/3797","targetHints":{"allow":["GET"]}}],"collection":[{"href":"https:\/\/bdpnt.com\/de\/wp-json\/wp\/v2\/product"}],"about":[{"href":"https:\/\/bdpnt.com\/de\/wp-json\/wp\/v2\/types\/product"}],"version-history":[{"count":6,"href":"https:\/\/bdpnt.com\/de\/wp-json\/wp\/v2\/product\/3797\/revisions"}],"predecessor-version":[{"id":3922,"href":"https:\/\/bdpnt.com\/de\/wp-json\/wp\/v2\/product\/3797\/revisions\/3922"}],"wp:featuredmedia":[{"embeddable":true,"href":"https:\/\/bdpnt.com\/de\/wp-json\/wp\/v2\/media\/3938"}],"wp:attachment":[{"href":"https:\/\/bdpnt.com\/de\/wp-json\/wp\/v2\/media?parent=3797"}],"wp:term":[{"taxonomy":"product_brand","embeddable":true,"href":"https:\/\/bdpnt.com\/de\/wp-json\/wp\/v2\/product_brand?post=3797"},{"taxonomy":"product_cat","embeddable":true,"href":"https:\/\/bdpnt.com\/de\/wp-json\/wp\/v2\/product_cat?post=3797"},{"taxonomy":"product_tag","embeddable":true,"href":"https:\/\/bdpnt.com\/de\/wp-json\/wp\/v2\/product_tag?post=3797"}],"curies":[{"name":"wp","href":"https:\/\/api.w.org\/{rel}","templated":true}]}}