{"id":3053,"date":"2025-06-18T15:25:33","date_gmt":"2025-06-18T07:25:33","guid":{"rendered":"https:\/\/bdstarpnt.com\/?post_type=product&#038;p=3053"},"modified":"2026-03-26T13:48:04","modified_gmt":"2026-03-26T05:48:04","slug":"t840carrier-grade-clock-server","status":"publish","type":"product","link":"https:\/\/bdpnt.com\/de\/product\/t840carrier-grade-clock-server\/","title":{"rendered":"T840 Carrier Grade Clock Server"},"content":{"rendered":"","protected":false},"excerpt":{"rendered":"<p>Telekommunikationsnetze der n\u00e4chsten Generation und kritische Infrastrukturen erfordern eine h\u00f6here Genauigkeit, Stabilit\u00e4t und Skalierbarkeit f\u00fcr die Zeitsynchronisation. t840 ist eine erweiterte Hauptuhr in Carrier-Qualit\u00e4t, die ePRTC-, PRTC-, SSU- und IEEE 1588v2-Hauptuhrfunktionen integriert und PTP, NTP, SyncE sowie eine Vielzahl von Schnittstellenprotokollen unterst\u00fctzt. t840 ist modular aufgebaut, verf\u00fcgt \u00fcber synchrone \u00dcberwachungs- und Anti-St\u00f6rungsfunktionen und kann bei der Entwicklung von herk\u00f6mmlichen zu IP-Netzen flexibel als zuverl\u00e4ssige Timing-Plattform eingesetzt werden. Durch das modulare Design, die synchrone \u00dcberwachung und die Anti-St\u00f6rungs-F\u00e4higkeit kann T840 flexibel im Kernnetz, in der Aggregationsschicht oder in Edge-Knoten eingesetzt werden und wird so zu einer zuverl\u00e4ssigen Timing-Plattform in der Entwicklung von traditionellen zu IP-Netzen.<\/p>","protected":false},"featured_media":3063,"template":"","meta":{"_acf_changed":false,"site-sidebar-layout":"no-sidebar","site-content-layout":"","ast-site-content-layout":"full-width-container","site-content-style":"default","site-sidebar-style":"default","ast-global-header-display":"","ast-banner-title-visibility":"","ast-main-header-display":"","ast-hfb-above-header-display":"","ast-hfb-below-header-display":"","ast-hfb-mobile-header-display":"","site-post-title":"disabled","ast-breadcrumbs-content":"","ast-featured-img":"disabled","footer-sml-layout":"","theme-transparent-header-meta":"default","adv-header-id-meta":"","stick-header-meta":"default","header-above-stick-meta":"","header-main-stick-meta":"","header-below-stick-meta":"","astra-migrate-meta-layouts":"set","ast-page-background-enabled":"default","ast-page-background-meta":{"desktop":{"background-color":"var(--ast-global-color-4)","background-image":"","background-repeat":"repeat","background-position":"center center","background-size":"auto","background-attachment":"scroll","background-type":"","background-media":"","overlay-type":"","overlay-color":"","overlay-opacity":"","overlay-gradient":""},"tablet":{"background-color":"","background-image":"","background-repeat":"repeat","background-position":"center center","background-size":"auto","background-attachment":"scroll","background-type":"","background-media":"","overlay-type":"","overlay-color":"","overlay-opacity":"","overlay-gradient":""},"mobile":{"background-color":"","background-image":"","background-repeat":"repeat","background-position":"center center","background-size":"auto","background-attachment":"scroll","background-type":"","background-media":"","overlay-type":"","overlay-color":"","overlay-opacity":"","overlay-gradient":""}},"ast-content-background-meta":{"desktop":{"background-color":"var(--ast-global-color-5)","background-image":"","background-repeat":"repeat","background-position":"center center","background-size":"auto","background-attachment":"scroll","background-type":"","background-media":"","overlay-type":"","overlay-color":"","overlay-opacity":"","overlay-gradient":""},"tablet":{"background-color":"var(--ast-global-color-5)","background-image":"","background-repeat":"repeat","background-position":"center center","background-size":"auto","background-attachment":"scroll","background-type":"","background-media":"","overlay-type":"","overlay-color":"","overlay-opacity":"","overlay-gradient":""},"mobile":{"background-color":"var(--ast-global-color-5)","background-image":"","background-repeat":"repeat","background-position":"center center","background-size":"auto","background-attachment":"scroll","background-type":"","background-media":"","overlay-type":"","overlay-color":"","overlay-opacity":"","overlay-gradient":""}}},"product_brand":[],"product_cat":[44],"product_tag":[],"class_list":{"0":"post-3053","1":"product","2":"type-product","3":"status-publish","4":"has-post-thumbnail","6":"product_cat-ieee-1588-ptp-grandmasters","7":"pa_--bonding","8":"pa_--g-8275-1telecom--profile","9":"pa_--g-8275-2telecom--profile","10":"pa_--gnssgps-beidou-galileo-glonass","11":"pa_--iec-ieee-61850-9-3-profile","12":"pa_--irig-b","13":"pa_--md5-sha","14":"pa_--ntp-v4rfc-5905","15":"pa_--pps-todnmea-0183","16":"pa_--prtc-eprtcg-8272-g-8272-1","17":"pa_--ptpieee-1588-v2-v2-1","18":"pa_--ssh","19":"pa_--synceitu-t-g-8262-ssm-esmc","20":"pa_--tls-https","21":"pa_--tsn-gptpieee-802-1as-2020","22":"pa_--web-snmp-syslog","23":"pa_--262","24":"pa_-197","25":"pa_-196","26":"pa_-198","27":"pa_-199","28":"pa_-181","29":"pa_----2u","30":"pa_--0-c--70-c","31":"pa_--40c--85c","32":"pa_-medical","33":"pa_-industrial-automation","34":"pa_-data-center-and-computing","35":"pa_-intelligent-transportation","36":"pa_-power-and-energy","37":"pa_-military-aviation","38":"pa_-metrology-and-testing","39":"pa_-communications-infrastructure","40":"pa_-financial-transactions","41":"pa_-ntp","42":"pa_-ptpv2-1","43":"pa_--10us24h","44":"pa_--1us24h","45":"pa_--30ns24h","46":"pa_-jamming-and-deception-detection","47":"pa_-anti-interference-deception","48":"pa_---155dbc-hz1khz","49":"pa_-227","50":"pa_-1-ppsttl-rs-422","51":"pa_-10mhz-sine-wave-square-wave-output","52":"pa_-100-mhz","53":"pa_-2-048-mhz-e1","54":"pa_-5-mhz","55":"pa_-irig-bdcls-am","56":"pa_-rj451g","57":"pa_-sfp1g","58":"pa_-sfp-10g","59":"pa_-todrs-232-nmea","60":"pa_-ac-220v","61":"pa_-ac-220v-","62":"pa_-dc-48v","63":"pa_-dc-48v-","64":"desktop-align-left","65":"tablet-align-left","66":"mobile-align-left","67":"ast-product-gallery-layout-first-image-large","68":"ast-product-gallery-with-no-image","69":"ast-product-tabs-layout-horizontal","71":"first","72":"instock","73":"shipping-taxable","74":"product-type-simple"},"acf":[],"yoast_head":"<!-- This site is optimized with the Yoast SEO plugin v26.0 - https:\/\/yoast.com\/wordpress\/plugins\/seo\/ -->\n<title>T840\u7535\u4fe1\u7ea7\u65f6\u949f\u670d\u52a1\u5668 - \u5317\u6597\u90a6\u6cf0\u5b98\u7f51<\/title>\n<meta name=\"robots\" content=\"index, follow, max-snippet:-1, max-image-preview:large, max-video-preview:-1\" \/>\n<link rel=\"canonical\" href=\"https:\/\/www.bdpnt.com\/product\/t840carrier-grade-clock-server\/\" \/>\n<meta property=\"og:locale\" content=\"de_DE\" \/>\n<meta property=\"og:type\" content=\"article\" \/>\n<meta property=\"og:title\" content=\"T840\u7535\u4fe1\u7ea7\u65f6\u949f\u670d\u52a1\u5668 - \u5317\u6597\u90a6\u6cf0\u5b98\u7f51\" \/>\n<meta property=\"og:description\" content=\"\u65b0\u4e00\u4ee3\u7535\u4fe1\u7f51\u7edc\u548c\u5173\u952e\u57fa\u7840\u8bbe\u65bd\u5bf9\u65f6\u95f4\u540c\u6b65\u63d0\u51fa\u4e86\u66f4\u9ad8\u7cbe\u5ea6\u3001\u7a33\u5b9a\u6027\u4e0e\u53ef\u6269\u5c55\u6027\u8981\u6c42\u3002T840 \u662f\u4e00\u6b3e\u7535\u4fe1\u7ea7\u589e\u5f3a\u578b\u4e3b\u65f6\u949f\uff0c\u878d\u5408 ePRTC\u3001PRTC\u3001SSU \u548c IEEE 1588v2 \u4e3b\u65f6\u949f\u529f\u80fd\uff0c\u652f\u6301 PTP\u3001NTP\u3001SyncE \u53ca\u591a\u79cd\u63a5\u53e3\u534f\u8bae\u3002T840 \u91c7\u7528\u6a21\u5757\u5316\u8bbe\u8ba1\uff0c\u5177\u5907\u540c\u6b65\u76d1\u6d4b\u4e0e\u9632\u5e72\u6270\u80fd\u529b\uff0c\u53ef\u7075\u6d3b\u90e8\u7f72\u4e8e\u6838\u5fc3\u7f51\u7edc\u3001\u6c47\u805a\u5c42\u6216\u8fb9\u7f18\u8282\u70b9\uff0c\u6210\u4e3a\u4f20\u7edf\u5230 IP \u7f51\u7edc\u6f14\u8fdb\u4e2d\u503c\u5f97\u4fe1\u8d56\u7684\u6388\u65f6\u5e73\u53f0\u3002\" \/>\n<meta property=\"og:url\" content=\"https:\/\/www.bdpnt.com\/product\/t840carrier-grade-clock-server\/\" \/>\n<meta property=\"og:site_name\" content=\"\u5317\u6597\u90a6\u6cf0\u5b98\u7f51\" \/>\n<meta property=\"article:modified_time\" content=\"2026-03-26T05:48:04+00:00\" \/>\n<meta property=\"og:image\" content=\"https:\/\/www.bdpnt.com\/wp-content\/uploads\/2025\/06\/T840-\u84dd\u8272\u4ea7\u54c1\u80cc\u666f\u6a21\u7248.png\" \/>\n\t<meta property=\"og:image:width\" content=\"960\" \/>\n\t<meta property=\"og:image:height\" content=\"480\" \/>\n\t<meta property=\"og:image:type\" content=\"image\/png\" \/>\n<meta name=\"twitter:card\" content=\"summary_large_image\" \/>\n<meta name=\"twitter:label1\" content=\"Gesch\u00e4tzte Lesezeit\" \/>\n\t<meta name=\"twitter:data1\" content=\"1 Minute\" \/>\n<script type=\"application\/ld+json\" class=\"yoast-schema-graph\">{\"@context\":\"https:\/\/schema.org\",\"@graph\":[{\"@type\":\"WebPage\",\"@id\":\"https:\/\/www.bdpnt.com\/product\/t840carrier-grade-clock-server\/\",\"url\":\"https:\/\/www.bdpnt.com\/product\/t840carrier-grade-clock-server\/\",\"name\":\"T840\u7535\u4fe1\u7ea7\u65f6\u949f\u670d\u52a1\u5668 - \u5317\u6597\u90a6\u6cf0\u5b98\u7f51\",\"isPartOf\":{\"@id\":\"https:\/\/www.bdpnt.com\/fr\/#website\"},\"primaryImageOfPage\":{\"@id\":\"https:\/\/www.bdpnt.com\/product\/t840carrier-grade-clock-server\/#primaryimage\"},\"image\":{\"@id\":\"https:\/\/www.bdpnt.com\/product\/t840carrier-grade-clock-server\/#primaryimage\"},\"thumbnailUrl\":\"https:\/\/bdpnt.com\/wp-content\/uploads\/2025\/06\/T840-\u84dd\u8272\u4ea7\u54c1\u80cc\u666f\u6a21\u7248.png\",\"datePublished\":\"2025-06-18T07:25:33+00:00\",\"dateModified\":\"2026-03-26T05:48:04+00:00\",\"breadcrumb\":{\"@id\":\"https:\/\/www.bdpnt.com\/product\/t840carrier-grade-clock-server\/#breadcrumb\"},\"inLanguage\":\"de-AT\",\"potentialAction\":[{\"@type\":\"ReadAction\",\"target\":[\"https:\/\/www.bdpnt.com\/product\/t840carrier-grade-clock-server\/\"]}]},{\"@type\":\"ImageObject\",\"inLanguage\":\"de-AT\",\"@id\":\"https:\/\/www.bdpnt.com\/product\/t840carrier-grade-clock-server\/#primaryimage\",\"url\":\"https:\/\/bdpnt.com\/wp-content\/uploads\/2025\/06\/T840-\u84dd\u8272\u4ea7\u54c1\u80cc\u666f\u6a21\u7248.png\",\"contentUrl\":\"https:\/\/bdpnt.com\/wp-content\/uploads\/2025\/06\/T840-\u84dd\u8272\u4ea7\u54c1\u80cc\u666f\u6a21\u7248.png\",\"width\":960,\"height\":480},{\"@type\":\"BreadcrumbList\",\"@id\":\"https:\/\/www.bdpnt.com\/product\/t840carrier-grade-clock-server\/#breadcrumb\",\"itemListElement\":[{\"@type\":\"ListItem\",\"position\":1,\"name\":\"\u9996\u9875\",\"item\":\"https:\/\/bdpnt.com\/ru\/\"},{\"@type\":\"ListItem\",\"position\":2,\"name\":\"Shop\",\"item\":\"https:\/\/bdpnt.com\/ru\/%d0%bc%d0%b0%d0%b3%d0%b0%d0%b7%d0%b8%d0%bd\/\"},{\"@type\":\"ListItem\",\"position\":3,\"name\":\"\u4ea7\u54c1\",\"item\":\"https:\/\/bdpnt.com\/ru\/product-category\/%d0%bf%d1%80%d0%be%d0%b4%d1%83%d0%ba%d1%86%d0%b8%d1%8f\/\"},{\"@type\":\"ListItem\",\"position\":4,\"name\":\"IEEE1588 PTP \u4e3b\u65f6\u949f\",\"item\":\"https:\/\/www.bdpnt.com\/product-category\/products\/ieee-1588-ptp-grandmasters\/\"},{\"@type\":\"ListItem\",\"position\":5,\"name\":\"T840\u7535\u4fe1\u7ea7\u65f6\u949f\u670d\u52a1\u5668\"}]},{\"@type\":\"WebSite\",\"@id\":\"https:\/\/www.bdpnt.com\/fr\/#website\",\"url\":\"https:\/\/www.bdpnt.com\/fr\/\",\"name\":\"\u5317\u6597\u90a6\u6cf0\u5b98\u7f51\",\"description\":\"bdstar time website\",\"publisher\":{\"@id\":\"https:\/\/www.bdpnt.com\/fr\/#organization\"},\"alternateName\":\"BDSTAR TIME\",\"potentialAction\":[{\"@type\":\"SearchAction\",\"target\":{\"@type\":\"EntryPoint\",\"urlTemplate\":\"https:\/\/www.bdpnt.com\/fr\/?s={search_term_string}\"},\"query-input\":{\"@type\":\"PropertyValueSpecification\",\"valueRequired\":true,\"valueName\":\"search_term_string\"}}],\"inLanguage\":\"de-AT\"},{\"@type\":\"Organization\",\"@id\":\"https:\/\/www.bdpnt.com\/fr\/#organization\",\"name\":\"\u5317\u6597\u90a6\u6cf0\u5b98\u7f51\",\"alternateName\":\"BDSTAR TIME\",\"url\":\"https:\/\/www.bdpnt.com\/fr\/\",\"logo\":{\"@type\":\"ImageObject\",\"inLanguage\":\"de-AT\",\"@id\":\"https:\/\/www.bdpnt.com\/fr\/#\/schema\/logo\/image\/\",\"url\":\"https:\/\/bdpnt.com\/wp-content\/uploads\/2025\/04\/\u5317\u6597\u90a6\u6cf0\u6700\u7ec8logo-\u6700\u7ec8\u7248\u5f69\u8272.png\",\"contentUrl\":\"https:\/\/bdpnt.com\/wp-content\/uploads\/2025\/04\/\u5317\u6597\u90a6\u6cf0\u6700\u7ec8logo-\u6700\u7ec8\u7248\u5f69\u8272.png\",\"width\":234,\"height\":76,\"caption\":\"\u5317\u6597\u90a6\u6cf0\u5b98\u7f51\"},\"image\":{\"@id\":\"https:\/\/www.bdpnt.com\/fr\/#\/schema\/logo\/image\/\"}}]}<\/script>\n<!-- \/ Yoast SEO plugin. -->","yoast_head_json":{"title":"T840 Telecom Grade Clock Server - Beidou Bangtai Official Website","robots":{"index":"index","follow":"follow","max-snippet":"max-snippet:-1","max-image-preview":"max-image-preview:large","max-video-preview":"max-video-preview:-1"},"canonical":"https:\/\/www.bdpnt.com\/product\/t840carrier-grade-clock-server\/","og_locale":"de_DE","og_type":"article","og_title":"T840\u7535\u4fe1\u7ea7\u65f6\u949f\u670d\u52a1\u5668 - \u5317\u6597\u90a6\u6cf0\u5b98\u7f51","og_description":"\u65b0\u4e00\u4ee3\u7535\u4fe1\u7f51\u7edc\u548c\u5173\u952e\u57fa\u7840\u8bbe\u65bd\u5bf9\u65f6\u95f4\u540c\u6b65\u63d0\u51fa\u4e86\u66f4\u9ad8\u7cbe\u5ea6\u3001\u7a33\u5b9a\u6027\u4e0e\u53ef\u6269\u5c55\u6027\u8981\u6c42\u3002T840 \u662f\u4e00\u6b3e\u7535\u4fe1\u7ea7\u589e\u5f3a\u578b\u4e3b\u65f6\u949f\uff0c\u878d\u5408 ePRTC\u3001PRTC\u3001SSU \u548c IEEE 1588v2 \u4e3b\u65f6\u949f\u529f\u80fd\uff0c\u652f\u6301 PTP\u3001NTP\u3001SyncE \u53ca\u591a\u79cd\u63a5\u53e3\u534f\u8bae\u3002T840 \u91c7\u7528\u6a21\u5757\u5316\u8bbe\u8ba1\uff0c\u5177\u5907\u540c\u6b65\u76d1\u6d4b\u4e0e\u9632\u5e72\u6270\u80fd\u529b\uff0c\u53ef\u7075\u6d3b\u90e8\u7f72\u4e8e\u6838\u5fc3\u7f51\u7edc\u3001\u6c47\u805a\u5c42\u6216\u8fb9\u7f18\u8282\u70b9\uff0c\u6210\u4e3a\u4f20\u7edf\u5230 IP \u7f51\u7edc\u6f14\u8fdb\u4e2d\u503c\u5f97\u4fe1\u8d56\u7684\u6388\u65f6\u5e73\u53f0\u3002","og_url":"https:\/\/www.bdpnt.com\/product\/t840carrier-grade-clock-server\/","og_site_name":"\u5317\u6597\u90a6\u6cf0\u5b98\u7f51","article_modified_time":"2026-03-26T05:48:04+00:00","og_image":[{"width":960,"height":480,"url":"https:\/\/www.bdpnt.com\/wp-content\/uploads\/2025\/06\/T840-\u84dd\u8272\u4ea7\u54c1\u80cc\u666f\u6a21\u7248.png","type":"image\/png"}],"twitter_card":"summary_large_image","twitter_misc":{"Gesch\u00e4tzte Lesezeit":"1 Minute"},"schema":{"@context":"https:\/\/schema.org","@graph":[{"@type":"WebPage","@id":"https:\/\/www.bdpnt.com\/product\/t840carrier-grade-clock-server\/","url":"https:\/\/www.bdpnt.com\/product\/t840carrier-grade-clock-server\/","name":"T840 Telecom Grade Clock Server - Beidou Bangtai Official Website","isPartOf":{"@id":"https:\/\/www.bdpnt.com\/fr\/#website"},"primaryImageOfPage":{"@id":"https:\/\/www.bdpnt.com\/product\/t840carrier-grade-clock-server\/#primaryimage"},"image":{"@id":"https:\/\/www.bdpnt.com\/product\/t840carrier-grade-clock-server\/#primaryimage"},"thumbnailUrl":"https:\/\/bdpnt.com\/wp-content\/uploads\/2025\/06\/T840-\u84dd\u8272\u4ea7\u54c1\u80cc\u666f\u6a21\u7248.png","datePublished":"2025-06-18T07:25:33+00:00","dateModified":"2026-03-26T05:48:04+00:00","breadcrumb":{"@id":"https:\/\/www.bdpnt.com\/product\/t840carrier-grade-clock-server\/#breadcrumb"},"inLanguage":"de-AT","potentialAction":[{"@type":"ReadAction","target":["https:\/\/www.bdpnt.com\/product\/t840carrier-grade-clock-server\/"]}]},{"@type":"ImageObject","inLanguage":"de-AT","@id":"https:\/\/www.bdpnt.com\/product\/t840carrier-grade-clock-server\/#primaryimage","url":"https:\/\/bdpnt.com\/wp-content\/uploads\/2025\/06\/T840-\u84dd\u8272\u4ea7\u54c1\u80cc\u666f\u6a21\u7248.png","contentUrl":"https:\/\/bdpnt.com\/wp-content\/uploads\/2025\/06\/T840-\u84dd\u8272\u4ea7\u54c1\u80cc\u666f\u6a21\u7248.png","width":960,"height":480},{"@type":"BreadcrumbList","@id":"https:\/\/www.bdpnt.com\/product\/t840carrier-grade-clock-server\/#breadcrumb","itemListElement":[{"@type":"ListItem","position":1,"name":"\u9996\u9875","item":"https:\/\/bdpnt.com\/ru\/"},{"@type":"ListItem","position":2,"name":"Shop","item":"https:\/\/bdpnt.com\/ru\/%d0%bc%d0%b0%d0%b3%d0%b0%d0%b7%d0%b8%d0%bd\/"},{"@type":"ListItem","position":3,"name":"\u4ea7\u54c1","item":"https:\/\/bdpnt.com\/ru\/product-category\/%d0%bf%d1%80%d0%be%d0%b4%d1%83%d0%ba%d1%86%d0%b8%d1%8f\/"},{"@type":"ListItem","position":4,"name":"IEEE1588 PTP \u4e3b\u65f6\u949f","item":"https:\/\/www.bdpnt.com\/product-category\/products\/ieee-1588-ptp-grandmasters\/"},{"@type":"ListItem","position":5,"name":"T840\u7535\u4fe1\u7ea7\u65f6\u949f\u670d\u52a1\u5668"}]},{"@type":"WebSite","@id":"https:\/\/www.bdpnt.com\/fr\/#website","url":"https:\/\/www.bdpnt.com\/fr\/","name":"Beidoubangtai Offizielle Website","description":"bdstar time website","publisher":{"@id":"https:\/\/www.bdpnt.com\/fr\/#organization"},"alternateName":"BDSTAR TIME","potentialAction":[{"@type":"SearchAction","target":{"@type":"EntryPoint","urlTemplate":"https:\/\/www.bdpnt.com\/fr\/?s={search_term_string}"},"query-input":{"@type":"PropertyValueSpecification","valueRequired":true,"valueName":"search_term_string"}}],"inLanguage":"de-AT"},{"@type":"Organization","@id":"https:\/\/www.bdpnt.com\/fr\/#organization","name":"Beidoubangtai Offizielle Website","alternateName":"BDSTAR TIME","url":"https:\/\/www.bdpnt.com\/fr\/","logo":{"@type":"ImageObject","inLanguage":"de-AT","@id":"https:\/\/www.bdpnt.com\/fr\/#\/schema\/logo\/image\/","url":"https:\/\/bdpnt.com\/wp-content\/uploads\/2025\/04\/\u5317\u6597\u90a6\u6cf0\u6700\u7ec8logo-\u6700\u7ec8\u7248\u5f69\u8272.png","contentUrl":"https:\/\/bdpnt.com\/wp-content\/uploads\/2025\/04\/\u5317\u6597\u90a6\u6cf0\u6700\u7ec8logo-\u6700\u7ec8\u7248\u5f69\u8272.png","width":234,"height":76,"caption":"\u5317\u6597\u90a6\u6cf0\u5b98\u7f51"},"image":{"@id":"https:\/\/www.bdpnt.com\/fr\/#\/schema\/logo\/image\/"}}]}},"_links":{"self":[{"href":"https:\/\/bdpnt.com\/de\/wp-json\/wp\/v2\/product\/3053","targetHints":{"allow":["GET"]}}],"collection":[{"href":"https:\/\/bdpnt.com\/de\/wp-json\/wp\/v2\/product"}],"about":[{"href":"https:\/\/bdpnt.com\/de\/wp-json\/wp\/v2\/types\/product"}],"version-history":[{"count":24,"href":"https:\/\/bdpnt.com\/de\/wp-json\/wp\/v2\/product\/3053\/revisions"}],"predecessor-version":[{"id":18732,"href":"https:\/\/bdpnt.com\/de\/wp-json\/wp\/v2\/product\/3053\/revisions\/18732"}],"wp:featuredmedia":[{"embeddable":true,"href":"https:\/\/bdpnt.com\/de\/wp-json\/wp\/v2\/media\/3063"}],"wp:attachment":[{"href":"https:\/\/bdpnt.com\/de\/wp-json\/wp\/v2\/media?parent=3053"}],"wp:term":[{"taxonomy":"product_brand","embeddable":true,"href":"https:\/\/bdpnt.com\/de\/wp-json\/wp\/v2\/product_brand?post=3053"},{"taxonomy":"product_cat","embeddable":true,"href":"https:\/\/bdpnt.com\/de\/wp-json\/wp\/v2\/product_cat?post=3053"},{"taxonomy":"product_tag","embeddable":true,"href":"https:\/\/bdpnt.com\/de\/wp-json\/wp\/v2\/product_tag?post=3053"}],"curies":[{"name":"wp","href":"https:\/\/api.w.org\/{rel}","templated":true}]}}